{"id":6297,"date":"2018-06-27T04:12:58","date_gmt":"2018-06-27T04:12:58","guid":{"rendered":"http:\/\/www.msds-europe.com\/?page_id=6297"},"modified":"2018-06-27T04:12:58","modified_gmt":"2018-06-27T04:12:58","slug":"upravljanje-z-id-ji-anonimnih-obiskovalcev-piskotki","status":"publish","type":"page","link":"https:\/\/www.msds-europe.com\/sl\/upravljanje-z-id-ji-anonimnih-obiskovalcev-piskotki\/","title":{"rendered":"Upravljanje z ID-ji anonimnih obiskovalcev (pi\u0161kotki)"},"content":{"rendered":"<p>ID anonimnega obiskovalca (pi\u0161kotek) je edinstveno zaporedje znakov, ki jih lahko uporabljate za identifikacijo in shranjevanje informacij o profilu, ki jih ponudniki namestijo na ra\u010dunalnik obiskovalcev. Upo\u0161tevajte, da celoten naslov IP ni shranjen med uporabo, zato tak\u0161no zaporedje znakov samo po sebi ne more na noben na\u010din identificirati obiskovalca in omogo\u010da zgolj prepoznavanje ra\u010dunalnika obiskovalca.<\/p>\n<p>ToxInfo Kft. upravlja z anonimnimi ID-ji za pridobivanje ve\u010djega vpogleda v na\u010din uporabe informacij svojih obiskovalcev z namenom izbolj\u0161anja kakovosti svojih storitev in strankam, ki obi\u0161\u010dejo spletno stran, prikazati po meri oblikovane strani in oglase. ID-ji anonimnih obiskovalcev niso povezani z osebno podatkovno bazo; bodo pa anonimizirani ID-ji, ki se ustvarijo ob obisku katerekoli spletne strani v portfejlu ToxInfo Kft. ter katerekoli pogodbene tretje strani, uporabljeni za izbolj\u0161ane kakovosti storitev.<\/p>\n","protected":false},"excerpt":{"rendered":"<p>ID anonimnega obiskovalca (pi\u0161kotek) je edinstveno zaporedje znakov, ki jih lahko uporabljate za identifikacijo in shranjevanje informacij o profilu, ki jih ponudniki namestijo na ra\u010dunalnik obiskovalcev. Upo\u0161tevajte, da celoten naslov IP ni shranjen med uporabo, zato tak\u0161no zaporedje znakov samo po sebi ne more na noben na\u010din identificirati obiskovalca in&#8230;<\/p>\n","protected":false},"author":1,"featured_media":0,"parent":0,"menu_order":0,"comment_status":"closed","ping_status":"closed","template":"","meta":{"_acf_changed":false,"footnotes":""},"tags":[],"class_list":["post-6297","page","type-page","status-publish","hentry"],"acf":[],"yoast_head":"<!-- This site is optimized with the Yoast SEO plugin v27.2 - https:\/\/yoast.com\/product\/yoast-seo-wordpress\/ -->\n<title>Upravljanje z ID-ji anonimnih obiskovalcev (pi\u0161kotki) - MSDS Europe<\/title>\n<meta name=\"robots\" content=\"index, follow, max-snippet:-1, max-image-preview:large, max-video-preview:-1\" \/>\n<link rel=\"canonical\" href=\"https:\/\/www.msds-europe.com\/sl\/upravljanje-z-id-ji-anonimnih-obiskovalcev-piskotki\/\" \/>\n<meta property=\"og:locale\" content=\"sl_SI\" \/>\n<meta property=\"og:type\" content=\"article\" \/>\n<meta property=\"og:title\" content=\"Upravljanje z ID-ji anonimnih obiskovalcev (pi\u0161kotki) - MSDS Europe\" \/>\n<meta property=\"og:description\" content=\"ID anonimnega obiskovalca (pi\u0161kotek) je edinstveno zaporedje znakov, ki jih lahko uporabljate za identifikacijo in shranjevanje informacij o profilu, ki jih ponudniki namestijo na ra\u010dunalnik obiskovalcev. Upo\u0161tevajte, da celoten naslov IP ni shranjen med uporabo, zato tak\u0161no zaporedje znakov samo po sebi ne more na noben na\u010din identificirati obiskovalca in...\" \/>\n<meta property=\"og:url\" content=\"https:\/\/www.msds-europe.com\/sl\/upravljanje-z-id-ji-anonimnih-obiskovalcev-piskotki\/\" \/>\n<meta property=\"og:site_name\" content=\"MSDS Europe\" \/>\n<meta property=\"article:publisher\" content=\"https:\/\/www.facebook.com\/toxinfokft\/\" \/>\n<meta name=\"twitter:card\" content=\"summary_large_image\" \/>\n<meta name=\"twitter:site\" content=\"@ToxInfoKft\" \/>\n<meta name=\"twitter:label1\" content=\"Est. reading time\" \/>\n\t<meta name=\"twitter:data1\" content=\"1 minuta\" \/>\n<script type=\"application\/ld+json\" class=\"yoast-schema-graph\">{\"@context\":\"https:\/\/schema.org\",\"@graph\":[{\"@type\":\"WebPage\",\"@id\":\"https:\/\/www.msds-europe.com\/sl\/upravljanje-z-id-ji-anonimnih-obiskovalcev-piskotki\/\",\"url\":\"https:\/\/www.msds-europe.com\/sl\/upravljanje-z-id-ji-anonimnih-obiskovalcev-piskotki\/\",\"name\":\"Upravljanje z ID-ji anonimnih obiskovalcev (pi\u0161kotki) - MSDS Europe\",\"isPartOf\":{\"@id\":\"https:\/\/www.msds-europe.com\/es\/#website\"},\"datePublished\":\"2018-06-27T04:12:58+00:00\",\"breadcrumb\":{\"@id\":\"https:\/\/www.msds-europe.com\/sl\/upravljanje-z-id-ji-anonimnih-obiskovalcev-piskotki\/#breadcrumb\"},\"inLanguage\":\"sl-SI\",\"potentialAction\":[{\"@type\":\"ReadAction\",\"target\":[\"https:\/\/www.msds-europe.com\/sl\/upravljanje-z-id-ji-anonimnih-obiskovalcev-piskotki\/\"]}]},{\"@type\":\"BreadcrumbList\",\"@id\":\"https:\/\/www.msds-europe.com\/sl\/upravljanje-z-id-ji-anonimnih-obiskovalcev-piskotki\/#breadcrumb\",\"itemListElement\":[{\"@type\":\"ListItem\",\"position\":1,\"name\":\"F\u0151oldal\",\"item\":\"https:\/\/www.msds-europe.com\/sl\/\"},{\"@type\":\"ListItem\",\"position\":2,\"name\":\"Upravljanje z ID-ji anonimnih obiskovalcev (pi\u0161kotki)\"}]},{\"@type\":\"WebSite\",\"@id\":\"https:\/\/www.msds-europe.com\/es\/#website\",\"url\":\"https:\/\/www.msds-europe.com\/es\/\",\"name\":\"MSDS Europe\",\"description\":\"\",\"publisher\":{\"@id\":\"https:\/\/www.msds-europe.com\/es\/#organization\"},\"potentialAction\":[{\"@type\":\"SearchAction\",\"target\":{\"@type\":\"EntryPoint\",\"urlTemplate\":\"https:\/\/www.msds-europe.com\/es\/?s={search_term_string}\"},\"query-input\":{\"@type\":\"PropertyValueSpecification\",\"valueRequired\":true,\"valueName\":\"search_term_string\"}}],\"inLanguage\":\"sl-SI\"},{\"@type\":\"Organization\",\"@id\":\"https:\/\/www.msds-europe.com\/es\/#organization\",\"name\":\"MSDS-Europe International branch of ToxInfo\",\"url\":\"https:\/\/www.msds-europe.com\/es\/\",\"logo\":{\"@type\":\"ImageObject\",\"inLanguage\":\"sl-SI\",\"@id\":\"https:\/\/www.msds-europe.com\/es\/#\/schema\/logo\/image\/\",\"url\":\"https:\/\/www.msds-europe.com\/wp-content\/uploads\/2021\/04\/msds-europe-logo.jpg\",\"contentUrl\":\"https:\/\/www.msds-europe.com\/wp-content\/uploads\/2021\/04\/msds-europe-logo.jpg\",\"width\":2296,\"height\":1067,\"caption\":\"MSDS-Europe International branch of ToxInfo\"},\"image\":{\"@id\":\"https:\/\/www.msds-europe.com\/es\/#\/schema\/logo\/image\/\"},\"sameAs\":[\"https:\/\/www.facebook.com\/toxinfokft\/\",\"https:\/\/x.com\/ToxInfoKft\"]}]}<\/script>\n<!-- \/ Yoast SEO plugin. -->","yoast_head_json":{"title":"Upravljanje z ID-ji anonimnih obiskovalcev (pi\u0161kotki) - MSDS Europe","robots":{"index":"index","follow":"follow","max-snippet":"max-snippet:-1","max-image-preview":"max-image-preview:large","max-video-preview":"max-video-preview:-1"},"canonical":"https:\/\/www.msds-europe.com\/sl\/upravljanje-z-id-ji-anonimnih-obiskovalcev-piskotki\/","og_locale":"sl_SI","og_type":"article","og_title":"Upravljanje z ID-ji anonimnih obiskovalcev (pi\u0161kotki) - MSDS Europe","og_description":"ID anonimnega obiskovalca (pi\u0161kotek) je edinstveno zaporedje znakov, ki jih lahko uporabljate za identifikacijo in shranjevanje informacij o profilu, ki jih ponudniki namestijo na ra\u010dunalnik obiskovalcev. Upo\u0161tevajte, da celoten naslov IP ni shranjen med uporabo, zato tak\u0161no zaporedje znakov samo po sebi ne more na noben na\u010din identificirati obiskovalca in...","og_url":"https:\/\/www.msds-europe.com\/sl\/upravljanje-z-id-ji-anonimnih-obiskovalcev-piskotki\/","og_site_name":"MSDS Europe","article_publisher":"https:\/\/www.facebook.com\/toxinfokft\/","twitter_card":"summary_large_image","twitter_site":"@ToxInfoKft","twitter_misc":{"Est. reading time":"1 minuta"},"schema":{"@context":"https:\/\/schema.org","@graph":[{"@type":"WebPage","@id":"https:\/\/www.msds-europe.com\/sl\/upravljanje-z-id-ji-anonimnih-obiskovalcev-piskotki\/","url":"https:\/\/www.msds-europe.com\/sl\/upravljanje-z-id-ji-anonimnih-obiskovalcev-piskotki\/","name":"Upravljanje z ID-ji anonimnih obiskovalcev (pi\u0161kotki) - MSDS Europe","isPartOf":{"@id":"https:\/\/www.msds-europe.com\/es\/#website"},"datePublished":"2018-06-27T04:12:58+00:00","breadcrumb":{"@id":"https:\/\/www.msds-europe.com\/sl\/upravljanje-z-id-ji-anonimnih-obiskovalcev-piskotki\/#breadcrumb"},"inLanguage":"sl-SI","potentialAction":[{"@type":"ReadAction","target":["https:\/\/www.msds-europe.com\/sl\/upravljanje-z-id-ji-anonimnih-obiskovalcev-piskotki\/"]}]},{"@type":"BreadcrumbList","@id":"https:\/\/www.msds-europe.com\/sl\/upravljanje-z-id-ji-anonimnih-obiskovalcev-piskotki\/#breadcrumb","itemListElement":[{"@type":"ListItem","position":1,"name":"F\u0151oldal","item":"https:\/\/www.msds-europe.com\/sl\/"},{"@type":"ListItem","position":2,"name":"Upravljanje z ID-ji anonimnih obiskovalcev (pi\u0161kotki)"}]},{"@type":"WebSite","@id":"https:\/\/www.msds-europe.com\/es\/#website","url":"https:\/\/www.msds-europe.com\/es\/","name":"MSDS Europe","description":"","publisher":{"@id":"https:\/\/www.msds-europe.com\/es\/#organization"},"potentialAction":[{"@type":"SearchAction","target":{"@type":"EntryPoint","urlTemplate":"https:\/\/www.msds-europe.com\/es\/?s={search_term_string}"},"query-input":{"@type":"PropertyValueSpecification","valueRequired":true,"valueName":"search_term_string"}}],"inLanguage":"sl-SI"},{"@type":"Organization","@id":"https:\/\/www.msds-europe.com\/es\/#organization","name":"MSDS-Europe International branch of ToxInfo","url":"https:\/\/www.msds-europe.com\/es\/","logo":{"@type":"ImageObject","inLanguage":"sl-SI","@id":"https:\/\/www.msds-europe.com\/es\/#\/schema\/logo\/image\/","url":"https:\/\/www.msds-europe.com\/wp-content\/uploads\/2021\/04\/msds-europe-logo.jpg","contentUrl":"https:\/\/www.msds-europe.com\/wp-content\/uploads\/2021\/04\/msds-europe-logo.jpg","width":2296,"height":1067,"caption":"MSDS-Europe International branch of ToxInfo"},"image":{"@id":"https:\/\/www.msds-europe.com\/es\/#\/schema\/logo\/image\/"},"sameAs":["https:\/\/www.facebook.com\/toxinfokft\/","https:\/\/x.com\/ToxInfoKft"]}]}},"_links":{"self":[{"href":"https:\/\/www.msds-europe.com\/sl\/wp-json\/wp\/v2\/pages\/6297","targetHints":{"allow":["GET"]}}],"collection":[{"href":"https:\/\/www.msds-europe.com\/sl\/wp-json\/wp\/v2\/pages"}],"about":[{"href":"https:\/\/www.msds-europe.com\/sl\/wp-json\/wp\/v2\/types\/page"}],"author":[{"embeddable":true,"href":"https:\/\/www.msds-europe.com\/sl\/wp-json\/wp\/v2\/users\/1"}],"replies":[{"embeddable":true,"href":"https:\/\/www.msds-europe.com\/sl\/wp-json\/wp\/v2\/comments?post=6297"}],"version-history":[{"count":1,"href":"https:\/\/www.msds-europe.com\/sl\/wp-json\/wp\/v2\/pages\/6297\/revisions"}],"predecessor-version":[{"id":6298,"href":"https:\/\/www.msds-europe.com\/sl\/wp-json\/wp\/v2\/pages\/6297\/revisions\/6298"}],"wp:attachment":[{"href":"https:\/\/www.msds-europe.com\/sl\/wp-json\/wp\/v2\/media?parent=6297"}],"wp:term":[{"taxonomy":"post_tag","embeddable":true,"href":"https:\/\/www.msds-europe.com\/sl\/wp-json\/wp\/v2\/tags?post=6297"}],"curies":[{"name":"wp","href":"https:\/\/api.w.org\/{rel}","templated":true}]}}