{"id":6260,"date":"2018-06-26T09:34:03","date_gmt":"2018-06-26T09:34:03","guid":{"rendered":"http:\/\/www.msds-europe.com\/porocilo-o-varnosti-kozmeticnega-izdelka-vzorec\/"},"modified":"2018-06-28T10:22:22","modified_gmt":"2018-06-28T10:22:22","slug":"porocilo-o-varnosti-kozmeticnega-izdelka-vzorec","status":"publish","type":"page","link":"https:\/\/www.msds-europe.com\/sl\/porocilo-o-varnosti-kozmeticnega-izdelka-vzorec\/","title":{"rendered":"POROCILO O VARNOSTI KOZMETICNEGA IZDELKA- vzorec"},"content":{"rendered":"<p style=\"text-align: right;\"><em><a href=\"http:\/\/www.msds-europe.com\/sl\/kozmeticni-proizvodi\/\">Baza znanja za kozmeti\u010dne proizvode<\/a>\u00a0\u2013 PORO\u010cILO O VARNOSTI KOZMETI\u010cNEGA IZDELKA<\/em><\/p>\n<h3 style=\"text-align: right;\"><span style=\"color: #333333;\">Prenesi: <a href=\"http:\/\/www.msds-europe.com\/wp-content\/uploads\/2018\/06\/poro_ilo_varnosti_kozmeti_nega_izdelka_vzorec.pdf\">PORO\u010cILO O VARNOSTI KOZMETI\u010cNEGA IZDELKA &#8211; vzorec<\/a><\/span><\/h3>\n<p>&nbsp;<\/p>\n<p style=\"text-align: justify;\">Poro\u010dilo o varnosti kozmeti\u010dnega izdelka vsebuje najmanj naslednje:<\/p>\n<h2 style=\"text-align: justify;\">DEL A \u2013 Informacije o varnosti kozmeti\u010dnega izdelka<\/h2>\n<p>&nbsp;<\/p>\n<p style=\"text-align: justify;\"><strong>1. Kvantitativna in kvalitativna sestava kozmeti\u010dnega izdelka<\/strong><\/p>\n<p style=\"text-align: justify;\">Kvalitativna in kvantitativna sestava kozmeti\u010dnega izdelka, vklju\u010dno s kemijsko identiteto snovi (vklju\u010dno s kemijskim imenom, INCI, CAS, EINECS\/ELINCS, kjer je to mogo\u010de) in njihova funkcija glede na predviden namen uporabe. Pri parfumih in aromati\u010dnih sestavah, opis imena in \u0161tevilka \u0161ifre sestave ter identiteta dobavitelja.<\/p>\n<p>&nbsp;<\/p>\n<p style=\"text-align: justify;\"><strong>2. Fizikalne\/kemijske zna\u010dilnosti in stabilnost kozmeti\u010dnega izdelka<\/strong><\/p>\n<p style=\"text-align: justify;\">Fizikalne in kemijske zna\u010dilnosti snovi, zmesi in kozmeti\u010dnih izdelkov.<br \/>\nStabilnost kozmeti\u010dnega izdelka v razumno predvidljivih pogojih shranjevanja.<\/p>\n<p>&nbsp;<\/p>\n<p style=\"text-align: justify;\"><strong>3. Mikrobiolo\u0161ka kakovost<\/strong><\/p>\n<p style=\"text-align: justify;\">Mikrobiolo\u0161ke specifikacije snovi ali zmesi in kozmeti\u010dnega izdelka. Posebno pozornost je treba nameniti kozmeti\u010dnim izdelkom, ki se uporabljajo okoli o\u010di, na sluznicah na splo\u0161no, na po\u0161kodovani ko\u017ei, na otrocih, mlaj\u0161ih od treh let, na starej\u0161ih ljudeh in osebah, ki ka\u017eejo znake zmanj\u0161ane odpornosti.<br \/>\nRezultati izzivnega preskusa u\u010dinkovitosti konzerviranja.<\/p>\n<p>&nbsp;<\/p>\n<p style=\"text-align: justify;\"><strong>4. Ne\u010distote, sledi, podatki o embala\u017enem materialu<\/strong><\/p>\n<p style=\"text-align: justify;\">\u010cistost snovi in zmesi.<br \/>\nV primeru sledi prepovedanih snovi, dokaz o njihovi tehni\u010dni neizogibnosti.<br \/>\nUstrezne zna\u010dilnosti embala\u017enega materiala, zlasti \u010distosti in stabilnosti.<\/p>\n<p>&nbsp;<\/p>\n<p style=\"text-align: justify;\"><strong>5. Normalna in razumno predvidljiva uporaba<\/strong><\/p>\n<p style=\"text-align: justify;\">Normalna in razumno predvidljiva uporaba izdelka. Obrazlo\u017eitev je treba utemeljiti zlasti glede na opozorila in druga pojasnila pri ozna\u010devanju izdelka.<\/p>\n<p>&nbsp;<\/p>\n<p style=\"text-align: justify;\"><strong>6. Izpostavljenost kozmeti\u010dnemu izdelku<\/strong><\/p>\n<p style=\"text-align: justify;\">Podatki o izpostavljenosti kozmeti\u010dnemu izdelku ob upo\u0161tevanju ugotovitev iz oddelka 5 v zvezi z naslednjim:<br \/>\n1) mesto\/a uporabe;<br \/>\n2) povr\u0161ina\/e uporabe;<br \/>\n3) koli\u010dina uporabljenega izdelka;<br \/>\n4) trajanje in pogostnost uporabe;<br \/>\n5) normalni in razumno predvidljivi na\u010dini izpostavljenosti;<br \/>\n6) ciljne ali izpostavljene populacije. Treba je upo\u0161tevati tudi mo\u017eno izpostavljenost dolo\u010dene populacije.<\/p>\n<p style=\"text-align: justify;\">Pri izra\u010dunu izpostavljenosti je treba upo\u0161tevati tudi toksikolo\u0161ke u\u010dinke, ki jih je treba preu\u010diti (npr. izpostavljenost je morda treba izra\u010dunati glede na enoto povr\u0161ine ko\u017ee ali na enoto telesne te\u017ee). Upo\u0161tevati bi bilo treba tudi mo\u017enost sekundarne izpostavljenosti, do katere pride na na\u010dine, ki ne izhajajo iz neposredne uporabe (npr. nenamerno vdihovanje razpr\u0161ilcev, nenamerno zau\u017eitje izdelkov za nego ustnic itd.).<br \/>\nPosebno pozornost je treba nameniti kakr\u0161nim koli mo\u017enim vplivom na izpostavljenost zaradi velikosti delcev.<\/p>\n<p>&nbsp;<\/p>\n<p style=\"text-align: justify;\"><strong>7. Izpostavljenost snovem<\/strong><\/p>\n<p style=\"text-align: justify;\">Podatki o izpostavljenosti snovem, ki jih vsebuje kozmeti\u010dni izdelek, za zadevne toksikolo\u0161ke parametre ob upo\u0161tevanju informacij iz oddelka 6.<\/p>\n<p>&nbsp;<\/p>\n<p style=\"text-align: justify;\"><strong>8. Toksikolo\u0161ki profil snovi<\/strong><\/p>\n<p style=\"text-align: justify;\">Brez poseganja v \u010dlen 18, mora toksikolo\u0161ki profil snovi, vsebovane v kozmeti\u010dnem izdelku, zajemati vse relevantne toksikolo\u0161ke u\u010dinke te snovi. Posebna pozornost mora biti namenjena oceni lokalne toksi\u010dnosti (dra\u017eenje ko\u017ee in o\u010di), oceni sposobnosti senzitizacije ko\u017ee in v primeru UV absorbcije tudi oceni fototoksi\u010dnosti.<br \/>\nUpo\u0161tevati je potrebno vse toksikolo\u0161ko pomembne na\u010dine absorbcije, kakor tudi sistemske u\u010dinke. Na podlagi NOAEL (No Observed Adverse Effect Level \u2013 odmerek brez opaznega \u0161kodljivega u\u010dinka) je potrebno izra\u010dunati MOS (Margin of Safety \u2013 meja varne uporabe). V primeru neupo\u0161tevanja navedenega je potrebno navesti utemeljitev.<br \/>\nPosebno pozornost je potrebno nameniti vsem mo\u017enim vplivom na toksikolo\u0161ki profil zaradi<br \/>\n&#8211; velikosti delcev, vklju\u010dno nanomaterialov,<br \/>\n&#8211; ne\u010disto\u010de snovi in uporabljenih surovin, ter<br \/>\n&#8211; medsebojnega delovanja snovi.<\/p>\n<p style=\"text-align: justify;\">Vsako navzkri\u017eno uporabo podatkov iz razli\u010dnih virov je treba dokazati in utemeljiti.<br \/>\nVir informacij mora biti jasno opredeljen.<\/p>\n<p>&nbsp;<\/p>\n<p style=\"text-align: justify;\"><strong>9. Ne\u017eeleni u\u010dinki in resni ne\u017eeleni u\u010dinki<\/strong><\/p>\n<p style=\"text-align: justify;\">Vsi razpolo\u017eljivi podatki o ne\u017eelenih u\u010dinkih in resnih ne\u017eelenih u\u010dinkih kozmeti\u010dnega izdelka ali, kjer je ustrezno, drugih kozmeti\u010dnih izdelkov. To vklju\u010duje statisti\u010dne podatke.<\/p>\n<p>&nbsp;<\/p>\n<p style=\"text-align: justify;\"><strong>10. Informacije o kozmeti\u010dnem izdelku<\/strong><\/p>\n<p style=\"text-align: justify;\">Druge zadevne informacije, npr. obstoje\u010de \u0161tudije na ljudeh prostovoljcih ali jasno potrjene in utemeljene ugotovitve ocen tveganj, ki so bile izdelane na drugih ustreznih podro\u010djih.<\/p>\n<p>&nbsp;<\/p>\n<h2 style=\"text-align: justify;\">DEL B \u2013 Ocena varnosti kozmeti\u010dnega izdelka<\/h2>\n<p>&nbsp;<\/p>\n<p style=\"text-align: justify;\"><strong>1. Zaklju\u010dek ocene<\/strong><\/p>\n<p style=\"text-align: justify;\">Izjava o varnosti kozmeti\u010dnega izdelka v zvezi s \u010dlenom 3.<\/p>\n<p>&nbsp;<\/p>\n<p style=\"text-align: justify;\"><strong>2. Ozna\u010dena opozorila in navodila za uporabo<\/strong><\/p>\n<p style=\"text-align: justify;\">Izjava o nujnosti ozna\u010devanja katerih koli posebnih opozoril in navodil za uporabo v skladu s \u010dlenom 19(1)(d).<\/p>\n<p>&nbsp;<\/p>\n<p style=\"text-align: justify;\"><strong>3. Obrazlo\u017eitev<\/strong><\/p>\n<p style=\"text-align: justify;\">Razlaga znanstvenega argumentiranja, na podlagi katerega je bil sprejet zaklju\u010dek ocene v skladu z oddelkom 1, in izjave v skladu z oddelkom 2. Pojasnilo temelji na opisih iz dela A. Kjer je potrebno, je treba oceniti in obravnavati mejo varnostne uporabe (MOS).<br \/>\nMed drugim se pripravi posebna ocena kozmeti\u010dnih izdelkov, namenjenih za uporabo pri otrocih, mlaj\u0161ih od treh let, in kozmeti\u010dnih izdelkov, namenjenih izklju\u010dno za zunanjo intimno higieno.<br \/>\nOcenijo se mo\u017ena medsebojna vplivanja snovi, ki jih vsebuje kozmeti\u010dni izdelek.<br \/>\nPreu\u010ditev in nepreu\u010ditev razli\u010dnih toksikolo\u0161kih profilov je treba natan\u010dno utemeljiti.<br \/>\nNatan\u010dno je treba preu\u010diti vplive stabilnosti na varnost kozmeti\u010dnih izdelkov.<\/p>\n<p>&nbsp;<\/p>\n<p style=\"text-align: justify;\"><strong>4. Verodostojnost ocenjevalca in odobritev dela B<\/strong><\/p>\n<p style=\"text-align: justify;\">Ime in naslov ocenjevalca varnosti.<br \/>\nDokazilo o usposobljenosti ocenjevalca varnosti.<br \/>\nDatum in podpis ocenjevalca varnosti.<\/p>\n<p>&nbsp;<\/p>\n<h3><span style=\"color: #333333;\">Ponujene storitve<\/span><\/h3>\n<ul class=\"category_pages_list\">\n<li><a title=\"Izdelava in prevajanje osnutkov etiket za kozmeti\u010dne proizvode\" href=\"http:\/\/www.msds-europe.com\/sl\/izdelava-prevajanje-osnutkov-etiket-za-kozmeticne-proizvode\/\">Izdelava in prevajanje osnutkov etiket za kozmeti\u010dne proizvode<\/a><\/li>\n<li><a title=\"Izdelava ocena varnosti za kozmeti\u010dne proizvode\" href=\"http:\/\/www.msds-europe.com\/sl\/izdelava-ocena-varnostnih-za-kozmetiko\/\">Izdelava ocena varnosti za kozmeti\u010dne proizvode<\/a><\/li>\n<li><a title=\"Storitev priglasitve na CPNP\" href=\"http:\/\/www.msds-europe.com\/sl\/storitev-priglasitve-cpnp\/\">Storitev priglasitve na CPNP<\/a><\/li>\n<li><a title=\"Izdelava varnostih listov za kozmeti\u010dne proizvode\" href=\"http:\/\/www.msds-europe.com\/sl\/izdelava-varnostnih-listov-kozmeticne\/\">Izdelava varnostih listov za kozmeti\u010dne proizvode<\/a><\/li>\n<\/ul>\n<p>&nbsp;<\/p>\n<h3><span style=\"color: #333333;\">Koristne informacije<\/span><\/h3>\n<ul class=\"category_pages_list\">\n<li><a title=\"Obveznosti odgovorne osebe\" href=\"http:\/\/www.msds-europe.com\/sl\/obveznosti-odgovorne-osebe\/\">Obveznosti odgovorne osebe<\/a><\/li>\n<li><a title=\"Dol\u017enosti distributerjev kozmeti\u010dnih izdelkov\" href=\"http:\/\/www.msds-europe.com\/sl\/dolznosti-distributerjev-kozmeticnih-izdelkov\/\">Dol\u017enosti distributerjev kozmeti\u010dnih izdelkov<\/a><\/li>\n<\/ul>\n<p>&nbsp;<\/p>\n","protected":false},"excerpt":{"rendered":"<p>Baza znanja za kozmeti\u010dne proizvode\u00a0\u2013 PORO\u010cILO O VARNOSTI KOZMETI\u010cNEGA IZDELKA Prenesi: PORO\u010cILO O VARNOSTI KOZMETI\u010cNEGA IZDELKA &#8211; vzorec &nbsp; Poro\u010dilo o varnosti kozmeti\u010dnega izdelka vsebuje najmanj naslednje: DEL A \u2013 Informacije o varnosti kozmeti\u010dnega izdelka &nbsp; 1. Kvantitativna in kvalitativna sestava kozmeti\u010dnega izdelka Kvalitativna in kvantitativna sestava kozmeti\u010dnega izdelka, vklju\u010dno&#8230;<\/p>\n","protected":false},"author":2,"featured_media":0,"parent":0,"menu_order":0,"comment_status":"closed","ping_status":"closed","template":"","meta":{"_acf_changed":false,"footnotes":""},"tags":[312,266],"class_list":["post-6260","page","type-page","status-publish","hentry","tag-baza-znanja-za-kozmeticne-proizvode","tag-kozmetika-sl"],"acf":[],"yoast_head":"<!-- This site is optimized with the Yoast SEO plugin v27.2 - https:\/\/yoast.com\/product\/yoast-seo-wordpress\/ -->\n<title>POROCILO O VARNOSTI KOZMETICNEGA IZDELKA- vzorec<\/title>\n<meta name=\"description\" content=\"Poro\u010dilo o varnosti kozmeti\u010dnega izdelka vsebuje najmanj naslednje...\" \/>\n<meta name=\"robots\" content=\"index, follow, max-snippet:-1, max-image-preview:large, max-video-preview:-1\" \/>\n<link rel=\"canonical\" href=\"https:\/\/www.msds-europe.com\/sl\/porocilo-o-varnosti-kozmeticnega-izdelka-vzorec\/\" \/>\n<meta property=\"og:locale\" content=\"sl_SI\" \/>\n<meta property=\"og:type\" content=\"article\" \/>\n<meta property=\"og:title\" content=\"POROCILO O VARNOSTI KOZMETICNEGA IZDELKA- vzorec\" \/>\n<meta property=\"og:description\" content=\"Poro\u010dilo o varnosti kozmeti\u010dnega izdelka vsebuje najmanj naslednje...\" \/>\n<meta property=\"og:url\" content=\"https:\/\/www.msds-europe.com\/sl\/porocilo-o-varnosti-kozmeticnega-izdelka-vzorec\/\" \/>\n<meta property=\"og:site_name\" content=\"MSDS Europe\" \/>\n<meta property=\"article:publisher\" content=\"https:\/\/www.facebook.com\/toxinfokft\/\" \/>\n<meta property=\"article:modified_time\" content=\"2018-06-28T10:22:22+00:00\" \/>\n<meta name=\"twitter:card\" content=\"summary_large_image\" \/>\n<meta name=\"twitter:site\" content=\"@ToxInfoKft\" \/>\n<meta name=\"twitter:label1\" content=\"Est. reading time\" \/>\n\t<meta name=\"twitter:data1\" content=\"4 minute\" \/>\n<script type=\"application\/ld+json\" class=\"yoast-schema-graph\">{\"@context\":\"https:\/\/schema.org\",\"@graph\":[{\"@type\":\"WebPage\",\"@id\":\"https:\/\/www.msds-europe.com\/sl\/porocilo-o-varnosti-kozmeticnega-izdelka-vzorec\/\",\"url\":\"https:\/\/www.msds-europe.com\/sl\/porocilo-o-varnosti-kozmeticnega-izdelka-vzorec\/\",\"name\":\"POROCILO O VARNOSTI KOZMETICNEGA IZDELKA- vzorec\",\"isPartOf\":{\"@id\":\"https:\/\/www.msds-europe.com\/es\/#website\"},\"datePublished\":\"2018-06-26T09:34:03+00:00\",\"dateModified\":\"2018-06-28T10:22:22+00:00\",\"description\":\"Poro\u010dilo o varnosti kozmeti\u010dnega izdelka vsebuje najmanj naslednje...\",\"breadcrumb\":{\"@id\":\"https:\/\/www.msds-europe.com\/sl\/porocilo-o-varnosti-kozmeticnega-izdelka-vzorec\/#breadcrumb\"},\"inLanguage\":\"sl-SI\",\"potentialAction\":[{\"@type\":\"ReadAction\",\"target\":[\"https:\/\/www.msds-europe.com\/sl\/porocilo-o-varnosti-kozmeticnega-izdelka-vzorec\/\"]}]},{\"@type\":\"BreadcrumbList\",\"@id\":\"https:\/\/www.msds-europe.com\/sl\/porocilo-o-varnosti-kozmeticnega-izdelka-vzorec\/#breadcrumb\",\"itemListElement\":[{\"@type\":\"ListItem\",\"position\":1,\"name\":\"F\u0151oldal\",\"item\":\"https:\/\/www.msds-europe.com\/sl\/\"},{\"@type\":\"ListItem\",\"position\":2,\"name\":\"POROCILO O VARNOSTI KOZMETICNEGA IZDELKA- vzorec\"}]},{\"@type\":\"WebSite\",\"@id\":\"https:\/\/www.msds-europe.com\/es\/#website\",\"url\":\"https:\/\/www.msds-europe.com\/es\/\",\"name\":\"MSDS Europe\",\"description\":\"\",\"publisher\":{\"@id\":\"https:\/\/www.msds-europe.com\/es\/#organization\"},\"potentialAction\":[{\"@type\":\"SearchAction\",\"target\":{\"@type\":\"EntryPoint\",\"urlTemplate\":\"https:\/\/www.msds-europe.com\/es\/?s={search_term_string}\"},\"query-input\":{\"@type\":\"PropertyValueSpecification\",\"valueRequired\":true,\"valueName\":\"search_term_string\"}}],\"inLanguage\":\"sl-SI\"},{\"@type\":\"Organization\",\"@id\":\"https:\/\/www.msds-europe.com\/es\/#organization\",\"name\":\"MSDS-Europe International branch of ToxInfo\",\"url\":\"https:\/\/www.msds-europe.com\/es\/\",\"logo\":{\"@type\":\"ImageObject\",\"inLanguage\":\"sl-SI\",\"@id\":\"https:\/\/www.msds-europe.com\/es\/#\/schema\/logo\/image\/\",\"url\":\"https:\/\/www.msds-europe.com\/wp-content\/uploads\/2021\/04\/msds-europe-logo.jpg\",\"contentUrl\":\"https:\/\/www.msds-europe.com\/wp-content\/uploads\/2021\/04\/msds-europe-logo.jpg\",\"width\":2296,\"height\":1067,\"caption\":\"MSDS-Europe International branch of ToxInfo\"},\"image\":{\"@id\":\"https:\/\/www.msds-europe.com\/es\/#\/schema\/logo\/image\/\"},\"sameAs\":[\"https:\/\/www.facebook.com\/toxinfokft\/\",\"https:\/\/x.com\/ToxInfoKft\"]}]}<\/script>\n<!-- \/ Yoast SEO plugin. -->","yoast_head_json":{"title":"POROCILO O VARNOSTI KOZMETICNEGA IZDELKA- vzorec","description":"Poro\u010dilo o varnosti kozmeti\u010dnega izdelka vsebuje najmanj naslednje...","robots":{"index":"index","follow":"follow","max-snippet":"max-snippet:-1","max-image-preview":"max-image-preview:large","max-video-preview":"max-video-preview:-1"},"canonical":"https:\/\/www.msds-europe.com\/sl\/porocilo-o-varnosti-kozmeticnega-izdelka-vzorec\/","og_locale":"sl_SI","og_type":"article","og_title":"POROCILO O VARNOSTI KOZMETICNEGA IZDELKA- vzorec","og_description":"Poro\u010dilo o varnosti kozmeti\u010dnega izdelka vsebuje najmanj naslednje...","og_url":"https:\/\/www.msds-europe.com\/sl\/porocilo-o-varnosti-kozmeticnega-izdelka-vzorec\/","og_site_name":"MSDS Europe","article_publisher":"https:\/\/www.facebook.com\/toxinfokft\/","article_modified_time":"2018-06-28T10:22:22+00:00","twitter_card":"summary_large_image","twitter_site":"@ToxInfoKft","twitter_misc":{"Est. reading time":"4 minute"},"schema":{"@context":"https:\/\/schema.org","@graph":[{"@type":"WebPage","@id":"https:\/\/www.msds-europe.com\/sl\/porocilo-o-varnosti-kozmeticnega-izdelka-vzorec\/","url":"https:\/\/www.msds-europe.com\/sl\/porocilo-o-varnosti-kozmeticnega-izdelka-vzorec\/","name":"POROCILO O VARNOSTI KOZMETICNEGA IZDELKA- vzorec","isPartOf":{"@id":"https:\/\/www.msds-europe.com\/es\/#website"},"datePublished":"2018-06-26T09:34:03+00:00","dateModified":"2018-06-28T10:22:22+00:00","description":"Poro\u010dilo o varnosti kozmeti\u010dnega izdelka vsebuje najmanj naslednje...","breadcrumb":{"@id":"https:\/\/www.msds-europe.com\/sl\/porocilo-o-varnosti-kozmeticnega-izdelka-vzorec\/#breadcrumb"},"inLanguage":"sl-SI","potentialAction":[{"@type":"ReadAction","target":["https:\/\/www.msds-europe.com\/sl\/porocilo-o-varnosti-kozmeticnega-izdelka-vzorec\/"]}]},{"@type":"BreadcrumbList","@id":"https:\/\/www.msds-europe.com\/sl\/porocilo-o-varnosti-kozmeticnega-izdelka-vzorec\/#breadcrumb","itemListElement":[{"@type":"ListItem","position":1,"name":"F\u0151oldal","item":"https:\/\/www.msds-europe.com\/sl\/"},{"@type":"ListItem","position":2,"name":"POROCILO O VARNOSTI KOZMETICNEGA IZDELKA- vzorec"}]},{"@type":"WebSite","@id":"https:\/\/www.msds-europe.com\/es\/#website","url":"https:\/\/www.msds-europe.com\/es\/","name":"MSDS Europe","description":"","publisher":{"@id":"https:\/\/www.msds-europe.com\/es\/#organization"},"potentialAction":[{"@type":"SearchAction","target":{"@type":"EntryPoint","urlTemplate":"https:\/\/www.msds-europe.com\/es\/?s={search_term_string}"},"query-input":{"@type":"PropertyValueSpecification","valueRequired":true,"valueName":"search_term_string"}}],"inLanguage":"sl-SI"},{"@type":"Organization","@id":"https:\/\/www.msds-europe.com\/es\/#organization","name":"MSDS-Europe International branch of ToxInfo","url":"https:\/\/www.msds-europe.com\/es\/","logo":{"@type":"ImageObject","inLanguage":"sl-SI","@id":"https:\/\/www.msds-europe.com\/es\/#\/schema\/logo\/image\/","url":"https:\/\/www.msds-europe.com\/wp-content\/uploads\/2021\/04\/msds-europe-logo.jpg","contentUrl":"https:\/\/www.msds-europe.com\/wp-content\/uploads\/2021\/04\/msds-europe-logo.jpg","width":2296,"height":1067,"caption":"MSDS-Europe International branch of ToxInfo"},"image":{"@id":"https:\/\/www.msds-europe.com\/es\/#\/schema\/logo\/image\/"},"sameAs":["https:\/\/www.facebook.com\/toxinfokft\/","https:\/\/x.com\/ToxInfoKft"]}]}},"_links":{"self":[{"href":"https:\/\/www.msds-europe.com\/sl\/wp-json\/wp\/v2\/pages\/6260","targetHints":{"allow":["GET"]}}],"collection":[{"href":"https:\/\/www.msds-europe.com\/sl\/wp-json\/wp\/v2\/pages"}],"about":[{"href":"https:\/\/www.msds-europe.com\/sl\/wp-json\/wp\/v2\/types\/page"}],"author":[{"embeddable":true,"href":"https:\/\/www.msds-europe.com\/sl\/wp-json\/wp\/v2\/users\/2"}],"replies":[{"embeddable":true,"href":"https:\/\/www.msds-europe.com\/sl\/wp-json\/wp\/v2\/comments?post=6260"}],"version-history":[{"count":3,"href":"https:\/\/www.msds-europe.com\/sl\/wp-json\/wp\/v2\/pages\/6260\/revisions"}],"predecessor-version":[{"id":6646,"href":"https:\/\/www.msds-europe.com\/sl\/wp-json\/wp\/v2\/pages\/6260\/revisions\/6646"}],"wp:attachment":[{"href":"https:\/\/www.msds-europe.com\/sl\/wp-json\/wp\/v2\/media?parent=6260"}],"wp:term":[{"taxonomy":"post_tag","embeddable":true,"href":"https:\/\/www.msds-europe.com\/sl\/wp-json\/wp\/v2\/tags?post=6260"}],"curies":[{"name":"wp","href":"https:\/\/api.w.org\/{rel}","templated":true}]}}