{"id":5997,"date":"2018-06-25T15:31:53","date_gmt":"2018-06-25T15:31:53","guid":{"rendered":"http:\/\/www.msds-europe.com\/dolznosti-distributerjev-kozmeticnih-izdelkov\/"},"modified":"2018-07-04T07:33:46","modified_gmt":"2018-07-04T07:33:46","slug":"dolznosti-distributerjev-kozmeticnih-izdelkov","status":"publish","type":"page","link":"https:\/\/www.msds-europe.com\/sl\/dolznosti-distributerjev-kozmeticnih-izdelkov\/","title":{"rendered":"Dol\u017enosti distributerjev kozmeti\u010dnih izdelkov"},"content":{"rendered":"<p style=\"text-align: right;\"><em><a href=\"http:\/\/www.msds-europe.com\/sl\/kozmeticni-proizvodi\/\">Baza znanja kozmeti\u010dnih proizvodov<\/a>\u00a0\u2013\u00a0Dol\u017enosti distributerjev kozmeti\u010dnih izdelkov<\/em><\/p>\n<p>&nbsp;<\/p>\n<h2 style=\"text-align: justify;\"><span style=\"color: #333333;\">Temeljno pravilo za razumevanje odgovornosti distributerjev kozmeti\u010dnih proizvodov<\/span><\/h2>\n<p style=\"text-align: justify;\">\u010ce distributer meni ali ima razlog za domnevo, da dolo\u010den kozmeti\u010dni proizvod ni v skladu z <a href=\"http:\/\/www.msds-europe.com\/sl\/kozmeticni-proizvodi\/\">Uredbo (ES) \u0161t. 1223\/2009<\/a>, mora nemudoma opraviti popravljalne ukrepe, da bo proizvod v skladu z zahtevami, ga odstrani s trga ali ga prekli\u010de, odvisno od situacije.<\/p>\n<p style=\"text-align: justify;\">Nadalje, \u010de kozmeti\u010dni proizvod predstavlja tveganje za \u010dlove\u0161ko zdravje, mora odgovorna oseba nemudoma o tem obvestiti pristojne organe dr\u017eave \u010dlanice, v kateri je proizvod na voljo in tiste dr\u017eave \u010dlanice, kjer so informacije o izdelkih na voljo in dostopne, z vsemi podrobnostmi, predvsem o neskladnosti ali o morebitnih popravljalnih ukrepih.<\/p>\n<p>&nbsp;<\/p>\n<h2 style=\"text-align: justify;\">Distributer<\/h2>\n<p style=\"text-align: justify;\">Pomeni vsako fizi\u010dno ali pravno osebo v dobavni verigi, ki ni proizvajalec ali uvoznik in ki omogo\u010di dostopnost kozmeti\u010dnega izdelka na trgu Skupnosti.<\/p>\n<p style=\"text-align: justify;\">Ne velja za distributerja ki tr\u017ei kozmeti\u010dni izdelek na trgu pod svojim imenom ali blagovno znamko, ali \u017ee obstoje\u010di izdelek na trgu spremeni tako, da ni ve\u010d skladen z zahtevami za izdelek, saj v tem primeru velja za odgovorno osebo.<\/p>\n<p style=\"text-align: justify;\">Tr\u017eijo se lahko samo kozmeti\u010dni izdelki, ki imajo varnostno oceno, dokumentacijo o informacijah o izdelku in oznake v skladu z 1223\/2009\/ES, in ki se proizvajajo v skladu z dobro proizvodno prakso.<\/p>\n<p style=\"text-align: justify;\">Uredba (ES) \u0161t. 1223\/2009 velja od 11. julija 2013 za Evropsko skupnost in \u010dlanice obmo\u010dja Evropskega zdru\u017eenja za prosto trgovino EFTA &#8211; Norve\u0161ko, \u0160vico, Islandijo in Liechtenstein.<\/p>\n<p>&nbsp;<\/p>\n<h2 style=\"text-align: justify;\">Obveznosti distributerjev<\/h2>\n<p style=\"text-align: justify;\">1.\u00a0<strong>Odgovornost distributerja, da preveri:<\/strong><\/p>\n<ul>\n<li style=\"text-align: justify;\">\u010de so zahtevane informacije ozna\u010devanj navedene na proizvodu<\/li>\n<li style=\"text-align: justify;\">ime odgovorne osebe ali registrirano ime podjetja in naslov<\/li>\n<li style=\"text-align: justify;\">serijska \u0161tevilka ali identifikacijska \u0161tevilka kozmeti\u010dnega izdelka<\/li>\n<li style=\"text-align: justify;\">seznam sestavin na vsebniku ali embala\u017ei ali na prilo\u017eenih informacijah<\/li>\n<\/ul>\n<p style=\"text-align: justify;\">2. \u010ce so izpolnjene predpisane zahteve za jezik, je treba informacije zapisati v uradnem jeziku dr\u017eave, v kateri se bo tr\u017eil kon\u010dni izdelek.<\/p>\n<p style=\"text-align: justify;\">3. Potrebno je preveriti, ali dolo\u010den rok trajanja \u0161e ni potekel.<\/p>\n<p>&nbsp;<\/p>\n<h2 style=\"text-align: justify;\">Elementi etikete<\/h2>\n<p style=\"text-align: justify;\">Kozmeti\u010dni izdelki dostopni na trgu samo, \u010de so na primarni\u00a0in skundarni embala\u017ei kozmeti\u010dnih izdelkovnaslednje informacije v\u00a0neizbrisni, \u010ditljivi\u00a0in vidni pisavi:<\/p>\n<p style=\"text-align: justify;\">1. Ime ali registrirano ime in naslov odgovorne osebe. Za uvo\u017eene kozmeti\u010dne izdelke se jasno navede dr\u017eava izvora.<\/p>\n<p style=\"text-align: justify;\">2. Nominalna vsebina ob \u010dasu pakiranja, navedena z\u00a0maso ali prostornino<\/p>\n<p style=\"text-align: justify;\">(Razen pri embala\u017ei, ki vsebuje manj kot pet gramov\u00a0ali pet mililitrov, brezpla\u010dnih vzorcih in pakiranjih za enkratno uporabo; za predpakirane izdelke, ki se obi\u010dajno prodajajo kot komplet izdelkov.)<\/p>\n<p style=\"text-align: justify;\">3. Minimalni rok trajanja<\/p>\n<p style=\"text-align: justify;\">a, Oznaka datuma najkraj\u0161ega roka trajanja za kozmeti\u010dne proizvode z rokom trajanja, ki je kraj\u0161i od 30 mesecev.<\/p>\n<p style=\"text-align: justify;\">Ustrezna oblika: po simbolu datuma za rok trajanja uporabe ali besedilu &#8220;Potrebno uporabiti do&#8221; mora biti datum najmanj\u0161ega roka trajanja jasno izra\u017een in mora biti sestavljen bodisi iz meseca in leta bodisi iz dneva, meseca in leta (v takem vrstnem redu).<\/p>\n<p style=\"text-align: justify;\">b, za kozmeti\u010dne izdelke z\u00a0minimalnim rokom trajanja ve\u010d kot 30 mesece, je treba navesti \u010dasovno obdobje po odprtju izdelka, ko je njegova uporaba varna in ga uporabnik lahko brez \u0161kode uporablja.\u00a0 Simbolu najkraj\u0161ega roka trajanja sledi \u010das, naveden v mesecih in\/ali letih, Vendar se ta zahteva ne bi smela uporabljati, kadar pojem trajnosti izdelka po odprtju ni pomemben, to je pri izdelkih za enkratno uporabo, izdelkih, ki se ne pokvarijo, ali izdelkih, ki se ne odpirajo.<\/p>\n<p style=\"text-align: justify;\">4. Podrobni varnostni ukrepi, ki jih je treba upo\u0161tevati pri uporab.<\/p>\n<p style=\"text-align: justify;\">5. Serijska \u0161tevilka proizvodnje ali referen\u010dna \u0161tevilka za identifikacijo kozmeti\u010dnega izdelka.<\/p>\n<p style=\"text-align: justify;\">6. Namen kozmeti\u010dnega izdelka, razen \u010de je razviden iz njegovega videza<\/p>\n<p style=\"text-align: justify;\">7. Seznam sestavin po nomenklaturi INCI (International Nomenclature Cosmetic Ingredient). Te informacije morajo biti ozna\u010dene samo na zunanji embala\u017ei (\u010de je potrebno).<\/p>\n<p style=\"text-align: justify;\">Oznaka mora biti na voljo v jeziku dr\u017eave \u010dlanice, v kateri se proizvod prodaja za kon\u010dnega uporabnika (razen: &#8220;Sestavine&#8221;).<\/p>\n<p style=\"text-align: justify;\">\u010ce ni mo\u017eno navesti omenjenega podatka na oznaki zaradi prakti\u010dnih razlogov, mora biti ta podatek naveden na letaku, bro\u0161uri, traku ali kartici, ki je prilo\u017eena ali pritrjena na proizvod.<\/p>\n<p style=\"text-align: justify;\"><strong>Ponujena storitev:<\/strong>\u00a0<a href=\"http:\/\/www.msds-europe.com\/sl\/izdelava-prevajanje-osnutkov-etiket-za-kozmeticne-proizvode\/\">Izdelava in prevajanje osnutkov etiket za kozmeti\u010dne proizvode<\/a><\/p>\n<p>&nbsp;<\/p>\n<h2 style=\"text-align: justify;\">Priglasitev proizvoda, ki je \u017ee na trgu<\/h2>\n<p style=\"text-align: justify;\">Distributer, ki omogo\u010di dostopnost kozmeti\u010dnegaizdelka na trgu v dr\u017eavi \u010dlanici, ki se \u017ee prodaja v drugi dr\u017eavi \u010dlanici, in na svojo pobudo prevede podatke na ozna\u010dbi na izdelku,da se uskladi z nacionalno zakonodajo, posreduje elektronski obliki v <a href=\"http:\/\/www.msds-europe.com\/sl\/storitev-priglasitve-cpnp\/\">CPNP<\/a>.<\/p>\n<p style=\"text-align: justify;\"><strong>Za obve\u0161\u010danje so potrebni naslednji podatki:<\/strong><\/p>\n<ul>\n<li style=\"text-align: justify;\">ime in naslov odgovorne osebe, pri kateri je dokumentacija z\u00a0informacijami o\u00a0izdelku vselej dostopen;<\/li>\n<li style=\"text-align: justify;\">kategorija kozmeti\u010dnega proizvoda, njegovo ime v dr\u017eavi \u010dlanici, kamor je poslano in njegovo ime v tisti dr\u017eavi \u010dlanici, kjer je na voljo, kar omogo\u010da njegovo specifi\u010dno identifikacijo;<\/li>\n<li style=\"text-align: justify;\">ime dr\u017eave \u010dlanice, v kateri je kozmeti\u010dni izdelek na trgu;<\/li>\n<li style=\"text-align: justify;\">ime in naslov distributerja<\/li>\n<\/ul>\n<p style=\"text-align: justify;\">\u010ce pride do spremembe katerega koli podatka, mora distributer ali odgovorna oseba to takoj posredovati oz. posodobiti preko portala <a href=\"http:\/\/www.msds-europe.com\/sl\/storitev-priglasitve-cpnp\/\">CPNP<\/a>.<\/p>\n<p>&nbsp;<\/p>\n<h3 style=\"text-align: justify;\"><span style=\"color: #333333;\">Povezani strokovni materiali<\/span><\/h3>\n<ul>\n<li style=\"text-align: justify;\"><a href=\"http:\/\/www.msds-europe.com\/sl\/obveznosti-odgovorne-osebe\/\">Obveznosti odgovorne osebe<\/a><\/li>\n<\/ul>\n<h3 style=\"text-align: justify;\"><\/h3>\n<h3 style=\"text-align: justify;\"><span style=\"color: #333333;\">Ponujene storitve<\/span><\/h3>\n<ul>\n<li><a href=\"http:\/\/www.msds-europe.com\/sl\/storitev-priglasitve-cpnp\/\">Na\u0161a storitev priglasitve na CPNP za kozmeti\u010dne proizvode<\/a><\/li>\n<li><a href=\"http:\/\/www.msds-europe.com\/sl\/izdelava-prevajanje-osnutkov-etiket-za-kozmeticne-proizvode\/\">Na\u0161a storitev izdelave in prevodov osnutkov etiket za kozmeti\u010dne proizvode<\/a><\/li>\n<li><a href=\"http:\/\/www.msds-europe.com\/sl\/izdelava-ocena-varnostnih-za-kozmetiko\/\">Na\u0161a storitev sestave ocene varnosti za kozmeti\u010dne proizvode<\/a><\/li>\n<\/ul>\n<p>&nbsp;<\/p>\n","protected":false},"excerpt":{"rendered":"<p>Kratek povzetek obveznosti distributerjev kozmeti\u010dnih proizvodov.<\/p>\n","protected":false},"author":2,"featured_media":0,"parent":0,"menu_order":0,"comment_status":"closed","ping_status":"closed","template":"","meta":{"_acf_changed":false,"footnotes":""},"tags":[312,266],"class_list":["post-5997","page","type-page","status-publish","hentry","tag-baza-znanja-za-kozmeticne-proizvode","tag-kozmetika-sl"],"acf":[],"yoast_head":"<!-- This site is optimized with the Yoast SEO plugin v27.2 - https:\/\/yoast.com\/product\/yoast-seo-wordpress\/ -->\n<title>Pravne obveznosti distributerjev kozmeti\u010dnih proizvodov<\/title>\n<meta name=\"description\" content=\"Povzetek opravil in nalog, ki jih je potrebno opraviti, preden se na trg uvede dolo\u010den kozmeti\u010dni proizvod. Obveznosti distributerjev kozmeti\u010dnih proizvodov na kratko.\" \/>\n<meta name=\"robots\" content=\"index, follow, max-snippet:-1, max-image-preview:large, max-video-preview:-1\" \/>\n<link rel=\"canonical\" href=\"https:\/\/www.msds-europe.com\/sl\/dolznosti-distributerjev-kozmeticnih-izdelkov\/\" \/>\n<meta property=\"og:locale\" content=\"sl_SI\" \/>\n<meta property=\"og:type\" content=\"article\" \/>\n<meta property=\"og:title\" content=\"Pravne obveznosti distributerjev kozmeti\u010dnih proizvodov\" \/>\n<meta property=\"og:description\" content=\"Povzetek opravil in nalog, ki jih je potrebno opraviti, preden se na trg uvede dolo\u010den kozmeti\u010dni proizvod. Obveznosti distributerjev kozmeti\u010dnih proizvodov na kratko.\" \/>\n<meta property=\"og:url\" content=\"https:\/\/www.msds-europe.com\/sl\/dolznosti-distributerjev-kozmeticnih-izdelkov\/\" \/>\n<meta property=\"og:site_name\" content=\"MSDS Europe\" \/>\n<meta property=\"article:publisher\" content=\"https:\/\/www.facebook.com\/toxinfokft\/\" \/>\n<meta property=\"article:modified_time\" content=\"2018-07-04T07:33:46+00:00\" \/>\n<meta name=\"twitter:card\" content=\"summary_large_image\" \/>\n<meta name=\"twitter:site\" content=\"@ToxInfoKft\" \/>\n<meta name=\"twitter:label1\" content=\"Est. reading time\" \/>\n\t<meta name=\"twitter:data1\" content=\"4 minute\" \/>\n<script type=\"application\/ld+json\" class=\"yoast-schema-graph\">{\"@context\":\"https:\/\/schema.org\",\"@graph\":[{\"@type\":\"WebPage\",\"@id\":\"https:\/\/www.msds-europe.com\/sl\/dolznosti-distributerjev-kozmeticnih-izdelkov\/\",\"url\":\"https:\/\/www.msds-europe.com\/sl\/dolznosti-distributerjev-kozmeticnih-izdelkov\/\",\"name\":\"Pravne obveznosti distributerjev kozmeti\u010dnih proizvodov\",\"isPartOf\":{\"@id\":\"https:\/\/www.msds-europe.com\/es\/#website\"},\"datePublished\":\"2018-06-25T15:31:53+00:00\",\"dateModified\":\"2018-07-04T07:33:46+00:00\",\"description\":\"Povzetek opravil in nalog, ki jih je potrebno opraviti, preden se na trg uvede dolo\u010den kozmeti\u010dni proizvod. Obveznosti distributerjev kozmeti\u010dnih proizvodov na kratko.\",\"breadcrumb\":{\"@id\":\"https:\/\/www.msds-europe.com\/sl\/dolznosti-distributerjev-kozmeticnih-izdelkov\/#breadcrumb\"},\"inLanguage\":\"sl-SI\",\"potentialAction\":[{\"@type\":\"ReadAction\",\"target\":[\"https:\/\/www.msds-europe.com\/sl\/dolznosti-distributerjev-kozmeticnih-izdelkov\/\"]}]},{\"@type\":\"BreadcrumbList\",\"@id\":\"https:\/\/www.msds-europe.com\/sl\/dolznosti-distributerjev-kozmeticnih-izdelkov\/#breadcrumb\",\"itemListElement\":[{\"@type\":\"ListItem\",\"position\":1,\"name\":\"F\u0151oldal\",\"item\":\"https:\/\/www.msds-europe.com\/sl\/\"},{\"@type\":\"ListItem\",\"position\":2,\"name\":\"Dol\u017enosti distributerjev kozmeti\u010dnih izdelkov\"}]},{\"@type\":\"WebSite\",\"@id\":\"https:\/\/www.msds-europe.com\/es\/#website\",\"url\":\"https:\/\/www.msds-europe.com\/es\/\",\"name\":\"MSDS Europe\",\"description\":\"\",\"publisher\":{\"@id\":\"https:\/\/www.msds-europe.com\/es\/#organization\"},\"potentialAction\":[{\"@type\":\"SearchAction\",\"target\":{\"@type\":\"EntryPoint\",\"urlTemplate\":\"https:\/\/www.msds-europe.com\/es\/?s={search_term_string}\"},\"query-input\":{\"@type\":\"PropertyValueSpecification\",\"valueRequired\":true,\"valueName\":\"search_term_string\"}}],\"inLanguage\":\"sl-SI\"},{\"@type\":\"Organization\",\"@id\":\"https:\/\/www.msds-europe.com\/es\/#organization\",\"name\":\"MSDS-Europe International branch of ToxInfo\",\"url\":\"https:\/\/www.msds-europe.com\/es\/\",\"logo\":{\"@type\":\"ImageObject\",\"inLanguage\":\"sl-SI\",\"@id\":\"https:\/\/www.msds-europe.com\/es\/#\/schema\/logo\/image\/\",\"url\":\"https:\/\/www.msds-europe.com\/wp-content\/uploads\/2021\/04\/msds-europe-logo.jpg\",\"contentUrl\":\"https:\/\/www.msds-europe.com\/wp-content\/uploads\/2021\/04\/msds-europe-logo.jpg\",\"width\":2296,\"height\":1067,\"caption\":\"MSDS-Europe International branch of ToxInfo\"},\"image\":{\"@id\":\"https:\/\/www.msds-europe.com\/es\/#\/schema\/logo\/image\/\"},\"sameAs\":[\"https:\/\/www.facebook.com\/toxinfokft\/\",\"https:\/\/x.com\/ToxInfoKft\"]}]}<\/script>\n<!-- \/ Yoast SEO plugin. -->","yoast_head_json":{"title":"Pravne obveznosti distributerjev kozmeti\u010dnih proizvodov","description":"Povzetek opravil in nalog, ki jih je potrebno opraviti, preden se na trg uvede dolo\u010den kozmeti\u010dni proizvod. Obveznosti distributerjev kozmeti\u010dnih proizvodov na kratko.","robots":{"index":"index","follow":"follow","max-snippet":"max-snippet:-1","max-image-preview":"max-image-preview:large","max-video-preview":"max-video-preview:-1"},"canonical":"https:\/\/www.msds-europe.com\/sl\/dolznosti-distributerjev-kozmeticnih-izdelkov\/","og_locale":"sl_SI","og_type":"article","og_title":"Pravne obveznosti distributerjev kozmeti\u010dnih proizvodov","og_description":"Povzetek opravil in nalog, ki jih je potrebno opraviti, preden se na trg uvede dolo\u010den kozmeti\u010dni proizvod. Obveznosti distributerjev kozmeti\u010dnih proizvodov na kratko.","og_url":"https:\/\/www.msds-europe.com\/sl\/dolznosti-distributerjev-kozmeticnih-izdelkov\/","og_site_name":"MSDS Europe","article_publisher":"https:\/\/www.facebook.com\/toxinfokft\/","article_modified_time":"2018-07-04T07:33:46+00:00","twitter_card":"summary_large_image","twitter_site":"@ToxInfoKft","twitter_misc":{"Est. reading time":"4 minute"},"schema":{"@context":"https:\/\/schema.org","@graph":[{"@type":"WebPage","@id":"https:\/\/www.msds-europe.com\/sl\/dolznosti-distributerjev-kozmeticnih-izdelkov\/","url":"https:\/\/www.msds-europe.com\/sl\/dolznosti-distributerjev-kozmeticnih-izdelkov\/","name":"Pravne obveznosti distributerjev kozmeti\u010dnih proizvodov","isPartOf":{"@id":"https:\/\/www.msds-europe.com\/es\/#website"},"datePublished":"2018-06-25T15:31:53+00:00","dateModified":"2018-07-04T07:33:46+00:00","description":"Povzetek opravil in nalog, ki jih je potrebno opraviti, preden se na trg uvede dolo\u010den kozmeti\u010dni proizvod. Obveznosti distributerjev kozmeti\u010dnih proizvodov na kratko.","breadcrumb":{"@id":"https:\/\/www.msds-europe.com\/sl\/dolznosti-distributerjev-kozmeticnih-izdelkov\/#breadcrumb"},"inLanguage":"sl-SI","potentialAction":[{"@type":"ReadAction","target":["https:\/\/www.msds-europe.com\/sl\/dolznosti-distributerjev-kozmeticnih-izdelkov\/"]}]},{"@type":"BreadcrumbList","@id":"https:\/\/www.msds-europe.com\/sl\/dolznosti-distributerjev-kozmeticnih-izdelkov\/#breadcrumb","itemListElement":[{"@type":"ListItem","position":1,"name":"F\u0151oldal","item":"https:\/\/www.msds-europe.com\/sl\/"},{"@type":"ListItem","position":2,"name":"Dol\u017enosti distributerjev kozmeti\u010dnih izdelkov"}]},{"@type":"WebSite","@id":"https:\/\/www.msds-europe.com\/es\/#website","url":"https:\/\/www.msds-europe.com\/es\/","name":"MSDS Europe","description":"","publisher":{"@id":"https:\/\/www.msds-europe.com\/es\/#organization"},"potentialAction":[{"@type":"SearchAction","target":{"@type":"EntryPoint","urlTemplate":"https:\/\/www.msds-europe.com\/es\/?s={search_term_string}"},"query-input":{"@type":"PropertyValueSpecification","valueRequired":true,"valueName":"search_term_string"}}],"inLanguage":"sl-SI"},{"@type":"Organization","@id":"https:\/\/www.msds-europe.com\/es\/#organization","name":"MSDS-Europe International branch of ToxInfo","url":"https:\/\/www.msds-europe.com\/es\/","logo":{"@type":"ImageObject","inLanguage":"sl-SI","@id":"https:\/\/www.msds-europe.com\/es\/#\/schema\/logo\/image\/","url":"https:\/\/www.msds-europe.com\/wp-content\/uploads\/2021\/04\/msds-europe-logo.jpg","contentUrl":"https:\/\/www.msds-europe.com\/wp-content\/uploads\/2021\/04\/msds-europe-logo.jpg","width":2296,"height":1067,"caption":"MSDS-Europe International branch of ToxInfo"},"image":{"@id":"https:\/\/www.msds-europe.com\/es\/#\/schema\/logo\/image\/"},"sameAs":["https:\/\/www.facebook.com\/toxinfokft\/","https:\/\/x.com\/ToxInfoKft"]}]}},"_links":{"self":[{"href":"https:\/\/www.msds-europe.com\/sl\/wp-json\/wp\/v2\/pages\/5997","targetHints":{"allow":["GET"]}}],"collection":[{"href":"https:\/\/www.msds-europe.com\/sl\/wp-json\/wp\/v2\/pages"}],"about":[{"href":"https:\/\/www.msds-europe.com\/sl\/wp-json\/wp\/v2\/types\/page"}],"author":[{"embeddable":true,"href":"https:\/\/www.msds-europe.com\/sl\/wp-json\/wp\/v2\/users\/2"}],"replies":[{"embeddable":true,"href":"https:\/\/www.msds-europe.com\/sl\/wp-json\/wp\/v2\/comments?post=5997"}],"version-history":[{"count":4,"href":"https:\/\/www.msds-europe.com\/sl\/wp-json\/wp\/v2\/pages\/5997\/revisions"}],"predecessor-version":[{"id":7310,"href":"https:\/\/www.msds-europe.com\/sl\/wp-json\/wp\/v2\/pages\/5997\/revisions\/7310"}],"wp:attachment":[{"href":"https:\/\/www.msds-europe.com\/sl\/wp-json\/wp\/v2\/media?parent=5997"}],"wp:term":[{"taxonomy":"post_tag","embeddable":true,"href":"https:\/\/www.msds-europe.com\/sl\/wp-json\/wp\/v2\/tags?post=5997"}],"curies":[{"name":"wp","href":"https:\/\/api.w.org\/{rel}","templated":true}]}}