{"id":5966,"date":"2018-06-25T14:08:33","date_gmt":"2018-06-25T14:08:33","guid":{"rendered":"http:\/\/www.msds-europe.com\/obveznosti-odgovorne-osebe\/"},"modified":"2018-07-04T07:33:37","modified_gmt":"2018-07-04T07:33:37","slug":"obveznosti-odgovorne-osebe","status":"publish","type":"page","link":"https:\/\/www.msds-europe.com\/sl\/obveznosti-odgovorne-osebe\/","title":{"rendered":"Obveznosti odgovorne osebe"},"content":{"rendered":"<p style=\"text-align: right;\"><em><a href=\"http:\/\/www.msds-europe.com\/sl\/kozmeticni-proizvodi\/\">Baza znanja za kozmeti\u010dne proizvode<\/a>\u00a0\u2013\u00a0Obveznosti odgovorne osebe<\/em><\/p>\n<p>&nbsp;<\/p>\n<p style=\"text-align: justify;\">V skladu z <a href=\"http:\/\/www.msds-europe.com\/sl\/kozmeticni-proizvodi\/\">Uredbo 1223\/2009\/ES<\/a> razlikujemo med dvema udele\u017eencema, katerih dol\u017enosti in odgovornosti so razli\u010dne, zato je najprej izjemno pomembno dolo\u010diti, v katero kategorijo se uvr\u0161\u010da na\u0161e podjetje.<\/p>\n<p>&nbsp;<\/p>\n<h2>Odgovorna oseba<\/h2>\n<p style=\"text-align: justify;\">Proizvajalec znotraj skupnosti je odgovorna oseba za kozmeti\u010dni proizvod, proizveden v skupnosti, ki pa ni posledi\u010dno izvo\u017een in uvo\u017een v skupnost.<\/p>\n<p style=\"text-align: justify;\">V primeru uvo\u017eenega kozmeti\u010dnega izdelka prevzame vsak uvoznik odgovornost za specifi\u010den kozmeti\u010dni izdelek, ki ga spravi v promet.\u00a0 Uvoznik lahko za odgovorno osebo pisno imenuje osebo, ki ima sede\u017e v\u00a0Skupnosti\u00a0in ki mora to pisno sprejeti.<\/p>\n<p style=\"text-align: justify;\">Distributer je odgovorna oseba, ko da na trg kozmeti\u010dni izdelek s\u00a0svojim imenom ali pod svojo blagovno znamko ali \u010de izdelek, ki je \u017ee na trgu, spremeni tako, da to vpliva na skladnost z\u00a0veljavnimi zahtevami.<\/p>\n<p>&nbsp;<\/p>\n<h2>Odgovorna oseba je lahko<\/h2>\n<ul>\n<li>proizvajalec (\u010de je proizvedeno znotraj Evropske unije)<\/li>\n<li>Uvoznik (\u010de je proizvajalec izdelka izven Evropske unije)<\/li>\n<li>distributer (\u010de tr\u017eijo izdelek pod svojo blagovno znamko)<\/li>\n<li>imenovana oseba ali dru\u017eba (ki jo imenuje proizvajalec ali uvoznik in ki sprejme v pisni obliki)<\/li>\n<\/ul>\n<p>Odgovorna oseba je zadol\u017eena, da zagotovi skladnost kozmeti\u010dnega izdelka z zahtevami Uredbe 1223\/2009\/ES.<\/p>\n<p>&nbsp;<\/p>\n<h2>Glede na predpise se lahko kozmeti\u010dni proizvod prodaja samo<\/h2>\n<ul>\n<li style=\"text-align: justify;\"><a href=\"http:\/\/www.msds-europe.com\/sl\/izdelava-ocena-varnostnih-za-kozmetiko\/\">\u010de ima ustrezni oceno varnosti in varnostno poro\u010dilo<\/a><\/li>\n<li style=\"text-align: justify;\">Dokumentacija z\u00a0informacijami o\u00a0izdelku (PIF)<\/li>\n<li style=\"text-align: justify;\"><a href=\"http:\/\/www.msds-europe.com\/sl\/izdelava-prevajanje-osnutkov-etiket-za-kozmeticne-proizvode\/\">ustrezno ozna\u010devanje<\/a><\/li>\n<li style=\"text-align: justify;\">In proizvodnja poteka v skladu z navodili direktive ISO 22716, skladno z dobro proizvodno prakso (GMP)<\/li>\n<\/ul>\n<p>&nbsp;<\/p>\n<h2>Izdelava ocene varnosti in varnostno poro\u010dilo<\/h2>\n<p style=\"text-align: justify;\">Varnostna ocena in poro\u010dilo na njeni osnovi, dokazujeta, da so kozmeti\u010dni izdelki ob normalnih oz. razumnih, predvidljivih okoli\u0161\u010dinah uporabe ne\u0161kodljivi za zdravje ljudi.<\/p>\n<p style=\"text-align: justify;\">Odgovorna oseba zagotovi, da je bila pri kozmeti\u010dnem izdelku, preden je bil dan na trg, opravljena ocena varnosti na podlagi ustreznih informacij in da je sestavljeno poro\u010dilo o\u00a0varnosti kozmeti\u010dnega izdelk.<\/p>\n<p style=\"text-align: justify;\">Varnostna ocena kozmeti\u010dnega izdelka je bistven del dokumentacije z informacijami o izdelku (PIF), ki je potrebna za distribucijo kozmeti\u010dnega izdelka.<\/p>\n<p>&nbsp;<\/p>\n<h2>Kompilacija dokumetacija z informacijami o izdelku<\/h2>\n<p style=\"text-align: justify;\">Kompilacija dokumenta z informacijami o izdelku v skladu z Uredbo 1223\/2009\/ES je kriterij distribucije in priglasitev EU kozmeti\u010dnih izdelkov (kozmetike).<\/p>\n<p style=\"text-align: justify;\"><strong>Dokumentacija z\u00a0informacijami o\u00a0izdelku (PIF) zajema naslednje informacije in podatke:<\/strong><\/p>\n<ul>\n<li style=\"text-align: justify;\">opis kozmeti\u010dnega izdelka<\/li>\n<li style=\"text-align: justify;\">poro\u010dilo o\u00a0varnosti kozmeti\u010dnega izdelka<\/li>\n<li style=\"text-align: justify;\">opis metode proizvodnje<\/li>\n<li style=\"text-align: justify;\">skladnosti z\u00a0dobro proizvodno prakso (GMP)<\/li>\n<li style=\"text-align: justify;\">dokazila o\u00a0u\u010dinku, ki naj bi ga imel kozmeti\u010dni izdelek, kadar to upravi\u010duje narava ali u\u010dinek kozmeti\u010dnega izdelka<\/li>\n<li style=\"text-align: justify;\">podatki o kakr\u0161nem koli testiranju na \u017eivalih v zvezi z razvojem ali oceno varnosti kozmeti\u010dnega izdelka ali njegovih sestavin<\/li>\n<\/ul>\n<p style=\"text-align: justify;\">Odgovorna oseba pristojnemu organu dr\u017eave \u010dlanice, v\u00a0kateri se hrani dokumentacija z\u00a0informacijami o\u00a0izdelku, vedno zagotovi dostopnost te dokumentacije na naslovu, navedenem na embala\u017ei izdelka in sicer v\u00a0elektronski\u00a0ali drugi obliki. Informacije, ki jih vsebuje dokumentacija z\u00a0informacijami o\u00a0izdelku (PIF), so na voljo v\u00a0jeziku, ki ga lahko brez te\u017eav razumejo pristojni organi dr\u017eave \u010dlanice.<\/p>\n<p style=\"text-align: justify;\">Dokumentacija z\u00a0informacijami o\u00a0izdelku se hrani \u0161e 10 let po datumu, ko je bila zadnja serija kozmeti\u010dnega izdelka dana na trg.<\/p>\n<p>&nbsp;<\/p>\n<h2>Elementi etikete<\/h2>\n<p style=\"text-align: justify;\">Kozmeti\u010dni izdelki dostopni na trgu samo, \u010de so na primarni\u00a0in skundarni embala\u017ei kozmeti\u010dnih izdelkovnaslednje informacije v\u00a0neizbrisni, \u010ditljivi\u00a0in vidni pisavi:<\/p>\n<p style=\"text-align: justify;\">1. Ime ali registrirano ime in naslov odgovorne osebe. Za uvo\u017eene kozmeti\u010dne izdelke se jasno navede dr\u017eava izvora.<\/p>\n<p style=\"text-align: justify;\">2. Nominalna vsebina ob \u010dasu pakiranja, navedena z\u00a0maso ali prostornino<\/p>\n<p style=\"text-align: justify;\">(Razen pri embala\u017ei, ki vsebuje manj kot pet gramov\u00a0ali pet mililitrov, brezpla\u010dnih vzorcih in pakiranjih za enkratno uporabo; za predpakirane izdelke, ki se obi\u010dajno prodajajo kot komplet izdelkov.)<\/p>\n<p>3. Minimalni rok trajanja<\/p>\n<p style=\"text-align: justify;\">a, Oznaka datuma najkraj\u0161ega roka trajanja za kozmeti\u010dne proizvode z rokom trajanja, ki je kraj\u0161i od 30 mesecev.<\/p>\n<p style=\"text-align: justify;\">Ustrezna oblika: po simbolu datuma za rok trajanja uporabe ali besedilu &#8220;Potrebno uporabiti do&#8221; mora biti datum najmanj\u0161ega roka trajanja jasno izra\u017een in mora biti sestavljen bodisi iz meseca in leta bodisi iz dneva, meseca in leta (v takem vrstnem redu).<\/p>\n<p style=\"text-align: justify;\">b, za kozmeti\u010dne izdelke z\u00a0minimalnim rokom trajanja ve\u010d kot 30 mesecev. je treba navesti \u010dasovno obdobje po odprtju izdelka, ko je njegova uporaba varna in ga uporabnik lahko brez \u0161kode uporablja.\u00a0 Simbolu najkraj\u0161ega roka trajanja sledi \u010das, naveden v mesecih in\/ali letih, Vendar se ta zahteva ne bi smela uporabljati, kadar pojem trajnosti izdelka po odprtju ni pomemben, to je pri izdelkih za enkratno uporabo, izdelkih, ki se ne pokvarijo, ali izdelkih, ki se ne odpirajo.<\/p>\n<p style=\"text-align: justify;\">4. Podrobni varnostni ukrepi, ki jih je treba upo\u0161tevati pri uporab.<\/p>\n<p style=\"text-align: justify;\">5. Serijska \u0161tevilka proizvodnje ali referen\u010dna \u0161tevilka za identifikacijo kozmeti\u010dnega izdelka.<\/p>\n<p style=\"text-align: justify;\">6. Namen kozmeti\u010dnega izdelka, razen \u010de je razviden iz njegovega videza<\/p>\n<p style=\"text-align: justify;\">7. Seznam sestavin po nomenklaturi INCI (International Nomenclature Cosmetic Ingredient). Te informacije morajo biti ozna\u010dene samo na zunanji embala\u017ei (\u010de je potrebno).<\/p>\n<p style=\"text-align: justify;\">Oznaka mora biti na voljo v jeziku dr\u017eave \u010dlanice, v kateri se proizvod prodaja za kon\u010dnega uporabnika (razen: &#8220;Sestavine&#8221;).<\/p>\n<p style=\"text-align: justify;\">\u010ce ni mo\u017eno navesti omenjenega podatka na oznaki zaradi prakti\u010dnih razlogov, mora biti ta podatek naveden na letaku, bro\u0161uri, traku ali kartici, ki je prilo\u017eena ali pritrjena na proizvod.<\/p>\n<p>&nbsp;<\/p>\n<h2>Priglasitev za kozmeti\u010dni proizvod<\/h2>\n<p style=\"text-align: justify;\">Pred za\u010detkom prodaje mora odgovorna oseba po elektronski poti sporo\u010diti naslednje podatke o kozmeti\u010dnem izdelku z uporabo portala <a href=\"http:\/\/www.msds-europe.com\/sl\/storitev-priglasitve-cpnp\/\">CPNP<\/a> (Priglasitev kozmeti\u010dnega proizvoda na Evropsko komisijo):<\/p>\n<ul>\n<li style=\"text-align: justify;\">kategorijo kozmeti\u010dnega izdelka in njegovo ime ali imena, ki omogo\u010dajo njegovo specifi\u010dno identifikacijo<\/li>\n<li style=\"text-align: justify;\">ime in naslov odgovorne osebe, pri kateri je dokumentacija z\u00a0informacijami o\u00a0izdelku vselej dostopen<\/li>\n<li style=\"text-align: justify;\">dr\u017eavo izvora v\u00a0primeru uvoza<\/li>\n<li style=\"text-align: justify;\">dr\u017eavo \u010dlanico, v\u00a0kateri se bo kozmeti\u010dni izdelek dal na trg<\/li>\n<li style=\"text-align: justify;\">kontaktne podatke fizi\u010dne osebe, s\u00a0katero se po potrebi lahko stopi v\u00a0stik<\/li>\n<li style=\"text-align: justify;\">prisotnost snovi v obliki nanomaterialov in njihovo identifikacijo, vklju\u010dno s kemijskim imenom in razumno predvidljive pogoje izpostavljenost<\/li>\n<li style=\"text-align: justify;\">ime, \u0161tevilka CAS ali \u0161tevilka ES snovi, ki so rakotvorne, mutagene ali strupene za razmno\u017eevanje (CMR)<\/li>\n<li>okvirno formulacijo<\/li>\n<li>originalna embala\u017ea<\/li>\n<li>fotografija embala\u017ee<\/li>\n<\/ul>\n<p>\u010ce pride do spremembe katerega koli podatka, mora odgovorna oseba to takoj posredovati oz. posodobiti preko portala <a href=\"http:\/\/www.msds-europe.com\/sl\/storitev-priglasitve-cpnp\/\">CPNP<\/a>.<\/p>\n<h3><\/h3>\n<h3><span style=\"color: #333333;\">Povezani strokovni materiali<\/span><\/h3>\n<ul>\n<li><a href=\"http:\/\/www.msds-europe.com\/sl\/dolznosti-distributerjev-kozmeticnih-izdelkov\/\">Obveznosti distributerjev kozmeti\u010dnih proizvodov<\/a><\/li>\n<\/ul>\n<p>&nbsp;<\/p>\n<h3><span style=\"color: #333333;\">Ponujene storitve<\/span><\/h3>\n<ul>\n<li><a href=\"http:\/\/www.msds-europe.com\/sl\/storitev-priglasitve-cpnp\/\">Na\u0161a storitev priglasitve na CPNP za kozmeti\u010dne proizvode<\/a><\/li>\n<li><a href=\"http:\/\/www.msds-europe.com\/sl\/izdelava-prevajanje-osnutkov-etiket-za-kozmeticne-proizvode\/\">Na\u0161a storitev izdelave in prevodov osnutkov etiket za kozmeti\u010dne proizvode<\/a><\/li>\n<li><a href=\"http:\/\/www.msds-europe.com\/sl\/izdelava-ocena-varnostnih-za-kozmetiko\/\">Na\u0161a storitev sestave ocene varnosti za kozmeti\u010dne proizvode<\/a><\/li>\n<\/ul>\n<p>&nbsp;<\/p>\n","protected":false},"excerpt":{"rendered":"<p>Naloge &#8220;odgovorne osebe&#8221;, dolo\u010dene s predpisi o kozmeti\u010dnih proizvodih.<\/p>\n","protected":false},"author":2,"featured_media":0,"parent":0,"menu_order":0,"comment_status":"closed","ping_status":"closed","template":"","meta":{"_acf_changed":false,"footnotes":""},"tags":[312,266],"class_list":["post-5966","page","type-page","status-publish","hentry","tag-baza-znanja-za-kozmeticne-proizvode","tag-kozmetika-sl"],"acf":[],"yoast_head":"<!-- This site is optimized with the Yoast SEO plugin v27.2 - https:\/\/yoast.com\/product\/yoast-seo-wordpress\/ -->\n<title>Obveznosti odgovorne osebe za kozmetiko<\/title>\n<meta name=\"description\" content=\"Naloge odgovorne osebe za uvedbo kozmeti\u010dnih proizvodov na trg. Naloge in zahteve glede proizvodnje in uvoza kozmetike.\" \/>\n<meta name=\"robots\" content=\"index, follow, max-snippet:-1, max-image-preview:large, max-video-preview:-1\" \/>\n<link rel=\"canonical\" href=\"https:\/\/www.msds-europe.com\/sl\/obveznosti-odgovorne-osebe\/\" \/>\n<meta property=\"og:locale\" content=\"sl_SI\" \/>\n<meta property=\"og:type\" content=\"article\" \/>\n<meta property=\"og:title\" content=\"Obveznosti odgovorne osebe za kozmetiko\" \/>\n<meta property=\"og:description\" content=\"Naloge odgovorne osebe za uvedbo kozmeti\u010dnih proizvodov na trg. Naloge in zahteve glede proizvodnje in uvoza kozmetike.\" \/>\n<meta property=\"og:url\" content=\"https:\/\/www.msds-europe.com\/sl\/obveznosti-odgovorne-osebe\/\" \/>\n<meta property=\"og:site_name\" content=\"MSDS Europe\" \/>\n<meta property=\"article:publisher\" content=\"https:\/\/www.facebook.com\/toxinfokft\/\" \/>\n<meta property=\"article:modified_time\" content=\"2018-07-04T07:33:37+00:00\" \/>\n<meta name=\"twitter:card\" content=\"summary_large_image\" \/>\n<meta name=\"twitter:site\" content=\"@ToxInfoKft\" \/>\n<meta name=\"twitter:label1\" content=\"Est. reading time\" \/>\n\t<meta name=\"twitter:data1\" content=\"5 minut\" \/>\n<script type=\"application\/ld+json\" class=\"yoast-schema-graph\">{\"@context\":\"https:\/\/schema.org\",\"@graph\":[{\"@type\":\"WebPage\",\"@id\":\"https:\/\/www.msds-europe.com\/sl\/obveznosti-odgovorne-osebe\/\",\"url\":\"https:\/\/www.msds-europe.com\/sl\/obveznosti-odgovorne-osebe\/\",\"name\":\"Obveznosti odgovorne osebe za kozmetiko\",\"isPartOf\":{\"@id\":\"https:\/\/www.msds-europe.com\/es\/#website\"},\"datePublished\":\"2018-06-25T14:08:33+00:00\",\"dateModified\":\"2018-07-04T07:33:37+00:00\",\"description\":\"Naloge odgovorne osebe za uvedbo kozmeti\u010dnih proizvodov na trg. Naloge in zahteve glede proizvodnje in uvoza kozmetike.\",\"breadcrumb\":{\"@id\":\"https:\/\/www.msds-europe.com\/sl\/obveznosti-odgovorne-osebe\/#breadcrumb\"},\"inLanguage\":\"sl-SI\",\"potentialAction\":[{\"@type\":\"ReadAction\",\"target\":[\"https:\/\/www.msds-europe.com\/sl\/obveznosti-odgovorne-osebe\/\"]}]},{\"@type\":\"BreadcrumbList\",\"@id\":\"https:\/\/www.msds-europe.com\/sl\/obveznosti-odgovorne-osebe\/#breadcrumb\",\"itemListElement\":[{\"@type\":\"ListItem\",\"position\":1,\"name\":\"F\u0151oldal\",\"item\":\"https:\/\/www.msds-europe.com\/sl\/\"},{\"@type\":\"ListItem\",\"position\":2,\"name\":\"Obveznosti odgovorne osebe\"}]},{\"@type\":\"WebSite\",\"@id\":\"https:\/\/www.msds-europe.com\/es\/#website\",\"url\":\"https:\/\/www.msds-europe.com\/es\/\",\"name\":\"MSDS Europe\",\"description\":\"\",\"publisher\":{\"@id\":\"https:\/\/www.msds-europe.com\/es\/#organization\"},\"potentialAction\":[{\"@type\":\"SearchAction\",\"target\":{\"@type\":\"EntryPoint\",\"urlTemplate\":\"https:\/\/www.msds-europe.com\/es\/?s={search_term_string}\"},\"query-input\":{\"@type\":\"PropertyValueSpecification\",\"valueRequired\":true,\"valueName\":\"search_term_string\"}}],\"inLanguage\":\"sl-SI\"},{\"@type\":\"Organization\",\"@id\":\"https:\/\/www.msds-europe.com\/es\/#organization\",\"name\":\"MSDS-Europe International branch of ToxInfo\",\"url\":\"https:\/\/www.msds-europe.com\/es\/\",\"logo\":{\"@type\":\"ImageObject\",\"inLanguage\":\"sl-SI\",\"@id\":\"https:\/\/www.msds-europe.com\/es\/#\/schema\/logo\/image\/\",\"url\":\"https:\/\/www.msds-europe.com\/wp-content\/uploads\/2021\/04\/msds-europe-logo.jpg\",\"contentUrl\":\"https:\/\/www.msds-europe.com\/wp-content\/uploads\/2021\/04\/msds-europe-logo.jpg\",\"width\":2296,\"height\":1067,\"caption\":\"MSDS-Europe International branch of ToxInfo\"},\"image\":{\"@id\":\"https:\/\/www.msds-europe.com\/es\/#\/schema\/logo\/image\/\"},\"sameAs\":[\"https:\/\/www.facebook.com\/toxinfokft\/\",\"https:\/\/x.com\/ToxInfoKft\"]}]}<\/script>\n<!-- \/ Yoast SEO plugin. -->","yoast_head_json":{"title":"Obveznosti odgovorne osebe za kozmetiko","description":"Naloge odgovorne osebe za uvedbo kozmeti\u010dnih proizvodov na trg. Naloge in zahteve glede proizvodnje in uvoza kozmetike.","robots":{"index":"index","follow":"follow","max-snippet":"max-snippet:-1","max-image-preview":"max-image-preview:large","max-video-preview":"max-video-preview:-1"},"canonical":"https:\/\/www.msds-europe.com\/sl\/obveznosti-odgovorne-osebe\/","og_locale":"sl_SI","og_type":"article","og_title":"Obveznosti odgovorne osebe za kozmetiko","og_description":"Naloge odgovorne osebe za uvedbo kozmeti\u010dnih proizvodov na trg. Naloge in zahteve glede proizvodnje in uvoza kozmetike.","og_url":"https:\/\/www.msds-europe.com\/sl\/obveznosti-odgovorne-osebe\/","og_site_name":"MSDS Europe","article_publisher":"https:\/\/www.facebook.com\/toxinfokft\/","article_modified_time":"2018-07-04T07:33:37+00:00","twitter_card":"summary_large_image","twitter_site":"@ToxInfoKft","twitter_misc":{"Est. reading time":"5 minut"},"schema":{"@context":"https:\/\/schema.org","@graph":[{"@type":"WebPage","@id":"https:\/\/www.msds-europe.com\/sl\/obveznosti-odgovorne-osebe\/","url":"https:\/\/www.msds-europe.com\/sl\/obveznosti-odgovorne-osebe\/","name":"Obveznosti odgovorne osebe za kozmetiko","isPartOf":{"@id":"https:\/\/www.msds-europe.com\/es\/#website"},"datePublished":"2018-06-25T14:08:33+00:00","dateModified":"2018-07-04T07:33:37+00:00","description":"Naloge odgovorne osebe za uvedbo kozmeti\u010dnih proizvodov na trg. Naloge in zahteve glede proizvodnje in uvoza kozmetike.","breadcrumb":{"@id":"https:\/\/www.msds-europe.com\/sl\/obveznosti-odgovorne-osebe\/#breadcrumb"},"inLanguage":"sl-SI","potentialAction":[{"@type":"ReadAction","target":["https:\/\/www.msds-europe.com\/sl\/obveznosti-odgovorne-osebe\/"]}]},{"@type":"BreadcrumbList","@id":"https:\/\/www.msds-europe.com\/sl\/obveznosti-odgovorne-osebe\/#breadcrumb","itemListElement":[{"@type":"ListItem","position":1,"name":"F\u0151oldal","item":"https:\/\/www.msds-europe.com\/sl\/"},{"@type":"ListItem","position":2,"name":"Obveznosti odgovorne osebe"}]},{"@type":"WebSite","@id":"https:\/\/www.msds-europe.com\/es\/#website","url":"https:\/\/www.msds-europe.com\/es\/","name":"MSDS Europe","description":"","publisher":{"@id":"https:\/\/www.msds-europe.com\/es\/#organization"},"potentialAction":[{"@type":"SearchAction","target":{"@type":"EntryPoint","urlTemplate":"https:\/\/www.msds-europe.com\/es\/?s={search_term_string}"},"query-input":{"@type":"PropertyValueSpecification","valueRequired":true,"valueName":"search_term_string"}}],"inLanguage":"sl-SI"},{"@type":"Organization","@id":"https:\/\/www.msds-europe.com\/es\/#organization","name":"MSDS-Europe International branch of ToxInfo","url":"https:\/\/www.msds-europe.com\/es\/","logo":{"@type":"ImageObject","inLanguage":"sl-SI","@id":"https:\/\/www.msds-europe.com\/es\/#\/schema\/logo\/image\/","url":"https:\/\/www.msds-europe.com\/wp-content\/uploads\/2021\/04\/msds-europe-logo.jpg","contentUrl":"https:\/\/www.msds-europe.com\/wp-content\/uploads\/2021\/04\/msds-europe-logo.jpg","width":2296,"height":1067,"caption":"MSDS-Europe International branch of ToxInfo"},"image":{"@id":"https:\/\/www.msds-europe.com\/es\/#\/schema\/logo\/image\/"},"sameAs":["https:\/\/www.facebook.com\/toxinfokft\/","https:\/\/x.com\/ToxInfoKft"]}]}},"_links":{"self":[{"href":"https:\/\/www.msds-europe.com\/sl\/wp-json\/wp\/v2\/pages\/5966","targetHints":{"allow":["GET"]}}],"collection":[{"href":"https:\/\/www.msds-europe.com\/sl\/wp-json\/wp\/v2\/pages"}],"about":[{"href":"https:\/\/www.msds-europe.com\/sl\/wp-json\/wp\/v2\/types\/page"}],"author":[{"embeddable":true,"href":"https:\/\/www.msds-europe.com\/sl\/wp-json\/wp\/v2\/users\/2"}],"replies":[{"embeddable":true,"href":"https:\/\/www.msds-europe.com\/sl\/wp-json\/wp\/v2\/comments?post=5966"}],"version-history":[{"count":3,"href":"https:\/\/www.msds-europe.com\/sl\/wp-json\/wp\/v2\/pages\/5966\/revisions"}],"predecessor-version":[{"id":7309,"href":"https:\/\/www.msds-europe.com\/sl\/wp-json\/wp\/v2\/pages\/5966\/revisions\/7309"}],"wp:attachment":[{"href":"https:\/\/www.msds-europe.com\/sl\/wp-json\/wp\/v2\/media?parent=5966"}],"wp:term":[{"taxonomy":"post_tag","embeddable":true,"href":"https:\/\/www.msds-europe.com\/sl\/wp-json\/wp\/v2\/tags?post=5966"}],"curies":[{"name":"wp","href":"https:\/\/api.w.org\/{rel}","templated":true}]}}