{"id":4787,"date":"2018-06-18T09:50:45","date_gmt":"2018-06-18T09:50:45","guid":{"rendered":"http:\/\/www.msds-europe.com\/baza-znanja-reach\/"},"modified":"2026-03-11T14:22:01","modified_gmt":"2026-03-11T14:22:01","slug":"baza-znanja-reach","status":"publish","type":"page","link":"https:\/\/www.msds-europe.com\/sl\/baza-znanja-reach\/","title":{"rendered":"Baza znanja REACH"},"content":{"rendered":"<h2><span style=\"color: #333333;\">Namen baze znanja REACH<\/span><\/h2>\n<p style=\"text-align: justify;\">Z vzpostavitvijo te baze znanja \u017eelimo pomagati vsem proizvajalcem, uporabnikom in distributerjem, ki imajo obveznosti v skladu z uredbo REACH.<\/p>\n<p style=\"text-align: justify;\">V bazi znanja REACH objavljamo predvsem \u010dlanke, ki omogo\u010dajo vpogled v osnovne obveznosti glede uredbe REACH ali pa se lahko uporabljajo kot neposreden vir informacij, ne da bi bilo treba zakonodajo temeljito poznati.<\/p>\n<p style=\"text-align: justify;\">S strokovnimi gradivi, objavljenimi na na\u0161i spletni strani, \u017eelimo podjetjem omogo\u010diti, da la\u017eje prepoznajo svojo vklju\u010denost v uredbo REACH in svoje odgovornosti v zvezi s tem.<\/p>\n<p style=\"text-align: justify;\">Za dolo\u010dene predpise \u017eelimo posredovati osnovne informacije in seznam s tem povezanih nalog, ki vam bodo pomagale najti prave smernice za izvajanje zahtev.<\/p>\n<p>&nbsp;<\/p>\n<p style=\"text-align: justify;\"><strong>Pozor!<\/strong><br \/>\nNekateri \u010dlanki na na\u0161ih spletnih straneh zaradi la\u017ejega razumevanja ne obravnavajo nujno vseh vidikov kemijske varnosti, zato lahko vsebujejo nekatere poenostavljene izjave.<\/p>\n<p style=\"text-align: justify;\">V vsakem primeru je treba naloge v zvezi z uredbo REACH za posamezno podjetje opredeliti na podlagi dejanskih obveznosti s podro\u010dja kemijske varnosti; kot veljavno podlago je mogo\u010de upo\u0161tevati le besedilo veljavne zakonodaje.<\/p>\n<p style=\"text-align: justify;\">Preverite najnovej\u0161e dopolnjene predpise uredbe REACH v razdelku &#8220;<a href=\"https:\/\/www.msds-europe.com\/sl\/spremembe-predpisov-varnost-pred-kemikalijami\/\">Predpisi na podro\u010dju kemijske varnosti<\/a>&#8220;.<\/p>\n<p>&nbsp;<\/p>\n<p><strong>Zadnji \u010dlanki v bazi znanja REACH<\/strong><\/p>\n<ul>\n<li><a href=\"https:\/\/www.msds-europe.com\/distributors-reach-communication-obligations\/\">Obveznosti distributerjev glede na REACH<\/a><\/li>\n<li><a href=\"https:\/\/www.msds-europe.com\/authorization-svhc-substances\/\">Avtorizacija snovi SVHC<\/a><\/li>\n<li><a href=\"https:\/\/www.msds-europe.com\/downstream-user-reach-communication-obligations\/\">Obveznosti uporabnikov glede na REACH<\/a><\/li>\n<\/ul>\n<p>&nbsp;<\/p>\n<h4><span style=\"color: #333333;\">Drugi uporabni \u010dlanki<\/span><\/h4>\n<p><a href=\"https:\/\/www.msds-europe.com\/sl\/baza-znanja-varnostnih-listov\/\"><img decoding=\"async\" class=\"size-full wp-image-33633 alignright\" src=\"https:\/\/www.msds-europe.com\/wp-content\/uploads\/2025\/06\/MSDS-Europe-\u2013-Strokovni-viri.jpg\" alt=\"\" width=\"300\" height=\"277\" \/><\/a><\/p>\n<h3>Baza znanja o varnostnih listih<\/h3>\n<p style=\"text-align: justify;\">V kategoriji \u00bb<strong>Baza znanja VL<\/strong>\u00ab objavljamo predvsem \u010dlanke, ki opozarjajo na temeljne obveznosti in klju\u010dne informacije o varnostnih listih.<\/p>\n<p style=\"text-align: justify;\"><em>Novi \u010dlanki v kategoriji \u00bbBaza znanja VL\u00ab:<\/em><\/p>\n<ul>\n<li style=\"text-align: justify;\"><a href=\"https:\/\/www.msds-europe.com\/sl\/clp-2026-razredi-nevarnosti-zmesi-sds-oznacevanje\/\"><em>CLP 2026: novi razredi nevarnosti za zmesi \u2013 kaj storiti<\/em><\/a><\/li>\n<li style=\"text-align: justify;\"><a href=\"https:\/\/www.msds-europe.com\/sl\/sds-jezikovne-zahteve\/\"><em>Jezik varnostnega lista v EU \u2013 v katerem jeziku je SDS obvezna?<\/em><\/a><\/li>\n<li style=\"text-align: justify;\"><a href=\"https:\/\/www.msds-europe.com\/sl\/sds-viri-informacij-podatkovne-zbirke\/\"><em>Uporabni viri informacij in podatkovne zbirke za pripravo SDS<\/em><\/a><\/li>\n<li style=\"text-align: justify;\"><a href=\"https:\/\/www.msds-europe.com\/sl\/sds-oddelek-1-identifikator-izdelka-zmesi-ufi\/\"><em>SDS oddelek 1: identifikator izdelka in UFI<\/em><\/a><\/li>\n<\/ul>\n<p>&nbsp;<\/p>\n<h3>Kompas k kemijski varnosti<\/h3>\n<p style=\"text-align: justify;\"><strong><a href=\"https:\/\/www.msds-europe.com\/sl\/kompas-k-kemijski-varnosti\/\"><img decoding=\"async\" class=\"alignright size-full wp-image-33645\" src=\"https:\/\/www.msds-europe.com\/wp-content\/uploads\/2025\/06\/MSDS-Europe-\u2013-Kompas-kemijske-varnosti.jpg\" alt=\"\" width=\"300\" height=\"180\" \/><\/a>Kemijska varnost na razumljiv na\u010din.<\/strong><\/p>\n<p style=\"text-align: justify;\">Dostopnej\u0161i \u010dlanki o kemijski varnosti s koristnimi ozadji in analizami.<\/p>\n<p style=\"text-align: justify;\"><em>Najnovej\u0161i \u010dlanki iz Kompasa k kemijski varnosti:<\/em><\/p>\n<ul>\n<li><a href=\"https:\/\/www.msds-europe.com\/sl\/kompas-k-kemijski-varnosti\/#firefighting-foams\"><em>Postopna opustitev gasilskih pen, ki vsebujejo PFAS: roki, prehod in ravnanje z odpadki<\/em><\/a><\/li>\n<li><a href=\"https:\/\/www.msds-europe.com\/sl\/kompas-k-kemijski-varnosti\/#clp-trap\"><em>Past CLP za proizvajalce zmesi v letu 2026: roki za snovi in zmesi ter klju\u010dne to\u010dke ukrepanja<\/em><\/a><\/li>\n<li><a href=\"https:\/\/www.msds-europe.com\/sl\/kompas-k-kemijski-varnosti\/#digital-label\"><em>Digitalna etiketa v CLP: obveznosti, ukrepi podjetja in tehni\u010dna izvedba (QR koda)<\/em><\/a><\/li>\n<li style=\"text-align: justify;\"><a href=\"https:\/\/www.msds-europe.com\/sl\/kompas-k-kemijski-varnosti\/#koledar-2026\"><em>Koledar 2026 rokov in ukrepov na podro\u010dju kemijske varnosti<\/em><\/a><\/li>\n<li style=\"text-align: justify;\"><a href=\"https:\/\/www.msds-europe.com\/sl\/kompas-k-kemijski-varnosti\/#spletno-oglasevanje\"><em>Nova pravila CLP za spletne trgovine: ozna\u010devanje in ogla\u0161evanje<\/em><\/a><\/li>\n<\/ul>\n<p>&nbsp;<\/p>\n<h4><span style=\"color: #333333;\">Imate dodatna vpra\u0161anja?<\/span><\/h4>\n<p style=\"text-align: justify;\">Kontaktirajte na\u0161 oddelek za stranke ali vpra\u0161ajte na\u0161ega strokovnjaka na spletu.<\/p>\n<a href=\"https:\/\/www.msds-europe.com\/sl\/sluzba-za-stranke\/\" class=\"su-button su-button-style-default\" style=\"color:#ef552d;background-color:#fefefe;border-color:#cccccc;border-radius:6px\" target=\"_self\"><span style=\"color:#ef552d;padding:0px 18px;font-size:14px;line-height:28px;border-color:#ffffff;border-radius:6px;text-shadow:none\"> Oddelek za stranke<\/span><\/a> <a href=\"https:\/\/www.msds-europe.com\/sl\/spletno-svetovanje\/\" class=\"su-button su-button-style-default\" style=\"color:#ffffff;background-color:#ef552d;border-color:#c04424;border-radius:6px\" target=\"_self\"><span style=\"color:#ffffff;padding:0px 18px;font-size:14px;line-height:28px;border-color:#f4886c;border-radius:6px;text-shadow:0px 0px 2px #ffffff\"> Vpra\u0161ajte strokovnjaka<\/span><\/a>\n<p>&nbsp;<\/p>\n<h4><span style=\"color: #333333;\">Priporo\u010dene storitve:<\/span><\/h4>\n<ul>\n<li><a href=\"https:\/\/www.msds-europe.com\/sl\/prevajanje-varnostnih-listov\/\">Prevajanje varnostnih listov<\/a><\/li>\n<li><a href=\"https:\/\/www.msds-europe.com\/sl\/izdelava-sestava-varnostnega-lista\/\">Sestava in izdelava varnostnega lista<\/a><\/li>\n<li><a href=\"https:\/\/www.msds-europe.com\/sl\/ufi-storitev\/\">Na\u0161e storitve v zvezi s prijavo PCN<\/a><\/li>\n<\/ul>\n<p>&nbsp;<\/p>\n","protected":false},"excerpt":{"rendered":"<p>Baza znanja REACH vsebuje koristne informacije, potrebne za skladnost z zahtevami REACH za vse stopnje dobaviteljske verige.<\/p>\n","protected":false},"author":2,"featured_media":0,"parent":0,"menu_order":0,"comment_status":"closed","ping_status":"closed","template":"page-category.php","meta":{"_acf_changed":false,"footnotes":""},"tags":[313],"class_list":["post-4787","page","type-page","status-publish","hentry","tag-baza-znanja-sl"],"acf":[],"yoast_head":"<!-- This site is optimized with the Yoast SEO plugin v27.2 - https:\/\/yoast.com\/product\/yoast-seo-wordpress\/ -->\n<title>Baza znanja REACH: vodi\u010di in obveznosti | MSDS-Europe<\/title>\n<meta name=\"description\" content=\"Prakti\u010dni \u010dlanki o zahtevah REACH za proizvajalce, uvoznike, distributerje in nadaljnje uporabnike \u2013 jasno, a\u017eurno in razumljivo.\" \/>\n<meta name=\"robots\" content=\"index, follow, max-snippet:-1, max-image-preview:large, max-video-preview:-1\" \/>\n<link rel=\"canonical\" href=\"https:\/\/www.msds-europe.com\/sl\/baza-znanja-reach\/\" \/>\n<meta property=\"og:locale\" content=\"sl_SI\" \/>\n<meta property=\"og:type\" content=\"article\" \/>\n<meta property=\"og:title\" content=\"Baza znanja REACH: vodi\u010di in obveznosti | MSDS-Europe\" \/>\n<meta property=\"og:description\" content=\"Prakti\u010dni \u010dlanki o zahtevah REACH za proizvajalce, uvoznike, distributerje in nadaljnje uporabnike \u2013 jasno, a\u017eurno in razumljivo.\" \/>\n<meta property=\"og:url\" content=\"https:\/\/www.msds-europe.com\/sl\/baza-znanja-reach\/\" \/>\n<meta property=\"og:site_name\" content=\"MSDS Europe\" \/>\n<meta property=\"article:publisher\" content=\"https:\/\/www.facebook.com\/toxinfokft\/\" \/>\n<meta property=\"article:modified_time\" content=\"2026-03-11T14:22:01+00:00\" \/>\n<meta name=\"twitter:card\" content=\"summary_large_image\" \/>\n<meta name=\"twitter:site\" content=\"@ToxInfoKft\" \/>\n<meta name=\"twitter:label1\" content=\"Est. reading time\" \/>\n\t<meta name=\"twitter:data1\" content=\"3 minute\" \/>\n<script type=\"application\/ld+json\" class=\"yoast-schema-graph\">{\"@context\":\"https:\/\/schema.org\",\"@graph\":[{\"@type\":\"WebPage\",\"@id\":\"https:\/\/www.msds-europe.com\/sl\/baza-znanja-reach\/\",\"url\":\"https:\/\/www.msds-europe.com\/sl\/baza-znanja-reach\/\",\"name\":\"Baza znanja REACH: vodi\u010di in obveznosti | MSDS-Europe\",\"isPartOf\":{\"@id\":\"https:\/\/www.msds-europe.com\/es\/#website\"},\"datePublished\":\"2018-06-18T09:50:45+00:00\",\"dateModified\":\"2026-03-11T14:22:01+00:00\",\"description\":\"Prakti\u010dni \u010dlanki o zahtevah REACH za proizvajalce, uvoznike, distributerje in nadaljnje uporabnike \u2013 jasno, a\u017eurno in razumljivo.\",\"breadcrumb\":{\"@id\":\"https:\/\/www.msds-europe.com\/sl\/baza-znanja-reach\/#breadcrumb\"},\"inLanguage\":\"sl-SI\",\"potentialAction\":[{\"@type\":\"ReadAction\",\"target\":[\"https:\/\/www.msds-europe.com\/sl\/baza-znanja-reach\/\"]}]},{\"@type\":\"BreadcrumbList\",\"@id\":\"https:\/\/www.msds-europe.com\/sl\/baza-znanja-reach\/#breadcrumb\",\"itemListElement\":[{\"@type\":\"ListItem\",\"position\":1,\"name\":\"F\u0151oldal\",\"item\":\"https:\/\/www.msds-europe.com\/sl\/\"},{\"@type\":\"ListItem\",\"position\":2,\"name\":\"Baza znanja REACH\"}]},{\"@type\":\"WebSite\",\"@id\":\"https:\/\/www.msds-europe.com\/es\/#website\",\"url\":\"https:\/\/www.msds-europe.com\/es\/\",\"name\":\"MSDS Europe\",\"description\":\"\",\"publisher\":{\"@id\":\"https:\/\/www.msds-europe.com\/es\/#organization\"},\"potentialAction\":[{\"@type\":\"SearchAction\",\"target\":{\"@type\":\"EntryPoint\",\"urlTemplate\":\"https:\/\/www.msds-europe.com\/es\/?s={search_term_string}\"},\"query-input\":{\"@type\":\"PropertyValueSpecification\",\"valueRequired\":true,\"valueName\":\"search_term_string\"}}],\"inLanguage\":\"sl-SI\"},{\"@type\":\"Organization\",\"@id\":\"https:\/\/www.msds-europe.com\/es\/#organization\",\"name\":\"MSDS-Europe International branch of ToxInfo\",\"url\":\"https:\/\/www.msds-europe.com\/es\/\",\"logo\":{\"@type\":\"ImageObject\",\"inLanguage\":\"sl-SI\",\"@id\":\"https:\/\/www.msds-europe.com\/es\/#\/schema\/logo\/image\/\",\"url\":\"https:\/\/www.msds-europe.com\/wp-content\/uploads\/2021\/04\/msds-europe-logo.jpg\",\"contentUrl\":\"https:\/\/www.msds-europe.com\/wp-content\/uploads\/2021\/04\/msds-europe-logo.jpg\",\"width\":2296,\"height\":1067,\"caption\":\"MSDS-Europe International branch of ToxInfo\"},\"image\":{\"@id\":\"https:\/\/www.msds-europe.com\/es\/#\/schema\/logo\/image\/\"},\"sameAs\":[\"https:\/\/www.facebook.com\/toxinfokft\/\",\"https:\/\/x.com\/ToxInfoKft\"]}]}<\/script>\n<!-- \/ Yoast SEO plugin. -->","yoast_head_json":{"title":"Baza znanja REACH: vodi\u010di in obveznosti | MSDS-Europe","description":"Prakti\u010dni \u010dlanki o zahtevah REACH za proizvajalce, uvoznike, distributerje in nadaljnje uporabnike \u2013 jasno, a\u017eurno in razumljivo.","robots":{"index":"index","follow":"follow","max-snippet":"max-snippet:-1","max-image-preview":"max-image-preview:large","max-video-preview":"max-video-preview:-1"},"canonical":"https:\/\/www.msds-europe.com\/sl\/baza-znanja-reach\/","og_locale":"sl_SI","og_type":"article","og_title":"Baza znanja REACH: vodi\u010di in obveznosti | MSDS-Europe","og_description":"Prakti\u010dni \u010dlanki o zahtevah REACH za proizvajalce, uvoznike, distributerje in nadaljnje uporabnike \u2013 jasno, a\u017eurno in razumljivo.","og_url":"https:\/\/www.msds-europe.com\/sl\/baza-znanja-reach\/","og_site_name":"MSDS Europe","article_publisher":"https:\/\/www.facebook.com\/toxinfokft\/","article_modified_time":"2026-03-11T14:22:01+00:00","twitter_card":"summary_large_image","twitter_site":"@ToxInfoKft","twitter_misc":{"Est. reading time":"3 minute"},"schema":{"@context":"https:\/\/schema.org","@graph":[{"@type":"WebPage","@id":"https:\/\/www.msds-europe.com\/sl\/baza-znanja-reach\/","url":"https:\/\/www.msds-europe.com\/sl\/baza-znanja-reach\/","name":"Baza znanja REACH: vodi\u010di in obveznosti | MSDS-Europe","isPartOf":{"@id":"https:\/\/www.msds-europe.com\/es\/#website"},"datePublished":"2018-06-18T09:50:45+00:00","dateModified":"2026-03-11T14:22:01+00:00","description":"Prakti\u010dni \u010dlanki o zahtevah REACH za proizvajalce, uvoznike, distributerje in nadaljnje uporabnike \u2013 jasno, a\u017eurno in razumljivo.","breadcrumb":{"@id":"https:\/\/www.msds-europe.com\/sl\/baza-znanja-reach\/#breadcrumb"},"inLanguage":"sl-SI","potentialAction":[{"@type":"ReadAction","target":["https:\/\/www.msds-europe.com\/sl\/baza-znanja-reach\/"]}]},{"@type":"BreadcrumbList","@id":"https:\/\/www.msds-europe.com\/sl\/baza-znanja-reach\/#breadcrumb","itemListElement":[{"@type":"ListItem","position":1,"name":"F\u0151oldal","item":"https:\/\/www.msds-europe.com\/sl\/"},{"@type":"ListItem","position":2,"name":"Baza znanja REACH"}]},{"@type":"WebSite","@id":"https:\/\/www.msds-europe.com\/es\/#website","url":"https:\/\/www.msds-europe.com\/es\/","name":"MSDS Europe","description":"","publisher":{"@id":"https:\/\/www.msds-europe.com\/es\/#organization"},"potentialAction":[{"@type":"SearchAction","target":{"@type":"EntryPoint","urlTemplate":"https:\/\/www.msds-europe.com\/es\/?s={search_term_string}"},"query-input":{"@type":"PropertyValueSpecification","valueRequired":true,"valueName":"search_term_string"}}],"inLanguage":"sl-SI"},{"@type":"Organization","@id":"https:\/\/www.msds-europe.com\/es\/#organization","name":"MSDS-Europe International branch of ToxInfo","url":"https:\/\/www.msds-europe.com\/es\/","logo":{"@type":"ImageObject","inLanguage":"sl-SI","@id":"https:\/\/www.msds-europe.com\/es\/#\/schema\/logo\/image\/","url":"https:\/\/www.msds-europe.com\/wp-content\/uploads\/2021\/04\/msds-europe-logo.jpg","contentUrl":"https:\/\/www.msds-europe.com\/wp-content\/uploads\/2021\/04\/msds-europe-logo.jpg","width":2296,"height":1067,"caption":"MSDS-Europe International branch of ToxInfo"},"image":{"@id":"https:\/\/www.msds-europe.com\/es\/#\/schema\/logo\/image\/"},"sameAs":["https:\/\/www.facebook.com\/toxinfokft\/","https:\/\/x.com\/ToxInfoKft"]}]}},"_links":{"self":[{"href":"https:\/\/www.msds-europe.com\/sl\/wp-json\/wp\/v2\/pages\/4787","targetHints":{"allow":["GET"]}}],"collection":[{"href":"https:\/\/www.msds-europe.com\/sl\/wp-json\/wp\/v2\/pages"}],"about":[{"href":"https:\/\/www.msds-europe.com\/sl\/wp-json\/wp\/v2\/types\/page"}],"author":[{"embeddable":true,"href":"https:\/\/www.msds-europe.com\/sl\/wp-json\/wp\/v2\/users\/2"}],"replies":[{"embeddable":true,"href":"https:\/\/www.msds-europe.com\/sl\/wp-json\/wp\/v2\/comments?post=4787"}],"version-history":[{"count":13,"href":"https:\/\/www.msds-europe.com\/sl\/wp-json\/wp\/v2\/pages\/4787\/revisions"}],"predecessor-version":[{"id":38590,"href":"https:\/\/www.msds-europe.com\/sl\/wp-json\/wp\/v2\/pages\/4787\/revisions\/38590"}],"wp:attachment":[{"href":"https:\/\/www.msds-europe.com\/sl\/wp-json\/wp\/v2\/media?parent=4787"}],"wp:term":[{"taxonomy":"post_tag","embeddable":true,"href":"https:\/\/www.msds-europe.com\/sl\/wp-json\/wp\/v2\/tags?post=4787"}],"curies":[{"name":"wp","href":"https:\/\/api.w.org\/{rel}","templated":true}]}}