{"id":4634,"date":"2018-06-17T09:23:48","date_gmt":"2018-06-17T09:23:48","guid":{"rendered":"http:\/\/www.msds-europe.com\/storitve-v-zvezi-s-spletno-zahtevo-za-ponudbo-varnostnih-listov\/"},"modified":"2026-02-20T13:36:36","modified_gmt":"2026-02-20T13:36:36","slug":"zahteva-ponudbo-varnostni-list","status":"publish","type":"page","link":"https:\/\/www.msds-europe.com\/sl\/zahteva-ponudbo-varnostni-list\/","title":{"rendered":"Storitve v zvezi s spletno zahtevo za ponudbo varnostnih listov"},"content":{"rendered":"<p style=\"text-align: right;\"><em><a href=\"https:\/\/www.msds-europe.com\/sl\/\">MSDS-Europe<\/a> \u2013 Storitve v zvezi z oddajo povpra\u0161evanja za varnostne liste<\/em><\/p>\n<p style=\"text-align: justify;\"><strong>V 24 urah<\/strong> po prejemu povpra\u0161evanja vam bomo poslali pisno ponudbo za izbrano storitev.<\/p>\n<p style=\"text-align: justify;\">Prosimo, ne pozabite, da vam lahko v primeru ve\u010djega \u0161tevila naro\u010dil ponudimo znatno ni\u017ejo ceno.<br \/>\n\u010ce se odlo\u010dite za pogodbeno sodelovanje, vam lahko odobrimo koli\u010dinski popust tudi za ocenjeno letno koli\u010dino.<\/p>\n<p>&nbsp;<\/p>\n<h2 style=\"text-align: justify;\">Pomo\u010d pri izbiri prave storitve<\/h2>\n<p style=\"text-align: justify;\">Na\u0161o <a href=\"https:\/\/www.msds-europe.com\/sl\/izdelava-sestava-varnostnega-lista\/\">storitev izdelave varnostnih listov<\/a> priporo\u010damo predvsem uporabnikom, ki proizvajajo zmesi, ali uvoznikom, ki morajo izpolniti obveznost razvr\u0161\u010danja svojih izdelkov in\/ali zanje pripraviti varnostni list.<\/p>\n<p style=\"text-align: justify;\">Na\u0161o <a href=\"https:\/\/www.msds-europe.com\/sl\/prevajanje-varnostnih-listov\/\">storitev prevajanja varnostnih listov<\/a> priporo\u010damo predvsem distributerjem in uvoznikom. Nudimo prevod varnostnega lista iz katerega koli uradnega jezika EU v kateri koli jezik EU.<br \/>\nKot dodatno storitev priporo\u010damo tudi naro\u010dilo osnutka etikete v skladu z varnostnim listom.<\/p>\n<p style=\"text-align: justify;\">\u010ce \u017eelite naro\u010diti dodatno storitev, to ozna\u010dite v razdelku \u00bbOpomba\u00ab.<\/p>\n<p style=\"text-align: justify;\">Na\u0161o <a href=\"https:\/\/www.msds-europe.com\/sl\/izdelava-sestava-varnostnega-lista\/\">storitev revizije varnostnega lista<\/a> priporo\u010damo v vseh primerih, ko pride do ve\u010djih sprememb vsebine varnostnega lista ali ko so te potrebne zaradi sprememb zakonodaje.<\/p>\n<p>&nbsp;<\/p>\n<h2 style=\"text-align: justify;\">Povpra\u0161evanje za hitre storitve<\/h2>\n<p style=\"text-align: justify;\">Tako na\u0161i storitvi prevajanja in revizije varnostnih listov kot tudi <a href=\"https:\/\/www.msds-europe.com\/sl\/izdelava-osnutkov-etiket\/\">izdelava osnutkov etiket<\/a> so na voljo tudi kot <a href=\"https:\/\/www.msds-europe.com\/sl\/hitre-storitve-varnostne-liste\/\">hitre storitve<\/a>, celo z rokom izvedbe 24 ur.<\/p>\n<p>&nbsp;<\/p>\n<p style=\"text-align: justify;\"><em>\u010ce imate kakr\u0161na koli vpra\u0161anja o naro\u010dilu ali v zvezi s kemijsko varnostjo, se obrnite na <a href=\"https:\/\/www.msds-europe.com\/sl\/sluzba-za-stranke\/\">slu\u017ebo za stranke<\/a>.<\/em><\/p>\n<h4><\/h4>\n\n<div class=\"wpcf7 no-js\" id=\"wpcf7-f6138-o1\" lang=\"hu-HU\" dir=\"ltr\" data-wpcf7-id=\"6138\">\n<div class=\"screen-reader-response\"><p role=\"status\" aria-live=\"polite\" aria-atomic=\"true\"><\/p> <ul><\/ul><\/div>\n<form action=\"\/sl\/wp-json\/wp\/v2\/pages\/4634#wpcf7-f6138-o1\" method=\"post\" class=\"wpcf7-form init\" aria-label=\"Kapcsolatfelv\u00e9teli \u0171rlap\" novalidate=\"novalidate\" data-status=\"init\">\n<fieldset class=\"hidden-fields-container\"><input type=\"hidden\" name=\"_wpcf7\" value=\"6138\" \/><input type=\"hidden\" name=\"_wpcf7_version\" value=\"6.1.5\" \/><input type=\"hidden\" name=\"_wpcf7_locale\" value=\"hu_HU\" \/><input type=\"hidden\" name=\"_wpcf7_unit_tag\" value=\"wpcf7-f6138-o1\" \/><input type=\"hidden\" name=\"_wpcf7_container_post\" value=\"0\" \/><input type=\"hidden\" name=\"_wpcf7_posted_data_hash\" value=\"\" \/><input type=\"hidden\" name=\"_wpcf7_recaptcha_response\" value=\"\" \/>\n<\/fieldset>\n<div class=\"arajanlatkeres_form\">\n\t<div class=\"row contact_row\">\n\t\t<div class=\"col-sm-5 col-sm-offset-1\">\n\t\t\t<p><label>Ime kontaktne osebe<\/label>\n\t\t\t<\/p>\n\t\t<\/div>\n\t\t<div class=\"col-sm-5\">\n\t\t\t<p><span class=\"wpcf7-form-control-wrap\" data-name=\"your-name\"><input size=\"40\" maxlength=\"400\" class=\"wpcf7-form-control wpcf7-text wpcf7-validates-as-required\" aria-required=\"true\" aria-invalid=\"false\" value=\"\" type=\"text\" name=\"your-name\" \/><\/span>\n\t\t\t<\/p>\n\t\t<\/div>\n\t<\/div>\n\t<div class=\"row contact_row\">\n\t\t<div class=\"col-sm-5 col-sm-offset-1\">\n\t\t\t<p><label>Ime podjetja<\/label>\n\t\t\t<\/p>\n\t\t<\/div>\n\t\t<div class=\"col-sm-5\">\n\t\t\t<p><span class=\"wpcf7-form-control-wrap\" data-name=\"company-name\"><input size=\"40\" maxlength=\"400\" class=\"wpcf7-form-control wpcf7-text wpcf7-validates-as-required\" aria-required=\"true\" aria-invalid=\"false\" value=\"\" type=\"text\" name=\"company-name\" \/><\/span>\n\t\t\t<\/p>\n\t\t<\/div>\n\t<\/div>\n\t<div class=\"row contact_row\">\n\t\t<div class=\"col-sm-5 col-sm-offset-1\">\n\t\t\t<p><label>Naslov podjetja<\/label>\n\t\t\t<\/p>\n\t\t<\/div>\n\t\t<div class=\"col-sm-5\">\n\t\t\t<p><span class=\"wpcf7-form-control-wrap\" data-name=\"company-address\"><input size=\"40\" maxlength=\"400\" class=\"wpcf7-form-control wpcf7-text wpcf7-validates-as-required\" aria-required=\"true\" aria-invalid=\"false\" value=\"\" type=\"text\" name=\"company-address\" \/><\/span>\n\t\t\t<\/p>\n\t\t<\/div>\n\t<\/div>\n\t<div class=\"row contact_row\">\n\t\t<div class=\"col-sm-5 col-sm-offset-1\">\n\t\t\t<p><label>Telefonska \u0161tevilka<\/label>\n\t\t\t<\/p>\n\t\t<\/div>\n\t\t<div class=\"col-sm-5\">\n\t\t\t<p><span class=\"wpcf7-form-control-wrap\" data-name=\"company-phone\"><input size=\"40\" maxlength=\"400\" class=\"wpcf7-form-control wpcf7-text wpcf7-validates-as-required\" aria-required=\"true\" aria-invalid=\"false\" value=\"\" type=\"text\" name=\"company-phone\" \/><\/span>\n\t\t\t<\/p>\n\t\t<\/div>\n\t<\/div>\n\t<div class=\"row contact_row\">\n\t\t<div class=\"col-sm-5 col-sm-offset-1\">\n\t\t\t<p><label>E-po\u0161tni naslov <\/label>\n\t\t\t<\/p>\n\t\t<\/div>\n\t\t<div class=\"col-sm-5\">\n\t\t\t<p><span class=\"wpcf7-form-control-wrap\" data-name=\"your-email\"><input size=\"40\" maxlength=\"400\" class=\"wpcf7-form-control wpcf7-email wpcf7-validates-as-required wpcf7-text wpcf7-validates-as-email\" aria-required=\"true\" aria-invalid=\"false\" value=\"\" type=\"email\" name=\"your-email\" \/><\/span>\n\t\t\t<\/p>\n\t\t<\/div>\n\t<\/div>\n\t<div class=\"row contact_row\">\n\t\t<div class=\"col-sm-5 col-sm-offset-1\">\n\t\t\t<p><label>Jezik izvornega varnostnega lista<\/label>\n\t\t\t<\/p>\n\t\t<\/div>\n\t\t<div class=\"col-sm-5\">\n\t\t\t<p><span class=\"wpcf7-form-control-wrap\" data-name=\"language\"><input size=\"40\" maxlength=\"400\" class=\"wpcf7-form-control wpcf7-text wpcf7-validates-as-required\" aria-required=\"true\" aria-invalid=\"false\" value=\"\" type=\"text\" name=\"language\" \/><\/span>\n\t\t\t<\/p>\n\t\t<\/div>\n\t<\/div>\n\t<div class=\"row contact_row\">\n\t\t<div class=\"col-sm-5 col-sm-offset-1\">\n\t\t\t<p><label>Ciljni jezik in ciljna dr\u017eava (v primeru prevoda)<\/label>\n\t\t\t<\/p>\n\t\t<\/div>\n\t\t<div class=\"col-sm-5\">\n\t\t\t<p><span class=\"wpcf7-form-control-wrap\" data-name=\"wished-language\"><input size=\"40\" maxlength=\"400\" class=\"wpcf7-form-control wpcf7-text\" aria-invalid=\"false\" value=\"\" type=\"text\" name=\"wished-language\" \/><\/span>\n\t\t\t<\/p>\n\t\t<\/div>\n\t<\/div>\n\t<div class=\"row contact_row\">\n\t\t<div class=\"col-sm-5 col-sm-offset-1\">\n\t\t\t<p><label>Koli\u010dina<\/label>\n\t\t\t<\/p>\n\t\t<\/div>\n\t\t<div class=\"col-sm-5\">\n\t\t\t<p><span class=\"wpcf7-form-control-wrap\" data-name=\"number\"><input size=\"40\" maxlength=\"400\" class=\"wpcf7-form-control wpcf7-text wpcf7-validates-as-required\" aria-required=\"true\" aria-invalid=\"false\" value=\"\" type=\"text\" name=\"number\" \/><\/span>\n\t\t\t<\/p>\n\t\t<\/div>\n\t<\/div>\n\t<div class=\"row contact_row\">\n\t\t<div class=\"col-sm-5 col-sm-offset-1\">\n\t\t\t<p><label>Pripomba<\/label>\n\t\t\t<\/p>\n\t\t<\/div>\n\t\t<div class=\"col-sm-5\">\n\t\t\t<p><span class=\"wpcf7-form-control-wrap\" data-name=\"your-message\"><textarea cols=\"40\" rows=\"10\" maxlength=\"2000\" class=\"wpcf7-form-control wpcf7-textarea\" aria-invalid=\"false\" name=\"your-message\"><\/textarea><\/span>\n\t\t\t<\/p>\n\t\t<\/div>\n\t<\/div>\n\t<div class=\"row contact_row\">\n\t\t<div class=\"col-sm-10 col-sm-offset-1\">\n\t\t\t<p><span class=\"wpcf7-form-control-wrap\" data-name=\"radio-917\"><span class=\"wpcf7-form-control wpcf7-radio\"><span class=\"wpcf7-list-item first\"><input type=\"radio\" name=\"radio-917\" value=\"Izdelava novega varnostnega lista\" checked=\"checked\" \/><span class=\"wpcf7-list-item-label\">Izdelava novega varnostnega lista<\/span><\/span><span class=\"wpcf7-list-item\"><input type=\"radio\" name=\"radio-917\" value=\"Revizija (posodobitev) varnostnega lista\" \/><span class=\"wpcf7-list-item-label\">Revizija (posodobitev) varnostnega lista<\/span><\/span><span class=\"wpcf7-list-item\"><input type=\"radio\" name=\"radio-917\" value=\"Prevajanje varnostnih listov (pri prilagajanja)\" \/><span class=\"wpcf7-list-item-label\">Prevajanje varnostnih listov (pri prilagajanja)<\/span><\/span><span class=\"wpcf7-list-item last\"><input type=\"radio\" name=\"radio-917\" value=\"Prevajanje varnostnih listov (brez prilagajanja)\" \/><span class=\"wpcf7-list-item-label\">Prevajanje varnostnih listov (brez prilagajanja)<\/span><\/span><\/span><\/span>\n\t\t\t<\/p>\n\t\t<\/div>\n\t<\/div>\n\t<div class=\"row contact_row policy_row\">\n\t\t<div class=\"col-sm-10 col-sm-offset-1\">\n\t\t\t<p><span class=\"wpcf7-form-control-wrap\" data-name=\"policy\"><span class=\"wpcf7-form-control wpcf7-acceptance\"><span class=\"wpcf7-list-item\"><label><input type=\"checkbox\" name=\"policy\" value=\"1\" aria-invalid=\"false\" \/><span class=\"wpcf7-list-item-label\">Strinjam se s <a href=\"http:\/\/www.msds-europe.com\/privacy-policy\/\" target=\"_blank\" title=\"politiko zasebnosti\">politiko zasebnosti<\/a>.<\/span><\/label><\/span><\/span><\/span>\n\t\t\t<\/p>\n\t\t<\/div>\n\t<\/div>\n\t<div class=\"row contact_row\">\n\t\t<div class=\"col-sm-10 col-sm-offset-1 text-right\">\n\t\t\t<p><input class=\"wpcf7-form-control wpcf7-submit has-spinner\" type=\"submit\" value=\"Po\u0161lji\" \/>\n\t\t\t<\/p>\n\t\t<\/div>\n\t<\/div>\n<\/div><div class=\"wpcf7-response-output\" aria-hidden=\"true\"><\/div>\n<\/form>\n<\/div>\n\n","protected":false},"excerpt":{"rendered":"<p>Storitve v zvezi s spletno zahtevo za ponudbo varnostnih listov. Pisna zahteva v roku 24 ur.<\/p>\n","protected":false},"author":2,"featured_media":0,"parent":0,"menu_order":0,"comment_status":"closed","ping_status":"closed","template":"","meta":{"_acf_changed":false,"footnotes":""},"class_list":["post-4634","page","type-page","status-publish","hentry"],"acf":[],"yoast_head":"<!-- This site is optimized with the Yoast SEO plugin v27.2 - https:\/\/yoast.com\/product\/yoast-seo-wordpress\/ -->\n<title>Storitve v zvezi s spletno zahtevo za ponudbo varnostnih listov<\/title>\n<meta name=\"description\" content=\"Storitve v zvezi s spletno zahtevo za ponudbo varnostnih listov. Pisna zahteva v roku 24 ur. Hitra in preprosta zahteva za ponudbo brez obveznosti.\" \/>\n<meta name=\"robots\" content=\"index, follow, max-snippet:-1, max-image-preview:large, max-video-preview:-1\" \/>\n<link rel=\"canonical\" href=\"https:\/\/www.msds-europe.com\/sl\/zahteva-ponudbo-varnostni-list\/\" \/>\n<meta property=\"og:locale\" content=\"sl_SI\" \/>\n<meta property=\"og:type\" content=\"article\" \/>\n<meta property=\"og:title\" content=\"Storitve v zvezi s spletno zahtevo za ponudbo varnostnih listov\" \/>\n<meta property=\"og:description\" content=\"Storitve v zvezi s spletno zahtevo za ponudbo varnostnih listov. Pisna zahteva v roku 24 ur. Hitra in preprosta zahteva za ponudbo brez obveznosti.\" \/>\n<meta property=\"og:url\" content=\"https:\/\/www.msds-europe.com\/sl\/zahteva-ponudbo-varnostni-list\/\" \/>\n<meta property=\"og:site_name\" content=\"MSDS Europe\" \/>\n<meta property=\"article:publisher\" content=\"https:\/\/www.facebook.com\/toxinfokft\/\" \/>\n<meta property=\"article:modified_time\" content=\"2026-02-20T13:36:36+00:00\" \/>\n<meta name=\"twitter:card\" content=\"summary_large_image\" \/>\n<meta name=\"twitter:site\" content=\"@ToxInfoKft\" \/>\n<meta name=\"twitter:label1\" content=\"Est. reading time\" \/>\n\t<meta name=\"twitter:data1\" content=\"1 minuta\" \/>\n<script type=\"application\/ld+json\" class=\"yoast-schema-graph\">{\"@context\":\"https:\/\/schema.org\",\"@graph\":[{\"@type\":\"WebPage\",\"@id\":\"https:\/\/www.msds-europe.com\/sl\/zahteva-ponudbo-varnostni-list\/\",\"url\":\"https:\/\/www.msds-europe.com\/sl\/zahteva-ponudbo-varnostni-list\/\",\"name\":\"Storitve v zvezi s spletno zahtevo za ponudbo varnostnih listov\",\"isPartOf\":{\"@id\":\"https:\/\/www.msds-europe.com\/es\/#website\"},\"datePublished\":\"2018-06-17T09:23:48+00:00\",\"dateModified\":\"2026-02-20T13:36:36+00:00\",\"description\":\"Storitve v zvezi s spletno zahtevo za ponudbo varnostnih listov. Pisna zahteva v roku 24 ur. Hitra in preprosta zahteva za ponudbo brez obveznosti.\",\"breadcrumb\":{\"@id\":\"https:\/\/www.msds-europe.com\/sl\/zahteva-ponudbo-varnostni-list\/#breadcrumb\"},\"inLanguage\":\"sl-SI\",\"potentialAction\":[{\"@type\":\"ReadAction\",\"target\":[\"https:\/\/www.msds-europe.com\/sl\/zahteva-ponudbo-varnostni-list\/\"]}]},{\"@type\":\"BreadcrumbList\",\"@id\":\"https:\/\/www.msds-europe.com\/sl\/zahteva-ponudbo-varnostni-list\/#breadcrumb\",\"itemListElement\":[{\"@type\":\"ListItem\",\"position\":1,\"name\":\"F\u0151oldal\",\"item\":\"https:\/\/www.msds-europe.com\/sl\/\"},{\"@type\":\"ListItem\",\"position\":2,\"name\":\"Storitve v zvezi s spletno zahtevo za ponudbo varnostnih listov\"}]},{\"@type\":\"WebSite\",\"@id\":\"https:\/\/www.msds-europe.com\/es\/#website\",\"url\":\"https:\/\/www.msds-europe.com\/es\/\",\"name\":\"MSDS Europe\",\"description\":\"\",\"publisher\":{\"@id\":\"https:\/\/www.msds-europe.com\/es\/#organization\"},\"potentialAction\":[{\"@type\":\"SearchAction\",\"target\":{\"@type\":\"EntryPoint\",\"urlTemplate\":\"https:\/\/www.msds-europe.com\/es\/?s={search_term_string}\"},\"query-input\":{\"@type\":\"PropertyValueSpecification\",\"valueRequired\":true,\"valueName\":\"search_term_string\"}}],\"inLanguage\":\"sl-SI\"},{\"@type\":\"Organization\",\"@id\":\"https:\/\/www.msds-europe.com\/es\/#organization\",\"name\":\"MSDS-Europe International branch of ToxInfo\",\"url\":\"https:\/\/www.msds-europe.com\/es\/\",\"logo\":{\"@type\":\"ImageObject\",\"inLanguage\":\"sl-SI\",\"@id\":\"https:\/\/www.msds-europe.com\/es\/#\/schema\/logo\/image\/\",\"url\":\"https:\/\/www.msds-europe.com\/wp-content\/uploads\/2021\/04\/msds-europe-logo.jpg\",\"contentUrl\":\"https:\/\/www.msds-europe.com\/wp-content\/uploads\/2021\/04\/msds-europe-logo.jpg\",\"width\":2296,\"height\":1067,\"caption\":\"MSDS-Europe International branch of ToxInfo\"},\"image\":{\"@id\":\"https:\/\/www.msds-europe.com\/es\/#\/schema\/logo\/image\/\"},\"sameAs\":[\"https:\/\/www.facebook.com\/toxinfokft\/\",\"https:\/\/x.com\/ToxInfoKft\"]}]}<\/script>\n<!-- \/ Yoast SEO plugin. -->","yoast_head_json":{"title":"Storitve v zvezi s spletno zahtevo za ponudbo varnostnih listov","description":"Storitve v zvezi s spletno zahtevo za ponudbo varnostnih listov. Pisna zahteva v roku 24 ur. Hitra in preprosta zahteva za ponudbo brez obveznosti.","robots":{"index":"index","follow":"follow","max-snippet":"max-snippet:-1","max-image-preview":"max-image-preview:large","max-video-preview":"max-video-preview:-1"},"canonical":"https:\/\/www.msds-europe.com\/sl\/zahteva-ponudbo-varnostni-list\/","og_locale":"sl_SI","og_type":"article","og_title":"Storitve v zvezi s spletno zahtevo za ponudbo varnostnih listov","og_description":"Storitve v zvezi s spletno zahtevo za ponudbo varnostnih listov. Pisna zahteva v roku 24 ur. Hitra in preprosta zahteva za ponudbo brez obveznosti.","og_url":"https:\/\/www.msds-europe.com\/sl\/zahteva-ponudbo-varnostni-list\/","og_site_name":"MSDS Europe","article_publisher":"https:\/\/www.facebook.com\/toxinfokft\/","article_modified_time":"2026-02-20T13:36:36+00:00","twitter_card":"summary_large_image","twitter_site":"@ToxInfoKft","twitter_misc":{"Est. reading time":"1 minuta"},"schema":{"@context":"https:\/\/schema.org","@graph":[{"@type":"WebPage","@id":"https:\/\/www.msds-europe.com\/sl\/zahteva-ponudbo-varnostni-list\/","url":"https:\/\/www.msds-europe.com\/sl\/zahteva-ponudbo-varnostni-list\/","name":"Storitve v zvezi s spletno zahtevo za ponudbo varnostnih listov","isPartOf":{"@id":"https:\/\/www.msds-europe.com\/es\/#website"},"datePublished":"2018-06-17T09:23:48+00:00","dateModified":"2026-02-20T13:36:36+00:00","description":"Storitve v zvezi s spletno zahtevo za ponudbo varnostnih listov. Pisna zahteva v roku 24 ur. Hitra in preprosta zahteva za ponudbo brez obveznosti.","breadcrumb":{"@id":"https:\/\/www.msds-europe.com\/sl\/zahteva-ponudbo-varnostni-list\/#breadcrumb"},"inLanguage":"sl-SI","potentialAction":[{"@type":"ReadAction","target":["https:\/\/www.msds-europe.com\/sl\/zahteva-ponudbo-varnostni-list\/"]}]},{"@type":"BreadcrumbList","@id":"https:\/\/www.msds-europe.com\/sl\/zahteva-ponudbo-varnostni-list\/#breadcrumb","itemListElement":[{"@type":"ListItem","position":1,"name":"F\u0151oldal","item":"https:\/\/www.msds-europe.com\/sl\/"},{"@type":"ListItem","position":2,"name":"Storitve v zvezi s spletno zahtevo za ponudbo varnostnih listov"}]},{"@type":"WebSite","@id":"https:\/\/www.msds-europe.com\/es\/#website","url":"https:\/\/www.msds-europe.com\/es\/","name":"MSDS Europe","description":"","publisher":{"@id":"https:\/\/www.msds-europe.com\/es\/#organization"},"potentialAction":[{"@type":"SearchAction","target":{"@type":"EntryPoint","urlTemplate":"https:\/\/www.msds-europe.com\/es\/?s={search_term_string}"},"query-input":{"@type":"PropertyValueSpecification","valueRequired":true,"valueName":"search_term_string"}}],"inLanguage":"sl-SI"},{"@type":"Organization","@id":"https:\/\/www.msds-europe.com\/es\/#organization","name":"MSDS-Europe International branch of ToxInfo","url":"https:\/\/www.msds-europe.com\/es\/","logo":{"@type":"ImageObject","inLanguage":"sl-SI","@id":"https:\/\/www.msds-europe.com\/es\/#\/schema\/logo\/image\/","url":"https:\/\/www.msds-europe.com\/wp-content\/uploads\/2021\/04\/msds-europe-logo.jpg","contentUrl":"https:\/\/www.msds-europe.com\/wp-content\/uploads\/2021\/04\/msds-europe-logo.jpg","width":2296,"height":1067,"caption":"MSDS-Europe International branch of ToxInfo"},"image":{"@id":"https:\/\/www.msds-europe.com\/es\/#\/schema\/logo\/image\/"},"sameAs":["https:\/\/www.facebook.com\/toxinfokft\/","https:\/\/x.com\/ToxInfoKft"]}]}},"_links":{"self":[{"href":"https:\/\/www.msds-europe.com\/sl\/wp-json\/wp\/v2\/pages\/4634","targetHints":{"allow":["GET"]}}],"collection":[{"href":"https:\/\/www.msds-europe.com\/sl\/wp-json\/wp\/v2\/pages"}],"about":[{"href":"https:\/\/www.msds-europe.com\/sl\/wp-json\/wp\/v2\/types\/page"}],"author":[{"embeddable":true,"href":"https:\/\/www.msds-europe.com\/sl\/wp-json\/wp\/v2\/users\/2"}],"replies":[{"embeddable":true,"href":"https:\/\/www.msds-europe.com\/sl\/wp-json\/wp\/v2\/comments?post=4634"}],"version-history":[{"count":9,"href":"https:\/\/www.msds-europe.com\/sl\/wp-json\/wp\/v2\/pages\/4634\/revisions"}],"predecessor-version":[{"id":37362,"href":"https:\/\/www.msds-europe.com\/sl\/wp-json\/wp\/v2\/pages\/4634\/revisions\/37362"}],"wp:attachment":[{"href":"https:\/\/www.msds-europe.com\/sl\/wp-json\/wp\/v2\/media?parent=4634"}],"curies":[{"name":"wp","href":"https:\/\/api.w.org\/{rel}","templated":true}]}}