{"id":4578,"date":"2018-06-14T13:31:04","date_gmt":"2018-06-14T13:31:04","guid":{"rendered":"http:\/\/www.msds-europe.com\/kozmeticni-proizvodi-zbirka-koristnih-informacij\/"},"modified":"2020-03-12T11:35:14","modified_gmt":"2020-03-12T11:35:14","slug":"kozmeticni-proizvodi","status":"publish","type":"page","link":"https:\/\/www.msds-europe.com\/sl\/kozmeticni-proizvodi\/","title":{"rendered":"Kozmeti\u010dni proizvodi &#8211; zbirka koristnih informacij"},"content":{"rendered":"<p style=\"text-align: right;\"><em><a href=\"https:\/\/www.msds-europe.com\/sl\/\">MSDS-Europe<\/a> \u2013 Baza znanja za kozmeti\u010dne proizvode<\/em><\/p>\n<p style=\"text-align: justify;\">Koristne informacije in podatki glede zahtev za uvajanje kozmetike na trg in za postopek avtorizacije.<\/p>\n<p>&nbsp;<\/p>\n<h2 style=\"text-align: justify;\">Namen baze znanja kozmeti\u010dnih proizvodov<\/h2>\n<p style=\"text-align: justify;\">S tem, ko smo izdelali bazo znanja, \u017eelimo pomagati podjetjem, KI proizvajajo\/distribuirajo kozmeti\u010dne proizvode.<\/p>\n<p style=\"text-align: justify;\">V kategoriji baze znanja kozmeti\u010dnih proizvodov objavljamo v glavnem tak\u0161ne \u010dlanke, ki niso specifi\u010dno vezani na naloge ali zakonodajne predpise, lahko pa vseeno vsebujejo pomembne informacije.<\/p>\n<p style=\"text-align: justify;\"><strong>Pozor!<\/strong><br \/>\nPri dolo\u010danju nalog, vezanih na kozmeti\u010dni proizvod, je vedno potrebno upo\u0161tevati posebne vidike proizvoda in dejavnosti, ki so na ta proizvod vezane.<br \/>\nZa verodostojna besedila veljajo le ustrezni predpisi, ostali objavljeni \u010dlanki na spletni strani so le informativnega zna\u010daja spletni strani.<\/p>\n<p style=\"text-align: justify;\">Preverite aktualno stanje zakonodaje &#8220;<a href=\"https:\/\/www.msds-europe.com\/sl\/spremembe-predpisov-varnost-pred-kemikalijami\/\">Predpisi na podro\u010dju kemijske varnosti<\/a>&#8220;.<\/p>\n<p>&nbsp;<\/p>\n<h4 style=\"text-align: justify;\"><span style=\"color: #333333;\">Zadnji \u010dlanki v bazi znanja kozmeti\u010dnih proizvodov<\/span><\/h4>\n<ul>\n<li style=\"text-align: justify;\"><a href=\"https:\/\/www.msds-europe.com\/sl\/dolznosti-distributerjev-kozmeticnih-izdelkov\/\">Obveznosti distributerjev kozmeti\u010dnih proizvodov<\/a><\/li>\n<li style=\"text-align: justify;\"><a href=\"https:\/\/www.msds-europe.com\/sl\/obveznosti-odgovorne-osebe\/\">Obveznosti odgovorne osebe<\/a><\/li>\n<\/ul>\n<p>&nbsp;<\/p>\n<h3 style=\"text-align: justify;\">Brezpla\u010dno spletno svetovanje<\/h3>\n<p style=\"text-align: justify;\">\u010ce niste na\u0161li informacije, ki ste jo iskali na na\u0161i spletni strani, se lahko v zvezi z vpra\u0161anji na podro\u010dju kemijske varnosti obrnete neposredno na na\u0161e strokovnjake.<\/p>\n<p style=\"text-align: justify;\">\u010ce \u017eelite poslati vpra\u0161anje, vas prosimo, da uporabite naslednjo aplikacijo za po\u0161iljanje:<br \/>\n<a href=\"https:\/\/www.msds-europe.com\/sl\/spletno-svetovanje\/\">Brezpla\u010dno spletno svetovanje<\/a><\/p>\n<p>&nbsp;<\/p>\n<h3 style=\"text-align: justify;\">\u010ce rabite pomo\u010d<\/h3>\n<p style=\"text-align: justify;\">Na\u0161a <a href=\"https:\/\/www.msds-europe.com\/sl\/sluzba-za-stranke\/\">slu\u017eba za stranke<\/a> vam bo pomagala pri izbiri prave storitve.<\/p>\n<p>&nbsp;<\/p>\n<h3 style=\"text-align: justify;\"><span style=\"color: #333333;\">Na\u0161e storitve<\/span><\/h3>\n<ul>\n<li><a href=\"https:\/\/www.msds-europe.com\/sl\/storitev-priglasitve-cpnp\/\">Storitev za priglasitev kozmeti\u010dnih<\/a> proizvodov na portal CPNP<\/li>\n<li><a href=\"https:\/\/www.msds-europe.com\/sl\/izdelava-ocena-varnostnih-za-kozmetiko\/\">Izdelava ocene varnosti za kozmeti\u010dne proizvode<\/a> v skladu z uredbo (ES) \u0161t. 1223\/2009<\/li>\n<li><a href=\"https:\/\/www.msds-europe.com\/sl\/izdelava-prevajanje-osnutkov-etiket-za-kozmeticne-proizvode\/\">Izdelava in prevajanje osnutkov etiket za kozmeti\u010dne<\/a> proizvode v skladu z veljavnimi predpisi<\/li>\n<\/ul>\n<p>&nbsp;<\/p>\n<blockquote class=\"wp-embedded-content\" data-secret=\"jiEMSZWfeF\"><p><a href=\"https:\/\/www.msds-europe.com\/sl\/storitve-zvezi-kozmeticnimi-proizvodi\/\">Storitve, vezane na dajanje kozmeti\u010dnih proizvodov na trg.<\/a><\/p><\/blockquote>\n<p><iframe class=\"wp-embedded-content\" sandbox=\"allow-scripts\" security=\"restricted\" style=\"position: absolute; visibility: hidden;\" title=\"&#8220;Storitve, vezane na dajanje kozmeti\u010dnih proizvodov na trg.&#8221; &#8212; MSDS Europe\" src=\"https:\/\/www.msds-europe.com\/sl\/storitve-zvezi-kozmeticnimi-proizvodi\/embed\/#?secret=TU4CrbBNPy#?secret=jiEMSZWfeF\" data-secret=\"jiEMSZWfeF\" width=\"500\" height=\"282\" frameborder=\"0\" marginwidth=\"0\" marginheight=\"0\" scrolling=\"no\"><\/iframe><\/p>\n<p>&nbsp;<\/p>\n","protected":false},"excerpt":{"rendered":"<p>Zbirka uporabnih gradiv, ki vam pomaga pri razumevanju in skladnosti s pravnimi zahtevami na podro\u010dju kozmetike.<\/p>\n","protected":false},"author":2,"featured_media":0,"parent":0,"menu_order":0,"comment_status":"closed","ping_status":"closed","template":"page-category.php","meta":{"_acf_changed":false,"footnotes":""},"tags":[313,312,266],"class_list":["post-4578","page","type-page","status-publish","hentry","tag-baza-znanja-sl","tag-baza-znanja-za-kozmeticne-proizvode","tag-kozmetika-sl"],"acf":[],"yoast_head":"<!-- This site is optimized with the Yoast SEO plugin v27.2 - https:\/\/yoast.com\/product\/yoast-seo-wordpress\/ -->\n<title>Informacije za distribucijo kozmeti\u010dnih proizvodov<\/title>\n<meta name=\"description\" content=\"Baza znanja kozmeti\u010dnih proizvodov pomaga pri razumevanju in skladnosti s pravnimi zahtevami na podro\u010dju kozmetike.\" \/>\n<meta name=\"robots\" content=\"index, follow, max-snippet:-1, max-image-preview:large, max-video-preview:-1\" \/>\n<link rel=\"canonical\" href=\"https:\/\/www.msds-europe.com\/sl\/kozmeticni-proizvodi\/\" \/>\n<meta property=\"og:locale\" content=\"sl_SI\" \/>\n<meta property=\"og:type\" content=\"article\" \/>\n<meta property=\"og:title\" content=\"Informacije za distribucijo kozmeti\u010dnih proizvodov\" \/>\n<meta property=\"og:description\" content=\"Baza znanja kozmeti\u010dnih proizvodov pomaga pri razumevanju in skladnosti s pravnimi zahtevami na podro\u010dju kozmetike.\" \/>\n<meta property=\"og:url\" content=\"https:\/\/www.msds-europe.com\/sl\/kozmeticni-proizvodi\/\" \/>\n<meta property=\"og:site_name\" content=\"MSDS Europe\" \/>\n<meta property=\"article:publisher\" content=\"https:\/\/www.facebook.com\/toxinfokft\/\" \/>\n<meta property=\"article:modified_time\" content=\"2020-03-12T11:35:14+00:00\" \/>\n<meta name=\"twitter:card\" content=\"summary_large_image\" \/>\n<meta name=\"twitter:site\" content=\"@ToxInfoKft\" \/>\n<meta name=\"twitter:label1\" content=\"Est. reading time\" \/>\n\t<meta name=\"twitter:data1\" content=\"1 minuta\" \/>\n<script type=\"application\/ld+json\" class=\"yoast-schema-graph\">{\"@context\":\"https:\/\/schema.org\",\"@graph\":[{\"@type\":\"WebPage\",\"@id\":\"https:\/\/www.msds-europe.com\/sl\/kozmeticni-proizvodi\/\",\"url\":\"https:\/\/www.msds-europe.com\/sl\/kozmeticni-proizvodi\/\",\"name\":\"Informacije za distribucijo kozmeti\u010dnih proizvodov\",\"isPartOf\":{\"@id\":\"https:\/\/www.msds-europe.com\/es\/#website\"},\"datePublished\":\"2018-06-14T13:31:04+00:00\",\"dateModified\":\"2020-03-12T11:35:14+00:00\",\"description\":\"Baza znanja kozmeti\u010dnih proizvodov pomaga pri razumevanju in skladnosti s pravnimi zahtevami na podro\u010dju kozmetike.\",\"breadcrumb\":{\"@id\":\"https:\/\/www.msds-europe.com\/sl\/kozmeticni-proizvodi\/#breadcrumb\"},\"inLanguage\":\"sl-SI\",\"potentialAction\":[{\"@type\":\"ReadAction\",\"target\":[\"https:\/\/www.msds-europe.com\/sl\/kozmeticni-proizvodi\/\"]}]},{\"@type\":\"BreadcrumbList\",\"@id\":\"https:\/\/www.msds-europe.com\/sl\/kozmeticni-proizvodi\/#breadcrumb\",\"itemListElement\":[{\"@type\":\"ListItem\",\"position\":1,\"name\":\"F\u0151oldal\",\"item\":\"https:\/\/www.msds-europe.com\/sl\/\"},{\"@type\":\"ListItem\",\"position\":2,\"name\":\"Kozmeti\u010dni proizvodi &#8211; zbirka koristnih informacij\"}]},{\"@type\":\"WebSite\",\"@id\":\"https:\/\/www.msds-europe.com\/es\/#website\",\"url\":\"https:\/\/www.msds-europe.com\/es\/\",\"name\":\"MSDS Europe\",\"description\":\"\",\"publisher\":{\"@id\":\"https:\/\/www.msds-europe.com\/es\/#organization\"},\"potentialAction\":[{\"@type\":\"SearchAction\",\"target\":{\"@type\":\"EntryPoint\",\"urlTemplate\":\"https:\/\/www.msds-europe.com\/es\/?s={search_term_string}\"},\"query-input\":{\"@type\":\"PropertyValueSpecification\",\"valueRequired\":true,\"valueName\":\"search_term_string\"}}],\"inLanguage\":\"sl-SI\"},{\"@type\":\"Organization\",\"@id\":\"https:\/\/www.msds-europe.com\/es\/#organization\",\"name\":\"MSDS-Europe International branch of ToxInfo\",\"url\":\"https:\/\/www.msds-europe.com\/es\/\",\"logo\":{\"@type\":\"ImageObject\",\"inLanguage\":\"sl-SI\",\"@id\":\"https:\/\/www.msds-europe.com\/es\/#\/schema\/logo\/image\/\",\"url\":\"https:\/\/www.msds-europe.com\/wp-content\/uploads\/2021\/04\/msds-europe-logo.jpg\",\"contentUrl\":\"https:\/\/www.msds-europe.com\/wp-content\/uploads\/2021\/04\/msds-europe-logo.jpg\",\"width\":2296,\"height\":1067,\"caption\":\"MSDS-Europe International branch of ToxInfo\"},\"image\":{\"@id\":\"https:\/\/www.msds-europe.com\/es\/#\/schema\/logo\/image\/\"},\"sameAs\":[\"https:\/\/www.facebook.com\/toxinfokft\/\",\"https:\/\/x.com\/ToxInfoKft\"]}]}<\/script>\n<!-- \/ Yoast SEO plugin. -->","yoast_head_json":{"title":"Informacije za distribucijo kozmeti\u010dnih proizvodov","description":"Baza znanja kozmeti\u010dnih proizvodov pomaga pri razumevanju in skladnosti s pravnimi zahtevami na podro\u010dju kozmetike.","robots":{"index":"index","follow":"follow","max-snippet":"max-snippet:-1","max-image-preview":"max-image-preview:large","max-video-preview":"max-video-preview:-1"},"canonical":"https:\/\/www.msds-europe.com\/sl\/kozmeticni-proizvodi\/","og_locale":"sl_SI","og_type":"article","og_title":"Informacije za distribucijo kozmeti\u010dnih proizvodov","og_description":"Baza znanja kozmeti\u010dnih proizvodov pomaga pri razumevanju in skladnosti s pravnimi zahtevami na podro\u010dju kozmetike.","og_url":"https:\/\/www.msds-europe.com\/sl\/kozmeticni-proizvodi\/","og_site_name":"MSDS Europe","article_publisher":"https:\/\/www.facebook.com\/toxinfokft\/","article_modified_time":"2020-03-12T11:35:14+00:00","twitter_card":"summary_large_image","twitter_site":"@ToxInfoKft","twitter_misc":{"Est. reading time":"1 minuta"},"schema":{"@context":"https:\/\/schema.org","@graph":[{"@type":"WebPage","@id":"https:\/\/www.msds-europe.com\/sl\/kozmeticni-proizvodi\/","url":"https:\/\/www.msds-europe.com\/sl\/kozmeticni-proizvodi\/","name":"Informacije za distribucijo kozmeti\u010dnih proizvodov","isPartOf":{"@id":"https:\/\/www.msds-europe.com\/es\/#website"},"datePublished":"2018-06-14T13:31:04+00:00","dateModified":"2020-03-12T11:35:14+00:00","description":"Baza znanja kozmeti\u010dnih proizvodov pomaga pri razumevanju in skladnosti s pravnimi zahtevami na podro\u010dju kozmetike.","breadcrumb":{"@id":"https:\/\/www.msds-europe.com\/sl\/kozmeticni-proizvodi\/#breadcrumb"},"inLanguage":"sl-SI","potentialAction":[{"@type":"ReadAction","target":["https:\/\/www.msds-europe.com\/sl\/kozmeticni-proizvodi\/"]}]},{"@type":"BreadcrumbList","@id":"https:\/\/www.msds-europe.com\/sl\/kozmeticni-proizvodi\/#breadcrumb","itemListElement":[{"@type":"ListItem","position":1,"name":"F\u0151oldal","item":"https:\/\/www.msds-europe.com\/sl\/"},{"@type":"ListItem","position":2,"name":"Kozmeti\u010dni proizvodi &#8211; zbirka koristnih informacij"}]},{"@type":"WebSite","@id":"https:\/\/www.msds-europe.com\/es\/#website","url":"https:\/\/www.msds-europe.com\/es\/","name":"MSDS Europe","description":"","publisher":{"@id":"https:\/\/www.msds-europe.com\/es\/#organization"},"potentialAction":[{"@type":"SearchAction","target":{"@type":"EntryPoint","urlTemplate":"https:\/\/www.msds-europe.com\/es\/?s={search_term_string}"},"query-input":{"@type":"PropertyValueSpecification","valueRequired":true,"valueName":"search_term_string"}}],"inLanguage":"sl-SI"},{"@type":"Organization","@id":"https:\/\/www.msds-europe.com\/es\/#organization","name":"MSDS-Europe International branch of ToxInfo","url":"https:\/\/www.msds-europe.com\/es\/","logo":{"@type":"ImageObject","inLanguage":"sl-SI","@id":"https:\/\/www.msds-europe.com\/es\/#\/schema\/logo\/image\/","url":"https:\/\/www.msds-europe.com\/wp-content\/uploads\/2021\/04\/msds-europe-logo.jpg","contentUrl":"https:\/\/www.msds-europe.com\/wp-content\/uploads\/2021\/04\/msds-europe-logo.jpg","width":2296,"height":1067,"caption":"MSDS-Europe International branch of ToxInfo"},"image":{"@id":"https:\/\/www.msds-europe.com\/es\/#\/schema\/logo\/image\/"},"sameAs":["https:\/\/www.facebook.com\/toxinfokft\/","https:\/\/x.com\/ToxInfoKft"]}]}},"_links":{"self":[{"href":"https:\/\/www.msds-europe.com\/sl\/wp-json\/wp\/v2\/pages\/4578","targetHints":{"allow":["GET"]}}],"collection":[{"href":"https:\/\/www.msds-europe.com\/sl\/wp-json\/wp\/v2\/pages"}],"about":[{"href":"https:\/\/www.msds-europe.com\/sl\/wp-json\/wp\/v2\/types\/page"}],"author":[{"embeddable":true,"href":"https:\/\/www.msds-europe.com\/sl\/wp-json\/wp\/v2\/users\/2"}],"replies":[{"embeddable":true,"href":"https:\/\/www.msds-europe.com\/sl\/wp-json\/wp\/v2\/comments?post=4578"}],"version-history":[{"count":6,"href":"https:\/\/www.msds-europe.com\/sl\/wp-json\/wp\/v2\/pages\/4578\/revisions"}],"predecessor-version":[{"id":20795,"href":"https:\/\/www.msds-europe.com\/sl\/wp-json\/wp\/v2\/pages\/4578\/revisions\/20795"}],"wp:attachment":[{"href":"https:\/\/www.msds-europe.com\/sl\/wp-json\/wp\/v2\/media?parent=4578"}],"wp:term":[{"taxonomy":"post_tag","embeddable":true,"href":"https:\/\/www.msds-europe.com\/sl\/wp-json\/wp\/v2\/tags?post=4578"}],"curies":[{"name":"wp","href":"https:\/\/api.w.org\/{rel}","templated":true}]}}