{"id":3936,"date":"2018-05-22T10:12:50","date_gmt":"2018-05-22T10:12:50","guid":{"rendered":"http:\/\/www.msds-europe.com\/izdelava-varnostih-listov-za-kozmeticne-proizvode-2\/"},"modified":"2018-06-29T13:18:48","modified_gmt":"2018-06-29T13:18:48","slug":"izdelava-varnostnih-listov-kozmeticne","status":"publish","type":"page","link":"https:\/\/www.msds-europe.com\/sl\/izdelava-varnostnih-listov-kozmeticne\/","title":{"rendered":"Izdelava varnostih listov za kozmeti\u010dne proizvode"},"content":{"rendered":"<p style=\"text-align: right;\"><em><span style=\"font-family: Calibri;\"><a href=\"http:\/\/www.msds-europe.com\/sl\/storitve-zvezi-kozmeticnimi-proizvodi\/\">Storitve, povezane s kozmeti\u010dnimi izdelki<\/a><\/span><span style=\"color: #000000; font-family: Calibri;\">\u00a0\u2013\u00a0Izdelava varnostih listov za kozmeti\u010dne proizvode<\/span><\/em><\/p>\n<p>&nbsp;<\/p>\n<p style=\"text-align: justify;\"><span style=\"color: #000000; font-family: Calibri;\">V ve\u010dini primerov so se na\u0161e stranke obrnile na nas z \u017eeljo po izdelavi varnostnih listov za njihove kozmeti\u010dne proizvode.<\/span><\/p>\n<p style=\"text-align: justify;\"><span style=\"color: #000000; font-family: Calibri;\">Na\u0161e stranke so se prav tako zavedale, mi pa smo jih \u0161e opozorili na to, da se smernice za kozmeti\u010dne proizvode ne skladajo s predpisi za kemijsko varnost.<\/span><\/p>\n<p style=\"text-align: justify;\"><span style=\"color: #000000; font-family: Calibri;\">Ne obstaja noben zakonski predpis za kozmeti\u010dne proizvode, ki bi predpisoval obveznosti za udele\u017eence na trgu glede obstoja, prenosa ali izdelave varnostnega lista.<\/span><\/p>\n<p style=\"text-align: justify;\"><span style=\"color: #000000; font-family: Calibri;\">\u00a0<\/span><\/p>\n<h2 style=\"text-align: justify;\"><span style=\"font-family: Calibri;\">Varnostni list za kozmeti\u010dne proizvode je priporo\u010dljiv zaradi naslednjih pomislekov<\/span><\/h2>\n<p style=\"text-align: justify;\"><span style=\"color: #000000; font-family: Calibri;\">Med izdelavo, skladi\u0161\u010denjem, pakiranjem ali prevozom kozmeti\u010dnih proizvodov lahko pride do nastanka morebitnih nevarnosti za varnost zaposlenih. Varnostni list je lahko odli\u010dno &#8220;orodje&#8221; za opozorilo in prenos informacije glede zahtev za varno opravljanje dela.<\/span><\/p>\n<p style=\"text-align: justify;\"><span style=\"color: #000000; font-family: Calibri;\">Pri pripravi varnostnega lista za kozmeti\u010dni proizvod je le-ta obravnavan na enak na\u010din kot katera koli zmes.<\/span><\/p>\n<p style=\"text-align: justify;\"><span style=\"color: #000000; font-family: Calibri;\">V celoti bomo upo\u0161tevali zahteve glede vsebine in oblike, obenem pa <a href=\"http:\/\/www.msds-europe.com\/sl\/spremembe-predpisov-varnost-pred-kemikalijami\/\">veljavno zakonodajo<\/a> pri pripravi varnostnega lista.<\/span><\/p>\n<p style=\"text-align: justify;\"><span style=\"color: #000000; font-family: Calibri;\">\u00a0<\/span><\/p>\n<h2 style=\"text-align: justify;\"><span style=\"font-family: Calibri;\">Ve\u010d informacij o na\u0161ih storitvah, vezanih na izdelavo varnostnih listov<\/span><\/h2>\n<p style=\"text-align: justify;\"><span style=\"font-family: Calibri;\"><span style=\"color: #000000;\">Opisi storitev, ki jih najdete v razdelku o &#8220;<\/span><a href=\"http:\/\/www.msds-europe.com\/sl\/izdelava-sestava-varnostnega-lista\/\">Storitvah v zvezi z varnostnimi listi&#8221;<\/a><\/span><span style=\"color: #000000; font-family: Calibri;\">, veljajo tudi za postopke, ki se uporabljajo za kozmeti\u010dne proizvode.<\/span><\/p>\n<p style=\"text-align: justify;\"><span style=\"color: #000000; font-family: Calibri;\">V vsakem primeru navedemo tudi dejstvo na varnostnem listu, da v primeru trenutnega izdelka ni nujno prilo\u017eiti varnostnega lista za kupca, objavljene informacije so samo informativne narave.<\/span><\/p>\n<p style=\"text-align: justify;\"><span style=\"color: #000000; font-family: Calibri;\">\u00a0<\/span><\/p>\n<h2 style=\"text-align: justify;\"><span style=\"font-family: Calibri;\">Zahteva za ponudbo za izdelavo varnostnega lista<\/span><\/h2>\n<p style=\"text-align: justify;\"><span style=\"font-family: Calibri;\"><span style=\"color: #000000;\"><a href=\"mailto:info@msds-europe.com\">Na zahtevo za ponudbo, poslano po elektronski po\u0161ti<\/a> ali v <a href=\"http:\/\/www.msds-europe.com\/sl\/zahteva-ponudbo-kozmetika\/\">obliki spletnega obrazca<\/a>, bomo odgovorili v roku 24 ur.<br \/>\nNa\u0161a <a href=\"http:\/\/www.msds-europe.com\/sl\/zahteva-ponudbo-kozmetika\/\">slu\u017eba za stranke<\/a> vam bo pomagala pri izbiri prave storitve.<\/span><\/span><\/p>\n<p style=\"text-align: justify;\"><span style=\"color: #000000; font-family: Calibri;\">\u00a0<\/span><\/p>\n<h3 style=\"text-align: justify;\"><span style=\"color: #333333; font-family: Calibri;\">Storitve, vezane na storitev izdelave varnostnega lista<\/span><\/h3>\n<ul>\n<li><a title=\"Izdelava in prevajanje osnutkov etiket za kozmeti\u010dne proizvode\" href=\"http:\/\/www.msds-europe.com\/sl\/izdelava-prevajanje-osnutkov-etiket-za-kozmeticne-proizvode\/\">Izdelava in prevajanje osnutkov etiket za kozmeti\u010dne proizvode<\/a><\/li>\n<li><a title=\"Storitev priglasitve na CPNP\" href=\"http:\/\/www.msds-europe.com\/sl\/storitev-priglasitve-cpnp\/\">Storitev priglasitve na CPNP<\/a><\/li>\n<\/ul>\n<p>&nbsp;<\/p>\n","protected":false},"excerpt":{"rendered":"<p>V primeru kozmeti\u010dnih proizvodov je na\u0161a storitev izdelave varnostnih listov na voljo kot opcija. Izdelava varnostnega lista za kozmeti\u010dne proizvode ni obvezna, ampak je vseeno v ve\u010dini primerov primerno sredstvo za komuniciranje pri varnosti na delovnem mestu.<\/p>\n","protected":false},"author":2,"featured_media":0,"parent":0,"menu_order":0,"comment_status":"closed","ping_status":"closed","template":"","meta":{"_acf_changed":false,"footnotes":""},"tags":[266,289,258],"class_list":["post-3936","page","type-page","status-publish","hentry","tag-kozmetika-sl","tag-storitve-sl","tag-varnostnega-lista-sl"],"acf":[],"yoast_head":"<!-- This site is optimized with the Yoast SEO plugin v27.2 - https:\/\/yoast.com\/product\/yoast-seo-wordpress\/ -->\n<title>Izdelava varnostih listov za kozmeti\u010dne proizvode<\/title>\n<meta name=\"description\" content=\"Na\u0161a storitev izdelave varnostnih listov za kozmeti\u010dne proizvode je na voljo kot opcija. Ne obstaja nobena pravna obveznost za varnostne liste kozmeti\u010dnih proizvodov, ampak v nekaterih primerih je to lahko koristen dokument.\" \/>\n<meta name=\"robots\" content=\"index, follow, max-snippet:-1, max-image-preview:large, max-video-preview:-1\" \/>\n<link rel=\"canonical\" href=\"https:\/\/www.msds-europe.com\/sl\/izdelava-varnostnih-listov-kozmeticne\/\" \/>\n<meta property=\"og:locale\" content=\"sl_SI\" \/>\n<meta property=\"og:type\" content=\"article\" \/>\n<meta property=\"og:title\" content=\"Izdelava varnostih listov za kozmeti\u010dne proizvode\" \/>\n<meta property=\"og:description\" content=\"Na\u0161a storitev izdelave varnostnih listov za kozmeti\u010dne proizvode je na voljo kot opcija. Ne obstaja nobena pravna obveznost za varnostne liste kozmeti\u010dnih proizvodov, ampak v nekaterih primerih je to lahko koristen dokument.\" \/>\n<meta property=\"og:url\" content=\"https:\/\/www.msds-europe.com\/sl\/izdelava-varnostnih-listov-kozmeticne\/\" \/>\n<meta property=\"og:site_name\" content=\"MSDS Europe\" \/>\n<meta property=\"article:publisher\" content=\"https:\/\/www.facebook.com\/toxinfokft\/\" \/>\n<meta property=\"article:modified_time\" content=\"2018-06-29T13:18:48+00:00\" \/>\n<meta name=\"twitter:card\" content=\"summary_large_image\" \/>\n<meta name=\"twitter:site\" content=\"@ToxInfoKft\" \/>\n<meta name=\"twitter:label1\" content=\"Est. reading time\" \/>\n\t<meta name=\"twitter:data1\" content=\"2 minuti\" \/>\n<script type=\"application\/ld+json\" class=\"yoast-schema-graph\">{\"@context\":\"https:\/\/schema.org\",\"@graph\":[{\"@type\":\"WebPage\",\"@id\":\"https:\/\/www.msds-europe.com\/sl\/izdelava-varnostnih-listov-kozmeticne\/\",\"url\":\"https:\/\/www.msds-europe.com\/sl\/izdelava-varnostnih-listov-kozmeticne\/\",\"name\":\"Izdelava varnostih listov za kozmeti\u010dne proizvode\",\"isPartOf\":{\"@id\":\"https:\/\/www.msds-europe.com\/es\/#website\"},\"datePublished\":\"2018-05-22T10:12:50+00:00\",\"dateModified\":\"2018-06-29T13:18:48+00:00\",\"description\":\"Na\u0161a storitev izdelave varnostnih listov za kozmeti\u010dne proizvode je na voljo kot opcija. Ne obstaja nobena pravna obveznost za varnostne liste kozmeti\u010dnih proizvodov, ampak v nekaterih primerih je to lahko koristen dokument.\",\"breadcrumb\":{\"@id\":\"https:\/\/www.msds-europe.com\/sl\/izdelava-varnostnih-listov-kozmeticne\/#breadcrumb\"},\"inLanguage\":\"sl-SI\",\"potentialAction\":[{\"@type\":\"ReadAction\",\"target\":[\"https:\/\/www.msds-europe.com\/sl\/izdelava-varnostnih-listov-kozmeticne\/\"]}]},{\"@type\":\"BreadcrumbList\",\"@id\":\"https:\/\/www.msds-europe.com\/sl\/izdelava-varnostnih-listov-kozmeticne\/#breadcrumb\",\"itemListElement\":[{\"@type\":\"ListItem\",\"position\":1,\"name\":\"F\u0151oldal\",\"item\":\"https:\/\/www.msds-europe.com\/sl\/\"},{\"@type\":\"ListItem\",\"position\":2,\"name\":\"Izdelava varnostih listov za kozmeti\u010dne proizvode\"}]},{\"@type\":\"WebSite\",\"@id\":\"https:\/\/www.msds-europe.com\/es\/#website\",\"url\":\"https:\/\/www.msds-europe.com\/es\/\",\"name\":\"MSDS Europe\",\"description\":\"\",\"publisher\":{\"@id\":\"https:\/\/www.msds-europe.com\/es\/#organization\"},\"potentialAction\":[{\"@type\":\"SearchAction\",\"target\":{\"@type\":\"EntryPoint\",\"urlTemplate\":\"https:\/\/www.msds-europe.com\/es\/?s={search_term_string}\"},\"query-input\":{\"@type\":\"PropertyValueSpecification\",\"valueRequired\":true,\"valueName\":\"search_term_string\"}}],\"inLanguage\":\"sl-SI\"},{\"@type\":\"Organization\",\"@id\":\"https:\/\/www.msds-europe.com\/es\/#organization\",\"name\":\"MSDS-Europe International branch of ToxInfo\",\"url\":\"https:\/\/www.msds-europe.com\/es\/\",\"logo\":{\"@type\":\"ImageObject\",\"inLanguage\":\"sl-SI\",\"@id\":\"https:\/\/www.msds-europe.com\/es\/#\/schema\/logo\/image\/\",\"url\":\"https:\/\/www.msds-europe.com\/wp-content\/uploads\/2021\/04\/msds-europe-logo.jpg\",\"contentUrl\":\"https:\/\/www.msds-europe.com\/wp-content\/uploads\/2021\/04\/msds-europe-logo.jpg\",\"width\":2296,\"height\":1067,\"caption\":\"MSDS-Europe International branch of ToxInfo\"},\"image\":{\"@id\":\"https:\/\/www.msds-europe.com\/es\/#\/schema\/logo\/image\/\"},\"sameAs\":[\"https:\/\/www.facebook.com\/toxinfokft\/\",\"https:\/\/x.com\/ToxInfoKft\"]}]}<\/script>\n<!-- \/ Yoast SEO plugin. -->","yoast_head_json":{"title":"Izdelava varnostih listov za kozmeti\u010dne proizvode","description":"Na\u0161a storitev izdelave varnostnih listov za kozmeti\u010dne proizvode je na voljo kot opcija. Ne obstaja nobena pravna obveznost za varnostne liste kozmeti\u010dnih proizvodov, ampak v nekaterih primerih je to lahko koristen dokument.","robots":{"index":"index","follow":"follow","max-snippet":"max-snippet:-1","max-image-preview":"max-image-preview:large","max-video-preview":"max-video-preview:-1"},"canonical":"https:\/\/www.msds-europe.com\/sl\/izdelava-varnostnih-listov-kozmeticne\/","og_locale":"sl_SI","og_type":"article","og_title":"Izdelava varnostih listov za kozmeti\u010dne proizvode","og_description":"Na\u0161a storitev izdelave varnostnih listov za kozmeti\u010dne proizvode je na voljo kot opcija. Ne obstaja nobena pravna obveznost za varnostne liste kozmeti\u010dnih proizvodov, ampak v nekaterih primerih je to lahko koristen dokument.","og_url":"https:\/\/www.msds-europe.com\/sl\/izdelava-varnostnih-listov-kozmeticne\/","og_site_name":"MSDS Europe","article_publisher":"https:\/\/www.facebook.com\/toxinfokft\/","article_modified_time":"2018-06-29T13:18:48+00:00","twitter_card":"summary_large_image","twitter_site":"@ToxInfoKft","twitter_misc":{"Est. reading time":"2 minuti"},"schema":{"@context":"https:\/\/schema.org","@graph":[{"@type":"WebPage","@id":"https:\/\/www.msds-europe.com\/sl\/izdelava-varnostnih-listov-kozmeticne\/","url":"https:\/\/www.msds-europe.com\/sl\/izdelava-varnostnih-listov-kozmeticne\/","name":"Izdelava varnostih listov za kozmeti\u010dne proizvode","isPartOf":{"@id":"https:\/\/www.msds-europe.com\/es\/#website"},"datePublished":"2018-05-22T10:12:50+00:00","dateModified":"2018-06-29T13:18:48+00:00","description":"Na\u0161a storitev izdelave varnostnih listov za kozmeti\u010dne proizvode je na voljo kot opcija. Ne obstaja nobena pravna obveznost za varnostne liste kozmeti\u010dnih proizvodov, ampak v nekaterih primerih je to lahko koristen dokument.","breadcrumb":{"@id":"https:\/\/www.msds-europe.com\/sl\/izdelava-varnostnih-listov-kozmeticne\/#breadcrumb"},"inLanguage":"sl-SI","potentialAction":[{"@type":"ReadAction","target":["https:\/\/www.msds-europe.com\/sl\/izdelava-varnostnih-listov-kozmeticne\/"]}]},{"@type":"BreadcrumbList","@id":"https:\/\/www.msds-europe.com\/sl\/izdelava-varnostnih-listov-kozmeticne\/#breadcrumb","itemListElement":[{"@type":"ListItem","position":1,"name":"F\u0151oldal","item":"https:\/\/www.msds-europe.com\/sl\/"},{"@type":"ListItem","position":2,"name":"Izdelava varnostih listov za kozmeti\u010dne proizvode"}]},{"@type":"WebSite","@id":"https:\/\/www.msds-europe.com\/es\/#website","url":"https:\/\/www.msds-europe.com\/es\/","name":"MSDS Europe","description":"","publisher":{"@id":"https:\/\/www.msds-europe.com\/es\/#organization"},"potentialAction":[{"@type":"SearchAction","target":{"@type":"EntryPoint","urlTemplate":"https:\/\/www.msds-europe.com\/es\/?s={search_term_string}"},"query-input":{"@type":"PropertyValueSpecification","valueRequired":true,"valueName":"search_term_string"}}],"inLanguage":"sl-SI"},{"@type":"Organization","@id":"https:\/\/www.msds-europe.com\/es\/#organization","name":"MSDS-Europe International branch of ToxInfo","url":"https:\/\/www.msds-europe.com\/es\/","logo":{"@type":"ImageObject","inLanguage":"sl-SI","@id":"https:\/\/www.msds-europe.com\/es\/#\/schema\/logo\/image\/","url":"https:\/\/www.msds-europe.com\/wp-content\/uploads\/2021\/04\/msds-europe-logo.jpg","contentUrl":"https:\/\/www.msds-europe.com\/wp-content\/uploads\/2021\/04\/msds-europe-logo.jpg","width":2296,"height":1067,"caption":"MSDS-Europe International branch of ToxInfo"},"image":{"@id":"https:\/\/www.msds-europe.com\/es\/#\/schema\/logo\/image\/"},"sameAs":["https:\/\/www.facebook.com\/toxinfokft\/","https:\/\/x.com\/ToxInfoKft"]}]}},"_links":{"self":[{"href":"https:\/\/www.msds-europe.com\/sl\/wp-json\/wp\/v2\/pages\/3936","targetHints":{"allow":["GET"]}}],"collection":[{"href":"https:\/\/www.msds-europe.com\/sl\/wp-json\/wp\/v2\/pages"}],"about":[{"href":"https:\/\/www.msds-europe.com\/sl\/wp-json\/wp\/v2\/types\/page"}],"author":[{"embeddable":true,"href":"https:\/\/www.msds-europe.com\/sl\/wp-json\/wp\/v2\/users\/2"}],"replies":[{"embeddable":true,"href":"https:\/\/www.msds-europe.com\/sl\/wp-json\/wp\/v2\/comments?post=3936"}],"version-history":[{"count":6,"href":"https:\/\/www.msds-europe.com\/sl\/wp-json\/wp\/v2\/pages\/3936\/revisions"}],"predecessor-version":[{"id":6786,"href":"https:\/\/www.msds-europe.com\/sl\/wp-json\/wp\/v2\/pages\/3936\/revisions\/6786"}],"wp:attachment":[{"href":"https:\/\/www.msds-europe.com\/sl\/wp-json\/wp\/v2\/media?parent=3936"}],"wp:term":[{"taxonomy":"post_tag","embeddable":true,"href":"https:\/\/www.msds-europe.com\/sl\/wp-json\/wp\/v2\/tags?post=3936"}],"curies":[{"name":"wp","href":"https:\/\/api.w.org\/{rel}","templated":true}]}}