{"id":3931,"date":"2018-05-22T10:08:33","date_gmt":"2018-05-22T10:08:33","guid":{"rendered":"http:\/\/www.msds-europe.com\/izdelava-in-prevajanje-osnutkov-etiket-za-kozmeticne-proizvode\/"},"modified":"2018-07-04T13:39:04","modified_gmt":"2018-07-04T13:39:04","slug":"izdelava-prevajanje-osnutkov-etiket-za-kozmeticne-proizvode","status":"publish","type":"page","link":"https:\/\/www.msds-europe.com\/sl\/izdelava-prevajanje-osnutkov-etiket-za-kozmeticne-proizvode\/","title":{"rendered":"Izdelava in prevajanje osnutkov etiket za kozmeti\u010dne proizvode"},"content":{"rendered":"<p style=\"text-align: right;\"><em><span style=\"font-family: Calibri;\"><a href=\"http:\/\/www.msds-europe.com\/sl\/storitve-zvezi-kozmeticnimi-proizvodi\/\">Storitve, povezane s kozmeti\u010dnimi izdelki<\/a><\/span><span style=\"color: #000000; font-family: Calibri;\">\u00a0\u2013\u00a0Izdelava in prevajanje osnutkov etiket za kozmeti\u010dne proizvode<\/span><\/em><\/p>\n<p>&nbsp;<\/p>\n<p style=\"text-align: justify;\"><span style=\"color: #000000; font-family: Calibri;\">Izdelava osnutkov etiket za kozmeti\u010dne proizvode v skladu z veljavnimi predpisi in prevajanje v vse jezike EU.<\/span><\/p>\n<p><span style=\"color: #000000; font-family: Calibri;\">\u00a0<\/span><\/p>\n<h2 style=\"text-align: justify;\"><span style=\"color: #ff6600; font-family: Calibri;\">Izdelava osnutkov etiket za odgovorne osebe<\/span><\/h2>\n<p style=\"text-align: justify;\"><span style=\"color: #000000; font-family: Calibri;\"><strong>Izdelava<\/strong> osnutkov etiket za kozmeti\u010dne proizvode v skladu z 19. \u010dlenom uredbe (ES) \u0161t. 1223\/2009.<\/span><\/p>\n<p style=\"text-align: justify;\"><span style=\"color: #000000; font-family: Calibri;\">\u00a0<\/span><\/p>\n<h2 style=\"text-align: justify;\"><span style=\"color: #ff6600; font-family: Calibri;\">Prevajanje osnutkov etiket za distributerje<\/span><\/h2>\n<p style=\"text-align: justify;\"><span style=\"color: #000000; font-family: Calibri;\"><strong>Prevajanje <\/strong>osnutkov etiket za kozmeti\u010dne proizvode v mad\u017earski jezik <strong>in naslednje jezike<\/strong>:<\/span><\/p>\n<p style=\"text-align: justify;\"><em><span style=\"color: #000000; font-family: Calibri;\">angle\u0161kega, \u010de\u0161kega, finskega, francoskega, nizozemskega, hrva\u0161kega, kitajskega, norve\u0161kega, nem\u0161kega, italijanskega, ruskega, portugalskega, romunskega, \u0161panskega, srbskega, slova\u0161kega, slovenskega, tur\u0161kega, ukrajinskega, poljskega in \u0161vedskega<\/span><\/em><\/p>\n<p><span style=\"color: #000000; font-family: Calibri;\">\u00a0<\/span><\/p>\n<h2><span style=\"color: #ff6600; font-family: Calibri;\">Zahteva za ponudbo za na\u0161o storitev izdelave in prevajanja\u00a0 osnutkov etiket<\/span><\/h2>\n<p><span style=\"font-family: Calibri;\"><span style=\"color: #000000;\"><a href=\"mailto:info@msds-europe.com\">Na zahtevo za ponudbo, poslano po elektronski po\u0161ti<\/a> ali v <a href=\"http:\/\/www.msds-europe.com\/sl\/zahteva-ponudbo-kozmetika\/\">obliki spletnega obrazca<\/a>, bomo odgovorili v roku 24 ur.<br \/>\nNa\u0161a <a href=\"http:\/\/www.msds-europe.com\/sl\/zahteva-ponudbo-kozmetika\/\">slu\u017eba za stranke<\/a> vam bo pomagala pri izbiri prave storitve.<\/span><\/span><\/p>\n<p><span style=\"color: #000000; font-family: Calibri;\">\u00a0<\/span><\/p>\n<h3 style=\"text-align: justify;\"><span style=\"color: #333333; font-family: Calibri;\">Zanimiva in uporabna strokovna gradiva, vezana na ozna\u010devanje kozmeti\u010dnih proizvodov<\/span><\/h3>\n<ul>\n<li><a title=\"Obveznosti odgovorne osebe\" href=\"http:\/\/www.msds-europe.com\/sl\/obveznosti-odgovorne-osebe\/\">Obveznosti odgovorne osebe<\/a><\/li>\n<li><a title=\"Dol\u017enosti distributerjev kozmeti\u010dnih izdelkov\" href=\"http:\/\/www.msds-europe.com\/sl\/dolznosti-distributerjev-kozmeticnih-izdelkov\/\">Dol\u017enosti distributerjev kozmeti\u010dnih izdelkov<\/a><\/li>\n<\/ul>\n<p>&nbsp;<\/p>\n<h3 style=\"text-align: justify;\"><span style=\"color: #333333; font-family: Calibri;\">Dodatne storitve, ki jih priporo\u010damo v povezavi z na\u0161o storitvijo prevajanja in izdelave osnutkov etiket za kozmeti\u010dne proizvode<\/span><\/h3>\n<ul>\n<li><a title=\"Storitev priglasitve na CPNP\" href=\"http:\/\/www.msds-europe.com\/sl\/storitev-priglasitve-cpnp\/\">Storitev priglasitve na CPNP<\/a><\/li>\n<li><a title=\"Izdelava ocena varnosti za kozmeti\u010dne proizvode\" href=\"http:\/\/www.msds-europe.com\/sl\/izdelava-ocena-varnostnih-za-kozmetiko\/\">Izdelava ocena varnosti za kozmeti\u010dne proizvode<\/a><\/li>\n<\/ul>\n<p>&nbsp;<\/p>\n","protected":false},"excerpt":{"rendered":"<p>Izdelava in prevajanje osnutkov etiket za kozmeti\u010dne proizvode v skladu z veljavnimi predpisi.<\/p>\n","protected":false},"author":2,"featured_media":0,"parent":0,"menu_order":0,"comment_status":"closed","ping_status":"closed","template":"","meta":{"_acf_changed":false,"footnotes":""},"tags":[266,289],"class_list":["post-3931","page","type-page","status-publish","hentry","tag-kozmetika-sl","tag-storitve-sl"],"acf":[],"yoast_head":"<!-- This site is optimized with the Yoast SEO plugin v27.2 - https:\/\/yoast.com\/product\/yoast-seo-wordpress\/ -->\n<title>Izdelava in prevajanje osnutkov etiket za kozmetika, kozmeti\u010dne proizvode<\/title>\n<meta name=\"description\" content=\"Izdelava in prevajanje osnutkov etiket za kozmeti\u010dne proizvode v skladu z veljavnimi predpisi. Prevajanje osnutkov etiket za kozmeti\u010dne proizvode v vse uradne jezike Evropske unije.\" \/>\n<meta name=\"robots\" content=\"index, follow, max-snippet:-1, max-image-preview:large, max-video-preview:-1\" \/>\n<link rel=\"canonical\" href=\"https:\/\/www.msds-europe.com\/sl\/izdelava-prevajanje-osnutkov-etiket-za-kozmeticne-proizvode\/\" \/>\n<meta property=\"og:locale\" content=\"sl_SI\" \/>\n<meta property=\"og:type\" content=\"article\" \/>\n<meta property=\"og:title\" content=\"Izdelava in prevajanje osnutkov etiket za kozmetika, kozmeti\u010dne proizvode\" \/>\n<meta property=\"og:description\" content=\"Izdelava in prevajanje osnutkov etiket za kozmeti\u010dne proizvode v skladu z veljavnimi predpisi. Prevajanje osnutkov etiket za kozmeti\u010dne proizvode v vse uradne jezike Evropske unije.\" \/>\n<meta property=\"og:url\" content=\"https:\/\/www.msds-europe.com\/sl\/izdelava-prevajanje-osnutkov-etiket-za-kozmeticne-proizvode\/\" \/>\n<meta property=\"og:site_name\" content=\"MSDS Europe\" \/>\n<meta property=\"article:publisher\" content=\"https:\/\/www.facebook.com\/toxinfokft\/\" \/>\n<meta property=\"article:modified_time\" content=\"2018-07-04T13:39:04+00:00\" \/>\n<meta name=\"twitter:card\" content=\"summary_large_image\" \/>\n<meta name=\"twitter:site\" content=\"@ToxInfoKft\" \/>\n<meta name=\"twitter:label1\" content=\"Est. reading time\" \/>\n\t<meta name=\"twitter:data1\" content=\"1 minuta\" \/>\n<script type=\"application\/ld+json\" class=\"yoast-schema-graph\">{\"@context\":\"https:\/\/schema.org\",\"@graph\":[{\"@type\":\"WebPage\",\"@id\":\"https:\/\/www.msds-europe.com\/sl\/izdelava-prevajanje-osnutkov-etiket-za-kozmeticne-proizvode\/\",\"url\":\"https:\/\/www.msds-europe.com\/sl\/izdelava-prevajanje-osnutkov-etiket-za-kozmeticne-proizvode\/\",\"name\":\"Izdelava in prevajanje osnutkov etiket za kozmetika, kozmeti\u010dne proizvode\",\"isPartOf\":{\"@id\":\"https:\/\/www.msds-europe.com\/es\/#website\"},\"datePublished\":\"2018-05-22T10:08:33+00:00\",\"dateModified\":\"2018-07-04T13:39:04+00:00\",\"description\":\"Izdelava in prevajanje osnutkov etiket za kozmeti\u010dne proizvode v skladu z veljavnimi predpisi. Prevajanje osnutkov etiket za kozmeti\u010dne proizvode v vse uradne jezike Evropske unije.\",\"breadcrumb\":{\"@id\":\"https:\/\/www.msds-europe.com\/sl\/izdelava-prevajanje-osnutkov-etiket-za-kozmeticne-proizvode\/#breadcrumb\"},\"inLanguage\":\"sl-SI\",\"potentialAction\":[{\"@type\":\"ReadAction\",\"target\":[\"https:\/\/www.msds-europe.com\/sl\/izdelava-prevajanje-osnutkov-etiket-za-kozmeticne-proizvode\/\"]}]},{\"@type\":\"BreadcrumbList\",\"@id\":\"https:\/\/www.msds-europe.com\/sl\/izdelava-prevajanje-osnutkov-etiket-za-kozmeticne-proizvode\/#breadcrumb\",\"itemListElement\":[{\"@type\":\"ListItem\",\"position\":1,\"name\":\"F\u0151oldal\",\"item\":\"https:\/\/www.msds-europe.com\/sl\/\"},{\"@type\":\"ListItem\",\"position\":2,\"name\":\"Izdelava in prevajanje osnutkov etiket za kozmeti\u010dne proizvode\"}]},{\"@type\":\"WebSite\",\"@id\":\"https:\/\/www.msds-europe.com\/es\/#website\",\"url\":\"https:\/\/www.msds-europe.com\/es\/\",\"name\":\"MSDS Europe\",\"description\":\"\",\"publisher\":{\"@id\":\"https:\/\/www.msds-europe.com\/es\/#organization\"},\"potentialAction\":[{\"@type\":\"SearchAction\",\"target\":{\"@type\":\"EntryPoint\",\"urlTemplate\":\"https:\/\/www.msds-europe.com\/es\/?s={search_term_string}\"},\"query-input\":{\"@type\":\"PropertyValueSpecification\",\"valueRequired\":true,\"valueName\":\"search_term_string\"}}],\"inLanguage\":\"sl-SI\"},{\"@type\":\"Organization\",\"@id\":\"https:\/\/www.msds-europe.com\/es\/#organization\",\"name\":\"MSDS-Europe International branch of ToxInfo\",\"url\":\"https:\/\/www.msds-europe.com\/es\/\",\"logo\":{\"@type\":\"ImageObject\",\"inLanguage\":\"sl-SI\",\"@id\":\"https:\/\/www.msds-europe.com\/es\/#\/schema\/logo\/image\/\",\"url\":\"https:\/\/www.msds-europe.com\/wp-content\/uploads\/2021\/04\/msds-europe-logo.jpg\",\"contentUrl\":\"https:\/\/www.msds-europe.com\/wp-content\/uploads\/2021\/04\/msds-europe-logo.jpg\",\"width\":2296,\"height\":1067,\"caption\":\"MSDS-Europe International branch of ToxInfo\"},\"image\":{\"@id\":\"https:\/\/www.msds-europe.com\/es\/#\/schema\/logo\/image\/\"},\"sameAs\":[\"https:\/\/www.facebook.com\/toxinfokft\/\",\"https:\/\/x.com\/ToxInfoKft\"]}]}<\/script>\n<!-- \/ Yoast SEO plugin. -->","yoast_head_json":{"title":"Izdelava in prevajanje osnutkov etiket za kozmetika, kozmeti\u010dne proizvode","description":"Izdelava in prevajanje osnutkov etiket za kozmeti\u010dne proizvode v skladu z veljavnimi predpisi. Prevajanje osnutkov etiket za kozmeti\u010dne proizvode v vse uradne jezike Evropske unije.","robots":{"index":"index","follow":"follow","max-snippet":"max-snippet:-1","max-image-preview":"max-image-preview:large","max-video-preview":"max-video-preview:-1"},"canonical":"https:\/\/www.msds-europe.com\/sl\/izdelava-prevajanje-osnutkov-etiket-za-kozmeticne-proizvode\/","og_locale":"sl_SI","og_type":"article","og_title":"Izdelava in prevajanje osnutkov etiket za kozmetika, kozmeti\u010dne proizvode","og_description":"Izdelava in prevajanje osnutkov etiket za kozmeti\u010dne proizvode v skladu z veljavnimi predpisi. Prevajanje osnutkov etiket za kozmeti\u010dne proizvode v vse uradne jezike Evropske unije.","og_url":"https:\/\/www.msds-europe.com\/sl\/izdelava-prevajanje-osnutkov-etiket-za-kozmeticne-proizvode\/","og_site_name":"MSDS Europe","article_publisher":"https:\/\/www.facebook.com\/toxinfokft\/","article_modified_time":"2018-07-04T13:39:04+00:00","twitter_card":"summary_large_image","twitter_site":"@ToxInfoKft","twitter_misc":{"Est. reading time":"1 minuta"},"schema":{"@context":"https:\/\/schema.org","@graph":[{"@type":"WebPage","@id":"https:\/\/www.msds-europe.com\/sl\/izdelava-prevajanje-osnutkov-etiket-za-kozmeticne-proizvode\/","url":"https:\/\/www.msds-europe.com\/sl\/izdelava-prevajanje-osnutkov-etiket-za-kozmeticne-proizvode\/","name":"Izdelava in prevajanje osnutkov etiket za kozmetika, kozmeti\u010dne proizvode","isPartOf":{"@id":"https:\/\/www.msds-europe.com\/es\/#website"},"datePublished":"2018-05-22T10:08:33+00:00","dateModified":"2018-07-04T13:39:04+00:00","description":"Izdelava in prevajanje osnutkov etiket za kozmeti\u010dne proizvode v skladu z veljavnimi predpisi. Prevajanje osnutkov etiket za kozmeti\u010dne proizvode v vse uradne jezike Evropske unije.","breadcrumb":{"@id":"https:\/\/www.msds-europe.com\/sl\/izdelava-prevajanje-osnutkov-etiket-za-kozmeticne-proizvode\/#breadcrumb"},"inLanguage":"sl-SI","potentialAction":[{"@type":"ReadAction","target":["https:\/\/www.msds-europe.com\/sl\/izdelava-prevajanje-osnutkov-etiket-za-kozmeticne-proizvode\/"]}]},{"@type":"BreadcrumbList","@id":"https:\/\/www.msds-europe.com\/sl\/izdelava-prevajanje-osnutkov-etiket-za-kozmeticne-proizvode\/#breadcrumb","itemListElement":[{"@type":"ListItem","position":1,"name":"F\u0151oldal","item":"https:\/\/www.msds-europe.com\/sl\/"},{"@type":"ListItem","position":2,"name":"Izdelava in prevajanje osnutkov etiket za kozmeti\u010dne proizvode"}]},{"@type":"WebSite","@id":"https:\/\/www.msds-europe.com\/es\/#website","url":"https:\/\/www.msds-europe.com\/es\/","name":"MSDS Europe","description":"","publisher":{"@id":"https:\/\/www.msds-europe.com\/es\/#organization"},"potentialAction":[{"@type":"SearchAction","target":{"@type":"EntryPoint","urlTemplate":"https:\/\/www.msds-europe.com\/es\/?s={search_term_string}"},"query-input":{"@type":"PropertyValueSpecification","valueRequired":true,"valueName":"search_term_string"}}],"inLanguage":"sl-SI"},{"@type":"Organization","@id":"https:\/\/www.msds-europe.com\/es\/#organization","name":"MSDS-Europe International branch of ToxInfo","url":"https:\/\/www.msds-europe.com\/es\/","logo":{"@type":"ImageObject","inLanguage":"sl-SI","@id":"https:\/\/www.msds-europe.com\/es\/#\/schema\/logo\/image\/","url":"https:\/\/www.msds-europe.com\/wp-content\/uploads\/2021\/04\/msds-europe-logo.jpg","contentUrl":"https:\/\/www.msds-europe.com\/wp-content\/uploads\/2021\/04\/msds-europe-logo.jpg","width":2296,"height":1067,"caption":"MSDS-Europe International branch of ToxInfo"},"image":{"@id":"https:\/\/www.msds-europe.com\/es\/#\/schema\/logo\/image\/"},"sameAs":["https:\/\/www.facebook.com\/toxinfokft\/","https:\/\/x.com\/ToxInfoKft"]}]}},"_links":{"self":[{"href":"https:\/\/www.msds-europe.com\/sl\/wp-json\/wp\/v2\/pages\/3931","targetHints":{"allow":["GET"]}}],"collection":[{"href":"https:\/\/www.msds-europe.com\/sl\/wp-json\/wp\/v2\/pages"}],"about":[{"href":"https:\/\/www.msds-europe.com\/sl\/wp-json\/wp\/v2\/types\/page"}],"author":[{"embeddable":true,"href":"https:\/\/www.msds-europe.com\/sl\/wp-json\/wp\/v2\/users\/2"}],"replies":[{"embeddable":true,"href":"https:\/\/www.msds-europe.com\/sl\/wp-json\/wp\/v2\/comments?post=3931"}],"version-history":[{"count":7,"href":"https:\/\/www.msds-europe.com\/sl\/wp-json\/wp\/v2\/pages\/3931\/revisions"}],"predecessor-version":[{"id":7366,"href":"https:\/\/www.msds-europe.com\/sl\/wp-json\/wp\/v2\/pages\/3931\/revisions\/7366"}],"wp:attachment":[{"href":"https:\/\/www.msds-europe.com\/sl\/wp-json\/wp\/v2\/media?parent=3931"}],"wp:term":[{"taxonomy":"post_tag","embeddable":true,"href":"https:\/\/www.msds-europe.com\/sl\/wp-json\/wp\/v2\/tags?post=3931"}],"curies":[{"name":"wp","href":"https:\/\/api.w.org\/{rel}","templated":true}]}}