{"id":3926,"date":"2018-05-22T10:01:35","date_gmt":"2018-05-22T10:01:35","guid":{"rendered":"http:\/\/www.msds-europe.com\/izdelava-ocena-varnosti-za-kozmeticne-proizvode-2\/"},"modified":"2023-02-14T08:38:52","modified_gmt":"2023-02-14T08:38:52","slug":"izdelava-ocena-varnostnih-za-kozmetiko","status":"publish","type":"page","link":"https:\/\/www.msds-europe.com\/sl\/izdelava-ocena-varnostnih-za-kozmetiko\/","title":{"rendered":"Izdelava ocena varnosti za kozmeti\u010dne proizvode"},"content":{"rendered":"<p style=\"text-align: right;\"><em><span style=\"font-family: Calibri;\"><a href=\"http:\/\/www.msds-europe.com\/sl\/storitve-zvezi-kozmeticnimi-proizvodi\/\">Storitve, povezane s kozmeti\u010dnimi izdelki<\/a><\/span><span style=\"color: #000000; font-family: Calibri;\">\u00a0\u2013\u00a0\u00a0Izdelava ocena varnosti za kozmeti\u010dne proizvode<\/span><\/em><\/p>\n<p>&nbsp;<\/p>\n<p><span style=\"color: #000000; font-family: Calibri;\">Med postopkom izdelave ocene varnosti upo\u0161tevamo smernice Priloge I <strong>Uredbe (ES) \u0161t. 1223\/2009<\/strong>.<\/span><\/p>\n<p style=\"text-align: right;\"><em><a href=\"https:\/\/www.msds-europe.com\/sl\/spremembe-predpisov-varnost-pred-kemikalijami\/\">Spremljevalec sprememb predpisov<\/a><\/em><\/p>\n<p>&nbsp;<\/p>\n<h2><span style=\"font-family: Calibri;\">Izdelava ocena varnosti<\/span><\/h2>\n<p style=\"text-align: justify;\"><span style=\"color: #000000; font-family: Calibri;\">Da se doka\u017ee skladnost kozmeti\u010dnega proizvoda s predpisi, mora odgovorna oseba, preden da kozmeti\u010dni proizvod na trg, preveriti, \u010de je kozmeti\u010dni proizvod bil dele\u017een ocene varnosti na podlagi potrebnih informacij in da za kozmeti\u010dni proizvod obstaja varnostno poro\u010dilo.<\/span><\/p>\n<p style=\"text-align: justify;\"><span style=\"color: #000000; font-family: Calibri;\">Oceno varnosti lahko<strong> izvede<\/strong> samo ustrezno usposobljena oseba, ki ima primerno znanje in <strong>usposobljenost, ki jo zahteva<\/strong> <strong>zakonodaja<\/strong>.<\/span><\/p>\n<p><span style=\"color: #000000; font-family: Calibri;\">\u00a0<\/span><\/p>\n<h2><span style=\"font-family: Calibri;\">Potrebne informacije za izdelavo ocene varnosti<\/span><\/h2>\n<ul>\n<li><span style=\"color: #000000; font-family: Calibri;\">Podatki o podjetju in kontaktni podatki proizvajalca ter distributerja<\/span><\/li>\n<li style=\"text-align: justify;\"><span style=\"color: #000000; font-family: Calibri;\">Formulacija proizvoda<\/span><\/li>\n<li style=\"text-align: justify;\"><span style=\"color: #000000; font-family: Calibri;\">Varnostni list sestavin v skladu z uredbo <strong>(EU) 2020\/878<\/strong>, specifikacije in certifikat analize sestavin, ki zagotavljajo, da ustrezajo zahtevam kozmeti\u010dnih proizvodov.<br \/>\nVrednosti LOAEL in NOAEL glede sestavin, ki prav tako morajo biti prilo\u017eene za sestavine (te je mo\u017eno zahtevati od dobavitelja osnovnih materialov)<\/span><\/li>\n<li style=\"text-align: justify;\"><span style=\"color: #000000; font-family: Calibri;\">Seznam alergenov<\/span><\/li>\n<li style=\"text-align: justify;\"><span style=\"color: #000000; font-family: Calibri;\">Podatki in specifikacije, pomembne za kon\u010dni proizvod (fizikalni in kemi\u010dni parametri, mikrobiolo\u0161ka \u010distost itd.)<br \/>\nMikrobiolo\u0161ka \u010distost mora biti potrjena z rezultati laboratorijskega testiranja<\/span><\/li>\n<li style=\"text-align: justify;\"><span style=\"color: #000000; font-family: Calibri;\">Specifikacije glede velikosti embala\u017ee, pakiranja in materiala pakiranja, potrdilo, da ustrezajo zahtevam glede embala\u017ee ali pakiranja kozmeti\u010dnih proizvodov<\/span><\/li>\n<li style=\"text-align: justify;\"><span style=\"color: #000000; font-family: Calibri;\">Testi stabilnosti<\/span><\/li>\n<li style=\"text-align: justify;\"><span style=\"color: #000000; font-family: Calibri;\">Opis na\u010dina proizvodnje, potrdilo o lokacijah proizvodnje (o skladnosti GMP)<\/span><\/li>\n<li><span style=\"color: #000000; font-family: Calibri;\">Uporabni\u0161ki priro\u010dnik<\/span><\/li>\n<li><span style=\"color: #000000; font-family: Calibri;\">Originalna oznaka proizvoda v jeziku dr\u017eave, kjer je proizvod bil prvi\u010d dan na trg<\/span><\/li>\n<li><span style=\"color: #000000; font-family: Calibri;\">Izjava o tem, ali je bil proizvod uporabljen v testiranju na \u017eivalih<\/span><\/li>\n<\/ul>\n<p style=\"text-align: justify;\"><em><span style=\"color: #000000; font-family: Calibri;\">Seznam je zgolj informativen. Poleg zgoraj omenjenih informacij je lahko potrebnih \u0161e ve\u010d informacij, odvisno od vrste\/narave proizvoda.<\/span><\/em><\/p>\n<p><span style=\"color: #000000; font-family: Calibri;\">\u00a0<\/span><\/p>\n<h2><span style=\"font-family: Calibri;\">Oceno varnosti , ki jo pripravi na\u0161e podjetje, lahko uporabite za<\/span><\/h2>\n<ul>\n<li><span style=\"color: #000000; font-family: Calibri;\">ozna\u010devanje kozmeti\u010dnih proizvodov z uporabo ustreznih informacij<\/span><\/li>\n<li><span style=\"color: #000000; font-family: Calibri;\">informiranje strank<\/span><\/li>\n<li><span style=\"color: #000000; font-family: Calibri;\">priglasitev proizvoda na CPNP<\/span><\/li>\n<li><span style=\"color: #000000; font-family: Calibri;\">prenos informacij, ki jih zahteva zakonodaja za podro\u010dje kozmetike<\/span><\/li>\n<li><span style=\"color: #000000; font-family: Calibri;\">ustvarjanje varnih delovnih pogojev<\/span><\/li>\n<\/ul>\n<p><span style=\"font-family: Calibri;\">\u00a0<\/span><\/p>\n<h2 style=\"text-align: justify;\"><span style=\"font-family: Calibri;\">Zagotavljanje kakovosti v postopku izdelave ocene varnosti<\/span><\/h2>\n<p style=\"text-align: justify;\"><span style=\"color: #000000; font-family: Calibri;\">Prevzemamo popolno odgovornost za zakonodajno skladnost ocene varnosti, ki jo pripravi na\u0161e podjetje in za njeno uradno veljavnost.<\/span><\/p>\n<p style=\"text-align: justify;\"><span style=\"color: #000000; font-family: Calibri;\">V primeru, da pride do pripomb s strani pristojnih organov, bo na\u0161e podjetje listino ustrezno popravilo ali dopolnilo.<br \/>\nNa\u0161e podjetje ne prevzema odgovornosti za probleme\/pomanjkljivosti, ki so posledica nezadostnih ali neposredovanih podatkov\/informacij.<\/span><\/p>\n<p style=\"text-align: justify;\"><span style=\"color: #000000; font-family: Calibri;\">\u00a0<\/span><\/p>\n<h2 style=\"text-align: justify;\"><span style=\"font-family: Calibri;\">Preprosti in hitri procesi med izvajanjem storitve izdelave ocene varnosti<\/span><\/h2>\n<p style=\"text-align: justify;\"><span style=\"font-family: Calibri;\"><span style=\"color: #000000;\"><a href=\"mailto:info@msds-europe.com\">Na zahtevo za ponudbo, poslano po elektronski po\u0161ti<\/a> ali v obliki spletnega obrazca, bomo odgovorili v roku 24 ur.<br \/>\nKot prilogo na\u0161i ponudbi bomo vam poslali tudi na\u0161 obraze za naro\u010dilo, da bo postopek naro\u010dila enostavnej\u0161i.<\/span><\/span><\/p>\n<p style=\"text-align: justify;\"><span style=\"color: #000000; font-family: Calibri;\">Izpolnili in poslali nam boste samo izpolnjen obrazec za naro\u010dilo ter posredovali potrebne dokumente in podatke, za katere vas prosimo v na\u0161em zahtevku, za vse ostalo glede naro\u010dila pa bomo poskrbeli mi.<\/span><\/p>\n<p style=\"text-align: right;\"><a href=\"https:\/\/www.msds-europe.com\/sl\/zahteva-ponudbo-kozmetika\/\"><em>Zahteva za storitve v zvezi s kozmeti\u010dnimi proizvodi<\/em><\/a><\/p>\n<p>&nbsp;<\/p>\n<h2 style=\"text-align: justify;\"><span style=\"font-family: Calibri;\">Garancija<\/span><\/h2>\n<p style=\"text-align: justify;\"><span style=\"color: #000000; font-family: Calibri;\">Prevzemamo popolno strokovno in finan\u010dno odgovornost za varnostne liste, ki jih bo na\u0161e podjetje izdelalo in za vse s tem povezane storitve. <\/span><span style=\"color: #000000; font-family: Calibri;\">Na\u0161a finan\u010dna garancija vklju\u010duje povra\u010dilo vse posredne ali neposredne \u0161kode.<\/span><\/p>\n<p>&nbsp;<\/p>\n<h2 style=\"text-align: justify;\"><span style=\"font-family: Calibri;\">Podpora po uporabi na\u0161ih storitev<\/span><\/h2>\n<p style=\"text-align: justify;\"><span style=\"color: #000000; font-family: Calibri;\">Po uporabi na\u0161ih storitev vam bo na\u0161a slu\u017eba za stranke pomagala pri razlagi in uporabi izdelane ocene varnosti ter vam pomagala pri povezanih nalogah.<\/span><\/p>\n<p style=\"text-align: right;\"><a href=\"https:\/\/www.msds-europe.com\/sl\/sluzba-za-stranke\/\"><em>Slu\u017eba za stranke<\/em><\/a><\/p>\n<p>&nbsp;<\/p>\n<h3 style=\"text-align: justify;\">Storitve, vezane na storitev izdelave ocene varnosti<\/h3>\n<ul>\n<li><a href=\"https:\/\/www.msds-europe.com\/sl\/storitev-priglasitve-cpnp\/\">Storitev priglasitve na CPNP<\/a><\/li>\n<li><a href=\"https:\/\/www.msds-europe.com\/sl\/izdelava-varnostnih-listov-kozmeticne\/\">Izdelava varnostih listov za kozmeti\u010dne proizvode<\/a><\/li>\n<\/ul>\n<p>&nbsp;<\/p>\n<h3 style=\"text-align: justify;\">Zanimiva in koristna strokovna gradiva, vezana na na\u0161o storitev izdelave ocene varnosti<\/h3>\n<ul>\n<li><a href=\"https:\/\/www.msds-europe.com\/sl\/obveznosti-odgovorne-osebe\/\">Obveznosti odgovorne osebe<\/a><\/li>\n<li><a href=\"https:\/\/www.msds-europe.com\/sl\/dolznosti-distributerjev-kozmeticnih-izdelkov\/\">Dol\u017enosti distributerjev kozmeti\u010dnih izdelkov<\/a><\/li>\n<\/ul>\n<p>&nbsp;<\/p>\n","protected":false},"excerpt":{"rendered":"<p>Izdelava ocene varnosti za kozmeti\u010dne proizvode v skladu z uredbo (ES) \u0161t. 1223\/2009.<\/p>\n","protected":false},"author":2,"featured_media":0,"parent":0,"menu_order":0,"comment_status":"closed","ping_status":"closed","template":"","meta":{"_acf_changed":false,"footnotes":""},"tags":[266,289],"class_list":["post-3926","page","type-page","status-publish","hentry","tag-kozmetika-sl","tag-storitve-sl"],"acf":[],"yoast_head":"<!-- This site is optimized with the Yoast SEO plugin v27.2 - https:\/\/yoast.com\/product\/yoast-seo-wordpress\/ -->\n<title>Izdelava ocena varnosti za kozmeti\u010dne proizvode<\/title>\n<meta name=\"description\" content=\"Izdelava ocene varnosti za kozmeti\u010dne proizvode v skladu z uredbo (ES) \u0161t. 1223\/2009.\" \/>\n<meta name=\"robots\" content=\"index, follow, max-snippet:-1, max-image-preview:large, max-video-preview:-1\" \/>\n<link rel=\"canonical\" href=\"https:\/\/www.msds-europe.com\/sl\/izdelava-ocena-varnostnih-za-kozmetiko\/\" \/>\n<meta property=\"og:locale\" content=\"sl_SI\" \/>\n<meta property=\"og:type\" content=\"article\" \/>\n<meta property=\"og:title\" content=\"Izdelava ocena varnosti za kozmeti\u010dne proizvode\" \/>\n<meta property=\"og:description\" content=\"Izdelava ocene varnosti za kozmeti\u010dne proizvode v skladu z uredbo (ES) \u0161t. 1223\/2009.\" \/>\n<meta property=\"og:url\" content=\"https:\/\/www.msds-europe.com\/sl\/izdelava-ocena-varnostnih-za-kozmetiko\/\" \/>\n<meta property=\"og:site_name\" content=\"MSDS Europe\" \/>\n<meta property=\"article:publisher\" content=\"https:\/\/www.facebook.com\/toxinfokft\/\" \/>\n<meta property=\"article:modified_time\" content=\"2023-02-14T08:38:52+00:00\" \/>\n<meta name=\"twitter:card\" content=\"summary_large_image\" \/>\n<meta name=\"twitter:site\" content=\"@ToxInfoKft\" \/>\n<meta name=\"twitter:label1\" content=\"Est. reading time\" \/>\n\t<meta name=\"twitter:data1\" content=\"3 minute\" \/>\n<script type=\"application\/ld+json\" class=\"yoast-schema-graph\">{\"@context\":\"https:\/\/schema.org\",\"@graph\":[{\"@type\":\"WebPage\",\"@id\":\"https:\/\/www.msds-europe.com\/sl\/izdelava-ocena-varnostnih-za-kozmetiko\/\",\"url\":\"https:\/\/www.msds-europe.com\/sl\/izdelava-ocena-varnostnih-za-kozmetiko\/\",\"name\":\"Izdelava ocena varnosti za kozmeti\u010dne proizvode\",\"isPartOf\":{\"@id\":\"https:\/\/www.msds-europe.com\/es\/#website\"},\"datePublished\":\"2018-05-22T10:01:35+00:00\",\"dateModified\":\"2023-02-14T08:38:52+00:00\",\"description\":\"Izdelava ocene varnosti za kozmeti\u010dne proizvode v skladu z uredbo (ES) \u0161t. 1223\/2009.\",\"breadcrumb\":{\"@id\":\"https:\/\/www.msds-europe.com\/sl\/izdelava-ocena-varnostnih-za-kozmetiko\/#breadcrumb\"},\"inLanguage\":\"sl-SI\",\"potentialAction\":[{\"@type\":\"ReadAction\",\"target\":[\"https:\/\/www.msds-europe.com\/sl\/izdelava-ocena-varnostnih-za-kozmetiko\/\"]}]},{\"@type\":\"BreadcrumbList\",\"@id\":\"https:\/\/www.msds-europe.com\/sl\/izdelava-ocena-varnostnih-za-kozmetiko\/#breadcrumb\",\"itemListElement\":[{\"@type\":\"ListItem\",\"position\":1,\"name\":\"F\u0151oldal\",\"item\":\"https:\/\/www.msds-europe.com\/sl\/\"},{\"@type\":\"ListItem\",\"position\":2,\"name\":\"Izdelava ocena varnosti za kozmeti\u010dne proizvode\"}]},{\"@type\":\"WebSite\",\"@id\":\"https:\/\/www.msds-europe.com\/es\/#website\",\"url\":\"https:\/\/www.msds-europe.com\/es\/\",\"name\":\"MSDS Europe\",\"description\":\"\",\"publisher\":{\"@id\":\"https:\/\/www.msds-europe.com\/es\/#organization\"},\"potentialAction\":[{\"@type\":\"SearchAction\",\"target\":{\"@type\":\"EntryPoint\",\"urlTemplate\":\"https:\/\/www.msds-europe.com\/es\/?s={search_term_string}\"},\"query-input\":{\"@type\":\"PropertyValueSpecification\",\"valueRequired\":true,\"valueName\":\"search_term_string\"}}],\"inLanguage\":\"sl-SI\"},{\"@type\":\"Organization\",\"@id\":\"https:\/\/www.msds-europe.com\/es\/#organization\",\"name\":\"MSDS-Europe International branch of ToxInfo\",\"url\":\"https:\/\/www.msds-europe.com\/es\/\",\"logo\":{\"@type\":\"ImageObject\",\"inLanguage\":\"sl-SI\",\"@id\":\"https:\/\/www.msds-europe.com\/es\/#\/schema\/logo\/image\/\",\"url\":\"https:\/\/www.msds-europe.com\/wp-content\/uploads\/2021\/04\/msds-europe-logo.jpg\",\"contentUrl\":\"https:\/\/www.msds-europe.com\/wp-content\/uploads\/2021\/04\/msds-europe-logo.jpg\",\"width\":2296,\"height\":1067,\"caption\":\"MSDS-Europe International branch of ToxInfo\"},\"image\":{\"@id\":\"https:\/\/www.msds-europe.com\/es\/#\/schema\/logo\/image\/\"},\"sameAs\":[\"https:\/\/www.facebook.com\/toxinfokft\/\",\"https:\/\/x.com\/ToxInfoKft\"]}]}<\/script>\n<!-- \/ Yoast SEO plugin. -->","yoast_head_json":{"title":"Izdelava ocena varnosti za kozmeti\u010dne proizvode","description":"Izdelava ocene varnosti za kozmeti\u010dne proizvode v skladu z uredbo (ES) \u0161t. 1223\/2009.","robots":{"index":"index","follow":"follow","max-snippet":"max-snippet:-1","max-image-preview":"max-image-preview:large","max-video-preview":"max-video-preview:-1"},"canonical":"https:\/\/www.msds-europe.com\/sl\/izdelava-ocena-varnostnih-za-kozmetiko\/","og_locale":"sl_SI","og_type":"article","og_title":"Izdelava ocena varnosti za kozmeti\u010dne proizvode","og_description":"Izdelava ocene varnosti za kozmeti\u010dne proizvode v skladu z uredbo (ES) \u0161t. 1223\/2009.","og_url":"https:\/\/www.msds-europe.com\/sl\/izdelava-ocena-varnostnih-za-kozmetiko\/","og_site_name":"MSDS Europe","article_publisher":"https:\/\/www.facebook.com\/toxinfokft\/","article_modified_time":"2023-02-14T08:38:52+00:00","twitter_card":"summary_large_image","twitter_site":"@ToxInfoKft","twitter_misc":{"Est. reading time":"3 minute"},"schema":{"@context":"https:\/\/schema.org","@graph":[{"@type":"WebPage","@id":"https:\/\/www.msds-europe.com\/sl\/izdelava-ocena-varnostnih-za-kozmetiko\/","url":"https:\/\/www.msds-europe.com\/sl\/izdelava-ocena-varnostnih-za-kozmetiko\/","name":"Izdelava ocena varnosti za kozmeti\u010dne proizvode","isPartOf":{"@id":"https:\/\/www.msds-europe.com\/es\/#website"},"datePublished":"2018-05-22T10:01:35+00:00","dateModified":"2023-02-14T08:38:52+00:00","description":"Izdelava ocene varnosti za kozmeti\u010dne proizvode v skladu z uredbo (ES) \u0161t. 1223\/2009.","breadcrumb":{"@id":"https:\/\/www.msds-europe.com\/sl\/izdelava-ocena-varnostnih-za-kozmetiko\/#breadcrumb"},"inLanguage":"sl-SI","potentialAction":[{"@type":"ReadAction","target":["https:\/\/www.msds-europe.com\/sl\/izdelava-ocena-varnostnih-za-kozmetiko\/"]}]},{"@type":"BreadcrumbList","@id":"https:\/\/www.msds-europe.com\/sl\/izdelava-ocena-varnostnih-za-kozmetiko\/#breadcrumb","itemListElement":[{"@type":"ListItem","position":1,"name":"F\u0151oldal","item":"https:\/\/www.msds-europe.com\/sl\/"},{"@type":"ListItem","position":2,"name":"Izdelava ocena varnosti za kozmeti\u010dne proizvode"}]},{"@type":"WebSite","@id":"https:\/\/www.msds-europe.com\/es\/#website","url":"https:\/\/www.msds-europe.com\/es\/","name":"MSDS Europe","description":"","publisher":{"@id":"https:\/\/www.msds-europe.com\/es\/#organization"},"potentialAction":[{"@type":"SearchAction","target":{"@type":"EntryPoint","urlTemplate":"https:\/\/www.msds-europe.com\/es\/?s={search_term_string}"},"query-input":{"@type":"PropertyValueSpecification","valueRequired":true,"valueName":"search_term_string"}}],"inLanguage":"sl-SI"},{"@type":"Organization","@id":"https:\/\/www.msds-europe.com\/es\/#organization","name":"MSDS-Europe International branch of ToxInfo","url":"https:\/\/www.msds-europe.com\/es\/","logo":{"@type":"ImageObject","inLanguage":"sl-SI","@id":"https:\/\/www.msds-europe.com\/es\/#\/schema\/logo\/image\/","url":"https:\/\/www.msds-europe.com\/wp-content\/uploads\/2021\/04\/msds-europe-logo.jpg","contentUrl":"https:\/\/www.msds-europe.com\/wp-content\/uploads\/2021\/04\/msds-europe-logo.jpg","width":2296,"height":1067,"caption":"MSDS-Europe International branch of ToxInfo"},"image":{"@id":"https:\/\/www.msds-europe.com\/es\/#\/schema\/logo\/image\/"},"sameAs":["https:\/\/www.facebook.com\/toxinfokft\/","https:\/\/x.com\/ToxInfoKft"]}]}},"_links":{"self":[{"href":"https:\/\/www.msds-europe.com\/sl\/wp-json\/wp\/v2\/pages\/3926","targetHints":{"allow":["GET"]}}],"collection":[{"href":"https:\/\/www.msds-europe.com\/sl\/wp-json\/wp\/v2\/pages"}],"about":[{"href":"https:\/\/www.msds-europe.com\/sl\/wp-json\/wp\/v2\/types\/page"}],"author":[{"embeddable":true,"href":"https:\/\/www.msds-europe.com\/sl\/wp-json\/wp\/v2\/users\/2"}],"replies":[{"embeddable":true,"href":"https:\/\/www.msds-europe.com\/sl\/wp-json\/wp\/v2\/comments?post=3926"}],"version-history":[{"count":8,"href":"https:\/\/www.msds-europe.com\/sl\/wp-json\/wp\/v2\/pages\/3926\/revisions"}],"predecessor-version":[{"id":28114,"href":"https:\/\/www.msds-europe.com\/sl\/wp-json\/wp\/v2\/pages\/3926\/revisions\/28114"}],"wp:attachment":[{"href":"https:\/\/www.msds-europe.com\/sl\/wp-json\/wp\/v2\/media?parent=3926"}],"wp:term":[{"taxonomy":"post_tag","embeddable":true,"href":"https:\/\/www.msds-europe.com\/sl\/wp-json\/wp\/v2\/tags?post=3926"}],"curies":[{"name":"wp","href":"https:\/\/api.w.org\/{rel}","templated":true}]}}