{"id":3921,"date":"2018-05-22T09:54:47","date_gmt":"2018-05-22T09:54:47","guid":{"rendered":"http:\/\/www.msds-europe.com\/storitev-priglasitve-na-cpnp-2\/"},"modified":"2018-06-29T05:07:21","modified_gmt":"2018-06-29T05:07:21","slug":"storitev-priglasitve-cpnp","status":"publish","type":"page","link":"https:\/\/www.msds-europe.com\/sl\/storitev-priglasitve-cpnp\/","title":{"rendered":"Storitev priglasitve na CPNP"},"content":{"rendered":"<p style=\"text-align: right;\"><em><span style=\"font-family: Calibri;\"><a href=\"http:\/\/www.msds-europe.com\/sl\/kozmeticni-proizvodi\/\">Storitve, povezane s kozmeti\u010dnimi izdelki<\/a><\/span><span style=\"color: #000000; font-family: Calibri;\">\u00a0\u2013\u00a0Storitve priglasitve na CPNP<\/span><\/em><\/p>\n<p>&nbsp;<\/p>\n<p style=\"text-align: justify;\"><span style=\"color: #000000; font-family: Calibri;\">V skladu z uredbo (ES) \u0161t. 1223\/2009 je predpogoj za to, da se lahko na trg Evropske unije da kozmeti\u010dni proizvod, priglasitev proizvoda v centralnem elektronskem registru, t. i. CPNP (portal za priglasitev kozmeti\u010dnih proizvodov).<\/span><\/p>\n<p><span style=\"color: #000000; font-family: Calibri;\">\u00a0<\/span><\/p>\n<h3 style=\"text-align: justify;\"><span style=\"color: #333333; font-family: Calibri;\">Potek na\u0161e storitve za priglasitev na CPNP<\/span><\/h3>\n<h2 style=\"text-align: justify;\"><span style=\"color: #000000; font-family: Calibri;\">Omogo\u010danje dostopa do portala CPNP (registracija)<\/span><\/h2>\n<p style=\"text-align: justify;\"><span style=\"color: #000000; font-family: Calibri;\">Za uporabo portala CPNP mora prijavitelj ustvariti ra\u010dun za EU prijavo (nekdanji ra\u010dun ECAS) in mora zaprositi za dostop v SAAS.<\/span><\/p>\n<p style=\"text-align: justify;\"><span style=\"color: #000000; font-family: Calibri;\">Po potrebi <strong>nudimo tudi pomo\u010d v postopku registracije<\/strong>.<\/span><\/p>\n<p style=\"text-align: justify;\"><span style=\"color: #000000; font-family: Calibri;\">Pomo\u010d pri samo-registraciji:<\/span><\/p>\n<ul>\n<li style=\"text-align: justify;\"><a href=\"https:\/\/webgate.ec.europa.eu\/cas\/eim\/external\/register.cgi\">Ustvarite uporabni\u0161ki ra\u010dun\/geslo za EU prijavo (nekdanji ECAS)<\/a><\/li>\n<li style=\"text-align: justify;\"><a href=\"https:\/\/webgate.ec.europa.eu\/saas\">Zahtevajte dostop do portala CPNP preko sistema SAAS<\/a><\/li>\n<li style=\"text-align: justify;\"><a href=\"https:\/\/webgate.ec.europa.eu\/cpnp\">Povezava na portal CPNP<\/a><\/li>\n<\/ul>\n<p style=\"text-align: justify;\"><span style=\"color: #000000; font-family: Calibri;\">\u00a0<\/span><\/p>\n<h2 style=\"text-align: justify;\"><span style=\"color: #000000; font-family: Calibri;\">Komunikacija podatkov glede na &#8220;status&#8221; distributerja kozmeti\u010dnega proizvoda \u2013 priglasitev na CPNP<\/span><\/h2>\n<p style=\"text-align: justify;\"><span style=\"color: #000000; font-family: Calibri;\">Glede na status distributerja obstaja dve vrsti priglasitve:<\/span><\/p>\n<ul>\n<li style=\"text-align: justify;\"><span style=\"color: #000000; font-family: Calibri;\">priglasitev odgovorne osebe (proizvajalec, uvoznik)<\/span><\/li>\n<li style=\"text-align: justify;\"><span style=\"color: #000000; font-family: Calibri;\">priglasitev distributerja<\/span><\/li>\n<\/ul>\n<p style=\"text-align: justify;\"><span style=\"color: #000000; font-family: Calibri;\">\u010ce nam posredujete registracijske podatke, opravimo priglasitev zahtevanih podatkov in informacij na portalu CPNP ob upo\u0161tevanju &#8220;statusa&#8221; prijavitelja.<\/span><\/p>\n<p style=\"text-align: justify;\"><span style=\"color: #000000; font-family: Calibri;\">\u00a0<\/span><\/p>\n<h2 style=\"text-align: justify;\"><span style=\"color: #000000; font-family: Calibri;\">Za priglasitev na portalu CPNP v imenu odgovorne osebe se posredujejo naslednji podatki<\/span><\/h2>\n<ul>\n<li style=\"text-align: justify;\"><span style=\"color: #000000; font-family: Calibri;\">originalne oznake<\/span><\/li>\n<li style=\"text-align: justify;\"><span style=\"color: #000000; font-family: Calibri;\">fotografije embala\u017ee proizvoda<\/span><\/li>\n<li style=\"text-align: justify;\"><span style=\"color: #000000; font-family: Calibri;\">drugi podatki in informacije v skladu s 13. \u010dlenom uredbe (ES) \u0161t. 1223\/2009 o kozmeti\u010dnih proizvodih<\/span><\/li>\n<\/ul>\n<p style=\"text-align: justify;\"><span style=\"color: #000000; font-family: Calibri;\">\u00a0<\/span><\/p>\n<h2 style=\"text-align: justify;\"><span style=\"color: #000000; font-family: Calibri;\">Za priglasitev na portalu CPNP v imenu distributerja se posredujejo naslednji podatki<\/span><\/h2>\n<ul>\n<li style=\"text-align: justify;\"><span style=\"color: #000000; font-family: Calibri;\">Besedilo oznake, prevedeno v jezik dr\u017eave \u010dlanice, kjer bo kozmeti\u010dni proizvod dan na trg.<\/span><\/li>\n<li style=\"text-align: justify;\"><span style=\"color: #000000; font-family: Calibri;\">druge pomembne informacije<\/span><\/li>\n<\/ul>\n<p style=\"text-align: justify;\"><em><span style=\"color: #000000; font-family: Calibri;\">Opomba:<br \/>\n\u010ce distributer tr\u017ei kozmeti\u010dni izdelek na trgu pod svojim imenom ali blagovno znamko, oz. \u010de \u017ee obstoje\u010d izdelek na trgu spremeni tako, da ni ve\u010d skladen z zahtevami, mora sprejeti odgovornost.<br \/>\n\u010ce so zgornji pogoji izpolnjeni, se bo priglasitev CPNP izvedla v skladu z zahtevami za odgovorno osebo.<\/span><\/em><\/p>\n<p style=\"text-align: justify;\"><span style=\"color: #000000; font-family: Calibri;\">\u00a0<\/span><\/p>\n<h2 style=\"text-align: justify;\"><span style=\"color: #000000; font-family: Calibri;\">Zahteva za ponudbo za storitev priglasitve na portalu CPNP<\/span><\/h2>\n<p style=\"text-align: justify;\"><span style=\"font-family: Calibri;\"><span style=\"color: #000000;\"><a href=\"mailto:info@msds-europe.com\">Na zahtevo za ponudbo, poslano po elektronski po\u0161ti ali<\/a> v <a href=\"http:\/\/www.msds-europe.com\/sl\/zahteva-ponudbo-kozmetika\/\">obliki spletnega obrazca<\/a>, bomo odgovorili v roku 24 ur.<br \/>\nNa\u0161a <a href=\"http:\/\/www.msds-europe.com\/sl\/sluzba-za-stranke\/\">slu\u017eba za stranke<\/a> vam bo pomagala pri izbiri prave storitve.<\/span><\/span><\/p>\n<p style=\"text-align: justify;\"><span style=\"color: #000000; font-family: Calibri;\">\u00a0<\/span><\/p>\n<h4 style=\"text-align: justify;\"><span style=\"color: #333333; font-family: Calibri;\">Storitve, vezane na storitev priglasitve na portalu CPNP<\/span><\/h4>\n<p style=\"text-align: justify;\"><span style=\"color: #000000; font-family: Calibri;\">Storitev za koordinacijo celotnega procesa priglasitve kozmeti\u010dnih proizvodov (zbiranje podatkov, organizacija laboratorijskih testov,<a href=\"http:\/\/www.msds-europe.com\/sl\/izdelava-prevajanje-osnutkov-etiket-za-kozmeticne-proizvode\/\"> izdelava oznak<\/a>, izdelava ocene varnosti).<\/span><\/p>\n<p><span style=\"color: #000000; font-family: Calibri;\">\u00a0<\/span><\/p>\n","protected":false},"excerpt":{"rendered":"<p>Storitev za priglasitev kozmeti\u010dnih proizvodov na portal CPNP.<\/p>\n","protected":false},"author":2,"featured_media":0,"parent":0,"menu_order":0,"comment_status":"closed","ping_status":"closed","template":"","meta":{"_acf_changed":false,"footnotes":""},"tags":[266,289],"class_list":["post-3921","page","type-page","status-publish","hentry","tag-kozmetika-sl","tag-storitve-sl"],"acf":[],"yoast_head":"<!-- This site is optimized with the Yoast SEO plugin v27.2 - https:\/\/yoast.com\/product\/yoast-seo-wordpress\/ -->\n<title>Storitev priglasitve na CPNP za kozmeti\u010dne proizvode in kozmetiko<\/title>\n<meta name=\"description\" content=\"Storitev priglasitve na CPNP za distribucijo kozmeti\u010dnih proizvodov Podpora pri priglasitvi na CPNP v imenu odgovorne osebe v primeru proizvodnje ali uvoza kozmeti\u010dnih proizvodov.\" \/>\n<meta name=\"robots\" content=\"index, follow, max-snippet:-1, max-image-preview:large, max-video-preview:-1\" \/>\n<link rel=\"canonical\" href=\"https:\/\/www.msds-europe.com\/sl\/storitev-priglasitve-cpnp\/\" \/>\n<meta property=\"og:locale\" content=\"sl_SI\" \/>\n<meta property=\"og:type\" content=\"article\" \/>\n<meta property=\"og:title\" content=\"Storitev priglasitve na CPNP za kozmeti\u010dne proizvode in kozmetiko\" \/>\n<meta property=\"og:description\" content=\"Storitev priglasitve na CPNP za distribucijo kozmeti\u010dnih proizvodov Podpora pri priglasitvi na CPNP v imenu odgovorne osebe v primeru proizvodnje ali uvoza kozmeti\u010dnih proizvodov.\" \/>\n<meta property=\"og:url\" content=\"https:\/\/www.msds-europe.com\/sl\/storitev-priglasitve-cpnp\/\" \/>\n<meta property=\"og:site_name\" content=\"MSDS Europe\" \/>\n<meta property=\"article:publisher\" content=\"https:\/\/www.facebook.com\/toxinfokft\/\" \/>\n<meta property=\"article:modified_time\" content=\"2018-06-29T05:07:21+00:00\" \/>\n<meta name=\"twitter:card\" content=\"summary_large_image\" \/>\n<meta name=\"twitter:site\" content=\"@ToxInfoKft\" \/>\n<meta name=\"twitter:label1\" content=\"Est. reading time\" \/>\n\t<meta name=\"twitter:data1\" content=\"2 minuti\" \/>\n<script type=\"application\/ld+json\" class=\"yoast-schema-graph\">{\"@context\":\"https:\/\/schema.org\",\"@graph\":[{\"@type\":\"WebPage\",\"@id\":\"https:\/\/www.msds-europe.com\/sl\/storitev-priglasitve-cpnp\/\",\"url\":\"https:\/\/www.msds-europe.com\/sl\/storitev-priglasitve-cpnp\/\",\"name\":\"Storitev priglasitve na CPNP za kozmeti\u010dne proizvode in kozmetiko\",\"isPartOf\":{\"@id\":\"https:\/\/www.msds-europe.com\/es\/#website\"},\"datePublished\":\"2018-05-22T09:54:47+00:00\",\"dateModified\":\"2018-06-29T05:07:21+00:00\",\"description\":\"Storitev priglasitve na CPNP za distribucijo kozmeti\u010dnih proizvodov Podpora pri priglasitvi na CPNP v imenu odgovorne osebe v primeru proizvodnje ali uvoza kozmeti\u010dnih proizvodov.\",\"breadcrumb\":{\"@id\":\"https:\/\/www.msds-europe.com\/sl\/storitev-priglasitve-cpnp\/#breadcrumb\"},\"inLanguage\":\"sl-SI\",\"potentialAction\":[{\"@type\":\"ReadAction\",\"target\":[\"https:\/\/www.msds-europe.com\/sl\/storitev-priglasitve-cpnp\/\"]}]},{\"@type\":\"BreadcrumbList\",\"@id\":\"https:\/\/www.msds-europe.com\/sl\/storitev-priglasitve-cpnp\/#breadcrumb\",\"itemListElement\":[{\"@type\":\"ListItem\",\"position\":1,\"name\":\"F\u0151oldal\",\"item\":\"https:\/\/www.msds-europe.com\/sl\/\"},{\"@type\":\"ListItem\",\"position\":2,\"name\":\"Storitev priglasitve na CPNP\"}]},{\"@type\":\"WebSite\",\"@id\":\"https:\/\/www.msds-europe.com\/es\/#website\",\"url\":\"https:\/\/www.msds-europe.com\/es\/\",\"name\":\"MSDS Europe\",\"description\":\"\",\"publisher\":{\"@id\":\"https:\/\/www.msds-europe.com\/es\/#organization\"},\"potentialAction\":[{\"@type\":\"SearchAction\",\"target\":{\"@type\":\"EntryPoint\",\"urlTemplate\":\"https:\/\/www.msds-europe.com\/es\/?s={search_term_string}\"},\"query-input\":{\"@type\":\"PropertyValueSpecification\",\"valueRequired\":true,\"valueName\":\"search_term_string\"}}],\"inLanguage\":\"sl-SI\"},{\"@type\":\"Organization\",\"@id\":\"https:\/\/www.msds-europe.com\/es\/#organization\",\"name\":\"MSDS-Europe International branch of ToxInfo\",\"url\":\"https:\/\/www.msds-europe.com\/es\/\",\"logo\":{\"@type\":\"ImageObject\",\"inLanguage\":\"sl-SI\",\"@id\":\"https:\/\/www.msds-europe.com\/es\/#\/schema\/logo\/image\/\",\"url\":\"https:\/\/www.msds-europe.com\/wp-content\/uploads\/2021\/04\/msds-europe-logo.jpg\",\"contentUrl\":\"https:\/\/www.msds-europe.com\/wp-content\/uploads\/2021\/04\/msds-europe-logo.jpg\",\"width\":2296,\"height\":1067,\"caption\":\"MSDS-Europe International branch of ToxInfo\"},\"image\":{\"@id\":\"https:\/\/www.msds-europe.com\/es\/#\/schema\/logo\/image\/\"},\"sameAs\":[\"https:\/\/www.facebook.com\/toxinfokft\/\",\"https:\/\/x.com\/ToxInfoKft\"]}]}<\/script>\n<!-- \/ Yoast SEO plugin. -->","yoast_head_json":{"title":"Storitev priglasitve na CPNP za kozmeti\u010dne proizvode in kozmetiko","description":"Storitev priglasitve na CPNP za distribucijo kozmeti\u010dnih proizvodov Podpora pri priglasitvi na CPNP v imenu odgovorne osebe v primeru proizvodnje ali uvoza kozmeti\u010dnih proizvodov.","robots":{"index":"index","follow":"follow","max-snippet":"max-snippet:-1","max-image-preview":"max-image-preview:large","max-video-preview":"max-video-preview:-1"},"canonical":"https:\/\/www.msds-europe.com\/sl\/storitev-priglasitve-cpnp\/","og_locale":"sl_SI","og_type":"article","og_title":"Storitev priglasitve na CPNP za kozmeti\u010dne proizvode in kozmetiko","og_description":"Storitev priglasitve na CPNP za distribucijo kozmeti\u010dnih proizvodov Podpora pri priglasitvi na CPNP v imenu odgovorne osebe v primeru proizvodnje ali uvoza kozmeti\u010dnih proizvodov.","og_url":"https:\/\/www.msds-europe.com\/sl\/storitev-priglasitve-cpnp\/","og_site_name":"MSDS Europe","article_publisher":"https:\/\/www.facebook.com\/toxinfokft\/","article_modified_time":"2018-06-29T05:07:21+00:00","twitter_card":"summary_large_image","twitter_site":"@ToxInfoKft","twitter_misc":{"Est. reading time":"2 minuti"},"schema":{"@context":"https:\/\/schema.org","@graph":[{"@type":"WebPage","@id":"https:\/\/www.msds-europe.com\/sl\/storitev-priglasitve-cpnp\/","url":"https:\/\/www.msds-europe.com\/sl\/storitev-priglasitve-cpnp\/","name":"Storitev priglasitve na CPNP za kozmeti\u010dne proizvode in kozmetiko","isPartOf":{"@id":"https:\/\/www.msds-europe.com\/es\/#website"},"datePublished":"2018-05-22T09:54:47+00:00","dateModified":"2018-06-29T05:07:21+00:00","description":"Storitev priglasitve na CPNP za distribucijo kozmeti\u010dnih proizvodov Podpora pri priglasitvi na CPNP v imenu odgovorne osebe v primeru proizvodnje ali uvoza kozmeti\u010dnih proizvodov.","breadcrumb":{"@id":"https:\/\/www.msds-europe.com\/sl\/storitev-priglasitve-cpnp\/#breadcrumb"},"inLanguage":"sl-SI","potentialAction":[{"@type":"ReadAction","target":["https:\/\/www.msds-europe.com\/sl\/storitev-priglasitve-cpnp\/"]}]},{"@type":"BreadcrumbList","@id":"https:\/\/www.msds-europe.com\/sl\/storitev-priglasitve-cpnp\/#breadcrumb","itemListElement":[{"@type":"ListItem","position":1,"name":"F\u0151oldal","item":"https:\/\/www.msds-europe.com\/sl\/"},{"@type":"ListItem","position":2,"name":"Storitev priglasitve na CPNP"}]},{"@type":"WebSite","@id":"https:\/\/www.msds-europe.com\/es\/#website","url":"https:\/\/www.msds-europe.com\/es\/","name":"MSDS Europe","description":"","publisher":{"@id":"https:\/\/www.msds-europe.com\/es\/#organization"},"potentialAction":[{"@type":"SearchAction","target":{"@type":"EntryPoint","urlTemplate":"https:\/\/www.msds-europe.com\/es\/?s={search_term_string}"},"query-input":{"@type":"PropertyValueSpecification","valueRequired":true,"valueName":"search_term_string"}}],"inLanguage":"sl-SI"},{"@type":"Organization","@id":"https:\/\/www.msds-europe.com\/es\/#organization","name":"MSDS-Europe International branch of ToxInfo","url":"https:\/\/www.msds-europe.com\/es\/","logo":{"@type":"ImageObject","inLanguage":"sl-SI","@id":"https:\/\/www.msds-europe.com\/es\/#\/schema\/logo\/image\/","url":"https:\/\/www.msds-europe.com\/wp-content\/uploads\/2021\/04\/msds-europe-logo.jpg","contentUrl":"https:\/\/www.msds-europe.com\/wp-content\/uploads\/2021\/04\/msds-europe-logo.jpg","width":2296,"height":1067,"caption":"MSDS-Europe International branch of ToxInfo"},"image":{"@id":"https:\/\/www.msds-europe.com\/es\/#\/schema\/logo\/image\/"},"sameAs":["https:\/\/www.facebook.com\/toxinfokft\/","https:\/\/x.com\/ToxInfoKft"]}]}},"_links":{"self":[{"href":"https:\/\/www.msds-europe.com\/sl\/wp-json\/wp\/v2\/pages\/3921","targetHints":{"allow":["GET"]}}],"collection":[{"href":"https:\/\/www.msds-europe.com\/sl\/wp-json\/wp\/v2\/pages"}],"about":[{"href":"https:\/\/www.msds-europe.com\/sl\/wp-json\/wp\/v2\/types\/page"}],"author":[{"embeddable":true,"href":"https:\/\/www.msds-europe.com\/sl\/wp-json\/wp\/v2\/users\/2"}],"replies":[{"embeddable":true,"href":"https:\/\/www.msds-europe.com\/sl\/wp-json\/wp\/v2\/comments?post=3921"}],"version-history":[{"count":5,"href":"https:\/\/www.msds-europe.com\/sl\/wp-json\/wp\/v2\/pages\/3921\/revisions"}],"predecessor-version":[{"id":6657,"href":"https:\/\/www.msds-europe.com\/sl\/wp-json\/wp\/v2\/pages\/3921\/revisions\/6657"}],"wp:attachment":[{"href":"https:\/\/www.msds-europe.com\/sl\/wp-json\/wp\/v2\/media?parent=3921"}],"wp:term":[{"taxonomy":"post_tag","embeddable":true,"href":"https:\/\/www.msds-europe.com\/sl\/wp-json\/wp\/v2\/tags?post=3921"}],"curies":[{"name":"wp","href":"https:\/\/api.w.org\/{rel}","templated":true}]}}