{"id":3916,"date":"2018-05-22T09:25:40","date_gmt":"2018-05-22T09:25:40","guid":{"rendered":"http:\/\/www.msds-europe.com\/storitve-vezane-na-dajanje-kozmeticnih-proizvodov-na-trg\/"},"modified":"2018-07-03T14:21:35","modified_gmt":"2018-07-03T14:21:35","slug":"storitve-zvezi-kozmeticnimi-proizvodi","status":"publish","type":"page","link":"https:\/\/www.msds-europe.com\/sl\/storitve-zvezi-kozmeticnimi-proizvodi\/","title":{"rendered":"Storitve, vezane na dajanje kozmeti\u010dnih proizvodov na trg."},"content":{"rendered":"<p style=\"text-align: right;\"><em><a href=\"http:\/\/www.msds-europe.com\/sl\/\">MSDS-Europe<\/a> \u2013 Storitve, vezane na dajanje kozmeti\u010dnih proizvodov na trg<\/em><\/p>\n<p>&nbsp;<\/p>\n<p style=\"text-align: justify;\"><span style=\"color: #000000; font-family: Calibri;\">Razvili smo \u0161irok nabor storitev, da zadostimo potrebam podjetij, ki uva\u017eajo in distribuirajo kozmeti\u010dne proizvode in jim pomagamo pri \u010dim bolj u\u010dinkoviti vpeljavi njihovih izdelkov na trg.<\/span><\/p>\n<p style=\"text-align: justify;\"><span style=\"color: #000000; font-family: Calibri;\">Na\u0161im partnerjem pomagamo skozi celoten postopek pridobivanja licence, od izdelave oznake izdelka do zaklju\u010devanja postopka priglasitve.<\/span><\/p>\n<p style=\"text-align: justify;\"><span style=\"color: #000000; font-family: Calibri;\">Na\u0161e dejavnosti se izvajajo v skladu z uredbo o kozmeti\u010dnih proizvodih (<strong>uredba 1223\/2009\/ES<\/strong>).<br \/>\nNa\u0161e podjetje ima stopnjo, ki jo dolo\u010da ustrezen zakon, ter strokovnjake, ki imajo potrebne strokovne izku\u0161nje.<\/span><\/p>\n<p><span style=\"color: #000000; font-family: Calibri;\">\u00a0<\/span><\/p>\n<h2>Kako lahko pomagamo<\/h2>\n<ul>\n<li><a href=\"http:\/\/www.msds-europe.com\/sl\/izdelava-ocena-varnostnih-za-kozmetiko\/\">Izdelava ocene varnosti<\/a><\/li>\n<li style=\"text-align: justify;\"><a href=\"http:\/\/www.msds-europe.com\/sl\/izdelava-prevajanje-osnutkov-etiket-za-kozmeticne-proizvode\/\">Kompilacija osnutka oznake<\/a><\/li>\n<li style=\"text-align: justify;\"><a href=\"http:\/\/www.msds-europe.com\/sl\/storitev-priglasitve-cpnp\/\">Priglasitev prek portala CPNP<\/a><\/li>\n<li style=\"text-align: justify;\"><a href=\"http:\/\/www.msds-europe.com\/sl\/izdelava-varnostnih-listov-kozmeticne\/\">Izdelava varnostih listov za kozmeti\u010dne proizvode<\/a><\/li>\n<\/ul>\n<p style=\"text-align: justify;\"><em><span style=\"color: #000000; font-family: Calibri;\">Za podroben opis na\u0161ih storitev, ki so povezane s kozmetiko, kliknite na katero povezavo zgoraj.<\/span><\/em><\/p>\n<p style=\"text-align: justify;\"><span style=\"color: #000000; font-family: Calibri;\">\u00a0<\/span><\/p>\n<h2>Garancija<\/h2>\n<p style=\"text-align: justify;\"><span style=\"color: #000000; font-family: Calibri;\">Na\u0161e podjetje prevzema polno strokovno in finan\u010dno odgovornost za na\u0161e storitve v zvezi s postopkom avtorizacije za kozmeti\u010dne proizvode. Opombe razli\u010dnih organov ter pro\u0161nje na\u0161ih strank razi\u0161\u010demo v 24 urah. Pripombe ali prito\u017ebe lahko po\u0161ljete na katerega koli izmed na\u0161ih kontaktov.<\/span><\/p>\n<p style=\"text-align: justify;\"><span style=\"color: #000000; font-family: Calibri;\">\u00a0<\/span><\/p>\n<h2>Podpora kupcem<\/h2>\n<p style=\"text-align: justify;\"><span style=\"color: #000000; font-family: Calibri;\">Na\u0161e storitve za stranke si prizadevajo za zagotovitev pravo\u010dasnih in kakovostnih informacij.<\/span><\/p>\n<p style=\"text-align: justify;\"><span style=\"color: #000000; font-family: Calibri;\">Na\u0161a <a href=\"http:\/\/www.msds-europe.com\/sl\/sluzba-za-stranke\/\">slu\u017eba za stranke<\/a> je na voljo za odgovore na tehni\u010dna ali druga vpra\u0161anja, tudi po tistem, ko \u017ee opravimo svojo storitev v zvezi s kozmeti\u010dnimi proizvodi.<\/span><\/p>\n<p style=\"text-align: justify;\"><span style=\"color: #000000; font-family: Calibri;\">\u00a0<\/span><\/p>\n<h2 style=\"text-align: justify;\"><span style=\"color: #000000; font-family: Calibri;\">Zahteva za ponudbo za storitve v zvezi s kozmeti\u010dnimi proizvodi<\/span><\/h2>\n<p style=\"text-align: justify;\"><span style=\"font-family: Calibri;\"><span style=\"color: #000000;\"><a href=\"mailto:info@msds-europe.com\">Na zahtevo za ponudbo, poslano po elektronski po\u0161ti<\/a> ali v <a href=\"http:\/\/www.msds-europe.com\/sl\/zahteva-ponudbo-kozmetika\/\">obliki spletnega obrazca<\/a>, bomo odgovorili v roku 24 ur.<br \/>\nNa\u0161a <a href=\"http:\/\/www.msds-europe.com\/sl\/sluzba-za-stranke\/\">slu\u017eba za stranke<\/a> vam bo pomagala pri izbiri prave storitve.<\/span><\/span><\/p>\n<p><span style=\"color: #000000; font-family: Calibri;\">\u00a0<\/span><\/p>\n","protected":false},"excerpt":{"rendered":"<p>Storitve, vezane na dajanje kozmeti\u010dnih proizvodov na trg. Izdelava dokumentacije in priglasitev za distribucijo ter proizvodnjo kozmeti\u010dnih proizvodov.<\/p>\n","protected":false},"author":2,"featured_media":0,"parent":0,"menu_order":0,"comment_status":"closed","ping_status":"closed","template":"page-category.php","meta":{"_acf_changed":false,"footnotes":""},"tags":[266],"class_list":["post-3916","page","type-page","status-publish","hentry","tag-kozmetika-sl"],"acf":[],"yoast_head":"<!-- This site is optimized with the Yoast SEO plugin v27.2 - https:\/\/yoast.com\/product\/yoast-seo-wordpress\/ -->\n<title>Storitve, vezane na dajanje kozmeti\u010dnih proizvodov na trg<\/title>\n<meta name=\"description\" content=\"Storitve, vezane na dajanje kozmeti\u010dnih proizvodov na trg. Izdelava dokumentacije in priglasitev za distribucijo ter proizvodnjo kozmeti\u010dnih proizvodov z garancijo.\" \/>\n<meta name=\"robots\" content=\"index, follow, max-snippet:-1, max-image-preview:large, max-video-preview:-1\" \/>\n<link rel=\"canonical\" href=\"https:\/\/www.msds-europe.com\/sl\/storitve-zvezi-kozmeticnimi-proizvodi\/\" \/>\n<meta property=\"og:locale\" content=\"sl_SI\" \/>\n<meta property=\"og:type\" content=\"article\" \/>\n<meta property=\"og:title\" content=\"Storitve, vezane na dajanje kozmeti\u010dnih proizvodov na trg\" \/>\n<meta property=\"og:description\" content=\"Storitve, vezane na dajanje kozmeti\u010dnih proizvodov na trg. Izdelava dokumentacije in priglasitev za distribucijo ter proizvodnjo kozmeti\u010dnih proizvodov z garancijo.\" \/>\n<meta property=\"og:url\" content=\"https:\/\/www.msds-europe.com\/sl\/storitve-zvezi-kozmeticnimi-proizvodi\/\" \/>\n<meta property=\"og:site_name\" content=\"MSDS Europe\" \/>\n<meta property=\"article:publisher\" content=\"https:\/\/www.facebook.com\/toxinfokft\/\" \/>\n<meta property=\"article:modified_time\" content=\"2018-07-03T14:21:35+00:00\" \/>\n<meta name=\"twitter:card\" content=\"summary_large_image\" \/>\n<meta name=\"twitter:site\" content=\"@ToxInfoKft\" \/>\n<meta name=\"twitter:label1\" content=\"Est. reading time\" \/>\n\t<meta name=\"twitter:data1\" content=\"1 minuta\" \/>\n<script type=\"application\/ld+json\" class=\"yoast-schema-graph\">{\"@context\":\"https:\/\/schema.org\",\"@graph\":[{\"@type\":\"WebPage\",\"@id\":\"https:\/\/www.msds-europe.com\/sl\/storitve-zvezi-kozmeticnimi-proizvodi\/\",\"url\":\"https:\/\/www.msds-europe.com\/sl\/storitve-zvezi-kozmeticnimi-proizvodi\/\",\"name\":\"Storitve, vezane na dajanje kozmeti\u010dnih proizvodov na trg\",\"isPartOf\":{\"@id\":\"https:\/\/www.msds-europe.com\/es\/#website\"},\"datePublished\":\"2018-05-22T09:25:40+00:00\",\"dateModified\":\"2018-07-03T14:21:35+00:00\",\"description\":\"Storitve, vezane na dajanje kozmeti\u010dnih proizvodov na trg. Izdelava dokumentacije in priglasitev za distribucijo ter proizvodnjo kozmeti\u010dnih proizvodov z garancijo.\",\"breadcrumb\":{\"@id\":\"https:\/\/www.msds-europe.com\/sl\/storitve-zvezi-kozmeticnimi-proizvodi\/#breadcrumb\"},\"inLanguage\":\"sl-SI\",\"potentialAction\":[{\"@type\":\"ReadAction\",\"target\":[\"https:\/\/www.msds-europe.com\/sl\/storitve-zvezi-kozmeticnimi-proizvodi\/\"]}]},{\"@type\":\"BreadcrumbList\",\"@id\":\"https:\/\/www.msds-europe.com\/sl\/storitve-zvezi-kozmeticnimi-proizvodi\/#breadcrumb\",\"itemListElement\":[{\"@type\":\"ListItem\",\"position\":1,\"name\":\"F\u0151oldal\",\"item\":\"https:\/\/www.msds-europe.com\/sl\/\"},{\"@type\":\"ListItem\",\"position\":2,\"name\":\"Storitve, vezane na dajanje kozmeti\u010dnih proizvodov na trg.\"}]},{\"@type\":\"WebSite\",\"@id\":\"https:\/\/www.msds-europe.com\/es\/#website\",\"url\":\"https:\/\/www.msds-europe.com\/es\/\",\"name\":\"MSDS Europe\",\"description\":\"\",\"publisher\":{\"@id\":\"https:\/\/www.msds-europe.com\/es\/#organization\"},\"potentialAction\":[{\"@type\":\"SearchAction\",\"target\":{\"@type\":\"EntryPoint\",\"urlTemplate\":\"https:\/\/www.msds-europe.com\/es\/?s={search_term_string}\"},\"query-input\":{\"@type\":\"PropertyValueSpecification\",\"valueRequired\":true,\"valueName\":\"search_term_string\"}}],\"inLanguage\":\"sl-SI\"},{\"@type\":\"Organization\",\"@id\":\"https:\/\/www.msds-europe.com\/es\/#organization\",\"name\":\"MSDS-Europe International branch of ToxInfo\",\"url\":\"https:\/\/www.msds-europe.com\/es\/\",\"logo\":{\"@type\":\"ImageObject\",\"inLanguage\":\"sl-SI\",\"@id\":\"https:\/\/www.msds-europe.com\/es\/#\/schema\/logo\/image\/\",\"url\":\"https:\/\/www.msds-europe.com\/wp-content\/uploads\/2021\/04\/msds-europe-logo.jpg\",\"contentUrl\":\"https:\/\/www.msds-europe.com\/wp-content\/uploads\/2021\/04\/msds-europe-logo.jpg\",\"width\":2296,\"height\":1067,\"caption\":\"MSDS-Europe International branch of ToxInfo\"},\"image\":{\"@id\":\"https:\/\/www.msds-europe.com\/es\/#\/schema\/logo\/image\/\"},\"sameAs\":[\"https:\/\/www.facebook.com\/toxinfokft\/\",\"https:\/\/x.com\/ToxInfoKft\"]}]}<\/script>\n<!-- \/ Yoast SEO plugin. -->","yoast_head_json":{"title":"Storitve, vezane na dajanje kozmeti\u010dnih proizvodov na trg","description":"Storitve, vezane na dajanje kozmeti\u010dnih proizvodov na trg. Izdelava dokumentacije in priglasitev za distribucijo ter proizvodnjo kozmeti\u010dnih proizvodov z garancijo.","robots":{"index":"index","follow":"follow","max-snippet":"max-snippet:-1","max-image-preview":"max-image-preview:large","max-video-preview":"max-video-preview:-1"},"canonical":"https:\/\/www.msds-europe.com\/sl\/storitve-zvezi-kozmeticnimi-proizvodi\/","og_locale":"sl_SI","og_type":"article","og_title":"Storitve, vezane na dajanje kozmeti\u010dnih proizvodov na trg","og_description":"Storitve, vezane na dajanje kozmeti\u010dnih proizvodov na trg. Izdelava dokumentacije in priglasitev za distribucijo ter proizvodnjo kozmeti\u010dnih proizvodov z garancijo.","og_url":"https:\/\/www.msds-europe.com\/sl\/storitve-zvezi-kozmeticnimi-proizvodi\/","og_site_name":"MSDS Europe","article_publisher":"https:\/\/www.facebook.com\/toxinfokft\/","article_modified_time":"2018-07-03T14:21:35+00:00","twitter_card":"summary_large_image","twitter_site":"@ToxInfoKft","twitter_misc":{"Est. reading time":"1 minuta"},"schema":{"@context":"https:\/\/schema.org","@graph":[{"@type":"WebPage","@id":"https:\/\/www.msds-europe.com\/sl\/storitve-zvezi-kozmeticnimi-proizvodi\/","url":"https:\/\/www.msds-europe.com\/sl\/storitve-zvezi-kozmeticnimi-proizvodi\/","name":"Storitve, vezane na dajanje kozmeti\u010dnih proizvodov na trg","isPartOf":{"@id":"https:\/\/www.msds-europe.com\/es\/#website"},"datePublished":"2018-05-22T09:25:40+00:00","dateModified":"2018-07-03T14:21:35+00:00","description":"Storitve, vezane na dajanje kozmeti\u010dnih proizvodov na trg. Izdelava dokumentacije in priglasitev za distribucijo ter proizvodnjo kozmeti\u010dnih proizvodov z garancijo.","breadcrumb":{"@id":"https:\/\/www.msds-europe.com\/sl\/storitve-zvezi-kozmeticnimi-proizvodi\/#breadcrumb"},"inLanguage":"sl-SI","potentialAction":[{"@type":"ReadAction","target":["https:\/\/www.msds-europe.com\/sl\/storitve-zvezi-kozmeticnimi-proizvodi\/"]}]},{"@type":"BreadcrumbList","@id":"https:\/\/www.msds-europe.com\/sl\/storitve-zvezi-kozmeticnimi-proizvodi\/#breadcrumb","itemListElement":[{"@type":"ListItem","position":1,"name":"F\u0151oldal","item":"https:\/\/www.msds-europe.com\/sl\/"},{"@type":"ListItem","position":2,"name":"Storitve, vezane na dajanje kozmeti\u010dnih proizvodov na trg."}]},{"@type":"WebSite","@id":"https:\/\/www.msds-europe.com\/es\/#website","url":"https:\/\/www.msds-europe.com\/es\/","name":"MSDS Europe","description":"","publisher":{"@id":"https:\/\/www.msds-europe.com\/es\/#organization"},"potentialAction":[{"@type":"SearchAction","target":{"@type":"EntryPoint","urlTemplate":"https:\/\/www.msds-europe.com\/es\/?s={search_term_string}"},"query-input":{"@type":"PropertyValueSpecification","valueRequired":true,"valueName":"search_term_string"}}],"inLanguage":"sl-SI"},{"@type":"Organization","@id":"https:\/\/www.msds-europe.com\/es\/#organization","name":"MSDS-Europe International branch of ToxInfo","url":"https:\/\/www.msds-europe.com\/es\/","logo":{"@type":"ImageObject","inLanguage":"sl-SI","@id":"https:\/\/www.msds-europe.com\/es\/#\/schema\/logo\/image\/","url":"https:\/\/www.msds-europe.com\/wp-content\/uploads\/2021\/04\/msds-europe-logo.jpg","contentUrl":"https:\/\/www.msds-europe.com\/wp-content\/uploads\/2021\/04\/msds-europe-logo.jpg","width":2296,"height":1067,"caption":"MSDS-Europe International branch of ToxInfo"},"image":{"@id":"https:\/\/www.msds-europe.com\/es\/#\/schema\/logo\/image\/"},"sameAs":["https:\/\/www.facebook.com\/toxinfokft\/","https:\/\/x.com\/ToxInfoKft"]}]}},"_links":{"self":[{"href":"https:\/\/www.msds-europe.com\/sl\/wp-json\/wp\/v2\/pages\/3916","targetHints":{"allow":["GET"]}}],"collection":[{"href":"https:\/\/www.msds-europe.com\/sl\/wp-json\/wp\/v2\/pages"}],"about":[{"href":"https:\/\/www.msds-europe.com\/sl\/wp-json\/wp\/v2\/types\/page"}],"author":[{"embeddable":true,"href":"https:\/\/www.msds-europe.com\/sl\/wp-json\/wp\/v2\/users\/2"}],"replies":[{"embeddable":true,"href":"https:\/\/www.msds-europe.com\/sl\/wp-json\/wp\/v2\/comments?post=3916"}],"version-history":[{"count":5,"href":"https:\/\/www.msds-europe.com\/sl\/wp-json\/wp\/v2\/pages\/3916\/revisions"}],"predecessor-version":[{"id":7292,"href":"https:\/\/www.msds-europe.com\/sl\/wp-json\/wp\/v2\/pages\/3916\/revisions\/7292"}],"wp:attachment":[{"href":"https:\/\/www.msds-europe.com\/sl\/wp-json\/wp\/v2\/media?parent=3916"}],"wp:term":[{"taxonomy":"post_tag","embeddable":true,"href":"https:\/\/www.msds-europe.com\/sl\/wp-json\/wp\/v2\/tags?post=3916"}],"curies":[{"name":"wp","href":"https:\/\/api.w.org\/{rel}","templated":true}]}}