{"id":3906,"date":"2018-05-22T08:59:51","date_gmt":"2018-05-22T08:59:51","guid":{"rendered":"http:\/\/www.msds-europe.com\/hitre-storitve-za-varnostne-liste-v-roku-24-ur\/"},"modified":"2026-02-18T14:19:49","modified_gmt":"2026-02-18T14:19:49","slug":"hitre-storitve-varnostne-liste","status":"publish","type":"page","link":"https:\/\/www.msds-europe.com\/sl\/hitre-storitve-varnostne-liste\/","title":{"rendered":"Rapid storitve za varnostne liste v roku 72 ur"},"content":{"rendered":"<p style=\"text-align: right;\"><em><a href=\"https:\/\/www.msds-europe.com\/sl\/\">MSDS-Europe<\/a> \u2013 Rapid storitve v zvezi z varnostnimi listi<\/em><\/p>\n<p>&nbsp;<\/p>\n<p style=\"text-align: justify;\">Na\u0161i storitvi prevajanja in revizije varnostnih listov \u2013 odvisno od obsega naro\u010dila \u2013 sta na voljo tudi kot Rapid storitvi z rokom izvedbe 72 ur.<\/p>\n<p>&nbsp;<\/p>\n<h2><span style=\"font-family: Calibri;\">Rapid storitve, vezane na obstoje\u010de varnostne liste<\/span><\/h2>\n<p>&nbsp;<\/p>\n<ul>\n<li><a href=\"https:\/\/www.msds-europe.com\/sl\/prevajanje-varnostnih-listov\/\">Prevajanje varnostnih listov<\/a><\/li>\n<li><a href=\"https:\/\/www.msds-europe.com\/sl\/varnostni-list-revizija-posodobitev\/\">Revizija, posodobitev varnostnega lista<\/a><\/li>\n<li style=\"text-align: justify;\"><a href=\"https:\/\/www.msds-europe.com\/sl\/izdelava-osnutkov-etiket\/\">Izdelava osnutkov etiket<\/a><\/li>\n<\/ul>\n<p>&nbsp;<\/p>\n<p style=\"text-align: justify;\">Ve\u010d podrobnosti o na\u0161ih Rapid storitvah najdete s klikom na eno izmed povezav ali pa se obrnite na na\u0161o slu\u017ebo za stranke.<\/p>\n<p style=\"text-align: right;\"><a href=\"https:\/\/www.msds-europe.com\/sl\/sds-jezikovne-zahteve\/\"><em>Jezik varnostnega lista v EU \u2013 v katerem jeziku je SDS obvezna?<\/em><\/a><\/p>\n<p style=\"text-align: right;\"><a href=\"https:\/\/www.msds-europe.com\/sl\/clp-spletno-oglasevanje-2028\/\"><em>Nova pravila CLP za spletne trgovine: ozna\u010devanje in ogla\u0161evanje<\/em><\/a><\/p>\n<p>&nbsp;<\/p>\n<h2 style=\"text-align: justify;\">Vrste Rapid storitev na podro\u010dju varnostnih listov<\/h2>\n<p style=\"text-align: justify;\"><span style=\"color: #000000; font-family: Calibri;\"><strong>Rok izvedbe:<\/strong> 72 ur.<\/span><\/p>\n<p style=\"text-align: justify;\"><em><span style=\"color: #000000; font-family: Calibri;\">Standardni rok za izdelavo in pripravo varnostnega lista zna\u0161a 8\u201310 delovnih dni.<\/span><\/em><\/p>\n<p>&nbsp;<\/p>\n<h3 style=\"text-align: justify;\"><span style=\"font-family: Calibri;\">Pospe\u0161ena administracija<\/span><\/h3>\n<p style=\"text-align: justify;\"><span style=\"color: #000000; font-family: Calibri;\">Da bi pospe\u0161ili administrativni postopek, se pri naro\u010danju nujne storitve obrnite na na\u0161o <a href=\"https:\/\/www.msds-europe.com\/sl\/sluzba-za-stranke\/\">slu\u017ebo za stranke<\/a> po telefonu.<\/span><\/p>\n<p style=\"text-align: justify;\"><span style=\"color: #000000; font-family: Calibri;\">\u010ce uporabite na\u0161 <a href=\"https:\/\/www.msds-europe.com\/sl\/zahteva-ponudbo-varnostni-list\/\">spletni obrazec za zahtevo ponudbe<\/a>, nam prosimo v polje za komentarje zapi\u0161ite, da potrebujete Rapid storitev.<\/span><\/p>\n<p>&nbsp;<\/p>\n<h3 style=\"text-align: justify;\"><span style=\"font-family: Calibri;\">Garancija<\/span><\/h3>\n<p style=\"text-align: justify;\"><span style=\"color: #000000; font-family: Calibri;\">Na\u0161e podjetje strankam, ki izberejo Rapid storitev, nudi enake garancije kot pri izvedbi v standardnem roku. Za ve\u010d informacij o na\u0161i garanciji si oglejte opis posamezne storitve.<\/span><\/p>\n<p>&nbsp;<\/p>\n<h4><span style=\"color: #333333;\">Koristne informacije<\/span><\/h4>\n<ul>\n<li><a title=\"Delovni postopek izdelave in prevajanja varnostnega lista\" href=\"https:\/\/www.msds-europe.com\/sl\/delovni-postopek-izdelave-prevajanja-varnostnih-listov\/\">Delovni postopek izdelave in prevajanja varnostnega lista<\/a><\/li>\n<li><a title=\"Obdobje veljavnosti varnostnega lista\" href=\"https:\/\/www.msds-europe.com\/safety-data-sheet-validity-period\/\">Obdobje veljavnosti varnostnega lista<\/a><\/li>\n<li><a title=\"Pogoji, ki dolo\u010dajo, kdaj mora biti varnostni list prilo\u017een\" href=\"https:\/\/www.msds-europe.com\/sl\/baza-znanja-varnostnih-listov\/\">Pogoji, ki dolo\u010dajo, kdaj mora biti varnostni list prilo\u017een<\/a><\/li>\n<\/ul>\n<p>&nbsp;<\/p>\n","protected":false},"excerpt":{"rendered":"<p>Na\u0161e hitre storitve: prevod ali revizija varnostnega lista in izdelava osnutka etikete. V roku 24 ali 72 ur.<\/p>\n","protected":false},"author":2,"featured_media":0,"parent":0,"menu_order":0,"comment_status":"closed","ping_status":"closed","template":"","meta":{"_acf_changed":false,"footnotes":""},"tags":[259,268,258,408],"class_list":["post-3906","page","type-page","status-publish","hentry","tag-storitev-v-zvezi-z-varnostnimi-listi","tag-storitev-v-zvezi-z-varnostnimi-listi-sl","tag-varnostnega-lista-sl","tag-varnostnega-lista"],"acf":[],"yoast_head":"<!-- This site is optimized with the Yoast SEO plugin v27.2 - https:\/\/yoast.com\/product\/yoast-seo-wordpress\/ -->\n<title>Rapid storitve za varnostne liste v roku 72 ur<\/title>\n<meta name=\"description\" content=\"Na voljo so Rapid storitve: prevod ali revizija varnostnega lista in priprava osnutka etikete \u2013 vse v 72 urah. Zanesljivo in hitro.\" \/>\n<meta name=\"robots\" content=\"index, follow, max-snippet:-1, max-image-preview:large, max-video-preview:-1\" \/>\n<link rel=\"canonical\" href=\"https:\/\/www.msds-europe.com\/sl\/hitre-storitve-varnostne-liste\/\" \/>\n<meta property=\"og:locale\" content=\"sl_SI\" \/>\n<meta property=\"og:type\" content=\"article\" \/>\n<meta property=\"og:title\" content=\"Rapid storitve za varnostne liste v roku 72 ur\" \/>\n<meta property=\"og:description\" content=\"Na voljo so Rapid storitve: prevod ali revizija varnostnega lista in priprava osnutka etikete \u2013 vse v 72 urah. Zanesljivo in hitro.\" \/>\n<meta property=\"og:url\" content=\"https:\/\/www.msds-europe.com\/sl\/hitre-storitve-varnostne-liste\/\" \/>\n<meta property=\"og:site_name\" content=\"MSDS Europe\" \/>\n<meta property=\"article:publisher\" content=\"https:\/\/www.facebook.com\/toxinfokft\/\" \/>\n<meta property=\"article:modified_time\" content=\"2026-02-18T14:19:49+00:00\" \/>\n<meta name=\"twitter:card\" content=\"summary_large_image\" \/>\n<meta name=\"twitter:site\" content=\"@ToxInfoKft\" \/>\n<meta name=\"twitter:label1\" content=\"Est. reading time\" \/>\n\t<meta name=\"twitter:data1\" content=\"1 minuta\" \/>\n<script type=\"application\/ld+json\" class=\"yoast-schema-graph\">{\"@context\":\"https:\/\/schema.org\",\"@graph\":[{\"@type\":\"WebPage\",\"@id\":\"https:\/\/www.msds-europe.com\/sl\/hitre-storitve-varnostne-liste\/\",\"url\":\"https:\/\/www.msds-europe.com\/sl\/hitre-storitve-varnostne-liste\/\",\"name\":\"Rapid storitve za varnostne liste v roku 72 ur\",\"isPartOf\":{\"@id\":\"https:\/\/www.msds-europe.com\/es\/#website\"},\"datePublished\":\"2018-05-22T08:59:51+00:00\",\"dateModified\":\"2026-02-18T14:19:49+00:00\",\"description\":\"Na voljo so Rapid storitve: prevod ali revizija varnostnega lista in priprava osnutka etikete \u2013 vse v 72 urah. Zanesljivo in hitro.\",\"breadcrumb\":{\"@id\":\"https:\/\/www.msds-europe.com\/sl\/hitre-storitve-varnostne-liste\/#breadcrumb\"},\"inLanguage\":\"sl-SI\",\"potentialAction\":[{\"@type\":\"ReadAction\",\"target\":[\"https:\/\/www.msds-europe.com\/sl\/hitre-storitve-varnostne-liste\/\"]}]},{\"@type\":\"BreadcrumbList\",\"@id\":\"https:\/\/www.msds-europe.com\/sl\/hitre-storitve-varnostne-liste\/#breadcrumb\",\"itemListElement\":[{\"@type\":\"ListItem\",\"position\":1,\"name\":\"F\u0151oldal\",\"item\":\"https:\/\/www.msds-europe.com\/sl\/\"},{\"@type\":\"ListItem\",\"position\":2,\"name\":\"Rapid storitve za varnostne liste v roku 72 ur\"}]},{\"@type\":\"WebSite\",\"@id\":\"https:\/\/www.msds-europe.com\/es\/#website\",\"url\":\"https:\/\/www.msds-europe.com\/es\/\",\"name\":\"MSDS Europe\",\"description\":\"\",\"publisher\":{\"@id\":\"https:\/\/www.msds-europe.com\/es\/#organization\"},\"potentialAction\":[{\"@type\":\"SearchAction\",\"target\":{\"@type\":\"EntryPoint\",\"urlTemplate\":\"https:\/\/www.msds-europe.com\/es\/?s={search_term_string}\"},\"query-input\":{\"@type\":\"PropertyValueSpecification\",\"valueRequired\":true,\"valueName\":\"search_term_string\"}}],\"inLanguage\":\"sl-SI\"},{\"@type\":\"Organization\",\"@id\":\"https:\/\/www.msds-europe.com\/es\/#organization\",\"name\":\"MSDS-Europe International branch of ToxInfo\",\"url\":\"https:\/\/www.msds-europe.com\/es\/\",\"logo\":{\"@type\":\"ImageObject\",\"inLanguage\":\"sl-SI\",\"@id\":\"https:\/\/www.msds-europe.com\/es\/#\/schema\/logo\/image\/\",\"url\":\"https:\/\/www.msds-europe.com\/wp-content\/uploads\/2021\/04\/msds-europe-logo.jpg\",\"contentUrl\":\"https:\/\/www.msds-europe.com\/wp-content\/uploads\/2021\/04\/msds-europe-logo.jpg\",\"width\":2296,\"height\":1067,\"caption\":\"MSDS-Europe International branch of ToxInfo\"},\"image\":{\"@id\":\"https:\/\/www.msds-europe.com\/es\/#\/schema\/logo\/image\/\"},\"sameAs\":[\"https:\/\/www.facebook.com\/toxinfokft\/\",\"https:\/\/x.com\/ToxInfoKft\"]}]}<\/script>\n<!-- \/ Yoast SEO plugin. -->","yoast_head_json":{"title":"Rapid storitve za varnostne liste v roku 72 ur","description":"Na voljo so Rapid storitve: prevod ali revizija varnostnega lista in priprava osnutka etikete \u2013 vse v 72 urah. Zanesljivo in hitro.","robots":{"index":"index","follow":"follow","max-snippet":"max-snippet:-1","max-image-preview":"max-image-preview:large","max-video-preview":"max-video-preview:-1"},"canonical":"https:\/\/www.msds-europe.com\/sl\/hitre-storitve-varnostne-liste\/","og_locale":"sl_SI","og_type":"article","og_title":"Rapid storitve za varnostne liste v roku 72 ur","og_description":"Na voljo so Rapid storitve: prevod ali revizija varnostnega lista in priprava osnutka etikete \u2013 vse v 72 urah. Zanesljivo in hitro.","og_url":"https:\/\/www.msds-europe.com\/sl\/hitre-storitve-varnostne-liste\/","og_site_name":"MSDS Europe","article_publisher":"https:\/\/www.facebook.com\/toxinfokft\/","article_modified_time":"2026-02-18T14:19:49+00:00","twitter_card":"summary_large_image","twitter_site":"@ToxInfoKft","twitter_misc":{"Est. reading time":"1 minuta"},"schema":{"@context":"https:\/\/schema.org","@graph":[{"@type":"WebPage","@id":"https:\/\/www.msds-europe.com\/sl\/hitre-storitve-varnostne-liste\/","url":"https:\/\/www.msds-europe.com\/sl\/hitre-storitve-varnostne-liste\/","name":"Rapid storitve za varnostne liste v roku 72 ur","isPartOf":{"@id":"https:\/\/www.msds-europe.com\/es\/#website"},"datePublished":"2018-05-22T08:59:51+00:00","dateModified":"2026-02-18T14:19:49+00:00","description":"Na voljo so Rapid storitve: prevod ali revizija varnostnega lista in priprava osnutka etikete \u2013 vse v 72 urah. Zanesljivo in hitro.","breadcrumb":{"@id":"https:\/\/www.msds-europe.com\/sl\/hitre-storitve-varnostne-liste\/#breadcrumb"},"inLanguage":"sl-SI","potentialAction":[{"@type":"ReadAction","target":["https:\/\/www.msds-europe.com\/sl\/hitre-storitve-varnostne-liste\/"]}]},{"@type":"BreadcrumbList","@id":"https:\/\/www.msds-europe.com\/sl\/hitre-storitve-varnostne-liste\/#breadcrumb","itemListElement":[{"@type":"ListItem","position":1,"name":"F\u0151oldal","item":"https:\/\/www.msds-europe.com\/sl\/"},{"@type":"ListItem","position":2,"name":"Rapid storitve za varnostne liste v roku 72 ur"}]},{"@type":"WebSite","@id":"https:\/\/www.msds-europe.com\/es\/#website","url":"https:\/\/www.msds-europe.com\/es\/","name":"MSDS Europe","description":"","publisher":{"@id":"https:\/\/www.msds-europe.com\/es\/#organization"},"potentialAction":[{"@type":"SearchAction","target":{"@type":"EntryPoint","urlTemplate":"https:\/\/www.msds-europe.com\/es\/?s={search_term_string}"},"query-input":{"@type":"PropertyValueSpecification","valueRequired":true,"valueName":"search_term_string"}}],"inLanguage":"sl-SI"},{"@type":"Organization","@id":"https:\/\/www.msds-europe.com\/es\/#organization","name":"MSDS-Europe International branch of ToxInfo","url":"https:\/\/www.msds-europe.com\/es\/","logo":{"@type":"ImageObject","inLanguage":"sl-SI","@id":"https:\/\/www.msds-europe.com\/es\/#\/schema\/logo\/image\/","url":"https:\/\/www.msds-europe.com\/wp-content\/uploads\/2021\/04\/msds-europe-logo.jpg","contentUrl":"https:\/\/www.msds-europe.com\/wp-content\/uploads\/2021\/04\/msds-europe-logo.jpg","width":2296,"height":1067,"caption":"MSDS-Europe International branch of ToxInfo"},"image":{"@id":"https:\/\/www.msds-europe.com\/es\/#\/schema\/logo\/image\/"},"sameAs":["https:\/\/www.facebook.com\/toxinfokft\/","https:\/\/x.com\/ToxInfoKft"]}]}},"_links":{"self":[{"href":"https:\/\/www.msds-europe.com\/sl\/wp-json\/wp\/v2\/pages\/3906","targetHints":{"allow":["GET"]}}],"collection":[{"href":"https:\/\/www.msds-europe.com\/sl\/wp-json\/wp\/v2\/pages"}],"about":[{"href":"https:\/\/www.msds-europe.com\/sl\/wp-json\/wp\/v2\/types\/page"}],"author":[{"embeddable":true,"href":"https:\/\/www.msds-europe.com\/sl\/wp-json\/wp\/v2\/users\/2"}],"replies":[{"embeddable":true,"href":"https:\/\/www.msds-europe.com\/sl\/wp-json\/wp\/v2\/comments?post=3906"}],"version-history":[{"count":13,"href":"https:\/\/www.msds-europe.com\/sl\/wp-json\/wp\/v2\/pages\/3906\/revisions"}],"predecessor-version":[{"id":37125,"href":"https:\/\/www.msds-europe.com\/sl\/wp-json\/wp\/v2\/pages\/3906\/revisions\/37125"}],"wp:attachment":[{"href":"https:\/\/www.msds-europe.com\/sl\/wp-json\/wp\/v2\/media?parent=3906"}],"wp:term":[{"taxonomy":"post_tag","embeddable":true,"href":"https:\/\/www.msds-europe.com\/sl\/wp-json\/wp\/v2\/tags?post=3906"}],"curies":[{"name":"wp","href":"https:\/\/api.w.org\/{rel}","templated":true}]}}