{"id":3860,"date":"2018-05-16T10:55:24","date_gmt":"2018-05-16T10:55:24","guid":{"rendered":"http:\/\/www.msds-europe.com\/piktogrami-za-nevarnosti-2\/"},"modified":"2026-02-20T09:27:25","modified_gmt":"2026-02-20T09:27:25","slug":"piktogrami-za-nevarnosti","status":"publish","type":"page","link":"https:\/\/www.msds-europe.com\/sl\/piktogrami-za-nevarnosti\/","title":{"rendered":"Piktogrami za nevarnosti"},"content":{"rendered":"<p style=\"text-align: right;\"><em><span style=\"font-family: Calibri;\"><a href=\"http:\/\/www.msds-europe.com\/sl\/baza-znanja-varnostnih-listov\/\">Baza znanja o varnostnih listih<\/a> \u2013 Piktogrami za nevarnost<\/span><\/em><\/p>\n<p>&nbsp;<\/p>\n<h2>Splo\u0161no o piktogramih za nevarnost<\/h2>\n<p style=\"text-align: justify;\"><span style=\"color: #000000; font-family: Calibri;\">Piktogram za nevarnost je slikovna upodobitev dolo\u010dene nevarnosti. Razvrstitev va\u0161e snovi ali zmesi dolo\u010da, kateri piktogrami za nevarnost morajo biti prikazani na <strong>etiketi<\/strong>, kot je dolo\u010deno v delu 2 (fizikalne nevarnosti), delu 3 (nevarnosti za zdravje) in delu 4 (okoljske nevarnosti) Priloge I k uredbi CLP (19. \u010dlen uredbe CLP).<\/span><\/p>\n<p style=\"text-align: justify;\"><span style=\"color: #000000; font-family: Calibri;\">Ve\u010d o <strong>uporabi<\/strong> piktogramov za nevarnost glede na posamezni razred nevarnosti in kategorijo nevarnosti najdete v Prilogi V k uredbi <a href=\"https:\/\/www.msds-europe.com\/sl\/oznaka-clp-ozna%c4%8devanje-v-praksi\/\">CLP<\/a>.<\/span><\/p>\n<p><span style=\"color: #000000; font-family: Calibri;\">&nbsp;<\/span><\/p>\n<h2>Piktogram za nevarnost na etiketi<\/h2>\n<p style=\"text-align: justify;\"><span style=\"color: #000000; font-family: Calibri;\">Barva in predstavitev <strong>etikete<\/strong> morata omogo\u010dati dobro vidnost piktograma za nevarnost in njegovega ozadja. Piktogrami za nevarnost imajo obliko kvadrata, postavljenega na vogal (romb), ter morajo imeti \u010drn simbol na belem ozadju in rde\u010d rob (razdelek 1.2.1 Priloge I k uredbi CLP).<\/span><\/p>\n<p style=\"text-align: justify;\"><span style=\"color: #000000; font-family: Calibri;\">Vsak piktogram za nevarnost mora pokrivati vsaj eno petnajstino povr\u0161ine <strong>etikete<\/strong>, najmanj\u0161a dovoljena povr\u0161ina pa mora biti velika najmanj 1 cm<sup>2<\/sup>.<\/span><\/p>\n<p><span style=\"color: #000000; font-family: Calibri;\">&nbsp;<\/span><\/p>\n<h2>Uporaba piktogramov za nevarnost v postopku razvr\u0161\u010danja po CLP<\/h2>\n<p style=\"text-align: justify;\"><span style=\"color: #000000; font-family: Calibri;\">V skladu z 19. \u010dlenom uredbe <a href=\"https:\/\/www.msds-europe.com\/sl\/spremembe-predpisov-varnost-pred-kemikalijami\/\">(ES) \u0161t. 1272\/2008<\/a> Evropskega parlamenta in Sveta z dne 16. decembra 2008 o razvr\u0161\u010danju, ozna\u010devanju in pakiranju snovi ter zmesi, o spremembi in razveljavitvi direktiv 67\/548\/EGS in 1999\/45\/ES ter o spremembi Uredbe (ES) \u0161t. 1907\/2006 (REACH), se za ustrezne razrede in kategorije nevarnosti uporabljajo naslednji piktogrami za nevarnost.<\/span><\/p>\n<p><span style=\"color: #000000; font-family: Calibri;\">&nbsp;<\/span><\/p>\n<h2>Piktogrami za nevarnost v skladu s CLP<\/h2>\n<div class=\"su-custom-gallery su-custom-gallery-align-left su-custom-gallery-title-always su-lightbox-gallery\"><div class=\"su-custom-gallery-slide\" style=\"width:200px;height:200px\"><a href=\"https:\/\/www.msds-europe.com\/wp-content\/uploads\/2018\/06\/GHS01-Piktogrami-za-nevarnosti.jpg\" title=\"GHS01 Piktogrami za nevarnosti\"><img decoding=\"async\" src=\"https:\/\/www.msds-europe.com\/wp-content\/uploads\/2018\/06\/GHS01-Piktogrami-za-nevarnosti-200x200.jpg\" alt=\"GHS01 Piktogrami za nevarnosti\" width=\"200\" height=\"200\" \/><span class=\"su-custom-gallery-title\">GHS01 Piktogrami za nevarnosti<\/span><\/a><\/div><div class=\"su-custom-gallery-slide\" style=\"width:200px;height:200px\"><a href=\"https:\/\/www.msds-europe.com\/wp-content\/uploads\/2018\/06\/GHS02-Piktogrami-za-nevarnosti.jpg\" title=\"GHS02 Piktogrami za nevarnosti\"><img decoding=\"async\" src=\"https:\/\/www.msds-europe.com\/wp-content\/uploads\/2018\/06\/GHS02-Piktogrami-za-nevarnosti-200x200.jpg\" alt=\"GHS02 Piktogrami za nevarnosti\" width=\"200\" height=\"200\" \/><span class=\"su-custom-gallery-title\">GHS02 Piktogrami za nevarnosti<\/span><\/a><\/div><div class=\"su-custom-gallery-slide\" style=\"width:200px;height:200px\"><a href=\"https:\/\/www.msds-europe.com\/wp-content\/uploads\/2018\/06\/GHS03-Piktogrami-za-nevarnosti.jpg\" title=\"GHS03 Piktogrami za nevarnosti\"><img decoding=\"async\" src=\"https:\/\/www.msds-europe.com\/wp-content\/uploads\/2018\/06\/GHS03-Piktogrami-za-nevarnosti-200x200.jpg\" alt=\"GHS03 Piktogrami za nevarnosti\" width=\"200\" height=\"200\" \/><span class=\"su-custom-gallery-title\">GHS03 Piktogrami za nevarnosti<\/span><\/a><\/div><div class=\"su-custom-gallery-slide\" style=\"width:200px;height:200px\"><a href=\"https:\/\/www.msds-europe.com\/wp-content\/uploads\/2018\/06\/GHS04-Piktogrami-za-nevarnosti.jpg\" title=\"GHS04 Piktogrami za nevarnosti\"><img decoding=\"async\" src=\"https:\/\/www.msds-europe.com\/wp-content\/uploads\/2018\/06\/GHS04-Piktogrami-za-nevarnosti-200x200.jpg\" alt=\"GHS04 Piktogrami za nevarnosti\" width=\"200\" height=\"200\" \/><span class=\"su-custom-gallery-title\">GHS04 Piktogrami za nevarnosti<\/span><\/a><\/div><div class=\"su-custom-gallery-slide\" style=\"width:200px;height:200px\"><a href=\"https:\/\/www.msds-europe.com\/wp-content\/uploads\/2018\/06\/GHS05-Piktogrami-za-nevarnosti.jpg\" title=\"GHS05 Piktogrami za nevarnosti\"><img decoding=\"async\" src=\"https:\/\/www.msds-europe.com\/wp-content\/uploads\/2018\/06\/GHS05-Piktogrami-za-nevarnosti-200x200.jpg\" alt=\"GHS05 Piktogrami za nevarnosti\" width=\"200\" height=\"200\" \/><span class=\"su-custom-gallery-title\">GHS05 Piktogrami za nevarnosti<\/span><\/a><\/div><div class=\"su-custom-gallery-slide\" style=\"width:200px;height:200px\"><a href=\"https:\/\/www.msds-europe.com\/wp-content\/uploads\/2018\/06\/GHS06-Piktogrami-za-nevarnosti.jpg\" title=\"GHS06 Piktogrami za nevarnosti\"><img decoding=\"async\" src=\"https:\/\/www.msds-europe.com\/wp-content\/uploads\/2018\/06\/GHS06-Piktogrami-za-nevarnosti-200x200.jpg\" alt=\"GHS06 Piktogrami za nevarnosti\" width=\"200\" height=\"200\" \/><span class=\"su-custom-gallery-title\">GHS06 Piktogrami za nevarnosti<\/span><\/a><\/div><div class=\"su-custom-gallery-slide\" style=\"width:200px;height:200px\"><a href=\"https:\/\/www.msds-europe.com\/wp-content\/uploads\/2018\/06\/GHS07-Piktogrami-za-nevarnosti.jpg\" title=\"GHS07 Piktogrami za nevarnosti\"><img decoding=\"async\" src=\"https:\/\/www.msds-europe.com\/wp-content\/uploads\/2018\/06\/GHS07-Piktogrami-za-nevarnosti-200x200.jpg\" alt=\"GHS07 Piktogrami za nevarnosti\" width=\"200\" height=\"200\" \/><span class=\"su-custom-gallery-title\">GHS07 Piktogrami za nevarnosti<\/span><\/a><\/div><div class=\"su-custom-gallery-slide\" style=\"width:200px;height:200px\"><a href=\"https:\/\/www.msds-europe.com\/wp-content\/uploads\/2018\/06\/GHS08-Piktogrami-za-nevarnosti.jpg\" title=\"GHS08 Piktogrami za nevarnosti\"><img decoding=\"async\" src=\"https:\/\/www.msds-europe.com\/wp-content\/uploads\/2018\/06\/GHS08-Piktogrami-za-nevarnosti-200x200.jpg\" alt=\"GHS08 Piktogrami za nevarnosti\" width=\"200\" height=\"200\" \/><span class=\"su-custom-gallery-title\">GHS08 Piktogrami za nevarnosti<\/span><\/a><\/div><div class=\"su-custom-gallery-slide\" style=\"width:200px;height:200px\"><a href=\"https:\/\/www.msds-europe.com\/wp-content\/uploads\/2018\/06\/GHS09-Piktogrami-za-nevarnosti.jpg\" title=\"GHS09 Piktogrami za nevarnosti\"><img decoding=\"async\" src=\"https:\/\/www.msds-europe.com\/wp-content\/uploads\/2018\/06\/GHS09-Piktogrami-za-nevarnosti-200x200.jpg\" alt=\"GHS09 Piktogrami za nevarnosti\" width=\"200\" height=\"200\" \/><span class=\"su-custom-gallery-title\">GHS09 Piktogrami za nevarnosti<\/span><\/a><\/div><div class=\"su-clear\"><\/div><\/div>\n<p>&nbsp;<\/p>\n<h2>Prenesite piktograme za nevarnost<\/h2>\n<p><span style=\"color: #000000; font-family: Calibri;\">S klikom na ustrezno sliko jo lahko pove\u010date ali prenesete <strong>izbrani<\/strong> piktogram.<\/span><\/p>\n<p>&nbsp;<\/p>\n<h2>Brezpla\u010dno spletno svetovanje<\/h2>\n<p style=\"text-align: justify;\">\u010ce na na\u0161i spletni strani niste na\u0161li potrebnih informacij, nam lahko neposredno zastavite vpra\u0161anja o varnostnih listih \u2013 na\u0161 strokovnjak vam bo z veseljem pomagal.<\/p>\n<p>Za po\u0161iljanje vpra\u0161anj uporabite spodnji obrazec:<\/p>\n<a href=\"https:\/\/www.msds-europe.com\/sl\/spletno-svetovanje\/\" class=\"su-button su-button-style-default\" style=\"color:#ffffff;background-color:#ef552d;border-color:#c04424;border-radius:6px\" target=\"_self\"><span style=\"color:#ffffff;padding:0px 18px;font-size:14px;line-height:28px;border-color:#f4886c;border-radius:6px;text-shadow:0px 0px 2px #ffffff\"> Vpra\u0161ajte na\u0161ega strokovnjaka za kemijsko varnost!<\/span><\/a>\n<p>&nbsp;<\/p>\n<h4><span style=\"color: #333333;\">Ponujene storitve<\/span><\/h4>\n<ul>\n<li><a href=\"https:\/\/www.msds-europe.com\/sl\/izdelava-osnutkov-etiket\/\">Priprava osnutka etikete CLP, prevod etikete CLP<\/a><\/li>\n<li><a href=\"https:\/\/www.msds-europe.com\/sl\/izdelava-sestava-varnostnega-lista\/\">Priprava in sestava varnostnega lista<\/a><\/li>\n<li><a href=\"https:\/\/www.msds-europe.com\/sl\/ufi-storitev\/\">Prijava zmesi prek portala PCN<\/a><\/li>\n<\/ul>\n<p>&nbsp;<\/p>\n<h4><span style=\"color: #333333;\">Priporo\u010deni \u010dlanki<\/span><\/h4>\n<ul>\n<li><a href=\"https:\/\/www.msds-europe.com\/sl\/oznaka-clp-ozna%c4%8devanje-v-praksi\/\">Ozna\u010devanje po CLP v praksi<\/a><\/li>\n<li><a href=\"https:\/\/www.msds-europe.com\/sl\/stavki-h\/\">Stavki o nevarnosti (H-stavki)<\/a><\/li>\n<li><a href=\"https:\/\/www.msds-europe.com\/sl\/stavki-p\/\">Previdnostni stavki (P-stavki)<\/a><\/li>\n<li style=\"text-align: justify;\">Priprava varnostnih listov (SDS):\n<ul>\n<li style=\"text-align: justify;\"><em><a href=\"https:\/\/www.msds-europe.com\/sds-preparing-introduction\/\">Uvod in zakonsko ozadje<\/a><\/em><\/li>\n<li style=\"text-align: justify;\"><em><a href=\"https:\/\/www.msds-europe.com\/responsibilities-compilation-process\/\">Odgovornosti in postopek priprave SDS<\/a><\/em><\/li>\n<li style=\"text-align: justify;\"><em><a href=\"https:\/\/www.msds-europe.com\/sds-preparing-first-8-sections\/\">Prvih 8 razdelkov SDS \u2013 podrobno<\/a><\/em><\/li>\n<li style=\"text-align: justify;\"><em><a href=\"https:\/\/www.msds-europe.com\/sds-preparing-9-16-sections\/\">Preostalih 9\u201316 razdelkov SDS<\/a><\/em><\/li>\n<li style=\"text-align: justify;\"><em><a href=\"https:\/\/www.msds-europe.com\/sds-preparing-best-practices\/\">Posebni primeri in najbolj\u0161e prakse<\/a><\/em><\/li>\n<\/ul>\n<\/li>\n<\/ul>\n<p>&nbsp;<\/p>\n","protected":false},"excerpt":{"rendered":"<p>Koristne informacije za prakti\u010dno implementacijo obveznosti ozna\u010devanja v skladu z uredbo CLP.<\/p>\n","protected":false},"author":2,"featured_media":0,"parent":0,"menu_order":0,"comment_status":"closed","ping_status":"closed","template":"","meta":{"_acf_changed":false,"footnotes":""},"tags":[359,408,258],"class_list":["post-3860","page","type-page","status-publish","hentry","tag-baza-znanja-varnostnih-listov-sl","tag-varnostnega-lista","tag-varnostnega-lista-sl"],"acf":[],"yoast_head":"<!-- This site is optimized with the Yoast SEO plugin v27.2 - https:\/\/yoast.com\/product\/yoast-seo-wordpress\/ -->\n<title>Piktogrami za nevarnosti<\/title>\n<meta name=\"description\" content=\"Piktogrami za nevarnosti po CLP uredbi: pomen, oblika in uporaba nevarnostnih simbolov za kemikalije v skladu z zakonodajo.\" \/>\n<meta name=\"robots\" content=\"index, follow, max-snippet:-1, max-image-preview:large, max-video-preview:-1\" \/>\n<link rel=\"canonical\" href=\"https:\/\/www.msds-europe.com\/sl\/piktogrami-za-nevarnosti\/\" \/>\n<meta property=\"og:locale\" content=\"sl_SI\" \/>\n<meta property=\"og:type\" content=\"article\" \/>\n<meta property=\"og:title\" content=\"Piktogrami za nevarnosti\" \/>\n<meta property=\"og:description\" content=\"Piktogrami za nevarnosti po CLP uredbi: pomen, oblika in uporaba nevarnostnih simbolov za kemikalije v skladu z zakonodajo.\" \/>\n<meta property=\"og:url\" content=\"https:\/\/www.msds-europe.com\/sl\/piktogrami-za-nevarnosti\/\" \/>\n<meta property=\"og:site_name\" content=\"MSDS Europe\" \/>\n<meta property=\"article:publisher\" content=\"https:\/\/www.facebook.com\/toxinfokft\/\" \/>\n<meta property=\"article:modified_time\" content=\"2026-02-20T09:27:25+00:00\" \/>\n<meta name=\"twitter:card\" content=\"summary_large_image\" \/>\n<meta name=\"twitter:site\" content=\"@ToxInfoKft\" \/>\n<meta name=\"twitter:label1\" content=\"Est. reading time\" \/>\n\t<meta name=\"twitter:data1\" content=\"2 minuti\" \/>\n<script type=\"application\/ld+json\" class=\"yoast-schema-graph\">{\"@context\":\"https:\/\/schema.org\",\"@graph\":[{\"@type\":\"WebPage\",\"@id\":\"https:\/\/www.msds-europe.com\/sl\/piktogrami-za-nevarnosti\/\",\"url\":\"https:\/\/www.msds-europe.com\/sl\/piktogrami-za-nevarnosti\/\",\"name\":\"Piktogrami za nevarnosti\",\"isPartOf\":{\"@id\":\"https:\/\/www.msds-europe.com\/es\/#website\"},\"datePublished\":\"2018-05-16T10:55:24+00:00\",\"dateModified\":\"2026-02-20T09:27:25+00:00\",\"description\":\"Piktogrami za nevarnosti po CLP uredbi: pomen, oblika in uporaba nevarnostnih simbolov za kemikalije v skladu z zakonodajo.\",\"breadcrumb\":{\"@id\":\"https:\/\/www.msds-europe.com\/sl\/piktogrami-za-nevarnosti\/#breadcrumb\"},\"inLanguage\":\"sl-SI\",\"potentialAction\":[{\"@type\":\"ReadAction\",\"target\":[\"https:\/\/www.msds-europe.com\/sl\/piktogrami-za-nevarnosti\/\"]}]},{\"@type\":\"BreadcrumbList\",\"@id\":\"https:\/\/www.msds-europe.com\/sl\/piktogrami-za-nevarnosti\/#breadcrumb\",\"itemListElement\":[{\"@type\":\"ListItem\",\"position\":1,\"name\":\"F\u0151oldal\",\"item\":\"https:\/\/www.msds-europe.com\/sl\/\"},{\"@type\":\"ListItem\",\"position\":2,\"name\":\"Piktogrami za nevarnosti\"}]},{\"@type\":\"WebSite\",\"@id\":\"https:\/\/www.msds-europe.com\/es\/#website\",\"url\":\"https:\/\/www.msds-europe.com\/es\/\",\"name\":\"MSDS Europe\",\"description\":\"\",\"publisher\":{\"@id\":\"https:\/\/www.msds-europe.com\/es\/#organization\"},\"potentialAction\":[{\"@type\":\"SearchAction\",\"target\":{\"@type\":\"EntryPoint\",\"urlTemplate\":\"https:\/\/www.msds-europe.com\/es\/?s={search_term_string}\"},\"query-input\":{\"@type\":\"PropertyValueSpecification\",\"valueRequired\":true,\"valueName\":\"search_term_string\"}}],\"inLanguage\":\"sl-SI\"},{\"@type\":\"Organization\",\"@id\":\"https:\/\/www.msds-europe.com\/es\/#organization\",\"name\":\"MSDS-Europe International branch of ToxInfo\",\"url\":\"https:\/\/www.msds-europe.com\/es\/\",\"logo\":{\"@type\":\"ImageObject\",\"inLanguage\":\"sl-SI\",\"@id\":\"https:\/\/www.msds-europe.com\/es\/#\/schema\/logo\/image\/\",\"url\":\"https:\/\/www.msds-europe.com\/wp-content\/uploads\/2021\/04\/msds-europe-logo.jpg\",\"contentUrl\":\"https:\/\/www.msds-europe.com\/wp-content\/uploads\/2021\/04\/msds-europe-logo.jpg\",\"width\":2296,\"height\":1067,\"caption\":\"MSDS-Europe International branch of ToxInfo\"},\"image\":{\"@id\":\"https:\/\/www.msds-europe.com\/es\/#\/schema\/logo\/image\/\"},\"sameAs\":[\"https:\/\/www.facebook.com\/toxinfokft\/\",\"https:\/\/x.com\/ToxInfoKft\"]}]}<\/script>\n<!-- \/ Yoast SEO plugin. -->","yoast_head_json":{"title":"Piktogrami za nevarnosti","description":"Piktogrami za nevarnosti po CLP uredbi: pomen, oblika in uporaba nevarnostnih simbolov za kemikalije v skladu z zakonodajo.","robots":{"index":"index","follow":"follow","max-snippet":"max-snippet:-1","max-image-preview":"max-image-preview:large","max-video-preview":"max-video-preview:-1"},"canonical":"https:\/\/www.msds-europe.com\/sl\/piktogrami-za-nevarnosti\/","og_locale":"sl_SI","og_type":"article","og_title":"Piktogrami za nevarnosti","og_description":"Piktogrami za nevarnosti po CLP uredbi: pomen, oblika in uporaba nevarnostnih simbolov za kemikalije v skladu z zakonodajo.","og_url":"https:\/\/www.msds-europe.com\/sl\/piktogrami-za-nevarnosti\/","og_site_name":"MSDS Europe","article_publisher":"https:\/\/www.facebook.com\/toxinfokft\/","article_modified_time":"2026-02-20T09:27:25+00:00","twitter_card":"summary_large_image","twitter_site":"@ToxInfoKft","twitter_misc":{"Est. reading time":"2 minuti"},"schema":{"@context":"https:\/\/schema.org","@graph":[{"@type":"WebPage","@id":"https:\/\/www.msds-europe.com\/sl\/piktogrami-za-nevarnosti\/","url":"https:\/\/www.msds-europe.com\/sl\/piktogrami-za-nevarnosti\/","name":"Piktogrami za nevarnosti","isPartOf":{"@id":"https:\/\/www.msds-europe.com\/es\/#website"},"datePublished":"2018-05-16T10:55:24+00:00","dateModified":"2026-02-20T09:27:25+00:00","description":"Piktogrami za nevarnosti po CLP uredbi: pomen, oblika in uporaba nevarnostnih simbolov za kemikalije v skladu z zakonodajo.","breadcrumb":{"@id":"https:\/\/www.msds-europe.com\/sl\/piktogrami-za-nevarnosti\/#breadcrumb"},"inLanguage":"sl-SI","potentialAction":[{"@type":"ReadAction","target":["https:\/\/www.msds-europe.com\/sl\/piktogrami-za-nevarnosti\/"]}]},{"@type":"BreadcrumbList","@id":"https:\/\/www.msds-europe.com\/sl\/piktogrami-za-nevarnosti\/#breadcrumb","itemListElement":[{"@type":"ListItem","position":1,"name":"F\u0151oldal","item":"https:\/\/www.msds-europe.com\/sl\/"},{"@type":"ListItem","position":2,"name":"Piktogrami za nevarnosti"}]},{"@type":"WebSite","@id":"https:\/\/www.msds-europe.com\/es\/#website","url":"https:\/\/www.msds-europe.com\/es\/","name":"MSDS Europe","description":"","publisher":{"@id":"https:\/\/www.msds-europe.com\/es\/#organization"},"potentialAction":[{"@type":"SearchAction","target":{"@type":"EntryPoint","urlTemplate":"https:\/\/www.msds-europe.com\/es\/?s={search_term_string}"},"query-input":{"@type":"PropertyValueSpecification","valueRequired":true,"valueName":"search_term_string"}}],"inLanguage":"sl-SI"},{"@type":"Organization","@id":"https:\/\/www.msds-europe.com\/es\/#organization","name":"MSDS-Europe International branch of ToxInfo","url":"https:\/\/www.msds-europe.com\/es\/","logo":{"@type":"ImageObject","inLanguage":"sl-SI","@id":"https:\/\/www.msds-europe.com\/es\/#\/schema\/logo\/image\/","url":"https:\/\/www.msds-europe.com\/wp-content\/uploads\/2021\/04\/msds-europe-logo.jpg","contentUrl":"https:\/\/www.msds-europe.com\/wp-content\/uploads\/2021\/04\/msds-europe-logo.jpg","width":2296,"height":1067,"caption":"MSDS-Europe International branch of ToxInfo"},"image":{"@id":"https:\/\/www.msds-europe.com\/es\/#\/schema\/logo\/image\/"},"sameAs":["https:\/\/www.facebook.com\/toxinfokft\/","https:\/\/x.com\/ToxInfoKft"]}]}},"_links":{"self":[{"href":"https:\/\/www.msds-europe.com\/sl\/wp-json\/wp\/v2\/pages\/3860","targetHints":{"allow":["GET"]}}],"collection":[{"href":"https:\/\/www.msds-europe.com\/sl\/wp-json\/wp\/v2\/pages"}],"about":[{"href":"https:\/\/www.msds-europe.com\/sl\/wp-json\/wp\/v2\/types\/page"}],"author":[{"embeddable":true,"href":"https:\/\/www.msds-europe.com\/sl\/wp-json\/wp\/v2\/users\/2"}],"replies":[{"embeddable":true,"href":"https:\/\/www.msds-europe.com\/sl\/wp-json\/wp\/v2\/comments?post=3860"}],"version-history":[{"count":7,"href":"https:\/\/www.msds-europe.com\/sl\/wp-json\/wp\/v2\/pages\/3860\/revisions"}],"predecessor-version":[{"id":37261,"href":"https:\/\/www.msds-europe.com\/sl\/wp-json\/wp\/v2\/pages\/3860\/revisions\/37261"}],"wp:attachment":[{"href":"https:\/\/www.msds-europe.com\/sl\/wp-json\/wp\/v2\/media?parent=3860"}],"wp:term":[{"taxonomy":"post_tag","embeddable":true,"href":"https:\/\/www.msds-europe.com\/sl\/wp-json\/wp\/v2\/tags?post=3860"}],"curies":[{"name":"wp","href":"https:\/\/api.w.org\/{rel}","templated":true}]}}