{"id":3839,"date":"2018-05-16T09:06:57","date_gmt":"2018-05-16T09:06:57","guid":{"rendered":"http:\/\/www.msds-europe.com\/o-nadzorni-programski-opremi-varnostnega-lista-2\/"},"modified":"2026-02-25T10:47:22","modified_gmt":"2026-02-25T10:47:22","slug":"o-avtorizacijski-programski-opremi-varnostnih-listov","status":"publish","type":"page","link":"https:\/\/www.msds-europe.com\/sl\/o-avtorizacijski-programski-opremi-varnostnih-listov\/","title":{"rendered":"O nadzorni programski opremi varnostnega lista"},"content":{"rendered":"<p style=\"text-align: right;\"><em><span style=\"color: #000000; font-family: Calibri;\"><a href=\"https:\/\/www.msds-europe.com\/sl\/\">MSDS-Europe<\/a> &#8211; <a href=\"https:\/\/www.msds-europe.com\/sl\/kompas-k-kemijski-varnosti\/\">Kompas k kemijski varnosti<\/a> \u2013 Programska oprema za pripravo varnostnih listov<\/span><\/em><\/p>\n<p>&nbsp;<\/p>\n<p style=\"text-align: justify;\"><span style=\"color: #000000; font-family: Calibri;\">V skoraj dveh desetletjih na\u0161ih izku\u0161enj na podro\u010dju kemijske varnosti je bila ve\u010dina varnostnih listov v tujem jeziku, s katerimi smo imeli opravka, pripravljena s programsko opremo, zato smo jih lahko temeljito analizirali.<\/span><\/p>\n<p style=\"text-align: justify;\"><span style=\"color: #000000; font-family: Calibri;\">Na podlagi teh izku\u0161enj na\u0161e podjetje nikoli ni uporabljalo programske opreme za pripravo varnostnih listov in njene uporabe tudi nikoli nismo priporo\u010dali na\u0161im partnerjem.<\/span><\/p>\n<p style=\"text-align: justify;\"><span style=\"color: #000000; font-family: Calibri;\">&nbsp;<\/span><\/p>\n<h2 style=\"text-align: justify;\"><span style=\"color: #ff6600; font-family: Calibri;\">Na\u010dela delovanja in funkcije programske opreme za varnostne liste<\/span><\/h2>\n<p style=\"text-align: justify;\"><span style=\"color: #000000; font-family: Calibri;\">Programska oprema za prevajanje varnostnih listov pripravi varnostni list v tujem jeziku na podlagi ujemanja prevodnih enot v svojem pomnilniku, podobno kot druga prevajalska programska oprema.<\/span><\/p>\n<p style=\"text-align: justify;\"><span style=\"color: #000000; font-family: Calibri;\">Njeno delovanje temelji na \u00bbpomnilniku\u00ab kupljenih jezikovnih modulov, ki vsebujejo prevode enot oziroma stavkov, pogosto uporabljenih v varnostnih listih.<\/span><\/p>\n<p style=\"text-align: justify;\"><span style=\"color: #000000; font-family: Calibri;\">Stavek v \u00bbizvornem jeziku\u00ab zamenja ustrezni stavek v \u00bbciljnem jeziku\u00ab, \u010de je najdeno popolno ujemanje.<\/span><\/p>\n<p style=\"text-align: justify;\"><span style=\"color: #000000; font-family: Calibri;\">Programska oprema za prevajanje varnostnih listov obi\u010dajno ponuja tudi dodatne funkcije, kot so:<\/span><\/p>\n<ul>\n<li style=\"text-align: justify;\"><span style=\"color: #000000; font-family: Calibri;\">Na podlagi \u0161tevilke CAS in obstoje\u010dih seznamov nevarnih snovi (ki v programski opremi pogosto niso posodobljeni na trenutno stanje) razvr\u0161\u010da sestavine.<\/span><\/li>\n<li style=\"text-align: justify;\"><span style=\"color: #000000; font-family: Calibri;\">Dolo\u010da mejne vrednosti izpostavljenosti snovem.<\/span><\/li>\n<li style=\"text-align: justify;\"><span style=\"font-family: Calibri;\"><span style=\"color: #000000;\">Uporablja piktograme (vendar ne nujno <\/span><a href=\"http:\/\/www.msds-europe.com\/sl\/piktogrami-za-nevarnosti\/\">piktogramov za nevarnost CLP<\/a><span style=\"color: #000000;\">) za poudarjanje pomembnosti uporabe zahtevane osebne varovalne opreme.<\/span><\/span><\/li>\n<li style=\"text-align: justify;\"><span style=\"color: #000000; font-family: Calibri;\">Dolo\u010da razrede nevarnosti ter <a href=\"http:\/\/www.msds-europe.com\/sl\/stavki-h\/\">stavke H<\/a> in <a href=\"http:\/\/www.msds-europe.com\/sl\/stavki-p\/\">stavke P<\/a> za dano zmes (na podlagi sestavin in koncentracijskih mej, dolo\u010denih v zakonodaji).<\/span><\/li>\n<li style=\"text-align: justify;\"><span style=\"color: #000000; font-family: Calibri;\">Lahko vsebuje tudi funkcije za vodenje evidenc (registrov).<\/span><\/li>\n<\/ul>\n<p><span style=\"color: #000000; font-family: Calibri;\">&nbsp;<\/span><\/p>\n<h2 style=\"text-align: justify;\"><span style=\"color: #ff6600; font-family: Calibri;\">Prednosti programske opreme za pripravo varnostnih listov<\/span><\/h2>\n<ul>\n<li style=\"text-align: justify;\"><span style=\"color: #000000; font-family: Calibri;\">Obdela lahko veliko koli\u010dino varnostnih listov.<\/span><\/li>\n<li style=\"text-align: justify;\"><span style=\"color: #000000; font-family: Calibri;\">Omogo\u010da prevajanje v ve\u010d jezikov (\u010de so kupljeni ustrezni jezikovni moduli).<\/span><\/li>\n<li style=\"text-align: justify;\"><span style=\"color: #000000; font-family: Calibri;\">Je hitra.<\/span><\/li>\n<li style=\"text-align: justify;\"><span style=\"color: #000000; font-family: Calibri;\">Pri velikih koli\u010dinah je lahko stro\u0161kovno u\u010dinkovita (\u010de zanemarimo mo\u017eno \u0161kodo zaradi pomanjkanja strokovnega nadzora).<\/span><\/li>\n<li style=\"text-align: justify;\"><span style=\"color: #000000; font-family: Calibri;\">Ponuja funkcije za evidenco in organizacijo dokumentov.<\/span><\/li>\n<\/ul>\n<p style=\"text-align: justify;\"><span style=\"color: #000000; font-family: Calibri;\">&nbsp;<\/span><\/p>\n<h2 style=\"text-align: justify;\"><span style=\"color: #ff6600; font-family: Calibri;\">Slabosti programske opreme za pripravo varnostnih listov<\/span><\/h2>\n<h3 style=\"text-align: justify;\"><span style=\"color: #333333; font-family: Calibri;\">Strokovne pomanjkljivosti<\/span><\/h3>\n<ul>\n<li style=\"text-align: justify;\"><span style=\"color: #000000; font-family: Calibri;\">Uporabnik tak\u0161ne programske opreme mora sam prevzeti odgovornost za morebitne primere napa\u010dne razvrstitve nevarnosti.<\/span><\/li>\n<li style=\"text-align: justify;\"><span style=\"color: #000000; font-family: Calibri;\">Strokovne pomanjkljivosti izvirnega varnostnega lista se brez popravkov prenesejo tudi v prevedeni varnostni list.<\/span><\/li>\n<li style=\"text-align: justify;\"><span style=\"color: #000000; font-family: Calibri;\">Lahko vsebuje neprevedene dele (\u010de se prevodne enote ne ujemajo v celoti s stavki v pomnilniku).<\/span><\/li>\n<li style=\"text-align: justify;\"><span style=\"color: #000000; font-family: Calibri;\">Lahko vsebuje nepravilno prevedene stavke, fraze ali imena snovi. Ker vsebuje le omejeno \u0161tevilo vnaprej pripravljenih stavkov, je njena uporaba omejena.<\/span><\/li>\n<li style=\"text-align: justify;\"><span style=\"color: #000000; font-family: Calibri;\">Ne zagotavlja manjkajo\u010dih podatkov (npr. \u0161tevilke ES, mejne vrednosti izpostavljenosti itd.).<\/span><\/li>\n<li style=\"text-align: justify;\"><span style=\"color: #000000; font-family: Calibri;\">Deluje predvsem na podlagi splo\u0161nih pravil EU in pogosto ne upo\u0161teva manj\u0161ih ali ve\u010djih odstopanj nacionalnih predpisov ciljne dr\u017eave.<\/span><\/li>\n<\/ul>\n<p>&nbsp;<\/p>\n<h3 style=\"text-align: justify;\"><span style=\"color: #333333;\"><span style=\"font-family: Calibri;\">&nbsp;<\/span><span style=\"font-family: Calibri;\">Druge, nestrokovne slabosti<\/span><\/span><\/h3>\n<ul>\n<li style=\"text-align: justify;\"><span style=\"color: #000000; font-family: Calibri;\">Ne gre le za enkraten stro\u0161ek. Nakup razli\u010dnih jezikovnih modulov povzro\u010da dodatne izdatke.<\/span><\/li>\n<li style=\"text-align: justify;\"><span style=\"color: #000000; font-family: Calibri;\">Programsko opremo mora nekdo upravljati, kar pomeni dodatne stro\u0161ke za \u010dlove\u0161ke vire.<\/span><\/li>\n<li style=\"text-align: justify;\"><span style=\"color: #000000; font-family: Calibri;\">Uporaba programske opreme je stro\u0161kovno u\u010dinkovita le pri dolo\u010denem (ve\u010djem) \u0161tevilu varnostnih listov.<\/span><\/li>\n<li style=\"text-align: justify;\"><span style=\"color: #000000; font-family: Calibri;\">Programska oprema uporabniku pomaga le kot orodje; v primeru vpra\u0161anj s podro\u010dja kemijske varnosti se nima na koga obrniti.<\/span><\/li>\n<li style=\"text-align: justify;\"><span style=\"color: #000000; font-family: Calibri;\">Uporabnik pogosto ne more ustrezno popraviti varnostnega lista, \u010de pride do pripomb ali opozoril pristojnih organov ali partnerja.<\/span><\/li>\n<\/ul>\n<p style=\"text-align: justify;\"><span style=\"color: #000000; font-family: Calibri;\">&nbsp;<\/span><\/p>\n<h3 style=\"text-align: justify;\"><span style=\"color: #333333; font-family: Calibri;\">Ponujene storitve<\/span><\/h3>\n<ul>\n<li><a href=\"http:\/\/www.msds-europe.com\/sl\/prevajanje-varnostnih-listov\/\">Prevajanje varnostnih listov<\/a><\/li>\n<li><a href=\"http:\/\/www.msds-europe.com\/sl\/varnostni-list-revizija-posodobitev\/\">Revizija in posodobitev varnostnega lista<\/a><\/li>\n<li><a href=\"http:\/\/www.msds-europe.com\/sl\/izdelava-sestava-varnostnega-lista\/\">Sestava in izdelava varnostnega lista<\/a><\/li>\n<li><a href=\"http:\/\/www.msds-europe.com\/sl\/hitre-storitve-varnostne-liste\/\">Hitre storitve za varnostne liste v roku 24 ur<\/a><\/li>\n<li><a href=\"http:\/\/www.msds-europe.com\/sl\/izdelava-osnutkov-etiket\/\">Izdelava osnutkov etiket<\/a><\/li>\n<\/ul>\n<p>&nbsp;<\/p>\n<h3><span style=\"color: #333333;\">Hitra vpra\u0161anja in odgovori<\/span><\/h3>\n<div class=\"su-spoiler su-spoiler-style-fancy su-spoiler-icon-chevron su-spoiler-closed\" data-scroll-offset=\"0\" data-anchor-in-url=\"no\"><div class=\"su-spoiler-title\" tabindex=\"0\" role=\"button\"><span class=\"su-spoiler-icon\"><\/span>Ali je hitreje ustvariti varnostni list (SDS) s programsko opremo kot s strokovnjakom?<\/div><div class=\"su-spoiler-content su-u-clearfix su-u-trim\">\n<p style=\"text-align: justify;\">Da, vendar programska oprema tehni\u010dne napake pogosto prenese nespremenjene, zato je lahko kon\u010dni stro\u0161ek vi\u0161ji.<\/p>\n<\/div><\/div>\n<div class=\"su-spoiler su-spoiler-style-fancy su-spoiler-icon-chevron su-spoiler-closed\" data-scroll-offset=\"0\" data-anchor-in-url=\"no\"><div class=\"su-spoiler-title\" tabindex=\"0\" role=\"button\"><span class=\"su-spoiler-icon\"><\/span>Kdo je odgovoren za napa\u010dno razvrstitev nevarnosti pri uporabi programske opreme?<\/div><div class=\"su-spoiler-content su-u-clearfix su-u-trim\">\n<p style=\"text-align: justify;\">Pravna odgovornost je na podjetju, ki programsko opremo uporablja, ne na dobavitelju programa.<\/p>\n<\/div><\/div>\n<div class=\"su-spoiler su-spoiler-style-fancy su-spoiler-icon-chevron su-spoiler-closed\" data-scroll-offset=\"0\" data-anchor-in-url=\"no\"><div class=\"su-spoiler-title\" tabindex=\"0\" role=\"button\"><span class=\"su-spoiler-icon\"><\/span>Kdaj je programska oprema za pripravo varnostnih listov \u0161e stro\u0161kovno u\u010dinkovita?<\/div><div class=\"su-spoiler-content su-u-clearfix su-u-trim\">\n<p style=\"text-align: justify;\">Predvsem pri zelo obse\u017enem portfelju varnostnih listov in ob hkratnem lastnem strokovnem znanju s podro\u010dja kemijske varnosti.<\/p>\n<\/div><\/div>\n<p>\u00a0<\/p>\n","protected":false},"excerpt":{"rendered":"<p>Na\u0161 \u010dlanek o prednostih in slabostih nadzorne programske opreme varnostnega lista.<\/p>\n","protected":false},"author":2,"featured_media":0,"parent":0,"menu_order":0,"comment_status":"closed","ping_status":"closed","template":"","meta":{"_acf_changed":false,"footnotes":""},"tags":[359,258],"class_list":["post-3839","page","type-page","status-publish","hentry","tag-baza-znanja-varnostnih-listov-sl","tag-varnostnega-lista-sl"],"acf":[],"yoast_head":"<!-- This site is optimized with the Yoast SEO plugin v27.2 - https:\/\/yoast.com\/product\/yoast-seo-wordpress\/ -->\n<title>O nadzorni programski opremi varnostnega lista<\/title>\n<meta name=\"description\" content=\"P\u0159ed pou\u017eit\u00edm SDS softwaru zva\u017ete odbornost, n\u00e1klady, aktualizace a pr\u00e1vn\u00ed rizika; 20 let studujeme stovky automaticky psan\u00fdch SDS.\" \/>\n<meta name=\"robots\" content=\"index, follow, max-snippet:-1, max-image-preview:large, max-video-preview:-1\" \/>\n<link rel=\"canonical\" href=\"https:\/\/www.msds-europe.com\/sl\/o-avtorizacijski-programski-opremi-varnostnih-listov\/\" \/>\n<meta property=\"og:locale\" content=\"sl_SI\" \/>\n<meta property=\"og:type\" content=\"article\" \/>\n<meta property=\"og:title\" content=\"O nadzorni programski opremi varnostnega lista\" \/>\n<meta property=\"og:description\" content=\"P\u0159ed pou\u017eit\u00edm SDS softwaru zva\u017ete odbornost, n\u00e1klady, aktualizace a pr\u00e1vn\u00ed rizika; 20 let studujeme stovky automaticky psan\u00fdch SDS.\" \/>\n<meta property=\"og:url\" content=\"https:\/\/www.msds-europe.com\/sl\/o-avtorizacijski-programski-opremi-varnostnih-listov\/\" \/>\n<meta property=\"og:site_name\" content=\"MSDS Europe\" \/>\n<meta property=\"article:publisher\" content=\"https:\/\/www.facebook.com\/toxinfokft\/\" \/>\n<meta property=\"article:modified_time\" content=\"2026-02-25T10:47:22+00:00\" \/>\n<meta name=\"twitter:card\" content=\"summary_large_image\" \/>\n<meta name=\"twitter:site\" content=\"@ToxInfoKft\" \/>\n<meta name=\"twitter:label1\" content=\"Est. reading time\" \/>\n\t<meta name=\"twitter:data1\" content=\"3 minute\" \/>\n<script type=\"application\/ld+json\" class=\"yoast-schema-graph\">{\"@context\":\"https:\/\/schema.org\",\"@graph\":[{\"@type\":\"WebPage\",\"@id\":\"https:\/\/www.msds-europe.com\/sl\/o-avtorizacijski-programski-opremi-varnostnih-listov\/\",\"url\":\"https:\/\/www.msds-europe.com\/sl\/o-avtorizacijski-programski-opremi-varnostnih-listov\/\",\"name\":\"O nadzorni programski opremi varnostnega lista\",\"isPartOf\":{\"@id\":\"https:\/\/www.msds-europe.com\/es\/#website\"},\"datePublished\":\"2018-05-16T09:06:57+00:00\",\"dateModified\":\"2026-02-25T10:47:22+00:00\",\"description\":\"P\u0159ed pou\u017eit\u00edm SDS softwaru zva\u017ete odbornost, n\u00e1klady, aktualizace a pr\u00e1vn\u00ed rizika; 20 let studujeme stovky automaticky psan\u00fdch SDS.\",\"breadcrumb\":{\"@id\":\"https:\/\/www.msds-europe.com\/sl\/o-avtorizacijski-programski-opremi-varnostnih-listov\/#breadcrumb\"},\"inLanguage\":\"sl-SI\",\"potentialAction\":[{\"@type\":\"ReadAction\",\"target\":[\"https:\/\/www.msds-europe.com\/sl\/o-avtorizacijski-programski-opremi-varnostnih-listov\/\"]}]},{\"@type\":\"BreadcrumbList\",\"@id\":\"https:\/\/www.msds-europe.com\/sl\/o-avtorizacijski-programski-opremi-varnostnih-listov\/#breadcrumb\",\"itemListElement\":[{\"@type\":\"ListItem\",\"position\":1,\"name\":\"F\u0151oldal\",\"item\":\"https:\/\/www.msds-europe.com\/sl\/\"},{\"@type\":\"ListItem\",\"position\":2,\"name\":\"O nadzorni programski opremi varnostnega lista\"}]},{\"@type\":\"WebSite\",\"@id\":\"https:\/\/www.msds-europe.com\/es\/#website\",\"url\":\"https:\/\/www.msds-europe.com\/es\/\",\"name\":\"MSDS Europe\",\"description\":\"\",\"publisher\":{\"@id\":\"https:\/\/www.msds-europe.com\/es\/#organization\"},\"potentialAction\":[{\"@type\":\"SearchAction\",\"target\":{\"@type\":\"EntryPoint\",\"urlTemplate\":\"https:\/\/www.msds-europe.com\/es\/?s={search_term_string}\"},\"query-input\":{\"@type\":\"PropertyValueSpecification\",\"valueRequired\":true,\"valueName\":\"search_term_string\"}}],\"inLanguage\":\"sl-SI\"},{\"@type\":\"Organization\",\"@id\":\"https:\/\/www.msds-europe.com\/es\/#organization\",\"name\":\"MSDS-Europe International branch of ToxInfo\",\"url\":\"https:\/\/www.msds-europe.com\/es\/\",\"logo\":{\"@type\":\"ImageObject\",\"inLanguage\":\"sl-SI\",\"@id\":\"https:\/\/www.msds-europe.com\/es\/#\/schema\/logo\/image\/\",\"url\":\"https:\/\/www.msds-europe.com\/wp-content\/uploads\/2021\/04\/msds-europe-logo.jpg\",\"contentUrl\":\"https:\/\/www.msds-europe.com\/wp-content\/uploads\/2021\/04\/msds-europe-logo.jpg\",\"width\":2296,\"height\":1067,\"caption\":\"MSDS-Europe International branch of ToxInfo\"},\"image\":{\"@id\":\"https:\/\/www.msds-europe.com\/es\/#\/schema\/logo\/image\/\"},\"sameAs\":[\"https:\/\/www.facebook.com\/toxinfokft\/\",\"https:\/\/x.com\/ToxInfoKft\"]}]}<\/script>\n<!-- \/ Yoast SEO plugin. -->","yoast_head_json":{"title":"O nadzorni programski opremi varnostnega lista","description":"P\u0159ed pou\u017eit\u00edm SDS softwaru zva\u017ete odbornost, n\u00e1klady, aktualizace a pr\u00e1vn\u00ed rizika; 20 let studujeme stovky automaticky psan\u00fdch SDS.","robots":{"index":"index","follow":"follow","max-snippet":"max-snippet:-1","max-image-preview":"max-image-preview:large","max-video-preview":"max-video-preview:-1"},"canonical":"https:\/\/www.msds-europe.com\/sl\/o-avtorizacijski-programski-opremi-varnostnih-listov\/","og_locale":"sl_SI","og_type":"article","og_title":"O nadzorni programski opremi varnostnega lista","og_description":"P\u0159ed pou\u017eit\u00edm SDS softwaru zva\u017ete odbornost, n\u00e1klady, aktualizace a pr\u00e1vn\u00ed rizika; 20 let studujeme stovky automaticky psan\u00fdch SDS.","og_url":"https:\/\/www.msds-europe.com\/sl\/o-avtorizacijski-programski-opremi-varnostnih-listov\/","og_site_name":"MSDS Europe","article_publisher":"https:\/\/www.facebook.com\/toxinfokft\/","article_modified_time":"2026-02-25T10:47:22+00:00","twitter_card":"summary_large_image","twitter_site":"@ToxInfoKft","twitter_misc":{"Est. reading time":"3 minute"},"schema":{"@context":"https:\/\/schema.org","@graph":[{"@type":"WebPage","@id":"https:\/\/www.msds-europe.com\/sl\/o-avtorizacijski-programski-opremi-varnostnih-listov\/","url":"https:\/\/www.msds-europe.com\/sl\/o-avtorizacijski-programski-opremi-varnostnih-listov\/","name":"O nadzorni programski opremi varnostnega lista","isPartOf":{"@id":"https:\/\/www.msds-europe.com\/es\/#website"},"datePublished":"2018-05-16T09:06:57+00:00","dateModified":"2026-02-25T10:47:22+00:00","description":"P\u0159ed pou\u017eit\u00edm SDS softwaru zva\u017ete odbornost, n\u00e1klady, aktualizace a pr\u00e1vn\u00ed rizika; 20 let studujeme stovky automaticky psan\u00fdch SDS.","breadcrumb":{"@id":"https:\/\/www.msds-europe.com\/sl\/o-avtorizacijski-programski-opremi-varnostnih-listov\/#breadcrumb"},"inLanguage":"sl-SI","potentialAction":[{"@type":"ReadAction","target":["https:\/\/www.msds-europe.com\/sl\/o-avtorizacijski-programski-opremi-varnostnih-listov\/"]}]},{"@type":"BreadcrumbList","@id":"https:\/\/www.msds-europe.com\/sl\/o-avtorizacijski-programski-opremi-varnostnih-listov\/#breadcrumb","itemListElement":[{"@type":"ListItem","position":1,"name":"F\u0151oldal","item":"https:\/\/www.msds-europe.com\/sl\/"},{"@type":"ListItem","position":2,"name":"O nadzorni programski opremi varnostnega lista"}]},{"@type":"WebSite","@id":"https:\/\/www.msds-europe.com\/es\/#website","url":"https:\/\/www.msds-europe.com\/es\/","name":"MSDS Europe","description":"","publisher":{"@id":"https:\/\/www.msds-europe.com\/es\/#organization"},"potentialAction":[{"@type":"SearchAction","target":{"@type":"EntryPoint","urlTemplate":"https:\/\/www.msds-europe.com\/es\/?s={search_term_string}"},"query-input":{"@type":"PropertyValueSpecification","valueRequired":true,"valueName":"search_term_string"}}],"inLanguage":"sl-SI"},{"@type":"Organization","@id":"https:\/\/www.msds-europe.com\/es\/#organization","name":"MSDS-Europe International branch of ToxInfo","url":"https:\/\/www.msds-europe.com\/es\/","logo":{"@type":"ImageObject","inLanguage":"sl-SI","@id":"https:\/\/www.msds-europe.com\/es\/#\/schema\/logo\/image\/","url":"https:\/\/www.msds-europe.com\/wp-content\/uploads\/2021\/04\/msds-europe-logo.jpg","contentUrl":"https:\/\/www.msds-europe.com\/wp-content\/uploads\/2021\/04\/msds-europe-logo.jpg","width":2296,"height":1067,"caption":"MSDS-Europe International branch of ToxInfo"},"image":{"@id":"https:\/\/www.msds-europe.com\/es\/#\/schema\/logo\/image\/"},"sameAs":["https:\/\/www.facebook.com\/toxinfokft\/","https:\/\/x.com\/ToxInfoKft"]}]}},"_links":{"self":[{"href":"https:\/\/www.msds-europe.com\/sl\/wp-json\/wp\/v2\/pages\/3839","targetHints":{"allow":["GET"]}}],"collection":[{"href":"https:\/\/www.msds-europe.com\/sl\/wp-json\/wp\/v2\/pages"}],"about":[{"href":"https:\/\/www.msds-europe.com\/sl\/wp-json\/wp\/v2\/types\/page"}],"author":[{"embeddable":true,"href":"https:\/\/www.msds-europe.com\/sl\/wp-json\/wp\/v2\/users\/2"}],"replies":[{"embeddable":true,"href":"https:\/\/www.msds-europe.com\/sl\/wp-json\/wp\/v2\/comments?post=3839"}],"version-history":[{"count":11,"href":"https:\/\/www.msds-europe.com\/sl\/wp-json\/wp\/v2\/pages\/3839\/revisions"}],"predecessor-version":[{"id":37827,"href":"https:\/\/www.msds-europe.com\/sl\/wp-json\/wp\/v2\/pages\/3839\/revisions\/37827"}],"wp:attachment":[{"href":"https:\/\/www.msds-europe.com\/sl\/wp-json\/wp\/v2\/media?parent=3839"}],"wp:term":[{"taxonomy":"post_tag","embeddable":true,"href":"https:\/\/www.msds-europe.com\/sl\/wp-json\/wp\/v2\/tags?post=3839"}],"curies":[{"name":"wp","href":"https:\/\/api.w.org\/{rel}","templated":true}]}}