{"id":3834,"date":"2018-05-16T08:48:07","date_gmt":"2018-05-16T08:48:07","guid":{"rendered":"http:\/\/www.msds-europe.com\/delovni-postopek-izdelave-in-prevajanja-varnostnega-lista\/"},"modified":"2026-04-23T12:31:39","modified_gmt":"2026-04-23T12:31:39","slug":"delovni-postopek-izdelave-prevajanja-varnostnih-listov","status":"publish","type":"page","link":"https:\/\/www.msds-europe.com\/sl\/delovni-postopek-izdelave-prevajanja-varnostnih-listov\/","title":{"rendered":"Delovni postopek izdelave in prevajanja varnostnega lista"},"content":{"rendered":"<p style=\"text-align: right;\"><em><span style=\"font-family: Calibri;\"><a href=\"https:\/\/www.msds-europe.com\/sl\/\">MSDS-Europe<\/a> &#8211; <a href=\"https:\/\/www.msds-europe.com\/sl\/kompas-k-kemijski-varnosti\/\">Kompas k kemijski varnosti<\/a><\/span><\/em><span style=\"color: #000000; font-family: Calibri;\"><em> \u2013 Delovni postopek izdelave in prevajanja varnostnega lista<\/em><\/span><\/p>\n<p>&nbsp;<\/p>\n<h4 style=\"text-align: justify;\"><span style=\"color: #333333; font-family: Calibri;\">Prvi korak<\/span><\/h4>\n<h3 style=\"text-align: justify;\"><span style=\"font-family: Calibri;\">Prevod \u2013 opredelitev oblike in vsebinskih elementov<\/span><\/h3>\n<p style=\"text-align: justify;\"><span style=\"color: #000000; font-family: Calibri;\">Priprava vsebine in oblike varnostnega lista poteka v skladu z veljavno evropsko in nacionalno zakonodajo.<\/span><\/p>\n<p style=\"text-align: justify;\"><span style=\"color: #000000; font-family: Calibri;\">V tej fazi najprej prevedemo besedilo, \u010de je to v tujem jeziku. V ve\u010dini primerov ne gre za dobesedni prevod, temve\u010d za pomenski prevod. Za ciljni jezik pri posameznih stavkih ali frazah praviloma obstaja specifi\u010dna terminologija, ki jo je treba uporabiti, da se podatki iz varnostnega lista vsebinsko pravilno prenesejo kon\u010dnemu uporabniku.<\/span><\/p>\n<p style=\"text-align: justify;\"><span style=\"color: #000000; font-family: Calibri;\">Posebno pozornost je treba nameniti prevodu standardiziranih delov besedila. V nekaterih delih varnostnega lista je besedilo, za katero je predpisano stalno besedi\u0161\u010de. Ob upo\u0161tevanju pravil kemijske varnosti se to specifi\u010dno besedi\u0161\u010de lahko uporablja le tako, kot je dolo\u010deno v ustrezni zakonodaji. Najpogostej\u0161i primer so verjetno stavki o nevarnosti (H), previdnostni stavki (P) in drugo besedilo, ki se uporablja za elemente ozna\u010devanja. V varnostnem listu je tudi drugo posebno besedilo.<\/span><\/p>\n<p style=\"text-align: justify;\"><span style=\"color: #000000; font-family: Calibri;\">Zaradi navedenega postopek prevajanja zahteva vsaj osnovno poznavanje zakonodaje s podro\u010dja kemijske varnosti ter nekaj izku\u0161enj s <a href=\"https:\/\/www.msds-europe.com\/sl\/prevajanje-varnostnih-listov\/\">prevajanjem varnostnih listov<\/a>.<\/span><\/p>\n<p style=\"text-align: justify;\"><span style=\"color: #000000; font-family: Calibri;\">V fazi prevajanja varnostnih listov se pri zmeseh preverjajo tudi posamezne sestavine. S pomo\u010djo vnaprej dolo\u010denih seznamov snovi na\u0161i sodelavci preverijo, ali je ime sestavine pravilno, ali so pravilne pripadajo\u010de \u0161tevilke CAS in ES ter ali so klasifikacijski elementi (piktogrami za nevarnost in stavki H) ustrezni.<\/span><\/p>\n<p style=\"text-align: justify;\"><span style=\"color: #000000; font-family: Calibri;\">Posebna pozornost je namenjena tudi pravilni navedbi mejnih vrednosti izpostavljenosti pri delu. Preveriti je treba, ali v skladu z veljavno zakonodajo tak\u0161na mejna vrednost za posamezno snov obstaja in ali je navedena v ustreznem oddelku varnostnega lista.<\/span><\/p>\n<p style=\"text-align: justify;\"><span style=\"color: #000000; font-family: Calibri;\">\u00a0<\/span><\/p>\n<h4 style=\"text-align: justify;\"><span style=\"color: #333333; font-family: Calibri;\">Drugi korak<\/span><\/h4>\n<h3 style=\"text-align: justify;\"><span style=\"font-family: Calibri;\">Razvr\u0161\u010danje, strokovni pregled<\/span><\/h3>\n<p style=\"text-align: justify;\"><span style=\"color: #000000; font-family: Calibri;\">Najprej na\u0161i strokovnjaki pregledajo prevedeni varnostni list in preverijo, ali je pri\u0161lo do izpustov podatkov ali tiskarskih napak. Med prevajanjem varnostnih listov je vzpostavljenih ve\u010d kontrolnih mehanizmov.<\/span><\/p>\n<p style=\"text-align: justify;\"><span style=\"color: #000000; font-family: Calibri;\">Nato na\u0161i strokovnjaki preverijo razvrstitev snovi\/zmesi na podlagi obstoje\u010dih podatkov in po potrebi spremenijo razvrstitev, vklju\u010dno s piktogrami za nevarnost, ter zamenjajo ali dodajo potrebne stavke H in P. V mnogih primerih v varnostnem listu manjkajo specifi\u010dni elementi etikete, zato temu namenimo posebno pozornost.<\/span><\/p>\n<p><span style=\"color: #000000; font-family: Calibri;\">\u00a0<\/span><\/p>\n<h4 style=\"text-align: justify;\"><span style=\"color: #333333; font-family: Calibri;\">Tretji korak<\/span><\/h4>\n<h3 style=\"text-align: justify;\"><span style=\"font-family: Calibri;\">Zaklju\u010dni strokovni pregled<\/span><\/h3>\n<p style=\"text-align: justify;\"><span style=\"color: #000000; font-family: Calibri;\">Priprava logi\u010dno pravilnega in notranje usklajenega varnostnega lista.<\/span><\/p>\n<p style=\"text-align: justify;\"><span style=\"color: #000000; font-family: Calibri;\">Po na\u0161em mnenju je to zelo pomemben korak, saj na podlagi izku\u0161enj vemo, da lahko nastane veliko te\u017eav zaradi nasprotij v varnostnem listu (npr. toksikolo\u0161ki podatki v oddelku 11 niso usklajeni z razvrstitvijo snovi\/zmesi itd.).<\/span><\/p>\n<p style=\"text-align: justify;\"><span style=\"color: #000000; font-family: Calibri;\">Na\u0161im strankam posredujemo kon\u010dni varnostni list v formatu PDF.<\/span><\/p>\n<p style=\"text-align: justify;\"><span style=\"color: #000000; font-family: Calibri;\">Zagotavljamo strokovnost, kakovost, skladnost z zakonodajo in uradno sprejemljivost na\u0161ega varnostnega lista, \u010de se uporablja ali natisne v celoti.<\/span><\/p>\n<p><span style=\"color: #000000; font-family: Calibri;\">\u00a0<\/span><\/p>\n<h2 style=\"text-align: justify;\"><span style=\"color: #ff6600; font-family: Calibri;\">Po posredovanju varnostnega lista &#8230;<\/span><\/h2>\n<p style=\"text-align: justify;\"><span style=\"color: #000000; font-family: Calibri;\">Z dostavo kon\u010dnega varnostnega lista se na\u0161e storitve \u0161e ne kon\u010dajo.<\/span><\/p>\n<p style=\"text-align: justify;\"><span style=\"color: #000000; font-family: Calibri;\">Na\u0161im strankam pomagamo pri razlagi in uporabi varnostnega lista, prav tako pa lahko pomagamo pri dolo\u010danju drugih potrebnih nalog v zvezi z varnostnimi listi na splo\u0161no.<\/span><\/p>\n<p style=\"text-align: justify;\"><span style=\"color: #000000; font-family: Calibri;\">\u00a0<\/span><\/p>\n<h4 style=\"text-align: justify;\"><span style=\"color: #ff6600; font-family: Calibri;\">Zagotovljena strokovnost v postopku izdelave in prevajanja varnostnega lista<\/span><\/h4>\n<p style=\"text-align: justify;\"><span style=\"color: #000000; font-family: Calibri;\">\u010ce pride do nadzora s strani pristojnih organov in pristojni in\u0161pektor poda pripombe na kateri koli del varnostnega lista, bodo na\u0161i strokovnjaki stopili v stik s pristojnim organom in razjasnili morebitne nejasnosti.<\/span><\/p>\n<p style=\"text-align: justify;\"><span style=\"color: #000000; font-family: Calibri;\">\u010ce se izka\u017ee, da je pri pripravi varnostnega lista pri\u0161lo do strokovne ali administrativne napake, bomo varnostni list brezpla\u010dno popravili.<\/span><\/p>\n<p style=\"text-align: justify;\"><span style=\"color: #000000; font-family: Calibri;\">\u00a0<\/span><\/p>\n<h4 style=\"text-align: justify;\"><span style=\"color: #ff6600; font-family: Calibri;\">Finan\u010dna garancija<\/span><\/h4>\n<p style=\"text-align: justify;\"><span style=\"color: #000000; font-family: Calibri;\">\u010ce katera koli od na\u0161ih strank ali partner na\u0161e stranke utrpi materialno \u0161kodo (npr. izre\u010dene globe, popravljanje etiket itd.) zaradi varnostnega lista, ki smo ga nepravilno pripravili, bomo nastalo \u0161kodo stranki v celoti povrnili.<\/span><\/p>\n<p style=\"text-align: justify;\"><span style=\"color: #000000; font-family: Calibri;\">\u00a0<\/span><\/p>\n<h4 style=\"text-align: justify;\"><span style=\"color: #333333; font-family: Calibri;\">Ponujene storitve<\/span><\/h4>\n<ul>\n<li><a href=\"http:\/\/msds-updated.rapidwebdevs.com\/sl\/prevajanje-varnostnih-listov\/\">Prevajanje varnostnih listov<\/a><\/li>\n<li><a href=\"http:\/\/msds-updated.rapidwebdevs.com\/sl\/varnostni-list-revizija-posodobitev\/\">Revizija in posodobitev varnostnega lista<\/a><\/li>\n<li><a href=\"http:\/\/msds-updated.rapidwebdevs.com\/sl\/izdelava-sestava-varnostnega-lista\/\">Sestava in izdelava varnostnega lista<\/a><\/li>\n<li><a href=\"http:\/\/msds-updated.rapidwebdevs.com\/sl\/hitre-storitve-varnostne-liste\/\">Hitre storitve za varnostne liste v roku 24 ur<\/a><\/li>\n<li><a href=\"http:\/\/msds-updated.rapidwebdevs.com\/sl\/izdelava-osnutkov-etiket\/\">Izdelava osnutkov etiket<\/a><\/li>\n<\/ul>\n<p>&nbsp;<\/p>\n<h4 class=\"title_4\"><span style=\"color: #333333;\">Koristne informacije<\/span><\/h4>\n<ul>\n<li><a title=\"O programski opremi za pripravo varnostnih listov\" href=\"https:\/\/www.msds-europe.com\/sl\/o-avtorizacijski-programski-opremi-varnostnih-listov\/\">O programski opremi za pripravo varnostnih listov<\/a><\/li>\n<\/ul>\n<p>&nbsp;<\/p>\n<h4><span style=\"color: #333333;\">Hitra vpra\u0161anja in odgovori<\/span><\/h4>\n<div class=\"su-spoiler su-spoiler-style-fancy su-spoiler-icon-chevron su-spoiler-closed\" data-scroll-offset=\"0\" data-anchor-in-url=\"no\"><div class=\"su-spoiler-title\" tabindex=\"0\" role=\"button\"><span class=\"su-spoiler-icon\"><\/span>Zakaj so \u017ee v fazi prevajanja potrebna pravna znanja?<\/div><div class=\"su-spoiler-content su-u-clearfix su-u-trim\">\n<p style=\"text-align: justify;\">Ker morajo biti \u0161tevilni standardizirani besedilni deli (npr. stavki H in P) navedeni natanko tako, kot to dolo\u010da zakonodaja, zato natan\u010den prevod zahteva poznavanje veljavnih predpisov.<\/p>\n<\/div><\/div>\n<div class=\"su-spoiler su-spoiler-style-fancy su-spoiler-icon-chevron su-spoiler-closed\" data-scroll-offset=\"0\" data-anchor-in-url=\"no\"><div class=\"su-spoiler-title\" tabindex=\"0\" role=\"button\"><span class=\"su-spoiler-icon\"><\/span>Kaj strokovnjak preverja v drugem koraku delovnega procesa?<\/div><div class=\"su-spoiler-content su-u-clearfix su-u-trim\">\n<p style=\"text-align: justify;\">Preveri prevedene podatke (\u0161tevilke CAS\/ES, mejne vrednosti), pravilnost razvrstitve ter popolnost zahtevanih piktogramov za nevarnost in stavkov H\/P.<\/p>\n<\/div><\/div>\n<div class=\"su-spoiler su-spoiler-style-fancy su-spoiler-icon-chevron su-spoiler-closed\" data-scroll-offset=\"0\" data-anchor-in-url=\"no\"><div class=\"su-spoiler-title\" tabindex=\"0\" role=\"button\"><span class=\"su-spoiler-icon\"><\/span>Kateri je glavni cilj tretjega koraka pri pripravi varnostnega lista (SDS)?<\/div><div class=\"su-spoiler-content su-u-clearfix su-u-trim\">\n<p style=\"text-align: justify;\">Pripraviti logi\u010dno usklajen varnostni list brez nasprotij, v katerem so informacije v vseh oddelkih med seboj skladne.<\/p>\n<\/div><\/div>\n","protected":false},"excerpt":{"rendered":"<p>Opis poteka dela v na\u0161em podjetju, ki ga uporabimo za prevod varnostnega lista.<\/p>\n","protected":false},"author":2,"featured_media":0,"parent":0,"menu_order":0,"comment_status":"closed","ping_status":"closed","template":"","meta":{"_acf_changed":false,"footnotes":""},"tags":[359,258],"class_list":["post-3834","page","type-page","status-publish","hentry","tag-baza-znanja-varnostnih-listov-sl","tag-varnostnega-lista-sl"],"acf":[],"yoast_head":"<!-- This site is optimized with the Yoast SEO plugin v27.2 - https:\/\/yoast.com\/product\/yoast-seo-wordpress\/ -->\n<title>Delovni postopek izdelave in prevajanja varnostnega lista<\/title>\n<meta name=\"description\" content=\"Seznanite se z na\u0161im na\u010dinom dela, ki ga uporabljamo za doseganje najbolj\u0161e mo\u017ene kakovosti v postopku izdelave\/prevoda varnostnega lista\" \/>\n<meta name=\"robots\" content=\"index, follow, max-snippet:-1, max-image-preview:large, max-video-preview:-1\" \/>\n<link rel=\"canonical\" href=\"https:\/\/www.msds-europe.com\/sl\/delovni-postopek-izdelave-prevajanja-varnostnih-listov\/\" \/>\n<meta property=\"og:locale\" content=\"sl_SI\" \/>\n<meta property=\"og:type\" content=\"article\" \/>\n<meta property=\"og:title\" content=\"Delovni postopek izdelave in prevajanja varnostnega lista\" \/>\n<meta property=\"og:description\" content=\"Seznanite se z na\u0161im na\u010dinom dela, ki ga uporabljamo za doseganje najbolj\u0161e mo\u017ene kakovosti v postopku izdelave\/prevoda varnostnega lista\" \/>\n<meta property=\"og:url\" content=\"https:\/\/www.msds-europe.com\/sl\/delovni-postopek-izdelave-prevajanja-varnostnih-listov\/\" \/>\n<meta property=\"og:site_name\" content=\"MSDS Europe\" \/>\n<meta property=\"article:publisher\" content=\"https:\/\/www.facebook.com\/toxinfokft\/\" \/>\n<meta property=\"article:modified_time\" content=\"2026-04-23T12:31:39+00:00\" \/>\n<meta name=\"twitter:card\" content=\"summary_large_image\" \/>\n<meta name=\"twitter:site\" content=\"@ToxInfoKft\" \/>\n<meta name=\"twitter:label1\" content=\"Est. reading time\" \/>\n\t<meta name=\"twitter:data1\" content=\"4 minute\" \/>\n<script type=\"application\/ld+json\" class=\"yoast-schema-graph\">{\"@context\":\"https:\/\/schema.org\",\"@graph\":[{\"@type\":\"WebPage\",\"@id\":\"https:\/\/www.msds-europe.com\/sl\/delovni-postopek-izdelave-prevajanja-varnostnih-listov\/\",\"url\":\"https:\/\/www.msds-europe.com\/sl\/delovni-postopek-izdelave-prevajanja-varnostnih-listov\/\",\"name\":\"Delovni postopek izdelave in prevajanja varnostnega lista\",\"isPartOf\":{\"@id\":\"https:\/\/www.msds-europe.com\/es\/#website\"},\"datePublished\":\"2018-05-16T08:48:07+00:00\",\"dateModified\":\"2026-04-23T12:31:39+00:00\",\"description\":\"Seznanite se z na\u0161im na\u010dinom dela, ki ga uporabljamo za doseganje najbolj\u0161e mo\u017ene kakovosti v postopku izdelave\/prevoda varnostnega lista\",\"breadcrumb\":{\"@id\":\"https:\/\/www.msds-europe.com\/sl\/delovni-postopek-izdelave-prevajanja-varnostnih-listov\/#breadcrumb\"},\"inLanguage\":\"sl-SI\",\"potentialAction\":[{\"@type\":\"ReadAction\",\"target\":[\"https:\/\/www.msds-europe.com\/sl\/delovni-postopek-izdelave-prevajanja-varnostnih-listov\/\"]}]},{\"@type\":\"BreadcrumbList\",\"@id\":\"https:\/\/www.msds-europe.com\/sl\/delovni-postopek-izdelave-prevajanja-varnostnih-listov\/#breadcrumb\",\"itemListElement\":[{\"@type\":\"ListItem\",\"position\":1,\"name\":\"F\u0151oldal\",\"item\":\"https:\/\/www.msds-europe.com\/sl\/\"},{\"@type\":\"ListItem\",\"position\":2,\"name\":\"Delovni postopek izdelave in prevajanja varnostnega lista\"}]},{\"@type\":\"WebSite\",\"@id\":\"https:\/\/www.msds-europe.com\/es\/#website\",\"url\":\"https:\/\/www.msds-europe.com\/es\/\",\"name\":\"MSDS Europe\",\"description\":\"\",\"publisher\":{\"@id\":\"https:\/\/www.msds-europe.com\/es\/#organization\"},\"potentialAction\":[{\"@type\":\"SearchAction\",\"target\":{\"@type\":\"EntryPoint\",\"urlTemplate\":\"https:\/\/www.msds-europe.com\/es\/?s={search_term_string}\"},\"query-input\":{\"@type\":\"PropertyValueSpecification\",\"valueRequired\":true,\"valueName\":\"search_term_string\"}}],\"inLanguage\":\"sl-SI\"},{\"@type\":\"Organization\",\"@id\":\"https:\/\/www.msds-europe.com\/es\/#organization\",\"name\":\"MSDS-Europe International branch of ToxInfo\",\"url\":\"https:\/\/www.msds-europe.com\/es\/\",\"logo\":{\"@type\":\"ImageObject\",\"inLanguage\":\"sl-SI\",\"@id\":\"https:\/\/www.msds-europe.com\/es\/#\/schema\/logo\/image\/\",\"url\":\"https:\/\/www.msds-europe.com\/wp-content\/uploads\/2021\/04\/msds-europe-logo.jpg\",\"contentUrl\":\"https:\/\/www.msds-europe.com\/wp-content\/uploads\/2021\/04\/msds-europe-logo.jpg\",\"width\":2296,\"height\":1067,\"caption\":\"MSDS-Europe International branch of ToxInfo\"},\"image\":{\"@id\":\"https:\/\/www.msds-europe.com\/es\/#\/schema\/logo\/image\/\"},\"sameAs\":[\"https:\/\/www.facebook.com\/toxinfokft\/\",\"https:\/\/x.com\/ToxInfoKft\"]}]}<\/script>\n<!-- \/ Yoast SEO plugin. -->","yoast_head_json":{"title":"Delovni postopek izdelave in prevajanja varnostnega lista","description":"Seznanite se z na\u0161im na\u010dinom dela, ki ga uporabljamo za doseganje najbolj\u0161e mo\u017ene kakovosti v postopku izdelave\/prevoda varnostnega lista","robots":{"index":"index","follow":"follow","max-snippet":"max-snippet:-1","max-image-preview":"max-image-preview:large","max-video-preview":"max-video-preview:-1"},"canonical":"https:\/\/www.msds-europe.com\/sl\/delovni-postopek-izdelave-prevajanja-varnostnih-listov\/","og_locale":"sl_SI","og_type":"article","og_title":"Delovni postopek izdelave in prevajanja varnostnega lista","og_description":"Seznanite se z na\u0161im na\u010dinom dela, ki ga uporabljamo za doseganje najbolj\u0161e mo\u017ene kakovosti v postopku izdelave\/prevoda varnostnega lista","og_url":"https:\/\/www.msds-europe.com\/sl\/delovni-postopek-izdelave-prevajanja-varnostnih-listov\/","og_site_name":"MSDS Europe","article_publisher":"https:\/\/www.facebook.com\/toxinfokft\/","article_modified_time":"2026-04-23T12:31:39+00:00","twitter_card":"summary_large_image","twitter_site":"@ToxInfoKft","twitter_misc":{"Est. reading time":"4 minute"},"schema":{"@context":"https:\/\/schema.org","@graph":[{"@type":"WebPage","@id":"https:\/\/www.msds-europe.com\/sl\/delovni-postopek-izdelave-prevajanja-varnostnih-listov\/","url":"https:\/\/www.msds-europe.com\/sl\/delovni-postopek-izdelave-prevajanja-varnostnih-listov\/","name":"Delovni postopek izdelave in prevajanja varnostnega lista","isPartOf":{"@id":"https:\/\/www.msds-europe.com\/es\/#website"},"datePublished":"2018-05-16T08:48:07+00:00","dateModified":"2026-04-23T12:31:39+00:00","description":"Seznanite se z na\u0161im na\u010dinom dela, ki ga uporabljamo za doseganje najbolj\u0161e mo\u017ene kakovosti v postopku izdelave\/prevoda varnostnega lista","breadcrumb":{"@id":"https:\/\/www.msds-europe.com\/sl\/delovni-postopek-izdelave-prevajanja-varnostnih-listov\/#breadcrumb"},"inLanguage":"sl-SI","potentialAction":[{"@type":"ReadAction","target":["https:\/\/www.msds-europe.com\/sl\/delovni-postopek-izdelave-prevajanja-varnostnih-listov\/"]}]},{"@type":"BreadcrumbList","@id":"https:\/\/www.msds-europe.com\/sl\/delovni-postopek-izdelave-prevajanja-varnostnih-listov\/#breadcrumb","itemListElement":[{"@type":"ListItem","position":1,"name":"F\u0151oldal","item":"https:\/\/www.msds-europe.com\/sl\/"},{"@type":"ListItem","position":2,"name":"Delovni postopek izdelave in prevajanja varnostnega lista"}]},{"@type":"WebSite","@id":"https:\/\/www.msds-europe.com\/es\/#website","url":"https:\/\/www.msds-europe.com\/es\/","name":"MSDS Europe","description":"","publisher":{"@id":"https:\/\/www.msds-europe.com\/es\/#organization"},"potentialAction":[{"@type":"SearchAction","target":{"@type":"EntryPoint","urlTemplate":"https:\/\/www.msds-europe.com\/es\/?s={search_term_string}"},"query-input":{"@type":"PropertyValueSpecification","valueRequired":true,"valueName":"search_term_string"}}],"inLanguage":"sl-SI"},{"@type":"Organization","@id":"https:\/\/www.msds-europe.com\/es\/#organization","name":"MSDS-Europe International branch of ToxInfo","url":"https:\/\/www.msds-europe.com\/es\/","logo":{"@type":"ImageObject","inLanguage":"sl-SI","@id":"https:\/\/www.msds-europe.com\/es\/#\/schema\/logo\/image\/","url":"https:\/\/www.msds-europe.com\/wp-content\/uploads\/2021\/04\/msds-europe-logo.jpg","contentUrl":"https:\/\/www.msds-europe.com\/wp-content\/uploads\/2021\/04\/msds-europe-logo.jpg","width":2296,"height":1067,"caption":"MSDS-Europe International branch of ToxInfo"},"image":{"@id":"https:\/\/www.msds-europe.com\/es\/#\/schema\/logo\/image\/"},"sameAs":["https:\/\/www.facebook.com\/toxinfokft\/","https:\/\/x.com\/ToxInfoKft"]}]}},"_links":{"self":[{"href":"https:\/\/www.msds-europe.com\/sl\/wp-json\/wp\/v2\/pages\/3834","targetHints":{"allow":["GET"]}}],"collection":[{"href":"https:\/\/www.msds-europe.com\/sl\/wp-json\/wp\/v2\/pages"}],"about":[{"href":"https:\/\/www.msds-europe.com\/sl\/wp-json\/wp\/v2\/types\/page"}],"author":[{"embeddable":true,"href":"https:\/\/www.msds-europe.com\/sl\/wp-json\/wp\/v2\/users\/2"}],"replies":[{"embeddable":true,"href":"https:\/\/www.msds-europe.com\/sl\/wp-json\/wp\/v2\/comments?post=3834"}],"version-history":[{"count":11,"href":"https:\/\/www.msds-europe.com\/sl\/wp-json\/wp\/v2\/pages\/3834\/revisions"}],"predecessor-version":[{"id":39057,"href":"https:\/\/www.msds-europe.com\/sl\/wp-json\/wp\/v2\/pages\/3834\/revisions\/39057"}],"wp:attachment":[{"href":"https:\/\/www.msds-europe.com\/sl\/wp-json\/wp\/v2\/media?parent=3834"}],"wp:term":[{"taxonomy":"post_tag","embeddable":true,"href":"https:\/\/www.msds-europe.com\/sl\/wp-json\/wp\/v2\/tags?post=3834"}],"curies":[{"name":"wp","href":"https:\/\/api.w.org\/{rel}","templated":true}]}}