{"id":3826,"date":"2018-05-15T11:34:03","date_gmt":"2018-05-15T11:34:03","guid":{"rendered":"http:\/\/www.msds-europe.com\/uporaben-material-in-smernice-za-varnostne-liste\/"},"modified":"2026-03-11T14:23:53","modified_gmt":"2026-03-11T14:23:53","slug":"baza-znanja-varnostnih-listov","status":"publish","type":"page","link":"https:\/\/www.msds-europe.com\/sl\/baza-znanja-varnostnih-listov\/","title":{"rendered":"Uporaben material in smernice za varnostne liste"},"content":{"rendered":"<p>&nbsp;<\/p>\n<p style=\"text-align: right;\"><a href=\"https:\/\/www.msds-europe.com\/sl\/\">MSDS-Europe<\/a> \u2013 Baza znanja varnostnih listov<\/p>\n<p>&nbsp;<\/p>\n<p style=\"text-align: justify;\">Baza znanja varnostnih listov omogo\u010da pomo\u010d pri razumevanju <a href=\"https:\/\/www.msds-europe.com\/sl\/definicija-varnostnega-lista\/\">varnostnih listov<\/a> in s tem povezanih <a href=\"https:\/\/www.msds-europe.com\/sl\/spremembe-predpisov-varnost-pred-kemikalijami\/\">zakonodajnih zahtev<\/a>.<\/p>\n<p>&nbsp;<\/p>\n<h2>Namen baze znanja varnostnih listov<\/h2>\n<p style=\"text-align: justify;\">Z bazo znanja \u017eelimo pomagati podjetjem, ki pri svojem delu uporabljajo nevarne zmesi in materiale.<\/p>\n<p style=\"text-align: justify;\">V bazi znanja varnostnih listov objavljamo predvsem \u010dlanke, ki omogo\u010dajo vpogled v osnovne obveznosti glede varnostnih listov ali pa se lahko uporabijo kot neposreden vir informacij, ne da bi bilo treba temeljito poznati zakonodajo.<\/p>\n<p style=\"text-align: justify;\">Prepoznavanje obveznosti in nalog, vezanih na varnostni list, je le prvi korak. Primerno poznavanje podlag in ozadja je potrebno, da se lahko razvije specifi\u010dna strategija re\u0161itve za oceno ustrezne potrebe po \u010dlove\u0161kih virih ali zunanji pomo\u010di. V primeru najema svetovalnega podjetja ali podjetja, ki nudi dolo\u010dene storitve, je potrebno poznavanje ustreznih predpisov do te mere, da se lahko izvedeno delo (ali storitev) ustrezno ovrednoti in nadzira.<\/p>\n<p style=\"text-align: justify;\"><strong>Pozor!<\/strong><br \/>\nDolo\u010deni \u010dlanki v \u00bbbazi znanja varnostnih listov\u00ab ne upo\u0161tevajo nujno vseh vidikov kemijske varnosti, da so la\u017eje razumljivi, zato lahko vsebujejo nekatere poenostavljene izjave. V vsakem primeru je treba opredeliti naloge, vezane na kemijsko varnost za dolo\u010deno podjetje; pri tem se kot veljavno lahko upo\u0161teva samo besedilo veljavne zakonodaje!<\/p>\n<p style=\"text-align: justify;\">Preverite aktualno stanje zakonodaje o kemijski varnosti v razdelku \u00bb<a href=\"https:\/\/www.msds-europe.com\/sl\/spremembe-predpisov-varnost-pred-kemikalijami\/\">Predpisi na podro\u010dju kemijske varnosti<\/a>\u00ab.<\/p>\n<p><em>Zadnji \u010dlanki v kategoriji baze znanja varnostnih listov<\/em><\/p>\n<ul>\n<li><a href=\"https:\/\/www.msds-europe.com\/sl\/clp-2026-razredi-nevarnosti-zmesi-sds-oznacevanje\/\"><em>CLP 2026: novi razredi nevarnosti za zmesi \u2013 kaj storiti<\/em><\/a><\/li>\n<li><a href=\"https:\/\/www.msds-europe.com\/sl\/sds-jezikovne-zahteve\/\"><em>Jezik varnostnega lista v EU \u2013 v katerem jeziku je SDS obvezna?<\/em><\/a><\/li>\n<li><a href=\"https:\/\/www.msds-europe.com\/sl\/sds-viri-informacij-podatkovne-zbirke\/\"><em>Uporabni viri informacij in podatkovne zbirke za pripravo SDS<\/em><\/a><\/li>\n<li><a href=\"https:\/\/www.msds-europe.com\/sl\/sds-oddelek-1-identifikator-izdelka-zmesi-ufi\/\"><em>SDS oddelek 1: identifikator izdelka in UFI<\/em><\/a><\/li>\n<\/ul>\n<h4><span style=\"color: #333333;\">Drugi uporabni \u010dlanki<\/span><a href=\"https:\/\/www.msds-europe.com\/sl\/kompas-k-kemijski-varnosti\/\"><img decoding=\"async\" class=\"alignright size-full wp-image-36439\" src=\"https:\/\/www.msds-europe.com\/wp-content\/uploads\/2026\/02\/Kompas-k-kemijski-varnosti.jpg\" alt=\"\" width=\"300\" height=\"180\" \/><\/a><\/h4>\n<h3>Kompas za kemijsko varnost<\/h3>\n<p><strong>Kemijska varnost v jasnem jeziku.<\/strong><\/p>\n<p style=\"text-align: justify;\">Dostopni \u010dlanki o kemijski varnosti, napisani v jasnem in razumljivem jeziku \u2014 s koristnimi ozadnimi informacijami in prakti\u010dno analizo.<\/p>\n<p><em>Novosti v <a href=\"https:\/\/www.msds-europe.com\/sl\/kompas-k-kemijski-varnosti\/\">Kompasu za kemijsko varnost<\/a>:<\/em><\/p>\n<ul>\n<li><a href=\"https:\/\/www.msds-europe.com\/sl\/kompas-k-kemijski-varnosti\/#firefighting-foams\"><em>Postopna opustitev gasilskih pen, ki vsebujejo PFAS: roki, prehod in ravnanje z odpadki<\/em><\/a><\/li>\n<li><a href=\"https:\/\/www.msds-europe.com\/sl\/kompas-k-kemijski-varnosti\/#digital-label\"><em>Digitalna etiketa v CLP: obveznosti, ukrepi podjetja in tehni\u010dna izvedba (QR koda)<\/em><\/a><\/li>\n<li><a href=\"https:\/\/www.msds-europe.com\/sl\/kompas-k-kemijski-varnosti\/#koledar-2026\"><em>Koledar 2026 rokov in ukrepov na podro\u010dju kemijske varnosti<\/em><\/a><\/li>\n<li><a href=\"https:\/\/www.msds-europe.com\/sl\/kompas-k-kemijski-varnosti\/#spletno-oglasevanje\"><em>Nova pravila CLP za spletne trgovine: ozna\u010devanje in ogla\u0161evanje<\/em><\/a><\/li>\n<\/ul>\n<p>&nbsp;<\/p>\n<h3 style=\"text-align: justify;\">Brezpla\u010dno spletno svetovanje<\/h3>\n<p style=\"text-align: justify;\">\u010ce niste na\u0161li informacije, ki ste jo iskali na na\u0161i spletni strani, se lahko v zvezi z varnostnimi listi obrnete neposredno na na\u0161e strokovnjake.<\/p>\n<p style=\"text-align: justify;\">\u010ce \u017eelite poslati vpra\u0161anje, vas prosimo, da uporabite naslednjo aplikacijo za po\u0161iljanje: <a href=\"https:\/\/www.msds-europe.com\/sl\/spletno-svetovanje\/\">Brezpla\u010dno spletno svetovanje<\/a><\/p>\n<p>&nbsp;<\/p>\n<h3 style=\"text-align: justify;\">Na\u0161e storitve<\/h3>\n<p style=\"text-align: justify;\">Za re\u0161evanje vseh te\u017eav in korektno izpolnjevanje obveznosti glede varnostnih listov vam priporo\u010damo na\u0161e storitve <a href=\"https:\/\/www.msds-europe.com\/sl\/izdelava-sestava-varnostnega-lista\/\">izdelave<\/a>, <a href=\"https:\/\/www.msds-europe.com\/sl\/prevajanje-varnostnih-listov\/\">prevajanja<\/a> in <a href=\"https:\/\/www.msds-europe.com\/sl\/varnostni-list-revizija-posodobitev\/\">revizije<\/a>.<\/p>\n<p>&nbsp;<\/p>\n","protected":false},"excerpt":{"rendered":"<p>Zbirka uporabnih informacij, podlag in smernic za razlago in pripravo varnostnih listov.<\/p>\n","protected":false},"author":2,"featured_media":0,"parent":0,"menu_order":0,"comment_status":"closed","ping_status":"closed","template":"page-category.php","meta":{"_acf_changed":false,"footnotes":""},"tags":[313,359,258],"class_list":["post-3826","page","type-page","status-publish","hentry","tag-baza-znanja-sl","tag-baza-znanja-varnostnih-listov-sl","tag-varnostnega-lista-sl"],"acf":[],"yoast_head":"<!-- This site is optimized with the Yoast SEO plugin v27.2 - https:\/\/yoast.com\/product\/yoast-seo-wordpress\/ -->\n<title>Varnostni list \u2013 uporabne informacije za varnostne liste<\/title>\n<meta name=\"description\" content=\"Baza znanja vsebuje koristne \u010dlanke, gradiva in smernice za razlago varnostnih listov ter razumevanje zakonodajnih zahtev.\" \/>\n<meta name=\"robots\" content=\"index, follow, max-snippet:-1, max-image-preview:large, max-video-preview:-1\" \/>\n<link rel=\"canonical\" href=\"https:\/\/www.msds-europe.com\/sl\/baza-znanja-varnostnih-listov\/\" \/>\n<meta property=\"og:locale\" content=\"sl_SI\" \/>\n<meta property=\"og:type\" content=\"article\" \/>\n<meta property=\"og:title\" content=\"Varnostni list \u2013 uporabne informacije za varnostne liste\" \/>\n<meta property=\"og:description\" content=\"Baza znanja vsebuje koristne \u010dlanke, gradiva in smernice za razlago varnostnih listov ter razumevanje zakonodajnih zahtev.\" \/>\n<meta property=\"og:url\" content=\"https:\/\/www.msds-europe.com\/sl\/baza-znanja-varnostnih-listov\/\" \/>\n<meta property=\"og:site_name\" content=\"MSDS Europe\" \/>\n<meta property=\"article:publisher\" content=\"https:\/\/www.facebook.com\/toxinfokft\/\" \/>\n<meta property=\"article:modified_time\" content=\"2026-03-11T14:23:53+00:00\" \/>\n<meta property=\"og:image\" content=\"https:\/\/www.msds-europe.com\/wp-content\/uploads\/2026\/02\/Kompas-k-kemijski-varnosti.jpg\" \/>\n\t<meta property=\"og:image:width\" content=\"300\" \/>\n\t<meta property=\"og:image:height\" content=\"180\" \/>\n\t<meta property=\"og:image:type\" content=\"image\/jpeg\" \/>\n<meta name=\"twitter:card\" content=\"summary_large_image\" \/>\n<meta name=\"twitter:site\" content=\"@ToxInfoKft\" \/>\n<meta name=\"twitter:label1\" content=\"Est. reading time\" \/>\n\t<meta name=\"twitter:data1\" content=\"3 minute\" \/>\n<script type=\"application\/ld+json\" class=\"yoast-schema-graph\">{\"@context\":\"https:\/\/schema.org\",\"@graph\":[{\"@type\":\"WebPage\",\"@id\":\"https:\/\/www.msds-europe.com\/sl\/baza-znanja-varnostnih-listov\/\",\"url\":\"https:\/\/www.msds-europe.com\/sl\/baza-znanja-varnostnih-listov\/\",\"name\":\"Varnostni list \u2013 uporabne informacije za varnostne liste\",\"isPartOf\":{\"@id\":\"https:\/\/www.msds-europe.com\/es\/#website\"},\"primaryImageOfPage\":{\"@id\":\"https:\/\/www.msds-europe.com\/sl\/baza-znanja-varnostnih-listov\/#primaryimage\"},\"image\":{\"@id\":\"https:\/\/www.msds-europe.com\/sl\/baza-znanja-varnostnih-listov\/#primaryimage\"},\"thumbnailUrl\":\"https:\/\/www.msds-europe.com\/wp-content\/uploads\/2026\/02\/Kompas-k-kemijski-varnosti.jpg\",\"datePublished\":\"2018-05-15T11:34:03+00:00\",\"dateModified\":\"2026-03-11T14:23:53+00:00\",\"description\":\"Baza znanja vsebuje koristne \u010dlanke, gradiva in smernice za razlago varnostnih listov ter razumevanje zakonodajnih zahtev.\",\"breadcrumb\":{\"@id\":\"https:\/\/www.msds-europe.com\/sl\/baza-znanja-varnostnih-listov\/#breadcrumb\"},\"inLanguage\":\"sl-SI\",\"potentialAction\":[{\"@type\":\"ReadAction\",\"target\":[\"https:\/\/www.msds-europe.com\/sl\/baza-znanja-varnostnih-listov\/\"]}]},{\"@type\":\"ImageObject\",\"inLanguage\":\"sl-SI\",\"@id\":\"https:\/\/www.msds-europe.com\/sl\/baza-znanja-varnostnih-listov\/#primaryimage\",\"url\":\"https:\/\/www.msds-europe.com\/wp-content\/uploads\/2026\/02\/Kompas-k-kemijski-varnosti.jpg\",\"contentUrl\":\"https:\/\/www.msds-europe.com\/wp-content\/uploads\/2026\/02\/Kompas-k-kemijski-varnosti.jpg\"},{\"@type\":\"BreadcrumbList\",\"@id\":\"https:\/\/www.msds-europe.com\/sl\/baza-znanja-varnostnih-listov\/#breadcrumb\",\"itemListElement\":[{\"@type\":\"ListItem\",\"position\":1,\"name\":\"F\u0151oldal\",\"item\":\"https:\/\/www.msds-europe.com\/sl\/\"},{\"@type\":\"ListItem\",\"position\":2,\"name\":\"Uporaben material in smernice za varnostne liste\"}]},{\"@type\":\"WebSite\",\"@id\":\"https:\/\/www.msds-europe.com\/es\/#website\",\"url\":\"https:\/\/www.msds-europe.com\/es\/\",\"name\":\"MSDS Europe\",\"description\":\"\",\"publisher\":{\"@id\":\"https:\/\/www.msds-europe.com\/es\/#organization\"},\"potentialAction\":[{\"@type\":\"SearchAction\",\"target\":{\"@type\":\"EntryPoint\",\"urlTemplate\":\"https:\/\/www.msds-europe.com\/es\/?s={search_term_string}\"},\"query-input\":{\"@type\":\"PropertyValueSpecification\",\"valueRequired\":true,\"valueName\":\"search_term_string\"}}],\"inLanguage\":\"sl-SI\"},{\"@type\":\"Organization\",\"@id\":\"https:\/\/www.msds-europe.com\/es\/#organization\",\"name\":\"MSDS-Europe International branch of ToxInfo\",\"url\":\"https:\/\/www.msds-europe.com\/es\/\",\"logo\":{\"@type\":\"ImageObject\",\"inLanguage\":\"sl-SI\",\"@id\":\"https:\/\/www.msds-europe.com\/es\/#\/schema\/logo\/image\/\",\"url\":\"https:\/\/www.msds-europe.com\/wp-content\/uploads\/2021\/04\/msds-europe-logo.jpg\",\"contentUrl\":\"https:\/\/www.msds-europe.com\/wp-content\/uploads\/2021\/04\/msds-europe-logo.jpg\",\"width\":2296,\"height\":1067,\"caption\":\"MSDS-Europe International branch of ToxInfo\"},\"image\":{\"@id\":\"https:\/\/www.msds-europe.com\/es\/#\/schema\/logo\/image\/\"},\"sameAs\":[\"https:\/\/www.facebook.com\/toxinfokft\/\",\"https:\/\/x.com\/ToxInfoKft\"]}]}<\/script>\n<!-- \/ Yoast SEO plugin. -->","yoast_head_json":{"title":"Varnostni list \u2013 uporabne informacije za varnostne liste","description":"Baza znanja vsebuje koristne \u010dlanke, gradiva in smernice za razlago varnostnih listov ter razumevanje zakonodajnih zahtev.","robots":{"index":"index","follow":"follow","max-snippet":"max-snippet:-1","max-image-preview":"max-image-preview:large","max-video-preview":"max-video-preview:-1"},"canonical":"https:\/\/www.msds-europe.com\/sl\/baza-znanja-varnostnih-listov\/","og_locale":"sl_SI","og_type":"article","og_title":"Varnostni list \u2013 uporabne informacije za varnostne liste","og_description":"Baza znanja vsebuje koristne \u010dlanke, gradiva in smernice za razlago varnostnih listov ter razumevanje zakonodajnih zahtev.","og_url":"https:\/\/www.msds-europe.com\/sl\/baza-znanja-varnostnih-listov\/","og_site_name":"MSDS Europe","article_publisher":"https:\/\/www.facebook.com\/toxinfokft\/","article_modified_time":"2026-03-11T14:23:53+00:00","og_image":[{"width":300,"height":180,"url":"https:\/\/www.msds-europe.com\/wp-content\/uploads\/2026\/02\/Kompas-k-kemijski-varnosti.jpg","type":"image\/jpeg"}],"twitter_card":"summary_large_image","twitter_site":"@ToxInfoKft","twitter_misc":{"Est. reading time":"3 minute"},"schema":{"@context":"https:\/\/schema.org","@graph":[{"@type":"WebPage","@id":"https:\/\/www.msds-europe.com\/sl\/baza-znanja-varnostnih-listov\/","url":"https:\/\/www.msds-europe.com\/sl\/baza-znanja-varnostnih-listov\/","name":"Varnostni list \u2013 uporabne informacije za varnostne liste","isPartOf":{"@id":"https:\/\/www.msds-europe.com\/es\/#website"},"primaryImageOfPage":{"@id":"https:\/\/www.msds-europe.com\/sl\/baza-znanja-varnostnih-listov\/#primaryimage"},"image":{"@id":"https:\/\/www.msds-europe.com\/sl\/baza-znanja-varnostnih-listov\/#primaryimage"},"thumbnailUrl":"https:\/\/www.msds-europe.com\/wp-content\/uploads\/2026\/02\/Kompas-k-kemijski-varnosti.jpg","datePublished":"2018-05-15T11:34:03+00:00","dateModified":"2026-03-11T14:23:53+00:00","description":"Baza znanja vsebuje koristne \u010dlanke, gradiva in smernice za razlago varnostnih listov ter razumevanje zakonodajnih zahtev.","breadcrumb":{"@id":"https:\/\/www.msds-europe.com\/sl\/baza-znanja-varnostnih-listov\/#breadcrumb"},"inLanguage":"sl-SI","potentialAction":[{"@type":"ReadAction","target":["https:\/\/www.msds-europe.com\/sl\/baza-znanja-varnostnih-listov\/"]}]},{"@type":"ImageObject","inLanguage":"sl-SI","@id":"https:\/\/www.msds-europe.com\/sl\/baza-znanja-varnostnih-listov\/#primaryimage","url":"https:\/\/www.msds-europe.com\/wp-content\/uploads\/2026\/02\/Kompas-k-kemijski-varnosti.jpg","contentUrl":"https:\/\/www.msds-europe.com\/wp-content\/uploads\/2026\/02\/Kompas-k-kemijski-varnosti.jpg"},{"@type":"BreadcrumbList","@id":"https:\/\/www.msds-europe.com\/sl\/baza-znanja-varnostnih-listov\/#breadcrumb","itemListElement":[{"@type":"ListItem","position":1,"name":"F\u0151oldal","item":"https:\/\/www.msds-europe.com\/sl\/"},{"@type":"ListItem","position":2,"name":"Uporaben material in smernice za varnostne liste"}]},{"@type":"WebSite","@id":"https:\/\/www.msds-europe.com\/es\/#website","url":"https:\/\/www.msds-europe.com\/es\/","name":"MSDS Europe","description":"","publisher":{"@id":"https:\/\/www.msds-europe.com\/es\/#organization"},"potentialAction":[{"@type":"SearchAction","target":{"@type":"EntryPoint","urlTemplate":"https:\/\/www.msds-europe.com\/es\/?s={search_term_string}"},"query-input":{"@type":"PropertyValueSpecification","valueRequired":true,"valueName":"search_term_string"}}],"inLanguage":"sl-SI"},{"@type":"Organization","@id":"https:\/\/www.msds-europe.com\/es\/#organization","name":"MSDS-Europe International branch of ToxInfo","url":"https:\/\/www.msds-europe.com\/es\/","logo":{"@type":"ImageObject","inLanguage":"sl-SI","@id":"https:\/\/www.msds-europe.com\/es\/#\/schema\/logo\/image\/","url":"https:\/\/www.msds-europe.com\/wp-content\/uploads\/2021\/04\/msds-europe-logo.jpg","contentUrl":"https:\/\/www.msds-europe.com\/wp-content\/uploads\/2021\/04\/msds-europe-logo.jpg","width":2296,"height":1067,"caption":"MSDS-Europe International branch of ToxInfo"},"image":{"@id":"https:\/\/www.msds-europe.com\/es\/#\/schema\/logo\/image\/"},"sameAs":["https:\/\/www.facebook.com\/toxinfokft\/","https:\/\/x.com\/ToxInfoKft"]}]}},"_links":{"self":[{"href":"https:\/\/www.msds-europe.com\/sl\/wp-json\/wp\/v2\/pages\/3826","targetHints":{"allow":["GET"]}}],"collection":[{"href":"https:\/\/www.msds-europe.com\/sl\/wp-json\/wp\/v2\/pages"}],"about":[{"href":"https:\/\/www.msds-europe.com\/sl\/wp-json\/wp\/v2\/types\/page"}],"author":[{"embeddable":true,"href":"https:\/\/www.msds-europe.com\/sl\/wp-json\/wp\/v2\/users\/2"}],"replies":[{"embeddable":true,"href":"https:\/\/www.msds-europe.com\/sl\/wp-json\/wp\/v2\/comments?post=3826"}],"version-history":[{"count":23,"href":"https:\/\/www.msds-europe.com\/sl\/wp-json\/wp\/v2\/pages\/3826\/revisions"}],"predecessor-version":[{"id":38592,"href":"https:\/\/www.msds-europe.com\/sl\/wp-json\/wp\/v2\/pages\/3826\/revisions\/38592"}],"wp:attachment":[{"href":"https:\/\/www.msds-europe.com\/sl\/wp-json\/wp\/v2\/media?parent=3826"}],"wp:term":[{"taxonomy":"post_tag","embeddable":true,"href":"https:\/\/www.msds-europe.com\/sl\/wp-json\/wp\/v2\/tags?post=3826"}],"curies":[{"name":"wp","href":"https:\/\/api.w.org\/{rel}","templated":true}]}}