{"id":34858,"date":"2025-09-03T12:21:15","date_gmt":"2025-09-03T12:21:15","guid":{"rendered":"https:\/\/www.msds-europe.com\/?page_id=34858"},"modified":"2026-02-23T09:47:05","modified_gmt":"2026-02-23T09:47:05","slug":"umetna-inteligenca-v-kemicni-varnosti-sds-clp-reach","status":"publish","type":"page","link":"https:\/\/www.msds-europe.com\/sl\/umetna-inteligenca-v-kemicni-varnosti-sds-clp-reach\/","title":{"rendered":"Uporabnost umetne inteligence v kemi\u010dni varnosti"},"content":{"rendered":"<p style=\"text-align: right;\"><em><a href=\"https:\/\/www.msds-europe.com\/\">MSDS-Europe<\/a> \u2013 <a href=\"https:\/\/www.msds-europe.com\/sk\/kompas-k-chemickej-bezpecnosti\/\">Kompas chemickej bezpe\u010dnosti<\/a> \u2013 Uplatnenie umelej inteligencie v chemickej bezpe\u010dnosti<\/em><\/p>\n<p style=\"text-align: justify;\">Umel\u00e1 inteligencia (UI) sa objavila aj v chemickom priemysle. V oblasti <a href=\"https:\/\/www.msds-europe.com\/sk\/kompas-k-chemickej-bezpecnosti\/\">chemickej bezpe\u010dnosti<\/a> sa preto objavila potreba efekt\u00edvnej\u0161ieho spracovania \u00fadajov a automatiz\u00e1cie rutinn\u00fdch \u00faloh.<\/p>\n<p>&nbsp;<\/p>\n<h3 style=\"text-align: justify;\"><strong>Pr\u00edprava bezpe\u010dnostn\u00fdch listov (SDS) pomocou UI<\/strong><\/h3>\n<p style=\"text-align: justify;\"><a href=\"https:\/\/www.msds-europe.com\/sk\/zostavenie-a-vytvorenie-karty-bezpecnostnych-udajov\/\">Pr\u00edprava bezpe\u010dnostn\u00fdch listov<\/a> bola tradi\u010dne manu\u00e1lnym, \u010dasovo aj pracovne n\u00e1ro\u010dn\u00fdm procesom. <strong>UI v oblasti chemickej bezpe\u010dnosti<\/strong> umo\u017e\u0148uje tento proces v\u00fdrazne ur\u00fdchli\u0165.<\/p>\n<p style=\"text-align: justify;\">U\u017e existuj\u00fa softv\u00e9rov\u00e9 rie\u0161enia zalo\u017een\u00e9 na UI, ktor\u00e9 dok\u00e1\u017eu automaticky generova\u0165 SDS s vyu\u017eit\u00edm existuj\u00facich chemick\u00fdch datab\u00e1z a legislat\u00edvnych po\u017eiadaviek. To v\u00fdrazne zni\u017euje \u010das a potrebu \u013eudsk\u00fdch zdrojov na ich spracovanie.<\/p>\n<p style=\"text-align: justify;\">Syst\u00e9my zalo\u017een\u00e9 na UI pri generovan\u00ed <a href=\"https:\/\/www.msds-europe.com\/sk\/definicia-karty-bezpecnostnych-udajov\/\">bezpe\u010dnostn\u00fdch listov (SDS)<\/a> zoh\u013ead\u0148uj\u00fa pr\u00edslu\u0161n\u00e9 legislat\u00edvne a normat\u00edvne po\u017eiadavky, tak\u017ee v\u00fdsledn\u00e9 dokumenty s\u00fa v z\u00e1sade v s\u00falade s platn\u00fdmi predpismi.<\/p>\n<p style=\"text-align: justify;\">To m\u00f4\u017ee by\u0165 obzvl\u00e1\u0161\u0165 \u00fa\u010dinn\u00e9 pri novovyvinut\u00fdch zmesiach, kde syst\u00e9m pracuje s najnov\u0161\u00edmi datab\u00e1zami a <a href=\"https:\/\/www.msds-europe.com\/sk\/regulacne-zmeny-v-oblasti-chemickej-bezpecnosti\/\">aktu\u00e1lnymi legislat\u00edvnymi zmenami<\/a>.<\/p>\n<p style=\"text-align: justify;\">Je v\u0161ak d\u00f4le\u017eit\u00e9 zd\u00f4razni\u0165, \u017ee pri existuj\u00facich zmesiach, ktor\u00e9 u\u017e maj\u00fa SDS, samotn\u00e1 umel\u00e1 inteligencia nezaru\u010duje pln\u00fa zhodu.<\/p>\n<p style=\"text-align: justify;\">V tak\u00fdchto pr\u00edpadoch musia by\u0165 bezpe\u010dnostn\u00e9 listy <a href=\"https:\/\/www.msds-europe.com\/sk\/zakaznicke-sluzby\/\">skontrolovan\u00e9 a doplnen\u00e9 odborn\u00edkom<\/a>, aby sa zabezpe\u010dilo, \u017ee zmeny, nedostatky alebo nov\u00e9 legislat\u00edvne po\u017eiadavky bud\u00fa spr\u00e1vne zoh\u013eadnen\u00e9 v aktualizovanej dokument\u00e1cii.<\/p>\n<p>&nbsp;<\/p>\n<h3 style=\"text-align: justify;\"><strong>Aplik\u00e1cie UI v chemickej bezpe\u010dnosti<\/strong><\/h3>\n<p style=\"text-align: justify;\">UI podporuje oblas\u0165 <strong>chemickej bezpe\u010dnosti<\/strong> nielen pri pr\u00edprave SDS:<\/p>\n<ul style=\"text-align: justify;\">\n<li><strong>Klasifik\u00e1cia nebezpe\u010dn\u00fdch zmes\u00ed<\/strong>: UI m\u00f4\u017ee pom\u00f4c\u0165 spr\u00e1vne klasifikova\u0165 zlo\u017eit\u00e9 zmesi do pr\u00edslu\u0161n\u00fdch tried nebezpe\u010dnosti. Na z\u00e1klade \u00fadajov o zlo\u017ek\u00e1ch zmesi je syst\u00e9m schopn\u00fd ur\u010di\u0165, do ak\u00fdch <a href=\"https:\/\/www.msds-europe.com\/sk\/bezpecnostne-upozornenie-p\/\">kateg\u00f3ri\u00ed nebezpe\u010dnosti<\/a> m\u00e1 by\u0165 zmes zaraden\u00e1, a t\u00fdm podpori\u0165 r\u00fdchlu a presn\u00fa klasifik\u00e1ciu pod\u013ea CLP\/GHS.<\/li>\n<li><strong>Predikt\u00edvne toxikologick\u00e9 modely:<\/strong> pomocou modelov zalo\u017een\u00fdch na strojovom u\u010den\u00ed mo\u017eno vopred predpoveda\u0165 mo\u017en\u00e9 zdravotn\u00e9 alebo environment\u00e1lne rizik\u00e1 novej chemickej l\u00e1tky. Algoritmy vytr\u00e9novan\u00e9 na existuj\u00facich toxikologick\u00fdch \u00fadajoch dok\u00e1\u017eu odhadn\u00fa\u0165 potenci\u00e1lne toxick\u00e9 \u00fa\u010dinky novo vyvinutej zl\u00fa\u010deniny. V\u010faka tomu mo\u017eno mo\u017en\u00e9 rizik\u00e1 identifikova\u0165 e\u0161te pred za\u010dat\u00edm laborat\u00f3rnych testov, \u010d\u00edm sa proces hodnotenia riz\u00edk zr\u00fdchli a zefekt\u00edvni.<\/li>\n<\/ul>\n<p>&nbsp;<\/p>\n<h3 style=\"text-align: justify;\"><strong>V\u00fdznam \u013eudskej kontroly<\/strong><\/h3>\n<p style=\"text-align: justify;\">Napriek technologick\u00e9mu pokroku <strong>zost\u00e1va \u013eudsk\u00e1 odbornos\u0165 nenahradite\u013en\u00e1<\/strong>. Aj ke\u010f UI dok\u00e1\u017ee spracova\u0165 obrovsk\u00e9 mno\u017estvo \u00fadajov, automaticky generovan\u00e9 SDS musia by\u0165 v\u017edy skontrolovan\u00e9 sk\u00fasen\u00fdm odborn\u00edkom.<\/p>\n<p style=\"text-align: justify;\">UI m\u00f4\u017ee tie\u017e urobi\u0165 chybu alebo nespr\u00e1vne interpretova\u0165 inform\u00e1cie; kone\u010dn\u00fa zodpovednos\u0165 za presnos\u0165 obsahu a <a href=\"https:\/\/www.msds-europe.com\/sk\/zakladna-vedomosti-reach\/\">legislat\u00edvnu zhodu<\/a> nesie \u010dlovek. Z tohto d\u00f4vodu by bezpe\u010dnostn\u00e9 listy pripraven\u00e9 pomocou UI mali by\u0165 ofici\u00e1lne vydan\u00e9 alebo pou\u017e\u00edvan\u00e9 a\u017e po odbornom pos\u00faden\u00ed.<\/p>\n<p>&nbsp;<\/p>\n<h3 style=\"text-align: justify;\"><strong>\u010co si vybra\u0165?<\/strong><\/h3>\n<p style=\"text-align: justify;\">Pou\u017eitie umelej inteligencie (UI) v oblasti chemickej bezpe\u010dnosti m\u00f4\u017ee prinies\u0165 v\u00fdznamn\u00e9 v\u00fdhody, najm\u00e4 pri \u00faloh\u00e1ch, ktor\u00e9 si vy\u017eaduj\u00fa pr\u00e1cu s ve\u013ek\u00fdmi objemami \u00fadajov alebo zoh\u013eadnenie zlo\u017eit\u00fdch legislat\u00edvnych po\u017eiadaviek.<\/p>\n<p style=\"text-align: justify;\">R\u00fdchlos\u0165 a schopnos\u0165 spracovania \u00fadajov prostredn\u00edctvom UI umo\u017e\u0148uj\u00fa zv\u00fd\u0161i\u0165 efekt\u00edvnos\u0165 pr\u00e1ce, ale na dosiahnutie najlep\u0161\u00edch v\u00fdsledkov je nevyhnutn\u00e9 rozumn\u00e9 pou\u017e\u00edvanie t\u00fdchto syst\u00e9mov a kontrola zo strany \u013eudsk\u00fdch expertov.<\/p>\n<p style=\"text-align: justify;\">Na\u0161a spolo\u010dnos\u0165 neust\u00e1le sk\u00fama a vyv\u00edja mo\u017en\u00e9 aplik\u00e1cie umelej inteligencie v r\u00e1mci na\u0161ich inova\u010dn\u00fdch projektov. Sme presved\u010den\u00ed, \u017ee UI m\u00e1 ve\u013ek\u00fd potenci\u00e1l v oblasti chemickej bezpe\u010dnosti, av\u0161ak s\u00fa\u010dasn\u00e1 \u00farove\u0148 technol\u00f3gi\u00ed zatia\u013e neumo\u017e\u0148uje \u00faplne nahradi\u0165 \u013eudsk\u00fa odbornos\u0165.<\/p>\n<p style=\"text-align: justify;\">Preto pozorne sledujeme v\u00fdvoj UI, aby sme mohli v bud\u00facnosti \u00fa\u010dinne a spo\u013eahlivo integrova\u0165 najpokro\u010dilej\u0161ie rie\u0161enia do na\u0161ich slu\u017eieb chemickej bezpe\u010dnosti.<\/p>\n<p>&nbsp;<\/p>\n<h3>M\u00e1te \u010fal\u0161ie ot\u00e1zky?<\/h3>\n<p>Kontaktujte <a href=\"https:\/\/www.msds-europe.com\/sk\/zakaznicke-sluzby\/\">na\u0161u z\u00e1kazn\u00edcku podporu<\/a> alebo sa obr\u00e1\u0165te na n\u00e1\u0161ho odborn\u00edka <a href=\"https:\/\/www.msds-europe.com\/sk\/online-konzultacie\/\">online<\/a>.<\/p>\n<a href=\"https:\/\/www.msds-europe.com\/sk\/zakaznicke-sluzby\/\" class=\"su-button su-button-style-default\" style=\"color:#ef552d;background-color:#fefefe;border-color:#cccccc;border-radius:6px\" target=\"_self\"><span style=\"color:#ef552d;padding:0px 18px;font-size:14px;line-height:28px;border-color:#ffffff;border-radius:6px;text-shadow:none\"> Z\u00e1kazn\u00edcka podpora<\/span><\/a>\n<a href=\"https:\/\/www.msds-europe.com\/sk\/online-konzultacie\/\" class=\"su-button su-button-style-default\" style=\"color:#ffffff;background-color:#ef552d;border-color:#c04424;border-radius:6px\" target=\"_self\"><span style=\"color:#ffffff;padding:0px 18px;font-size:14px;line-height:28px;border-color:#f4886c;border-radius:6px;text-shadow:0px 0px 2px #ffffff\"> Op\u00fdtajte sa n\u00e1\u0161ho experta<\/span><\/a>\n<p>&nbsp;<\/p>\n<p><strong>Na\u0161e slu\u017eby:<\/strong><\/p>\n<ul>\n<li><a href=\"https:\/\/www.msds-europe.com\/sk\/preklad-karty-bezpecnostnych-udajov\/\">Preklady bezpe\u010dnostn\u00fdch listov<\/a><\/li>\n<li><a href=\"https:\/\/www.msds-europe.com\/sk\/zostavenie-a-vytvorenie-karty-bezpecnostnych-udajov\/\">Vypracovanie a pr\u00edprava SDS<\/a><\/li>\n<li>Pr\u00edprava <a href=\"https:\/\/www.msds-europe.com\/sk\/vytvorenie-navrhu-oznacenia\/\">n\u00e1vrhov etikiet CLP<\/a><\/li>\n<li><a href=\"https:\/\/www.msds-europe.com\/sk\/ufi-sluzby\/\">Ozn\u00e1menia PCN pre nebezpe\u010dn\u00e9 zmesi<\/a><\/li>\n<\/ul>\n<p>&nbsp;<\/p>\n<p><strong>U\u017eito\u010dn\u00e9 \u010dl\u00e1nky:<\/strong><\/p>\n<ul>\n<li><a href=\"https:\/\/www.msds-europe.com\/sk\/kompas-k-chemickej-bezpecnosti\/\">Kompas chemickej bezpe\u010dnosti<\/a><\/li>\n<li><a href=\"https:\/\/www.msds-europe.com\/sk\/najcastejsie-otazky-a-odpovede-chemicka-bezpecnost\/\">FAQ \u2013 \u010casto kladen\u00e9 ot\u00e1zky<\/a><\/li>\n<li><a href=\"https:\/\/www.msds-europe.com\/sk\/regulacne-zmeny-v-oblasti-chemickej-bezpecnosti\/\">Sledovanie legislat\u00edvnych zmien<\/a><\/li>\n<\/ul>\n<p>&nbsp;<\/p>\n<h4 style=\"text-align: justify;\"><span style=\"color: #333333;\">\u010casto kladen\u00e9 ot\u00e1zky<\/span><\/h4>\n<p style=\"text-align: justify;\"><div class=\"su-spoiler su-spoiler-style-fancy su-spoiler-icon-chevron su-spoiler-closed\" data-scroll-offset=\"0\" data-anchor-in-url=\"no\"><div class=\"su-spoiler-title\" tabindex=\"0\" role=\"button\"><span class=\"su-spoiler-icon\"><\/span>Ako UI ur\u00fdch\u013euje pr\u00edpravu bezpe\u010dnostn\u00fdch listov (SDS)?<\/div><div class=\"su-spoiler-content su-u-clearfix su-u-trim\">\n<p style=\"text-align: justify;\">Softv\u00e9r zalo\u017een\u00fd na UI vyu\u017e\u00edva existuj\u00face datab\u00e1zy chemick\u00fdch l\u00e1tok a legislat\u00edvne po\u017eiadavky na automatick\u00e9 generovanie SDS, \u010d\u00edm v\u00fdrazne skracuje \u010das a zni\u017euje n\u00e1ro\u010dnos\u0165 pr\u00e1ce v porovnan\u00ed s tradi\u010dnou manu\u00e1lnou pr\u00edpravou.<\/p>\n<p style=\"text-align: justify;\"><\/div><\/div>\n<p style=\"text-align: justify;\"><div class=\"su-spoiler su-spoiler-style-fancy su-spoiler-icon-chevron su-spoiler-closed\" data-scroll-offset=\"0\" data-anchor-in-url=\"no\"><div class=\"su-spoiler-title\" tabindex=\"0\" role=\"button\"><span class=\"su-spoiler-icon\"><\/span>Kedy je \u013eudsk\u00fd expert st\u00e1le nevyhnutn\u00fd?<\/div><div class=\"su-spoiler-content su-u-clearfix su-u-trim\">\n<p style=\"text-align: justify;\">Automaticky generovan\u00e9 SDS musia by\u0165 v\u017edy skontrolovan\u00e9 \u013eudsk\u00fdm \u0161pecialistom, aby sa zabezpe\u010dila spr\u00e1vnos\u0165 obsahu a trval\u00e1 zhoda s neust\u00e1le sa meniacou legislat\u00edvou.<\/p>\n<p style=\"text-align: justify;\"><\/div><\/div>\n<p style=\"text-align: justify;\"><div class=\"su-spoiler su-spoiler-style-fancy su-spoiler-icon-chevron su-spoiler-closed\" data-scroll-offset=\"0\" data-anchor-in-url=\"no\"><div class=\"su-spoiler-title\" tabindex=\"0\" role=\"button\"><span class=\"su-spoiler-icon\"><\/span>Ako UI pom\u00e1ha pri klasifik\u00e1cii nebezpe\u010dn\u00fdch zmes\u00ed?<\/div><div class=\"su-spoiler-content su-u-clearfix su-u-trim\">\n<p style=\"text-align: justify;\">Na z\u00e1klade \u00fadajov o zlo\u017ek\u00e1ch zmesi syst\u00e9m r\u00fdchlo prirad\u00ed spr\u00e1vne triedy a kateg\u00f3rie nebezpe\u010dnosti pod\u013ea CLP\/GHS, \u010do podporuje presn\u00fa a konzistentn\u00fa klasifik\u00e1ciu.<\/p>\n<p style=\"text-align: justify;\"><\/div><\/div>\n<p style=\"text-align: justify;\"><div class=\"su-spoiler su-spoiler-style-fancy su-spoiler-icon-chevron su-spoiler-closed\" data-scroll-offset=\"0\" data-anchor-in-url=\"no\"><div class=\"su-spoiler-title\" tabindex=\"0\" role=\"button\"><span class=\"su-spoiler-icon\"><\/span>Ako UI podporuje sledovanie legislat\u00edvy?<\/div><div class=\"su-spoiler-content su-u-clearfix su-u-trim\">\n<p style=\"text-align: justify;\">Niektor\u00e9 platformy UI analyzuj\u00fa legislat\u00edvne zmeny v re\u00e1lnom \u010dase a okam\u017eite upozornia, ke\u010f nov\u00e9 predpisy vy\u017eaduj\u00fa \u00fapravy SDS alebo etikiet, \u010d\u00edm umo\u017e\u0148uj\u00fa proakt\u00edvny pr\u00edstup k zhode.<\/p>\n<p style=\"text-align: justify;\"><\/div><\/div>\n<p>&nbsp;<\/p>\n","protected":false},"excerpt":{"rendered":"<p>MSDS-Europe \u2013 Kompas chemickej bezpe\u010dnosti \u2013 Uplatnenie umelej inteligencie v chemickej bezpe\u010dnosti Umel\u00e1 inteligencia (UI) sa objavila aj v chemickom priemysle. V oblasti chemickej bezpe\u010dnosti sa preto objavila potreba efekt\u00edvnej\u0161ieho spracovania \u00fadajov a automatiz\u00e1cie rutinn\u00fdch \u00faloh. &nbsp; Pr\u00edprava bezpe\u010dnostn\u00fdch listov (SDS) pomocou UI Pr\u00edprava bezpe\u010dnostn\u00fdch listov bola tradi\u010dne manu\u00e1lnym, \u010dasovo&#8230;<\/p>\n","protected":false},"author":2,"featured_media":0,"parent":0,"menu_order":0,"comment_status":"closed","ping_status":"closed","template":"","meta":{"_acf_changed":false,"footnotes":""},"tags":[],"class_list":["post-34858","page","type-page","status-publish","hentry"],"acf":[],"yoast_head":"<!-- This site is optimized with the Yoast SEO plugin v27.2 - https:\/\/yoast.com\/product\/yoast-seo-wordpress\/ -->\n<title>Uporabnost umetne inteligence v kemi\u010dni varnosti<\/title>\n<meta name=\"description\" content=\"Odkrijte, kako umetna inteligenca izbolj\u0161uje kemi\u010dno varnost z avtomatizacijo SDS, klasifikacijo nevarnosti in skladnostjo s predpisi.\" \/>\n<meta name=\"robots\" content=\"index, follow, max-snippet:-1, max-image-preview:large, max-video-preview:-1\" \/>\n<link rel=\"canonical\" href=\"https:\/\/www.msds-europe.com\/sl\/umetna-inteligenca-v-kemicni-varnosti-sds-clp-reach\/\" \/>\n<meta property=\"og:locale\" content=\"sl_SI\" \/>\n<meta property=\"og:type\" content=\"article\" \/>\n<meta property=\"og:title\" content=\"Uporabnost umetne inteligence v kemi\u010dni varnosti\" \/>\n<meta property=\"og:description\" content=\"Odkrijte, kako umetna inteligenca izbolj\u0161uje kemi\u010dno varnost z avtomatizacijo SDS, klasifikacijo nevarnosti in skladnostjo s predpisi.\" \/>\n<meta property=\"og:url\" content=\"https:\/\/www.msds-europe.com\/sl\/umetna-inteligenca-v-kemicni-varnosti-sds-clp-reach\/\" \/>\n<meta property=\"og:site_name\" content=\"MSDS Europe\" \/>\n<meta property=\"article:publisher\" content=\"https:\/\/www.facebook.com\/toxinfokft\/\" \/>\n<meta property=\"article:modified_time\" content=\"2026-02-23T09:47:05+00:00\" \/>\n<meta name=\"twitter:card\" content=\"summary_large_image\" \/>\n<meta name=\"twitter:site\" content=\"@ToxInfoKft\" \/>\n<meta name=\"twitter:label1\" content=\"Est. reading time\" \/>\n\t<meta name=\"twitter:data1\" content=\"3 minute\" \/>\n<script type=\"application\/ld+json\" class=\"yoast-schema-graph\">{\"@context\":\"https:\/\/schema.org\",\"@graph\":[{\"@type\":\"WebPage\",\"@id\":\"https:\/\/www.msds-europe.com\/sl\/umetna-inteligenca-v-kemicni-varnosti-sds-clp-reach\/\",\"url\":\"https:\/\/www.msds-europe.com\/sl\/umetna-inteligenca-v-kemicni-varnosti-sds-clp-reach\/\",\"name\":\"Uporabnost umetne inteligence v kemi\u010dni varnosti\",\"isPartOf\":{\"@id\":\"https:\/\/www.msds-europe.com\/es\/#website\"},\"datePublished\":\"2025-09-03T12:21:15+00:00\",\"dateModified\":\"2026-02-23T09:47:05+00:00\",\"description\":\"Odkrijte, kako umetna inteligenca izbolj\u0161uje kemi\u010dno varnost z avtomatizacijo SDS, klasifikacijo nevarnosti in skladnostjo s predpisi.\",\"breadcrumb\":{\"@id\":\"https:\/\/www.msds-europe.com\/sl\/umetna-inteligenca-v-kemicni-varnosti-sds-clp-reach\/#breadcrumb\"},\"inLanguage\":\"sl-SI\",\"potentialAction\":[{\"@type\":\"ReadAction\",\"target\":[\"https:\/\/www.msds-europe.com\/sl\/umetna-inteligenca-v-kemicni-varnosti-sds-clp-reach\/\"]}]},{\"@type\":\"BreadcrumbList\",\"@id\":\"https:\/\/www.msds-europe.com\/sl\/umetna-inteligenca-v-kemicni-varnosti-sds-clp-reach\/#breadcrumb\",\"itemListElement\":[{\"@type\":\"ListItem\",\"position\":1,\"name\":\"F\u0151oldal\",\"item\":\"https:\/\/www.msds-europe.com\/sl\/\"},{\"@type\":\"ListItem\",\"position\":2,\"name\":\"Uporabnost umetne inteligence v kemi\u010dni varnosti\"}]},{\"@type\":\"WebSite\",\"@id\":\"https:\/\/www.msds-europe.com\/es\/#website\",\"url\":\"https:\/\/www.msds-europe.com\/es\/\",\"name\":\"MSDS Europe\",\"description\":\"\",\"publisher\":{\"@id\":\"https:\/\/www.msds-europe.com\/es\/#organization\"},\"potentialAction\":[{\"@type\":\"SearchAction\",\"target\":{\"@type\":\"EntryPoint\",\"urlTemplate\":\"https:\/\/www.msds-europe.com\/es\/?s={search_term_string}\"},\"query-input\":{\"@type\":\"PropertyValueSpecification\",\"valueRequired\":true,\"valueName\":\"search_term_string\"}}],\"inLanguage\":\"sl-SI\"},{\"@type\":\"Organization\",\"@id\":\"https:\/\/www.msds-europe.com\/es\/#organization\",\"name\":\"MSDS-Europe International branch of ToxInfo\",\"url\":\"https:\/\/www.msds-europe.com\/es\/\",\"logo\":{\"@type\":\"ImageObject\",\"inLanguage\":\"sl-SI\",\"@id\":\"https:\/\/www.msds-europe.com\/es\/#\/schema\/logo\/image\/\",\"url\":\"https:\/\/www.msds-europe.com\/wp-content\/uploads\/2021\/04\/msds-europe-logo.jpg\",\"contentUrl\":\"https:\/\/www.msds-europe.com\/wp-content\/uploads\/2021\/04\/msds-europe-logo.jpg\",\"width\":2296,\"height\":1067,\"caption\":\"MSDS-Europe International branch of ToxInfo\"},\"image\":{\"@id\":\"https:\/\/www.msds-europe.com\/es\/#\/schema\/logo\/image\/\"},\"sameAs\":[\"https:\/\/www.facebook.com\/toxinfokft\/\",\"https:\/\/x.com\/ToxInfoKft\"]}]}<\/script>\n<!-- \/ Yoast SEO plugin. -->","yoast_head_json":{"title":"Uporabnost umetne inteligence v kemi\u010dni varnosti","description":"Odkrijte, kako umetna inteligenca izbolj\u0161uje kemi\u010dno varnost z avtomatizacijo SDS, klasifikacijo nevarnosti in skladnostjo s predpisi.","robots":{"index":"index","follow":"follow","max-snippet":"max-snippet:-1","max-image-preview":"max-image-preview:large","max-video-preview":"max-video-preview:-1"},"canonical":"https:\/\/www.msds-europe.com\/sl\/umetna-inteligenca-v-kemicni-varnosti-sds-clp-reach\/","og_locale":"sl_SI","og_type":"article","og_title":"Uporabnost umetne inteligence v kemi\u010dni varnosti","og_description":"Odkrijte, kako umetna inteligenca izbolj\u0161uje kemi\u010dno varnost z avtomatizacijo SDS, klasifikacijo nevarnosti in skladnostjo s predpisi.","og_url":"https:\/\/www.msds-europe.com\/sl\/umetna-inteligenca-v-kemicni-varnosti-sds-clp-reach\/","og_site_name":"MSDS Europe","article_publisher":"https:\/\/www.facebook.com\/toxinfokft\/","article_modified_time":"2026-02-23T09:47:05+00:00","twitter_card":"summary_large_image","twitter_site":"@ToxInfoKft","twitter_misc":{"Est. reading time":"3 minute"},"schema":{"@context":"https:\/\/schema.org","@graph":[{"@type":"WebPage","@id":"https:\/\/www.msds-europe.com\/sl\/umetna-inteligenca-v-kemicni-varnosti-sds-clp-reach\/","url":"https:\/\/www.msds-europe.com\/sl\/umetna-inteligenca-v-kemicni-varnosti-sds-clp-reach\/","name":"Uporabnost umetne inteligence v kemi\u010dni varnosti","isPartOf":{"@id":"https:\/\/www.msds-europe.com\/es\/#website"},"datePublished":"2025-09-03T12:21:15+00:00","dateModified":"2026-02-23T09:47:05+00:00","description":"Odkrijte, kako umetna inteligenca izbolj\u0161uje kemi\u010dno varnost z avtomatizacijo SDS, klasifikacijo nevarnosti in skladnostjo s predpisi.","breadcrumb":{"@id":"https:\/\/www.msds-europe.com\/sl\/umetna-inteligenca-v-kemicni-varnosti-sds-clp-reach\/#breadcrumb"},"inLanguage":"sl-SI","potentialAction":[{"@type":"ReadAction","target":["https:\/\/www.msds-europe.com\/sl\/umetna-inteligenca-v-kemicni-varnosti-sds-clp-reach\/"]}]},{"@type":"BreadcrumbList","@id":"https:\/\/www.msds-europe.com\/sl\/umetna-inteligenca-v-kemicni-varnosti-sds-clp-reach\/#breadcrumb","itemListElement":[{"@type":"ListItem","position":1,"name":"F\u0151oldal","item":"https:\/\/www.msds-europe.com\/sl\/"},{"@type":"ListItem","position":2,"name":"Uporabnost umetne inteligence v kemi\u010dni varnosti"}]},{"@type":"WebSite","@id":"https:\/\/www.msds-europe.com\/es\/#website","url":"https:\/\/www.msds-europe.com\/es\/","name":"MSDS Europe","description":"","publisher":{"@id":"https:\/\/www.msds-europe.com\/es\/#organization"},"potentialAction":[{"@type":"SearchAction","target":{"@type":"EntryPoint","urlTemplate":"https:\/\/www.msds-europe.com\/es\/?s={search_term_string}"},"query-input":{"@type":"PropertyValueSpecification","valueRequired":true,"valueName":"search_term_string"}}],"inLanguage":"sl-SI"},{"@type":"Organization","@id":"https:\/\/www.msds-europe.com\/es\/#organization","name":"MSDS-Europe International branch of ToxInfo","url":"https:\/\/www.msds-europe.com\/es\/","logo":{"@type":"ImageObject","inLanguage":"sl-SI","@id":"https:\/\/www.msds-europe.com\/es\/#\/schema\/logo\/image\/","url":"https:\/\/www.msds-europe.com\/wp-content\/uploads\/2021\/04\/msds-europe-logo.jpg","contentUrl":"https:\/\/www.msds-europe.com\/wp-content\/uploads\/2021\/04\/msds-europe-logo.jpg","width":2296,"height":1067,"caption":"MSDS-Europe International branch of ToxInfo"},"image":{"@id":"https:\/\/www.msds-europe.com\/es\/#\/schema\/logo\/image\/"},"sameAs":["https:\/\/www.facebook.com\/toxinfokft\/","https:\/\/x.com\/ToxInfoKft"]}]}},"_links":{"self":[{"href":"https:\/\/www.msds-europe.com\/sl\/wp-json\/wp\/v2\/pages\/34858","targetHints":{"allow":["GET"]}}],"collection":[{"href":"https:\/\/www.msds-europe.com\/sl\/wp-json\/wp\/v2\/pages"}],"about":[{"href":"https:\/\/www.msds-europe.com\/sl\/wp-json\/wp\/v2\/types\/page"}],"author":[{"embeddable":true,"href":"https:\/\/www.msds-europe.com\/sl\/wp-json\/wp\/v2\/users\/2"}],"replies":[{"embeddable":true,"href":"https:\/\/www.msds-europe.com\/sl\/wp-json\/wp\/v2\/comments?post=34858"}],"version-history":[{"count":5,"href":"https:\/\/www.msds-europe.com\/sl\/wp-json\/wp\/v2\/pages\/34858\/revisions"}],"predecessor-version":[{"id":37471,"href":"https:\/\/www.msds-europe.com\/sl\/wp-json\/wp\/v2\/pages\/34858\/revisions\/37471"}],"wp:attachment":[{"href":"https:\/\/www.msds-europe.com\/sl\/wp-json\/wp\/v2\/media?parent=34858"}],"wp:term":[{"taxonomy":"post_tag","embeddable":true,"href":"https:\/\/www.msds-europe.com\/sl\/wp-json\/wp\/v2\/tags?post=34858"}],"curies":[{"name":"wp","href":"https:\/\/api.w.org\/{rel}","templated":true}]}}