{"id":34678,"date":"2025-09-02T13:40:04","date_gmt":"2025-09-02T13:40:04","guid":{"rendered":"https:\/\/www.msds-europe.com\/?page_id=34678"},"modified":"2026-02-24T11:01:29","modified_gmt":"2026-02-24T11:01:29","slug":"brexit-kemijska-varnost","status":"publish","type":"page","link":"https:\/\/www.msds-europe.com\/sl\/brexit-kemijska-varnost\/","title":{"rendered":"Vpliv Brexita na kemijsko varnost"},"content":{"rendered":"<p style=\"text-align: right;\"><em><a href=\"https:\/\/www.msds-europe.com\/sl\/\">MSDS-Europe<\/a> \u2013 <a href=\"https:\/\/www.msds-europe.com\/compass-to-chemical-safety\/\">Kompas za kemijsko varnost<\/a> \u2013 Vpliv brexita na kemijsko varnost<\/em><\/p>\n<p style=\"text-align: justify;\"><strong>Zdru\u017eeno kraljestvo je doslej, tako kot druge dr\u017eave \u010dlanice EGP, uporabljalo zakonodajo EU na podro\u010dju kemijske varnosti. Vendar je Zdru\u017eeno kraljestvo po brexitu in po izteku prehodnega obdobja (31. december 2020) postalo neodvisno od standardov kemijske varnosti Evropske unije.<\/strong><\/p>\n<p style=\"text-align: justify;\"><strong>Kak\u0161ne spremembe to pomeni na podro\u010dju kemijske varnosti za kemikalije, uvo\u017eene ali izvo\u017eene iz\/v dr\u017eave EGP?<\/strong><\/p>\n<p>&nbsp;<\/p>\n<h2 style=\"text-align: justify;\">Vpliv brexita na trgovino<\/h2>\n<p style=\"text-align: justify;\">Zdru\u017eeno kraljestvo je izstopilo iz EU 31. januarja 2020. Sledilo je prehodno obdobje, ki se je kon\u010dalo 31. decembra 2020. Novi sistem je zato za\u010del veljati 1. januarja 2021. To pomeni, da je trgovanje z Zdru\u017eenim kraljestvom postalo bolj zapleteno, saj ne poteka ve\u010d v okviru notranjega trga EU.<\/p>\n<p style=\"text-align: justify;\">Med drugim se v dr\u017eavi ne uporablja ve\u010d usklajeni sistem DDV EU, spremenil se je carinski sistem, na splo\u0161no pa se je pove\u010dalo administrativno breme.<\/p>\n<p style=\"text-align: justify;\">\u010ce je torej podjetje ustanovljeno v Zdru\u017eenem kraljestvu ali v EGP, vendar deluje kot dobavitelj\/uporabnik\/distributer v Zdru\u017eenem kraljestvu, se mora pripraviti na naslednje spremembe.<\/p>\n<p>&nbsp;<\/p>\n<h2 style=\"text-align: justify;\">Kako se pripraviti na spremembe<\/h2>\n<p style=\"text-align: justify;\">Najprej morate opredeliti vlogo podjetja v novem sistemu in njegov odnos do trgov Zdru\u017eenega kraljestva in EGP. Zdru\u017eeno kraljestvo je za \u010dlanice EU postalo tretja dr\u017eava. Zato uporabniki in distributerji s sede\u017eem v Zdru\u017eenem kraljestvu, ki pridobivajo kemikalije\/zmesi iz EGP, postajajo uvozniki, ta vloga pa je povsem druga\u010dna od statusa \u00bbdistributer\u00ab po uredbi REACH.<\/p>\n<p style=\"text-align: justify;\">Navodila za opredelitev vlog \u2013 ki so bistvena za osnovno razumevanje in opredelitev zahtev REACH \u2013 najdete na <a href=\"https:\/\/echa.europa.eu\/hu\/uk-withdrawal-from-the-eu\">spletnem mestu ECHA<\/a> ali v na\u0161em \u010dlanku \u201e<a href=\"https:\/\/www.msds-europe.com\/reach-obligations-manufacturers-importers\/\">Obveznosti proizvajalcev in uvoznikov po uredbi REACH<\/a>\u201c.<\/p>\n<p style=\"text-align: justify;\">Vloga uvoznika\/izvoznika zahteva, da dobavitelj kemikalije ustrezno pregleda svoj <a href=\"https:\/\/www.msds-europe.com\/sl\/izdelava-sestava-varnostnega-lista\/\">varnostni list<\/a> in ozna\u010devanje.<\/p>\n<p style=\"text-align: justify;\">Uredbe CLP, BPR in PIC so bile v Zdru\u017eenem kraljestvu nadome\u0161\u010dene z nacionalno zakonodajo. Posledi\u010dno to zahteva stalno spremljanje zakonodaje EU in UK ter izvajanje sprememb, ki izhajajo iz razlik.<\/p>\n<p style=\"text-align: justify;\">Vendar se na takoj\u0161nje radikalne spremembe ni bilo treba pripravljati, saj je Zdru\u017eeno kraljestvo prevzelo ve\u010dino zakonodaje z manj\u0161imi prilagoditvami, da lahko u\u010dinkovito deluje v nacionalnem okviru. Na primer, uredbo CLP nadome\u0161\u010da uredba GB CLP, uredbo EU REACH pa uredba UK REACH.<\/p>\n<p style=\"text-align: justify;\">Oglejmo si zdaj spremembe, ki jih lahko pri\u010dakujemo pri najpomembnej\u0161ih predpisih o kemijski varnosti.<\/p>\n<p>&nbsp;<\/p>\n<h2 style=\"text-align: justify;\">Spremembe osnovnih zahtev kemijske varnosti<\/h2>\n<h3 style=\"text-align: justify;\"><span style=\"color: #333333;\">UK REACH<\/span><\/h3>\n<p style=\"text-align: justify;\">V primeru uredbe UK REACH se ohranjajo glavna na\u010dela (brez podatkov \u2013 brez trga; zmanj\u0161anje testiranja na \u017eivalih; dostop do informacij za delavce; previdnostno na\u010delo itd.). Uredbi UK REACH in EU REACH pa delujeta neodvisno.<\/p>\n<p style=\"text-align: justify;\">\u010ce podjetje dobavlja ali kupuje kemikalije tako v EGP kot v Zdru\u017eenem kraljestvu, se mora ravnati po dveh lo\u010denih zakonodajnih sistemih.<\/p>\n<p style=\"text-align: justify;\">Smernice za izpolnjevanje uredbe UK REACH so na voljo na tej <a href=\"https:\/\/www.gov.uk\/guidance\/how-to-comply-with-reach-chemical-regulations\">posodobljeni povezavi<\/a>.<\/p>\n<p style=\"text-align: justify;\">Za pomo\u010d in dodatne informacije se obrnite na pristojni organ (HSE \u2013 Health and Safety Executive, britanski nacionalni organ za varnost in zdravje pri delu).<\/p>\n<h3 style=\"text-align: justify;\"><span style=\"color: #333333;\">Biocidi<\/span><\/h3>\n<p style=\"text-align: justify;\">Zdru\u017eeno kraljestvo je prevzelo tudi uredbo o biocidnih proizvodih (BPR) z manj\u0161imi spremembami.<\/p>\n<p style=\"text-align: justify;\">\u010ce \u017eelite zaprositi za odobritev aktivne snovi ali za dovoljenje za biocidni proizvod v Zdru\u017eenem kraljestvu, se morate obrniti na HSE namesto na ECHA. HSE prevzema dosedanje funkcije ECHA, vendar ima lastne postopke za obravnavo predlo\u017eenih vlog.<\/p>\n<p style=\"text-align: justify;\"><strong>Kaj se zgodi, \u010de imamo \u017ee veljavno dovoljenje za biocidni proizvod v Zdru\u017eenem kraljestvu?<\/strong><\/p>\n<p style=\"text-align: justify;\">Predhodno izdana dovoljenja za biocidne proizvode ostajajo veljavna do datuma njihovega poteka.<\/p>\n<p style=\"text-align: justify;\">Vendar je moral imeti imetnik dovoljenja sede\u017e v Zdru\u017eenem kraljestvu v enem letu (do 1. januarja 2022). Odobritev aktivne snovi prav tako ostaja veljavna do obi\u010dajnega datuma poteka, vendar je bilo treba informacije, ki so bile prvotno predlo\u017eene organu, predlo\u017eiti tudi HSE.<\/p>\n<p style=\"text-align: justify;\"><strong>Kaj se zgodi, \u010de je na\u0161a vloga trenutno v postopku?<\/strong><\/p>\n<p style=\"text-align: justify;\">HSE nadaljuje postopek za izdajo nacionalnega dovoljenja, vendar je treba ponovno predlo\u017eiti informacije, ki so podpirale prvotno vlogo.<\/p>\n<p style=\"text-align: justify;\">Britanska razli\u010dica seznama odobrenih dobaviteljev aktivnih snovi (seznam iz \u010dlena 95) je bila prav tako vzpostavljena ob koncu prehodnega obdobja na podlagi takratnega seznama EU.<\/p>\n<p style=\"text-align: justify;\">\u010ce je bilo podjetje na seznamu EU, je bilo samodejno dodano tudi na britanski seznam, vendar je bilo treba za ohranitev statusa predlo\u017eiti dodatne informacije HSE. Za izpolnitev zahtev sta bili na voljo dve leti.<\/p>\n<p>&nbsp;<\/p>\n<h3 style=\"text-align: justify;\"><span style=\"color: #333333;\">Uredba PIC (predhodno soglasje po pou\u010ditvi)<\/span><\/h3>\n<p style=\"text-align: justify;\">Uredba PIC (Uredba (EU) \u0161t. 649\/2012) ureja uvoz in izvoz dolo\u010denih nevarnih kemikalij ter nalaga obveznosti podjetjem, ki \u017eelijo te kemikalije izva\u017eati v dr\u017eave zunaj EU.<\/p>\n<p style=\"text-align: justify;\">Po prehodnem obdobju uredba EU PIC za podjetja s sede\u017eem v Zdru\u017eenem kraljestvu ne velja ve\u010d; posledi\u010dno ni ve\u010d obveznosti poro\u010danja o podatkih o uvozu\/izvozu po pravilih EU PIC.<\/p>\n<p style=\"text-align: justify;\">Pomembno!<\/p>\n<p style=\"text-align: justify;\">Preverite pri HSE, ali imate obveznost poro\u010danja v skladu z novo nacionalno zakonodajo.<\/p>\n<p style=\"text-align: justify;\">Po drugi strani pa uredba ostaja v veljavi za podjetja s sede\u017eem v EU. \u010ce se torej kemikalija, za katero velja PIC, izvozi v Zdru\u017eeno kraljestvo ali uvozi iz njega, jo je \u0161e vedno treba prijaviti v skladu s pravili EU PIC.<\/p>\n<p>&nbsp;<\/p>\n<h2 style=\"text-align: justify;\">Kaj se z brexitom ne spremeni<\/h2>\n<p style=\"text-align: justify;\">Uredba EU CLP je nadome\u0161\u010dena z uredbo GB CLP, vendar ta \u0161e vedno temelji na sistemu ZN GHS (globalno usklajeni sistem razvr\u0161\u010danja in ozna\u010devanja kemikalij). Zato podjetja s sede\u017eem v Zdru\u017eenem kraljestvu ostajajo odgovorna za razvr\u0161\u010danje, ozna\u010devanje in pakiranje kemikalij, danih na trg, v skladu z uredbo GB CLP. Prav tako ni sprememb glede zahtev, kdaj je <a href=\"https:\/\/www.msds-europe.com\/sl\/oznaka-clp-ozna%c4%8devanje-v-praksi\/\">ozna\u010devanje<\/a> potrebno (poleg transportnega ozna\u010devanja), zahteve glede pakiranja pa ostajajo enake.<\/p>\n<p style=\"text-align: justify;\">Poleg tega dobavitelji s sede\u017eem v Zdru\u017eenem kraljestvu ostajajo odgovorni za identifikacijo (razvrstitev), testiranje in ocenjevanje morebitnih fizikalnih, zdravstvenih in okoljskih nevarnosti kemikalij.<\/p>\n<p>&nbsp;<\/p>\n<h2 style=\"text-align: justify;\">Povzetek vpliva brexita<\/h2>\n<p style=\"text-align: justify;\">Na podlagi razpolo\u017eljivih uradnih informacij je bil prehod zasnovan tako, da bi bil u\u010dinkovit in \u010dim bolj gladek, saj je Zdru\u017eeno kraljestvo prevzelo ve\u010dino zakonodaje z zgoraj omenjenimi manj\u0161imi spremembami. Poleg tega je bil podjetjem na voljo dolo\u010den \u010das za izpolnitev vseh zahtev.<\/p>\n<p style=\"text-align: justify;\">Vendar moramo pregledati svoj polo\u017eaj v okviru obeh zakonodaj in sprejeti potrebne dodatne ukrepe (npr. predlo\u017eitev informacij HSE). Nazadnje se lahko v primeru vpra\u0161anj v zvezi z Zdru\u017eenim kraljestvom obrnemo na HSE (britanski nacionalni organ) namesto na ECHA.<\/p>\n<h4><span style=\"color: #ff9900;\">Brezpla\u010dno spletno svetovanje<\/span><\/h4>\n<p><span style=\"color: #000000;\">\u010ce na na\u0161i spletni strani niste na\u0161li potrebnih informacij, svoja vpra\u0161anja o varnostnih listih neposredno zastavite na\u0161emu strokovnjaku. <\/span><\/p>\n<p><span style=\"color: #000000;\">Za po\u0161iljanje vpra\u0161anj uporabite naslednjo aplikacijo: <\/span><\/p>\n<a href=\"https:\/\/www.msds-europe.com\/sl\/spletno-svetovanje\/\" class=\"su-button su-button-style-default\" style=\"color:#ffffff;background-color:#ef552d;border-color:#c04424;border-radius:6px\" target=\"_self\"><span style=\"color:#ffffff;padding:0px 18px;font-size:14px;line-height:28px;border-color:#f4886c;border-radius:6px;text-shadow:0px 0px 2px #ffffff\"> Vpra\u0161ajte na\u0161ega strokovnjaka za kemijsko varnost!<\/span><\/a>\n<p>&nbsp;<\/p>\n<p>\u00a0<\/p>\n<h4>Pogosta vpra\u0161anja in odgovori<\/h4>\n<div class=\"su-spoiler su-spoiler-style-fancy su-spoiler-icon-chevron su-spoiler-closed\" data-scroll-offset=\"0\" data-anchor-in-url=\"no\"><div class=\"su-spoiler-title\" tabindex=\"0\" role=\"button\"><span class=\"su-spoiler-icon\"><\/span>Ali potrebujem novo registracijo UK REACH, \u010de \u017ee imam registracijo EU REACH za isto snov?<\/div><div class=\"su-spoiler-content su-u-clearfix su-u-trim\">\n<p>Da. Od 1. januarja 2021 registracija EU REACH v Zdru\u017eenem kraljestvu ni ve\u010d veljavna, zato je treba snov lo\u010deno registrirati v okviru UK REACH v veljavnih prehodnih rokih.<\/p>\n<\/div><\/div>\n<div class=\"su-spoiler su-spoiler-style-fancy su-spoiler-icon-chevron su-spoiler-closed\" data-scroll-offset=\"0\" data-anchor-in-url=\"no\"><div class=\"su-spoiler-title\" tabindex=\"0\" role=\"button\"><span class=\"su-spoiler-icon\"><\/span>Kaj pomeni status \u00bbtretje dr\u017eave\u00ab za izvoznika iz EU?<\/div><div class=\"su-spoiler-content su-u-clearfix su-u-trim\">\n<p>Po\u0161iljke v Zdru\u017eeno kraljestvo so zdaj izvozi; britanska stranka postane uvoznik, kar spro\u017ei carinske, dav\u010dne ter obveznosti glede SDS in ozna\u010devanja.<\/p>\n<\/div><\/div>\n<div class=\"su-spoiler su-spoiler-style-fancy su-spoiler-icon-chevron su-spoiler-closed\" data-scroll-offset=\"0\" data-anchor-in-url=\"no\"><div class=\"su-spoiler-title\" tabindex=\"0\" role=\"button\"><span class=\"su-spoiler-icon\"><\/span>Ali se bodo piktogrami GHS na britanskem trgu spremenili?<\/div><div class=\"su-spoiler-content su-u-clearfix su-u-trim\">\n<p>Ne. Uredba GB CLP \u0161e naprej sledi sistemu ZN GHS, zato piktogrami nevarnosti in H-\/P-stavki ostajajo enaki; spremeni se predvsem pravni okvir.<\/p>\n<\/div><\/div>\n<div class=\"su-spoiler su-spoiler-style-fancy su-spoiler-icon-chevron su-spoiler-closed\" data-scroll-offset=\"0\" data-anchor-in-url=\"no\"><div class=\"su-spoiler-title\" tabindex=\"0\" role=\"button\"><span class=\"su-spoiler-icon\"><\/span>Kaj se zgodi z dovoljenji za biocide, \u017ee izdanimi v Zdru\u017eenem kraljestvu?<\/div><div class=\"su-spoiler-content su-u-clearfix su-u-trim\">\n<p>Ostanejo veljavna do izteka, vendar je moral imetnik dovoljenja do leta 2022 izpolniti zahteve glede sede\u017ea in predlo\u017eitve podatkov HSE; vse nove vloge se vlagajo neposredno pri britanskem organu.<\/p>\n<\/div><\/div>\n<p>\u00a0<\/p>\n","protected":false},"excerpt":{"rendered":"<p>MSDS-Europe \u2013 Kompas za kemijsko varnost \u2013 Vpliv brexita na kemijsko varnost Zdru\u017eeno kraljestvo je doslej, tako kot druge dr\u017eave \u010dlanice EGP, uporabljalo zakonodajo EU na podro\u010dju kemijske varnosti. Vendar je Zdru\u017eeno kraljestvo po brexitu in po izteku prehodnega obdobja (31. december 2020) postalo neodvisno od standardov kemijske varnosti Evropske&#8230;<\/p>\n","protected":false},"author":2,"featured_media":0,"parent":0,"menu_order":0,"comment_status":"closed","ping_status":"closed","template":"","meta":{"_acf_changed":false,"footnotes":""},"tags":[],"class_list":["post-34678","page","type-page","status-publish","hentry"],"acf":[],"yoast_head":"<!-- This site is optimized with the Yoast SEO plugin v27.2 - https:\/\/yoast.com\/product\/yoast-seo-wordpress\/ -->\n<title>Vpliv Brexita na kemijsko varnost - MSDS Europe<\/title>\n<meta name=\"description\" content=\"Vpliv Brexita na kemijsko varnost v zvezi s kemi\u010dnimi snovmi, uvo\u017eenimi ali izvo\u017eenimi iz\/v dr\u017eave EGP.\" \/>\n<meta name=\"robots\" content=\"index, follow, max-snippet:-1, max-image-preview:large, max-video-preview:-1\" \/>\n<link rel=\"canonical\" href=\"https:\/\/www.msds-europe.com\/sl\/brexit-kemijska-varnost\/\" \/>\n<meta property=\"og:locale\" content=\"sl_SI\" \/>\n<meta property=\"og:type\" content=\"article\" \/>\n<meta property=\"og:title\" content=\"Vpliv Brexita na kemijsko varnost - MSDS Europe\" \/>\n<meta property=\"og:description\" content=\"Vpliv Brexita na kemijsko varnost v zvezi s kemi\u010dnimi snovmi, uvo\u017eenimi ali izvo\u017eenimi iz\/v dr\u017eave EGP.\" \/>\n<meta property=\"og:url\" content=\"https:\/\/www.msds-europe.com\/sl\/brexit-kemijska-varnost\/\" \/>\n<meta property=\"og:site_name\" content=\"MSDS Europe\" \/>\n<meta property=\"article:publisher\" content=\"https:\/\/www.facebook.com\/toxinfokft\/\" \/>\n<meta property=\"article:modified_time\" content=\"2026-02-24T11:01:29+00:00\" \/>\n<meta name=\"twitter:card\" content=\"summary_large_image\" \/>\n<meta name=\"twitter:site\" content=\"@ToxInfoKft\" \/>\n<meta name=\"twitter:label1\" content=\"Est. reading time\" \/>\n\t<meta name=\"twitter:data1\" content=\"6 minut\" \/>\n<script type=\"application\/ld+json\" class=\"yoast-schema-graph\">{\"@context\":\"https:\/\/schema.org\",\"@graph\":[{\"@type\":\"WebPage\",\"@id\":\"https:\/\/www.msds-europe.com\/sl\/brexit-kemijska-varnost\/\",\"url\":\"https:\/\/www.msds-europe.com\/sl\/brexit-kemijska-varnost\/\",\"name\":\"Vpliv Brexita na kemijsko varnost - MSDS Europe\",\"isPartOf\":{\"@id\":\"https:\/\/www.msds-europe.com\/es\/#website\"},\"datePublished\":\"2025-09-02T13:40:04+00:00\",\"dateModified\":\"2026-02-24T11:01:29+00:00\",\"description\":\"Vpliv Brexita na kemijsko varnost v zvezi s kemi\u010dnimi snovmi, uvo\u017eenimi ali izvo\u017eenimi iz\/v dr\u017eave EGP.\",\"breadcrumb\":{\"@id\":\"https:\/\/www.msds-europe.com\/sl\/brexit-kemijska-varnost\/#breadcrumb\"},\"inLanguage\":\"sl-SI\",\"potentialAction\":[{\"@type\":\"ReadAction\",\"target\":[\"https:\/\/www.msds-europe.com\/sl\/brexit-kemijska-varnost\/\"]}]},{\"@type\":\"BreadcrumbList\",\"@id\":\"https:\/\/www.msds-europe.com\/sl\/brexit-kemijska-varnost\/#breadcrumb\",\"itemListElement\":[{\"@type\":\"ListItem\",\"position\":1,\"name\":\"F\u0151oldal\",\"item\":\"https:\/\/www.msds-europe.com\/sl\/\"},{\"@type\":\"ListItem\",\"position\":2,\"name\":\"Vpliv Brexita na kemijsko varnost\"}]},{\"@type\":\"WebSite\",\"@id\":\"https:\/\/www.msds-europe.com\/es\/#website\",\"url\":\"https:\/\/www.msds-europe.com\/es\/\",\"name\":\"MSDS Europe\",\"description\":\"\",\"publisher\":{\"@id\":\"https:\/\/www.msds-europe.com\/es\/#organization\"},\"potentialAction\":[{\"@type\":\"SearchAction\",\"target\":{\"@type\":\"EntryPoint\",\"urlTemplate\":\"https:\/\/www.msds-europe.com\/es\/?s={search_term_string}\"},\"query-input\":{\"@type\":\"PropertyValueSpecification\",\"valueRequired\":true,\"valueName\":\"search_term_string\"}}],\"inLanguage\":\"sl-SI\"},{\"@type\":\"Organization\",\"@id\":\"https:\/\/www.msds-europe.com\/es\/#organization\",\"name\":\"MSDS-Europe International branch of ToxInfo\",\"url\":\"https:\/\/www.msds-europe.com\/es\/\",\"logo\":{\"@type\":\"ImageObject\",\"inLanguage\":\"sl-SI\",\"@id\":\"https:\/\/www.msds-europe.com\/es\/#\/schema\/logo\/image\/\",\"url\":\"https:\/\/www.msds-europe.com\/wp-content\/uploads\/2021\/04\/msds-europe-logo.jpg\",\"contentUrl\":\"https:\/\/www.msds-europe.com\/wp-content\/uploads\/2021\/04\/msds-europe-logo.jpg\",\"width\":2296,\"height\":1067,\"caption\":\"MSDS-Europe International branch of ToxInfo\"},\"image\":{\"@id\":\"https:\/\/www.msds-europe.com\/es\/#\/schema\/logo\/image\/\"},\"sameAs\":[\"https:\/\/www.facebook.com\/toxinfokft\/\",\"https:\/\/x.com\/ToxInfoKft\"]}]}<\/script>\n<!-- \/ Yoast SEO plugin. -->","yoast_head_json":{"title":"Vpliv Brexita na kemijsko varnost - MSDS Europe","description":"Vpliv Brexita na kemijsko varnost v zvezi s kemi\u010dnimi snovmi, uvo\u017eenimi ali izvo\u017eenimi iz\/v dr\u017eave EGP.","robots":{"index":"index","follow":"follow","max-snippet":"max-snippet:-1","max-image-preview":"max-image-preview:large","max-video-preview":"max-video-preview:-1"},"canonical":"https:\/\/www.msds-europe.com\/sl\/brexit-kemijska-varnost\/","og_locale":"sl_SI","og_type":"article","og_title":"Vpliv Brexita na kemijsko varnost - MSDS Europe","og_description":"Vpliv Brexita na kemijsko varnost v zvezi s kemi\u010dnimi snovmi, uvo\u017eenimi ali izvo\u017eenimi iz\/v dr\u017eave EGP.","og_url":"https:\/\/www.msds-europe.com\/sl\/brexit-kemijska-varnost\/","og_site_name":"MSDS Europe","article_publisher":"https:\/\/www.facebook.com\/toxinfokft\/","article_modified_time":"2026-02-24T11:01:29+00:00","twitter_card":"summary_large_image","twitter_site":"@ToxInfoKft","twitter_misc":{"Est. reading time":"6 minut"},"schema":{"@context":"https:\/\/schema.org","@graph":[{"@type":"WebPage","@id":"https:\/\/www.msds-europe.com\/sl\/brexit-kemijska-varnost\/","url":"https:\/\/www.msds-europe.com\/sl\/brexit-kemijska-varnost\/","name":"Vpliv Brexita na kemijsko varnost - MSDS Europe","isPartOf":{"@id":"https:\/\/www.msds-europe.com\/es\/#website"},"datePublished":"2025-09-02T13:40:04+00:00","dateModified":"2026-02-24T11:01:29+00:00","description":"Vpliv Brexita na kemijsko varnost v zvezi s kemi\u010dnimi snovmi, uvo\u017eenimi ali izvo\u017eenimi iz\/v dr\u017eave EGP.","breadcrumb":{"@id":"https:\/\/www.msds-europe.com\/sl\/brexit-kemijska-varnost\/#breadcrumb"},"inLanguage":"sl-SI","potentialAction":[{"@type":"ReadAction","target":["https:\/\/www.msds-europe.com\/sl\/brexit-kemijska-varnost\/"]}]},{"@type":"BreadcrumbList","@id":"https:\/\/www.msds-europe.com\/sl\/brexit-kemijska-varnost\/#breadcrumb","itemListElement":[{"@type":"ListItem","position":1,"name":"F\u0151oldal","item":"https:\/\/www.msds-europe.com\/sl\/"},{"@type":"ListItem","position":2,"name":"Vpliv Brexita na kemijsko varnost"}]},{"@type":"WebSite","@id":"https:\/\/www.msds-europe.com\/es\/#website","url":"https:\/\/www.msds-europe.com\/es\/","name":"MSDS Europe","description":"","publisher":{"@id":"https:\/\/www.msds-europe.com\/es\/#organization"},"potentialAction":[{"@type":"SearchAction","target":{"@type":"EntryPoint","urlTemplate":"https:\/\/www.msds-europe.com\/es\/?s={search_term_string}"},"query-input":{"@type":"PropertyValueSpecification","valueRequired":true,"valueName":"search_term_string"}}],"inLanguage":"sl-SI"},{"@type":"Organization","@id":"https:\/\/www.msds-europe.com\/es\/#organization","name":"MSDS-Europe International branch of ToxInfo","url":"https:\/\/www.msds-europe.com\/es\/","logo":{"@type":"ImageObject","inLanguage":"sl-SI","@id":"https:\/\/www.msds-europe.com\/es\/#\/schema\/logo\/image\/","url":"https:\/\/www.msds-europe.com\/wp-content\/uploads\/2021\/04\/msds-europe-logo.jpg","contentUrl":"https:\/\/www.msds-europe.com\/wp-content\/uploads\/2021\/04\/msds-europe-logo.jpg","width":2296,"height":1067,"caption":"MSDS-Europe International branch of ToxInfo"},"image":{"@id":"https:\/\/www.msds-europe.com\/es\/#\/schema\/logo\/image\/"},"sameAs":["https:\/\/www.facebook.com\/toxinfokft\/","https:\/\/x.com\/ToxInfoKft"]}]}},"_links":{"self":[{"href":"https:\/\/www.msds-europe.com\/sl\/wp-json\/wp\/v2\/pages\/34678","targetHints":{"allow":["GET"]}}],"collection":[{"href":"https:\/\/www.msds-europe.com\/sl\/wp-json\/wp\/v2\/pages"}],"about":[{"href":"https:\/\/www.msds-europe.com\/sl\/wp-json\/wp\/v2\/types\/page"}],"author":[{"embeddable":true,"href":"https:\/\/www.msds-europe.com\/sl\/wp-json\/wp\/v2\/users\/2"}],"replies":[{"embeddable":true,"href":"https:\/\/www.msds-europe.com\/sl\/wp-json\/wp\/v2\/comments?post=34678"}],"version-history":[{"count":6,"href":"https:\/\/www.msds-europe.com\/sl\/wp-json\/wp\/v2\/pages\/34678\/revisions"}],"predecessor-version":[{"id":37688,"href":"https:\/\/www.msds-europe.com\/sl\/wp-json\/wp\/v2\/pages\/34678\/revisions\/37688"}],"wp:attachment":[{"href":"https:\/\/www.msds-europe.com\/sl\/wp-json\/wp\/v2\/media?parent=34678"}],"wp:term":[{"taxonomy":"post_tag","embeddable":true,"href":"https:\/\/www.msds-europe.com\/sl\/wp-json\/wp\/v2\/tags?post=34678"}],"curies":[{"name":"wp","href":"https:\/\/api.w.org\/{rel}","templated":true}]}}