{"id":34600,"date":"2025-09-01T12:28:22","date_gmt":"2025-09-01T12:28:22","guid":{"rendered":"https:\/\/www.msds-europe.com\/?page_id=34600"},"modified":"2026-04-22T12:25:15","modified_gmt":"2026-04-22T12:25:15","slug":"informacije-o-bl-za-nadaljnje-uporabnik","status":"publish","type":"page","link":"https:\/\/www.msds-europe.com\/sl\/informacije-o-bl-za-nadaljnje-uporabnik\/","title":{"rendered":"Koristne informacije za nadaljnje uporabnike o varnostnih listih"},"content":{"rendered":"<p style=\"text-align: right;\"><em><a href=\"https:\/\/www.msds-europe.com\/sl\/baza-znanja-varnostnih-listov\/\">Baza znanja o varnostnih listih<\/a> \u2013 O varnostnem listu za nadaljnje uporabnike<\/em><\/p>\n<p>&nbsp;<\/p>\n<h2 style=\"text-align: justify;\">Varnostni list kot komunikacijsko orodje<\/h2>\n<p style=\"text-align: justify;\">Varnostni listi (SDS) so pomembna komunikacijska orodja v dobavni verigi. Pomagajo vsem \u010dlanom dobavne verige izpolnjevati njihove odgovornosti v zvezi z obvladovanjem tveganj, ki izhajajo iz uporabe snovi in zmesi.<\/p>\n<p style=\"text-align: justify;\">Nadaljnji uporabniki so z varnostnim listom obve\u0161\u010deni o tveganjih, ki izhajajo iz njihove identificirane uporabe, ter o ukrepih, ki jih je treba sprejeti za obvladovanje teh tveganj.<\/p>\n<p style=\"text-align: justify;\"><em>Da bi bila ta komunikacija res u\u010dinkovita, mora biti varnostni list (SDS) pripravljen v <a href=\"https:\/\/www.msds-europe.com\/sl\/sds-jezikovne-zahteve\/\">jeziku, ki ga nadaljnji uporabniki v posamezni dr\u017eavi dejansko razumejo<\/a>; pri tem si lahko pomagate s pregledom jezikovnih zahtev za SDS v EU.<\/em><\/p>\n<p>&nbsp;<\/p>\n<h2 style=\"text-align: justify;\">Scenarij izpostavljenosti<\/h2>\n<p style=\"text-align: justify;\">Nekateri varnostni listi imajo tudi prilogo, imenovano scenarij izpostavljenosti. <a href=\"https:\/\/www.msds-europe.com\/checking-implementing-exposure-scenario\/\">Scenarij izpostavljenosti<\/a> zagotavlja natan\u010dnej\u0161e podatke o varni uporabi in zmanj\u0161anju izpostavljenosti kot sam varnostni list.<\/p>\n<p style=\"text-align: justify;\">\u010ce scenarij izpostavljenosti ne zajema predvidene uporabe, je treba stopiti v stik z dobaviteljem. V nasprotnem primeru morajo nadaljnji uporabniki pripraviti lastno <a href=\"https:\/\/www.msds-europe.com\/sl\/pogosta-vprasanja-in-odgovori-kemijska-varnost\/\">poro\u010dilo o kemijski varnosti<\/a>.<\/p>\n<p>&nbsp;<\/p>\n<h2 style=\"text-align: justify;\">Naloge, \u010de za kupljeno snov ali zmes ne prejmete varnostnega lista<\/h2>\n<p style=\"text-align: justify;\">To ne pomeni, da vam ni treba izvajati (in sporo\u010dati drugim \u010dlanom dobavne verige) ukrepov za obvladovanje tveganj, ki jih dobavitelj sporo\u010di na drug na\u010din (npr. v pisni izjavi, tehni\u010dnem listu, specifikacijah itd.).<\/p>\n<p style=\"text-align: justify;\">Dejstvo, da niste prejeli varnostnega lista, verjetno pomeni, da snov ali zmes ni razvr\u0161\u010dena kot nevarna.<\/p>\n<p style=\"text-align: justify;\">Kljub temu morate dobavitelja kontaktirati in zahtevati varnostni list (v nekaterih primerih zakonodaja dovoljuje, da dobavitelj varnostni list zagotovi samo na zahtevo).<\/p>\n<p>&nbsp;<\/p>\n<h2 style=\"text-align: justify;\">Naloge po prejemu varnostnega lista<\/h2>\n<p style=\"text-align: justify;\">Preverite, ali varnostni list vsebuje registracijsko \u0161tevilko.<\/p>\n<p style=\"text-align: justify;\">\u010ce je registracijska \u0161tevilka navedena v varnostnem listu, imate 12 mesecev, da izpolnite zahteve REACH, dolo\u010dene za nadaljnje uporabnike.<\/p>\n<p style=\"text-align: justify;\">\u010ce snov \u0161e ni bila registrirana in registracijska \u0161tevilka ni bila izdana, je treba upo\u0161tevati navodila v varnostnem listu.<\/p>\n<p style=\"text-align: justify;\">Preverite informacije o nevarnostih in o obvladovanju tveganj. Prav tako preverite izvajanje ukrepov za obvladovanje tveganj in ugotovite, ali je katera koli snov (samostojno ali kot sestavina zmesi) predmet avtorizacije ali omejitev.<\/p>\n<p style=\"text-align: justify;\">\u010ce dobavitelj dolo\u010denih uporab ne priporo\u010da (npr. zaradi varovanja zdravja ljudi ali okolja), mora to navesti v oddelku 16 varnostnega lista ali med informacijami, ki jih zagotovi v skladu s \u010dlenom 32. \u010ce tak\u0161no odsvetovanje ni upravi\u010deno, ima nadaljnji uporabnik pravico zahtevati dodatne informacije ali utemeljitev.<\/p>\n<p>&nbsp;<\/p>\n<h3 style=\"text-align: justify;\">Naloge v primeru odsvetovanih uporab<\/h3>\n<ul>\n<li style=\"text-align: justify;\">Z uporabo snovi ali zmesi je treba prenehati.<\/li>\n<li style=\"text-align: justify;\">Varno uporabo je mogo\u010de dokazati s pripravo poro\u010dila o kemijski varnosti nadaljnjega uporabnika. V ta namen morate uporabo snovi ali zmesi oceniti podrobneje kot dobavitelj in po potrebi prilagoditi pogoje uporabe.<\/li>\n<\/ul>\n<p>&nbsp;<\/p>\n<h3 style=\"text-align: justify;\">Naloge nadaljnjih uporabnikov, ki proizvajajo zmesi, glede varnostnih listov<\/h3>\n<p style=\"text-align: justify;\">Po <a href=\"https:\/\/www.msds-europe.com\/sl\/izdelava-sestava-varnostnega-lista\/\">izvedeni razvrstitvi<\/a> lahko ugotovite, ali morate svojim strankam zagotoviti varnostni list za zadevno zmes.<\/p>\n<p>&nbsp;<\/p>\n<h2 style=\"text-align: justify;\">Varnostni list je treba zagotoviti poklicnim uporabnikom v naslednjih primerih<\/h2>\n<ul>\n<li style=\"text-align: justify;\">\u010ce je snov ali zmes razvr\u0161\u010dena kot nevarna.<\/li>\n<li style=\"text-align: justify;\">\u010ce je snov obstojna, bioakumulativna in strupena (PBT) ali zelo obstojna in zelo bioakumulativna (vPvB) v skladu z merili iz Priloge XIII uredbe REACH.<\/li>\n<li style=\"text-align: justify;\">\u010ce je snov vklju\u010dena na kandidatni seznam v skladu s \u010dlenom 59(1) uredbe REACH.<\/li>\n<\/ul>\n<p>&nbsp;<\/p>\n<h3 style=\"text-align: justify;\">\u010ce zmes ni razvr\u0161\u010dena kot nevarna, lahko stranka zahteva varnostni list v naslednjih primerih<\/h3>\n<ul>\n<li style=\"text-align: justify;\">Zmes (neplinasta) vsebuje nevarno snov v koncentraciji \u2265 1 % po masi.<\/li>\n<li style=\"text-align: justify;\">Zmes (plinasta) vsebuje nevarno snov v koncentraciji \u2265 0,2 % po prostornini.<\/li>\n<li style=\"text-align: justify;\">Zmes (neplinasta) vsebuje vsaj eno snov v koncentraciji \u2265 0,1 % po masi, ki je razvr\u0161\u010dena kot: rakotvorna (kategorija 2), strupena za razmno\u017eevanje (kategorija 1A, 1B ali 2), senzibilizator ko\u017ee (kategorija 1), senzibilizator dihal (kategorija 1), PBT ali vPvB v skladu z merili iz Priloge XIII, ali snov z u\u010dinki na ali preko laktacije.<\/li>\n<li style=\"text-align: justify;\">Zmes vsebuje snov, vklju\u010deno na kandidatni seznam v skladu s \u010dlenom 59(1) uredbe REACH.<\/li>\n<li style=\"text-align: justify;\">Zmes vsebuje snov, za katero obstajajo mejne vrednosti poklicne izpostavljenosti v Uniji.<\/li>\n<\/ul>\n<p>&nbsp;<\/p>\n<p style=\"text-align: justify;\">V primerih, ko zgornji pogoji niso izpolnjeni \u2013 in torej ni treba zagotoviti varnostnega lista \u2013 morajo dobavitelji zagotoviti naslednje informacije vsem svojim nadaljnjim uporabnikom in distributerjem (\u010dlen 32 uredbe REACH):<\/p>\n<ul>\n<li style=\"text-align: justify;\">\u010ce je snov predmet avtorizacije, podrobnosti o odobreni avtorizaciji ali \u2013 \u010de je bila zavrnjena \u2013 ustrezne informacije o omejitvah.<\/li>\n<li style=\"text-align: justify;\">Vse ustrezne informacije o snovi, ki so potrebne za omogo\u010danje dolo\u010ditve in uporabe ustreznih ukrepov za obvladovanje tveganj.<\/li>\n<li style=\"text-align: justify;\">Registracijska \u0161tevilka(-e), \u010de je na voljo, za vse snovi, za katere se posredujejo informacije v skladu z zgornjimi to\u010dkami.<\/li>\n<\/ul>\n<p>&nbsp;<\/p>\n<p style=\"text-align: justify;\">Varnostnega lista praviloma ni treba zagotoviti za snovi ali zmesi, ki se dajejo na trg za potro\u0161ni\u0161ko uporabo, kadar so zagotovljene zadostne informacije, ki uporabnikom omogo\u010dajo sprejeti potrebne ukrepe za za\u0161\u010dito zdravja ljudi, varnosti in okolja, razen \u010de nadaljnji uporabnik ali distributer izrecno zahteva druga\u010de.<\/p>\n<p style=\"text-align: justify;\">Na\u0161 \u010dlanek o vsebini in oblikovnih elementih varnostnega lista najdete <a href=\"https:\/\/www.msds-europe.com\/sl\/clp-varnostni-listi-junij-2017\/\">tukaj<\/a>.<\/p>\n<p>&nbsp;<\/p>\n<h3 style=\"text-align: justify;\"><span style=\"color: #333333;\">Ponujene storitve<\/span><\/h3>\n<ul>\n<li style=\"text-align: justify;\"><a href=\"https:\/\/www.msds-europe.com\/sl\/prevajanje-varnostnih-listov\/\">Prevajanje varnostnih listov<\/a><\/li>\n<li style=\"text-align: justify;\"><a href=\"https:\/\/www.msds-europe.com\/sl\/varnostni-list-revizija-posodobitev\/\">Revizija, posodobitev varnostnih listov<\/a><\/li>\n<li style=\"text-align: justify;\"><a href=\"https:\/\/www.msds-europe.com\/sl\/sl-priprava-varnostnega-lista\/\">Priprava, izdelava varnostnega lista<\/a><\/li>\n<\/ul>\n<p>&nbsp;<\/p>\n<h3><span style=\"color: #333333;\">Hitra vpra\u0161anja in odgovori<\/span><\/h3>\n<p style=\"text-align: justify;\"><div class=\"su-spoiler su-spoiler-style-fancy su-spoiler-icon-chevron su-spoiler-closed\" data-scroll-offset=\"0\" data-anchor-in-url=\"no\"><div class=\"su-spoiler-title\" tabindex=\"0\" role=\"button\"><span class=\"su-spoiler-icon\"><\/span>Zakaj je varnostni list pomembno komunikacijsko orodje v dobavni verigi?<\/div><div class=\"su-spoiler-content su-u-clearfix su-u-trim\">\nKer enotno sporo\u010da tveganja in potrebne ukrepe za obvladovanje tveganj vsem udele\u017eencem, s \u010dimer jim pomaga izpolnjevati njihove zakonske obveznosti.<br \/>\n<\/div><\/div>\n<p style=\"text-align: justify;\"><div class=\"su-spoiler su-spoiler-style-fancy su-spoiler-icon-chevron su-spoiler-closed\" data-scroll-offset=\"0\" data-anchor-in-url=\"no\"><div class=\"su-spoiler-title\" tabindex=\"0\" role=\"button\"><span class=\"su-spoiler-icon\"><\/span>Kaj storiti, \u010de scenarij izpostavljenosti ne zajema predvidene uporabe?<\/div><div class=\"su-spoiler-content su-u-clearfix su-u-trim\">\nObrnite se na dobavitelja za dopolnitev scenarija izpostavljenosti; sicer mora nadaljnji uporabnik pripraviti lastno poro\u010dilo o kemijski varnosti.<br \/>\n<\/div><\/div>\n<p style=\"text-align: justify;\"><div class=\"su-spoiler su-spoiler-style-fancy su-spoiler-icon-chevron su-spoiler-closed\" data-scroll-offset=\"0\" data-anchor-in-url=\"no\"><div class=\"su-spoiler-title\" tabindex=\"0\" role=\"button\"><span class=\"su-spoiler-icon\"><\/span>Kaj je treba preveriti po prejemu varnostnega lista in kak\u0161en je rok za izpolnitev obveznosti?<\/div><div class=\"su-spoiler-content su-u-clearfix su-u-trim\">\nPreverite registracijsko \u0161tevilko, informacije o nevarnostih in ukrepih za obvladovanje tveganj ter morebitne obveznosti avtorizacije ali omejitve; \u010de je navedena registracijska \u0161tevilka, imajo nadaljnji uporabniki 12 mesecev za izpolnitev obveznosti po REACH.<br \/>\n<\/div><\/div>\n<p style=\"text-align: justify;\"><div class=\"su-spoiler su-spoiler-style-fancy su-spoiler-icon-chevron su-spoiler-closed\" data-scroll-offset=\"0\" data-anchor-in-url=\"no\"><div class=\"su-spoiler-title\" tabindex=\"0\" role=\"button\"><span class=\"su-spoiler-icon\"><\/span>Kdaj je obvezno zagotoviti varnostni list in ali ga je mogo\u010de zahtevati, tudi \u010de zmes ni nevarna?<\/div><div class=\"su-spoiler-content su-u-clearfix su-u-trim\">\nObvezen je za nevarne snovi ali zmesi, PBT\/vPvB ali snovi, vklju\u010dene na kandidatni seznam; tudi za zmes, ki ni razvr\u0161\u010dena kot nevarna, se ga lahko zahteva, \u010de vsebuje dolo\u010dene koli\u010dine nevarnih snovi, PBT\/vPvB, snovi s kandidatnega seznama ali snovi z mejnimi vrednostmi poklicne izpostavljenosti.<br \/>\n<\/div><\/div>\n<p>&nbsp;<\/p>\n","protected":false},"excerpt":{"rendered":"<p>Baza znanja o varnostnih listih \u2013 O varnostnem listu za nadaljnje uporabnike &nbsp; Varnostni list kot komunikacijsko orodje Varnostni listi (SDS) so pomembna komunikacijska orodja v dobavni verigi. Pomagajo vsem \u010dlanom dobavne verige izpolnjevati njihove odgovornosti v zvezi z obvladovanjem tveganj, ki izhajajo iz uporabe snovi in zmesi. Nadaljnji uporabniki&#8230;<\/p>\n","protected":false},"author":2,"featured_media":0,"parent":0,"menu_order":0,"comment_status":"closed","ping_status":"closed","template":"","meta":{"_acf_changed":false,"footnotes":""},"tags":[359,258],"class_list":["post-34600","page","type-page","status-publish","hentry","tag-baza-znanja-varnostnih-listov-sl","tag-varnostnega-lista-sl"],"acf":[],"yoast_head":"<!-- This site is optimized with the Yoast SEO plugin v27.2 - https:\/\/yoast.com\/product\/yoast-seo-wordpress\/ -->\n<title>Koristne informacije za nadaljnje uporabnike o varnostnih listih<\/title>\n<meta name=\"description\" content=\"Naloge nadaljnjih uporabnikov v zvezi s prejetim varnostnim listom. Kaj storiti, \u010de BL ne prejmete. MSDS-Europe\" \/>\n<meta name=\"robots\" content=\"index, follow, max-snippet:-1, max-image-preview:large, max-video-preview:-1\" \/>\n<link rel=\"canonical\" href=\"https:\/\/www.msds-europe.com\/sl\/informacije-o-bl-za-nadaljnje-uporabnik\/\" \/>\n<meta property=\"og:locale\" content=\"sl_SI\" \/>\n<meta property=\"og:type\" content=\"article\" \/>\n<meta property=\"og:title\" content=\"Koristne informacije za nadaljnje uporabnike o varnostnih listih\" \/>\n<meta property=\"og:description\" content=\"Naloge nadaljnjih uporabnikov v zvezi s prejetim varnostnim listom. Kaj storiti, \u010de BL ne prejmete. MSDS-Europe\" \/>\n<meta property=\"og:url\" content=\"https:\/\/www.msds-europe.com\/sl\/informacije-o-bl-za-nadaljnje-uporabnik\/\" \/>\n<meta property=\"og:site_name\" content=\"MSDS Europe\" \/>\n<meta property=\"article:publisher\" content=\"https:\/\/www.facebook.com\/toxinfokft\/\" \/>\n<meta property=\"article:modified_time\" content=\"2026-04-22T12:25:15+00:00\" \/>\n<meta name=\"twitter:card\" content=\"summary_large_image\" \/>\n<meta name=\"twitter:site\" content=\"@ToxInfoKft\" \/>\n<meta name=\"twitter:label1\" content=\"Est. reading time\" \/>\n\t<meta name=\"twitter:data1\" content=\"5 minut\" \/>\n<script type=\"application\/ld+json\" class=\"yoast-schema-graph\">{\"@context\":\"https:\/\/schema.org\",\"@graph\":[{\"@type\":\"WebPage\",\"@id\":\"https:\/\/www.msds-europe.com\/sl\/informacije-o-bl-za-nadaljnje-uporabnik\/\",\"url\":\"https:\/\/www.msds-europe.com\/sl\/informacije-o-bl-za-nadaljnje-uporabnik\/\",\"name\":\"Koristne informacije za nadaljnje uporabnike o varnostnih listih\",\"isPartOf\":{\"@id\":\"https:\/\/www.msds-europe.com\/es\/#website\"},\"datePublished\":\"2025-09-01T12:28:22+00:00\",\"dateModified\":\"2026-04-22T12:25:15+00:00\",\"description\":\"Naloge nadaljnjih uporabnikov v zvezi s prejetim varnostnim listom. Kaj storiti, \u010de BL ne prejmete. MSDS-Europe\",\"breadcrumb\":{\"@id\":\"https:\/\/www.msds-europe.com\/sl\/informacije-o-bl-za-nadaljnje-uporabnik\/#breadcrumb\"},\"inLanguage\":\"sl-SI\",\"potentialAction\":[{\"@type\":\"ReadAction\",\"target\":[\"https:\/\/www.msds-europe.com\/sl\/informacije-o-bl-za-nadaljnje-uporabnik\/\"]}]},{\"@type\":\"BreadcrumbList\",\"@id\":\"https:\/\/www.msds-europe.com\/sl\/informacije-o-bl-za-nadaljnje-uporabnik\/#breadcrumb\",\"itemListElement\":[{\"@type\":\"ListItem\",\"position\":1,\"name\":\"F\u0151oldal\",\"item\":\"https:\/\/www.msds-europe.com\/sl\/\"},{\"@type\":\"ListItem\",\"position\":2,\"name\":\"Koristne informacije za nadaljnje uporabnike o varnostnih listih\"}]},{\"@type\":\"WebSite\",\"@id\":\"https:\/\/www.msds-europe.com\/es\/#website\",\"url\":\"https:\/\/www.msds-europe.com\/es\/\",\"name\":\"MSDS Europe\",\"description\":\"\",\"publisher\":{\"@id\":\"https:\/\/www.msds-europe.com\/es\/#organization\"},\"potentialAction\":[{\"@type\":\"SearchAction\",\"target\":{\"@type\":\"EntryPoint\",\"urlTemplate\":\"https:\/\/www.msds-europe.com\/es\/?s={search_term_string}\"},\"query-input\":{\"@type\":\"PropertyValueSpecification\",\"valueRequired\":true,\"valueName\":\"search_term_string\"}}],\"inLanguage\":\"sl-SI\"},{\"@type\":\"Organization\",\"@id\":\"https:\/\/www.msds-europe.com\/es\/#organization\",\"name\":\"MSDS-Europe International branch of ToxInfo\",\"url\":\"https:\/\/www.msds-europe.com\/es\/\",\"logo\":{\"@type\":\"ImageObject\",\"inLanguage\":\"sl-SI\",\"@id\":\"https:\/\/www.msds-europe.com\/es\/#\/schema\/logo\/image\/\",\"url\":\"https:\/\/www.msds-europe.com\/wp-content\/uploads\/2021\/04\/msds-europe-logo.jpg\",\"contentUrl\":\"https:\/\/www.msds-europe.com\/wp-content\/uploads\/2021\/04\/msds-europe-logo.jpg\",\"width\":2296,\"height\":1067,\"caption\":\"MSDS-Europe International branch of ToxInfo\"},\"image\":{\"@id\":\"https:\/\/www.msds-europe.com\/es\/#\/schema\/logo\/image\/\"},\"sameAs\":[\"https:\/\/www.facebook.com\/toxinfokft\/\",\"https:\/\/x.com\/ToxInfoKft\"]}]}<\/script>\n<!-- \/ Yoast SEO plugin. -->","yoast_head_json":{"title":"Koristne informacije za nadaljnje uporabnike o varnostnih listih","description":"Naloge nadaljnjih uporabnikov v zvezi s prejetim varnostnim listom. Kaj storiti, \u010de BL ne prejmete. MSDS-Europe","robots":{"index":"index","follow":"follow","max-snippet":"max-snippet:-1","max-image-preview":"max-image-preview:large","max-video-preview":"max-video-preview:-1"},"canonical":"https:\/\/www.msds-europe.com\/sl\/informacije-o-bl-za-nadaljnje-uporabnik\/","og_locale":"sl_SI","og_type":"article","og_title":"Koristne informacije za nadaljnje uporabnike o varnostnih listih","og_description":"Naloge nadaljnjih uporabnikov v zvezi s prejetim varnostnim listom. Kaj storiti, \u010de BL ne prejmete. MSDS-Europe","og_url":"https:\/\/www.msds-europe.com\/sl\/informacije-o-bl-za-nadaljnje-uporabnik\/","og_site_name":"MSDS Europe","article_publisher":"https:\/\/www.facebook.com\/toxinfokft\/","article_modified_time":"2026-04-22T12:25:15+00:00","twitter_card":"summary_large_image","twitter_site":"@ToxInfoKft","twitter_misc":{"Est. reading time":"5 minut"},"schema":{"@context":"https:\/\/schema.org","@graph":[{"@type":"WebPage","@id":"https:\/\/www.msds-europe.com\/sl\/informacije-o-bl-za-nadaljnje-uporabnik\/","url":"https:\/\/www.msds-europe.com\/sl\/informacije-o-bl-za-nadaljnje-uporabnik\/","name":"Koristne informacije za nadaljnje uporabnike o varnostnih listih","isPartOf":{"@id":"https:\/\/www.msds-europe.com\/es\/#website"},"datePublished":"2025-09-01T12:28:22+00:00","dateModified":"2026-04-22T12:25:15+00:00","description":"Naloge nadaljnjih uporabnikov v zvezi s prejetim varnostnim listom. Kaj storiti, \u010de BL ne prejmete. MSDS-Europe","breadcrumb":{"@id":"https:\/\/www.msds-europe.com\/sl\/informacije-o-bl-za-nadaljnje-uporabnik\/#breadcrumb"},"inLanguage":"sl-SI","potentialAction":[{"@type":"ReadAction","target":["https:\/\/www.msds-europe.com\/sl\/informacije-o-bl-za-nadaljnje-uporabnik\/"]}]},{"@type":"BreadcrumbList","@id":"https:\/\/www.msds-europe.com\/sl\/informacije-o-bl-za-nadaljnje-uporabnik\/#breadcrumb","itemListElement":[{"@type":"ListItem","position":1,"name":"F\u0151oldal","item":"https:\/\/www.msds-europe.com\/sl\/"},{"@type":"ListItem","position":2,"name":"Koristne informacije za nadaljnje uporabnike o varnostnih listih"}]},{"@type":"WebSite","@id":"https:\/\/www.msds-europe.com\/es\/#website","url":"https:\/\/www.msds-europe.com\/es\/","name":"MSDS Europe","description":"","publisher":{"@id":"https:\/\/www.msds-europe.com\/es\/#organization"},"potentialAction":[{"@type":"SearchAction","target":{"@type":"EntryPoint","urlTemplate":"https:\/\/www.msds-europe.com\/es\/?s={search_term_string}"},"query-input":{"@type":"PropertyValueSpecification","valueRequired":true,"valueName":"search_term_string"}}],"inLanguage":"sl-SI"},{"@type":"Organization","@id":"https:\/\/www.msds-europe.com\/es\/#organization","name":"MSDS-Europe International branch of ToxInfo","url":"https:\/\/www.msds-europe.com\/es\/","logo":{"@type":"ImageObject","inLanguage":"sl-SI","@id":"https:\/\/www.msds-europe.com\/es\/#\/schema\/logo\/image\/","url":"https:\/\/www.msds-europe.com\/wp-content\/uploads\/2021\/04\/msds-europe-logo.jpg","contentUrl":"https:\/\/www.msds-europe.com\/wp-content\/uploads\/2021\/04\/msds-europe-logo.jpg","width":2296,"height":1067,"caption":"MSDS-Europe International branch of ToxInfo"},"image":{"@id":"https:\/\/www.msds-europe.com\/es\/#\/schema\/logo\/image\/"},"sameAs":["https:\/\/www.facebook.com\/toxinfokft\/","https:\/\/x.com\/ToxInfoKft"]}]}},"_links":{"self":[{"href":"https:\/\/www.msds-europe.com\/sl\/wp-json\/wp\/v2\/pages\/34600","targetHints":{"allow":["GET"]}}],"collection":[{"href":"https:\/\/www.msds-europe.com\/sl\/wp-json\/wp\/v2\/pages"}],"about":[{"href":"https:\/\/www.msds-europe.com\/sl\/wp-json\/wp\/v2\/types\/page"}],"author":[{"embeddable":true,"href":"https:\/\/www.msds-europe.com\/sl\/wp-json\/wp\/v2\/users\/2"}],"replies":[{"embeddable":true,"href":"https:\/\/www.msds-europe.com\/sl\/wp-json\/wp\/v2\/comments?post=34600"}],"version-history":[{"count":10,"href":"https:\/\/www.msds-europe.com\/sl\/wp-json\/wp\/v2\/pages\/34600\/revisions"}],"predecessor-version":[{"id":39009,"href":"https:\/\/www.msds-europe.com\/sl\/wp-json\/wp\/v2\/pages\/34600\/revisions\/39009"}],"wp:attachment":[{"href":"https:\/\/www.msds-europe.com\/sl\/wp-json\/wp\/v2\/media?parent=34600"}],"wp:term":[{"taxonomy":"post_tag","embeddable":true,"href":"https:\/\/www.msds-europe.com\/sl\/wp-json\/wp\/v2\/tags?post=34600"}],"curies":[{"name":"wp","href":"https:\/\/api.w.org\/{rel}","templated":true}]}}