{"id":34546,"date":"2025-08-29T13:23:22","date_gmt":"2025-08-29T13:23:22","guid":{"rendered":"https:\/\/www.msds-europe.com\/?page_id=34546"},"modified":"2026-02-23T14:17:00","modified_gmt":"2026-02-23T14:17:00","slug":"9-najpomembnejsih-stvari-o-distribuciji-kemikalij","status":"publish","type":"page","link":"https:\/\/www.msds-europe.com\/sl\/9-najpomembnejsih-stvari-o-distribuciji-kemikalij\/","title":{"rendered":"9 najpomembnej\u0161ih stvari o distribuciji kemikalij"},"content":{"rendered":"<p style=\"text-align: right;\"><em><a href=\"https:\/\/www.msds-europe.com\/compass-to-chemical-safety\/\">Kompas kemijske varnosti<\/a> \u2013 9 najpomembnej\u0161ih stvari, ki jih morate vedeti o distribuciji kemikalij<\/em><\/p>\n<p>&nbsp;<\/p>\n<p style=\"text-align: justify;\"><strong>Z nara\u0161\u010dajo\u010dim povpra\u0161evanjem po kemikalijah so se pojavili novi tr\u017eni akterji (distributerji), ki nimajo izku\u0161enj ali znanja o predpisih kemijske varnosti, ki med drugim urejajo trgovanje s temi proizvodi.<\/strong><\/p>\n<p style=\"text-align: justify;\"><strong>V tem \u010dlanku vas bomo popeljali skozi najpomembnej\u0161a vpra\u0161anja, ki jih je treba razjasniti, da boste lahko za\u010deli distribuirati kemikalije z ustreznim znanjem.<\/strong><\/p>\n<p>&nbsp;<\/p>\n<h4 style=\"text-align: justify;\">1. Ali so obveznosti glede kemijske varnosti enake za vse distributerje?<\/h4>\n<p style=\"text-align: justify;\">Nikakor ne.<\/p>\n<p style=\"text-align: justify;\">Prvi korak je dolo\u010diti \u00bbstatus\u00ab podjetja, ki ga je treba dolo\u010diti posebej za vsak proizvod. Logi\u010dna posledica tega je, da ima lahko podjetje hkrati ve\u010d vlog.<\/p>\n<p style=\"text-align: justify;\">Vloge in obveznosti so odvisne predvsem od izvora kemikalije. Natan\u010dneje: odvisne so od tega, katera stran v transakciji je dejanski \u00bbdobavitelj\u00ab proizvoda in torej kdo bo prodajalec ali kupec v dr\u017eavi, kjer se proizvod daje na trg.<\/p>\n<p style=\"text-align: justify;\">To je prva in najpomembnej\u0161a to\u010dka, pri kateri celo \u0161tevilni \u00bbstrokovnjaki\u00ab za kemijsko varnost logi\u010dno zgre\u0161ijo (obi\u010dajno se sklicujejo zgolj na definiciji v REACH ali CLP) in napa\u010dno dolo\u010dijo obveznosti zadevnega podjetja.<\/p>\n<p style=\"text-align: justify;\">Tej napaki se bomo izognili s preprostim primerom:<\/p>\n<p style=\"text-align: justify;\">\u010ce kupite proizvod od nem\u0161kega podjetja in ga \u017eelite pozneje prodati v drugi dr\u017eavi \u010dlanici (na primer na Mad\u017earskem) \u2013 ali je nem\u0161ko podjetje tisto, ki daje proizvod na mad\u017earski trg, ali va\u0161e podjetje?<\/p>\n<p style=\"text-align: justify;\">Pravilen odgovor je: lahko je eno ali drugo, odvisno od tega, kdo organizira (in pla\u010da) dostavo.<\/p>\n<p style=\"text-align: justify;\">Z drugimi besedami: \u010de nem\u0161ko podjetje dostavi proizvod na Mad\u017earsko, potem je mad\u017earsko podjetje \u00bbpreprodajalec\u00ab kupljenega blaga, saj je nem\u0161ko podjetje proizvod \u017ee dalo na mad\u017earski trg.<\/p>\n<p style=\"text-align: justify;\">\u010ce pa mad\u017earsko podjetje samo organizira prevoz na Mad\u017earsko, to v praksi pomeni, da \u00bbgre po blago v Nem\u010dijo\u00ab, kar pomeni, da je nem\u0161ki partner proizvod prodal v Nem\u010diji, mad\u017earsko podjetje pa je \u00bbdistributer, odgovoren za dajanje na trg na Mad\u017earskem\u00ab.<\/p>\n<p style=\"text-align: justify;\">Tukaj se ne ukvarjamo z dobavo iz dr\u017eav zunaj EGP, saj gre v tem primeru za uvoz, ki spada v povsem drugo kategorijo (v takem primeru podjetja ni mogo\u010de opredeliti kot distributerja, temve\u010d kot \u00bbuvoznika\u00ab, kot to dolo\u010da ustrezna zakonodaja). Ta \u010dlanek ni namenjen uvoznikom, \u010deprav se nanje opisane obveznosti prav tako nana\u0161ajo (z veliko ve\u010djo odgovornostjo).<\/p>\n<p style=\"text-align: justify;\">Treba je omeniti, da imajo pri dolo\u010denih vrstah proizvodov (npr. biocidih) distributerji lahko dodatne obveznosti. V tem \u010dlanku se z njimi ne bomo podrobneje ukvarjali.<\/p>\n<p style=\"text-align: justify;\"><strong>Ne nadaljujte z branjem tega \u010dlanka, \u010de:<\/strong><\/p>\n<ul>\n<li style=\"text-align: justify;\">preto\u010dite proizvod iz velike embala\u017ee v manj\u0161o pred distribucijo,<\/li>\n<li style=\"text-align: justify;\">z izdelkom izvajate dejavnosti, ki niso ravnanje, skladi\u0161\u010denje ali prodaja,<\/li>\n<li style=\"text-align: justify;\">izdelek prepakirate, ponovno ozna\u010dite ali ga rebrendirate.<\/li>\n<\/ul>\n<p style=\"text-align: justify;\">V teh primerih se status va\u0161ega podjetja spremeni v \u00bbnadaljnjega uporabnika\u00ab in lahko imate povsem druga\u010dne obveznosti glede kemijske varnosti.<\/p>\n<p>&nbsp;<\/p>\n<h4 style=\"text-align: justify;\">2. Katere dokumente in dovoljenja potrebujem za distribucijo v dr\u017eavi \u010dlanici?<\/h4>\n<p style=\"text-align: justify;\">Potrebovali boste <a href=\"https:\/\/www.msds-europe.com\/sl\/izdelava-sestava-varnostnega-lista\/\">varnostni list (SDS)<\/a> in <a href=\"https:\/\/www.msds-europe.com\/sl\/izdelava-osnutkov-etiket\/\">osnutek etikete<\/a> proizvoda v jeziku dr\u017eave \u010dlanice. \u010ce je proizvod razvr\u0161\u010den kot nevaren, boste potrebovali tudi <a href=\"https:\/\/www.msds-europe.com\/sl\/ufi-storitev\/\">PCN-prijavo<\/a> (ne zamenjujte je z dovoljenjem ali registracijo REACH), da ga boste lahko za\u010deli dajati na trg. Samo dolo\u010deni proizvodi, kot so biocidi ali fitofarmacevtska sredstva, zahtevajo dovoljenje.<\/p>\n<p>&nbsp;<\/p>\n<h4 style=\"text-align: justify;\">3. Ali mi mora dobavitelj zagotoviti SDS v uradnem jeziku dr\u017eave, kjer proizvod prodajam, ali ga moram prevesti?<\/h4>\n<p style=\"text-align: justify;\">\u010ce va\u0161e podjetje kot prvo daje proizvod na trg v dolo\u010deni dr\u017eavi, ste odgovorni za varnostni list v uradnem jeziku te dr\u017eave.<\/p>\n<p style=\"text-align: justify;\">In tukaj je poudarek na besedi odgovornost \u2026<\/p>\n<p style=\"text-align: justify;\">Predpostavimo, da \u017eelite proizvod dati na trg na Mad\u017earskem. Mo\u017eno je, da vam (tuji) partner zagotovi SDS v mad\u017ear\u0161\u010dini (\u010deprav tega ni dol\u017ean storiti), vendar ga je treba vedno obravnavati previdno (ti <a href=\"https:\/\/www.msds-europe.com\/about-sds-authoring-softwares\/\">SDS so pogosto ustvarjeni s programsko opremo<\/a>).<\/p>\n<p style=\"text-align: justify;\">V takih primerih priporo\u010damo, da zahtevate \u00bbizvirni\u00ab SDS v tujem jeziku, saj bo v primeru, da organ ali partner odkrije napake ali neskladnosti, ta dokument podlaga za popravek. V vsakem primeru je priporo\u010dljivo, da tak SDS pregleda strokovnjak, preden ga uporabite za prijave ali ga posredujete partnerjem.<\/p>\n<p style=\"text-align: justify;\">\u010ce prejmete samo <a href=\"https:\/\/www.msds-europe.com\/sl\/prevajanje-varnostnih-listov\/\">SDS v tujem jeziku<\/a>, ga morate prevesti. Omejitev ni \u2013 lahko ga prevedete sami, prek prevajalske agencije ali specializiranega podjetja. Pomembno pa je, da \u00bbprevod\u00ab SDS vklju\u010duje tudi preverjanje razvrstitve, pravnih referenc, vsebine, oblike in \u0161tevilnih drugih tehni\u010dnih vidikov. Odgovornost je va\u0161a \u2013 pretehtajte mo\u017enosti in izberite najbolj\u0161o re\u0161itev.<\/p>\n<p style=\"text-align: justify;\">Preprodajalci te odgovornosti nimajo ve\u010d. Dol\u017enost dobavitelja je, da zagotovi SDS v uradnem jeziku dr\u017eave \u010dlanice in v skladu z veljavno zakonodajo. Pomembno pa je tudi, katere dokumente sprejmete in nato posredujete partnerjem, saj to vpliva na ugled va\u0161ega podjetja in lahko ovira distribucijo. Cena zato ne bi smela biti edino merilo pri izbiri dobavitelja.<\/p>\n<p>&nbsp;<\/p>\n<h4 style=\"text-align: justify;\">4. Kaj storiti, \u010de od dobavitelja ne prejmem SDS?<\/h4>\n<p style=\"text-align: justify;\">Sam podatek, da na\u0161 partner ne dobavi SDS skupaj s proizvodom, \u0161e ne pomeni, da deluje nezakonito. Mnogi kemi\u010dni proizvodi SDS ne potrebujejo. Izjeme se dolo\u010dijo predvsem glede na uporabo in razvrstitev proizvoda.<\/p>\n<p style=\"text-align: justify;\">Iz prakse vemo, da lahko odsotnost SDS pri kemi\u010dnem proizvodu povzro\u010di te\u017eave. V takih primerih se pogosto znajdemo v polo\u017eaju, ko se moramo zagovarjati pred partnerji ali organi. Vendar pa imamo tudi v takih primerih minimalno obveznost zagotoviti informacije \u2013 najpreprostej\u0161i in najbolj sprejemljiv na\u010din pa je zagotovitev ali priprava SDS.<\/p>\n<p style=\"text-align: justify;\">Priporo\u010damo, da SDS zahtevate tudi za proizvode, za katere ni obvezna, in jo \u2013 \u010de je v tujem jeziku \u2013 prevedete\/prilagodite. \u010ce vam dobavitelj SDS ne zagotovi, jo dajte pripraviti strokovnjaku ali povzemite razpolo\u017eljive podatke in informacije o proizvodu v dokumentu s strukturo, podobno <a href=\"https:\/\/www.msds-europe.com\/sl\/vsebina-in-formalni-elementi-varnostnega-lista\/\">SDS<\/a>. V tem primeru je pomembno, da dokumenta ne poimenujete \u00bbSDS\u00ab, saj bi sicer zanj veljale formalne zahteve \u2013 a kljub temu boste posredovali bistvene informacije.<\/p>\n<p>&nbsp;<\/p>\n<h4 style=\"text-align: justify;\">5. Kdaj in v kak\u0161ni obliki moram zagotoviti SDS svojim strankam?<\/h4>\n<p style=\"text-align: justify;\">Varnostni list je treba stranki predati ob prvi dobavi proizvoda. Pri nadaljnjih (stalnih) dobavah ga je treba ponovno zagotoviti le, \u010de je medtem na voljo nova razli\u010dica SDS.<\/p>\n<p style=\"text-align: justify;\">V vsakem primeru mora biti predaja SDS dokazljiva in dokumentirana, saj moramo v primeru nadzora dokazati, da ga je stranka prejela.<\/p>\n<p style=\"text-align: justify;\">Predpisi zahtevajo \u00bbaktivno\u00ab predajo, ne zgolj \u00bbpasivno\u00ab dostopnost. Zato <a href=\"https:\/\/www.msds-europe.com\/sl\/pogosta-vprasanja-in-odgovori-kemijska-varnost\/\">SDS, objavljen na spletni strani<\/a>, ne pomeni veljavne predaje.<\/p>\n<p style=\"text-align: justify;\">Dobra praksa je po\u0161iljanje SDS po e-po\u0161ti, predaja skupaj z odpremnimi dokumenti (npr. dobavnico) ali z ra\u010dunom. Dostopnost na spletni strani je sprejemljiva le, \u010de obstajata registracija ali digitalna sled, ki ju je mogo\u010de uporabiti kot dokaz.<\/p>\n<p style=\"text-align: justify;\">Predaja SDS je torej lahko izvedena elektronsko, na podatkovnem nosilcu ali v tiskani obliki (vedno brezpla\u010dno).<\/p>\n<p>&nbsp;<\/p>\n<h4 style=\"text-align: justify;\">6. Ali ima distributer obveznosti v zvezi z ozna\u010devanjem?<\/h4>\n<p style=\"text-align: justify;\">\u010ce ste nadaljnji prodajalec, mora imeti va\u0161 partner izdelke \u017ee ozna\u010dene v lokalnem uradnem jeziku v skladu z veljavnimi predpisi (\u010de ne, jih ne sprejmite). V praksi se lahko zgodi, da je embala\u017ea po\u0161kodovana in z njo tudi etiketa \u2013 v takem primeru morate izdelek ponovno ozna\u010diti (ali ga vrniti partnerju). Izdelka ne smete distribuirati z napa\u010dno, po\u0161kodovano ali manjkajo\u010do etiketo.<\/p>\n<p style=\"text-align: justify;\">Ne pozabite, da se predpisi o kemijski varnosti stalno spreminjajo. Zato je treba ob vsakem prevzemu blaga preveriti skladnost med SDS in etiketo. Pogosto se zgodi, da imate novej\u0161o razli\u010dico SDS, medtem ko etiketa ni bila ustrezno posodobljena (ali obratno).<\/p>\n<p style=\"text-align: justify;\">Kot distributer, odgovoren za dajanje proizvoda na trg v dr\u017eavi \u010dlanici, ste dol\u017eni zagotoviti, da etiketa v uradnem jeziku ustreza SDS. \u010ce je proizvod dobavljen z ve\u010djezi\u010dno etiketo, morate preveriti prevod in skladnost etikete s SDS.<\/p>\n<p style=\"text-align: justify;\">Tudi tukaj imamo enake pomisleke glede etiket, pripravljenih v tujini, kot pri <a href=\"https:\/\/www.msds-europe.com\/about-sds-authoring-softwares\/\">SDS, ustvarjenih s programsko opremo<\/a>.<\/p>\n<p>&nbsp;<\/p>\n<h4 style=\"text-align: justify;\">7. Izpolnil sem vse obveznosti \u2013 je zdaj vse v redu?<\/h4>\n<p style=\"text-align: justify;\">Da, distribucija se lahko za\u010dne \u2013 vendar se va\u0161e naloge na podro\u010dju kemijske varnosti s tem \u0161e ne kon\u010dajo.<\/p>\n<p style=\"text-align: justify;\">Varnostne liste, osnutke etiket in prijave je treba redno pregledovati in po potrebi posodabljati.<\/p>\n<p style=\"text-align: justify;\">Razlogi so lahko zakonodajne spremembe, spremembe na strani proizvajalca, ki lahko vplivajo na sestavo, ali nove informacije o proizvodu, ki utemeljujejo spremembe v SDS in s tem tudi v ozna\u010devanju.<\/p>\n<p style=\"text-align: justify;\">Kot je bilo \u017ee navedeno, je treba vse bistvene spremembe v SDS prijaviti prek portala PCN z a\u017euriranjem prej\u0161nje prijave (\u010de ste zavezanec).<\/p>\n<p style=\"text-align: justify;\">Za u\u010dinkovito spremljanje sprememb izberite dobavitelja, ki vas bo aktivno obve\u0161\u010dal o posodobitvah. Sama objava SDS na spletni strani namre\u010d ne pomeni veljavnega obve\u0161\u010danja.<\/p>\n<p style=\"text-align: justify;\">Za distribucijo kemikalij je nujno, da va\u0161e podjetje pripravi strategijo, s katero bo zagotovilo dolgoro\u010dno skladnost s predpisi kemijske varnosti.<\/p>\n<p>&nbsp;<\/p>\n<h4 style=\"text-align: justify;\">8. Sli\u0161al sem za REACH, ampak ta se na distributerje ne uporablja, kajne?<\/h4>\n<p style=\"text-align: justify;\">Uredba <a href=\"https:\/\/www.msds-europe.com\/sl\/baza-znanja-reach\/\">REACH<\/a> velja za vse udele\u017eence v dobavni verigi, vklju\u010dno z distributerji.<\/p>\n<p style=\"text-align: justify;\">Distributerji imajo pomembno vlogo in obveznosti pri pretoku informacij med strankami (kon\u010dnimi uporabniki), proizvajalci in uvozniki (glavnimi nosilci podatkov).<\/p>\n<p style=\"text-align: justify;\">V praksi ima pretok informacij po REACH zna\u010daj aktivnega posredovanja. Posredovanje SDS strankam ta namen (delno) izpolnjuje, distributer pa ima lahko tudi dodatne komunikacijske obveznosti.<\/p>\n<p>&nbsp;<\/p>\n<h4 style=\"text-align: justify;\">9. Na kaj moram biti pripravljen ob in\u0161pekciji?<\/h4>\n<p style=\"text-align: justify;\">Najprej sodelujte z nadzornimi organi \u2013 to je v interesu obeh strani (tudi va\u0161em).<\/p>\n<p style=\"text-align: justify;\">Glavne to\u010dke pregleda na kraju samem bodo dolo\u010dene glede na \u00bbstatus\u00ab, opisan zgoraj. Na koncu se pripravi poro\u010dilo z ugotovitvami.<\/p>\n<p style=\"text-align: right;\"><a href=\"https:\/\/www.msds-europe.com\/sl\/pogosta-vprasanja-in-odgovori-kemijska-varnost\/\"><em>FAQ \u2013 Pogosta vpra\u0161anja in odgovori o kemijski varnosti<\/em><\/a><\/p>\n<p>&nbsp;<\/p>\n<h3><span style=\"color: #333333;\">Ponujene storitve<\/span><\/h3>\n<ul>\n<li><a href=\"https:\/\/www.msds-europe.com\/sl\/prevajanje-varnostnih-listov\/\">Prevodi varnostnih listov<\/a><\/li>\n<li><a href=\"https:\/\/www.msds-europe.com\/services-regarding-cosmetic-products\/\">Storitve v zvezi z dajanjem kozmeti\u010dnih izdelkov na trg<\/a><\/li>\n<li><a href=\"https:\/\/www.msds-europe.com\/sl\/izdelava-sestava-varnostnega-lista\/\">Priprava in izdelava varnostnih listov<\/a><\/li>\n<\/ul>\n<p>&nbsp;<\/p>\n<h3><span style=\"color: #333333;\">Priporo\u010deni \u010dlanki<\/span><\/h3>\n<ul>\n<li><a href=\"https:\/\/www.msds-europe.com\/obligations-distributors-cosmetic-products\/\" target=\"_blank\" rel=\"noopener\">Obveznosti distributerjev kozmeti\u010dnih izdelkov<\/a><\/li>\n<li><a href=\"https:\/\/www.msds-europe.com\/sl\/predlo%c5%beitev-pcn\/\">Informacije o UFI (unikatni identifikator formule)<\/a><\/li>\n<\/ul>\n<p>&nbsp;<\/p>\n","protected":false},"excerpt":{"rendered":"<p>Kompas kemijske varnosti \u2013 9 najpomembnej\u0161ih stvari, ki jih morate vedeti o distribuciji kemikalij &nbsp; Z nara\u0161\u010dajo\u010dim povpra\u0161evanjem po kemikalijah so se pojavili novi tr\u017eni akterji (distributerji), ki nimajo izku\u0161enj ali znanja o predpisih kemijske varnosti, ki med drugim urejajo trgovanje s temi proizvodi. V tem \u010dlanku vas bomo popeljali&#8230;<\/p>\n","protected":false},"author":2,"featured_media":0,"parent":0,"menu_order":0,"comment_status":"closed","ping_status":"closed","template":"","meta":{"_acf_changed":false,"footnotes":""},"tags":[],"class_list":["post-34546","page","type-page","status-publish","hentry"],"acf":[],"yoast_head":"<!-- This site is optimized with the Yoast SEO plugin v27.2 - https:\/\/yoast.com\/product\/yoast-seo-wordpress\/ -->\n<title>9 najpomembnej\u0161ih stvari o distribuciji kemikalij - MSDS Europe<\/title>\n<meta name=\"description\" content=\"Podroben opis glavnih predpisov in postopkov, povezanih z distribucijo kemikalij\" \/>\n<meta name=\"robots\" content=\"index, follow, max-snippet:-1, max-image-preview:large, max-video-preview:-1\" \/>\n<link rel=\"canonical\" href=\"https:\/\/www.msds-europe.com\/sl\/9-najpomembnejsih-stvari-o-distribuciji-kemikalij\/\" \/>\n<meta property=\"og:locale\" content=\"sl_SI\" \/>\n<meta property=\"og:type\" content=\"article\" \/>\n<meta property=\"og:title\" content=\"9 najpomembnej\u0161ih stvari o distribuciji kemikalij - MSDS Europe\" \/>\n<meta property=\"og:description\" content=\"Podroben opis glavnih predpisov in postopkov, povezanih z distribucijo kemikalij\" \/>\n<meta property=\"og:url\" content=\"https:\/\/www.msds-europe.com\/sl\/9-najpomembnejsih-stvari-o-distribuciji-kemikalij\/\" \/>\n<meta property=\"og:site_name\" content=\"MSDS Europe\" \/>\n<meta property=\"article:publisher\" content=\"https:\/\/www.facebook.com\/toxinfokft\/\" \/>\n<meta property=\"article:modified_time\" content=\"2026-02-23T14:17:00+00:00\" \/>\n<meta name=\"twitter:card\" content=\"summary_large_image\" \/>\n<meta name=\"twitter:site\" content=\"@ToxInfoKft\" \/>\n<meta name=\"twitter:label1\" content=\"Est. reading time\" \/>\n\t<meta name=\"twitter:data1\" content=\"7 minut\" \/>\n<script type=\"application\/ld+json\" class=\"yoast-schema-graph\">{\"@context\":\"https:\/\/schema.org\",\"@graph\":[{\"@type\":\"WebPage\",\"@id\":\"https:\/\/www.msds-europe.com\/sl\/9-najpomembnejsih-stvari-o-distribuciji-kemikalij\/\",\"url\":\"https:\/\/www.msds-europe.com\/sl\/9-najpomembnejsih-stvari-o-distribuciji-kemikalij\/\",\"name\":\"9 najpomembnej\u0161ih stvari o distribuciji kemikalij - MSDS Europe\",\"isPartOf\":{\"@id\":\"https:\/\/www.msds-europe.com\/es\/#website\"},\"datePublished\":\"2025-08-29T13:23:22+00:00\",\"dateModified\":\"2026-02-23T14:17:00+00:00\",\"description\":\"Podroben opis glavnih predpisov in postopkov, povezanih z distribucijo kemikalij\",\"breadcrumb\":{\"@id\":\"https:\/\/www.msds-europe.com\/sl\/9-najpomembnejsih-stvari-o-distribuciji-kemikalij\/#breadcrumb\"},\"inLanguage\":\"sl-SI\",\"potentialAction\":[{\"@type\":\"ReadAction\",\"target\":[\"https:\/\/www.msds-europe.com\/sl\/9-najpomembnejsih-stvari-o-distribuciji-kemikalij\/\"]}]},{\"@type\":\"BreadcrumbList\",\"@id\":\"https:\/\/www.msds-europe.com\/sl\/9-najpomembnejsih-stvari-o-distribuciji-kemikalij\/#breadcrumb\",\"itemListElement\":[{\"@type\":\"ListItem\",\"position\":1,\"name\":\"F\u0151oldal\",\"item\":\"https:\/\/www.msds-europe.com\/sl\/\"},{\"@type\":\"ListItem\",\"position\":2,\"name\":\"9 najpomembnej\u0161ih stvari o distribuciji kemikalij\"}]},{\"@type\":\"WebSite\",\"@id\":\"https:\/\/www.msds-europe.com\/es\/#website\",\"url\":\"https:\/\/www.msds-europe.com\/es\/\",\"name\":\"MSDS Europe\",\"description\":\"\",\"publisher\":{\"@id\":\"https:\/\/www.msds-europe.com\/es\/#organization\"},\"potentialAction\":[{\"@type\":\"SearchAction\",\"target\":{\"@type\":\"EntryPoint\",\"urlTemplate\":\"https:\/\/www.msds-europe.com\/es\/?s={search_term_string}\"},\"query-input\":{\"@type\":\"PropertyValueSpecification\",\"valueRequired\":true,\"valueName\":\"search_term_string\"}}],\"inLanguage\":\"sl-SI\"},{\"@type\":\"Organization\",\"@id\":\"https:\/\/www.msds-europe.com\/es\/#organization\",\"name\":\"MSDS-Europe International branch of ToxInfo\",\"url\":\"https:\/\/www.msds-europe.com\/es\/\",\"logo\":{\"@type\":\"ImageObject\",\"inLanguage\":\"sl-SI\",\"@id\":\"https:\/\/www.msds-europe.com\/es\/#\/schema\/logo\/image\/\",\"url\":\"https:\/\/www.msds-europe.com\/wp-content\/uploads\/2021\/04\/msds-europe-logo.jpg\",\"contentUrl\":\"https:\/\/www.msds-europe.com\/wp-content\/uploads\/2021\/04\/msds-europe-logo.jpg\",\"width\":2296,\"height\":1067,\"caption\":\"MSDS-Europe International branch of ToxInfo\"},\"image\":{\"@id\":\"https:\/\/www.msds-europe.com\/es\/#\/schema\/logo\/image\/\"},\"sameAs\":[\"https:\/\/www.facebook.com\/toxinfokft\/\",\"https:\/\/x.com\/ToxInfoKft\"]}]}<\/script>\n<!-- \/ Yoast SEO plugin. -->","yoast_head_json":{"title":"9 najpomembnej\u0161ih stvari o distribuciji kemikalij - MSDS Europe","description":"Podroben opis glavnih predpisov in postopkov, povezanih z distribucijo kemikalij","robots":{"index":"index","follow":"follow","max-snippet":"max-snippet:-1","max-image-preview":"max-image-preview:large","max-video-preview":"max-video-preview:-1"},"canonical":"https:\/\/www.msds-europe.com\/sl\/9-najpomembnejsih-stvari-o-distribuciji-kemikalij\/","og_locale":"sl_SI","og_type":"article","og_title":"9 najpomembnej\u0161ih stvari o distribuciji kemikalij - MSDS Europe","og_description":"Podroben opis glavnih predpisov in postopkov, povezanih z distribucijo kemikalij","og_url":"https:\/\/www.msds-europe.com\/sl\/9-najpomembnejsih-stvari-o-distribuciji-kemikalij\/","og_site_name":"MSDS Europe","article_publisher":"https:\/\/www.facebook.com\/toxinfokft\/","article_modified_time":"2026-02-23T14:17:00+00:00","twitter_card":"summary_large_image","twitter_site":"@ToxInfoKft","twitter_misc":{"Est. reading time":"7 minut"},"schema":{"@context":"https:\/\/schema.org","@graph":[{"@type":"WebPage","@id":"https:\/\/www.msds-europe.com\/sl\/9-najpomembnejsih-stvari-o-distribuciji-kemikalij\/","url":"https:\/\/www.msds-europe.com\/sl\/9-najpomembnejsih-stvari-o-distribuciji-kemikalij\/","name":"9 najpomembnej\u0161ih stvari o distribuciji kemikalij - MSDS Europe","isPartOf":{"@id":"https:\/\/www.msds-europe.com\/es\/#website"},"datePublished":"2025-08-29T13:23:22+00:00","dateModified":"2026-02-23T14:17:00+00:00","description":"Podroben opis glavnih predpisov in postopkov, povezanih z distribucijo kemikalij","breadcrumb":{"@id":"https:\/\/www.msds-europe.com\/sl\/9-najpomembnejsih-stvari-o-distribuciji-kemikalij\/#breadcrumb"},"inLanguage":"sl-SI","potentialAction":[{"@type":"ReadAction","target":["https:\/\/www.msds-europe.com\/sl\/9-najpomembnejsih-stvari-o-distribuciji-kemikalij\/"]}]},{"@type":"BreadcrumbList","@id":"https:\/\/www.msds-europe.com\/sl\/9-najpomembnejsih-stvari-o-distribuciji-kemikalij\/#breadcrumb","itemListElement":[{"@type":"ListItem","position":1,"name":"F\u0151oldal","item":"https:\/\/www.msds-europe.com\/sl\/"},{"@type":"ListItem","position":2,"name":"9 najpomembnej\u0161ih stvari o distribuciji kemikalij"}]},{"@type":"WebSite","@id":"https:\/\/www.msds-europe.com\/es\/#website","url":"https:\/\/www.msds-europe.com\/es\/","name":"MSDS Europe","description":"","publisher":{"@id":"https:\/\/www.msds-europe.com\/es\/#organization"},"potentialAction":[{"@type":"SearchAction","target":{"@type":"EntryPoint","urlTemplate":"https:\/\/www.msds-europe.com\/es\/?s={search_term_string}"},"query-input":{"@type":"PropertyValueSpecification","valueRequired":true,"valueName":"search_term_string"}}],"inLanguage":"sl-SI"},{"@type":"Organization","@id":"https:\/\/www.msds-europe.com\/es\/#organization","name":"MSDS-Europe International branch of ToxInfo","url":"https:\/\/www.msds-europe.com\/es\/","logo":{"@type":"ImageObject","inLanguage":"sl-SI","@id":"https:\/\/www.msds-europe.com\/es\/#\/schema\/logo\/image\/","url":"https:\/\/www.msds-europe.com\/wp-content\/uploads\/2021\/04\/msds-europe-logo.jpg","contentUrl":"https:\/\/www.msds-europe.com\/wp-content\/uploads\/2021\/04\/msds-europe-logo.jpg","width":2296,"height":1067,"caption":"MSDS-Europe International branch of ToxInfo"},"image":{"@id":"https:\/\/www.msds-europe.com\/es\/#\/schema\/logo\/image\/"},"sameAs":["https:\/\/www.facebook.com\/toxinfokft\/","https:\/\/x.com\/ToxInfoKft"]}]}},"_links":{"self":[{"href":"https:\/\/www.msds-europe.com\/sl\/wp-json\/wp\/v2\/pages\/34546","targetHints":{"allow":["GET"]}}],"collection":[{"href":"https:\/\/www.msds-europe.com\/sl\/wp-json\/wp\/v2\/pages"}],"about":[{"href":"https:\/\/www.msds-europe.com\/sl\/wp-json\/wp\/v2\/types\/page"}],"author":[{"embeddable":true,"href":"https:\/\/www.msds-europe.com\/sl\/wp-json\/wp\/v2\/users\/2"}],"replies":[{"embeddable":true,"href":"https:\/\/www.msds-europe.com\/sl\/wp-json\/wp\/v2\/comments?post=34546"}],"version-history":[{"count":4,"href":"https:\/\/www.msds-europe.com\/sl\/wp-json\/wp\/v2\/pages\/34546\/revisions"}],"predecessor-version":[{"id":37592,"href":"https:\/\/www.msds-europe.com\/sl\/wp-json\/wp\/v2\/pages\/34546\/revisions\/37592"}],"wp:attachment":[{"href":"https:\/\/www.msds-europe.com\/sl\/wp-json\/wp\/v2\/media?parent=34546"}],"wp:term":[{"taxonomy":"post_tag","embeddable":true,"href":"https:\/\/www.msds-europe.com\/sl\/wp-json\/wp\/v2\/tags?post=34546"}],"curies":[{"name":"wp","href":"https:\/\/api.w.org\/{rel}","templated":true}]}}