{"id":34442,"date":"2025-08-28T14:01:56","date_gmt":"2025-08-28T14:01:56","guid":{"rendered":"https:\/\/www.msds-europe.com\/?page_id=34442"},"modified":"2026-04-22T12:37:21","modified_gmt":"2026-04-22T12:37:21","slug":"pogoji-za-zagotavljanje-varnostnega-lista","status":"publish","type":"page","link":"https:\/\/www.msds-europe.com\/sl\/pogoji-za-zagotavljanje-varnostnega-lista\/","title":{"rendered":"Pogoji, pod katerimi je treba zagotoviti varnostni list"},"content":{"rendered":"<p style=\"text-align: right;\"><em><a href=\"https:\/\/www.msds-europe.com\/sl\/baza-znanja-varnostnih-listov\/\">Baza znanja o varnostnih listih<\/a> \u2013 Pogoji, pod katerimi je treba zagotoviti varnostni list<\/em><\/p>\n<p>&nbsp;<\/p>\n<p style=\"text-align: justify;\">Ta \u010dlanek pojasnjuje, kdaj in kako je treba zagotoviti varnostni list (SDS) v skladu z uredbo REACH.<\/p>\n<p style=\"text-align: justify;\">Podrobno opisuje obveznosti dobaviteljev, pogoje za nevarne snovi in zmesi, izjeme za izdelke za kon\u010dne uporabnike ter pravila za posodobitve in razli\u010dice SDS.<\/p>\n<p style=\"text-align: justify;\">Vodnik prav tako poudarja, kako ustrezna komunikacija o tveganjih in strukturirano upravljanje dokumentacije podpirata skladnost v celotni dobavni verigi.<\/p>\n<p>&nbsp;<\/p>\n<ul>\n<li><a href=\"#flow-of-information\">Varnostni list in tok informacij<\/a><\/li>\n<li><a href=\"#customer\">Varnostni list je treba zagotoviti kupcu<\/a><\/li>\n<li><a href=\"#buyer\">Varnostni list je treba na zahtevo zagotoviti kupcu<\/a><\/li>\n<li><a href=\"#SDS-not-compulsory\">Posredovanje informacij, zahtevanih v \u010dlenu 32 \u2013 v primerih, ko SDS ni obvezen<\/a><\/li>\n<li><a href=\"#no-sds\">Primeri, za katere ni treba pripraviti varnostnega lista<\/a><\/li>\n<\/ul>\n<p>&nbsp;<\/p>\n<p><a name=\"flow-of-information\"><\/a><\/p>\n<h3 style=\"text-align: justify;\">Varnostni list in tok informacij<\/h3>\n<p style=\"text-align: justify;\"><a href=\"https:\/\/www.msds-europe.com\/sl\/definicija-varnostnega-lista\/\">Varnostni listi<\/a> so bistvena komunikacijska orodja v dobavni verigi. Zagotavljajo klju\u010dne informacije vsem udele\u017eenim akterjem in jim pomagajo izpolniti obveznosti glede varne uporabe, rokovanja in odstranjevanja snovi in zmesi.<\/p>\n<p style=\"text-align: justify;\">SDS vsebuje bistvene podatke o zdravju, varnosti in okolju ter smernice o za\u0161\u010ditnih ukrepih in postopkih za obvladovanje tveganj. V skladu s \u010dlenom 31 uredbe REACH (Uredba (ES) \u0161t. 1907\/2006) ima SDS klju\u010dno vlogo pri zagotavljanju skladnosti z zakonodajo na podro\u010djih, kot so varnost pri delu, varstvo okolja in obvladovanje kemijskih tveganj.<\/p>\n<p style=\"text-align: justify;\">Usposobljena oseba ga mora posodobiti vsaki\u010d, ko so na voljo nove pomembne informacije.<\/p>\n<p><strong>Kdo pripravi SDS?<\/strong><\/p>\n<p style=\"text-align: justify;\">SDS obi\u010dajno pripravijo proizvajalci, uvozniki ali izklju\u010dni zastopniki, vendar se obveznost lahko raz\u0161iri po celotni dobavni verigi.<\/p>\n<p style=\"text-align: justify;\">Vsak akter je odgovoren za to, da je SDS to\u010den in primeren za predvideno uporabo. Priprava SDS zahteva strokovno znanje s podro\u010dij, kot so toksikologija, okoljske vede, varnost pri delu in transport.<\/p>\n<p style=\"text-align: justify;\">Uredba REACH dolo\u010da, da mora SDS pripraviti \u00bbusposobljena oseba\u00ab, vendar ne dolo\u010da natan\u010dnih kvalifikacij, ki jih mora ta oseba imeti.<\/p>\n<p><strong>Scenariji izpostavljenosti in raz\u0161irjeni SDS (eSDS)<\/strong><\/p>\n<p style=\"text-align: justify;\">\u010ce je snov predmet registracije in je zahtevana ocena kemijske varnosti, morajo proizvajalci ali uvozniki pripraviti <a href=\"https:\/\/www.msds-europe.com\/sl\/pogosta-vprasanja-in-odgovori-kemijska-varnost\/\">scenarije izpostavljenosti<\/a> (ES) kot del ocene kemijske varnosti (CSA).<\/p>\n<p style=\"text-align: justify;\">Ti ES opisujejo pogoje delovanja in ukrepe za obvladovanje tveganj, ki so potrebni za varno uporabo. Kon\u010dni ES morajo biti prilo\u017eeni SDS; v tem primeru govorimo o raz\u0161irjenem varnostnem listu (eSDS).<\/p>\n<p>&nbsp;<\/p>\n<p><a name=\"customer\"><\/a><\/p>\n<h3 style=\"text-align: justify;\">Varnostni list je treba zagotoviti kupcu<\/h3>\n<ul>\n<li style=\"text-align: justify;\">Snov ali zmes je <strong>razvr\u0161\u010dena kot nevarna<\/strong> v skladu z uredbo CLP.<\/li>\n<li style=\"text-align: justify;\">Snov je opredeljena kot obstojna, bioakumulativna in strupena (<strong>PBT<\/strong>) ali zelo obstojna in zelo bioakumulativna (<strong>vPvB<\/strong>) v skladu z merili iz Priloge XIII uredbe REACH.<\/li>\n<li style=\"text-align: justify;\">Snov je vklju\u010dena na <a href=\"https:\/\/www.msds-europe.com\/sl\/baza-znanja-reach\/\"><strong>seznam kandidatov<\/strong><\/a> snovi, ki vzbujajo veliko zaskrbljenost (SVHC), pripravljen v skladu s \u010dlenom 59(1) uredbe REACH.<\/li>\n<\/ul>\n<p style=\"text-align: justify;\">Skratka: v teh primerih je zagotavljanje SDS zakonsko obvezno, brezpla\u010dno in v pisni obliki (na papirju ali v elektronski obliki).<\/p>\n<p>&nbsp;<\/p>\n<p><a name=\"buyer\"><\/a><\/p>\n<h3 style=\"text-align: justify;\">Varnostni list je treba na zahtevo zagotoviti kupcu \u2013 v primeru nenevarnih zmesi, \u010de:<\/h3>\n<ul>\n<li style=\"text-align: justify;\">Za <strong>neplinaste<\/strong> zmesi vsebuje nevarno snov \u2265 1 % po masi.<\/li>\n<li style=\"text-align: justify;\">Za <strong>plinaste<\/strong> zmesi vsebuje nevarno snov \u2265 0,2 % po volumnu.<\/li>\n<li style=\"text-align: justify;\"><strong>Vsebuje snov<\/strong> \u2265 0,1 % po masi, ki je:\n<ul>\n<li style=\"text-align: justify;\">rakotvorna (kategorija 2),<\/li>\n<li style=\"text-align: justify;\">strupena za razmno\u017eevanje (kategorija 1A, 1B ali 2),<\/li>\n<li style=\"text-align: justify;\">senzibilizator ko\u017ee (kategorija 1),<\/li>\n<li style=\"text-align: justify;\">senzibilizator dihal (kategorija 1),<\/li>\n<li style=\"text-align: justify;\">razvr\u0161\u010dena kot PBT ali vPvB,<\/li>\n<li style=\"text-align: justify;\">navedena v skladu s \u010dlenom 59(1) (<a href=\"https:\/\/www.msds-europe.com\/reach-candidate-list\/\">seznam kandidatov<\/a>), ali<\/li>\n<li style=\"text-align: justify;\">podvr\u017eena mejam poklicne izpostavljenosti v EU.<\/li>\n<\/ul>\n<\/li>\n<\/ul>\n<p style=\"text-align: justify;\">V takih primerih je SDS treba zagotoviti na izrecno zahtevo kupca.<\/p>\n<p><a name=\"SDS-not-compulsory\"><\/a><\/p>\n<h3 style=\"text-align: justify;\">Posredovanje informacij, zahtevanih v \u010dlenu 32 \u2013 v primerih, ko SDS ni obvezen<\/h3>\n<p style=\"text-align: justify;\">Tudi kadar ni obveznosti zagotavljanja SDS, ima dobavitelj \u0161e vedno odgovornost posredovati klju\u010dne informacije v dolo\u010denih primerih:<\/p>\n<ul>\n<li style=\"text-align: justify;\">\u010ce je snov predmet avtorizacije, mora dobavitelj posredovati podrobnosti o odobreni avtorizaciji ali \u2013 \u010de je bila zavrnjena \u2013 ustrezne informacije o omejitvi.<\/li>\n<li style=\"text-align: justify;\">\u010ce prejemnik potrebuje smernice za obvladovanje tveganj, mora dobavitelj posredovati vse razpolo\u017eljive podatke, ki pomagajo pri prepoznavanju in uporabi ustreznih ukrepov.<\/li>\n<li style=\"text-align: justify;\">\u010ce obstaja registracijska \u0161tevilka, jo mora dobavitelj vklju\u010diti pri posredovanju ustreznih informacij o snovi.<\/li>\n<\/ul>\n<p style=\"text-align: justify;\">Na ta na\u010din dobavitelj pomaga nadaljnjim uporabnikom, da ostanejo dobro obve\u0161\u010deni in u\u010dinkovito obvladujejo tveganja, tudi brez formalnega SDS.<\/p>\n<p>&nbsp;<\/p>\n<p><a name=\"no-sds\"><\/a><\/p>\n<h3 style=\"text-align: justify;\">Primeri, za katere ni treba pripraviti varnostnega lista<\/h3>\n<p style=\"text-align: justify;\">Nekatere posebne kategorije izdelkov ne zahtevajo varnostnega lista, \u010de alternativne informacije zagotavljajo ustrezno obvladovanje tveganj.<\/p>\n<ul>\n<li style=\"text-align: justify;\">Snovi ali zmesi, namenjene <strong>potro\u0161ni\u0161ki uporabi<\/strong>, \u010de so oznake in druge <strong>informacije o izdelku zadostne<\/strong> za varno uporabo glede na zdravje, varnost in varstvo okolja.<\/li>\n<li style=\"text-align: justify;\"><strong>Kon\u010dni izdelki<\/strong> za kon\u010dne uporabnike, kot so:\n<ul>\n<li style=\"text-align: justify;\">zdravila za uporabo v humani ali veterinarski medicini<\/li>\n<li style=\"text-align: justify;\">kozmeti\u010dni izdelki<\/li>\n<li style=\"text-align: justify;\">medicinski pripomo\u010dki, ki so invazivni ali v neposrednem stiku s \u010dlove\u0161kim telesom<\/li>\n<li style=\"text-align: justify;\">\u017eivila in krmila, vklju\u010dno z:<\/li>\n<li style=\"text-align: justify;\">\u017eivilski dodatki<\/li>\n<li style=\"text-align: justify;\">arome v \u017eivilih<\/li>\n<li style=\"text-align: justify;\">dodatki v krmi<\/li>\n<\/ul>\n<\/li>\n<\/ul>\n<p style=\"text-align: justify;\">V dolo\u010denih primerih lahko usposobljena oseba na zahtevo dobavitelja pripravi SDS tudi za te izdelke, vendar je pomembno vedeti, da SDS zanje ni obvezen.<\/p>\n<p>&nbsp;<\/p>\n<p><a name=\"communication-sds-update\"><\/a><\/p>\n<h3>Komunikacija posodobitev SDS in razli\u010dic<\/h3>\n<p style=\"text-align: justify;\">V skladu s Prilogo II uredbe REACH mora vsak <a href=\"https:\/\/www.msds-europe.com\/sl\/varnostni-list-revizija-posodobitev\/\">posodobljen SDS<\/a> jasno navesti datum revizije na prvi strani, ozna\u010den kot \u00bbRevizija: (datum)\u00ab, skupaj s sklicem na prej\u0161njo razli\u010dico, ki jo nadome\u0161\u010da (npr. \u0161tevilka razli\u010dice ali datum, ki je bil nadome\u0161\u010den).<\/p>\n<p style=\"text-align: justify;\">Poleg tega mora dobavitelj povzeti naravo sprememb v razdelku 16 SDS ali drugje, \u010de je primerno. Kadar zakonodajne spremembe (kot je posodobitev Priloge II) zahtevajo posodobitev SDS v skladu s \u010dlenom 31(9), mora dobavitelj <strong>poslati posodobljen SDS<\/strong> <strong>vsem prejemnikom<\/strong>, ki so prejeli snov ali zmes <strong>v zadnjih 12 mesecih<\/strong>.<\/p>\n<p style=\"text-align: justify;\">Dobavitelji se lahko odlo\u010dijo tudi za retrospektivno razdelitev posodobljenih SDS v primeru drugih pomembnih sprememb, tudi \u010de to ni zakonsko zahtevano.<\/p>\n<p style=\"text-align: justify;\">Za podporo sledljivosti in u\u010dinkovitega upravljanja dokumentov je koristno ustvariti strukturiran <strong>sistem razli\u010dic<\/strong>. Na primer:<\/p>\n<ul>\n<li>1.0 \u2013 izvirna razli\u010dica<\/li>\n<li>1.1, 1.2 \u2013 manj\u0161e posodobitve (ne zahtevajo ponovne razdelitve)<\/li>\n<li>2.0 \u2013 ve\u010dja posodobitev, ki spro\u017ei obvezno ponovno razdelitev<\/li>\n<\/ul>\n<p style=\"text-align: justify;\">\u010ceprav uredba REACH izrecno ne zahteva tak\u0161nega sistema, pove\u010duje preglednost in olaj\u0161a skladnost.<\/p>\n<h3><strong>Brezpla\u010dno spletno svetovanje<\/strong><\/h3>\n<p style=\"text-align: justify;\">\u010ce na na\u0161i spletni strani niste na\u0161li informacij, ki jih potrebujete, preprosto postavite svoja vpra\u0161anja o varnostnih listih neposredno na\u0161emu strokovnjaku.<\/p>\n<p>Za po\u0161iljanje vpra\u0161anj uporabite naslednjo aplikacijo za po\u0161iljanje sporo\u010dil:<\/p>\n<a href=\"https:\/\/www.msds-europe.com\/sl\/spletno-svetovanje\/&lt;br%20\/&gt;\" class=\"su-button su-button-style-default\" style=\"color:#ffffff;background-color:#ef552d;border-color:#c04424;border-radius:6px\" target=\"_self\"><span style=\"color:#ffffff;padding:0px 18px;font-size:14px;line-height:28px;border-color:#f4886c;border-radius:6px;text-shadow:0px 0px 2px #ffffff\"> Vpra\u0161ajte na\u0161ega strokovnjaka za kemijsko varnost!<\/span><\/a>\n<h4 style=\"text-align: justify;\"><span style=\"color: #333333;\">Ponujene storitve<\/span><\/h4>\n<ul>\n<li style=\"text-align: justify;\"><a href=\"https:\/\/www.msds-europe.com\/sl\/prevajanje-varnostnih-listov\/\">Prevajanje varnostnih listov<\/a><\/li>\n<li style=\"text-align: justify;\"><a href=\"https:\/\/www.msds-europe.com\/sl\/varnostni-list-revizija-posodobitev\/\">Revizija in posodobitev varnostnih listov<\/a><\/li>\n<li style=\"text-align: justify;\"><a href=\"https:\/\/www.msds-europe.com\/sl\/izdelava-sestava-varnostnega-lista\/\">Priprava in sestava varnostnega lista<\/a><\/li>\n<li style=\"text-align: justify;\"><a href=\"https:\/\/www.msds-europe.com\/sl\/izdelava-osnutkov-etiket\/\">Priprava ozna\u010dbe<\/a><\/li>\n<\/ul>\n<p>&nbsp;<\/p>\n<h4><span style=\"color: #333333;\">Priporo\u010deni \u010dlanki<\/span><\/h4>\n<ul>\n<li><a href=\"https:\/\/www.msds-europe.com\/sl\/baza-znanja-reach\/\">Obveznosti distributerjev pri komunikaciji REACH<\/a><\/li>\n<li><a href=\"https:\/\/www.msds-europe.com\/downstream-user-reach-communication-obligations\/\">Obveznosti nadaljnjih uporabnikov pri komunikaciji REACH<\/a><\/li>\n<li><a href=\"https:\/\/www.msds-europe.com\/sl\/obdobje-veljavnosti-varnostnega-lista\/\">Obdobje veljavnosti varnostnega lista<\/a><\/li>\n<li><a href=\"https:\/\/www.msds-europe.com\/sl\/definicija-varnostnega-lista\/\">Opredelitev varnostnega lista<\/a><\/li>\n<\/ul>\n<p>&nbsp;<\/p>\n<h3><span style=\"color: #333333;\">Hitra vpra\u0161anja in odgovori<\/span><\/h3>\n<div class=\"su-spoiler su-spoiler-style-fancy su-spoiler-icon-chevron su-spoiler-closed\" data-scroll-offset=\"0\" data-anchor-in-url=\"no\"><div class=\"su-spoiler-title\" tabindex=\"0\" role=\"button\"><span class=\"su-spoiler-icon\"><\/span>Kdo je odgovoren za pripravo varnostnega lista (SDS)?<\/div><div class=\"su-spoiler-content su-u-clearfix su-u-trim\">\n<p style=\"text-align: justify;\">Predvsem proizvajalec, uvoznik ali izklju\u010dni zastopnik, vendar je vsak \u010dlen dobavne verige odgovoren za zagotavljanje natan\u010dnega in ustreznega SDS.<\/p>\n<\/div><\/div>\n<div class=\"su-spoiler su-spoiler-style-fancy su-spoiler-icon-chevron su-spoiler-closed\" data-scroll-offset=\"0\" data-anchor-in-url=\"no\"><div class=\"su-spoiler-title\" tabindex=\"0\" role=\"button\"><span class=\"su-spoiler-icon\"><\/span>Kdaj mora biti scenarij izpostavljenosti prilo\u017een SDS (eSDS)?<\/div><div class=\"su-spoiler-content su-u-clearfix su-u-trim\">\n<p style=\"text-align: justify;\">\u010ce je snov predmet registracije in je bila izvedena ocena kemijske varnosti, morajo biti scenariji izpostavljenosti prilo\u017eeni kot priloga SDS (raz\u0161irjeni SDS\/eSDS).<\/p>\n<\/div><\/div>\n<div class=\"su-spoiler su-spoiler-style-fancy su-spoiler-icon-chevron su-spoiler-closed\" data-scroll-offset=\"0\" data-anchor-in-url=\"no\"><div class=\"su-spoiler-title\" tabindex=\"0\" role=\"button\"><span class=\"su-spoiler-icon\"><\/span>Kdaj je treba zagotoviti SDS za zmes, ki ni razvr\u0161\u010dena kot nevarna, na zahtevo kupca?<\/div><div class=\"su-spoiler-content su-u-clearfix su-u-trim\">\n<p style=\"text-align: justify;\">Kadar zmes vsebuje dolo\u010dene nevarne sestavine nad dolo\u010denimi mejami (npr. \u2265 0,1 % CMR kat. 2, senzibilizator ko\u017ee\/dihal, PBT\/vPvB ali snov s seznama kandidatov) oziroma snovi, za katere veljajo mejne vrednosti poklicne izpostavljenosti.<\/p>\n<\/div><\/div>\n<div class=\"su-spoiler su-spoiler-style-fancy su-spoiler-icon-chevron su-spoiler-closed\" data-scroll-offset=\"0\" data-anchor-in-url=\"no\"><div class=\"su-spoiler-title\" tabindex=\"0\" role=\"button\"><span class=\"su-spoiler-icon\"><\/span>Katere informacije je treba posredovati, \u010de SDS ni zahtevan v skladu s \u010dlenom 32 uredbe REACH?<\/div><div class=\"su-spoiler-content su-u-clearfix su-u-trim\">\n<p style=\"text-align: justify;\">\u0160e vedno je treba zagotoviti ustrezne varnostne informacije za varno uporabo, podrobnosti o avtorizaciji\/omejitvah in \u2013 \u010de je na voljo \u2013 registracijsko \u0161tevilko.<\/p>\n<\/div><\/div>\n","protected":false},"excerpt":{"rendered":"<p>Baza znanja o varnostnih listih \u2013 Pogoji, pod katerimi je treba zagotoviti varnostni list &nbsp; Ta \u010dlanek pojasnjuje, kdaj in kako je treba zagotoviti varnostni list (SDS) v skladu z uredbo REACH. Podrobno opisuje obveznosti dobaviteljev, pogoje za nevarne snovi in zmesi, izjeme za izdelke za kon\u010dne uporabnike ter pravila&#8230;<\/p>\n","protected":false},"author":2,"featured_media":0,"parent":0,"menu_order":0,"comment_status":"closed","ping_status":"closed","template":"","meta":{"_acf_changed":false,"footnotes":""},"tags":[359,258],"class_list":["post-34442","page","type-page","status-publish","hentry","tag-baza-znanja-varnostnih-listov-sl","tag-varnostnega-lista-sl"],"acf":[],"yoast_head":"<!-- This site is optimized with the Yoast SEO plugin v27.2 - https:\/\/yoast.com\/product\/yoast-seo-wordpress\/ -->\n<title>Pogoji, pod katerimi je treba zagotoviti varnostni list<\/title>\n<meta name=\"description\" content=\"Spoznajte zakonske meje, obvezne primere in nasvete za skladno ter u\u010dinkovito izmenjavo informacij. MSDS-Europe\" \/>\n<meta name=\"robots\" content=\"index, follow, max-snippet:-1, max-image-preview:large, max-video-preview:-1\" \/>\n<link rel=\"canonical\" href=\"https:\/\/www.msds-europe.com\/sl\/pogoji-za-zagotavljanje-varnostnega-lista\/\" \/>\n<meta property=\"og:locale\" content=\"sl_SI\" \/>\n<meta property=\"og:type\" content=\"article\" \/>\n<meta property=\"og:title\" content=\"Pogoji, pod katerimi je treba zagotoviti varnostni list\" \/>\n<meta property=\"og:description\" content=\"Spoznajte zakonske meje, obvezne primere in nasvete za skladno ter u\u010dinkovito izmenjavo informacij. MSDS-Europe\" \/>\n<meta property=\"og:url\" content=\"https:\/\/www.msds-europe.com\/sl\/pogoji-za-zagotavljanje-varnostnega-lista\/\" \/>\n<meta property=\"og:site_name\" content=\"MSDS Europe\" \/>\n<meta property=\"article:publisher\" content=\"https:\/\/www.facebook.com\/toxinfokft\/\" \/>\n<meta property=\"article:modified_time\" content=\"2026-04-22T12:37:21+00:00\" \/>\n<meta name=\"twitter:card\" content=\"summary_large_image\" \/>\n<meta name=\"twitter:site\" content=\"@ToxInfoKft\" \/>\n<meta name=\"twitter:label1\" content=\"Est. reading time\" \/>\n\t<meta name=\"twitter:data1\" content=\"6 minut\" \/>\n<script type=\"application\/ld+json\" class=\"yoast-schema-graph\">{\"@context\":\"https:\/\/schema.org\",\"@graph\":[{\"@type\":\"WebPage\",\"@id\":\"https:\/\/www.msds-europe.com\/sl\/pogoji-za-zagotavljanje-varnostnega-lista\/\",\"url\":\"https:\/\/www.msds-europe.com\/sl\/pogoji-za-zagotavljanje-varnostnega-lista\/\",\"name\":\"Pogoji, pod katerimi je treba zagotoviti varnostni list\",\"isPartOf\":{\"@id\":\"https:\/\/www.msds-europe.com\/es\/#website\"},\"datePublished\":\"2025-08-28T14:01:56+00:00\",\"dateModified\":\"2026-04-22T12:37:21+00:00\",\"description\":\"Spoznajte zakonske meje, obvezne primere in nasvete za skladno ter u\u010dinkovito izmenjavo informacij. MSDS-Europe\",\"breadcrumb\":{\"@id\":\"https:\/\/www.msds-europe.com\/sl\/pogoji-za-zagotavljanje-varnostnega-lista\/#breadcrumb\"},\"inLanguage\":\"sl-SI\",\"potentialAction\":[{\"@type\":\"ReadAction\",\"target\":[\"https:\/\/www.msds-europe.com\/sl\/pogoji-za-zagotavljanje-varnostnega-lista\/\"]}]},{\"@type\":\"BreadcrumbList\",\"@id\":\"https:\/\/www.msds-europe.com\/sl\/pogoji-za-zagotavljanje-varnostnega-lista\/#breadcrumb\",\"itemListElement\":[{\"@type\":\"ListItem\",\"position\":1,\"name\":\"F\u0151oldal\",\"item\":\"https:\/\/www.msds-europe.com\/sl\/\"},{\"@type\":\"ListItem\",\"position\":2,\"name\":\"Pogoji, pod katerimi je treba zagotoviti varnostni list\"}]},{\"@type\":\"WebSite\",\"@id\":\"https:\/\/www.msds-europe.com\/es\/#website\",\"url\":\"https:\/\/www.msds-europe.com\/es\/\",\"name\":\"MSDS Europe\",\"description\":\"\",\"publisher\":{\"@id\":\"https:\/\/www.msds-europe.com\/es\/#organization\"},\"potentialAction\":[{\"@type\":\"SearchAction\",\"target\":{\"@type\":\"EntryPoint\",\"urlTemplate\":\"https:\/\/www.msds-europe.com\/es\/?s={search_term_string}\"},\"query-input\":{\"@type\":\"PropertyValueSpecification\",\"valueRequired\":true,\"valueName\":\"search_term_string\"}}],\"inLanguage\":\"sl-SI\"},{\"@type\":\"Organization\",\"@id\":\"https:\/\/www.msds-europe.com\/es\/#organization\",\"name\":\"MSDS-Europe International branch of ToxInfo\",\"url\":\"https:\/\/www.msds-europe.com\/es\/\",\"logo\":{\"@type\":\"ImageObject\",\"inLanguage\":\"sl-SI\",\"@id\":\"https:\/\/www.msds-europe.com\/es\/#\/schema\/logo\/image\/\",\"url\":\"https:\/\/www.msds-europe.com\/wp-content\/uploads\/2021\/04\/msds-europe-logo.jpg\",\"contentUrl\":\"https:\/\/www.msds-europe.com\/wp-content\/uploads\/2021\/04\/msds-europe-logo.jpg\",\"width\":2296,\"height\":1067,\"caption\":\"MSDS-Europe International branch of ToxInfo\"},\"image\":{\"@id\":\"https:\/\/www.msds-europe.com\/es\/#\/schema\/logo\/image\/\"},\"sameAs\":[\"https:\/\/www.facebook.com\/toxinfokft\/\",\"https:\/\/x.com\/ToxInfoKft\"]}]}<\/script>\n<!-- \/ Yoast SEO plugin. -->","yoast_head_json":{"title":"Pogoji, pod katerimi je treba zagotoviti varnostni list","description":"Spoznajte zakonske meje, obvezne primere in nasvete za skladno ter u\u010dinkovito izmenjavo informacij. MSDS-Europe","robots":{"index":"index","follow":"follow","max-snippet":"max-snippet:-1","max-image-preview":"max-image-preview:large","max-video-preview":"max-video-preview:-1"},"canonical":"https:\/\/www.msds-europe.com\/sl\/pogoji-za-zagotavljanje-varnostnega-lista\/","og_locale":"sl_SI","og_type":"article","og_title":"Pogoji, pod katerimi je treba zagotoviti varnostni list","og_description":"Spoznajte zakonske meje, obvezne primere in nasvete za skladno ter u\u010dinkovito izmenjavo informacij. MSDS-Europe","og_url":"https:\/\/www.msds-europe.com\/sl\/pogoji-za-zagotavljanje-varnostnega-lista\/","og_site_name":"MSDS Europe","article_publisher":"https:\/\/www.facebook.com\/toxinfokft\/","article_modified_time":"2026-04-22T12:37:21+00:00","twitter_card":"summary_large_image","twitter_site":"@ToxInfoKft","twitter_misc":{"Est. reading time":"6 minut"},"schema":{"@context":"https:\/\/schema.org","@graph":[{"@type":"WebPage","@id":"https:\/\/www.msds-europe.com\/sl\/pogoji-za-zagotavljanje-varnostnega-lista\/","url":"https:\/\/www.msds-europe.com\/sl\/pogoji-za-zagotavljanje-varnostnega-lista\/","name":"Pogoji, pod katerimi je treba zagotoviti varnostni list","isPartOf":{"@id":"https:\/\/www.msds-europe.com\/es\/#website"},"datePublished":"2025-08-28T14:01:56+00:00","dateModified":"2026-04-22T12:37:21+00:00","description":"Spoznajte zakonske meje, obvezne primere in nasvete za skladno ter u\u010dinkovito izmenjavo informacij. MSDS-Europe","breadcrumb":{"@id":"https:\/\/www.msds-europe.com\/sl\/pogoji-za-zagotavljanje-varnostnega-lista\/#breadcrumb"},"inLanguage":"sl-SI","potentialAction":[{"@type":"ReadAction","target":["https:\/\/www.msds-europe.com\/sl\/pogoji-za-zagotavljanje-varnostnega-lista\/"]}]},{"@type":"BreadcrumbList","@id":"https:\/\/www.msds-europe.com\/sl\/pogoji-za-zagotavljanje-varnostnega-lista\/#breadcrumb","itemListElement":[{"@type":"ListItem","position":1,"name":"F\u0151oldal","item":"https:\/\/www.msds-europe.com\/sl\/"},{"@type":"ListItem","position":2,"name":"Pogoji, pod katerimi je treba zagotoviti varnostni list"}]},{"@type":"WebSite","@id":"https:\/\/www.msds-europe.com\/es\/#website","url":"https:\/\/www.msds-europe.com\/es\/","name":"MSDS Europe","description":"","publisher":{"@id":"https:\/\/www.msds-europe.com\/es\/#organization"},"potentialAction":[{"@type":"SearchAction","target":{"@type":"EntryPoint","urlTemplate":"https:\/\/www.msds-europe.com\/es\/?s={search_term_string}"},"query-input":{"@type":"PropertyValueSpecification","valueRequired":true,"valueName":"search_term_string"}}],"inLanguage":"sl-SI"},{"@type":"Organization","@id":"https:\/\/www.msds-europe.com\/es\/#organization","name":"MSDS-Europe International branch of ToxInfo","url":"https:\/\/www.msds-europe.com\/es\/","logo":{"@type":"ImageObject","inLanguage":"sl-SI","@id":"https:\/\/www.msds-europe.com\/es\/#\/schema\/logo\/image\/","url":"https:\/\/www.msds-europe.com\/wp-content\/uploads\/2021\/04\/msds-europe-logo.jpg","contentUrl":"https:\/\/www.msds-europe.com\/wp-content\/uploads\/2021\/04\/msds-europe-logo.jpg","width":2296,"height":1067,"caption":"MSDS-Europe International branch of ToxInfo"},"image":{"@id":"https:\/\/www.msds-europe.com\/es\/#\/schema\/logo\/image\/"},"sameAs":["https:\/\/www.facebook.com\/toxinfokft\/","https:\/\/x.com\/ToxInfoKft"]}]}},"_links":{"self":[{"href":"https:\/\/www.msds-europe.com\/sl\/wp-json\/wp\/v2\/pages\/34442","targetHints":{"allow":["GET"]}}],"collection":[{"href":"https:\/\/www.msds-europe.com\/sl\/wp-json\/wp\/v2\/pages"}],"about":[{"href":"https:\/\/www.msds-europe.com\/sl\/wp-json\/wp\/v2\/types\/page"}],"author":[{"embeddable":true,"href":"https:\/\/www.msds-europe.com\/sl\/wp-json\/wp\/v2\/users\/2"}],"replies":[{"embeddable":true,"href":"https:\/\/www.msds-europe.com\/sl\/wp-json\/wp\/v2\/comments?post=34442"}],"version-history":[{"count":11,"href":"https:\/\/www.msds-europe.com\/sl\/wp-json\/wp\/v2\/pages\/34442\/revisions"}],"predecessor-version":[{"id":39016,"href":"https:\/\/www.msds-europe.com\/sl\/wp-json\/wp\/v2\/pages\/34442\/revisions\/39016"}],"wp:attachment":[{"href":"https:\/\/www.msds-europe.com\/sl\/wp-json\/wp\/v2\/media?parent=34442"}],"wp:term":[{"taxonomy":"post_tag","embeddable":true,"href":"https:\/\/www.msds-europe.com\/sl\/wp-json\/wp\/v2\/tags?post=34442"}],"curies":[{"name":"wp","href":"https:\/\/api.w.org\/{rel}","templated":true}]}}