{"id":34418,"date":"2025-08-15T13:17:11","date_gmt":"2025-08-15T13:17:11","guid":{"rendered":"https:\/\/www.msds-europe.com\/?page_id=34418"},"modified":"2026-02-25T10:16:51","modified_gmt":"2026-02-25T10:16:51","slug":"preverjanje-sds-varnostni-listi","status":"publish","type":"page","link":"https:\/\/www.msds-europe.com\/sl\/preverjanje-sds-varnostni-listi\/","title":{"rendered":"Preverjanje SDS: kaj moramo nujno preveriti v varnostnih listih"},"content":{"rendered":"<p style=\"text-align: right;\"><em><a href=\"https:\/\/www.msds-europe.com\/sl\/\">MSDS-Europe<\/a> \u2013 Kaj moramo nujno preveriti v varnostnih listih<\/em><\/p>\n<p style=\"text-align: justify;\">Preden navedemo glavne to\u010dke, ki jih je treba preveriti v prejetem varnostnem listu (SDS), vas vabimo, da preberete na\u0161 \u010dlanek o <a href=\"https:\/\/www.msds-europe.com\/conditions-under-which-a-safety-data-sheet-must-be-supplied\/\">pravilih glede zagotavljanja SDS<\/a>.<\/p>\n<h5><strong>Prvi korak:<\/strong><\/h5>\n<p style=\"text-align: justify;\">Najprej lahko (in moramo) preveriti <a href=\"https:\/\/www.msds-europe.com\/sl\/vl-priprava-uvod\/\">jezik<\/a> posredovanega SDS. Morda se zdi presenetljivo, vendar dobavitelj kemi\u010dnega izdelka ni vedno dol\u017ean zagotoviti varnostnega lista v na\u0161em nacionalnem jeziku.<\/p>\n<p style=\"text-align: justify;\">Podjetja, ki uporabljajo programsko opremo za pripravo\/prevajanje SDS, pogosto z veseljem zagotovijo dokument v jeziku kupca, tudi \u010de jim zakonodaja tega izrecno ne nalaga. Vendar moramo biti previdni pri <a href=\"https:\/\/www.msds-europe.com\/about-sds-authoring-softwares\/\">SDS, ki jih generira programska oprema<\/a>, saj so ti pogosto tehni\u010dno vpra\u0161ljivi. Tudi dobesedni \u010dlove\u0161ki prevod \u0161e ne pomeni samodejno ustreznosti \u2013 le majhen del postopka <a href=\"https:\/\/www.msds-europe.com\/sl\/delovni-postopek-izdelave-prevajanja-varnostnih-listov\/\">priprave\/prevajanja SDS<\/a> je zgolj jezikovna storitev; vedno je treba preveriti nacionalno zakonodajo in vsebino (npr. razvrstitev).<\/p>\n<h5><strong>Drugi korak:<\/strong><\/h5>\n<p style=\"text-align: justify;\">Nato je treba preveriti, ali je list \u00bbposodobljen\u00ab \u2013 to se pogosto napa\u010dno razume kot datum veljavnosti. Z vidika zakonodaje formalni \u00bbdatum izteka\u00ab ne obstaja, obstajajo pa <a href=\"https:\/\/www.msds-europe.com\/safety-data-sheet-validity-period\/\">pravila o posodabljanju SDS<\/a>, ki jih je treba poznati.<\/p>\n<h5><strong>Ostali koraki:<\/strong><\/h5>\n<p style=\"text-align: justify;\">Druge kontrole skladnosti so v veliki meri odvisne od dejavnosti podjetja in vrste uporabljenih snovi\/zmesi. Kot distributer, ki se oskrbuje na doma\u010dem trgu, pri uporabi neskladnega SDS predvsem tvegate, da bo stranka zavrnila izdelek, kar pomeni izgubo tr\u017enega dele\u017ea.<\/p>\n<p style=\"text-align: justify;\">\u010ce pa kemi\u010dno snov ali zmes kupujemo v drugi dr\u017eavi EGP, je na\u0161e podjetje lahko odgovorno za <a href=\"https:\/\/www.msds-europe.com\/sl\/ufi-storitev\/\">predlo\u017eitev PCN<\/a> in ozna\u010devanje, ki ju ne bomo mogli pravilno izvesti, \u010de se bomo zana\u0161ali na napa\u010den SDS.<\/p>\n<p style=\"text-align: justify;\">Nadaljnji uporabniki imajo verjetno najve\u010d nalog, povezanih s prejetimi SDS. Oglejte si na\u0161 povzetek <a href=\"https:\/\/www.msds-europe.com\/downstream-user-reach-communication-obligations\/\">osnovnih informacij za nadaljnje uporabnike<\/a> glede obveznosti v zvezi s SDS.<\/p>\n<p style=\"text-align: justify;\">Pomembno je poudariti, da imajo nadaljnji uporabniki \u017ee obveznost preverjanja vsebine SDS, kar lahko pristojni organ preveri med in\u0161pekcijskim pregledom na kraju samem. Posebni ukrepi so potrebni tudi, \u010de SDS vsebuje <a href=\"https:\/\/www.msds-europe.com\/checking-implementing-exposure-scenario\/\">scenarij izpostavljenosti<\/a>.<\/p>\n<p>&nbsp;<\/p>\n<p><strong>Priporo\u010dene storitve:<\/strong><\/p>\n<ul>\n<li><a href=\"https:\/\/www.msds-europe.com\/sl\/prevajanje-varnostnih-listov\/\">Prevajanje SDS<\/a><\/li>\n<li><a href=\"https:\/\/www.msds-europe.com\/sl\/varnostni-list-revizija-posodobitev\/\">Revizija SDS<\/a><\/li>\n<li><a href=\"https:\/\/www.msds-europe.com\/sl\/izdelava-sestava-varnostnega-lista\/\">Priprava in izdelava varnostnih listov<\/a><\/li>\n<\/ul>\n","protected":false},"excerpt":{"rendered":"<p>MSDS-Europe \u2013 Kaj moramo nujno preveriti v varnostnih listih Preden navedemo glavne to\u010dke, ki jih je treba preveriti v prejetem varnostnem listu (SDS), vas vabimo, da preberete na\u0161 \u010dlanek o pravilih glede zagotavljanja SDS. Prvi korak: Najprej lahko (in moramo) preveriti jezik posredovanega SDS. Morda se zdi presenetljivo, vendar dobavitelj&#8230;<\/p>\n","protected":false},"author":2,"featured_media":0,"parent":0,"menu_order":0,"comment_status":"closed","ping_status":"closed","template":"","meta":{"_acf_changed":false,"footnotes":""},"tags":[],"class_list":["post-34418","page","type-page","status-publish","hentry"],"acf":[],"yoast_head":"<!-- This site is optimized with the Yoast SEO plugin v27.2 - https:\/\/yoast.com\/product\/yoast-seo-wordpress\/ -->\n<title>Preverjanje SDS: kaj moramo nujno preveriti v varnostnih listih<\/title>\n<meta name=\"description\" content=\"Kako vem, ali sem od dobavitelja prejel skladen SDS? Na\u0161e preverjanje SDS vsebuje konkretne kontrolne to\u010dke za zagotovitev varnega prevzema blaga.\" \/>\n<meta name=\"robots\" content=\"index, follow, max-snippet:-1, max-image-preview:large, max-video-preview:-1\" \/>\n<link rel=\"canonical\" href=\"https:\/\/www.msds-europe.com\/sl\/preverjanje-sds-varnostni-listi\/\" \/>\n<meta property=\"og:locale\" content=\"sl_SI\" \/>\n<meta property=\"og:type\" content=\"article\" \/>\n<meta property=\"og:title\" content=\"Preverjanje SDS: kaj moramo nujno preveriti v varnostnih listih\" \/>\n<meta property=\"og:description\" content=\"Kako vem, ali sem od dobavitelja prejel skladen SDS? Na\u0161e preverjanje SDS vsebuje konkretne kontrolne to\u010dke za zagotovitev varnega prevzema blaga.\" \/>\n<meta property=\"og:url\" content=\"https:\/\/www.msds-europe.com\/sl\/preverjanje-sds-varnostni-listi\/\" \/>\n<meta property=\"og:site_name\" content=\"MSDS Europe\" \/>\n<meta property=\"article:publisher\" content=\"https:\/\/www.facebook.com\/toxinfokft\/\" \/>\n<meta property=\"article:modified_time\" content=\"2026-02-25T10:16:51+00:00\" \/>\n<meta name=\"twitter:card\" content=\"summary_large_image\" \/>\n<meta name=\"twitter:site\" content=\"@ToxInfoKft\" \/>\n<meta name=\"twitter:label1\" content=\"Est. reading time\" \/>\n\t<meta name=\"twitter:data1\" content=\"2 minuti\" \/>\n<script type=\"application\/ld+json\" class=\"yoast-schema-graph\">{\"@context\":\"https:\/\/schema.org\",\"@graph\":[{\"@type\":\"WebPage\",\"@id\":\"https:\/\/www.msds-europe.com\/sl\/preverjanje-sds-varnostni-listi\/\",\"url\":\"https:\/\/www.msds-europe.com\/sl\/preverjanje-sds-varnostni-listi\/\",\"name\":\"Preverjanje SDS: kaj moramo nujno preveriti v varnostnih listih\",\"isPartOf\":{\"@id\":\"https:\/\/www.msds-europe.com\/es\/#website\"},\"datePublished\":\"2025-08-15T13:17:11+00:00\",\"dateModified\":\"2026-02-25T10:16:51+00:00\",\"description\":\"Kako vem, ali sem od dobavitelja prejel skladen SDS? Na\u0161e preverjanje SDS vsebuje konkretne kontrolne to\u010dke za zagotovitev varnega prevzema blaga.\",\"breadcrumb\":{\"@id\":\"https:\/\/www.msds-europe.com\/sl\/preverjanje-sds-varnostni-listi\/#breadcrumb\"},\"inLanguage\":\"sl-SI\",\"potentialAction\":[{\"@type\":\"ReadAction\",\"target\":[\"https:\/\/www.msds-europe.com\/sl\/preverjanje-sds-varnostni-listi\/\"]}]},{\"@type\":\"BreadcrumbList\",\"@id\":\"https:\/\/www.msds-europe.com\/sl\/preverjanje-sds-varnostni-listi\/#breadcrumb\",\"itemListElement\":[{\"@type\":\"ListItem\",\"position\":1,\"name\":\"F\u0151oldal\",\"item\":\"https:\/\/www.msds-europe.com\/sl\/\"},{\"@type\":\"ListItem\",\"position\":2,\"name\":\"Preverjanje SDS: kaj moramo nujno preveriti v varnostnih listih\"}]},{\"@type\":\"WebSite\",\"@id\":\"https:\/\/www.msds-europe.com\/es\/#website\",\"url\":\"https:\/\/www.msds-europe.com\/es\/\",\"name\":\"MSDS Europe\",\"description\":\"\",\"publisher\":{\"@id\":\"https:\/\/www.msds-europe.com\/es\/#organization\"},\"potentialAction\":[{\"@type\":\"SearchAction\",\"target\":{\"@type\":\"EntryPoint\",\"urlTemplate\":\"https:\/\/www.msds-europe.com\/es\/?s={search_term_string}\"},\"query-input\":{\"@type\":\"PropertyValueSpecification\",\"valueRequired\":true,\"valueName\":\"search_term_string\"}}],\"inLanguage\":\"sl-SI\"},{\"@type\":\"Organization\",\"@id\":\"https:\/\/www.msds-europe.com\/es\/#organization\",\"name\":\"MSDS-Europe International branch of ToxInfo\",\"url\":\"https:\/\/www.msds-europe.com\/es\/\",\"logo\":{\"@type\":\"ImageObject\",\"inLanguage\":\"sl-SI\",\"@id\":\"https:\/\/www.msds-europe.com\/es\/#\/schema\/logo\/image\/\",\"url\":\"https:\/\/www.msds-europe.com\/wp-content\/uploads\/2021\/04\/msds-europe-logo.jpg\",\"contentUrl\":\"https:\/\/www.msds-europe.com\/wp-content\/uploads\/2021\/04\/msds-europe-logo.jpg\",\"width\":2296,\"height\":1067,\"caption\":\"MSDS-Europe International branch of ToxInfo\"},\"image\":{\"@id\":\"https:\/\/www.msds-europe.com\/es\/#\/schema\/logo\/image\/\"},\"sameAs\":[\"https:\/\/www.facebook.com\/toxinfokft\/\",\"https:\/\/x.com\/ToxInfoKft\"]}]}<\/script>\n<!-- \/ Yoast SEO plugin. -->","yoast_head_json":{"title":"Preverjanje SDS: kaj moramo nujno preveriti v varnostnih listih","description":"Kako vem, ali sem od dobavitelja prejel skladen SDS? Na\u0161e preverjanje SDS vsebuje konkretne kontrolne to\u010dke za zagotovitev varnega prevzema blaga.","robots":{"index":"index","follow":"follow","max-snippet":"max-snippet:-1","max-image-preview":"max-image-preview:large","max-video-preview":"max-video-preview:-1"},"canonical":"https:\/\/www.msds-europe.com\/sl\/preverjanje-sds-varnostni-listi\/","og_locale":"sl_SI","og_type":"article","og_title":"Preverjanje SDS: kaj moramo nujno preveriti v varnostnih listih","og_description":"Kako vem, ali sem od dobavitelja prejel skladen SDS? Na\u0161e preverjanje SDS vsebuje konkretne kontrolne to\u010dke za zagotovitev varnega prevzema blaga.","og_url":"https:\/\/www.msds-europe.com\/sl\/preverjanje-sds-varnostni-listi\/","og_site_name":"MSDS Europe","article_publisher":"https:\/\/www.facebook.com\/toxinfokft\/","article_modified_time":"2026-02-25T10:16:51+00:00","twitter_card":"summary_large_image","twitter_site":"@ToxInfoKft","twitter_misc":{"Est. reading time":"2 minuti"},"schema":{"@context":"https:\/\/schema.org","@graph":[{"@type":"WebPage","@id":"https:\/\/www.msds-europe.com\/sl\/preverjanje-sds-varnostni-listi\/","url":"https:\/\/www.msds-europe.com\/sl\/preverjanje-sds-varnostni-listi\/","name":"Preverjanje SDS: kaj moramo nujno preveriti v varnostnih listih","isPartOf":{"@id":"https:\/\/www.msds-europe.com\/es\/#website"},"datePublished":"2025-08-15T13:17:11+00:00","dateModified":"2026-02-25T10:16:51+00:00","description":"Kako vem, ali sem od dobavitelja prejel skladen SDS? Na\u0161e preverjanje SDS vsebuje konkretne kontrolne to\u010dke za zagotovitev varnega prevzema blaga.","breadcrumb":{"@id":"https:\/\/www.msds-europe.com\/sl\/preverjanje-sds-varnostni-listi\/#breadcrumb"},"inLanguage":"sl-SI","potentialAction":[{"@type":"ReadAction","target":["https:\/\/www.msds-europe.com\/sl\/preverjanje-sds-varnostni-listi\/"]}]},{"@type":"BreadcrumbList","@id":"https:\/\/www.msds-europe.com\/sl\/preverjanje-sds-varnostni-listi\/#breadcrumb","itemListElement":[{"@type":"ListItem","position":1,"name":"F\u0151oldal","item":"https:\/\/www.msds-europe.com\/sl\/"},{"@type":"ListItem","position":2,"name":"Preverjanje SDS: kaj moramo nujno preveriti v varnostnih listih"}]},{"@type":"WebSite","@id":"https:\/\/www.msds-europe.com\/es\/#website","url":"https:\/\/www.msds-europe.com\/es\/","name":"MSDS Europe","description":"","publisher":{"@id":"https:\/\/www.msds-europe.com\/es\/#organization"},"potentialAction":[{"@type":"SearchAction","target":{"@type":"EntryPoint","urlTemplate":"https:\/\/www.msds-europe.com\/es\/?s={search_term_string}"},"query-input":{"@type":"PropertyValueSpecification","valueRequired":true,"valueName":"search_term_string"}}],"inLanguage":"sl-SI"},{"@type":"Organization","@id":"https:\/\/www.msds-europe.com\/es\/#organization","name":"MSDS-Europe International branch of ToxInfo","url":"https:\/\/www.msds-europe.com\/es\/","logo":{"@type":"ImageObject","inLanguage":"sl-SI","@id":"https:\/\/www.msds-europe.com\/es\/#\/schema\/logo\/image\/","url":"https:\/\/www.msds-europe.com\/wp-content\/uploads\/2021\/04\/msds-europe-logo.jpg","contentUrl":"https:\/\/www.msds-europe.com\/wp-content\/uploads\/2021\/04\/msds-europe-logo.jpg","width":2296,"height":1067,"caption":"MSDS-Europe International branch of ToxInfo"},"image":{"@id":"https:\/\/www.msds-europe.com\/es\/#\/schema\/logo\/image\/"},"sameAs":["https:\/\/www.facebook.com\/toxinfokft\/","https:\/\/x.com\/ToxInfoKft"]}]}},"_links":{"self":[{"href":"https:\/\/www.msds-europe.com\/sl\/wp-json\/wp\/v2\/pages\/34418","targetHints":{"allow":["GET"]}}],"collection":[{"href":"https:\/\/www.msds-europe.com\/sl\/wp-json\/wp\/v2\/pages"}],"about":[{"href":"https:\/\/www.msds-europe.com\/sl\/wp-json\/wp\/v2\/types\/page"}],"author":[{"embeddable":true,"href":"https:\/\/www.msds-europe.com\/sl\/wp-json\/wp\/v2\/users\/2"}],"replies":[{"embeddable":true,"href":"https:\/\/www.msds-europe.com\/sl\/wp-json\/wp\/v2\/comments?post=34418"}],"version-history":[{"count":4,"href":"https:\/\/www.msds-europe.com\/sl\/wp-json\/wp\/v2\/pages\/34418\/revisions"}],"predecessor-version":[{"id":37813,"href":"https:\/\/www.msds-europe.com\/sl\/wp-json\/wp\/v2\/pages\/34418\/revisions\/37813"}],"wp:attachment":[{"href":"https:\/\/www.msds-europe.com\/sl\/wp-json\/wp\/v2\/media?parent=34418"}],"wp:term":[{"taxonomy":"post_tag","embeddable":true,"href":"https:\/\/www.msds-europe.com\/sl\/wp-json\/wp\/v2\/tags?post=34418"}],"curies":[{"name":"wp","href":"https:\/\/api.w.org\/{rel}","templated":true}]}}