{"id":34399,"date":"2025-08-15T13:03:28","date_gmt":"2025-08-15T13:03:28","guid":{"rendered":"https:\/\/www.msds-europe.com\/?page_id=34399"},"modified":"2026-02-24T10:12:23","modified_gmt":"2026-02-24T10:12:23","slug":"obdobje-veljavnosti-varnostnega-lista","status":"publish","type":"page","link":"https:\/\/www.msds-europe.com\/sl\/obdobje-veljavnosti-varnostnega-lista\/","title":{"rendered":"Obdobje veljavnosti varnostnega lista"},"content":{"rendered":"<p style=\"text-align: right;\"><em><a href=\"https:\/\/www.msds-europe.com\/sl\/baza-znanja-varnostnih-listov\/\">Baza znanja o varnostnih listih<\/a> \u2013 Obdobje veljavnosti varnostnih listov<\/em><\/p>\n<p style=\"text-align: justify;\"><strong>Revizija ali posodobitev varnostnega lista (SDS) je bistvena za zagotavljanje, da so podatki v dokumentu to\u010dni in a\u017eurni.<\/strong><\/p>\n<p>&nbsp;<\/p>\n<ul>\n<li><a href=\"#validity\">Obdobje veljavnosti<\/a><\/li>\n<li><a href=\"#necessary\">Potrebna je revizija varnostnega lista<\/a><\/li>\n<li><a href=\"#rules\">Pravila za revidirane (posodobljene) varnostne liste<\/a><\/li>\n<li><a href=\"#responsible\">Delodajalci in proizvajalci so odgovorni<\/a><\/li>\n<li><a href=\"#conclusion\">Zaklju\u010dek<\/a><\/li>\n<\/ul>\n<p>&nbsp;<\/p>\n<p><a name=\"validity\"><\/a><\/p>\n<h2 style=\"text-align: justify;\">Obdobje veljavnosti<\/h2>\n<p style=\"text-align: justify;\"><strong>Kako dolgo se lahko varnostni list \u0161teje za veljavnega?<\/strong><\/p>\n<p style=\"text-align: justify;\">Varnostni listi v EU nimajo \u00bbobdobja veljavnosti\u00ab ali \u00bbdatuma poteka\u00ab.<\/p>\n<p style=\"text-align: justify;\">Obdobje veljavnosti <a href=\"https:\/\/www.msds-europe.com\/safety-data-sheet-definition\/\">varnostnega lista<\/a> ni odvisno od datuma izdaje ali datuma revizije. Veljavnost (skladnost) varnostnega lista je odvisna od tega, ali ustreza veljavnim predpisom.<\/p>\n<p style=\"text-align: justify;\">Po <strong>1. januarju 2021<\/strong> mora biti vsak varnostni list izdan ali posodobljen v skladu z vsebinskimi in formalnimi zahtevami <a href=\"https:\/\/www.msds-europe.com\/sl\/spremembe-predpisov-varnost-pred-kemikalijami\/\">Uredbe Komisije (EU) 2020\/878<\/a>.<\/p>\n<p style=\"text-align: justify;\">To ne pomeni, da so veljavni le tisti varnostni listi, ki imajo datum revizije <strong>1. januar 2021<\/strong>.<\/p>\n<p style=\"text-align: justify;\">Varnostni listi, ki niso skladni z <strong>Uredbo (EU) 2020\/878<\/strong> (vendar so skladni z Uredbo (EU) 2015\/830), se lahko uporabljajo do <strong>31. decembra 2022<\/strong>.<\/p>\n<p style=\"text-align: right;\"><a href=\"https:\/\/www.msds-europe.com\/sl\/elementi-oznacevanja-varnostnega-lista\/\"><em>Elementi etikete v varnostnem listu (EU) 2020\/878<\/em><\/a><\/p>\n<p>&nbsp;<\/p>\n<p><a name=\"necessary\"><\/a><\/p>\n<h2 style=\"text-align: justify;\">Potrebna je revizija varnostnega lista<\/h2>\n<p style=\"text-align: justify;\"><a href=\"https:\/\/www.msds-europe.com\/sl\/varnostni-list-revizija-posodobitev\/\">Revizija in posodobitev varnostnih listov<\/a> nista vnaprej dolo\u010deni (ni zahteve, da se varnostni listi posodabljajo letno, vsaki dve leti ali vsakih pet let).<\/p>\n<p style=\"text-align: justify;\">Posodobitev je potrebna v vseh primerih, ko so na voljo novi podatki o izdelku.<\/p>\n<p style=\"text-align: justify;\">Varnostni list je treba nemudoma posodobiti v skladu s \u010dlenom 31(9) uredbe REACH, \u010de:<\/p>\n<ul>\n<li style=\"text-align: justify;\">so na voljo nove informacije, ki lahko vplivajo na ukrepe za obvladovanje tveganj,<\/li>\n<li style=\"text-align: justify;\">so na voljo nove informacije o nevarnostih (npr. nova razvrstitev v skladu s CLP),<\/li>\n<li style=\"text-align: justify;\">je bila podeljena ali zavrnjena avtorizacija (uvrstitev v Prilogo XIV uredbe REACH),<\/li>\n<li style=\"text-align: justify;\">je bila uvedena omejitev za snov (Priloga XVII).<\/li>\n<\/ul>\n<p>&nbsp;<\/p>\n<p><a name=\"rules\"><\/a><\/p>\n<h2 style=\"text-align: justify;\">Pravila za revidirane (posodobljene) varnostne liste<\/h2>\n<p style=\"text-align: justify;\">Posodobljen varnostni list je treba poslati vsem prejemnikom, ki so v zadnjih 12 mesecih prejeli snov ali zmes, samodejno in brezpla\u010dno, v pisni obliki (na papirju ali v elektronski obliki). Posodobljen varnostni list mora vsebovati datum zadnje posodobitve.<\/p>\n<p style=\"text-align: justify;\">Datum izdaje varnostnega lista mora biti naveden na prvi strani. Ob posredovanju nove posodobljene razli\u010dice prejemnikom je treba opozoriti na spremembe, navedene v oddelku 16 varnostnega lista (\u010de niso navedene drugje). Na prvi strani posodobljenih varnostnih listov morajo biti navedeni datum revizije, ozna\u010den kot \u00bbRevizija: (datum)\u00ab, ter \u0161tevilka razli\u010dice, \u0161tevilka revizije, datum nadome\u0161\u010dene razli\u010dice ali drug podatek, ki jasno ozna\u010duje, katera razli\u010dica je bila zamenjana.<\/p>\n<p>&nbsp;<\/p>\n<p><a name=\"responsible\"><\/a><\/p>\n<h2>Delodajalci in proizvajalci so odgovorni<\/h2>\n<p style=\"text-align: justify;\">Delodajalci in proizvajalci so odgovorni za zagotavljanje, da so varnostni listi za njihove izdelke a\u017eurni in to\u010dni. To vklju\u010duje revizijo ali posodobitev varnostnega lista, kadar je to potrebno, ter zagotavljanje, da imajo zaposleni najnovej\u0161e informacije o nevarnostih, povezanih z izdelkom. Nepravo\u010dasna posodobitev varnostnega lista lahko povzro\u010di neskladnost z zakonodajnimi zahtevami in morebitne nevarnosti za zaposlene in potro\u0161nike.<\/p>\n<p>&nbsp;<\/p>\n<p><a name=\"conclusion\"><\/a><\/p>\n<h2>Zaklju\u010dek<\/h2>\n<p style=\"text-align: justify;\">Revizija ali posodobitev varnostnega lista je bistven vidik zagotavljanja varnosti delavcev, potro\u0161nikov in okolja. Delodajalci in proizvajalci morajo dati prednost varnosti svojih zaposlenih in javnosti s tem, da zagotovijo, da njihove izdelke spremljajo to\u010dni in a\u017eurni varnostni listi, ki se posodabljajo, kadar so na voljo nove informacije.<\/p>\n<p>&nbsp;<\/p>\n<p>\u00a0<\/p>\n<h3 style=\"text-align: justify;\"><span style=\"color: #333333;\">Ponujene storitve<\/span><\/h3>\n<ul>\n<li style=\"text-align: justify;\"><a href=\"https:\/\/www.msds-europe.com\/sl\/varnostni-list-revizija-posodobitev\/\">Revizija in posodobitev varnostnega lista<\/a> v skladu z veljavnimi predpisi<\/li>\n<li><a href=\"https:\/\/www.msds-europe.com\/sl\/izdelava-osnutkov-etiket\/\">Priprava etikete<\/a><\/li>\n<\/ul>\n<p>&nbsp;<\/p>\n<h3><span style=\"color: #333333;\">Priporo\u010deni \u010dlanki<\/span><\/h3>\n<ul>\n<li><a href=\"https:\/\/www.msds-europe.com\/sl\/pogoji-za-zagotavljanje-varnostnega-lista\/\">Pogoji, pod katerimi je treba zagotoviti varnostni list<\/a><\/li>\n<li><a href=\"https:\/\/www.msds-europe.com\/sl\/vsebina-in-formalni-elementi-varnostnega-lista\/\">Vsebina in formalni elementi varnostnega lista<\/a><\/li>\n<\/ul>\n<p>&nbsp;<\/p>\n<h3><span style=\"color: #333333;\">Pogosto zastavljena vpra\u0161anja in odgovori<\/span><\/h3>\n<div class=\"su-spoiler su-spoiler-style-fancy su-spoiler-icon-chevron su-spoiler-closed\" data-scroll-offset=\"0\" data-anchor-in-url=\"no\"><div class=\"su-spoiler-title\" tabindex=\"0\" role=\"button\"><span class=\"su-spoiler-icon\"><\/span>Kdaj je treba varnostni list nemudoma posodobiti?<\/div><div class=\"su-spoiler-content su-u-clearfix su-u-trim\">\nTakoj, ko so na voljo nove informacije, ki vplivajo na ukrepe za obvladovanje tveganj, razvrstitev nevarnosti ali odlo\u010ditev o avtorizaciji\/omejitvi za snov.<br \/>\n<\/div><\/div>\n<div class=\"su-spoiler su-spoiler-style-fancy su-spoiler-icon-chevron su-spoiler-closed\" data-scroll-offset=\"0\" data-anchor-in-url=\"no\"><div class=\"su-spoiler-title\" tabindex=\"0\" role=\"button\"><span class=\"su-spoiler-icon\"><\/span>Kaj naredi varnostni list \u00bbveljaven\u00ab, \u010de nima datuma poteka?<\/div><div class=\"su-spoiler-content su-u-clearfix su-u-trim\">\nNjegova vsebina in oblika sta skladni z veljavno zakonodajo, trenutno z Uredbo (EU) 2020\/878.<br \/>\n<\/div><\/div>\n<div class=\"su-spoiler su-spoiler-style-fancy su-spoiler-icon-chevron su-spoiler-closed\" data-scroll-offset=\"0\" data-anchor-in-url=\"no\"><div class=\"su-spoiler-title\" tabindex=\"0\" role=\"button\"><span class=\"su-spoiler-icon\"><\/span>Komu je treba poslati posodobljen varnostni list in v kak\u0161nem roku?<\/div><div class=\"su-spoiler-content su-u-clearfix su-u-trim\">\nVsem prejemnikom, ki so v zadnjih 12 mesecih prejeli snov ali zmes, samodejno in brezpla\u010dno, v papirni ali elektronski obliki.<br \/>\n<\/div><\/div>\n","protected":false},"excerpt":{"rendered":"<p>Baza znanja o varnostnih listih \u2013 Obdobje veljavnosti varnostnih listov Revizija ali posodobitev varnostnega lista (SDS) je bistvena za zagotavljanje, da so podatki v dokumentu to\u010dni in a\u017eurni. &nbsp; Obdobje veljavnosti Potrebna je revizija varnostnega lista Pravila za revidirane (posodobljene) varnostne liste Delodajalci in proizvajalci so odgovorni Zaklju\u010dek &nbsp; Obdobje&#8230;<\/p>\n","protected":false},"author":2,"featured_media":0,"parent":0,"menu_order":0,"comment_status":"closed","ping_status":"closed","template":"","meta":{"_acf_changed":false,"footnotes":""},"tags":[359,408,258],"class_list":["post-34399","page","type-page","status-publish","hentry","tag-baza-znanja-varnostnih-listov-sl","tag-varnostnega-lista","tag-varnostnega-lista-sl"],"acf":[],"yoast_head":"<!-- This site is optimized with the Yoast SEO plugin v27.2 - https:\/\/yoast.com\/product\/yoast-seo-wordpress\/ -->\n<title>Obdobje veljavnosti varnostnega lista<\/title>\n<meta name=\"description\" content=\"Kak\u0161no je obdobje veljavnosti varnostnega lista? Na\u0161 strokovnjak odgovarja: v EU obdobje veljavnosti ne obstaja, vendar\u2026\" \/>\n<meta name=\"robots\" content=\"index, follow, max-snippet:-1, max-image-preview:large, max-video-preview:-1\" \/>\n<link rel=\"canonical\" href=\"https:\/\/www.msds-europe.com\/sl\/obdobje-veljavnosti-varnostnega-lista\/\" \/>\n<meta property=\"og:locale\" content=\"sl_SI\" \/>\n<meta property=\"og:type\" content=\"article\" \/>\n<meta property=\"og:title\" content=\"Obdobje veljavnosti varnostnega lista\" \/>\n<meta property=\"og:description\" content=\"Kak\u0161no je obdobje veljavnosti varnostnega lista? Na\u0161 strokovnjak odgovarja: v EU obdobje veljavnosti ne obstaja, vendar\u2026\" \/>\n<meta property=\"og:url\" content=\"https:\/\/www.msds-europe.com\/sl\/obdobje-veljavnosti-varnostnega-lista\/\" \/>\n<meta property=\"og:site_name\" content=\"MSDS Europe\" \/>\n<meta property=\"article:publisher\" content=\"https:\/\/www.facebook.com\/toxinfokft\/\" \/>\n<meta property=\"article:modified_time\" content=\"2026-02-24T10:12:23+00:00\" \/>\n<meta name=\"twitter:card\" content=\"summary_large_image\" \/>\n<meta name=\"twitter:site\" content=\"@ToxInfoKft\" \/>\n<meta name=\"twitter:label1\" content=\"Est. reading time\" \/>\n\t<meta name=\"twitter:data1\" content=\"3 minute\" \/>\n<script type=\"application\/ld+json\" class=\"yoast-schema-graph\">{\"@context\":\"https:\/\/schema.org\",\"@graph\":[{\"@type\":\"WebPage\",\"@id\":\"https:\/\/www.msds-europe.com\/sl\/obdobje-veljavnosti-varnostnega-lista\/\",\"url\":\"https:\/\/www.msds-europe.com\/sl\/obdobje-veljavnosti-varnostnega-lista\/\",\"name\":\"Obdobje veljavnosti varnostnega lista\",\"isPartOf\":{\"@id\":\"https:\/\/www.msds-europe.com\/es\/#website\"},\"datePublished\":\"2025-08-15T13:03:28+00:00\",\"dateModified\":\"2026-02-24T10:12:23+00:00\",\"description\":\"Kak\u0161no je obdobje veljavnosti varnostnega lista? Na\u0161 strokovnjak odgovarja: v EU obdobje veljavnosti ne obstaja, vendar\u2026\",\"breadcrumb\":{\"@id\":\"https:\/\/www.msds-europe.com\/sl\/obdobje-veljavnosti-varnostnega-lista\/#breadcrumb\"},\"inLanguage\":\"sl-SI\",\"potentialAction\":[{\"@type\":\"ReadAction\",\"target\":[\"https:\/\/www.msds-europe.com\/sl\/obdobje-veljavnosti-varnostnega-lista\/\"]}]},{\"@type\":\"BreadcrumbList\",\"@id\":\"https:\/\/www.msds-europe.com\/sl\/obdobje-veljavnosti-varnostnega-lista\/#breadcrumb\",\"itemListElement\":[{\"@type\":\"ListItem\",\"position\":1,\"name\":\"F\u0151oldal\",\"item\":\"https:\/\/www.msds-europe.com\/sl\/\"},{\"@type\":\"ListItem\",\"position\":2,\"name\":\"Obdobje veljavnosti varnostnega lista\"}]},{\"@type\":\"WebSite\",\"@id\":\"https:\/\/www.msds-europe.com\/es\/#website\",\"url\":\"https:\/\/www.msds-europe.com\/es\/\",\"name\":\"MSDS Europe\",\"description\":\"\",\"publisher\":{\"@id\":\"https:\/\/www.msds-europe.com\/es\/#organization\"},\"potentialAction\":[{\"@type\":\"SearchAction\",\"target\":{\"@type\":\"EntryPoint\",\"urlTemplate\":\"https:\/\/www.msds-europe.com\/es\/?s={search_term_string}\"},\"query-input\":{\"@type\":\"PropertyValueSpecification\",\"valueRequired\":true,\"valueName\":\"search_term_string\"}}],\"inLanguage\":\"sl-SI\"},{\"@type\":\"Organization\",\"@id\":\"https:\/\/www.msds-europe.com\/es\/#organization\",\"name\":\"MSDS-Europe International branch of ToxInfo\",\"url\":\"https:\/\/www.msds-europe.com\/es\/\",\"logo\":{\"@type\":\"ImageObject\",\"inLanguage\":\"sl-SI\",\"@id\":\"https:\/\/www.msds-europe.com\/es\/#\/schema\/logo\/image\/\",\"url\":\"https:\/\/www.msds-europe.com\/wp-content\/uploads\/2021\/04\/msds-europe-logo.jpg\",\"contentUrl\":\"https:\/\/www.msds-europe.com\/wp-content\/uploads\/2021\/04\/msds-europe-logo.jpg\",\"width\":2296,\"height\":1067,\"caption\":\"MSDS-Europe International branch of ToxInfo\"},\"image\":{\"@id\":\"https:\/\/www.msds-europe.com\/es\/#\/schema\/logo\/image\/\"},\"sameAs\":[\"https:\/\/www.facebook.com\/toxinfokft\/\",\"https:\/\/x.com\/ToxInfoKft\"]}]}<\/script>\n<!-- \/ Yoast SEO plugin. -->","yoast_head_json":{"title":"Obdobje veljavnosti varnostnega lista","description":"Kak\u0161no je obdobje veljavnosti varnostnega lista? Na\u0161 strokovnjak odgovarja: v EU obdobje veljavnosti ne obstaja, vendar\u2026","robots":{"index":"index","follow":"follow","max-snippet":"max-snippet:-1","max-image-preview":"max-image-preview:large","max-video-preview":"max-video-preview:-1"},"canonical":"https:\/\/www.msds-europe.com\/sl\/obdobje-veljavnosti-varnostnega-lista\/","og_locale":"sl_SI","og_type":"article","og_title":"Obdobje veljavnosti varnostnega lista","og_description":"Kak\u0161no je obdobje veljavnosti varnostnega lista? Na\u0161 strokovnjak odgovarja: v EU obdobje veljavnosti ne obstaja, vendar\u2026","og_url":"https:\/\/www.msds-europe.com\/sl\/obdobje-veljavnosti-varnostnega-lista\/","og_site_name":"MSDS Europe","article_publisher":"https:\/\/www.facebook.com\/toxinfokft\/","article_modified_time":"2026-02-24T10:12:23+00:00","twitter_card":"summary_large_image","twitter_site":"@ToxInfoKft","twitter_misc":{"Est. reading time":"3 minute"},"schema":{"@context":"https:\/\/schema.org","@graph":[{"@type":"WebPage","@id":"https:\/\/www.msds-europe.com\/sl\/obdobje-veljavnosti-varnostnega-lista\/","url":"https:\/\/www.msds-europe.com\/sl\/obdobje-veljavnosti-varnostnega-lista\/","name":"Obdobje veljavnosti varnostnega lista","isPartOf":{"@id":"https:\/\/www.msds-europe.com\/es\/#website"},"datePublished":"2025-08-15T13:03:28+00:00","dateModified":"2026-02-24T10:12:23+00:00","description":"Kak\u0161no je obdobje veljavnosti varnostnega lista? Na\u0161 strokovnjak odgovarja: v EU obdobje veljavnosti ne obstaja, vendar\u2026","breadcrumb":{"@id":"https:\/\/www.msds-europe.com\/sl\/obdobje-veljavnosti-varnostnega-lista\/#breadcrumb"},"inLanguage":"sl-SI","potentialAction":[{"@type":"ReadAction","target":["https:\/\/www.msds-europe.com\/sl\/obdobje-veljavnosti-varnostnega-lista\/"]}]},{"@type":"BreadcrumbList","@id":"https:\/\/www.msds-europe.com\/sl\/obdobje-veljavnosti-varnostnega-lista\/#breadcrumb","itemListElement":[{"@type":"ListItem","position":1,"name":"F\u0151oldal","item":"https:\/\/www.msds-europe.com\/sl\/"},{"@type":"ListItem","position":2,"name":"Obdobje veljavnosti varnostnega lista"}]},{"@type":"WebSite","@id":"https:\/\/www.msds-europe.com\/es\/#website","url":"https:\/\/www.msds-europe.com\/es\/","name":"MSDS Europe","description":"","publisher":{"@id":"https:\/\/www.msds-europe.com\/es\/#organization"},"potentialAction":[{"@type":"SearchAction","target":{"@type":"EntryPoint","urlTemplate":"https:\/\/www.msds-europe.com\/es\/?s={search_term_string}"},"query-input":{"@type":"PropertyValueSpecification","valueRequired":true,"valueName":"search_term_string"}}],"inLanguage":"sl-SI"},{"@type":"Organization","@id":"https:\/\/www.msds-europe.com\/es\/#organization","name":"MSDS-Europe International branch of ToxInfo","url":"https:\/\/www.msds-europe.com\/es\/","logo":{"@type":"ImageObject","inLanguage":"sl-SI","@id":"https:\/\/www.msds-europe.com\/es\/#\/schema\/logo\/image\/","url":"https:\/\/www.msds-europe.com\/wp-content\/uploads\/2021\/04\/msds-europe-logo.jpg","contentUrl":"https:\/\/www.msds-europe.com\/wp-content\/uploads\/2021\/04\/msds-europe-logo.jpg","width":2296,"height":1067,"caption":"MSDS-Europe International branch of ToxInfo"},"image":{"@id":"https:\/\/www.msds-europe.com\/es\/#\/schema\/logo\/image\/"},"sameAs":["https:\/\/www.facebook.com\/toxinfokft\/","https:\/\/x.com\/ToxInfoKft"]}]}},"_links":{"self":[{"href":"https:\/\/www.msds-europe.com\/sl\/wp-json\/wp\/v2\/pages\/34399","targetHints":{"allow":["GET"]}}],"collection":[{"href":"https:\/\/www.msds-europe.com\/sl\/wp-json\/wp\/v2\/pages"}],"about":[{"href":"https:\/\/www.msds-europe.com\/sl\/wp-json\/wp\/v2\/types\/page"}],"author":[{"embeddable":true,"href":"https:\/\/www.msds-europe.com\/sl\/wp-json\/wp\/v2\/users\/2"}],"replies":[{"embeddable":true,"href":"https:\/\/www.msds-europe.com\/sl\/wp-json\/wp\/v2\/comments?post=34399"}],"version-history":[{"count":5,"href":"https:\/\/www.msds-europe.com\/sl\/wp-json\/wp\/v2\/pages\/34399\/revisions"}],"predecessor-version":[{"id":37649,"href":"https:\/\/www.msds-europe.com\/sl\/wp-json\/wp\/v2\/pages\/34399\/revisions\/37649"}],"wp:attachment":[{"href":"https:\/\/www.msds-europe.com\/sl\/wp-json\/wp\/v2\/media?parent=34399"}],"wp:term":[{"taxonomy":"post_tag","embeddable":true,"href":"https:\/\/www.msds-europe.com\/sl\/wp-json\/wp\/v2\/tags?post=34399"}],"curies":[{"name":"wp","href":"https:\/\/api.w.org\/{rel}","templated":true}]}}