{"id":34283,"date":"2025-08-15T11:00:36","date_gmt":"2025-08-15T11:00:36","guid":{"rendered":"https:\/\/www.msds-europe.com\/?page_id=34283"},"modified":"2026-02-23T12:28:37","modified_gmt":"2026-02-23T12:28:37","slug":"pr-kemijska-varnost","status":"publish","type":"page","link":"https:\/\/www.msds-europe.com\/sl\/pr-kemijska-varnost\/","title":{"rendered":"Ali je kemijska varnost novo orodje PR?"},"content":{"rendered":"<p style=\"text-align: right;\"><em><a href=\"https:\/\/www.msds-europe.com\/sl\/\">MSDS-Europe<\/a> \u2013 <a href=\"https:\/\/www.msds-europe.com\/compass-to-chemical-safety\/\">Kompas za kemijsko varnost<\/a> \u2013 Ali je kemijska varnost novo orodje PR?<\/em><\/p>\n<p style=\"text-align: justify;\"><strong>Vsako podjetje ima podro\u010dja, kjer se lahko obstoje\u010de zakonske obveznosti zlahka spremenijo v poslovne prilo\u017enosti. Kemijska varnost je eno od teh podro\u010dij \u2013 potrebna je le prava miselnost, da prepoznamo njen komunikacijski potencial in ga izkoristimo kot <span style=\"white-space: nowrap;\">PR v kemijski varnosti<\/span>.<\/strong><\/p>\n<p style=\"text-align: justify;\"><strong>Zaradi nara\u0161\u010dajo\u010de ozave\u0161\u010denosti potro\u0161nikov o zdravju in okolju ter pove\u010danih zahtev na\u0161ih poslovnih partnerjev glede kemijske varnosti se moramo na trgu predstaviti kot zanesljiv partner, ki posluje v skladu z zakonodajo. In da, \u017ee smo v svetu odnosov z javnostmi \u2026<\/strong><\/p>\n<p>&nbsp;<\/p>\n<h4 style=\"text-align: justify;\">Koga moramo \u2013 in \u017eelimo \u2013 zadovoljiti?<\/h4>\n<p style=\"text-align: justify;\">Uni\u010devalni u\u010dinek \u00bbpritiska skladnosti\u00ab je viden tudi na podro\u010dju kemijske varnosti, \u0161e posebej, \u010de si ne znamo jasno dolo\u010diti, komu in v kolik\u0161ni meri se moramo ali \u017eelimo prilagoditi.<\/p>\n<p style=\"text-align: justify;\">Za\u010dnimo z najbolj o\u010ditnim pristopom, ki se osredoto\u010da na pri\u010dakovanja nadzornih organov. Lahko ga imenujemo odnos \u00bbBrez kazni, brez te\u017eav\u00ab. Podjetje dejansko nekaj \u010dasa ne bo imelo te\u017eav, dokler bo komuniciralo samo z in\u0161pektorjem, katerega pri\u010dakovanja sistem kemijske varnosti izpolnjuje. Vendar hitro razumemo, zakaj je ta pot napa\u010dna.<\/p>\n<p style=\"text-align: justify;\">Veliko naprednej\u0161i pristop \u2013 saj \u017ee ka\u017ee dolo\u010deno razumevanje <a href=\"https:\/\/www.msds-europe.com\/distributors-reach-communication-obligations\/\">obveznosti obve\u0161\u010danja v okviru REACH<\/a> \u2013 je prizadevanje, da zadovoljimo pri\u010dakovanja na\u0161ih strank. V praksi to obi\u010dajno pomeni, da tisto, \u010desar partner ne omenja, \u0161tejemo za ustrezno, tisto, kar pa zahteva, posku\u0161amo nekako \u00bburediti\u00ab ali preprosto zavrniti. Upo\u0161tevajmo, da \u017eeli zahteva verjetno re\u0161iti resni\u010den problem in da na\u0161 partner od nas kot dobavitelja potrebuje nujne podatke\/informacije, da izpolni svoje lastne obveznosti na podro\u010dju kemijske varnosti. Hkrati pa na\u0161i poslovni partnerji pogosto niso strokovnjaki za kemijsko varnost in mnogokrat \u2013 na podlagi nepopolnih informacij \u2013 po nepotrebnem obremenjujejo na\u0161e dragocene vire z nerelevantnimi zahtevami.<\/p>\n<p style=\"text-align: justify;\">Oni ne razumejo, mi ne razumemo. A vsaj dolgo smo o tem govorili \u2026<\/p>\n<p style=\"text-align: justify;\">Ne zavajajmo se: kljub na\u0161im prizadevanjem ta tip komunikacije ne bo pove\u010dal vrednosti na\u0161e blagovne znamke v o\u010deh stranke. Partner bo menil, da smo tudi mi laiki na podro\u010dju kemijske varnosti in da ne moremo u\u010dinkovito pomagati, ko nastane te\u017eava. Bilanca tega pristopa bo veliko porabljene energije in negativen komunikacijski rezultat.<\/p>\n<p style=\"text-align: justify;\">Re\u0161itev dileme je preprosta. <strong>Upo\u0161tevati moramo zakonodajo.<\/strong> <a href=\"https:\/\/www.msds-europe.com\/sl\/spremembe-predpisov-varnost-pred-kemikalijami\/\">Veljavno zakonodajo<\/a>. \u010ce to dose\u017eemo in to stanje nenehno ohranjamo, ni te\u017eko razumeti, da bomo hkrati izpolnili pri\u010dakovanja tako nadzornih organov kot tudi na\u0161ih strank. Skladnost z zakonodajo pomeni tudi, da vsaj okvirno razumemo zahteve, ki veljajo za na\u0161e podjetje \u2013 in seveda tudi za na\u0161e kupce. Proaktivno zagotavljamo potrebne dokumente in informacije, po mo\u017enosti \u0161e preden jih partnerji zahtevajo. S\u010dasoma bo ta pristop postal osnova na\u0161e konkuren\u010dne prednosti in u\u010dinkovitega <span style=\"white-space: nowrap;\">PR v kemijski varnosti<\/span>.<\/p>\n<p>&nbsp;<\/p>\n<h4 style=\"text-align: justify;\">Na\u0161i notranji potro\u0161niki so na\u0161i zaposleni<\/h4>\n<p style=\"text-align: justify;\">Ko je vzpostavljen posodobljen sistem kemijske varnosti, se osredoto\u010dimo na na\u0161e najpomembnej\u0161e ob\u010dinstvo \u2013 zaposlene in podizvajalce, torej na\u0161e notranje potro\u0161nike. Uspeh podjetja je vedno odvisen od njih, zakaj bi bilo zdaj druga\u010de?<\/p>\n<p style=\"text-align: justify;\">Vsak delodajalec se zaveda trenutnih razmer na trgu dela \u2013 in da je motivacija zaposlenih eden od stebrov uspeha podjetja. \u010ceprav denarja nikoli ni dovolj, sam po sebi ni ve\u010d dovolj za ohranjanje motivacije. Zaposleni se morajo po\u010dutiti pomembne in cenjene. Izkoristimo interne sestanke in dogodke za krepitev ekipe, da predstavimo na\u0161e dejavnosti in dose\u017eke na podro\u010dju kemijske varnosti. Poka\u017eimo jim, da je ustvarjanje zdravega in varnega delovnega okolja za vodstvo pomembno. To niso ve\u010d prazne besede \u2013 vzemimo jih resno!<\/p>\n<p style=\"text-align: justify;\">Ne pozabimo, da bodo vsi na\u0161i zaposleni neposredno ali posredno sodelovali pri komunikaciji z na\u0161imi strankami. Ne bodo podjetni\u0161ke bro\u0161ure ali slogani na na\u0161i spletni strani tisti, ki bodo prena\u0161ali na\u0161e vrednote, temve\u010d na\u0161i sodelavci. Vklju\u010dimo zaposlene v sistem kemijske varnosti in jim pomagajmo razumeti njegov pomen. <strong>Naj bodo ponosni na svoje podjetje!<\/strong><\/p>\n<p style=\"text-align: justify;\">Ko je kemijska varnost del na\u0161e podjetni\u0161ke kulture, se odpre mo\u017enost resni\u010dno verodostojne zunanje komunikacije.<\/p>\n<p>&nbsp;<\/p>\n<h4 style=\"text-align: justify;\">Komunikacija z zunanjimi potro\u0161niki<\/h4>\n<p style=\"text-align: justify;\">Prevzemimo aktivno vlogo in <strong>poka\u017eimo partnerjem, kaj smo dosegli<\/strong>!<\/p>\n<p style=\"text-align: justify;\">Na\u0161i zunanji potro\u0161niki so precej raznolika skupina. Sem sodijo nadzorni organi, na\u0161i kupci (B2B), maloprodajni potro\u0161niki (B2C) in celo konkurenca. In vsi nas opazujejo! Na sre\u010do.<\/p>\n<p style=\"text-align: justify;\">Da bi razumeli u\u010dinkovito zunanjo komunikacijo, si najprej oglejmo nekaj negativnih primerov.<\/p>\n<p style=\"text-align: justify;\">\u017de smo omenili na\u0161e komunikacijske obveznosti, ki izhajajo (med drugim) iz <a href=\"https:\/\/www.msds-europe.com\/chemical-safety-regulatory-changes\/\">uredbe REACH<\/a>.<\/p>\n<p style=\"text-align: justify;\">Na kratko \u2013 kar je zdaj za nas bistveno \u2013 brez podrobnosti: karkoli na\u0161 dobavitelj opusti, bomo morali opraviti mi. Seveda ni vedno tako, a na nekaj preprostih primerih bomo videli, da lahko re\u0161evanje umetno ustvarjenih te\u017eav porabi precej energije.<\/p>\n<p style=\"text-align: justify;\">Predstavljajmo si, da od dobavitelja izdelkov, ki jih prodajamo, ne prejmemo informacije o vsebnosti SVHC. Na\u0161a stranka vgradi izdelek v kon\u010dni izdelek in kot monter ter distributer izdelka ima podobno obveznost obve\u0161\u010danja o vsebnosti SVHC. Kako bo reagirala, ko bo prejela vpra\u0161anje svoje stranke? Da, obrnila se bo na nas in zaprosila za informacijo \u2013 pod pogojem, da je v na\u0161em podjetju nekdo, ki to razume in zna ustrezno odgovoriti.<\/p>\n<p style=\"text-align: justify;\">Veliko preprosteje bi bilo, \u010de bi na\u0161i stranki poslali informativno pismo, ko so na seznam kandidatnih snovi dodane nove snovi, in jo v eni povedi obvestili, da izdelek \u0161e vedno ne vsebuje SVHC. Na\u0161 partner bi tako lahko takoj odgovoril svoji stranki in nam prihranil dodatno vpra\u0161anje. Po tak\u0161ni izku\u0161nji si bo partner v prihodnosti zagotovo zapomnil na\u0161e podjetje kot zanesljivega dobavitelja. Preprosto, kajne?<\/p>\n<p style=\"text-align: justify;\">Oglejmo si \u0161e splo\u0161nej\u0161i primer v zvezi z <a href=\"https:\/\/www.msds-europe.com\/sl\/prevajanje-varnostnih-listov\/\">varnostnim listom<\/a>.<\/p>\n<p style=\"text-align: justify;\">Koliko distributerjev se zaveda, da so lahko nadaljnji uporabniki pri lokalnem in\u0161pekcijskem pregledu odgovorni za <a href=\"https:\/\/www.msds-europe.com\/sl\/vsebina-in-formalni-elementi-varnostnega-lista\/\">vsebino varnostnega lista<\/a>, \u010deprav predpisi njih ne navajajo kot glavnih odgovornih za njegovo pripravo?<\/p>\n<p style=\"text-align: justify;\">Seveda bo stranka (nadaljnji uporabnik) \u2013 ki smo ji ote\u017eili \u017eivljenje s tem, da smo ji dali neustrezen <a href=\"https:\/\/www.msds-europe.com\/sl\/prevajanje-varnostnih-listov\/\">varnostni list<\/a> \u2013 verjetno naslednji\u010d izbrala izdelek drugega distributerja.<\/p>\n<p style=\"text-align: justify;\">Na\u0161teli bi lahko \u0161e veliko primerov, ko napa\u010dno ali nekakovostno posredovanje informacij po nepotrebnem porablja energijo ali povzro\u010da frustracije ter tako \u0161kodi poslovnim odnosom.<\/p>\n<p style=\"text-align: justify;\">Iz zgornjih primerov je jasno, da ni nujno ustvarjati novih komunikacijskih platform, da bi strankam pokazali na\u0161o pripravljenost. Kakovost in a\u017eurnost ozna\u010devanja, embala\u017ee in varnostnih listov, ki jih zagotavljamo, \u017ee sama po sebi \u00bbkomunicirata\u00ab in prispevata k percepciji na\u0161e blagovne znamke \u2013 \u010de so pravilno upravljeni, so resni\u010dno orodje <span style=\"white-space: nowrap;\">PR v kemijski varnosti<\/span>.<\/p>\n<p style=\"text-align: justify;\">In kaj, \u010de bi k temu dodali \u0161e obve\u0161\u010danje strank o spremembah zakonodaje \u2026<\/p>\n<p style=\"text-align: justify;\">Na koncu na kratko omenimo \u0161e na\u0161e maloprodajne potro\u0161nike in konkurenco.<\/p>\n<p style=\"text-align: justify;\">\u017de smo govorili o okoljskem in zdravstvenem zavedanju na\u0161ih <strong>potro\u0161nikov<\/strong>. Tisti, ki dajejo na trg nevarne kemi\u010dne izdelke, bi morali s primerno komunikacijo potro\u0161nikom pokazati, da predpisi kemijske varnosti slu\u017eijo temu, da lahko te izdelke varno uporabljajo \u2013 in da na\u0161e podjetje te predpise spo\u0161tuje. Kemi\u010dni izdelki so nujni del na\u0161ega vsakdanjega \u017eivljenja. Ni se jih treba bati \u2013 treba jih je znati pravilno uporabljati.<\/p>\n<p style=\"text-align: justify;\"><strong>Konkurenca<\/strong> je morda najmanj pomembna ciljna skupina; verjetno izpolnjuje le minimalno raven zahtev kemijske varnosti. Kaj pa, \u010de prej kot mi opazi prilo\u017enosti PR, skrite v kemijski varnosti?<\/p>\n<p style=\"margin: 0in; font-family: Calibri; font-size: 11pt; text-align: right;\"><a href=\"https:\/\/www.msds-europe.com\/sl\/spletno-svetovanje\/\" class=\"su-button su-button-style-default\" style=\"color:#ef552d;background-color:#e6e2e2;border-color:#b8b5b5;border-radius:6px\" target=\"_self\"><span style=\"color:#ef552d;padding:0px 18px;font-size:14px;line-height:28px;border-color:#eeebeb;border-radius:6px;text-shadow:none\"> Brezpla\u010dno spletno svetovanje<\/span><\/a>\n<p>&nbsp;<\/p>\n<h4><span style=\"color: #333333;\">Na\u0161e priporo\u010dene storitve<\/span><\/h4>\n<ul id=\"menu-szolgaltatasaink\" class=\"menu\">\n<li id=\"menu-item-55\" class=\"menu-item menu-item-type-post_type menu-item-object-page menu-item-55\">Storitve na podro\u010dju varnostnih listov \u2013 <a href=\"https:\/\/www.msds-europe.com\/sl\/izdelava-sestava-varnostnega-lista\/\">priprava SDS<\/a>, <a href=\"https:\/\/www.msds-europe.com\/sl\/prevajanje-varnostnih-listov\/\">prevod<\/a>, <a href=\"https:\/\/www.msds-europe.com\/sl\/varnostni-list-revizija-posodobitev\/\">posodobitev<\/a><\/li>\n<li id=\"menu-item-3202\" class=\"menu-item menu-item-type-post_type menu-item-object-page menu-item-3202\"><a href=\"https:\/\/www.msds-europe.com\/sl\/ufi-storitev\/\">Oddaja UFI \/ PCN<\/a><\/li>\n<li id=\"menu-item-59\" class=\"menu-item menu-item-type-post_type menu-item-object-page menu-item-59\"><a href=\"https:\/\/www.msds-europe.com\/sl\/sluzba-za-stranke\/\">Svetovanje<\/a><\/li>\n<\/ul>\n<p>&nbsp;<\/p>\n<h4><span style=\"color: #333333;\">Koristni viri iz stroke<\/span><\/h4>\n<ul>\n<li>Koristne informacije in <a href=\"https:\/\/www.msds-europe.com\/sl\/baza-znanja-varnostnih-listov\/\">referen\u010dni materiali<\/a> o varnostnih listih<\/li>\n<li>FAQ \u2013 <a href=\"https:\/\/www.msds-europe.com\/sl\/pogosta-vprasanja-in-odgovori-kemijska-varnost\/\">Pogosto zastavljena vpra\u0161anja in odgovori na podro\u010dju kemijske varnosti<\/a><\/li>\n<\/ul>\n<p>&nbsp;<\/p>\n<h4>Hitra vpra\u0161anja in odgovori<\/h4>\n<div class=\"su-spoiler su-spoiler-style-fancy su-spoiler-icon-chevron su-spoiler-closed\" data-scroll-offset=\"0\" data-anchor-in-url=\"no\"><div class=\"su-spoiler-title\" tabindex=\"0\" role=\"button\"><span class=\"su-spoiler-icon\"><\/span>Kako lahko kemijska varnost pomaga graditi ugled podjetja?<\/div><div class=\"su-spoiler-content su-u-clearfix su-u-trim\">\n<p>Z izkori\u0161\u010danjem skladnosti z zakonodajnimi zahtevami za proaktivno komunikacijo se podjetje na trgu predstavi kot zanesljiv, strokovno usposobljen partner \u2013 to je trdna osnova PR v kemijski varnosti.<\/p>\n<\/div><\/div>\n<div class=\"su-spoiler su-spoiler-style-fancy su-spoiler-icon-chevron su-spoiler-closed\" data-scroll-offset=\"0\" data-anchor-in-url=\"no\"><div class=\"su-spoiler-title\" tabindex=\"0\" role=\"button\"><span class=\"su-spoiler-icon\"><\/span>Kak\u0161ne komunikacijske koristi nam lahko prinese skladnost s predpisi?<\/div><div class=\"su-spoiler-content su-u-clearfix su-u-trim\">\n<p>\u010ce pravil ne le spo\u0161tujemo, ampak o tem tudi zavestno obve\u0161\u010damo, pove\u010dujemo zaupanje partnerjev in potro\u0161nikov, pridobivamo konkuren\u010dno prednost ter krepimo PR v kemijski varnosti.<\/p>\n<\/div><\/div>\n<div class=\"su-spoiler su-spoiler-style-fancy su-spoiler-icon-chevron su-spoiler-closed\" data-scroll-offset=\"0\" data-anchor-in-url=\"no\"><div class=\"su-spoiler-title\" tabindex=\"0\" role=\"button\"><span class=\"su-spoiler-icon\"><\/span>Kdo so notranje ciljne skupine komunikacije na podro\u010dju kemijske varnosti?<\/div><div class=\"su-spoiler-content su-u-clearfix su-u-trim\">\n<p>Predvsem zaposleni in podizvajalci, ki jih lahko okrepimo s sestanki in usposabljanji, da bodo ponosni na odgovoren pristop podjetja.<\/p>\n<\/div><\/div>\n","protected":false},"excerpt":{"rendered":"<p>MSDS-Europe \u2013 Kompas za kemijsko varnost \u2013 Ali je kemijska varnost novo orodje PR? Vsako podjetje ima podro\u010dja, kjer se lahko obstoje\u010de zakonske obveznosti zlahka spremenijo v poslovne prilo\u017enosti. Kemijska varnost je eno od teh podro\u010dij \u2013 potrebna je le prava miselnost, da prepoznamo njen komunikacijski potencial in ga izkoristimo&#8230;<\/p>\n","protected":false},"author":2,"featured_media":0,"parent":0,"menu_order":0,"comment_status":"closed","ping_status":"closed","template":"","meta":{"_acf_changed":false,"footnotes":""},"tags":[],"class_list":["post-34283","page","type-page","status-publish","hentry"],"acf":[],"yoast_head":"<!-- This site is optimized with the Yoast SEO plugin v27.2 - https:\/\/yoast.com\/product\/yoast-seo-wordpress\/ -->\n<title>Ali je kemijska varnost novo orodje PR? - MSDS Europe<\/title>\n<meta name=\"description\" content=\"Oblikujte stali\u0161\u010da in izkoristite prilo\u017enosti PR v kemijski varnosti. Spremenite svoje obveznosti v konkuren\u010dno prednost.\" \/>\n<meta name=\"robots\" content=\"index, follow, max-snippet:-1, max-image-preview:large, max-video-preview:-1\" \/>\n<link rel=\"canonical\" href=\"https:\/\/www.msds-europe.com\/sl\/pr-kemijska-varnost\/\" \/>\n<meta property=\"og:locale\" content=\"sl_SI\" \/>\n<meta property=\"og:type\" content=\"article\" \/>\n<meta property=\"og:title\" content=\"Ali je kemijska varnost novo orodje PR? - MSDS Europe\" \/>\n<meta property=\"og:description\" content=\"Oblikujte stali\u0161\u010da in izkoristite prilo\u017enosti PR v kemijski varnosti. Spremenite svoje obveznosti v konkuren\u010dno prednost.\" \/>\n<meta property=\"og:url\" content=\"https:\/\/www.msds-europe.com\/sl\/pr-kemijska-varnost\/\" \/>\n<meta property=\"og:site_name\" content=\"MSDS Europe\" \/>\n<meta property=\"article:publisher\" content=\"https:\/\/www.facebook.com\/toxinfokft\/\" \/>\n<meta property=\"article:modified_time\" content=\"2026-02-23T12:28:37+00:00\" \/>\n<meta name=\"twitter:card\" content=\"summary_large_image\" \/>\n<meta name=\"twitter:site\" content=\"@ToxInfoKft\" \/>\n<meta name=\"twitter:label1\" content=\"Est. reading time\" \/>\n\t<meta name=\"twitter:data1\" content=\"6 minut\" \/>\n<script type=\"application\/ld+json\" class=\"yoast-schema-graph\">{\"@context\":\"https:\/\/schema.org\",\"@graph\":[{\"@type\":\"WebPage\",\"@id\":\"https:\/\/www.msds-europe.com\/sl\/pr-kemijska-varnost\/\",\"url\":\"https:\/\/www.msds-europe.com\/sl\/pr-kemijska-varnost\/\",\"name\":\"Ali je kemijska varnost novo orodje PR? - MSDS Europe\",\"isPartOf\":{\"@id\":\"https:\/\/www.msds-europe.com\/es\/#website\"},\"datePublished\":\"2025-08-15T11:00:36+00:00\",\"dateModified\":\"2026-02-23T12:28:37+00:00\",\"description\":\"Oblikujte stali\u0161\u010da in izkoristite prilo\u017enosti PR v kemijski varnosti. Spremenite svoje obveznosti v konkuren\u010dno prednost.\",\"breadcrumb\":{\"@id\":\"https:\/\/www.msds-europe.com\/sl\/pr-kemijska-varnost\/#breadcrumb\"},\"inLanguage\":\"sl-SI\",\"potentialAction\":[{\"@type\":\"ReadAction\",\"target\":[\"https:\/\/www.msds-europe.com\/sl\/pr-kemijska-varnost\/\"]}]},{\"@type\":\"BreadcrumbList\",\"@id\":\"https:\/\/www.msds-europe.com\/sl\/pr-kemijska-varnost\/#breadcrumb\",\"itemListElement\":[{\"@type\":\"ListItem\",\"position\":1,\"name\":\"F\u0151oldal\",\"item\":\"https:\/\/www.msds-europe.com\/sl\/\"},{\"@type\":\"ListItem\",\"position\":2,\"name\":\"Ali je kemijska varnost novo orodje PR?\"}]},{\"@type\":\"WebSite\",\"@id\":\"https:\/\/www.msds-europe.com\/es\/#website\",\"url\":\"https:\/\/www.msds-europe.com\/es\/\",\"name\":\"MSDS Europe\",\"description\":\"\",\"publisher\":{\"@id\":\"https:\/\/www.msds-europe.com\/es\/#organization\"},\"potentialAction\":[{\"@type\":\"SearchAction\",\"target\":{\"@type\":\"EntryPoint\",\"urlTemplate\":\"https:\/\/www.msds-europe.com\/es\/?s={search_term_string}\"},\"query-input\":{\"@type\":\"PropertyValueSpecification\",\"valueRequired\":true,\"valueName\":\"search_term_string\"}}],\"inLanguage\":\"sl-SI\"},{\"@type\":\"Organization\",\"@id\":\"https:\/\/www.msds-europe.com\/es\/#organization\",\"name\":\"MSDS-Europe International branch of ToxInfo\",\"url\":\"https:\/\/www.msds-europe.com\/es\/\",\"logo\":{\"@type\":\"ImageObject\",\"inLanguage\":\"sl-SI\",\"@id\":\"https:\/\/www.msds-europe.com\/es\/#\/schema\/logo\/image\/\",\"url\":\"https:\/\/www.msds-europe.com\/wp-content\/uploads\/2021\/04\/msds-europe-logo.jpg\",\"contentUrl\":\"https:\/\/www.msds-europe.com\/wp-content\/uploads\/2021\/04\/msds-europe-logo.jpg\",\"width\":2296,\"height\":1067,\"caption\":\"MSDS-Europe International branch of ToxInfo\"},\"image\":{\"@id\":\"https:\/\/www.msds-europe.com\/es\/#\/schema\/logo\/image\/\"},\"sameAs\":[\"https:\/\/www.facebook.com\/toxinfokft\/\",\"https:\/\/x.com\/ToxInfoKft\"]}]}<\/script>\n<!-- \/ Yoast SEO plugin. -->","yoast_head_json":{"title":"Ali je kemijska varnost novo orodje PR? - MSDS Europe","description":"Oblikujte stali\u0161\u010da in izkoristite prilo\u017enosti PR v kemijski varnosti. Spremenite svoje obveznosti v konkuren\u010dno prednost.","robots":{"index":"index","follow":"follow","max-snippet":"max-snippet:-1","max-image-preview":"max-image-preview:large","max-video-preview":"max-video-preview:-1"},"canonical":"https:\/\/www.msds-europe.com\/sl\/pr-kemijska-varnost\/","og_locale":"sl_SI","og_type":"article","og_title":"Ali je kemijska varnost novo orodje PR? - MSDS Europe","og_description":"Oblikujte stali\u0161\u010da in izkoristite prilo\u017enosti PR v kemijski varnosti. Spremenite svoje obveznosti v konkuren\u010dno prednost.","og_url":"https:\/\/www.msds-europe.com\/sl\/pr-kemijska-varnost\/","og_site_name":"MSDS Europe","article_publisher":"https:\/\/www.facebook.com\/toxinfokft\/","article_modified_time":"2026-02-23T12:28:37+00:00","twitter_card":"summary_large_image","twitter_site":"@ToxInfoKft","twitter_misc":{"Est. reading time":"6 minut"},"schema":{"@context":"https:\/\/schema.org","@graph":[{"@type":"WebPage","@id":"https:\/\/www.msds-europe.com\/sl\/pr-kemijska-varnost\/","url":"https:\/\/www.msds-europe.com\/sl\/pr-kemijska-varnost\/","name":"Ali je kemijska varnost novo orodje PR? - MSDS Europe","isPartOf":{"@id":"https:\/\/www.msds-europe.com\/es\/#website"},"datePublished":"2025-08-15T11:00:36+00:00","dateModified":"2026-02-23T12:28:37+00:00","description":"Oblikujte stali\u0161\u010da in izkoristite prilo\u017enosti PR v kemijski varnosti. Spremenite svoje obveznosti v konkuren\u010dno prednost.","breadcrumb":{"@id":"https:\/\/www.msds-europe.com\/sl\/pr-kemijska-varnost\/#breadcrumb"},"inLanguage":"sl-SI","potentialAction":[{"@type":"ReadAction","target":["https:\/\/www.msds-europe.com\/sl\/pr-kemijska-varnost\/"]}]},{"@type":"BreadcrumbList","@id":"https:\/\/www.msds-europe.com\/sl\/pr-kemijska-varnost\/#breadcrumb","itemListElement":[{"@type":"ListItem","position":1,"name":"F\u0151oldal","item":"https:\/\/www.msds-europe.com\/sl\/"},{"@type":"ListItem","position":2,"name":"Ali je kemijska varnost novo orodje PR?"}]},{"@type":"WebSite","@id":"https:\/\/www.msds-europe.com\/es\/#website","url":"https:\/\/www.msds-europe.com\/es\/","name":"MSDS Europe","description":"","publisher":{"@id":"https:\/\/www.msds-europe.com\/es\/#organization"},"potentialAction":[{"@type":"SearchAction","target":{"@type":"EntryPoint","urlTemplate":"https:\/\/www.msds-europe.com\/es\/?s={search_term_string}"},"query-input":{"@type":"PropertyValueSpecification","valueRequired":true,"valueName":"search_term_string"}}],"inLanguage":"sl-SI"},{"@type":"Organization","@id":"https:\/\/www.msds-europe.com\/es\/#organization","name":"MSDS-Europe International branch of ToxInfo","url":"https:\/\/www.msds-europe.com\/es\/","logo":{"@type":"ImageObject","inLanguage":"sl-SI","@id":"https:\/\/www.msds-europe.com\/es\/#\/schema\/logo\/image\/","url":"https:\/\/www.msds-europe.com\/wp-content\/uploads\/2021\/04\/msds-europe-logo.jpg","contentUrl":"https:\/\/www.msds-europe.com\/wp-content\/uploads\/2021\/04\/msds-europe-logo.jpg","width":2296,"height":1067,"caption":"MSDS-Europe International branch of ToxInfo"},"image":{"@id":"https:\/\/www.msds-europe.com\/es\/#\/schema\/logo\/image\/"},"sameAs":["https:\/\/www.facebook.com\/toxinfokft\/","https:\/\/x.com\/ToxInfoKft"]}]}},"_links":{"self":[{"href":"https:\/\/www.msds-europe.com\/sl\/wp-json\/wp\/v2\/pages\/34283","targetHints":{"allow":["GET"]}}],"collection":[{"href":"https:\/\/www.msds-europe.com\/sl\/wp-json\/wp\/v2\/pages"}],"about":[{"href":"https:\/\/www.msds-europe.com\/sl\/wp-json\/wp\/v2\/types\/page"}],"author":[{"embeddable":true,"href":"https:\/\/www.msds-europe.com\/sl\/wp-json\/wp\/v2\/users\/2"}],"replies":[{"embeddable":true,"href":"https:\/\/www.msds-europe.com\/sl\/wp-json\/wp\/v2\/comments?post=34283"}],"version-history":[{"count":6,"href":"https:\/\/www.msds-europe.com\/sl\/wp-json\/wp\/v2\/pages\/34283\/revisions"}],"predecessor-version":[{"id":37570,"href":"https:\/\/www.msds-europe.com\/sl\/wp-json\/wp\/v2\/pages\/34283\/revisions\/37570"}],"wp:attachment":[{"href":"https:\/\/www.msds-europe.com\/sl\/wp-json\/wp\/v2\/media?parent=34283"}],"wp:term":[{"taxonomy":"post_tag","embeddable":true,"href":"https:\/\/www.msds-europe.com\/sl\/wp-json\/wp\/v2\/tags?post=34283"}],"curies":[{"name":"wp","href":"https:\/\/api.w.org\/{rel}","templated":true}]}}