{"id":33119,"date":"2025-06-05T09:37:44","date_gmt":"2025-06-05T09:37:44","guid":{"rendered":"https:\/\/www.msds-europe.com\/?page_id=33119"},"modified":"2026-02-26T10:50:19","modified_gmt":"2026-02-26T10:50:19","slug":"sds-priprava-prvih-8-poglavij","status":"publish","type":"page","link":"https:\/\/www.msds-europe.com\/sl\/sds-priprava-prvih-8-poglavij\/","title":{"rendered":"Priprava varnostnih listov (VL) \u2013 3. del"},"content":{"rendered":"<h2><span style=\"color: #333333;\">Prvih 8 oddelkov varnostnega lista (SDS) podrobno<\/span><\/h2>\n<p style=\"text-align: right;\"><em><a href=\"https:\/\/www.msds-europe.com\/sl\/\">MSDS-Europe<\/a> \u2013 <a href=\"https:\/\/www.msds-europe.com\/sl\/baza-znanja-varnostnih-listov\/\">Baza znanja o varnostnih listih<\/a> \u2013 Priprava varnostnih listov (VL) \u2013 3. del: Prvih 8 oddelkov SDS podrobno<\/em><\/p>\n<p>&nbsp;<\/p>\n<p style=\"text-align: justify;\">V <strong>prej\u0161njih delih<\/strong> smo obravnavali, <a href=\"https:\/\/www.msds-europe.com\/sl\/vl-priprava-uvod\/\">zakaj potrebujemo varnostni list<\/a> in <a href=\"https:\/\/www.msds-europe.com\/sl\/odgovornosti-postopek-priprave\/\">kako se lotiti njegove priprave<\/a>.<\/p>\n<p style=\"text-align: justify;\">Zdaj se posvetimo samemu dokumentu: <strong>katere informacije vsebuje varnostni list?<\/strong> Kot omenjeno, ima SDS standardno strukturo s <a href=\"https:\/\/www.msds-europe.com\/sl\/vsebina-in-formalni-elementi-varnostnega-lista\/\">16 glavnimi oddelki<\/a>, ki zagotavljajo dosledno podajanje vseh bistvenih podatkov.<\/p>\n<p style=\"text-align: justify;\">V tem delu bomo <strong>pregledali oddelke 1\u20138<\/strong>, ki pokrivajo najpomembnej\u0161e informacije: od identifikacije snovi\/zmesi do za\u0161\u010ditnih ukrepov na delovnem mestu.<\/p>\n<p>&nbsp;<\/p>\n<h4 style=\"text-align: justify;\">Oddelek 1: Identifikacija snovi\/zmesi in dru\u017ebe\/podjetja<\/h4>\n<p style=\"text-align: justify;\"><a href=\"https:\/\/www.msds-europe.com\/sl\/sds-oddelek-1-identifikator-izdelka-zmesi-ufi\/\">Oddelek 1 varnostnega lista vsebuje <strong>identifikacijske podatke izdelka<\/strong><\/a>. Navesti je treba to\u010dno ime snovi ali zmesi, ustrezne identifikacijske \u0161tevilke (npr. \u0161tevilka CAS, \u0161tevilka ES), pri zmesih pa tudi <a href=\"https:\/\/www.msds-europe.com\/sl\/predlo%c5%beitev-pcn\/\">enoli\u010dni identifikator formule<\/a> (koda UFI, \u010de je relevantno). Vklju\u010diti je treba tudi naziv, naslov in <strong>kontaktne podatke<\/strong> proizvajalca ali dobavitelja ter <strong>telefonsko \u0161tevilko za nujne primere<\/strong> (na primer telefonska \u0161tevilka centra za zastrupitve ali nacionalna \u0161tevilka za klic v sili).<\/p>\n<p style=\"text-align: justify;\">Po potrebi je treba navesti tudi <strong>pomembne identificirane uporabe<\/strong> ter <strong>odsvetovane uporabe<\/strong>.<\/p>\n<p style=\"text-align: justify;\">Ta oddelek zagotavlja, da lahko vsak, ki prebere SDS, takoj prepozna izdelek in ve, na koga se lahko obrne za dodatne <strong>informacije v nujnih primerih<\/strong>.<\/p>\n<p>&nbsp;<\/p>\n<h4 style=\"text-align: justify;\">Oddelek 2: Dolo\u010ditev nevarnosti<\/h4>\n<p style=\"text-align: justify;\">Ta oddelek prikazuje <strong>razvrstitev nevarnosti izdelka<\/strong> v skladu z uredbo CLP ter pripadajo\u010de <a href=\"https:\/\/www.msds-europe.com\/sl\/elementi-oznacevanja-varnostnega-lista\/\">elemente ozna\u010devanja<\/a>. Tukaj so prikazani <a href=\"https:\/\/www.msds-europe.com\/sl\/piktogrami-za-nevarnosti\/\">piktogrami nevarnosti<\/a>, opozorilna beseda (na primer \u00bbNevarno\u00ab ali \u00bbPozor\u00ab), <a href=\"https:\/\/www.msds-europe.com\/sl\/stavki-h\/\">stavki o nevarnosti (H-stavki)<\/a> (npr. H225 \u2013 Lahko vnetljiva teko\u010dina in hlapi) ter <a href=\"https:\/\/www.msds-europe.com\/sl\/stavki-p\/\">previdnostni stavki (P-stavki)<\/a>.<\/p>\n<p style=\"text-align: justify;\">\u010ce zmes ni razvr\u0161\u010dena kot nevarna, je treba to navesti v tem oddelku. \u010ce pa obstajajo druge nevarnosti (npr. lastnosti PBT\/vPvB ali druge relevantne nevarnosti, kot jih zahteva Priloga II uredbe REACH), je treba tudi te navesti tukaj.<\/p>\n<p style=\"text-align: justify;\">Na kratko: ta oddelek ponuja hiter pregled nad <strong>nevarnostmi izdelka<\/strong>.<\/p>\n<p>&nbsp;<\/p>\n<h4 style=\"text-align: justify;\">Oddelek 3: Sestava\/podatki o sestavinah<\/h4>\n<p style=\"text-align: justify;\">Ta oddelek podrobno opisuje, <strong>iz \u010desa je izdelek sestavljen<\/strong>.<\/p>\n<p style=\"text-align: justify;\"><strong>Za snov:<\/strong> navede se kemijsko <strong>ime snovi<\/strong>, morebitni <strong>sinonimi<\/strong>, njeni <strong>identifikatorji<\/strong> ter pomembni podatki o \u010distosti ali dodatkih.<\/p>\n<p style=\"text-align: justify;\"><strong>Za zmes:<\/strong> navedejo se <strong>sestavine, ki prispevajo k razvrstitvi zmesi<\/strong> (in druge sestavine, ki jih je treba navesti v skladu z zahtevami). Obi\u010dajno vklju\u010duje ime in identifikator vsake sestavine (\u0161tevilka CAS, \u0161tevilka ES), njeno koncentracijo (ali koncentracijski razpon) ter razvrstitev. Primer: etanol (CAS 64-17-5), 10\u201320 %, razvrstitev: vnetljiva teko\u010dina, kategorija 2, H225. \u010ce je natan\u010dna koncentracija posamezne sestavine poslovna skrivnost, je dovoljeno navesti koncentracijski razpon, kadar je to skladno z zahtevami in je \u0161e vedno zagotovljena ustrezna informacija o nevarnosti.<\/p>\n<p style=\"text-align: justify;\">Ta oddelek uporabniku pomaga <strong>razumeti, katere snovi so prisotne v izdelku<\/strong> in katere prispevajo k nevarnostim.<\/p>\n<p>&nbsp;<\/p>\n<h4 style=\"text-align: justify;\">Oddelek 4: Ukrepi za prvo pomo\u010d<\/h4>\n<p style=\"text-align: justify;\">Ta oddelek opisuje, <strong>kaj storiti v primeru nesre\u010de ali prekomerne izpostavljenosti<\/strong> izdelku. Pododdelki obravnavajo razli\u010dne poti izpostavljenosti in nudijo navodila za prvo pomo\u010d v primeru vdihavanja, stika s ko\u017eo, stika z o\u010dmi ali zau\u017eitja.<\/p>\n<p style=\"text-align: justify;\">Na primer: \u00bbVdihavanje: prizadeto osebo premaknite na sve\u017e zrak, jo umirite in po potrebi poi\u0161\u010dite zdravni\u0161ko pomo\u010d.\u00ab ali \u00bbZau\u017eitje: ne povzro\u010dajte bruhanja; takoj pokli\u010dite zdravnika in mu poka\u017eite podatke iz oddelka 1 SDS.\u00ab<\/p>\n<p style=\"text-align: justify;\">Oddelek naj vklju\u010duje tudi najpomembnej\u0161e simptome in u\u010dinke ter navede, ali je potrebna takoj\u0161nja zdravni\u0161ka oskrba in\/ali posebno zdravljenje.<\/p>\n<p style=\"text-align: justify;\">Ta del je <strong>klju\u010den v nujnih primerih<\/strong>, saj nudi takoj\u0161nja navodila za ustrezen odziv.<\/p>\n<p>&nbsp;<\/p>\n<h4 style=\"text-align: justify;\">Oddelek 5: Protipo\u017earni ukrepi<\/h4>\n<p style=\"text-align: justify;\">Ta oddelek vsebuje informacije o tem, <strong>kako gasiti po\u017ear<\/strong>, \u010de gori dana snov ali zmes, ali \u010de njena prisotnost vpliva na potek ga\u0161enja. Navedejo se <strong>primerna sredstva za ga\u0161enje<\/strong> (npr. vodna megla, prah, ogljikov dioksid, pena) ter morebitna sredstva, ki niso ustrezna (npr. neposreden vodni curek pri dolo\u010denih kemi\u010dnih po\u017earih).<\/p>\n<p style=\"text-align: justify;\">Opisani so tudi nevarni produkti gorenja, ki lahko nastanejo (npr. strupeni hlapi ali plini, kot so ogljikov monoksid, klor ipd.), ter priporo\u010dila za gasilce: ali je potrebna posebna za\u0161\u010ditna oprema ali izolirni dihalni aparat in ali obstaja nevarnost eksplozije.<\/p>\n<p style=\"text-align: justify;\">Namen tega oddelka je zagotoviti, da v primeru po\u017eara <strong>vsi vedo, kako ukrepati varno in u\u010dinkovito<\/strong>.<\/p>\n<p>&nbsp;<\/p>\n<h4 style=\"text-align: justify;\">Oddelek 6: Ukrepi ob nenamernih izpustih<\/h4>\n<p style=\"text-align: justify;\">Ta oddelek opisuje, kaj storiti v primeru, da se snov ali zmes <strong>nenamerno sprosti v okolje<\/strong>, na primer zaradi razlitja ali pu\u0161\u010danja.<\/p>\n<p style=\"text-align: justify;\">Vklju\u010duje <strong>osebne varnostne ukrepe<\/strong> (npr. pribli\u017eevanje razlitju le z ustrezno za\u0161\u010ditno opremo; odstranitev vseh virov v\u017eiga iz obmo\u010dja), <strong>okoljevarstvene ukrepe<\/strong> (npr. prepre\u010dite vdor v kanalizacijo; v primeru ve\u010djih koli\u010din obvestite pristojne organe) ter metode in materiale za <strong>zadr\u017eevanje in \u010di\u0161\u010denje<\/strong>.<\/p>\n<p style=\"text-align: justify;\">To vklju\u010duje na\u010din, kako <strong>absorbirati ali pobrati razlito snov<\/strong> (npr. z inertnim absorpcijskim materialom, kot sta pesek ali vermikulit), in <strong>postopek \u010di\u0161\u010denja ostankov<\/strong>.<\/p>\n<p>&nbsp;<\/p>\n<h4 style=\"text-align: justify;\">Oddelek 7: Ravnanje in skladi\u0161\u010denje<\/h4>\n<p style=\"text-align: justify;\">Ta oddelek povzema pravila za <strong>varno ravnanje in skladi\u0161\u010denje<\/strong>. Tukaj so navedeni previdnostni ukrepi pri uporabi, na primer: \u00bbMed uporabo ne kadite; hranite stran od isker in odprtega ognja\u00ab ali \u00bbUporabljajte le v dobro prezra\u010devanih prostorih; izogibajte se vdihavanju hlapov.\u00ab<\/p>\n<p style=\"text-align: justify;\">Vklju\u010dena so tudi <strong>splo\u0161na higienska priporo\u010dila za delo<\/strong> (npr. na delovnem mestu ne jejte in ne pijte; po uporabi si umijte roke; zagotovite ustrezno (lokalno) prezra\u010devanje).<\/p>\n<p style=\"text-align: justify;\"><strong>Kar zadeva skladi\u0161\u010denje<\/strong>, SDS opisuje pogoje in zahteve: na primer \u00bbHraniti na suhem, hladnem in dobro prezra\u010denem mestu. Za\u0161\u010dititi pred vro\u010dino in neposredno son\u010dno svetlobo. Nezdru\u017eljivi materiali: mo\u010dna oksidacijska sredstva\u00ab ipd. \u010ce je pomembno, se lahko navedejo tudi zahteve glede embala\u017ee (npr. \u00bbhraniti v dobro zaprti posodi\u00ab).<\/p>\n<p style=\"text-align: justify;\">Namen tega oddelka je prepre\u010devanje nezgod z <strong>navodili za vsakodnevno varno uporabo in skladi\u0161\u010denje<\/strong>.<\/p>\n<p>&nbsp;<\/p>\n<h4 style=\"text-align: justify;\">Oddelek 8: Nadzor izpostavljenosti\/osebna za\u0161\u010dita<\/h4>\n<p style=\"text-align: justify;\">Ta oddelek pojasnjuje, kako zagotoviti, da nevarne snovi ne vstopijo v telo delavcev v \u0161kodljivih koli\u010dinah.<\/p>\n<p style=\"text-align: justify;\">Vsebuje <strong>dva glavna dela<\/strong>: <strong>parametre nadzora<\/strong> (npr. mejne vrednosti) in <strong>nadzor izpostavljenosti<\/strong>, vklju\u010dno z <strong>osebno varovalno opremo<\/strong>.<\/p>\n<p style=\"text-align: justify;\">Tukaj morajo biti navedene vse <strong>mejne vrednosti izpostavljenosti<\/strong> (npr. dolgoro\u010dne in kratkoro\u010dne poklicne mejne vrednosti), dolo\u010dene z nacionalno ali EU zakonodajo za posamezne snovi. \u010ce te vrednosti obstajajo, mora delodajalec zagotoviti, da se ne prese\u017eejo na delovnem mestu \u2013 zato so lahko predlagani ukrepi, kot so ustrezno prezra\u010devanje, lokalni odsesovalni sistemi ali zaprti postopki.<\/p>\n<p style=\"text-align: justify;\">V <strong>podpoglavju o osebni za\u0161\u010diti<\/strong> so navedeni potrebni elementi: na primer za\u0161\u010ditne rokavice (z navedbo materiala, npr. nitril), za\u0161\u010ditna o\u010dala ali vizir, za\u0161\u010ditna obla\u010dila, po potrebi pa tudi za\u0161\u010dita dihal (z ustreznim filtrom).<\/p>\n<p style=\"text-align: justify;\">Navedena so lahko tudi merila za izbor (npr. prebojni \u010das rokavic, debelina materiala) in ukrepi za varovanje okolja (npr. filtri za emisije). Ta oddelek uporabniku zagotavlja konkretna navodila za za\u0161\u010dito in s tem zmanj\u0161a izpostavljenost.<\/p>\n<p>&nbsp;<\/p>\n<p style=\"text-align: justify;\"><em>(Naslednji del te serije bo nadaljeval z razlago <a href=\"https:\/\/www.msds-europe.com\/sl\/sds-priprava-9-16-poglavij\/\">strukture SDS in obravnaval preostalih 8 oddelkov (9\u201316)<\/a>, ki vsebujejo dodatne pomembne informacije o lastnostih izdelka, u\u010dinkih in drugih pomembnih podrobnostih.)<\/em><\/p>\n<p style=\"text-align: justify;\"><em>Naslednji deli:<\/em><\/p>\n<ul>\n<li style=\"text-align: justify;\"><a href=\"https:\/\/www.msds-europe.com\/sl\/vl-priprava-uvod\/\"><em>1. del: Uvod in zakonodajno ozadje<\/em><\/a><\/li>\n<li style=\"text-align: justify;\"><a href=\"https:\/\/www.msds-europe.com\/sl\/odgovornosti-postopek-priprave\/\"><em>2. del: Odgovornosti in postopek priprave SDS<\/em><\/a><\/li>\n<li style=\"text-align: justify;\"><a href=\"https:\/\/www.msds-europe.com\/sl\/sds-priprava-9-16-poglavij\/\"><em>4. del: Oddelki 9\u201316 varnostnega lista<\/em><\/a><\/li>\n<li style=\"text-align: justify;\"><a href=\"https:\/\/www.msds-europe.com\/sl\/sds-priprava-najboljse-prakse\/\"><em>5. del: Posebni primeri in dobre prakse<\/em><\/a><\/li>\n<\/ul>\n<p>&nbsp;<\/p>\n<h4 style=\"text-align: justify;\">Brezpla\u010dno spletno svetovanje<\/h4>\n<p style=\"text-align: justify;\">\u010ce na na\u0161i spletni strani niste na\u0161li \u017eelenih informacij, lahko svoja vpra\u0161anja o varnostnih listih neposredno zastavite na\u0161emu strokovnjaku.<\/p>\n<p style=\"text-align: justify;\">Za po\u0161iljanje vpra\u0161anj uporabite naslednji obrazec:<\/p>\n<p style=\"text-align: justify;\"><a href=\"https:\/\/www.msds-europe.com\/sl\/spletno-svetovanje\/\" class=\"su-button su-button-style-default\" style=\"color:#ffffff;background-color:#ef552d;border-color:#c04424;border-radius:6px\" target=\"_self\"><span style=\"color:#ffffff;padding:0px 18px;font-size:14px;line-height:28px;border-color:#f4886c;border-radius:6px;text-shadow:0px 0px 2px #ffffff\"> Vpra\u0161ajte na\u0161ega strokovnjaka za kemijsko varnost!<\/span><\/a>\n<p>&nbsp;<\/p>\n<h4 style=\"text-align: justify;\"><span style=\"color: #333333;\">Druge povezane storitve<\/span><\/h4>\n<p style=\"text-align: justify;\">Storitve v zvezi z varnostnimi listi:<\/p>\n<p style=\"text-align: justify;\"><a href=\"https:\/\/www.msds-europe.com\/sl\/prevajanje-varnostnih-listov\/\">Prevajanje varnostnih listov<\/a>, <a href=\"https:\/\/www.msds-europe.com\/sl\/varnostni-list-revizija-posodobitev\/\">revizija in posodobitev varnostnih listov<\/a>, <a href=\"https:\/\/www.msds-europe.com\/sl\/izdelava-sestava-varnostnega-lista\/\">priprava varnostnega lista<\/a><\/p>\n<p style=\"text-align: justify;\">Storitve v zvezi z UFI in priglasitvijo PCN:<\/p>\n<p style=\"text-align: justify;\"><a href=\"https:\/\/www.msds-europe.com\/sl\/ufi-storitev\/\">Prijava zmesi prek portala PCN<\/a>, <a href=\"https:\/\/www.msds-europe.com\/sl\/ufi-storitev\/\">posodobitev priglasitve PCN<\/a>, <a href=\"https:\/\/www.msds-europe.com\/sl\/ufi-storitev\/#generiranja-kode-ufi\">generiranje kode UFI<\/a><\/p>\n<p>&nbsp;<\/p>\n<h4 style=\"text-align: justify;\"><span style=\"color: #333333;\">Zadnji \u010dlanki<\/span><\/h4>\n<ul>\n<li style=\"text-align: justify;\"><a href=\"https:\/\/www.msds-europe.com\/frequently-asked-questions-and-answers-in-chemical-safety\/#purpose-safety-data-sheet\">Kak\u0161en je namen varnostnega lista?<\/a><\/li>\n<li style=\"text-align: justify;\"><a href=\"https:\/\/www.msds-europe.com\/frequently-asked-questions-and-answers-in-chemical-safety\/#require-safety-data-sheet\">Ali vsi kemi\u010dni izdelki potrebujejo varnostni list?<\/a><\/li>\n<li style=\"text-align: justify;\"><a href=\"https:\/\/www.msds-europe.com\/frequently-asked-questions-and-answers-in-chemical-safety\/#who-can-create-sds\">Kdo lahko pripravi varnostni list?<\/a><\/li>\n<\/ul>\n<p>&nbsp;<\/p>\n<h4 style=\"text-align: justify;\"><span style=\"color: #333333;\">Izpostavljeni \u010dlanki<\/span><\/h4>\n<ul>\n<li style=\"text-align: justify;\"><a href=\"https:\/\/www.msds-europe.com\/sl\/predlo%c5%beitev-pcn\/\">Uporabne informacije o priglasitvi PCN<\/a><\/li>\n<li style=\"text-align: justify;\"><a href=\"https:\/\/www.msds-europe.com\/about-sds-for-downstream-users\/\">Informacije o SDS za nadaljnje uporabnike<\/a><\/li>\n<\/ul>\n<p>&nbsp;<\/p>\n<h4><span style=\"color: #333333;\">Uporabna strokovna gradiva<\/span><\/h4>\n<p><a href=\"https:\/\/www.msds-europe.com\/sl\/baza-znanja-varnostnih-listov\/\">Baza znanja o varnostnih listih<\/a><\/p>\n<p style=\"text-align: justify;\">Baza znanja SDS nudi pomo\u010d pri razlagi varnostnih listov in povezanih zakonskih zahtev.<\/p>\n<p><a href=\"https:\/\/www.msds-europe.com\/compass-to-chemical-safety\/\">Kompas za kemijsko varnost<\/a><\/p>\n<p style=\"text-align: justify;\">Bolj poljudne vsebine o kemijski zakonodaji, ki pomagajo razumeti obveznosti in se nanje pripraviti.<\/p>\n<p>&nbsp;<\/p>\n","protected":false},"excerpt":{"rendered":"<p>Prvih 8 oddelkov varnostnega lista (SDS) podrobno MSDS-Europe \u2013 Baza znanja o varnostnih listih \u2013 Priprava varnostnih listov (VL) \u2013 3. del: Prvih 8 oddelkov SDS podrobno &nbsp; V prej\u0161njih delih smo obravnavali, zakaj potrebujemo varnostni list in kako se lotiti njegove priprave. Zdaj se posvetimo samemu dokumentu: katere informacije&#8230;<\/p>\n","protected":false},"author":2,"featured_media":0,"parent":0,"menu_order":0,"comment_status":"closed","ping_status":"closed","template":"","meta":{"_acf_changed":false,"footnotes":""},"tags":[359,408,258],"class_list":["post-33119","page","type-page","status-publish","hentry","tag-baza-znanja-varnostnih-listov-sl","tag-varnostnega-lista","tag-varnostnega-lista-sl"],"acf":[],"yoast_head":"<!-- This site is optimized with the Yoast SEO plugin v27.2 - https:\/\/yoast.com\/product\/yoast-seo-wordpress\/ -->\n<title>Prvih 8 poglavij SDS podrobno<\/title>\n<meta name=\"description\" content=\"Poglavja 1\u20138 varnostnega lista SDS vklju\u010dujejo najpomembnej\u0161e podatke: od identifikacije snovi\/zmesi do za\u0161\u010ditnih ukrepov na delovnem mestu.\" \/>\n<meta name=\"robots\" content=\"index, follow, max-snippet:-1, max-image-preview:large, max-video-preview:-1\" \/>\n<link rel=\"canonical\" href=\"https:\/\/www.msds-europe.com\/sl\/sds-priprava-prvih-8-poglavij\/\" \/>\n<meta property=\"og:locale\" content=\"sl_SI\" \/>\n<meta property=\"og:type\" content=\"article\" \/>\n<meta property=\"og:title\" content=\"Prvih 8 poglavij SDS podrobno\" \/>\n<meta property=\"og:description\" content=\"Poglavja 1\u20138 varnostnega lista SDS vklju\u010dujejo najpomembnej\u0161e podatke: od identifikacije snovi\/zmesi do za\u0161\u010ditnih ukrepov na delovnem mestu.\" \/>\n<meta property=\"og:url\" content=\"https:\/\/www.msds-europe.com\/sl\/sds-priprava-prvih-8-poglavij\/\" \/>\n<meta property=\"og:site_name\" content=\"MSDS Europe\" \/>\n<meta property=\"article:publisher\" content=\"https:\/\/www.facebook.com\/toxinfokft\/\" \/>\n<meta property=\"article:modified_time\" content=\"2026-02-26T10:50:19+00:00\" \/>\n<meta name=\"twitter:card\" content=\"summary_large_image\" \/>\n<meta name=\"twitter:site\" content=\"@ToxInfoKft\" \/>\n<meta name=\"twitter:label1\" content=\"Est. reading time\" \/>\n\t<meta name=\"twitter:data1\" content=\"6 minut\" \/>\n<script type=\"application\/ld+json\" class=\"yoast-schema-graph\">{\"@context\":\"https:\/\/schema.org\",\"@graph\":[{\"@type\":\"WebPage\",\"@id\":\"https:\/\/www.msds-europe.com\/sl\/sds-priprava-prvih-8-poglavij\/\",\"url\":\"https:\/\/www.msds-europe.com\/sl\/sds-priprava-prvih-8-poglavij\/\",\"name\":\"Prvih 8 poglavij SDS podrobno\",\"isPartOf\":{\"@id\":\"https:\/\/www.msds-europe.com\/es\/#website\"},\"datePublished\":\"2025-06-05T09:37:44+00:00\",\"dateModified\":\"2026-02-26T10:50:19+00:00\",\"description\":\"Poglavja 1\u20138 varnostnega lista SDS vklju\u010dujejo najpomembnej\u0161e podatke: od identifikacije snovi\/zmesi do za\u0161\u010ditnih ukrepov na delovnem mestu.\",\"breadcrumb\":{\"@id\":\"https:\/\/www.msds-europe.com\/sl\/sds-priprava-prvih-8-poglavij\/#breadcrumb\"},\"inLanguage\":\"sl-SI\",\"potentialAction\":[{\"@type\":\"ReadAction\",\"target\":[\"https:\/\/www.msds-europe.com\/sl\/sds-priprava-prvih-8-poglavij\/\"]}]},{\"@type\":\"BreadcrumbList\",\"@id\":\"https:\/\/www.msds-europe.com\/sl\/sds-priprava-prvih-8-poglavij\/#breadcrumb\",\"itemListElement\":[{\"@type\":\"ListItem\",\"position\":1,\"name\":\"F\u0151oldal\",\"item\":\"https:\/\/www.msds-europe.com\/sl\/\"},{\"@type\":\"ListItem\",\"position\":2,\"name\":\"Priprava varnostnih listov (VL) \u2013 3. del\"}]},{\"@type\":\"WebSite\",\"@id\":\"https:\/\/www.msds-europe.com\/es\/#website\",\"url\":\"https:\/\/www.msds-europe.com\/es\/\",\"name\":\"MSDS Europe\",\"description\":\"\",\"publisher\":{\"@id\":\"https:\/\/www.msds-europe.com\/es\/#organization\"},\"potentialAction\":[{\"@type\":\"SearchAction\",\"target\":{\"@type\":\"EntryPoint\",\"urlTemplate\":\"https:\/\/www.msds-europe.com\/es\/?s={search_term_string}\"},\"query-input\":{\"@type\":\"PropertyValueSpecification\",\"valueRequired\":true,\"valueName\":\"search_term_string\"}}],\"inLanguage\":\"sl-SI\"},{\"@type\":\"Organization\",\"@id\":\"https:\/\/www.msds-europe.com\/es\/#organization\",\"name\":\"MSDS-Europe International branch of ToxInfo\",\"url\":\"https:\/\/www.msds-europe.com\/es\/\",\"logo\":{\"@type\":\"ImageObject\",\"inLanguage\":\"sl-SI\",\"@id\":\"https:\/\/www.msds-europe.com\/es\/#\/schema\/logo\/image\/\",\"url\":\"https:\/\/www.msds-europe.com\/wp-content\/uploads\/2021\/04\/msds-europe-logo.jpg\",\"contentUrl\":\"https:\/\/www.msds-europe.com\/wp-content\/uploads\/2021\/04\/msds-europe-logo.jpg\",\"width\":2296,\"height\":1067,\"caption\":\"MSDS-Europe International branch of ToxInfo\"},\"image\":{\"@id\":\"https:\/\/www.msds-europe.com\/es\/#\/schema\/logo\/image\/\"},\"sameAs\":[\"https:\/\/www.facebook.com\/toxinfokft\/\",\"https:\/\/x.com\/ToxInfoKft\"]}]}<\/script>\n<!-- \/ Yoast SEO plugin. -->","yoast_head_json":{"title":"Prvih 8 poglavij SDS podrobno","description":"Poglavja 1\u20138 varnostnega lista SDS vklju\u010dujejo najpomembnej\u0161e podatke: od identifikacije snovi\/zmesi do za\u0161\u010ditnih ukrepov na delovnem mestu.","robots":{"index":"index","follow":"follow","max-snippet":"max-snippet:-1","max-image-preview":"max-image-preview:large","max-video-preview":"max-video-preview:-1"},"canonical":"https:\/\/www.msds-europe.com\/sl\/sds-priprava-prvih-8-poglavij\/","og_locale":"sl_SI","og_type":"article","og_title":"Prvih 8 poglavij SDS podrobno","og_description":"Poglavja 1\u20138 varnostnega lista SDS vklju\u010dujejo najpomembnej\u0161e podatke: od identifikacije snovi\/zmesi do za\u0161\u010ditnih ukrepov na delovnem mestu.","og_url":"https:\/\/www.msds-europe.com\/sl\/sds-priprava-prvih-8-poglavij\/","og_site_name":"MSDS Europe","article_publisher":"https:\/\/www.facebook.com\/toxinfokft\/","article_modified_time":"2026-02-26T10:50:19+00:00","twitter_card":"summary_large_image","twitter_site":"@ToxInfoKft","twitter_misc":{"Est. reading time":"6 minut"},"schema":{"@context":"https:\/\/schema.org","@graph":[{"@type":"WebPage","@id":"https:\/\/www.msds-europe.com\/sl\/sds-priprava-prvih-8-poglavij\/","url":"https:\/\/www.msds-europe.com\/sl\/sds-priprava-prvih-8-poglavij\/","name":"Prvih 8 poglavij SDS podrobno","isPartOf":{"@id":"https:\/\/www.msds-europe.com\/es\/#website"},"datePublished":"2025-06-05T09:37:44+00:00","dateModified":"2026-02-26T10:50:19+00:00","description":"Poglavja 1\u20138 varnostnega lista SDS vklju\u010dujejo najpomembnej\u0161e podatke: od identifikacije snovi\/zmesi do za\u0161\u010ditnih ukrepov na delovnem mestu.","breadcrumb":{"@id":"https:\/\/www.msds-europe.com\/sl\/sds-priprava-prvih-8-poglavij\/#breadcrumb"},"inLanguage":"sl-SI","potentialAction":[{"@type":"ReadAction","target":["https:\/\/www.msds-europe.com\/sl\/sds-priprava-prvih-8-poglavij\/"]}]},{"@type":"BreadcrumbList","@id":"https:\/\/www.msds-europe.com\/sl\/sds-priprava-prvih-8-poglavij\/#breadcrumb","itemListElement":[{"@type":"ListItem","position":1,"name":"F\u0151oldal","item":"https:\/\/www.msds-europe.com\/sl\/"},{"@type":"ListItem","position":2,"name":"Priprava varnostnih listov (VL) \u2013 3. del"}]},{"@type":"WebSite","@id":"https:\/\/www.msds-europe.com\/es\/#website","url":"https:\/\/www.msds-europe.com\/es\/","name":"MSDS Europe","description":"","publisher":{"@id":"https:\/\/www.msds-europe.com\/es\/#organization"},"potentialAction":[{"@type":"SearchAction","target":{"@type":"EntryPoint","urlTemplate":"https:\/\/www.msds-europe.com\/es\/?s={search_term_string}"},"query-input":{"@type":"PropertyValueSpecification","valueRequired":true,"valueName":"search_term_string"}}],"inLanguage":"sl-SI"},{"@type":"Organization","@id":"https:\/\/www.msds-europe.com\/es\/#organization","name":"MSDS-Europe International branch of ToxInfo","url":"https:\/\/www.msds-europe.com\/es\/","logo":{"@type":"ImageObject","inLanguage":"sl-SI","@id":"https:\/\/www.msds-europe.com\/es\/#\/schema\/logo\/image\/","url":"https:\/\/www.msds-europe.com\/wp-content\/uploads\/2021\/04\/msds-europe-logo.jpg","contentUrl":"https:\/\/www.msds-europe.com\/wp-content\/uploads\/2021\/04\/msds-europe-logo.jpg","width":2296,"height":1067,"caption":"MSDS-Europe International branch of ToxInfo"},"image":{"@id":"https:\/\/www.msds-europe.com\/es\/#\/schema\/logo\/image\/"},"sameAs":["https:\/\/www.facebook.com\/toxinfokft\/","https:\/\/x.com\/ToxInfoKft"]}]}},"_links":{"self":[{"href":"https:\/\/www.msds-europe.com\/sl\/wp-json\/wp\/v2\/pages\/33119","targetHints":{"allow":["GET"]}}],"collection":[{"href":"https:\/\/www.msds-europe.com\/sl\/wp-json\/wp\/v2\/pages"}],"about":[{"href":"https:\/\/www.msds-europe.com\/sl\/wp-json\/wp\/v2\/types\/page"}],"author":[{"embeddable":true,"href":"https:\/\/www.msds-europe.com\/sl\/wp-json\/wp\/v2\/users\/2"}],"replies":[{"embeddable":true,"href":"https:\/\/www.msds-europe.com\/sl\/wp-json\/wp\/v2\/comments?post=33119"}],"version-history":[{"count":9,"href":"https:\/\/www.msds-europe.com\/sl\/wp-json\/wp\/v2\/pages\/33119\/revisions"}],"predecessor-version":[{"id":37869,"href":"https:\/\/www.msds-europe.com\/sl\/wp-json\/wp\/v2\/pages\/33119\/revisions\/37869"}],"wp:attachment":[{"href":"https:\/\/www.msds-europe.com\/sl\/wp-json\/wp\/v2\/media?parent=33119"}],"wp:term":[{"taxonomy":"post_tag","embeddable":true,"href":"https:\/\/www.msds-europe.com\/sl\/wp-json\/wp\/v2\/tags?post=33119"}],"curies":[{"name":"wp","href":"https:\/\/api.w.org\/{rel}","templated":true}]}}