{"id":31682,"date":"2025-04-26T15:04:48","date_gmt":"2025-04-26T15:04:48","guid":{"rendered":"https:\/\/www.msds-europe.com\/?page_id=31682"},"modified":"2026-02-23T07:54:50","modified_gmt":"2026-02-23T07:54:50","slug":"sds-kratice-okrajsave","status":"publish","type":"page","link":"https:\/\/www.msds-europe.com\/sl\/sds-kratice-okrajsave\/","title":{"rendered":"Kratice in okraj\u0161ave v varnostnih listih"},"content":{"rendered":"<p>&nbsp;<\/p>\n<p style=\"text-align: right;\"><em><a href=\"https:\/\/www.msds-europe.com\/sl\/\">MSDS-Europe<\/a> \u2013 <a href=\"https:\/\/www.msds-europe.com\/sl\/baza-znanja-varnostnih-listov\/\">Baza znanja varnostnih listov<\/a> \u2013 Kratice in okraj\u0161ave v varnostnih listih<\/em><\/p>\n<p>&nbsp;<\/p>\n<p style=\"text-align: justify;\">V 16. poglavju varnostnega lista (Druge informacije) morajo biti navedene razlage in polni pomeni vseh kratic in okraj\u0161av, uporabljenih v dokumentu.<\/p>\n<p>&nbsp;<\/p>\n<h2>Najpogostej\u0161e kratice in okraj\u0161ave v varnostnih listih:<\/h2>\n<p style=\"text-align: right;\"><a href=\"https:\/\/www.msds-europe.com\/sds-abbreviations-explained\/\">EN<\/a>\u00a0\u00a0I\u00a0\u00a0<a href=\"https:\/\/www.msds-europe.com\/de\/sdb-abkuerzungen-erklaerung\/\">DE<\/a>\u00a0\u00a0I\u00a0\u00a0<a href=\"https:\/\/www.msds-europe.com\/fr\/fds-abreviations-explication\/\">FR<\/a>\u00a0\u00a0I\u00a0\u00a0<a href=\"https:\/\/www.msds-europe.com\/es\/fds-abreviaturas-explicacion\/\">ES<\/a>\u00a0\u00a0I\u00a0\u00a0<a href=\"https:\/\/www.msds-europe.com\/it\/sds-abbreviazioni-spiegazione\/\">IT<\/a>\u00a0\u00a0I\u00a0\u00a0<a href=\"https:\/\/www.msds-europe.com\/pl\/karta-charakterystyki-skroty-obja%c5%9bnienia\/\">PL<\/a>\u00a0\u00a0I\u00a0\u00a0<a href=\"https:\/\/www.msds-europe.com\/cs\/sds-zkratky-akronymy\/\">CS<\/a>\u00a0\u00a0I\u00a0\u00a0<a href=\"https:\/\/www.msds-europe.com\/ro\/fds-abrevieri-explicatii\/\">RO<\/a>\u00a0\u00a0I\u00a0\u00a0<strong>SL<\/strong>\u00a0\u00a0I\u00a0\u00a0<a href=\"https:\/\/www.msds-europe.com\/sk\/sds-skratky-akronymy\/\">SK<\/a>\u00a0\u00a0I\u00a0\u00a0<a href=\"https:\/\/www.biztonsagiadatlap.hu\/roviditesek-mozaikszavak-biztonsagi-adatlapokban\/\">HU<\/a><\/p>\n<p>&nbsp;<\/p>\n<p><strong>ADN<\/strong>: Evropski sporazum o mednarodnem prevozu nevarnega blaga po celinskih plovnih poteh.<\/p>\n<p><strong>ADR<\/strong>: Sporazum o mednarodnem cestnem prevozu nevarnega blaga.<\/p>\n<p><strong>ATE<\/strong>: Ocenjena akutna toksi\u010dnost.<\/p>\n<p><strong>AOX<\/strong>: Adsorbirani organski halogeni.<\/p>\n<p><strong>BCF<\/strong>: Faktor biokoncentracije.<\/p>\n<p><strong>BOD<\/strong>: Biokemijska potreba po kisiku.<\/p>\n<p><strong>CAS \u0161t.<\/strong>: Registrska \u0161tevilka CAS (Chemical Abstracts Service).<\/p>\n<p><strong>CLP<\/strong>: Uredba (ES) \u0161t. 1272\/2008 o razvr\u0161\u010danju, ozna\u010devanju in pakiranju snovi in zmesi.<\/p>\n<p><strong>CMR<\/strong>: Rakotvorno, mutageno ali strupeno za razmno\u017eevanje.<\/p>\n<p><strong>COD<\/strong>: Kemijska potreba po kisiku.<\/p>\n<p><strong>CSA<\/strong>: Ocena kemijske varnosti.<\/p>\n<p><strong>CSR<\/strong>: Poro\u010dilo o kemijski varnosti.<\/p>\n<p><strong>DNEL<\/strong>: Izpeljana raven brez u\u010dinka (Derived No-Effect Level).<\/p>\n<p><strong>ECHA<\/strong>: Evropska agencija za kemikalije.<\/p>\n<p><strong>ES<\/strong>: Evropska skupnost.<\/p>\n<p><strong>ES \u0161t.<\/strong>: \u0160tevilka ES (EINECS\/ELINCS).<\/p>\n<p><strong>EGS<\/strong>: Evropska gospodarska skupnost.<\/p>\n<p><strong>EGP<\/strong>: Evropski gospodarski prostor (EU + Islandija, Lihten\u0161tajn in Norve\u0161ka).<\/p>\n<p><strong>EINECS<\/strong>: Evropski seznam obstoje\u010dih komercialnih kemi\u010dnih snovi.<\/p>\n<p><strong>ELINCS<\/strong>: Evropski seznam prigla\u0161enih kemi\u010dnih snovi.<\/p>\n<p><strong>EN<\/strong>: Evropski standard.<\/p>\n<p><strong>EU<\/strong>: Evropska unija.<\/p>\n<p><strong>EuPCS<\/strong>: <a href=\"https:\/\/www.msds-europe.com\/sl\/eupcs-opredeljene-uporabe-pcn\/\">Evropski sistem kategorizacije proizvodov<\/a>.<\/p>\n<p><strong>EWC<\/strong>: Evropski katalog odpadkov (nadome\u0161\u010den s seznamom odpadkov \u2013 LoW; glejte spodaj).<\/p>\n<p><strong>GHS<\/strong>: Globalno harmoniziran sistem razvr\u0161\u010danja in ozna\u010devanja kemikalij.<\/p>\n<p><strong>IATA<\/strong>: Mednarodno zdru\u017eenje letalskih prevoznikov.<\/p>\n<p><strong>ICAO-TI<\/strong>: Tehni\u010dna navodila za varen zra\u010dni prevoz nevarnega blaga.<\/p>\n<p><strong>IMDG<\/strong>: Mednarodni pomorski kodeks za nevarno blago.<\/p>\n<p><strong>IMO<\/strong>: Mednarodna pomorska organizacija.<\/p>\n<p><strong>IMSBC<\/strong>: Mednarodni kodeks za prevoz trdnih razsutih tovorov (razen \u017eit).<\/p>\n<p><strong>IUCLID<\/strong>: International Uniform Chemical Information Database (mednarodna enotna baza podatkov o kemijskih informacijah).<\/p>\n<p><strong>IUPAC<\/strong>: Mednarodna zveza za \u010disto in uporabno kemijo.<\/p>\n<p><strong>Kow<\/strong>: Porazdelitveni koeficient n-oktanol\/voda.<\/p>\n<p><strong>LC50<\/strong>: Smrtna koncentracija 50 % (median lethal concentration).<\/p>\n<p><strong>LD50<\/strong>: Smrtni odmerek 50 % (median lethal dose).<\/p>\n<p><strong>LoW<\/strong>: Seznam odpadkov (List of Waste).<\/p>\n<p><strong>LOEC<\/strong>: Najni\u017eja opa\u017eena u\u010dinkovita koncentracija.<\/p>\n<p><strong>LOEL<\/strong>: Najni\u017eja opa\u017eena u\u010dinkovita raven.<\/p>\n<p><strong>NOEC<\/strong>: Koncentracija brez opa\u017eenega u\u010dinka.<\/p>\n<p><strong>NOEL<\/strong>: Raven brez opa\u017eenega u\u010dinka.<\/p>\n<p><strong>NOAEC<\/strong>: Koncentracija brez opa\u017eenega \u0161kodljivega u\u010dinka.<\/p>\n<p><strong>NOAEL<\/strong>: Raven brez opa\u017eenega \u0161kodljivega u\u010dinka.<\/p>\n<p><strong>OECD<\/strong>: Organizacija za gospodarsko sodelovanje in razvoj.<\/p>\n<p><strong>OSHA<\/strong>: Uprava za varnost in zdravje pri delu.<\/p>\n<p><strong>PBT<\/strong>: Obstojno, bioakumulativno in strupeno.<\/p>\n<p><strong>PNEC<\/strong>: Predvidena koncentracija brez u\u010dinka.<\/p>\n<p><strong>QSAR<\/strong>: Kvantitativno razmerje med strukturo in aktivnostjo.<\/p>\n<p style=\"text-align: justify;\"><strong>REACH<\/strong>: Uredba (ES) \u0161t. 1907\/2006 o registraciji, evalvaciji, avtorizaciji in omejevanju kemikalij.<\/p>\n<p><strong>RID<\/strong>: Predpisi o mednarodnem \u017eelezni\u0161kem prevozu nevarnega blaga.<\/p>\n<p><strong>SCBA<\/strong>: Samostojni dihalni aparat (Self-Contained Breathing Apparatus).<\/p>\n<p><strong>SDS<\/strong>: Varnostni list.<\/p>\n<p><strong>STOT<\/strong>: Specifi\u010dna strupenost za ciljni organ.<\/p>\n<p><strong>SVHC<\/strong>: Snov, ki vzbuja veliko zaskrbljenost.<\/p>\n<p><strong>UN<\/strong>: Zdru\u017eeni narodi.<\/p>\n<p style=\"text-align: justify;\"><strong>UVCB<\/strong>: Snovi neznane ali spremenljive sestave, produkti kompleksnih reakcij ali biolo\u0161ki materiali.<\/p>\n<p><strong>VOC<\/strong>: Hlapne organske spojine.<\/p>\n<p><strong>vPvB<\/strong>: Zelo obstojno in zelo bioakumulativno.<\/p>\n<p>&nbsp;<\/p>\n<h4><span style=\"color: #333333;\">Ponujene storitve<\/span><\/h4>\n<ul>\n<li><a href=\"https:\/\/www.msds-europe.com\/sl\/prevajanje-varnostnih-listov\/\">Prevajanje varnostnih listov<\/a><\/li>\n<li><a href=\"https:\/\/www.msds-europe.com\/sl\/varnostni-list-revizija-posodobitev\/\">Revizija in posodobitev varnostnega lista<\/a><\/li>\n<li><a href=\"https:\/\/www.msds-europe.com\/sl\/izdelava-sestava-varnostnega-lista\/\">Sestava in izdelava varnostnega lista<\/a><\/li>\n<li><a href=\"https:\/\/www.msds-europe.com\/sl\/ufi-storitev\/#obvescanje-zmeseh-pcn\">Obve\u0161\u010danje o zmesih prek portala PCN<\/a><\/li>\n<\/ul>\n<p>&nbsp;<\/p>\n<h4><span style=\"color: #333333;\">Koristne informacije<\/span><\/h4>\n<ul>\n<li><a href=\"https:\/\/www.msds-europe.com\/sl\/stavki-h\/\">Stavki o nevarnosti (H)<\/a><\/li>\n<li><a href=\"https:\/\/www.msds-europe.com\/sl\/piktogrami-za-nevarnosti\/\">Piktogrami nevarnosti<\/a><\/li>\n<li><a href=\"https:\/\/www.msds-europe.com\/sl\/stavki-p\/\">Previdnostni stavki (P)<\/a><\/li>\n<li><a href=\"https:\/\/www.msds-europe.com\/sl\/predlo%c5%beitev-pcn\/\">Predlo\u017eitev PCN<\/a><\/li>\n<\/ul>\n<p>&nbsp;<\/p>\n","protected":false},"excerpt":{"rendered":"<p>&nbsp; MSDS-Europe \u2013 Baza znanja varnostnih listov \u2013 Kratice in okraj\u0161ave v varnostnih listih &nbsp; V 16. poglavju varnostnega lista (Druge informacije) morajo biti navedene razlage in polni pomeni vseh kratic in okraj\u0161av, uporabljenih v dokumentu. &nbsp; Najpogostej\u0161e kratice in okraj\u0161ave v varnostnih listih: EN\u00a0\u00a0I\u00a0\u00a0DE\u00a0\u00a0I\u00a0\u00a0FR\u00a0\u00a0I\u00a0\u00a0ES\u00a0\u00a0I\u00a0\u00a0IT\u00a0\u00a0I\u00a0\u00a0PL\u00a0\u00a0I\u00a0\u00a0CS\u00a0\u00a0I\u00a0\u00a0RO\u00a0\u00a0I\u00a0\u00a0SL\u00a0\u00a0I\u00a0\u00a0SK\u00a0\u00a0I\u00a0\u00a0HU &nbsp; ADN: Evropski sporazum o&#8230;<\/p>\n","protected":false},"author":2,"featured_media":0,"parent":0,"menu_order":0,"comment_status":"closed","ping_status":"closed","template":"","meta":{"_acf_changed":false,"footnotes":""},"tags":[359,258],"class_list":["post-31682","page","type-page","status-publish","hentry","tag-baza-znanja-varnostnih-listov-sl","tag-varnostnega-lista-sl"],"acf":[],"yoast_head":"<!-- This site is optimized with the Yoast SEO plugin v27.2 - https:\/\/yoast.com\/product\/yoast-seo-wordpress\/ -->\n<title>Kratice in okraj\u0161ave v varnostnih listih<\/title>\n<meta name=\"description\" content=\"Strokovni vodnik po najpogosteje uporabljenih okraj\u0161avah in akronimih v varnostnih listih (SDS) z jasnimi definicijami in razlagami.\" \/>\n<meta name=\"robots\" content=\"index, follow, max-snippet:-1, max-image-preview:large, max-video-preview:-1\" \/>\n<link rel=\"canonical\" href=\"https:\/\/www.msds-europe.com\/sl\/sds-kratice-okrajsave\/\" \/>\n<meta property=\"og:locale\" content=\"sl_SI\" \/>\n<meta property=\"og:type\" content=\"article\" \/>\n<meta property=\"og:title\" content=\"Kratice in okraj\u0161ave v varnostnih listih\" \/>\n<meta property=\"og:description\" content=\"Strokovni vodnik po najpogosteje uporabljenih okraj\u0161avah in akronimih v varnostnih listih (SDS) z jasnimi definicijami in razlagami.\" \/>\n<meta property=\"og:url\" content=\"https:\/\/www.msds-europe.com\/sl\/sds-kratice-okrajsave\/\" \/>\n<meta property=\"og:site_name\" content=\"MSDS Europe\" \/>\n<meta property=\"article:publisher\" content=\"https:\/\/www.facebook.com\/toxinfokft\/\" \/>\n<meta property=\"article:modified_time\" content=\"2026-02-23T07:54:50+00:00\" \/>\n<meta name=\"twitter:card\" content=\"summary_large_image\" \/>\n<meta name=\"twitter:site\" content=\"@ToxInfoKft\" \/>\n<meta name=\"twitter:label1\" content=\"Est. reading time\" \/>\n\t<meta name=\"twitter:data1\" content=\"3 minute\" \/>\n<script type=\"application\/ld+json\" class=\"yoast-schema-graph\">{\"@context\":\"https:\/\/schema.org\",\"@graph\":[{\"@type\":\"WebPage\",\"@id\":\"https:\/\/www.msds-europe.com\/sl\/sds-kratice-okrajsave\/\",\"url\":\"https:\/\/www.msds-europe.com\/sl\/sds-kratice-okrajsave\/\",\"name\":\"Kratice in okraj\u0161ave v varnostnih listih\",\"isPartOf\":{\"@id\":\"https:\/\/www.msds-europe.com\/es\/#website\"},\"datePublished\":\"2025-04-26T15:04:48+00:00\",\"dateModified\":\"2026-02-23T07:54:50+00:00\",\"description\":\"Strokovni vodnik po najpogosteje uporabljenih okraj\u0161avah in akronimih v varnostnih listih (SDS) z jasnimi definicijami in razlagami.\",\"breadcrumb\":{\"@id\":\"https:\/\/www.msds-europe.com\/sl\/sds-kratice-okrajsave\/#breadcrumb\"},\"inLanguage\":\"sl-SI\",\"potentialAction\":[{\"@type\":\"ReadAction\",\"target\":[\"https:\/\/www.msds-europe.com\/sl\/sds-kratice-okrajsave\/\"]}]},{\"@type\":\"BreadcrumbList\",\"@id\":\"https:\/\/www.msds-europe.com\/sl\/sds-kratice-okrajsave\/#breadcrumb\",\"itemListElement\":[{\"@type\":\"ListItem\",\"position\":1,\"name\":\"F\u0151oldal\",\"item\":\"https:\/\/www.msds-europe.com\/sl\/\"},{\"@type\":\"ListItem\",\"position\":2,\"name\":\"Kratice in okraj\u0161ave v varnostnih listih\"}]},{\"@type\":\"WebSite\",\"@id\":\"https:\/\/www.msds-europe.com\/es\/#website\",\"url\":\"https:\/\/www.msds-europe.com\/es\/\",\"name\":\"MSDS Europe\",\"description\":\"\",\"publisher\":{\"@id\":\"https:\/\/www.msds-europe.com\/es\/#organization\"},\"potentialAction\":[{\"@type\":\"SearchAction\",\"target\":{\"@type\":\"EntryPoint\",\"urlTemplate\":\"https:\/\/www.msds-europe.com\/es\/?s={search_term_string}\"},\"query-input\":{\"@type\":\"PropertyValueSpecification\",\"valueRequired\":true,\"valueName\":\"search_term_string\"}}],\"inLanguage\":\"sl-SI\"},{\"@type\":\"Organization\",\"@id\":\"https:\/\/www.msds-europe.com\/es\/#organization\",\"name\":\"MSDS-Europe International branch of ToxInfo\",\"url\":\"https:\/\/www.msds-europe.com\/es\/\",\"logo\":{\"@type\":\"ImageObject\",\"inLanguage\":\"sl-SI\",\"@id\":\"https:\/\/www.msds-europe.com\/es\/#\/schema\/logo\/image\/\",\"url\":\"https:\/\/www.msds-europe.com\/wp-content\/uploads\/2021\/04\/msds-europe-logo.jpg\",\"contentUrl\":\"https:\/\/www.msds-europe.com\/wp-content\/uploads\/2021\/04\/msds-europe-logo.jpg\",\"width\":2296,\"height\":1067,\"caption\":\"MSDS-Europe International branch of ToxInfo\"},\"image\":{\"@id\":\"https:\/\/www.msds-europe.com\/es\/#\/schema\/logo\/image\/\"},\"sameAs\":[\"https:\/\/www.facebook.com\/toxinfokft\/\",\"https:\/\/x.com\/ToxInfoKft\"]}]}<\/script>\n<!-- \/ Yoast SEO plugin. -->","yoast_head_json":{"title":"Kratice in okraj\u0161ave v varnostnih listih","description":"Strokovni vodnik po najpogosteje uporabljenih okraj\u0161avah in akronimih v varnostnih listih (SDS) z jasnimi definicijami in razlagami.","robots":{"index":"index","follow":"follow","max-snippet":"max-snippet:-1","max-image-preview":"max-image-preview:large","max-video-preview":"max-video-preview:-1"},"canonical":"https:\/\/www.msds-europe.com\/sl\/sds-kratice-okrajsave\/","og_locale":"sl_SI","og_type":"article","og_title":"Kratice in okraj\u0161ave v varnostnih listih","og_description":"Strokovni vodnik po najpogosteje uporabljenih okraj\u0161avah in akronimih v varnostnih listih (SDS) z jasnimi definicijami in razlagami.","og_url":"https:\/\/www.msds-europe.com\/sl\/sds-kratice-okrajsave\/","og_site_name":"MSDS Europe","article_publisher":"https:\/\/www.facebook.com\/toxinfokft\/","article_modified_time":"2026-02-23T07:54:50+00:00","twitter_card":"summary_large_image","twitter_site":"@ToxInfoKft","twitter_misc":{"Est. reading time":"3 minute"},"schema":{"@context":"https:\/\/schema.org","@graph":[{"@type":"WebPage","@id":"https:\/\/www.msds-europe.com\/sl\/sds-kratice-okrajsave\/","url":"https:\/\/www.msds-europe.com\/sl\/sds-kratice-okrajsave\/","name":"Kratice in okraj\u0161ave v varnostnih listih","isPartOf":{"@id":"https:\/\/www.msds-europe.com\/es\/#website"},"datePublished":"2025-04-26T15:04:48+00:00","dateModified":"2026-02-23T07:54:50+00:00","description":"Strokovni vodnik po najpogosteje uporabljenih okraj\u0161avah in akronimih v varnostnih listih (SDS) z jasnimi definicijami in razlagami.","breadcrumb":{"@id":"https:\/\/www.msds-europe.com\/sl\/sds-kratice-okrajsave\/#breadcrumb"},"inLanguage":"sl-SI","potentialAction":[{"@type":"ReadAction","target":["https:\/\/www.msds-europe.com\/sl\/sds-kratice-okrajsave\/"]}]},{"@type":"BreadcrumbList","@id":"https:\/\/www.msds-europe.com\/sl\/sds-kratice-okrajsave\/#breadcrumb","itemListElement":[{"@type":"ListItem","position":1,"name":"F\u0151oldal","item":"https:\/\/www.msds-europe.com\/sl\/"},{"@type":"ListItem","position":2,"name":"Kratice in okraj\u0161ave v varnostnih listih"}]},{"@type":"WebSite","@id":"https:\/\/www.msds-europe.com\/es\/#website","url":"https:\/\/www.msds-europe.com\/es\/","name":"MSDS Europe","description":"","publisher":{"@id":"https:\/\/www.msds-europe.com\/es\/#organization"},"potentialAction":[{"@type":"SearchAction","target":{"@type":"EntryPoint","urlTemplate":"https:\/\/www.msds-europe.com\/es\/?s={search_term_string}"},"query-input":{"@type":"PropertyValueSpecification","valueRequired":true,"valueName":"search_term_string"}}],"inLanguage":"sl-SI"},{"@type":"Organization","@id":"https:\/\/www.msds-europe.com\/es\/#organization","name":"MSDS-Europe International branch of ToxInfo","url":"https:\/\/www.msds-europe.com\/es\/","logo":{"@type":"ImageObject","inLanguage":"sl-SI","@id":"https:\/\/www.msds-europe.com\/es\/#\/schema\/logo\/image\/","url":"https:\/\/www.msds-europe.com\/wp-content\/uploads\/2021\/04\/msds-europe-logo.jpg","contentUrl":"https:\/\/www.msds-europe.com\/wp-content\/uploads\/2021\/04\/msds-europe-logo.jpg","width":2296,"height":1067,"caption":"MSDS-Europe International branch of ToxInfo"},"image":{"@id":"https:\/\/www.msds-europe.com\/es\/#\/schema\/logo\/image\/"},"sameAs":["https:\/\/www.facebook.com\/toxinfokft\/","https:\/\/x.com\/ToxInfoKft"]}]}},"_links":{"self":[{"href":"https:\/\/www.msds-europe.com\/sl\/wp-json\/wp\/v2\/pages\/31682","targetHints":{"allow":["GET"]}}],"collection":[{"href":"https:\/\/www.msds-europe.com\/sl\/wp-json\/wp\/v2\/pages"}],"about":[{"href":"https:\/\/www.msds-europe.com\/sl\/wp-json\/wp\/v2\/types\/page"}],"author":[{"embeddable":true,"href":"https:\/\/www.msds-europe.com\/sl\/wp-json\/wp\/v2\/users\/2"}],"replies":[{"embeddable":true,"href":"https:\/\/www.msds-europe.com\/sl\/wp-json\/wp\/v2\/comments?post=31682"}],"version-history":[{"count":9,"href":"https:\/\/www.msds-europe.com\/sl\/wp-json\/wp\/v2\/pages\/31682\/revisions"}],"predecessor-version":[{"id":37399,"href":"https:\/\/www.msds-europe.com\/sl\/wp-json\/wp\/v2\/pages\/31682\/revisions\/37399"}],"wp:attachment":[{"href":"https:\/\/www.msds-europe.com\/sl\/wp-json\/wp\/v2\/media?parent=31682"}],"wp:term":[{"taxonomy":"post_tag","embeddable":true,"href":"https:\/\/www.msds-europe.com\/sl\/wp-json\/wp\/v2\/tags?post=31682"}],"curies":[{"name":"wp","href":"https:\/\/api.w.org\/{rel}","templated":true}]}}