{"id":24514,"date":"2021-02-24T11:17:16","date_gmt":"2021-02-24T11:17:16","guid":{"rendered":"https:\/\/www.msds-europe.com\/?page_id=24514"},"modified":"2026-02-18T14:20:52","modified_gmt":"2026-02-18T14:20:52","slug":"program-za-podporo-strankam","status":"publish","type":"page","link":"https:\/\/www.msds-europe.com\/sl\/program-za-podporo-strankam\/","title":{"rendered":"MSDS-Europe program za podporo strankam"},"content":{"rendered":"<p style=\"text-align: justify;\"><em><strong>Ker se kemijska varnost gradi z zaupanjem \u2026<\/strong><\/em><\/p>\n<p style=\"text-align: right;\"><a href=\"https:\/\/www.msds-europe.com\/sl\/\">MSDS-Europe<\/a> \u2013 MSDS program za podporo strankam<\/p>\n<p><img decoding=\"async\" class=\"alignnone size-medium wp-image-24517 alignright\" src=\"https:\/\/www.msds-europe.com\/wp-content\/uploads\/2021\/02\/MSDS-Europe-program-za-podporo-strankam-300x268.jpg\" alt=\"\" width=\"300\" height=\"268\" srcset=\"https:\/\/www.msds-europe.com\/wp-content\/uploads\/2021\/02\/MSDS-Europe-program-za-podporo-strankam-300x268.jpg 300w, https:\/\/www.msds-europe.com\/wp-content\/uploads\/2021\/02\/MSDS-Europe-program-za-podporo-strankam.jpg 586w\" sizes=\"(max-width: 300px) 100vw, 300px\" \/><\/p>\n<p>&nbsp;<\/p>\n<p>&nbsp;<\/p>\n<h2 style=\"text-align: justify;\"><span style=\"color: #333333;\">Namen na\u0161ega programa za podporo strankam<\/span><\/h2>\n<p style=\"text-align: justify;\">Prepri\u010dani smo, da je visoko kakovostno storitev na podro\u010dju kemijske varnosti mogo\u010de dose\u010di s tesnim sodelovanjem in dobro komunikacijo. Poslovna kultura MSDS-Europe je vedno postavljala v ospredje osredoto\u010denost na stranko; na tej podlagi smo oblikovali na\u0161 program za podporo strankam. Z njim \u017eelimo na\u0161im strankam ponuditi dolgoro\u010dne ugodnosti. Podpora se ne kon\u010da s tem, ko je naro\u010dilo opravljeno.<\/p>\n<p>&nbsp;<\/p>\n<h2 style=\"text-align: justify;\">Status klju\u010dnega kupca<\/h2>\n<p style=\"text-align: justify;\">S tem, ko vam dodelimo osebno kontaktno osebo, bo na\u0161e nadaljnje sodelovanje u\u010dinkovitej\u0161e in vam bo zagotovilo visoko kakovostno podporo na podro\u010dju kemijske varnosti.<\/p>\n<p>&nbsp;<\/p>\n<h3 style=\"text-align: justify;\">Ugodnosti osebne kontaktne osebe<\/h3>\n<ul>\n<li style=\"text-align: justify;\">V primeru strokovnih vpra\u0161anj vam bo osebna kontaktna oseba posredovala odgovor.<\/li>\n<li style=\"text-align: justify;\">Celoten postopek naro\u010dila bo obravnavala ena oseba, ki vas bo lahko kadarkoli obvestila o aktualnem stanju.<\/li>\n<li style=\"text-align: justify;\">Va\u0161a kontaktna oseba vam lahko ponudi bolj prilagojene (personalizirane) nasvete.<\/li>\n<li style=\"text-align: justify;\">Izpolnjevanje naro\u010dil bo prilagojeno va\u0161im zahtevam.<\/li>\n<li style=\"text-align: justify;\">Administrativna podpora med postopkom priprave naro\u010dila (npr. primerjava obstoje\u010dega varnostnega lista in osnutkov etiket s portfeljem izdelkov).<\/li>\n<\/ul>\n<p>&nbsp;<\/p>\n<h3 style=\"text-align: justify;\">Odlo\u017eeno pla\u010devanje<\/h3>\n<ul>\n<li style=\"text-align: justify;\">Namesto ra\u010duna pro forma zadostuje, da se pla\u010dilo izvede po opravljenem naro\u010dilu.<\/li>\n<li style=\"text-align: justify;\">Dogovorjen (osebni) rok za pla\u010dilo.<\/li>\n<\/ul>\n<p>&nbsp;<\/p>\n<h3>Garantirane cene<\/h3>\n<ul>\n<li style=\"text-align: justify;\">Na zahtevo stranke na\u0161im klju\u010dnim kupcem v splo\u0161ni okvirni pogodbi garantiramo cene, kar zagotavlja nespremenjene cene in koli\u010dinske popuste za celo leto.<\/li>\n<\/ul>\n<p>&nbsp;<\/p>\n<h3 style=\"text-align: justify;\">Hitro izvajanje postopka naro\u010dila<\/h3>\n<ul>\n<li style=\"text-align: justify;\">Namesto izpolnjevanja obi\u010dajnih obrazcev za naro\u010dilo se posredujejo zgolj strokovno relevantni in zahtevani podatki o izdelkih, ki so res potrebni za izvedbo naro\u010dila.<\/li>\n<\/ul>\n<p>&nbsp;<\/p>\n<h3 style=\"text-align: justify;\"><span style=\"color: #333333;\">Pogoji za status klju\u010dnega kupca<\/span><\/h3>\n<p style=\"text-align: justify;\">Ne glede na morebitne omejitve vrednosti vam bomo ob drugem naro\u010dilu dodelili osebno kontaktno osebo. Ta oseba bo stopila v stik z vami, v prihodnje pa boste lahko vse zadeve v zvezi s kemijsko varnostjo re\u0161evali z njo.<\/p>\n<p>&nbsp;<\/p>\n<h2 style=\"text-align: justify;\">Dolgoro\u010dni koli\u010dinski popusti<\/h2>\n<p style=\"text-align: justify;\"><em>Dolgoro\u010dno sodelovanje za kemijsko varnost \u2026<\/em><\/p>\n<p style=\"text-align: justify;\">Pri <a href=\"https:\/\/www.msds-europe.com\/sl\/prevajanje-varnostnih-listov\/\">prevajanju varnostnih listov<\/a> vam nudimo koli\u010dinske popuste ne le pri enem hkratnem naro\u010dilu, temve\u010d \u2013 v primeru sklenjene pogodbe \u2013 tudi za varnostne liste, naro\u010dene v mese\u010dnem ali \u010detrtletnem \u010dasovnem obdobju.<\/p>\n<p style=\"text-align: right;\"><a href=\"https:\/\/www.msds-europe.com\/sl\/pogodba-o-varnostnih-listih\/\">Ve\u010d informacij<\/a><\/p>\n<p>&nbsp;<\/p>\n","protected":false},"excerpt":{"rendered":"<p>Ker se kemijska varnost gradi z zaupanjem \u2026 MSDS-Europe \u2013 MSDS program za podporo strankam &nbsp; &nbsp; Namen na\u0161ega programa za podporo strankam Prepri\u010dani smo, da je visoko kakovostno storitev na podro\u010dju kemijske varnosti mogo\u010de dose\u010di s tesnim sodelovanjem in dobro komunikacijo. Poslovna kultura MSDS-Europe je vedno postavljala v ospredje&#8230;<\/p>\n","protected":false},"author":2,"featured_media":0,"parent":0,"menu_order":0,"comment_status":"closed","ping_status":"closed","template":"","meta":{"_acf_changed":false,"footnotes":""},"tags":[],"class_list":["post-24514","page","type-page","status-publish","hentry"],"acf":[],"yoast_head":"<!-- This site is optimized with the Yoast SEO plugin v27.2 - https:\/\/yoast.com\/product\/yoast-seo-wordpress\/ -->\n<title>MSDS-Europe program za podporo strankam<\/title>\n<meta name=\"description\" content=\"MSDS-Europe program za podporo strankam, za najkakovostnej\u0161o izku\u0161njo storitev za na\u0161e stranke. Izvedite ve\u010d o tem!\" \/>\n<meta name=\"robots\" content=\"index, follow, max-snippet:-1, max-image-preview:large, max-video-preview:-1\" \/>\n<link rel=\"canonical\" href=\"https:\/\/www.msds-europe.com\/sl\/program-za-podporo-strankam\/\" \/>\n<meta property=\"og:locale\" content=\"sl_SI\" \/>\n<meta property=\"og:type\" content=\"article\" \/>\n<meta property=\"og:title\" content=\"MSDS-Europe program za podporo strankam\" \/>\n<meta property=\"og:description\" content=\"MSDS-Europe program za podporo strankam, za najkakovostnej\u0161o izku\u0161njo storitev za na\u0161e stranke. Izvedite ve\u010d o tem!\" \/>\n<meta property=\"og:url\" content=\"https:\/\/www.msds-europe.com\/sl\/program-za-podporo-strankam\/\" \/>\n<meta property=\"og:site_name\" content=\"MSDS Europe\" \/>\n<meta property=\"article:publisher\" content=\"https:\/\/www.facebook.com\/toxinfokft\/\" \/>\n<meta property=\"article:modified_time\" content=\"2026-02-18T14:20:52+00:00\" \/>\n<meta property=\"og:image\" content=\"https:\/\/www.msds-europe.com\/wp-content\/uploads\/2021\/02\/MSDS-Europe-program-za-podporo-strankam-300x268.jpg\" \/>\n<meta name=\"twitter:card\" content=\"summary_large_image\" \/>\n<meta name=\"twitter:site\" content=\"@ToxInfoKft\" \/>\n<meta name=\"twitter:label1\" content=\"Est. reading time\" \/>\n\t<meta name=\"twitter:data1\" content=\"2 minuti\" \/>\n<script type=\"application\/ld+json\" class=\"yoast-schema-graph\">{\"@context\":\"https:\/\/schema.org\",\"@graph\":[{\"@type\":\"WebPage\",\"@id\":\"https:\/\/www.msds-europe.com\/sl\/program-za-podporo-strankam\/\",\"url\":\"https:\/\/www.msds-europe.com\/sl\/program-za-podporo-strankam\/\",\"name\":\"MSDS-Europe program za podporo strankam\",\"isPartOf\":{\"@id\":\"https:\/\/www.msds-europe.com\/es\/#website\"},\"primaryImageOfPage\":{\"@id\":\"https:\/\/www.msds-europe.com\/sl\/program-za-podporo-strankam\/#primaryimage\"},\"image\":{\"@id\":\"https:\/\/www.msds-europe.com\/sl\/program-za-podporo-strankam\/#primaryimage\"},\"thumbnailUrl\":\"https:\/\/www.msds-europe.com\/wp-content\/uploads\/2021\/02\/MSDS-Europe-program-za-podporo-strankam-300x268.jpg\",\"datePublished\":\"2021-02-24T11:17:16+00:00\",\"dateModified\":\"2026-02-18T14:20:52+00:00\",\"description\":\"MSDS-Europe program za podporo strankam, za najkakovostnej\u0161o izku\u0161njo storitev za na\u0161e stranke. Izvedite ve\u010d o tem!\",\"breadcrumb\":{\"@id\":\"https:\/\/www.msds-europe.com\/sl\/program-za-podporo-strankam\/#breadcrumb\"},\"inLanguage\":\"sl-SI\",\"potentialAction\":[{\"@type\":\"ReadAction\",\"target\":[\"https:\/\/www.msds-europe.com\/sl\/program-za-podporo-strankam\/\"]}]},{\"@type\":\"ImageObject\",\"inLanguage\":\"sl-SI\",\"@id\":\"https:\/\/www.msds-europe.com\/sl\/program-za-podporo-strankam\/#primaryimage\",\"url\":\"https:\/\/www.msds-europe.com\/wp-content\/uploads\/2021\/02\/MSDS-Europe-program-za-podporo-strankam-300x268.jpg\",\"contentUrl\":\"https:\/\/www.msds-europe.com\/wp-content\/uploads\/2021\/02\/MSDS-Europe-program-za-podporo-strankam-300x268.jpg\"},{\"@type\":\"BreadcrumbList\",\"@id\":\"https:\/\/www.msds-europe.com\/sl\/program-za-podporo-strankam\/#breadcrumb\",\"itemListElement\":[{\"@type\":\"ListItem\",\"position\":1,\"name\":\"F\u0151oldal\",\"item\":\"https:\/\/www.msds-europe.com\/sl\/\"},{\"@type\":\"ListItem\",\"position\":2,\"name\":\"MSDS-Europe program za podporo strankam\"}]},{\"@type\":\"WebSite\",\"@id\":\"https:\/\/www.msds-europe.com\/es\/#website\",\"url\":\"https:\/\/www.msds-europe.com\/es\/\",\"name\":\"MSDS Europe\",\"description\":\"\",\"publisher\":{\"@id\":\"https:\/\/www.msds-europe.com\/es\/#organization\"},\"potentialAction\":[{\"@type\":\"SearchAction\",\"target\":{\"@type\":\"EntryPoint\",\"urlTemplate\":\"https:\/\/www.msds-europe.com\/es\/?s={search_term_string}\"},\"query-input\":{\"@type\":\"PropertyValueSpecification\",\"valueRequired\":true,\"valueName\":\"search_term_string\"}}],\"inLanguage\":\"sl-SI\"},{\"@type\":\"Organization\",\"@id\":\"https:\/\/www.msds-europe.com\/es\/#organization\",\"name\":\"MSDS-Europe International branch of ToxInfo\",\"url\":\"https:\/\/www.msds-europe.com\/es\/\",\"logo\":{\"@type\":\"ImageObject\",\"inLanguage\":\"sl-SI\",\"@id\":\"https:\/\/www.msds-europe.com\/es\/#\/schema\/logo\/image\/\",\"url\":\"https:\/\/www.msds-europe.com\/wp-content\/uploads\/2021\/04\/msds-europe-logo.jpg\",\"contentUrl\":\"https:\/\/www.msds-europe.com\/wp-content\/uploads\/2021\/04\/msds-europe-logo.jpg\",\"width\":2296,\"height\":1067,\"caption\":\"MSDS-Europe International branch of ToxInfo\"},\"image\":{\"@id\":\"https:\/\/www.msds-europe.com\/es\/#\/schema\/logo\/image\/\"},\"sameAs\":[\"https:\/\/www.facebook.com\/toxinfokft\/\",\"https:\/\/x.com\/ToxInfoKft\"]}]}<\/script>\n<!-- \/ Yoast SEO plugin. -->","yoast_head_json":{"title":"MSDS-Europe program za podporo strankam","description":"MSDS-Europe program za podporo strankam, za najkakovostnej\u0161o izku\u0161njo storitev za na\u0161e stranke. Izvedite ve\u010d o tem!","robots":{"index":"index","follow":"follow","max-snippet":"max-snippet:-1","max-image-preview":"max-image-preview:large","max-video-preview":"max-video-preview:-1"},"canonical":"https:\/\/www.msds-europe.com\/sl\/program-za-podporo-strankam\/","og_locale":"sl_SI","og_type":"article","og_title":"MSDS-Europe program za podporo strankam","og_description":"MSDS-Europe program za podporo strankam, za najkakovostnej\u0161o izku\u0161njo storitev za na\u0161e stranke. Izvedite ve\u010d o tem!","og_url":"https:\/\/www.msds-europe.com\/sl\/program-za-podporo-strankam\/","og_site_name":"MSDS Europe","article_publisher":"https:\/\/www.facebook.com\/toxinfokft\/","article_modified_time":"2026-02-18T14:20:52+00:00","og_image":[{"url":"https:\/\/www.msds-europe.com\/wp-content\/uploads\/2021\/02\/MSDS-Europe-program-za-podporo-strankam-300x268.jpg","type":"","width":"","height":""}],"twitter_card":"summary_large_image","twitter_site":"@ToxInfoKft","twitter_misc":{"Est. reading time":"2 minuti"},"schema":{"@context":"https:\/\/schema.org","@graph":[{"@type":"WebPage","@id":"https:\/\/www.msds-europe.com\/sl\/program-za-podporo-strankam\/","url":"https:\/\/www.msds-europe.com\/sl\/program-za-podporo-strankam\/","name":"MSDS-Europe program za podporo strankam","isPartOf":{"@id":"https:\/\/www.msds-europe.com\/es\/#website"},"primaryImageOfPage":{"@id":"https:\/\/www.msds-europe.com\/sl\/program-za-podporo-strankam\/#primaryimage"},"image":{"@id":"https:\/\/www.msds-europe.com\/sl\/program-za-podporo-strankam\/#primaryimage"},"thumbnailUrl":"https:\/\/www.msds-europe.com\/wp-content\/uploads\/2021\/02\/MSDS-Europe-program-za-podporo-strankam-300x268.jpg","datePublished":"2021-02-24T11:17:16+00:00","dateModified":"2026-02-18T14:20:52+00:00","description":"MSDS-Europe program za podporo strankam, za najkakovostnej\u0161o izku\u0161njo storitev za na\u0161e stranke. Izvedite ve\u010d o tem!","breadcrumb":{"@id":"https:\/\/www.msds-europe.com\/sl\/program-za-podporo-strankam\/#breadcrumb"},"inLanguage":"sl-SI","potentialAction":[{"@type":"ReadAction","target":["https:\/\/www.msds-europe.com\/sl\/program-za-podporo-strankam\/"]}]},{"@type":"ImageObject","inLanguage":"sl-SI","@id":"https:\/\/www.msds-europe.com\/sl\/program-za-podporo-strankam\/#primaryimage","url":"https:\/\/www.msds-europe.com\/wp-content\/uploads\/2021\/02\/MSDS-Europe-program-za-podporo-strankam-300x268.jpg","contentUrl":"https:\/\/www.msds-europe.com\/wp-content\/uploads\/2021\/02\/MSDS-Europe-program-za-podporo-strankam-300x268.jpg"},{"@type":"BreadcrumbList","@id":"https:\/\/www.msds-europe.com\/sl\/program-za-podporo-strankam\/#breadcrumb","itemListElement":[{"@type":"ListItem","position":1,"name":"F\u0151oldal","item":"https:\/\/www.msds-europe.com\/sl\/"},{"@type":"ListItem","position":2,"name":"MSDS-Europe program za podporo strankam"}]},{"@type":"WebSite","@id":"https:\/\/www.msds-europe.com\/es\/#website","url":"https:\/\/www.msds-europe.com\/es\/","name":"MSDS Europe","description":"","publisher":{"@id":"https:\/\/www.msds-europe.com\/es\/#organization"},"potentialAction":[{"@type":"SearchAction","target":{"@type":"EntryPoint","urlTemplate":"https:\/\/www.msds-europe.com\/es\/?s={search_term_string}"},"query-input":{"@type":"PropertyValueSpecification","valueRequired":true,"valueName":"search_term_string"}}],"inLanguage":"sl-SI"},{"@type":"Organization","@id":"https:\/\/www.msds-europe.com\/es\/#organization","name":"MSDS-Europe International branch of ToxInfo","url":"https:\/\/www.msds-europe.com\/es\/","logo":{"@type":"ImageObject","inLanguage":"sl-SI","@id":"https:\/\/www.msds-europe.com\/es\/#\/schema\/logo\/image\/","url":"https:\/\/www.msds-europe.com\/wp-content\/uploads\/2021\/04\/msds-europe-logo.jpg","contentUrl":"https:\/\/www.msds-europe.com\/wp-content\/uploads\/2021\/04\/msds-europe-logo.jpg","width":2296,"height":1067,"caption":"MSDS-Europe International branch of ToxInfo"},"image":{"@id":"https:\/\/www.msds-europe.com\/es\/#\/schema\/logo\/image\/"},"sameAs":["https:\/\/www.facebook.com\/toxinfokft\/","https:\/\/x.com\/ToxInfoKft"]}]}},"_links":{"self":[{"href":"https:\/\/www.msds-europe.com\/sl\/wp-json\/wp\/v2\/pages\/24514","targetHints":{"allow":["GET"]}}],"collection":[{"href":"https:\/\/www.msds-europe.com\/sl\/wp-json\/wp\/v2\/pages"}],"about":[{"href":"https:\/\/www.msds-europe.com\/sl\/wp-json\/wp\/v2\/types\/page"}],"author":[{"embeddable":true,"href":"https:\/\/www.msds-europe.com\/sl\/wp-json\/wp\/v2\/users\/2"}],"replies":[{"embeddable":true,"href":"https:\/\/www.msds-europe.com\/sl\/wp-json\/wp\/v2\/comments?post=24514"}],"version-history":[{"count":6,"href":"https:\/\/www.msds-europe.com\/sl\/wp-json\/wp\/v2\/pages\/24514\/revisions"}],"predecessor-version":[{"id":37128,"href":"https:\/\/www.msds-europe.com\/sl\/wp-json\/wp\/v2\/pages\/24514\/revisions\/37128"}],"wp:attachment":[{"href":"https:\/\/www.msds-europe.com\/sl\/wp-json\/wp\/v2\/media?parent=24514"}],"wp:term":[{"taxonomy":"post_tag","embeddable":true,"href":"https:\/\/www.msds-europe.com\/sl\/wp-json\/wp\/v2\/tags?post=24514"}],"curies":[{"name":"wp","href":"https:\/\/api.w.org\/{rel}","templated":true}]}}