{"id":19617,"date":"2019-05-07T11:54:27","date_gmt":"2019-05-07T11:54:27","guid":{"rendered":"https:\/\/www.msds-europe.com\/?page_id=19617"},"modified":"2026-02-24T11:56:03","modified_gmt":"2026-02-24T11:56:03","slug":"enolicni-identifikator-formule","status":"publish","type":"page","link":"https:\/\/www.msds-europe.com\/sl\/enolicni-identifikator-formule\/","title":{"rendered":"Informacije glede uporabe UFI (enoli\u010dni identifikator formule)"},"content":{"rendered":"<p style=\"text-align: right;\"><em><a href=\"https:\/\/www.msds-europe.com\/sl\/baza-znanja-varnostnih-listov\/\">Baza znanja o varnostnih listih<\/a> \u2013 Enoli\u010dni identifikator formule<\/em><\/p>\n<p style=\"text-align: justify;\"><strong>Enoli\u010dni identifikator formule (UFI) je 16-mestna koda, ki mora biti navedena na <strong>etiketi<\/strong> izdelkov, ki vsebujejo <strong>nevarno zmes<\/strong>. UFI je povezan s <strong>predlo\u017eitvijo PCN<\/strong> za nevarne zmesi, ki temelji na usklajenem formatu (PCN).<\/strong><\/p>\n<p style=\"text-align: justify;\"><strong>Cilj predlo\u017eitve PCN so poenoteni podatki, ki bodo v vseh dr\u017eavah \u010dlanicah EU\/EGP na voljo za nujno zdravstveno obravnavo. Uporaba kode omogo\u010da <strong>centrom za zastrupitve<\/strong>, da v izrednih situacijah hitro pridobijo vse potrebne informacije o nevarnih zmesih.<\/strong><\/p>\n<p style=\"text-align: justify;\"><strong>Zakonske dolo\u010dbe o uporabi UFI in <strong>ozna\u010devanju zmesi<\/strong> so dolo\u010dene v <strong>Uredbi Komisije (EU) 2017\/542<\/strong>, ki spreminja Uredbo (ES) \u0161t. 1272\/2008 (CLP) z dodajanjem <strong>Priloge VIII<\/strong>. Te zahteve veljajo v vseh dr\u017eavah \u010dlanicah <strong>Evropskega gospodarskega prostora (EGP)<\/strong>.<\/strong><\/p>\n<p>&nbsp;<\/p>\n<h2 style=\"text-align: justify;\">Namen enoli\u010dnega identifikatorja formule<\/h2>\n<p style=\"text-align: justify;\">Koda UFI (dodeljena v postopku <strong>predlo\u017eitve PCN<\/strong>) omogo\u010da <strong>nedvoumno identifikacijo zmesi<\/strong> in povezavo s podatki o njeni sestavi, kar podpira hiter odziv v nujnih primerih. Hkrati pripomore k za\u0161\u010diti poslovnih skrivnosti, saj se natan\u010dna sestava zmesi posreduje pristojnim organom, UFI pa je naveden na etiketi.<\/p>\n<p>&nbsp;<\/p>\n<h2 style=\"text-align: justify;\">Strate\u0161ki pristop<\/h2>\n<h4 style=\"text-align: justify;\"><span style=\"color: #333333;\">Mo\u017eni pristopi k ustvarjanju enoli\u010dnega identifikatorja formule<\/span><\/h4>\n<p style=\"text-align: justify;\"><strong>Pristop na podlagi zmesi<\/strong><\/p>\n<p style=\"text-align: justify;\">Z identifikatorjem formule se ozna\u010di dolo\u010dena sestava zmesi.<\/p>\n<p style=\"text-align: justify;\">Izdelki z identi\u010dno sestavo, vendar z razli\u010dnimi <strong>trgovskimi imeni<\/strong> (torej ista zmes, dana na trg pod razli\u010dnimi imeni), lahko dobijo isto kodo UFI.<\/p>\n<p style=\"text-align: justify;\"><strong>Pristop na podlagi izdelka<\/strong><\/p>\n<p style=\"text-align: justify;\">Vsak izdelek dobi svojo kodo UFI.<\/p>\n<p style=\"text-align: justify;\">V tem primeru ima lahko isti izdelek (z enako sestavo) ve\u010d kod UFI, \u010de je zmes dana na trg pod ve\u010d razli\u010dnimi trgovskimi imeni (imeni izdelkov).<\/p>\n<p style=\"text-align: justify;\"><em>Za la\u017eje razumevanje obeh pristopov je koristno razlikovati med zmesjo in izdelkom:<\/em><\/p>\n<p style=\"text-align: justify;\"><em><strong>Zmes:<\/strong><\/em><\/p>\n<p style=\"text-align: justify;\"><em>Vsebuje najmanj dve sestavini (snovi in\/ali zmesi), vklju\u010dno z <strong>zmesjo v zmesi (ZVZ; MiM)<\/strong>.<\/em><\/p>\n<p style=\"text-align: justify;\"><em>Zna\u010dilnosti zmesi so v glavnem dolo\u010dene z njeno sestavo in fizikalno-kemijskimi lastnostmi.<\/em><\/p>\n<p style=\"text-align: justify;\"><em><strong>Izdelek:<\/strong><\/em><\/p>\n<p style=\"text-align: justify;\"><em>Zmes, namenjena za prodajo, ki je obi\u010dajno ozna\u010dena s trgovskim imenom. Njegove zna\u010dilnosti so v glavnem dolo\u010dene z embala\u017eo, <strong>etiketo<\/strong> in kategorijo izdelka.<\/em><\/p>\n<p style=\"text-align: justify;\"><strong>Pristop na podlagi trga<\/strong><\/p>\n<p style=\"text-align: justify;\">Iste zmesi lahko dobijo razli\u010dne kode UFI, \u010de so dane na trg v razli\u010dnih dr\u017eavah.<\/p>\n<p style=\"text-align: justify;\">Na primer: \u00bbizdelek 1\u00ab je dan na trg v Nem\u010diji in dobi svoj identifikator formule (\u00bbUFI 1\u00ab), hkrati pa je \u00bbizdelek 1\u00ab dan na trg v \u0160paniji in dobi drugo kodo (\u00bbUFI 2\u00ab).<\/p>\n<p style=\"text-align: justify;\"><strong>Pristop na podlagi jezika \/ ozna\u010devanja<\/strong><\/p>\n<p style=\"text-align: justify;\">Podobno \u00bbpristopu na podlagi trga\u00ab, pri \u010demer se upo\u0161teva, da so lahko uradni jeziki v nekaterih dr\u017eavah enaki (npr. nem\u0161\u010dina v Nem\u010diji in Avstriji).<\/p>\n<p style=\"text-align: center;\">Vsaka od zgoraj navedenih strategij je lahko pravilna, dokler se ne kr\u0161i naslednje <strong>temeljno na\u010delo<\/strong>:<\/p>\n<p style=\"text-align: center;\">UFI mora dolo\u010dati dano sestavo in ne sme nikoli ozna\u010devati zmesi z razli\u010dnimi sestavami.<\/p>\n<p>&nbsp;<\/p>\n<h2 style=\"text-align: justify;\">Generator UFI \u2013 ustvarjanje enoli\u010dnega identifikatorja formule<\/h2>\n<p style=\"text-align: justify;\"><a href=\"https:\/\/ufi.echa.europa.eu\/#\/create\">Generator UFI<\/a> je spletna aplikacija, do katere lahko dostopate prek brskalnika. Uporaba je brezpla\u010dna in na voljo v vseh uradnih jezikih Evropske unije.<\/p>\n<p style=\"text-align: justify;\">Kodo UFI ustvarite tako, da vnesete <strong>\u0161tevilko za DDV<\/strong> podjetja (\u010de je na voljo) in <strong>interni identifikator (\u0161tevilko) formulacije zmesi<\/strong>.<\/p>\n<p style=\"text-align: justify;\"><strong>Pomembno:<\/strong><\/p>\n<ul>\n<li style=\"text-align: justify;\">Sistem ustvarjenih kod UFI ne shrani samodejno; to mora storiti uporabnik.<\/li>\n<li style=\"text-align: justify;\">Kodo UFI lahko ustvarite tudi brez navedbe \u0161tevilke za DDV, vendar to mo\u017enost izberite le, \u010de podjetje tak\u0161ne \u0161tevilke dejansko nima.<\/li>\n<li style=\"text-align: justify;\">V nadaljnjem koraku je potrebna validacija (preveritev) ustvarjene kode UFI.<\/li>\n<\/ul>\n<p>&nbsp;<\/p>\n<h2 style=\"text-align: justify;\">Veljavnost kode UFI<\/h2>\n<p style=\"text-align: justify;\"><strong>Kdaj je potreben nov UFI?<\/strong><\/p>\n<p style=\"text-align: justify;\">UFI je vezan na sestavo zmesi. \u010ce se sestava spremeni tako, da je potrebna nova ali posodobljena predlo\u017eitev PCN, je pogosto treba ustvariti tudi nov UFI (z novim internim identifikatorjem formulacije).<\/p>\n<p style=\"text-align: justify;\"><strong>Nov UFI je obi\u010dajno potreben v naslednjih primerih:<\/strong><\/p>\n<ul>\n<li style=\"text-align: justify;\">dodajanje, zamenjava ali odstranitev sestavine,<\/li>\n<li style=\"text-align: justify;\">pri <strong>zmesi v zmesi (ZVZ; MiM)<\/strong>, \u010de dobavitelj spremeni kodo UFI zmesi v sestavi,<\/li>\n<li style=\"text-align: justify;\">\u010de spremembe koncentracij presegajo meje, dolo\u010dene v pravilih za Prilogo VIII.<\/li>\n<\/ul>\n<p style=\"text-align: justify;\"><strong>Spremembe koncentracije sestavine, pri katerih je praviloma treba ustvariti nov UFI:<\/strong><\/p>\n<p style=\"text-align: justify;\">Koncentracija sestavine v zmesi (najve\u010dja dovoljena stopnja spremembe):<\/p>\n<ul>\n<li style=\"text-align: justify;\">25\u2013100 % (5 %)<\/li>\n<li style=\"text-align: justify;\">10\u201325 % (10 %)<\/li>\n<li style=\"text-align: justify;\">2,5\u201310 % (20 %)<\/li>\n<li style=\"text-align: justify;\">&lt; 2,5 % (30 %)<\/li>\n<\/ul>\n<p style=\"text-align: justify;\"><strong>Koraki po ustvarjanju nove kode UFI:<\/strong><\/p>\n<ul>\n<li style=\"text-align: justify;\"><a href=\"https:\/\/www.msds-europe.com\/sl\/izdelava-osnutkov-etiket\/\">posodobitev etikete<\/a><\/li>\n<li style=\"text-align: justify;\">obve\u0161\u010danje v dobavni verigi<\/li>\n<\/ul>\n<p style=\"text-align: justify;\"><strong>Nova koda UFI praviloma ni potrebna, \u010de:<\/strong><\/p>\n<ul>\n<li style=\"text-align: justify;\">se spremeni samo ime zmesi (izdelka),<\/li>\n<li style=\"text-align: justify;\">sprememba vpliva samo na di\u0161ave\/parfume v izdelku,<\/li>\n<li style=\"text-align: justify;\">se spremeni embala\u017ea.<\/li>\n<\/ul>\n<p style=\"text-align: right;\"><em>Nadaljnje <a href=\"https:\/\/www.msds-europe.com\/sl\/predlo%c5%beitev-pcn\/\">informacije<\/a> o obveznosti posodobitve predlo\u017eitve PCN<\/em><\/p>\n<p>&nbsp;<\/p>\n<h2 style=\"text-align: justify;\">Obve\u0161\u010danje v dobavni verigi<\/h2>\n<p style=\"text-align: justify;\">\u010ce nadaljnji uporabnik uporablja <strong>zmes v zmesi (ZVZ; MiM)<\/strong> za <strong>formuliranje zmesi<\/strong>, mu za izpolnjevanje obveznosti pogosto zado\u0161\u010da koda UFI dobaviteljeve zmesi namesto popolnega razkritja njene sestave.<\/p>\n<p style=\"text-align: justify;\">Prakti\u010dni razlog je, da se v okviru predlo\u017eitve PCN podatki o sestavi posredujejo pristojnim organom; center za zastrupitve lahko v nujnih primerih na podlagi UFI hitro dostopa do potrebnih informacij. Na etiketi mora biti naveden UFI <strong>kon\u010dnega izdelka<\/strong>, zato se s tem praviloma ne razkrivajo zaupne informacije o vmesnih zmesih.<\/p>\n<p style=\"text-align: justify;\">Zato je pomembno, da se v dobavni verigi pravo\u010dasno obve\u0161\u010da o spremembah UFI, saj morajo subjekti, ki uporabljajo zmesi pri formuliranju svojih zmesi, v takih primerih posodobiti lastno predlo\u017eitev PCN.<\/p>\n<p>&nbsp;<\/p>\n<h2 style=\"text-align: justify;\">Uporaba kod UFI pri ozna\u010devanju zmesi<\/h2>\n<p style=\"text-align: justify;\">Nadaljnje informacije o navajanju UFI ter o ozna\u010devanju po CLP najdete v \u010dlanku \u00bb<a href=\"https:\/\/www.msds-europe.com\/clp-labelling-in-practice\/\">Ozna\u010devanje CLP v praksi<\/a>\u00ab.<\/p>\n<p>&nbsp;<\/p>\n<h4>Navodila za ozna\u010devanje<\/h4>\n<p><strong>UFI: xxxx-xxxx-xxxx-xxxx<\/strong><\/p>\n<ul>\n<li style=\"text-align: justify;\">\u00bbUFI:\u00ab \u2013 enako v vseh jezikih EU in se ne prevaja; mora biti zapisano z velikimi tiskanimi \u010drkami<\/li>\n<li style=\"text-align: justify;\">\u00bbxxxx-xxxx-xxxx-xxxx\u00ab \u2013 koda je razdeljena v \u0161tiri skupine, vsaka je lo\u010dena s pomi\u0161ljajem<\/li>\n<li style=\"text-align: justify;\">UFI mora biti jasno viden in berljiv<\/li>\n<li style=\"text-align: justify;\">Posebne tipografske zahteve (npr. za vrsto ali velikost pisave) niso predpisane<\/li>\n<li style=\"text-align: justify;\">UFI mora biti naveden na etiketi vseh izdelkov, ki vsebujejo nevarne zmesi<\/li>\n<li style=\"text-align: justify;\">Pri zmesih, namenjenih izklju\u010dno industrijski uporabi, in pri nepakiranih (razsutih) zmesih je v dolo\u010denih primerih mogo\u010de UFI navesti v varnostnem listu (SDS), kadar je to dovoljeno<\/li>\n<li style=\"text-align: justify;\">UFI mora biti na etiketi ozna\u010den neizbrisljivo<\/li>\n<\/ul>\n<p style=\"text-align: right;\"><em><a href=\"https:\/\/www.msds-europe.com\/sl\/ufi-storitev\/\">Na\u0161e storitve<\/a> v zvezi z generiranjem UFI in predlo\u017eitvijo PCN<\/em><\/p>\n<p>&nbsp;<\/p>\n<h3>Pogosta vpra\u0161anja in odgovori<\/h3>\n<div class=\"su-spoiler su-spoiler-style-fancy su-spoiler-icon-chevron su-spoiler-closed\" data-scroll-offset=\"0\" data-anchor-in-url=\"no\"><div class=\"su-spoiler-title\" tabindex=\"0\" role=\"button\"><span class=\"su-spoiler-icon\"><\/span>Kaj je UFI in kje mora biti naveden?<\/div><div class=\"su-spoiler-content su-u-clearfix su-u-trim\">\n<p style=\"text-align: justify;\">UFI (Unique Formula Identifier) je 16-mestna koda, ki povezuje nevarno zmes s podatki iz <strong>predlo\u017eitve PCN<\/strong>. Praviloma mora biti navedena na <strong>etiketi<\/strong> izdelka. UFI se lahko navede tudi v varnostnem listu (SDS), praviloma v oddelku 1.1; v nekaterih primerih (npr. pri nepakiranih zmesih ali kadar dobavitelj UFI navaja v SDS namesto na etiketi) je to tudi zahtevano.<\/p>\n<\/div><\/div>\n<div class=\"su-spoiler su-spoiler-style-fancy su-spoiler-icon-chevron su-spoiler-closed\" data-scroll-offset=\"0\" data-anchor-in-url=\"no\"><div class=\"su-spoiler-title\" tabindex=\"0\" role=\"button\"><span class=\"su-spoiler-icon\"><\/span>Kdo je odgovoren za ustvarjanje in predlo\u017eitev kode UFI?<\/div><div class=\"su-spoiler-content su-u-clearfix su-u-trim\">\n<p style=\"text-align: justify;\">Kodo UFI ustvari subjekt, ki zmes daje na trg (npr. proizvajalec ali uvoznik), z uporabo generatorja UFI agencije ECHA. Nato se UFI uporabi v okviru <strong>predlo\u017eitve PCN<\/strong> prek portala ECHA Submission Portal.<\/p>\n<\/div><\/div>\n<div class=\"su-spoiler su-spoiler-style-fancy su-spoiler-icon-chevron su-spoiler-closed\" data-scroll-offset=\"0\" data-anchor-in-url=\"no\"><div class=\"su-spoiler-title\" tabindex=\"0\" role=\"button\"><span class=\"su-spoiler-icon\"><\/span>Ali je UFI obvezen za zmesi, ki niso razvr\u0161\u010dene kot nevarne?<\/div><div class=\"su-spoiler-content su-u-clearfix su-u-trim\">\n<p style=\"text-align: justify;\">Praviloma ne. Obveznost UFI in predlo\u017eitve PCN se nana\u0161a predvsem na zmesi, razvr\u0161\u010dene kot nevarne zaradi <strong>fizikalnih<\/strong> in\/ali <strong>zdravstvenih<\/strong> nevarnosti. \u010ce zmes ni razvr\u0161\u010dena kot nevarna, UFI ni obvezen; podjetja pa ga v nekaterih primerih vseeno uporabljajo zaradi notranje sledljivosti ali poenotenega ozna\u010devanja.<\/p>\n<\/div><\/div>\n<p>\u00a0<\/p>\n","protected":false},"excerpt":{"rendered":"<p>Baza znanja o varnostnih listih \u2013 Enoli\u010dni identifikator formule Enoli\u010dni identifikator formule (UFI) je 16-mestna koda, ki mora biti navedena na etiketi izdelkov, ki vsebujejo nevarno zmes. UFI je povezan s predlo\u017eitvijo PCN za nevarne zmesi, ki temelji na usklajenem formatu (PCN). Cilj predlo\u017eitve PCN so poenoteni podatki, ki bodo&#8230;<\/p>\n","protected":false},"author":2,"featured_media":0,"parent":0,"menu_order":0,"comment_status":"closed","ping_status":"closed","template":"","meta":{"_acf_changed":false,"footnotes":""},"tags":[359,300],"class_list":["post-19617","page","type-page","status-publish","hentry","tag-baza-znanja-varnostnih-listov-sl","tag-oznacevanje-clp-sl"],"acf":[],"yoast_head":"<!-- This site is optimized with the Yoast SEO plugin v27.2 - https:\/\/yoast.com\/product\/yoast-seo-wordpress\/ -->\n<title>Enoli\u010dni identifikator formule. Informacije o uporabi UFI.<\/title>\n<meta name=\"description\" content=\"Prakti\u010dni nasveti in teoreti\u010dne informacije na enem mestu o usklajeni predlo\u017eitvi, strate\u0161kem na\u010drtovanju in ustvarjanju kode UFI\" \/>\n<meta name=\"robots\" content=\"index, follow, max-snippet:-1, max-image-preview:large, max-video-preview:-1\" \/>\n<link rel=\"canonical\" href=\"https:\/\/www.msds-europe.com\/sl\/enolicni-identifikator-formule\/\" \/>\n<meta property=\"og:locale\" content=\"sl_SI\" \/>\n<meta property=\"og:type\" content=\"article\" \/>\n<meta property=\"og:title\" content=\"Enoli\u010dni identifikator formule. Informacije o uporabi UFI.\" \/>\n<meta property=\"og:description\" content=\"Prakti\u010dni nasveti in teoreti\u010dne informacije na enem mestu o usklajeni predlo\u017eitvi, strate\u0161kem na\u010drtovanju in ustvarjanju kode UFI\" \/>\n<meta property=\"og:url\" content=\"https:\/\/www.msds-europe.com\/sl\/enolicni-identifikator-formule\/\" \/>\n<meta property=\"og:site_name\" content=\"MSDS Europe\" \/>\n<meta property=\"article:publisher\" content=\"https:\/\/www.facebook.com\/toxinfokft\/\" \/>\n<meta property=\"article:modified_time\" content=\"2026-02-24T11:56:03+00:00\" \/>\n<meta name=\"twitter:card\" content=\"summary_large_image\" \/>\n<meta name=\"twitter:site\" content=\"@ToxInfoKft\" \/>\n<meta name=\"twitter:label1\" content=\"Est. reading time\" \/>\n\t<meta name=\"twitter:data1\" content=\"5 minut\" \/>\n<script type=\"application\/ld+json\" class=\"yoast-schema-graph\">{\"@context\":\"https:\/\/schema.org\",\"@graph\":[{\"@type\":\"WebPage\",\"@id\":\"https:\/\/www.msds-europe.com\/sl\/enolicni-identifikator-formule\/\",\"url\":\"https:\/\/www.msds-europe.com\/sl\/enolicni-identifikator-formule\/\",\"name\":\"Enoli\u010dni identifikator formule. Informacije o uporabi UFI.\",\"isPartOf\":{\"@id\":\"https:\/\/www.msds-europe.com\/es\/#website\"},\"datePublished\":\"2019-05-07T11:54:27+00:00\",\"dateModified\":\"2026-02-24T11:56:03+00:00\",\"description\":\"Prakti\u010dni nasveti in teoreti\u010dne informacije na enem mestu o usklajeni predlo\u017eitvi, strate\u0161kem na\u010drtovanju in ustvarjanju kode UFI\",\"breadcrumb\":{\"@id\":\"https:\/\/www.msds-europe.com\/sl\/enolicni-identifikator-formule\/#breadcrumb\"},\"inLanguage\":\"sl-SI\",\"potentialAction\":[{\"@type\":\"ReadAction\",\"target\":[\"https:\/\/www.msds-europe.com\/sl\/enolicni-identifikator-formule\/\"]}]},{\"@type\":\"BreadcrumbList\",\"@id\":\"https:\/\/www.msds-europe.com\/sl\/enolicni-identifikator-formule\/#breadcrumb\",\"itemListElement\":[{\"@type\":\"ListItem\",\"position\":1,\"name\":\"F\u0151oldal\",\"item\":\"https:\/\/www.msds-europe.com\/sl\/\"},{\"@type\":\"ListItem\",\"position\":2,\"name\":\"Informacije glede uporabe UFI (enoli\u010dni identifikator formule)\"}]},{\"@type\":\"WebSite\",\"@id\":\"https:\/\/www.msds-europe.com\/es\/#website\",\"url\":\"https:\/\/www.msds-europe.com\/es\/\",\"name\":\"MSDS Europe\",\"description\":\"\",\"publisher\":{\"@id\":\"https:\/\/www.msds-europe.com\/es\/#organization\"},\"potentialAction\":[{\"@type\":\"SearchAction\",\"target\":{\"@type\":\"EntryPoint\",\"urlTemplate\":\"https:\/\/www.msds-europe.com\/es\/?s={search_term_string}\"},\"query-input\":{\"@type\":\"PropertyValueSpecification\",\"valueRequired\":true,\"valueName\":\"search_term_string\"}}],\"inLanguage\":\"sl-SI\"},{\"@type\":\"Organization\",\"@id\":\"https:\/\/www.msds-europe.com\/es\/#organization\",\"name\":\"MSDS-Europe International branch of ToxInfo\",\"url\":\"https:\/\/www.msds-europe.com\/es\/\",\"logo\":{\"@type\":\"ImageObject\",\"inLanguage\":\"sl-SI\",\"@id\":\"https:\/\/www.msds-europe.com\/es\/#\/schema\/logo\/image\/\",\"url\":\"https:\/\/www.msds-europe.com\/wp-content\/uploads\/2021\/04\/msds-europe-logo.jpg\",\"contentUrl\":\"https:\/\/www.msds-europe.com\/wp-content\/uploads\/2021\/04\/msds-europe-logo.jpg\",\"width\":2296,\"height\":1067,\"caption\":\"MSDS-Europe International branch of ToxInfo\"},\"image\":{\"@id\":\"https:\/\/www.msds-europe.com\/es\/#\/schema\/logo\/image\/\"},\"sameAs\":[\"https:\/\/www.facebook.com\/toxinfokft\/\",\"https:\/\/x.com\/ToxInfoKft\"]}]}<\/script>\n<!-- \/ Yoast SEO plugin. -->","yoast_head_json":{"title":"Enoli\u010dni identifikator formule. Informacije o uporabi UFI.","description":"Prakti\u010dni nasveti in teoreti\u010dne informacije na enem mestu o usklajeni predlo\u017eitvi, strate\u0161kem na\u010drtovanju in ustvarjanju kode UFI","robots":{"index":"index","follow":"follow","max-snippet":"max-snippet:-1","max-image-preview":"max-image-preview:large","max-video-preview":"max-video-preview:-1"},"canonical":"https:\/\/www.msds-europe.com\/sl\/enolicni-identifikator-formule\/","og_locale":"sl_SI","og_type":"article","og_title":"Enoli\u010dni identifikator formule. Informacije o uporabi UFI.","og_description":"Prakti\u010dni nasveti in teoreti\u010dne informacije na enem mestu o usklajeni predlo\u017eitvi, strate\u0161kem na\u010drtovanju in ustvarjanju kode UFI","og_url":"https:\/\/www.msds-europe.com\/sl\/enolicni-identifikator-formule\/","og_site_name":"MSDS Europe","article_publisher":"https:\/\/www.facebook.com\/toxinfokft\/","article_modified_time":"2026-02-24T11:56:03+00:00","twitter_card":"summary_large_image","twitter_site":"@ToxInfoKft","twitter_misc":{"Est. reading time":"5 minut"},"schema":{"@context":"https:\/\/schema.org","@graph":[{"@type":"WebPage","@id":"https:\/\/www.msds-europe.com\/sl\/enolicni-identifikator-formule\/","url":"https:\/\/www.msds-europe.com\/sl\/enolicni-identifikator-formule\/","name":"Enoli\u010dni identifikator formule. Informacije o uporabi UFI.","isPartOf":{"@id":"https:\/\/www.msds-europe.com\/es\/#website"},"datePublished":"2019-05-07T11:54:27+00:00","dateModified":"2026-02-24T11:56:03+00:00","description":"Prakti\u010dni nasveti in teoreti\u010dne informacije na enem mestu o usklajeni predlo\u017eitvi, strate\u0161kem na\u010drtovanju in ustvarjanju kode UFI","breadcrumb":{"@id":"https:\/\/www.msds-europe.com\/sl\/enolicni-identifikator-formule\/#breadcrumb"},"inLanguage":"sl-SI","potentialAction":[{"@type":"ReadAction","target":["https:\/\/www.msds-europe.com\/sl\/enolicni-identifikator-formule\/"]}]},{"@type":"BreadcrumbList","@id":"https:\/\/www.msds-europe.com\/sl\/enolicni-identifikator-formule\/#breadcrumb","itemListElement":[{"@type":"ListItem","position":1,"name":"F\u0151oldal","item":"https:\/\/www.msds-europe.com\/sl\/"},{"@type":"ListItem","position":2,"name":"Informacije glede uporabe UFI (enoli\u010dni identifikator formule)"}]},{"@type":"WebSite","@id":"https:\/\/www.msds-europe.com\/es\/#website","url":"https:\/\/www.msds-europe.com\/es\/","name":"MSDS Europe","description":"","publisher":{"@id":"https:\/\/www.msds-europe.com\/es\/#organization"},"potentialAction":[{"@type":"SearchAction","target":{"@type":"EntryPoint","urlTemplate":"https:\/\/www.msds-europe.com\/es\/?s={search_term_string}"},"query-input":{"@type":"PropertyValueSpecification","valueRequired":true,"valueName":"search_term_string"}}],"inLanguage":"sl-SI"},{"@type":"Organization","@id":"https:\/\/www.msds-europe.com\/es\/#organization","name":"MSDS-Europe International branch of ToxInfo","url":"https:\/\/www.msds-europe.com\/es\/","logo":{"@type":"ImageObject","inLanguage":"sl-SI","@id":"https:\/\/www.msds-europe.com\/es\/#\/schema\/logo\/image\/","url":"https:\/\/www.msds-europe.com\/wp-content\/uploads\/2021\/04\/msds-europe-logo.jpg","contentUrl":"https:\/\/www.msds-europe.com\/wp-content\/uploads\/2021\/04\/msds-europe-logo.jpg","width":2296,"height":1067,"caption":"MSDS-Europe International branch of ToxInfo"},"image":{"@id":"https:\/\/www.msds-europe.com\/es\/#\/schema\/logo\/image\/"},"sameAs":["https:\/\/www.facebook.com\/toxinfokft\/","https:\/\/x.com\/ToxInfoKft"]}]}},"_links":{"self":[{"href":"https:\/\/www.msds-europe.com\/sl\/wp-json\/wp\/v2\/pages\/19617","targetHints":{"allow":["GET"]}}],"collection":[{"href":"https:\/\/www.msds-europe.com\/sl\/wp-json\/wp\/v2\/pages"}],"about":[{"href":"https:\/\/www.msds-europe.com\/sl\/wp-json\/wp\/v2\/types\/page"}],"author":[{"embeddable":true,"href":"https:\/\/www.msds-europe.com\/sl\/wp-json\/wp\/v2\/users\/2"}],"replies":[{"embeddable":true,"href":"https:\/\/www.msds-europe.com\/sl\/wp-json\/wp\/v2\/comments?post=19617"}],"version-history":[{"count":12,"href":"https:\/\/www.msds-europe.com\/sl\/wp-json\/wp\/v2\/pages\/19617\/revisions"}],"predecessor-version":[{"id":37716,"href":"https:\/\/www.msds-europe.com\/sl\/wp-json\/wp\/v2\/pages\/19617\/revisions\/37716"}],"wp:attachment":[{"href":"https:\/\/www.msds-europe.com\/sl\/wp-json\/wp\/v2\/media?parent=19617"}],"wp:term":[{"taxonomy":"post_tag","embeddable":true,"href":"https:\/\/www.msds-europe.com\/sl\/wp-json\/wp\/v2\/tags?post=19617"}],"curies":[{"name":"wp","href":"https:\/\/api.w.org\/{rel}","templated":true}]}}