{"id":6295,"date":"2018-06-27T04:12:36","date_gmt":"2018-06-27T04:12:36","guid":{"rendered":"http:\/\/www.msds-europe.com\/?page_id=6295"},"modified":"2018-06-27T04:12:36","modified_gmt":"2018-06-27T04:12:36","slug":"sprava-anonymnych-id-navstevnikov-suborov-cookie","status":"publish","type":"page","link":"https:\/\/www.msds-europe.com\/sk\/sprava-anonymnych-id-navstevnikov-suborov-cookie\/","title":{"rendered":"Spr\u00e1va anonymn\u00fdch ID n\u00e1v\u0161tevn\u00edkov (s\u00faborov cookie)"},"content":{"rendered":"<p>Anonymn\u00e9 ID n\u00e1v\u0161tevn\u00edka (s\u00fabor cookie) je jedine\u010dn\u00fd rad znakov, ktor\u00fd je mo\u017en\u00e9 pou\u017ei\u0165 na identifik\u00e1ciu a ukladanie inform\u00e1ci\u00ed o profile a ktor\u00fd poskytovatelia umiest\u0148uj\u00fa na po\u010d\u00edta\u010de n\u00e1v\u0161tevn\u00edkov. Je d\u00f4le\u017eit\u00e9 vedie\u0165, \u017ee ke\u010f\u017ee pri tomto pou\u017e\u00edvan\u00ed sa neuklad\u00e1 kompletn\u00e1 IP adresa, tento rad znakov nem\u00f4\u017ee s\u00e1m osebe \u017eiadnym sp\u00f4sobom n\u00e1v\u0161tevn\u00edka identifikova\u0165, umo\u017e\u0148uje iba rozpoznanie po\u010d\u00edta\u010da n\u00e1v\u0161tevn\u00edka.<\/p>\n<p>Spolo\u010dnos\u0165 ToxInfo Kft. spravuje anonymn\u00e9 ID pre lep\u0161ie pochopenie sp\u00f4sobu, ak\u00fdm jej n\u00e1v\u0161tevn\u00edci pou\u017e\u00edvaj\u00fa inform\u00e1cie, s\u00a0cie\u013eom zlep\u0161ovania kvality svojich slu\u017eieb a zobrazovania prisp\u00f4soben\u00fdch str\u00e1nok a marketingov\u00fdch (reklamn\u00fdch) materi\u00e1lov pre svojich z\u00e1kazn\u00edkov nav\u0161tevuj\u00facich webov\u00e9 str\u00e1nky. Anonymn\u00e9 ID n\u00e1v\u0161tevn\u00edkov nie s\u00fa prepojen\u00e9 s\u00a0osobnou datab\u00e1zou. Depersonalizovan\u00e9 anonymn\u00e9 ID vytvoren\u00e9 pri n\u00e1v\u0161teve ktorejko\u013evek z\u00a0webov\u00fdch str\u00e1nok v\u00a0portf\u00f3liu spolo\u010dnosti ToxInfo Kft. alebo akejko\u013evek zmluvnej tretej strany v\u0161ak bud\u00fa prepojen\u00e9 s\u00a0cie\u013eom zlep\u0161ovania kvality slu\u017eieb.<\/p>\n","protected":false},"excerpt":{"rendered":"<p>Anonymn\u00e9 ID n\u00e1v\u0161tevn\u00edka (s\u00fabor cookie) je jedine\u010dn\u00fd rad znakov, ktor\u00fd je mo\u017en\u00e9 pou\u017ei\u0165 na identifik\u00e1ciu a ukladanie inform\u00e1ci\u00ed o profile a ktor\u00fd poskytovatelia umiest\u0148uj\u00fa na po\u010d\u00edta\u010de n\u00e1v\u0161tevn\u00edkov. Je d\u00f4le\u017eit\u00e9 vedie\u0165, \u017ee ke\u010f\u017ee pri tomto pou\u017e\u00edvan\u00ed sa neuklad\u00e1 kompletn\u00e1 IP adresa, tento rad znakov nem\u00f4\u017ee s\u00e1m osebe \u017eiadnym sp\u00f4sobom n\u00e1v\u0161tevn\u00edka identifikova\u0165,&#8230;<\/p>\n","protected":false},"author":1,"featured_media":0,"parent":0,"menu_order":0,"comment_status":"closed","ping_status":"closed","template":"","meta":{"_acf_changed":false,"footnotes":""},"tags":[],"class_list":["post-6295","page","type-page","status-publish","hentry"],"acf":[],"yoast_head":"<!-- This site is optimized with the Yoast SEO plugin v27.2 - https:\/\/yoast.com\/product\/yoast-seo-wordpress\/ -->\n<title>Spr\u00e1va anonymn\u00fdch ID n\u00e1v\u0161tevn\u00edkov (s\u00faborov cookie) - MSDS Europe<\/title>\n<meta name=\"robots\" content=\"index, follow, max-snippet:-1, max-image-preview:large, max-video-preview:-1\" \/>\n<link rel=\"canonical\" href=\"https:\/\/www.msds-europe.com\/sk\/sprava-anonymnych-id-navstevnikov-suborov-cookie\/\" \/>\n<meta property=\"og:locale\" content=\"sk_SK\" \/>\n<meta property=\"og:type\" content=\"article\" \/>\n<meta property=\"og:title\" content=\"Spr\u00e1va anonymn\u00fdch ID n\u00e1v\u0161tevn\u00edkov (s\u00faborov cookie) - MSDS Europe\" \/>\n<meta property=\"og:description\" content=\"Anonymn\u00e9 ID n\u00e1v\u0161tevn\u00edka (s\u00fabor cookie) je jedine\u010dn\u00fd rad znakov, ktor\u00fd je mo\u017en\u00e9 pou\u017ei\u0165 na identifik\u00e1ciu a ukladanie inform\u00e1ci\u00ed o profile a ktor\u00fd poskytovatelia umiest\u0148uj\u00fa na po\u010d\u00edta\u010de n\u00e1v\u0161tevn\u00edkov. Je d\u00f4le\u017eit\u00e9 vedie\u0165, \u017ee ke\u010f\u017ee pri tomto pou\u017e\u00edvan\u00ed sa neuklad\u00e1 kompletn\u00e1 IP adresa, tento rad znakov nem\u00f4\u017ee s\u00e1m osebe \u017eiadnym sp\u00f4sobom n\u00e1v\u0161tevn\u00edka identifikova\u0165,...\" \/>\n<meta property=\"og:url\" content=\"https:\/\/www.msds-europe.com\/sk\/sprava-anonymnych-id-navstevnikov-suborov-cookie\/\" \/>\n<meta property=\"og:site_name\" content=\"MSDS Europe\" \/>\n<meta property=\"article:publisher\" content=\"https:\/\/www.facebook.com\/toxinfokft\/\" \/>\n<meta name=\"twitter:card\" content=\"summary_large_image\" \/>\n<meta name=\"twitter:site\" content=\"@ToxInfoKft\" \/>\n<meta name=\"twitter:label1\" content=\"Predpokladan\u00fd \u010das \u010d\u00edtania\" \/>\n\t<meta name=\"twitter:data1\" content=\"1 min\u00fata\" \/>\n<script type=\"application\/ld+json\" class=\"yoast-schema-graph\">{\"@context\":\"https:\/\/schema.org\",\"@graph\":[{\"@type\":\"WebPage\",\"@id\":\"https:\/\/www.msds-europe.com\/sk\/sprava-anonymnych-id-navstevnikov-suborov-cookie\/\",\"url\":\"https:\/\/www.msds-europe.com\/sk\/sprava-anonymnych-id-navstevnikov-suborov-cookie\/\",\"name\":\"Spr\u00e1va anonymn\u00fdch ID n\u00e1v\u0161tevn\u00edkov (s\u00faborov cookie) - MSDS Europe\",\"isPartOf\":{\"@id\":\"https:\/\/www.msds-europe.com\/es\/#website\"},\"datePublished\":\"2018-06-27T04:12:36+00:00\",\"breadcrumb\":{\"@id\":\"https:\/\/www.msds-europe.com\/sk\/sprava-anonymnych-id-navstevnikov-suborov-cookie\/#breadcrumb\"},\"inLanguage\":\"sk-SK\",\"potentialAction\":[{\"@type\":\"ReadAction\",\"target\":[\"https:\/\/www.msds-europe.com\/sk\/sprava-anonymnych-id-navstevnikov-suborov-cookie\/\"]}]},{\"@type\":\"BreadcrumbList\",\"@id\":\"https:\/\/www.msds-europe.com\/sk\/sprava-anonymnych-id-navstevnikov-suborov-cookie\/#breadcrumb\",\"itemListElement\":[{\"@type\":\"ListItem\",\"position\":1,\"name\":\"F\u0151oldal\",\"item\":\"https:\/\/www.msds-europe.com\/sk\/\"},{\"@type\":\"ListItem\",\"position\":2,\"name\":\"Spr\u00e1va anonymn\u00fdch ID n\u00e1v\u0161tevn\u00edkov (s\u00faborov cookie)\"}]},{\"@type\":\"WebSite\",\"@id\":\"https:\/\/www.msds-europe.com\/es\/#website\",\"url\":\"https:\/\/www.msds-europe.com\/es\/\",\"name\":\"MSDS Europe\",\"description\":\"\",\"publisher\":{\"@id\":\"https:\/\/www.msds-europe.com\/es\/#organization\"},\"potentialAction\":[{\"@type\":\"SearchAction\",\"target\":{\"@type\":\"EntryPoint\",\"urlTemplate\":\"https:\/\/www.msds-europe.com\/es\/?s={search_term_string}\"},\"query-input\":{\"@type\":\"PropertyValueSpecification\",\"valueRequired\":true,\"valueName\":\"search_term_string\"}}],\"inLanguage\":\"sk-SK\"},{\"@type\":\"Organization\",\"@id\":\"https:\/\/www.msds-europe.com\/es\/#organization\",\"name\":\"MSDS-Europe International branch of ToxInfo\",\"url\":\"https:\/\/www.msds-europe.com\/es\/\",\"logo\":{\"@type\":\"ImageObject\",\"inLanguage\":\"sk-SK\",\"@id\":\"https:\/\/www.msds-europe.com\/es\/#\/schema\/logo\/image\/\",\"url\":\"https:\/\/www.msds-europe.com\/wp-content\/uploads\/2021\/04\/msds-europe-logo.jpg\",\"contentUrl\":\"https:\/\/www.msds-europe.com\/wp-content\/uploads\/2021\/04\/msds-europe-logo.jpg\",\"width\":2296,\"height\":1067,\"caption\":\"MSDS-Europe International branch of ToxInfo\"},\"image\":{\"@id\":\"https:\/\/www.msds-europe.com\/es\/#\/schema\/logo\/image\/\"},\"sameAs\":[\"https:\/\/www.facebook.com\/toxinfokft\/\",\"https:\/\/x.com\/ToxInfoKft\"]}]}<\/script>\n<!-- \/ Yoast SEO plugin. -->","yoast_head_json":{"title":"Spr\u00e1va anonymn\u00fdch ID n\u00e1v\u0161tevn\u00edkov (s\u00faborov cookie) - MSDS Europe","robots":{"index":"index","follow":"follow","max-snippet":"max-snippet:-1","max-image-preview":"max-image-preview:large","max-video-preview":"max-video-preview:-1"},"canonical":"https:\/\/www.msds-europe.com\/sk\/sprava-anonymnych-id-navstevnikov-suborov-cookie\/","og_locale":"sk_SK","og_type":"article","og_title":"Spr\u00e1va anonymn\u00fdch ID n\u00e1v\u0161tevn\u00edkov (s\u00faborov cookie) - MSDS Europe","og_description":"Anonymn\u00e9 ID n\u00e1v\u0161tevn\u00edka (s\u00fabor cookie) je jedine\u010dn\u00fd rad znakov, ktor\u00fd je mo\u017en\u00e9 pou\u017ei\u0165 na identifik\u00e1ciu a ukladanie inform\u00e1ci\u00ed o profile a ktor\u00fd poskytovatelia umiest\u0148uj\u00fa na po\u010d\u00edta\u010de n\u00e1v\u0161tevn\u00edkov. Je d\u00f4le\u017eit\u00e9 vedie\u0165, \u017ee ke\u010f\u017ee pri tomto pou\u017e\u00edvan\u00ed sa neuklad\u00e1 kompletn\u00e1 IP adresa, tento rad znakov nem\u00f4\u017ee s\u00e1m osebe \u017eiadnym sp\u00f4sobom n\u00e1v\u0161tevn\u00edka identifikova\u0165,...","og_url":"https:\/\/www.msds-europe.com\/sk\/sprava-anonymnych-id-navstevnikov-suborov-cookie\/","og_site_name":"MSDS Europe","article_publisher":"https:\/\/www.facebook.com\/toxinfokft\/","twitter_card":"summary_large_image","twitter_site":"@ToxInfoKft","twitter_misc":{"Predpokladan\u00fd \u010das \u010d\u00edtania":"1 min\u00fata"},"schema":{"@context":"https:\/\/schema.org","@graph":[{"@type":"WebPage","@id":"https:\/\/www.msds-europe.com\/sk\/sprava-anonymnych-id-navstevnikov-suborov-cookie\/","url":"https:\/\/www.msds-europe.com\/sk\/sprava-anonymnych-id-navstevnikov-suborov-cookie\/","name":"Spr\u00e1va anonymn\u00fdch ID n\u00e1v\u0161tevn\u00edkov (s\u00faborov cookie) - MSDS Europe","isPartOf":{"@id":"https:\/\/www.msds-europe.com\/es\/#website"},"datePublished":"2018-06-27T04:12:36+00:00","breadcrumb":{"@id":"https:\/\/www.msds-europe.com\/sk\/sprava-anonymnych-id-navstevnikov-suborov-cookie\/#breadcrumb"},"inLanguage":"sk-SK","potentialAction":[{"@type":"ReadAction","target":["https:\/\/www.msds-europe.com\/sk\/sprava-anonymnych-id-navstevnikov-suborov-cookie\/"]}]},{"@type":"BreadcrumbList","@id":"https:\/\/www.msds-europe.com\/sk\/sprava-anonymnych-id-navstevnikov-suborov-cookie\/#breadcrumb","itemListElement":[{"@type":"ListItem","position":1,"name":"F\u0151oldal","item":"https:\/\/www.msds-europe.com\/sk\/"},{"@type":"ListItem","position":2,"name":"Spr\u00e1va anonymn\u00fdch ID n\u00e1v\u0161tevn\u00edkov (s\u00faborov cookie)"}]},{"@type":"WebSite","@id":"https:\/\/www.msds-europe.com\/es\/#website","url":"https:\/\/www.msds-europe.com\/es\/","name":"MSDS Europe","description":"","publisher":{"@id":"https:\/\/www.msds-europe.com\/es\/#organization"},"potentialAction":[{"@type":"SearchAction","target":{"@type":"EntryPoint","urlTemplate":"https:\/\/www.msds-europe.com\/es\/?s={search_term_string}"},"query-input":{"@type":"PropertyValueSpecification","valueRequired":true,"valueName":"search_term_string"}}],"inLanguage":"sk-SK"},{"@type":"Organization","@id":"https:\/\/www.msds-europe.com\/es\/#organization","name":"MSDS-Europe International branch of ToxInfo","url":"https:\/\/www.msds-europe.com\/es\/","logo":{"@type":"ImageObject","inLanguage":"sk-SK","@id":"https:\/\/www.msds-europe.com\/es\/#\/schema\/logo\/image\/","url":"https:\/\/www.msds-europe.com\/wp-content\/uploads\/2021\/04\/msds-europe-logo.jpg","contentUrl":"https:\/\/www.msds-europe.com\/wp-content\/uploads\/2021\/04\/msds-europe-logo.jpg","width":2296,"height":1067,"caption":"MSDS-Europe International branch of ToxInfo"},"image":{"@id":"https:\/\/www.msds-europe.com\/es\/#\/schema\/logo\/image\/"},"sameAs":["https:\/\/www.facebook.com\/toxinfokft\/","https:\/\/x.com\/ToxInfoKft"]}]}},"_links":{"self":[{"href":"https:\/\/www.msds-europe.com\/sk\/wp-json\/wp\/v2\/pages\/6295","targetHints":{"allow":["GET"]}}],"collection":[{"href":"https:\/\/www.msds-europe.com\/sk\/wp-json\/wp\/v2\/pages"}],"about":[{"href":"https:\/\/www.msds-europe.com\/sk\/wp-json\/wp\/v2\/types\/page"}],"author":[{"embeddable":true,"href":"https:\/\/www.msds-europe.com\/sk\/wp-json\/wp\/v2\/users\/1"}],"replies":[{"embeddable":true,"href":"https:\/\/www.msds-europe.com\/sk\/wp-json\/wp\/v2\/comments?post=6295"}],"version-history":[{"count":1,"href":"https:\/\/www.msds-europe.com\/sk\/wp-json\/wp\/v2\/pages\/6295\/revisions"}],"predecessor-version":[{"id":6296,"href":"https:\/\/www.msds-europe.com\/sk\/wp-json\/wp\/v2\/pages\/6295\/revisions\/6296"}],"wp:attachment":[{"href":"https:\/\/www.msds-europe.com\/sk\/wp-json\/wp\/v2\/media?parent=6295"}],"wp:term":[{"taxonomy":"post_tag","embeddable":true,"href":"https:\/\/www.msds-europe.com\/sk\/wp-json\/wp\/v2\/tags?post=6295"}],"curies":[{"name":"wp","href":"https:\/\/api.w.org\/{rel}","templated":true}]}}