{"id":5993,"date":"2018-06-25T15:26:35","date_gmt":"2018-06-25T15:26:35","guid":{"rendered":"http:\/\/www.msds-europe.com\/povinnosti-distributorov-kozmetickych-vyrobkov\/"},"modified":"2018-07-04T07:29:35","modified_gmt":"2018-07-04T07:29:35","slug":"povinnosti-distributorov-kozmetickych-vyrobkov","status":"publish","type":"page","link":"https:\/\/www.msds-europe.com\/sk\/povinnosti-distributorov-kozmetickych-vyrobkov\/","title":{"rendered":"Povinnosti distrib\u00fatorov kozmetick\u00fdch v\u00fdrobkov"},"content":{"rendered":"<p style=\"text-align: right;\"><em><a href=\"http:\/\/www.msds-europe.com\/sk\/kozmeticke-vyrobky\/\">Z\u00e1klad\u0148a vedomost\u00ed pre kozmetick\u00e9 v\u00fdrobky<\/a>\u00a0\u2013\u00a0Povinnosti distrib\u00fatorov kozmetick\u00fdch v\u00fdrobkov<\/em><\/p>\n<p>&nbsp;<\/p>\n<h2 style=\"text-align: justify;\"><span style=\"color: #333333;\">Z\u00e1kladn\u00e9 pravidlo pre porozumenie povinnostiam distrib\u00fatorov kozmetick\u00fdch v\u00fdrobkov<\/span><\/h2>\n<p style=\"text-align: justify;\">Pokia\u013e sa distrib\u00fator domnieva alebo m\u00e1 d\u00f4vod veri\u0165, \u017ee kozmetick\u00fd v\u00fdrobok nie je v s\u00falade so <a href=\"http:\/\/www.msds-europe.com\/sk\/regulacne-zmeny-v-oblasti-chemickej-bezpecnosti\/\">Smernicou (ES) \u010d. 1223\/2009<\/a>, mus\u00ed neodkladne podnikn\u00fa\u0165 n\u00e1pravn\u00e9 kroky nevyhnutn\u00e9 na zaistenie s\u00faladu v\u00fdrobku alebo jeho stiahnutie, pod\u013ea situ\u00e1cie.<\/p>\n<p style=\"text-align: justify;\">Navy\u0161e pokia\u013e kozmetick\u00fd v\u00fdrobok predstavuje riziko pre \u013eudsk\u00e9 zdravie, zodpovedn\u00e9 osoby by mali okam\u017eite informova\u0165 kompetentn\u00e9 n\u00e1rodn\u00e9 \u00farady \u010dlensk\u00fdch \u0161t\u00e1tov, v ktor\u00fdch je v\u00fdrobok dostupn\u00fd, a \u010dlensk\u00fdch \u0161t\u00e1tov, v ktor\u00fdch je mo\u017en\u00e9 \u013eahko z\u00edska\u0165 s\u00fabor s inform\u00e1ciami o v\u00fdrobku, a uvies\u0165 podrobnosti, najm\u00e4 o pr\u00edslu\u0161nom nes\u00falade a podniknut\u00fdch n\u00e1pravn\u00fdch krokoch.<\/p>\n<p>&nbsp;<\/p>\n<h2 style=\"text-align: justify;\">Distrib\u00fator<\/h2>\n<p style=\"text-align: justify;\">Je ka\u017ed\u00e1 fyzick\u00e1 alebo pr\u00e1vnick\u00e1 osoba v\u00a0dod\u00e1vate\u013eskom re\u0165azci okrem v\u00fdrobcu alebo dovozcu, ktor\u00e1 spr\u00edstup\u0148uje kozmetick\u00fd v\u00fdrobok na trhu.<\/p>\n<p style=\"text-align: justify;\">Nepova\u017euje sa za neho distrib\u00fatorktor\u00fd uvedie kozmetick\u00fd v\u00fdrobok na trh pod svoj\u00edm menom alebo obchodnou zna\u010dkou alebo zmen\u00ed v\u00fdrobok, ktor\u00fd je u\u017e na trhu sp\u00f4sobom, ktor\u00fd m\u00f4\u017ee ma\u0165 vplyv na s\u00falad s po\u017eiadavkami na pr\u00edslu\u0161n\u00fd v\u00fdrobok, preto\u017ee v takom pr\u00edpade sa pova\u017euje za zodpovedn\u00fa osobu.<\/p>\n<p style=\"text-align: justify;\">Na trh je mo\u017en\u00e9 uvies\u0165 iba tie kozmetick\u00e9 v\u00fdrobky ktor\u00e9 maj\u00fa hodnotenie bezpe\u010dnosti, dokument\u00e1ciu s inform\u00e1ciami o v\u00fdrobku a ozna\u010denie v s\u00falade so smernicou 1223\/2009\/ES a ktor\u00fdch v\u00fdroba sa vykon\u00e1va v s\u00falade so zaveden\u00fdmi v\u00fdrobn\u00fdmi postupmi.<\/p>\n<p style=\"text-align: justify;\">Smernica (ES) \u010d. 1223\/2009 by mala plati\u0165 od 11. j\u00fala 2013 pre \u010dlenov Eur\u00f3pskeho spolo\u010denstva a \u010dlenov Eur\u00f3pskeho zdru\u017eenia vo\u013en\u00e9ho obchodu (EFTA) \u2013 N\u00f3rsko, \u0160vaj\u010diarsko, Island a Lichten\u0161tajnsko.<\/p>\n<p>&nbsp;<\/p>\n<h2 style=\"text-align: justify;\">Povinnosti distrib\u00fatorov<\/h2>\n<p style=\"text-align: justify;\">1.\u00a0<strong>Distrib\u00fator je povinn\u00fd kontrolova\u0165:<\/strong><\/p>\n<ul>\n<li style=\"text-align: justify;\">\u010di s\u00fa vy\u017eadovan\u00e9 inform\u00e1cie na ozna\u010dovanie uveden\u00e9 na v\u00fdrobku<\/li>\n<li style=\"text-align: justify;\">meno zodpovednej osoby alebo registrovan\u00fd n\u00e1zov a adresa spolo\u010dnosti<\/li>\n<li style=\"text-align: justify;\">\u010d\u00edslo \u0161ar\u017ee alebo identifika\u010dn\u00e9 \u010d\u00edslo kozmetick\u00e9ho v\u00fdrobku<\/li>\n<li style=\"text-align: justify;\">zoznam zlo\u017eiek na n\u00e1dobe alebo obale alebo v prilo\u017eenom informa\u010dnom materi\u00e1li<\/li>\n<\/ul>\n<p style=\"text-align: justify;\">2. Pokia\u013e bud\u00fa po\u017eadovan\u00e9 jazykov\u00e9 po\u017eiadavky splnen\u00e9 \u2013 inform\u00e1cie musia by\u0165 uveden\u00e9 v ofici\u00e1lnom jazyku pr\u00edslu\u0161nej krajiny, kde sa fin\u00e1lny v\u00fdrobok uvedie na trh.<\/p>\n<p style=\"text-align: justify;\">3. Je nutn\u00e9 skontrolova\u0165, \u010di u\u017e neuplynula uveden\u00e1 lehota trvanlivosti.<\/p>\n<p>&nbsp;<\/p>\n<h2 style=\"text-align: justify;\">Prvky ozna\u010dovania<\/h2>\n<p style=\"text-align: justify;\">Kozmetick\u00e9 v\u00fdrobky sa spr\u00edstup\u0148uj\u00fa na trh len vtedy, ak maj\u00fa na vn\u00fatornom a\u00a0vonkaj\u0161om obale nezmazate\u013en\u00fdm, \u013eahko \u010ditate\u013en\u00fdm a\u00a0vidite\u013en\u00fdm p\u00edsmom uveden\u00e9 tieto \u00fadaje:<\/p>\n<p style=\"text-align: justify;\">1. Meno alebo obchodn\u00e9 meno a\u00a0adresa zodpovednej osoby V\u00a0pr\u00edpade dov\u00e1\u017ean\u00fdch kozmetick\u00fdch v\u00fdrobkov sa uv\u00e1dza krajina ich p\u00f4vodu.<\/p>\n<p style=\"text-align: justify;\">2. nomin\u00e1lny obsah v \u010dase balenia dan\u00fd hmotnos\u0165ou alebo objemom (Okrem balen\u00ed, ktor\u00e9 obsahuj\u00fa menej ako p\u00e4\u0165 gramov alebo p\u00e4\u0165 mililitrov, bezplatn\u00fdch vzoriek a balen\u00ed na jedno pou\u017eitie; v pr\u00edpade spotrebite\u013esk\u00fdch balen\u00ed, ktor\u00e9 sa be\u017ene pred\u00e1vaj\u00fa ako skupina viacer\u00fdch polo\u017eiek, pri ktor\u00fdch inform\u00e1cie o\u00a0hmotnosti alebo objeme nie s\u00fa podstatn\u00e9)<\/p>\n<p style=\"text-align: justify;\">3. D\u00e1tum minim\u00e1lnej trvanlivosti<\/p>\n<p style=\"text-align: justify;\">a, Uvedenie d\u00e1tumu minim\u00e1lnej trvanlivosti pre kozmetick\u00e9 v\u00fdrobky s minim\u00e1lnou trvanlivos\u0165ou krat\u0161ou ako 30 mesiacov.<\/p>\n<p style=\"text-align: justify;\">Vhodn\u00fd form\u00e1t: za symbolom d\u00e1tumu minim\u00e1lnej trvanlivosti alebo za slovami \u201espotrebova\u0165 do konca\u201c je nutn\u00e9 jasne uvies\u0165 d\u00e1tum minim\u00e1lnej spotreby, ktor\u00fd bude obsahova\u0165 mesiac a rok alebo de\u0148, mesiac a rok, v uvedenom porad\u00ed.<\/p>\n<p style=\"text-align: justify;\">b, v\u00a0pr\u00edpade\u00a0kozmetick\u00fdch v\u00fdrobkov s\u00a0minim\u00e1lnou trvanlivos\u0165ou viac ako 30 mesiacov, sa uvedie \u00fadaj o\u00a0dobe, po\u010das ktorej je v\u00fdrobok po otvoren\u00ed bezpe\u010dn\u00fd a\u00a0m\u00f4\u017ee sa pou\u017e\u00edva\u0165 bez po\u0161kodenia zdravia spotrebite\u013ea.\u00a0 Za symbolom minim\u00e1lnej trvanlivosti je uveden\u00fd \u010das v mesiacoch a\/alebo rokoch, t\u00e1to po\u017eiadavka by sa v\u0161ak nemala uplat\u0148ova\u0165 v\u00a0pr\u00edpade, ak trvanlivos\u0165 v\u00fdrobku po otvoren\u00ed nem\u00e1 opodstatnenie, t.j. v\u00a0pr\u00edpade v\u00fdrobkov na jedno pou\u017eitie, v\u00fdrobkov, ktor\u00e9 sa nekazia alebo v\u00fdrobkov, ktor\u00e9 sa neotv\u00e1raj\u00fa.<\/p>\n<p style=\"text-align: justify;\">4. Pr\u00edslu\u0161n\u00e9 upozornenia, ktor\u00e9 treba dodr\u017ea\u0165 pri pou\u017e\u00edvan\u00ed.<\/p>\n<p style=\"text-align: justify;\">5. \u010c\u00edslo v\u00fdrobnej \u0161ar\u017ee alebo odkaz umo\u017e\u0148uj\u00faci identifik\u00e1ciu kozmetick\u00e9ho v\u00fdrobku.<\/p>\n<p style=\"text-align: justify;\">6. Funkcia kozmetick\u00e9ho v\u00fdrobku, ak nie je zrejm\u00e1 z\u00a0 jeho prezent\u00e1cie<\/p>\n<p style=\"text-align: justify;\">7. Zoznam zlo\u017eiek v s\u00falade s INCI (medzin\u00e1rodn\u00e9 ozna\u010dovanie kozmetick\u00fdch zlo\u017eiek). Tieto inform\u00e1cie sa bud\u00fa uv\u00e1dza\u0165 iba na vonkaj\u0161om obale (ak prin\u00e1le\u017e\u00ed).<\/p>\n<p style=\"text-align: justify;\">Inform\u00e1cie na etikete musia by\u0165 uveden\u00e9 v jazyku \u010dlensk\u00e9ho \u0161t\u00e1tu, kde sa v\u00fdrobok distribuuje pre koncov\u00e9ho pou\u017e\u00edvate\u013ea (v\u00fdnimka: \u201eZlo\u017eky\u201c).<\/p>\n<p style=\"text-align: justify;\">Pokia\u013e nie je mo\u017en\u00e9 uvies\u0165 stanoven\u00e9 inform\u00e1cie na ozna\u010den\u00ed z praktick\u00fdch d\u00f4vodov, inform\u00e1cie musia by\u0165 uveden\u00e9 v let\u00e1ku, na ozna\u010den\u00ed, p\u00e1ske alebo karte prilo\u017eenej alebo pripevnenej k v\u00fdrobku.<\/p>\n<p style=\"text-align: justify;\"><strong>Pon\u00fakan\u00e1 slu\u017eba:<\/strong>\u00a0<a href=\"http:\/\/www.msds-europe.com\/sk\/vytvaranie-a-preklad-navrhu-oznacenia-na-kozmeticke-vyrobky\/\">Vytv\u00e1ranie a preklad n\u00e1vrhu ozna\u010denia na kozmetick\u00e9 v\u00fdrobky<\/a><\/p>\n<p>&nbsp;<\/p>\n<h2 style=\"text-align: justify;\">Ozn\u00e1menie v\u00fdrobku, ktor\u00fd je u\u017e na trhu<\/h2>\n<p style=\"text-align: justify;\">Distrib\u00fator, ktor\u00fd v\u00a0\u010dlenskom \u0161t\u00e1te spr\u00edstup\u0148uje kozmetick\u00fd v\u00fdrobok, ktor\u00fd je u\u017e uveden\u00fd na trh v\u00a0inom \u010dlenskom \u0161t\u00e1te a\u00a0z\u00a0vlastnej iniciat\u00edvy prelo\u017e\u00ed ktor\u00fdko\u013evek \u00fadaj z\u00a0 ozna\u010denia tohto v\u00fdrobku s\u00a0 cie\u013eom vyhovie\u0165 vn\u00fatro\u0161t\u00e1tnym pr\u00e1vnym predpisom, predlo\u017e\u00ed Komisii (<a href=\"http:\/\/www.msds-europe.com\/sk\/sluzba-oznamenia-cpnp\/\">CPNP<\/a>) elektronicky tieto inform\u00e1cie.<\/p>\n<p style=\"text-align: justify;\"><strong>Na ozn\u00e1menie potrebujete nasleduj\u00face inform\u00e1cie:<\/strong><\/p>\n<ul>\n<li style=\"text-align: justify;\">meno zodpovednej osoby a\u00a0adresu, na ktorej je informa\u010dn\u00e1 zlo\u017eka o\u00a0v\u00fdrobku \u013eahko dostupn\u00e1;<\/li>\n<li style=\"text-align: justify;\">kateg\u00f3ria kozmetick\u00e9ho v\u00fdrobku, jeho n\u00e1zov v expeduj\u00facom \u010dlenskom \u0161t\u00e1te a jeho n\u00e1zov v \u010dlenskom \u0161t\u00e1te, kde sa poskytuje, umo\u017e\u0148uj\u00faci jeho konkr\u00e9tnu identifik\u00e1ciu;<\/li>\n<li style=\"text-align: justify;\">n\u00e1zov \u010dlensk\u00e9ho \u0161t\u00e1tu, kde sa kozmetick\u00fd v\u00fdrobok dost\u00e1va na trh;<\/li>\n<li style=\"text-align: justify;\">meno a adresa distrib\u00fatora<\/li>\n<\/ul>\n<p style=\"text-align: justify;\">Pokia\u013e d\u00f4jde k zmene akejko\u013evek inform\u00e1cie, distrib\u00fator alebo zodpovedn\u00e1 osoba neodkladne zaist\u00ed aktualiz\u00e1ciu prostredn\u00edctvom <a href=\"http:\/\/www.msds-europe.com\/sk\/sluzba-oznamenia-cpnp\/\">CPNP<\/a>.<\/p>\n<p>&nbsp;<\/p>\n<h3 style=\"text-align: justify;\"><span style=\"color: #333333;\">S\u00favisiace odborn\u00e9 materi\u00e1ly<\/span><\/h3>\n<ul>\n<li style=\"text-align: justify;\"><a href=\"http:\/\/www.msds-europe.com\/sk\/zodpovednosti-zodpovednej-osoby\/\">Zodpovednosti zodpovednej osoby<\/a><\/li>\n<\/ul>\n<p>&nbsp;<\/p>\n<h3 style=\"text-align: justify;\"><span style=\"color: #333333;\">Pon\u00fakan\u00e9 slu\u017eby<\/span><\/h3>\n<ul>\n<li><a href=\"http:\/\/www.msds-europe.com\/sk\/sluzba-oznamenia-cpnp\/\">Na\u0161a slu\u017eba ozn\u00e1menia CPNP pre kozmetick\u00e9 v\u00fdrobky<\/a><\/li>\n<li><a href=\"http:\/\/www.msds-europe.com\/sk\/vytvaranie-a-preklad-navrhu-oznacenia-na-kozmeticke-vyrobky\/\">Na\u0161a slu\u017eba vytvorenia a prekladu n\u00e1vrhu ozna\u010denia pre kozmetick\u00e9 v\u00fdrobky<\/a><\/li>\n<li><a href=\"http:\/\/www.msds-europe.com\/sk\/vytvaranie-bezpecnostneho-posudku-pre-kozmetika\/\">Na\u0161a slu\u017eba zostavenia bezpe\u010dnostn\u00e9ho posudku pre kozmetick\u00e9 v\u00fdrobky<\/a><\/li>\n<\/ul>\n<p>&nbsp;<\/p>\n","protected":false},"excerpt":{"rendered":"<p>Kr\u00e1tke zhrnutie povinnost\u00ed distrib\u00fatorov kozmetick\u00fdch v\u00fdrobkov.<\/p>\n","protected":false},"author":2,"featured_media":0,"parent":0,"menu_order":0,"comment_status":"closed","ping_status":"closed","template":"","meta":{"_acf_changed":false,"footnotes":""},"tags":[263,310],"class_list":["post-5993","page","type-page","status-publish","hentry","tag-kozmetika-sk","tag-zakladna-vedomosti-pre-kozmeticke-vyrobky-sk"],"acf":[],"yoast_head":"<!-- This site is optimized with the Yoast SEO plugin v27.2 - https:\/\/yoast.com\/product\/yoast-seo-wordpress\/ -->\n<title>Pr\u00e1vne povinnosti distrib\u00fatorov kozmetick\u00fdch v\u00fdrobkov<\/title>\n<meta name=\"description\" content=\"S\u00fahrn nevyhnutn\u00fdch dohod\u00e1ch a \u00faloh\u00e1ch, ktor\u00e9 je nutn\u00e9 vykona\u0165 pred umiestnen\u00edm kozmetick\u00fdch v\u00fdrobkov na trh. Povinnosti distrib\u00fatorov kozmetick\u00fdch v\u00fdrobkov stru\u010dne.\" \/>\n<meta name=\"robots\" content=\"index, follow, max-snippet:-1, max-image-preview:large, max-video-preview:-1\" \/>\n<link rel=\"canonical\" href=\"https:\/\/www.msds-europe.com\/sk\/povinnosti-distributorov-kozmetickych-vyrobkov\/\" \/>\n<meta property=\"og:locale\" content=\"sk_SK\" \/>\n<meta property=\"og:type\" content=\"article\" \/>\n<meta property=\"og:title\" content=\"Pr\u00e1vne povinnosti distrib\u00fatorov kozmetick\u00fdch v\u00fdrobkov\" \/>\n<meta property=\"og:description\" content=\"S\u00fahrn nevyhnutn\u00fdch dohod\u00e1ch a \u00faloh\u00e1ch, ktor\u00e9 je nutn\u00e9 vykona\u0165 pred umiestnen\u00edm kozmetick\u00fdch v\u00fdrobkov na trh. Povinnosti distrib\u00fatorov kozmetick\u00fdch v\u00fdrobkov stru\u010dne.\" \/>\n<meta property=\"og:url\" content=\"https:\/\/www.msds-europe.com\/sk\/povinnosti-distributorov-kozmetickych-vyrobkov\/\" \/>\n<meta property=\"og:site_name\" content=\"MSDS Europe\" \/>\n<meta property=\"article:publisher\" content=\"https:\/\/www.facebook.com\/toxinfokft\/\" \/>\n<meta property=\"article:modified_time\" content=\"2018-07-04T07:29:35+00:00\" \/>\n<meta name=\"twitter:card\" content=\"summary_large_image\" \/>\n<meta name=\"twitter:site\" content=\"@ToxInfoKft\" \/>\n<meta name=\"twitter:label1\" content=\"Predpokladan\u00fd \u010das \u010d\u00edtania\" \/>\n\t<meta name=\"twitter:data1\" content=\"5 min\u00fat\" \/>\n<script type=\"application\/ld+json\" class=\"yoast-schema-graph\">{\"@context\":\"https:\/\/schema.org\",\"@graph\":[{\"@type\":\"WebPage\",\"@id\":\"https:\/\/www.msds-europe.com\/sk\/povinnosti-distributorov-kozmetickych-vyrobkov\/\",\"url\":\"https:\/\/www.msds-europe.com\/sk\/povinnosti-distributorov-kozmetickych-vyrobkov\/\",\"name\":\"Pr\u00e1vne povinnosti distrib\u00fatorov kozmetick\u00fdch v\u00fdrobkov\",\"isPartOf\":{\"@id\":\"https:\/\/www.msds-europe.com\/es\/#website\"},\"datePublished\":\"2018-06-25T15:26:35+00:00\",\"dateModified\":\"2018-07-04T07:29:35+00:00\",\"description\":\"S\u00fahrn nevyhnutn\u00fdch dohod\u00e1ch a \u00faloh\u00e1ch, ktor\u00e9 je nutn\u00e9 vykona\u0165 pred umiestnen\u00edm kozmetick\u00fdch v\u00fdrobkov na trh. Povinnosti distrib\u00fatorov kozmetick\u00fdch v\u00fdrobkov stru\u010dne.\",\"breadcrumb\":{\"@id\":\"https:\/\/www.msds-europe.com\/sk\/povinnosti-distributorov-kozmetickych-vyrobkov\/#breadcrumb\"},\"inLanguage\":\"sk-SK\",\"potentialAction\":[{\"@type\":\"ReadAction\",\"target\":[\"https:\/\/www.msds-europe.com\/sk\/povinnosti-distributorov-kozmetickych-vyrobkov\/\"]}]},{\"@type\":\"BreadcrumbList\",\"@id\":\"https:\/\/www.msds-europe.com\/sk\/povinnosti-distributorov-kozmetickych-vyrobkov\/#breadcrumb\",\"itemListElement\":[{\"@type\":\"ListItem\",\"position\":1,\"name\":\"F\u0151oldal\",\"item\":\"https:\/\/www.msds-europe.com\/sk\/\"},{\"@type\":\"ListItem\",\"position\":2,\"name\":\"Povinnosti distrib\u00fatorov kozmetick\u00fdch v\u00fdrobkov\"}]},{\"@type\":\"WebSite\",\"@id\":\"https:\/\/www.msds-europe.com\/es\/#website\",\"url\":\"https:\/\/www.msds-europe.com\/es\/\",\"name\":\"MSDS Europe\",\"description\":\"\",\"publisher\":{\"@id\":\"https:\/\/www.msds-europe.com\/es\/#organization\"},\"potentialAction\":[{\"@type\":\"SearchAction\",\"target\":{\"@type\":\"EntryPoint\",\"urlTemplate\":\"https:\/\/www.msds-europe.com\/es\/?s={search_term_string}\"},\"query-input\":{\"@type\":\"PropertyValueSpecification\",\"valueRequired\":true,\"valueName\":\"search_term_string\"}}],\"inLanguage\":\"sk-SK\"},{\"@type\":\"Organization\",\"@id\":\"https:\/\/www.msds-europe.com\/es\/#organization\",\"name\":\"MSDS-Europe International branch of ToxInfo\",\"url\":\"https:\/\/www.msds-europe.com\/es\/\",\"logo\":{\"@type\":\"ImageObject\",\"inLanguage\":\"sk-SK\",\"@id\":\"https:\/\/www.msds-europe.com\/es\/#\/schema\/logo\/image\/\",\"url\":\"https:\/\/www.msds-europe.com\/wp-content\/uploads\/2021\/04\/msds-europe-logo.jpg\",\"contentUrl\":\"https:\/\/www.msds-europe.com\/wp-content\/uploads\/2021\/04\/msds-europe-logo.jpg\",\"width\":2296,\"height\":1067,\"caption\":\"MSDS-Europe International branch of ToxInfo\"},\"image\":{\"@id\":\"https:\/\/www.msds-europe.com\/es\/#\/schema\/logo\/image\/\"},\"sameAs\":[\"https:\/\/www.facebook.com\/toxinfokft\/\",\"https:\/\/x.com\/ToxInfoKft\"]}]}<\/script>\n<!-- \/ Yoast SEO plugin. -->","yoast_head_json":{"title":"Pr\u00e1vne povinnosti distrib\u00fatorov kozmetick\u00fdch v\u00fdrobkov","description":"S\u00fahrn nevyhnutn\u00fdch dohod\u00e1ch a \u00faloh\u00e1ch, ktor\u00e9 je nutn\u00e9 vykona\u0165 pred umiestnen\u00edm kozmetick\u00fdch v\u00fdrobkov na trh. Povinnosti distrib\u00fatorov kozmetick\u00fdch v\u00fdrobkov stru\u010dne.","robots":{"index":"index","follow":"follow","max-snippet":"max-snippet:-1","max-image-preview":"max-image-preview:large","max-video-preview":"max-video-preview:-1"},"canonical":"https:\/\/www.msds-europe.com\/sk\/povinnosti-distributorov-kozmetickych-vyrobkov\/","og_locale":"sk_SK","og_type":"article","og_title":"Pr\u00e1vne povinnosti distrib\u00fatorov kozmetick\u00fdch v\u00fdrobkov","og_description":"S\u00fahrn nevyhnutn\u00fdch dohod\u00e1ch a \u00faloh\u00e1ch, ktor\u00e9 je nutn\u00e9 vykona\u0165 pred umiestnen\u00edm kozmetick\u00fdch v\u00fdrobkov na trh. Povinnosti distrib\u00fatorov kozmetick\u00fdch v\u00fdrobkov stru\u010dne.","og_url":"https:\/\/www.msds-europe.com\/sk\/povinnosti-distributorov-kozmetickych-vyrobkov\/","og_site_name":"MSDS Europe","article_publisher":"https:\/\/www.facebook.com\/toxinfokft\/","article_modified_time":"2018-07-04T07:29:35+00:00","twitter_card":"summary_large_image","twitter_site":"@ToxInfoKft","twitter_misc":{"Predpokladan\u00fd \u010das \u010d\u00edtania":"5 min\u00fat"},"schema":{"@context":"https:\/\/schema.org","@graph":[{"@type":"WebPage","@id":"https:\/\/www.msds-europe.com\/sk\/povinnosti-distributorov-kozmetickych-vyrobkov\/","url":"https:\/\/www.msds-europe.com\/sk\/povinnosti-distributorov-kozmetickych-vyrobkov\/","name":"Pr\u00e1vne povinnosti distrib\u00fatorov kozmetick\u00fdch v\u00fdrobkov","isPartOf":{"@id":"https:\/\/www.msds-europe.com\/es\/#website"},"datePublished":"2018-06-25T15:26:35+00:00","dateModified":"2018-07-04T07:29:35+00:00","description":"S\u00fahrn nevyhnutn\u00fdch dohod\u00e1ch a \u00faloh\u00e1ch, ktor\u00e9 je nutn\u00e9 vykona\u0165 pred umiestnen\u00edm kozmetick\u00fdch v\u00fdrobkov na trh. Povinnosti distrib\u00fatorov kozmetick\u00fdch v\u00fdrobkov stru\u010dne.","breadcrumb":{"@id":"https:\/\/www.msds-europe.com\/sk\/povinnosti-distributorov-kozmetickych-vyrobkov\/#breadcrumb"},"inLanguage":"sk-SK","potentialAction":[{"@type":"ReadAction","target":["https:\/\/www.msds-europe.com\/sk\/povinnosti-distributorov-kozmetickych-vyrobkov\/"]}]},{"@type":"BreadcrumbList","@id":"https:\/\/www.msds-europe.com\/sk\/povinnosti-distributorov-kozmetickych-vyrobkov\/#breadcrumb","itemListElement":[{"@type":"ListItem","position":1,"name":"F\u0151oldal","item":"https:\/\/www.msds-europe.com\/sk\/"},{"@type":"ListItem","position":2,"name":"Povinnosti distrib\u00fatorov kozmetick\u00fdch v\u00fdrobkov"}]},{"@type":"WebSite","@id":"https:\/\/www.msds-europe.com\/es\/#website","url":"https:\/\/www.msds-europe.com\/es\/","name":"MSDS Europe","description":"","publisher":{"@id":"https:\/\/www.msds-europe.com\/es\/#organization"},"potentialAction":[{"@type":"SearchAction","target":{"@type":"EntryPoint","urlTemplate":"https:\/\/www.msds-europe.com\/es\/?s={search_term_string}"},"query-input":{"@type":"PropertyValueSpecification","valueRequired":true,"valueName":"search_term_string"}}],"inLanguage":"sk-SK"},{"@type":"Organization","@id":"https:\/\/www.msds-europe.com\/es\/#organization","name":"MSDS-Europe International branch of ToxInfo","url":"https:\/\/www.msds-europe.com\/es\/","logo":{"@type":"ImageObject","inLanguage":"sk-SK","@id":"https:\/\/www.msds-europe.com\/es\/#\/schema\/logo\/image\/","url":"https:\/\/www.msds-europe.com\/wp-content\/uploads\/2021\/04\/msds-europe-logo.jpg","contentUrl":"https:\/\/www.msds-europe.com\/wp-content\/uploads\/2021\/04\/msds-europe-logo.jpg","width":2296,"height":1067,"caption":"MSDS-Europe International branch of ToxInfo"},"image":{"@id":"https:\/\/www.msds-europe.com\/es\/#\/schema\/logo\/image\/"},"sameAs":["https:\/\/www.facebook.com\/toxinfokft\/","https:\/\/x.com\/ToxInfoKft"]}]}},"_links":{"self":[{"href":"https:\/\/www.msds-europe.com\/sk\/wp-json\/wp\/v2\/pages\/5993","targetHints":{"allow":["GET"]}}],"collection":[{"href":"https:\/\/www.msds-europe.com\/sk\/wp-json\/wp\/v2\/pages"}],"about":[{"href":"https:\/\/www.msds-europe.com\/sk\/wp-json\/wp\/v2\/types\/page"}],"author":[{"embeddable":true,"href":"https:\/\/www.msds-europe.com\/sk\/wp-json\/wp\/v2\/users\/2"}],"replies":[{"embeddable":true,"href":"https:\/\/www.msds-europe.com\/sk\/wp-json\/wp\/v2\/comments?post=5993"}],"version-history":[{"count":4,"href":"https:\/\/www.msds-europe.com\/sk\/wp-json\/wp\/v2\/pages\/5993\/revisions"}],"predecessor-version":[{"id":7308,"href":"https:\/\/www.msds-europe.com\/sk\/wp-json\/wp\/v2\/pages\/5993\/revisions\/7308"}],"wp:attachment":[{"href":"https:\/\/www.msds-europe.com\/sk\/wp-json\/wp\/v2\/media?parent=5993"}],"wp:term":[{"taxonomy":"post_tag","embeddable":true,"href":"https:\/\/www.msds-europe.com\/sk\/wp-json\/wp\/v2\/tags?post=5993"}],"curies":[{"name":"wp","href":"https:\/\/api.w.org\/{rel}","templated":true}]}}