{"id":5963,"date":"2018-06-25T13:57:07","date_gmt":"2018-06-25T13:57:07","guid":{"rendered":"http:\/\/www.msds-europe.com\/zodpovednosti-zodpovednej-osoby\/"},"modified":"2018-07-04T07:29:24","modified_gmt":"2018-07-04T07:29:24","slug":"zodpovednosti-zodpovednej-osoby","status":"publish","type":"page","link":"https:\/\/www.msds-europe.com\/sk\/zodpovednosti-zodpovednej-osoby\/","title":{"rendered":"Zodpovednosti zodpovednej osoby"},"content":{"rendered":"<p style=\"text-align: right;\"><em><a href=\"http:\/\/www.msds-europe.com\/sk\/kozmeticke-vyrobky\/\">Z\u00e1klad\u0148a vedomost\u00ed pre kozmetick\u00e9 v\u00fdrobky<\/a>\u00a0\u2013\u00a0Zodpovednosti zodpovednej osoby<\/em><\/p>\n<p>&nbsp;<\/p>\n<p style=\"text-align: justify;\">Pod\u013ea <a href=\"http:\/\/www.msds-europe.com\/sk\/regulacne-zmeny-v-oblasti-chemickej-bezpecnosti\/\">Smernice 1223\/2009\/ES<\/a> rozli\u0161ujeme medzi dvoma hlavn\u00fdmi \u00fa\u010dastn\u00edkmi, ktor\u00ed maj\u00fa r\u00f4zne povinnosti a zodpovednosti, preto je najprv mimoriadne d\u00f4le\u017eit\u00e9 stanovi\u0165 kateg\u00f3riu, do ktorej va\u0161a spolo\u010dnos\u0165 patr\u00ed.<\/p>\n<p>&nbsp;<\/p>\n<h2 style=\"text-align: justify;\">Zodpovedn\u00e1 osoba<\/h2>\n<p style=\"text-align: justify;\">Pre kozmetick\u00e9 v\u00fdrobky vyroben\u00e9 v Spolo\u010denstve, ktor\u00e9 sa n\u00e1sledne nevyvez\u00fa a nedovez\u00fa sp\u00e4\u0165 do Spolo\u010denstva, bude zodpovedn\u00e1 osoba v\u00fdrobcu zriaden\u00e1 v Spolo\u010denstve.<\/p>\n<p style=\"text-align: justify;\">V pr\u00edpade dov\u00e1\u017ean\u00e9ho kozmetick\u00e9ho v\u00fdrobku bude ka\u017ed\u00fd dovozca tie\u017e zodpovednou osobou pre pr\u00edslu\u0161n\u00fd kozmetick\u00fd v\u00fdrobok, ktor\u00fd uvedie na trh.\u00a0 V\u00fdrobca m\u00f4\u017ee menova\u0165 (na z\u00e1klade p\u00edsomn\u00e9ho poverenia) osobu zriaden\u00fa v r\u00e1mci Spolo\u010denstva ako zodpovedn\u00fa osobu, ktor\u00e1 menovanie prijme p\u00edsomne.<\/p>\n<p style=\"text-align: justify;\">Distrib\u00fator je zodpovednou osobou vtedy, ak kozmetick\u00fd v\u00fdrobok uvedie na trh pod svoj\u00edm menom alebo ochrannou zn\u00e1mkou alebo v\u00fdrobok, ktor\u00fd u\u017e je uveden\u00fd na trh, zmen\u00ed sp\u00f4sobom, ktor\u00fd by mohol ovplyvni\u0165 jeho s\u00falad s\u00a0 platn\u00fdmi po\u017eiadavkami.<\/p>\n<p>&nbsp;<\/p>\n<h2>Zodpovedn\u00e1 osoba m\u00f4\u017ee by\u0165<\/h2>\n<ul>\n<li>v\u00fdrobca (pokia\u013e je zriaden\u00fd v r\u00e1mci Eur\u00f3pskej \u00fanie)<\/li>\n<li>dovozca (pokia\u013e je v\u00fdrobca spolo\u010dnos\u0165 zriaden\u00e1 mimo Eur\u00f3pskej \u00fanie)<\/li>\n<li>distrib\u00fator (pokia\u013e dod\u00e1va v\u00fdrobky na trh pod svojou vlastnou zna\u010dkou)<\/li>\n<li>Menovan\u00e1 osoba alebo spolo\u010dnos\u0165 (ktor\u00fa menoval v\u00fdrobca alebo dovozca a ktor\u00e1 menovanie p\u00edsomne prijme)<\/li>\n<\/ul>\n<p>Zodpovedn\u00e1 osoba je povinn\u00e1 zaisti\u0165, aby kozmetick\u00fd v\u00fdrobok sp\u013a\u0148al po\u017eiadavky Smernice 1223\/2009\/ES.<\/p>\n<p>&nbsp;<\/p>\n<h2 style=\"text-align: justify;\">Pod\u013ea predpisov je kozmetick\u00fd v\u00fdrobok mo\u017en\u00e9 distribuova\u0165 iba v pr\u00edpade<\/h2>\n<ul>\n<li><a href=\"http:\/\/www.msds-europe.com\/sk\/vytvaranie-bezpecnostneho-posudku-pre-kozmetika\/\">\u017ee je na\u0148 vydan\u00fd posudzovanie bezpe\u010dnosti a\u00a0 informa\u010dn\u00e1 zlo\u017eka o\u00a0v\u00fdrobku<\/a><\/li>\n<li>informa\u010dnej zlo\u017eka o\u00a0v\u00fdrobku (PIF)<\/li>\n<li><a href=\"http:\/\/www.msds-europe.com\/sk\/vytvaranie-a-preklad-navrhu-oznacenia-na-kozmeticke-vyrobky\/\">vhodn\u00e9 ozna\u010denie<\/a><\/li>\n<li>a v\u00fdroba sa vykon\u00e1va v s\u00falade s nariaden\u00edm ISO 22716, vhodn\u00e9 a\u017e osved\u010den\u00e9 v\u00fdrobn\u00e9 postupy (GMP)<\/li>\n<\/ul>\n<p>&nbsp;<\/p>\n<h2>Vytv\u00e1ranie posudzovanie bezpe\u010dnosti a spr\u00e1va o bezpe\u010dnosti<\/h2>\n<p style=\"text-align: justify;\">Hodnotenie bezpe\u010dnosti a na \u0148om zalo\u017een\u00e9 hl\u00e1senie m\u00e1 preuk\u00e1za\u0165, \u017ee kozmetick\u00e9 v\u00fdrobky s\u00fa bezpe\u010dn\u00e9 pre zdravie \u010dloveka, pokia\u013e sa bud\u00fa aplikova\u0165 za norm\u00e1lnych alebo primeran\u00fdch a predv\u00eddate\u013en\u00fdch podmienok.<\/p>\n<p style=\"text-align: justify;\">Zodpovedn\u00e1 osoba pred uveden\u00edm kozmetick\u00e9ho v\u00fdrobku na trh zabezpe\u010d\u00ed, aby bola na z\u00e1klade pr\u00edslu\u0161n\u00fdch inform\u00e1ci\u00ed pos\u00faden\u00e1 jeho bezpe\u010dnos\u0165 a\u00a0vypracovan\u00e1 spr\u00e1va o\u00a0bezpe\u010dnosti kozmetick\u00e9ho v\u00fdrobku,\u00a0 a \u017ee bude aktualizovan\u00e9, pokia\u013e sa po za\u010dat\u00ed distrib\u00facie z\u00edskaj\u00fa ak\u00e9ko\u013evek \u010fal\u0161ie relevantn\u00e9 inform\u00e1cie.<\/p>\n<p style=\"text-align: justify;\">Bezpe\u010dnostn\u00fd posudok kozmetick\u00e9ho v\u00fdrobku je podstatnou \u010das\u0165ou dokument\u00e1cie s inform\u00e1ciami o v\u00fdrobku (PIF), ktor\u00e1 sa vy\u017eaduje pre distrib\u00faciu kozmetick\u00e9ho v\u00fdrobku.<\/p>\n<p>&nbsp;<\/p>\n<h2>Zostavenie informa\u010dnej zlo\u017eka o\u00a0v\u00fdrobku (PIF)<\/h2>\n<p style=\"text-align: justify;\">Zostavenie informa\u010dnej zlo\u017eka o\u00a0v\u00fdrobku je krit\u00e9riom pre distrib\u00faciu a hl\u00e1senie E\u00da v s\u00falade so Smernicou 1223\/2009\/ES o kozmetick\u00fdch v\u00fdrobkoch (kozmetike).<\/p>\n<p><strong>Informa\u010dn\u00e1 zlo\u017eka o\u00a0v\u00fdrobku (PIF) mus\u00ed obsahova\u0165 nasleduj\u00face:<\/strong><\/p>\n<ul>\n<li>popis kozmetick\u00e9ho v\u00fdrobku<\/li>\n<li>spr\u00e1va o\u00a0bezpe\u010dnosti<\/li>\n<li>popis v\u00fdrobn\u00e9ho postupu<\/li>\n<li>vyhl\u00e1senie o\u00a0dodr\u017ean\u00ed spr\u00e1vnej v\u00fdrobnej praxe (GMP)<\/li>\n<li>v\u00a0pr\u00edpade opodstatnenom charakterom alebo \u00fa\u010dinkom kozmetick\u00e9ho v\u00fdrobku, d\u00f4kaz o\u00a0\u00fa\u010dinku deklarovanom pre dan\u00fd kozmetick\u00fd v\u00fdrobok<\/li>\n<li>\u00fadaje o ak\u00fdchko\u013evek testoch t\u00fdkaj\u00facich sa v\u00fdvoja alebo pos\u00fadenia bezpe\u010dnosti kozmetick\u00e9ho v\u00fdrobku alebo jeho zlo\u017eiek<\/li>\n<\/ul>\n<p>Zodpovedn\u00e1 osoba zabezpe\u010d\u00ed, aby bola informa\u010dn\u00e1 zlo\u017eka o\u00a0v\u00fdrobku \u013eahko dostupn\u00e1 pre pr\u00edslu\u0161n\u00fd org\u00e1n \u010dlensk\u00e9ho \u0161t\u00e1tu, v\u00a0ktorom je zlo\u017eka ulo\u017een\u00e1, v\u00a0elektronickom alebo inom form\u00e1te, na adrese uvedenej v\u00a0ozna\u010den\u00ed v\u00fdrobku. Inform\u00e1cie, ktor\u00e9 s\u00fa obsahom informa\u010dnej zlo\u017eky o\u00a0v\u00fdrobku, musia by\u0165 dostupn\u00e9 v\u00a0jazyku \u013eahko zrozumite\u013enom pre pr\u00edslu\u0161n\u00e9 org\u00e1ny tohto \u010dlensk\u00e9ho \u0161t\u00e1tu.<\/p>\n<p>Informa\u010dn\u00e1 zlo\u017eka o\u00a0v\u00fdrobku sa uchov\u00e1va po\u010das desiatich rokov od d\u00e1tumu, ke\u010f bola uveden\u00e1 na trh posledn\u00e1 \u0161ar\u017ea kozmetick\u00e9ho v\u00fdrobku.<\/p>\n<p>&nbsp;<\/p>\n<h2>Prvky ozna\u010dovania<\/h2>\n<p style=\"text-align: justify;\">Kozmetick\u00e9 v\u00fdrobky sa spr\u00edstup\u0148uj\u00fa na trh len vtedy, ak maj\u00fa na vn\u00fatornom a\u00a0vonkaj\u0161om obale nezmazate\u013en\u00fdm, \u013eahko \u010ditate\u013en\u00fdm a\u00a0vidite\u013en\u00fdm p\u00edsmom uveden\u00e9 tieto \u00fadaje:<\/p>\n<p style=\"text-align: justify;\">1. Meno alebo obchodn\u00e9 meno a\u00a0adresa zodpovednej osoby V\u00a0pr\u00edpade dov\u00e1\u017ean\u00fdch kozmetick\u00fdch v\u00fdrobkov sa uv\u00e1dza krajina ich p\u00f4vodu.<\/p>\n<p style=\"text-align: justify;\">2. nomin\u00e1lny obsah v \u010dase balenia dan\u00fd hmotnos\u0165ou alebo objemom (Okrem balen\u00ed, ktor\u00e9 obsahuj\u00fa menej ako p\u00e4\u0165 gramov alebo p\u00e4\u0165 mililitrov, bezplatn\u00fdch vzoriek a balen\u00ed na jedno pou\u017eitie; v pr\u00edpade spotrebite\u013esk\u00fdch balen\u00ed, ktor\u00e9 sa be\u017ene pred\u00e1vaj\u00fa ako skupina viacer\u00fdch polo\u017eiek, pri ktor\u00fdch inform\u00e1cie o\u00a0hmotnosti alebo objeme nie s\u00fa podstatn\u00e9)<\/p>\n<p style=\"text-align: justify;\">3. D\u00e1tum minim\u00e1lnej trvanlivosti<\/p>\n<p style=\"text-align: justify;\">a, Uvedenie d\u00e1tumu minim\u00e1lnej trvanlivosti pre kozmetick\u00e9 v\u00fdrobky s minim\u00e1lnou trvanlivos\u0165ou krat\u0161ou ako 30 mesiacov.<\/p>\n<p style=\"text-align: justify;\">Vhodn\u00fd form\u00e1t: za symbolom d\u00e1tumu minim\u00e1lnej trvanlivosti alebo za slovami \u201espotrebova\u0165 do konca\u201c je nutn\u00e9 jasne uvies\u0165 d\u00e1tum minim\u00e1lnej spotreby, ktor\u00fd bude obsahova\u0165 mesiac a rok alebo de\u0148, mesiac a rok, v uvedenom porad\u00ed.<\/p>\n<p style=\"text-align: justify;\">b, v\u00a0pr\u00edpade\u00a0kozmetick\u00fdch v\u00fdrobkov s\u00a0minim\u00e1lnou trvanlivos\u0165ou viac ako 30 mesiacov, sa uvedie \u00fadaj o\u00a0dobe, po\u010das ktorej je v\u00fdrobok po otvoren\u00ed bezpe\u010dn\u00fd a\u00a0m\u00f4\u017ee sa pou\u017e\u00edva\u0165 bez po\u0161kodenia zdravia spotrebite\u013ea.\u00a0 Za symbolom minim\u00e1lnej trvanlivosti je uveden\u00fd \u010das v mesiacoch a\/alebo rokoch, t\u00e1to po\u017eiadavka by sa v\u0161ak nemala uplat\u0148ova\u0165 v\u00a0pr\u00edpade, ak trvanlivos\u0165 v\u00fdrobku po otvoren\u00ed nem\u00e1 opodstatnenie, t.j. v\u00a0pr\u00edpade v\u00fdrobkov na jedno pou\u017eitie, v\u00fdrobkov, ktor\u00e9 sa nekazia alebo v\u00fdrobkov, ktor\u00e9 sa neotv\u00e1raj\u00fa.<\/p>\n<p>4. Pr\u00edslu\u0161n\u00e9 upozornenia, ktor\u00e9 treba dodr\u017ea\u0165 pri pou\u017e\u00edvan\u00ed.<\/p>\n<p style=\"text-align: justify;\">5. \u010c\u00edslo v\u00fdrobnej \u0161ar\u017ee alebo odkaz umo\u017e\u0148uj\u00faci identifik\u00e1ciu kozmetick\u00e9ho v\u00fdrobku.<\/p>\n<p style=\"text-align: justify;\">6. Funkcia kozmetick\u00e9ho v\u00fdrobku, ak nie je zrejm\u00e1 z\u00a0 jeho prezent\u00e1cie<\/p>\n<p style=\"text-align: justify;\">7. Zoznam zlo\u017eiek v s\u00falade s INCI (medzin\u00e1rodn\u00e9 ozna\u010dovanie kozmetick\u00fdch zlo\u017eiek). Tieto inform\u00e1cie sa bud\u00fa uv\u00e1dza\u0165 iba na vonkaj\u0161om obale (ak prin\u00e1le\u017e\u00ed).<\/p>\n<p style=\"text-align: justify;\">Inform\u00e1cie na etikete musia by\u0165 uveden\u00e9 v jazyku \u010dlensk\u00e9ho \u0161t\u00e1tu, kde sa v\u00fdrobok distribuuje pre koncov\u00e9ho pou\u017e\u00edvate\u013ea (v\u00fdnimka: \u201eZlo\u017eky\u201c).<\/p>\n<p style=\"text-align: justify;\">Pokia\u013e nie je mo\u017en\u00e9 uvies\u0165 stanoven\u00e9 inform\u00e1cie na ozna\u010den\u00ed z praktick\u00fdch d\u00f4vodov, inform\u00e1cie musia by\u0165 uveden\u00e9 v let\u00e1ku, na ozna\u010den\u00ed, p\u00e1ske alebo karte prilo\u017eenej alebo pripevnenej k v\u00fdrobku.<\/p>\n<p>&nbsp;<\/p>\n<h2>Ozn\u00e1menie kozmetick\u00e9ho v\u00fdrobku<\/h2>\n<p>Pred za\u010dat\u00edm distrib\u00facie je zodpovedn\u00e1 osoba povinn\u00e1 elektronicky ozn\u00e1mi\u0165 nasleduj\u00face inform\u00e1cie o kozmetickom v\u00fdrobku prostredn\u00edctvom <a href=\"http:\/\/www.msds-europe.com\/sk\/sluzba-oznamenia-cpnp\/\">CPNP<\/a>:<\/p>\n<ul>\n<li style=\"text-align: justify;\">kateg\u00f3riu kozmetick\u00e9ho v\u00fdrobku a\u00a0jeho n\u00e1zov alebo n\u00e1zvy umo\u017e\u0148uj\u00face jeho konkr\u00e9tnu identifik\u00e1ciu,<\/li>\n<li style=\"text-align: justify;\">meno zodpovednej osoby a\u00a0adresu, na ktorej je informa\u010dn\u00e1 zlo\u017eka o\u00a0v\u00fdrobku \u013eahko dostupn\u00e1,<\/li>\n<li style=\"text-align: justify;\">krajina p\u00f4vodu,<\/li>\n<li style=\"text-align: justify;\">\u010dlensk\u00fd \u0161t\u00e1t, v\u00a0ktorom je dan\u00fd kozmetick\u00fd v\u00fdrobok uveden\u00fd na\u00a0trh,<\/li>\n<li style=\"text-align: justify;\">kontaktn\u00e9 \u00fadaje o\u00a0fyzickej osobe, na ktor\u00fa je mo\u017en\u00e9 sa v\u00a0pr\u00edpade potreby obr\u00e1ti,<\/li>\n<li style=\"text-align: justify;\">Pr\u00edtomnos\u2018t l\u00e1tok vo forme nanomateri\u00e1lov a ich identifik\u00e1ciu vr\u00e1tane chemick\u00e9ho n\u00e1zvu a racion\u00e1lne predv\u00eddate\u013en\u00e9 podmienky expoz\u00edcie,<\/li>\n<li style=\"text-align: justify;\">n\u00e1zov a\u00a0\u010d\u00edslo slu\u017eby chemick\u00fdch abstraktov (CAS) alebo \u010d\u00edslo ES l\u00e1tok klasifikovan\u00fdch ako karcinog\u00e9nne, mutag\u00e9nne alebo toxick\u00e9 pre reprodukciu (CMR),<\/li>\n<li style=\"text-align: justify;\">formul\u00e1cia r\u00e1mce<\/li>\n<li style=\"text-align: justify;\">p\u00f4vodn\u00e1 etiketa<\/li>\n<li>fotografia obalu<\/li>\n<\/ul>\n<p>Pokia\u013e d\u00f4jde k zmene akejko\u013evek inform\u00e1cie, zodpovedn\u00e1 osoba neodkladne zaist\u00ed aktualiz\u00e1ciu prostredn\u00edctvom <a href=\"http:\/\/www.msds-europe.com\/sk\/sluzba-oznamenia-cpnp\/\">CPNP<\/a>.<\/p>\n<p>&nbsp;<\/p>\n<h3><span style=\"color: #333333;\">S\u00favisiace odborn\u00e9 materi\u00e1ly<\/span><\/h3>\n<ul>\n<li><a href=\"http:\/\/www.msds-europe.com\/sk\/povinnosti-distributorov-kozmetickych-vyrobkov\/\">Povinnosti distrib\u00fatorov kozmetick\u00fdch v\u00fdrobkov<\/a><\/li>\n<\/ul>\n<p>&nbsp;<\/p>\n<h3><span style=\"color: #333333;\">Pon\u00fakan\u00e9 slu\u017eby<\/span><\/h3>\n<ul>\n<li><a href=\"http:\/\/www.msds-europe.com\/sk\/sluzba-oznamenia-cpnp\/\">Na\u0161a slu\u017eba ozn\u00e1menia CPNP pre kozmetick\u00e9 v\u00fdrobky<\/a><\/li>\n<li><a href=\"http:\/\/www.msds-europe.com\/sk\/vytvaranie-a-preklad-navrhu-oznacenia-na-kozmeticke-vyrobky\/\">Na\u0161a slu\u017eba vytvorenia a prekladu n\u00e1vrhu ozna\u010denia pre kozmetick\u00e9 v\u00fdrobky<\/a><\/li>\n<li><a href=\"http:\/\/www.msds-europe.com\/sk\/vytvaranie-bezpecnostneho-posudku-pre-kozmetika\/\">Na\u0161a slu\u017eba zostavenia bezpe\u010dnostn\u00e9ho posudku pre kozmetick\u00e9 v\u00fdrobky<\/a><\/li>\n<\/ul>\n<p>&nbsp;<\/p>\n","protected":false},"excerpt":{"rendered":"<p>\u00dalohy definovan\u00e9 predpismi v oblasti kozmetick\u00fdch v\u00fdrobkov pre \u201ezodpovedn\u00fa osobu\u201c.<\/p>\n","protected":false},"author":2,"featured_media":0,"parent":0,"menu_order":0,"comment_status":"closed","ping_status":"closed","template":"","meta":{"_acf_changed":false,"footnotes":""},"tags":[263,310],"class_list":["post-5963","page","type-page","status-publish","hentry","tag-kozmetika-sk","tag-zakladna-vedomosti-pre-kozmeticke-vyrobky-sk"],"acf":[],"yoast_head":"<!-- This site is optimized with the Yoast SEO plugin v27.2 - https:\/\/yoast.com\/product\/yoast-seo-wordpress\/ -->\n<title>Zodpovednosti zodpovednej osoby vzh\u013eadom na kozmetiku<\/title>\n<meta name=\"description\" content=\"\u00dalohy zodpovednej osoby spojen\u00e9 s uv\u00e1dzan\u00edm kozmetick\u00fdch v\u00fdrobkov na trh. \u00dalohy a po\u017eiadavky s\u00favisiace s v\u00fdrobou a dovozom kozmetiky.\" \/>\n<meta name=\"robots\" content=\"index, follow, max-snippet:-1, max-image-preview:large, max-video-preview:-1\" \/>\n<link rel=\"canonical\" href=\"https:\/\/www.msds-europe.com\/sk\/zodpovednosti-zodpovednej-osoby\/\" \/>\n<meta property=\"og:locale\" content=\"sk_SK\" \/>\n<meta property=\"og:type\" content=\"article\" \/>\n<meta property=\"og:title\" content=\"Zodpovednosti zodpovednej osoby vzh\u013eadom na kozmetiku\" \/>\n<meta property=\"og:description\" content=\"\u00dalohy zodpovednej osoby spojen\u00e9 s uv\u00e1dzan\u00edm kozmetick\u00fdch v\u00fdrobkov na trh. \u00dalohy a po\u017eiadavky s\u00favisiace s v\u00fdrobou a dovozom kozmetiky.\" \/>\n<meta property=\"og:url\" content=\"https:\/\/www.msds-europe.com\/sk\/zodpovednosti-zodpovednej-osoby\/\" \/>\n<meta property=\"og:site_name\" content=\"MSDS Europe\" \/>\n<meta property=\"article:publisher\" content=\"https:\/\/www.facebook.com\/toxinfokft\/\" \/>\n<meta property=\"article:modified_time\" content=\"2018-07-04T07:29:24+00:00\" \/>\n<meta name=\"twitter:card\" content=\"summary_large_image\" \/>\n<meta name=\"twitter:site\" content=\"@ToxInfoKft\" \/>\n<meta name=\"twitter:label1\" content=\"Predpokladan\u00fd \u010das \u010d\u00edtania\" \/>\n\t<meta name=\"twitter:data1\" content=\"7 min\u00fat\" \/>\n<script type=\"application\/ld+json\" class=\"yoast-schema-graph\">{\"@context\":\"https:\/\/schema.org\",\"@graph\":[{\"@type\":\"WebPage\",\"@id\":\"https:\/\/www.msds-europe.com\/sk\/zodpovednosti-zodpovednej-osoby\/\",\"url\":\"https:\/\/www.msds-europe.com\/sk\/zodpovednosti-zodpovednej-osoby\/\",\"name\":\"Zodpovednosti zodpovednej osoby vzh\u013eadom na kozmetiku\",\"isPartOf\":{\"@id\":\"https:\/\/www.msds-europe.com\/es\/#website\"},\"datePublished\":\"2018-06-25T13:57:07+00:00\",\"dateModified\":\"2018-07-04T07:29:24+00:00\",\"description\":\"\u00dalohy zodpovednej osoby spojen\u00e9 s uv\u00e1dzan\u00edm kozmetick\u00fdch v\u00fdrobkov na trh. \u00dalohy a po\u017eiadavky s\u00favisiace s v\u00fdrobou a dovozom kozmetiky.\",\"breadcrumb\":{\"@id\":\"https:\/\/www.msds-europe.com\/sk\/zodpovednosti-zodpovednej-osoby\/#breadcrumb\"},\"inLanguage\":\"sk-SK\",\"potentialAction\":[{\"@type\":\"ReadAction\",\"target\":[\"https:\/\/www.msds-europe.com\/sk\/zodpovednosti-zodpovednej-osoby\/\"]}]},{\"@type\":\"BreadcrumbList\",\"@id\":\"https:\/\/www.msds-europe.com\/sk\/zodpovednosti-zodpovednej-osoby\/#breadcrumb\",\"itemListElement\":[{\"@type\":\"ListItem\",\"position\":1,\"name\":\"F\u0151oldal\",\"item\":\"https:\/\/www.msds-europe.com\/sk\/\"},{\"@type\":\"ListItem\",\"position\":2,\"name\":\"Zodpovednosti zodpovednej osoby\"}]},{\"@type\":\"WebSite\",\"@id\":\"https:\/\/www.msds-europe.com\/es\/#website\",\"url\":\"https:\/\/www.msds-europe.com\/es\/\",\"name\":\"MSDS Europe\",\"description\":\"\",\"publisher\":{\"@id\":\"https:\/\/www.msds-europe.com\/es\/#organization\"},\"potentialAction\":[{\"@type\":\"SearchAction\",\"target\":{\"@type\":\"EntryPoint\",\"urlTemplate\":\"https:\/\/www.msds-europe.com\/es\/?s={search_term_string}\"},\"query-input\":{\"@type\":\"PropertyValueSpecification\",\"valueRequired\":true,\"valueName\":\"search_term_string\"}}],\"inLanguage\":\"sk-SK\"},{\"@type\":\"Organization\",\"@id\":\"https:\/\/www.msds-europe.com\/es\/#organization\",\"name\":\"MSDS-Europe International branch of ToxInfo\",\"url\":\"https:\/\/www.msds-europe.com\/es\/\",\"logo\":{\"@type\":\"ImageObject\",\"inLanguage\":\"sk-SK\",\"@id\":\"https:\/\/www.msds-europe.com\/es\/#\/schema\/logo\/image\/\",\"url\":\"https:\/\/www.msds-europe.com\/wp-content\/uploads\/2021\/04\/msds-europe-logo.jpg\",\"contentUrl\":\"https:\/\/www.msds-europe.com\/wp-content\/uploads\/2021\/04\/msds-europe-logo.jpg\",\"width\":2296,\"height\":1067,\"caption\":\"MSDS-Europe International branch of ToxInfo\"},\"image\":{\"@id\":\"https:\/\/www.msds-europe.com\/es\/#\/schema\/logo\/image\/\"},\"sameAs\":[\"https:\/\/www.facebook.com\/toxinfokft\/\",\"https:\/\/x.com\/ToxInfoKft\"]}]}<\/script>\n<!-- \/ Yoast SEO plugin. -->","yoast_head_json":{"title":"Zodpovednosti zodpovednej osoby vzh\u013eadom na kozmetiku","description":"\u00dalohy zodpovednej osoby spojen\u00e9 s uv\u00e1dzan\u00edm kozmetick\u00fdch v\u00fdrobkov na trh. \u00dalohy a po\u017eiadavky s\u00favisiace s v\u00fdrobou a dovozom kozmetiky.","robots":{"index":"index","follow":"follow","max-snippet":"max-snippet:-1","max-image-preview":"max-image-preview:large","max-video-preview":"max-video-preview:-1"},"canonical":"https:\/\/www.msds-europe.com\/sk\/zodpovednosti-zodpovednej-osoby\/","og_locale":"sk_SK","og_type":"article","og_title":"Zodpovednosti zodpovednej osoby vzh\u013eadom na kozmetiku","og_description":"\u00dalohy zodpovednej osoby spojen\u00e9 s uv\u00e1dzan\u00edm kozmetick\u00fdch v\u00fdrobkov na trh. \u00dalohy a po\u017eiadavky s\u00favisiace s v\u00fdrobou a dovozom kozmetiky.","og_url":"https:\/\/www.msds-europe.com\/sk\/zodpovednosti-zodpovednej-osoby\/","og_site_name":"MSDS Europe","article_publisher":"https:\/\/www.facebook.com\/toxinfokft\/","article_modified_time":"2018-07-04T07:29:24+00:00","twitter_card":"summary_large_image","twitter_site":"@ToxInfoKft","twitter_misc":{"Predpokladan\u00fd \u010das \u010d\u00edtania":"7 min\u00fat"},"schema":{"@context":"https:\/\/schema.org","@graph":[{"@type":"WebPage","@id":"https:\/\/www.msds-europe.com\/sk\/zodpovednosti-zodpovednej-osoby\/","url":"https:\/\/www.msds-europe.com\/sk\/zodpovednosti-zodpovednej-osoby\/","name":"Zodpovednosti zodpovednej osoby vzh\u013eadom na kozmetiku","isPartOf":{"@id":"https:\/\/www.msds-europe.com\/es\/#website"},"datePublished":"2018-06-25T13:57:07+00:00","dateModified":"2018-07-04T07:29:24+00:00","description":"\u00dalohy zodpovednej osoby spojen\u00e9 s uv\u00e1dzan\u00edm kozmetick\u00fdch v\u00fdrobkov na trh. \u00dalohy a po\u017eiadavky s\u00favisiace s v\u00fdrobou a dovozom kozmetiky.","breadcrumb":{"@id":"https:\/\/www.msds-europe.com\/sk\/zodpovednosti-zodpovednej-osoby\/#breadcrumb"},"inLanguage":"sk-SK","potentialAction":[{"@type":"ReadAction","target":["https:\/\/www.msds-europe.com\/sk\/zodpovednosti-zodpovednej-osoby\/"]}]},{"@type":"BreadcrumbList","@id":"https:\/\/www.msds-europe.com\/sk\/zodpovednosti-zodpovednej-osoby\/#breadcrumb","itemListElement":[{"@type":"ListItem","position":1,"name":"F\u0151oldal","item":"https:\/\/www.msds-europe.com\/sk\/"},{"@type":"ListItem","position":2,"name":"Zodpovednosti zodpovednej osoby"}]},{"@type":"WebSite","@id":"https:\/\/www.msds-europe.com\/es\/#website","url":"https:\/\/www.msds-europe.com\/es\/","name":"MSDS Europe","description":"","publisher":{"@id":"https:\/\/www.msds-europe.com\/es\/#organization"},"potentialAction":[{"@type":"SearchAction","target":{"@type":"EntryPoint","urlTemplate":"https:\/\/www.msds-europe.com\/es\/?s={search_term_string}"},"query-input":{"@type":"PropertyValueSpecification","valueRequired":true,"valueName":"search_term_string"}}],"inLanguage":"sk-SK"},{"@type":"Organization","@id":"https:\/\/www.msds-europe.com\/es\/#organization","name":"MSDS-Europe International branch of ToxInfo","url":"https:\/\/www.msds-europe.com\/es\/","logo":{"@type":"ImageObject","inLanguage":"sk-SK","@id":"https:\/\/www.msds-europe.com\/es\/#\/schema\/logo\/image\/","url":"https:\/\/www.msds-europe.com\/wp-content\/uploads\/2021\/04\/msds-europe-logo.jpg","contentUrl":"https:\/\/www.msds-europe.com\/wp-content\/uploads\/2021\/04\/msds-europe-logo.jpg","width":2296,"height":1067,"caption":"MSDS-Europe International branch of ToxInfo"},"image":{"@id":"https:\/\/www.msds-europe.com\/es\/#\/schema\/logo\/image\/"},"sameAs":["https:\/\/www.facebook.com\/toxinfokft\/","https:\/\/x.com\/ToxInfoKft"]}]}},"_links":{"self":[{"href":"https:\/\/www.msds-europe.com\/sk\/wp-json\/wp\/v2\/pages\/5963","targetHints":{"allow":["GET"]}}],"collection":[{"href":"https:\/\/www.msds-europe.com\/sk\/wp-json\/wp\/v2\/pages"}],"about":[{"href":"https:\/\/www.msds-europe.com\/sk\/wp-json\/wp\/v2\/types\/page"}],"author":[{"embeddable":true,"href":"https:\/\/www.msds-europe.com\/sk\/wp-json\/wp\/v2\/users\/2"}],"replies":[{"embeddable":true,"href":"https:\/\/www.msds-europe.com\/sk\/wp-json\/wp\/v2\/comments?post=5963"}],"version-history":[{"count":3,"href":"https:\/\/www.msds-europe.com\/sk\/wp-json\/wp\/v2\/pages\/5963\/revisions"}],"predecessor-version":[{"id":7307,"href":"https:\/\/www.msds-europe.com\/sk\/wp-json\/wp\/v2\/pages\/5963\/revisions\/7307"}],"wp:attachment":[{"href":"https:\/\/www.msds-europe.com\/sk\/wp-json\/wp\/v2\/media?parent=5963"}],"wp:term":[{"taxonomy":"post_tag","embeddable":true,"href":"https:\/\/www.msds-europe.com\/sk\/wp-json\/wp\/v2\/tags?post=5963"}],"curies":[{"name":"wp","href":"https:\/\/api.w.org\/{rel}","templated":true}]}}