{"id":5770,"date":"2018-06-25T07:56:25","date_gmt":"2018-06-25T07:56:25","guid":{"rendered":"http:\/\/www.msds-europe.com\/vystrazny-piktogram\/"},"modified":"2026-02-20T09:14:09","modified_gmt":"2026-02-20T09:14:09","slug":"vystrazny-piktogram","status":"publish","type":"page","link":"https:\/\/www.msds-europe.com\/sk\/vystrazny-piktogram\/","title":{"rendered":"V\u00fdstra\u017en\u00fd piktogram"},"content":{"rendered":"<p style=\"text-align: right;\"><em><a href=\"http:\/\/www.msds-europe.com\/sk\/uzitocne-zakladne-materialy-prirucky-pre-karty-bezpecnostnych-udajov\/\">Z\u00e1klad\u0148a vedomost\u00ed pre karty bezpe\u010dnostn\u00fdch \u00fadajov<\/a> \u2013 V\u00fdstra\u017en\u00fd piktogram<\/em><\/p>\n<p>&nbsp;<\/p>\n<h2 style=\"text-align: justify;\">V\u0161eobecn\u00e9 inform\u00e1cie o piktogramoch nebezpe\u010denstva<\/h2>\n<p style=\"text-align: justify;\">Piktogram nebezpe\u010denstva je obr\u00e1zkov\u00e9 zn\u00e1zornenie konkr\u00e9tneho nebezpe\u010denstva. Klasifik\u00e1cia va\u0161ej l\u00e1tky alebo zmesi preto ur\u010duje piktogramy nebezpe\u010denstva, ktor\u00e9 maj\u00fa by\u0165 uveden\u00e9 na ozna\u010den\u00ed, ako je stanoven\u00e9 v \u010dastiach 2 (fyzik\u00e1lne nebezpe\u010denstvo), 3 (nebezpe\u010denstvo pre zdravie) a 4 (nebezpe\u010denstvo pre \u017eivotn\u00e9 prostredie) pr\u00edlohy I <a href=\"https:\/\/www.msds-europe.com\/sk\/etiketa-clp\/\">nariadenia CLP<\/a> (\u010dl\u00e1nok 19 nariadenia CLP).<\/p>\n<p style=\"text-align: justify;\">Priradenie piktogramov nebezpe\u010denstva ku konkr\u00e9tnym triedam nebezpe\u010dnosti a kateg\u00f3ri\u00e1m nebezpe\u010dnosti n\u00e1jdete v pr\u00edlohe V nariadenia CLP.<\/p>\n<h2 style=\"text-align: justify;\">Piktogram nebezpe\u010denstva na ozna\u010den\u00ed<\/h2>\n<p style=\"text-align: justify;\">Farba a vzh\u013ead ozna\u010denia musia umo\u017e\u0148ova\u0165 umiestnenie piktogramu nebezpe\u010denstva a jeho pozadie mus\u00ed by\u0165 jasne vidite\u013en\u00e9. Piktogramy nebezpe\u010denstva maj\u00fa tvar koso\u0161tvorca a musia obsahova\u0165 \u010dierny symbol na bielom pozad\u00ed s \u010derven\u00fdm r\u00e1m\u010dekom (\u010das\u0165 1.2.1 pr\u00edlohy I nariadenia CLP).<\/p>\n<p style=\"text-align: justify;\">Ka\u017ed\u00fd piktogram nebezpe\u010denstva mus\u00ed pokr\u00fdva\u0165 minim\u00e1lne jednu p\u00e4tn\u00e1stinu plochy ozna\u010denia, pri\u010dom minim\u00e1lna plocha nesmie by\u0165 men\u0161ia ako 1 cm<sup>2<\/sup>.<\/p>\n<p>&nbsp;<\/p>\n<h2 style=\"text-align: justify;\">Pou\u017eitie piktogramov nebezpe\u010denstva v r\u00e1mci klasifik\u00e1cie pod\u013ea CLP<\/h2>\n<p style=\"text-align: justify;\">V s\u00falade s \u010dl\u00e1nkom 19 <a href=\"https:\/\/www.msds-europe.com\/pl\/zmiany-przepisow-bezpieczenstwa-chemicznego\/\">nariadenia (ES) \u010d. 1272\/2008<\/a> Eur\u00f3pskeho parlamentu a Rady z 16. decembra 2008 o klasifik\u00e1cii, ozna\u010dovan\u00ed a balen\u00ed l\u00e1tok a zmes\u00ed, ktor\u00fdm sa menia a zru\u0161uj\u00fa smernice 67\/548\/EHS a 1999\/45\/ES, a ktor\u00fdm sa men\u00ed nariadenie (ES) \u010d. 1907\/2006, sa pri klasifik\u00e1cii a ozna\u010dovan\u00ed pod\u013ea CLP pou\u017e\u00edvaj\u00fa nasleduj\u00face piktogramy nebezpe\u010denstva.<\/p>\n<p>&nbsp;<\/p>\n<h2 style=\"text-align: justify;\">Piktogramy nebezpe\u010denstva CLP<\/h2>\n<p style=\"text-align: justify;\"><div class=\"su-custom-gallery su-custom-gallery-align-left su-custom-gallery-title-always su-lightbox-gallery\"><div class=\"su-custom-gallery-slide\" style=\"width:200px;height:200px\"><a href=\"https:\/\/www.msds-europe.com\/wp-content\/uploads\/2018\/06\/GHS01-V\u00fdstra\u017en\u00e9-symboly-nebezpe\u010dnosti-CLP-1.jpg\" title=\"GHS01 V\u00fdstra\u017en\u00e9 symboly nebezpe\u010dnosti CLP\"><img decoding=\"async\" src=\"https:\/\/www.msds-europe.com\/wp-content\/uploads\/2018\/06\/GHS01-V\u00fdstra\u017en\u00e9-symboly-nebezpe\u010dnosti-CLP-1-200x200.jpg\" alt=\"GHS01 V\u00fdstra\u017en\u00e9 symboly nebezpe\u010dnosti CLP\" width=\"200\" height=\"200\" \/><span class=\"su-custom-gallery-title\">GHS01 V\u00fdstra\u017en\u00e9 symboly nebezpe\u010dnosti CLP<\/span><\/a><\/div><div class=\"su-custom-gallery-slide\" style=\"width:200px;height:200px\"><a href=\"https:\/\/www.msds-europe.com\/wp-content\/uploads\/2018\/06\/GHS02-V\u00fdstra\u017en\u00e9-symboly-nebezpe\u010dnosti-CLP-1.jpg\" title=\"GHS02 V\u00fdstra\u017en\u00e9 symboly nebezpe\u010dnosti CLP\"><img decoding=\"async\" src=\"https:\/\/www.msds-europe.com\/wp-content\/uploads\/2018\/06\/GHS02-V\u00fdstra\u017en\u00e9-symboly-nebezpe\u010dnosti-CLP-1-200x200.jpg\" alt=\"GHS02 V\u00fdstra\u017en\u00e9 symboly nebezpe\u010dnosti CLP\" width=\"200\" height=\"200\" \/><span class=\"su-custom-gallery-title\">GHS02 V\u00fdstra\u017en\u00e9 symboly nebezpe\u010dnosti CLP<\/span><\/a><\/div><div class=\"su-custom-gallery-slide\" style=\"width:200px;height:200px\"><a href=\"https:\/\/www.msds-europe.com\/wp-content\/uploads\/2018\/06\/GHS03-V\u00fdstra\u017en\u00e9-symboly-nebezpe\u010dnosti-CLP-1.jpg\" title=\"GHS03 V\u00fdstra\u017en\u00e9 symboly nebezpe\u010dnosti CLP\"><img decoding=\"async\" src=\"https:\/\/www.msds-europe.com\/wp-content\/uploads\/2018\/06\/GHS03-V\u00fdstra\u017en\u00e9-symboly-nebezpe\u010dnosti-CLP-1-200x200.jpg\" alt=\"GHS03 V\u00fdstra\u017en\u00e9 symboly nebezpe\u010dnosti CLP\" width=\"200\" height=\"200\" \/><span class=\"su-custom-gallery-title\">GHS03 V\u00fdstra\u017en\u00e9 symboly nebezpe\u010dnosti CLP<\/span><\/a><\/div><div class=\"su-custom-gallery-slide\" style=\"width:200px;height:200px\"><a href=\"https:\/\/www.msds-europe.com\/wp-content\/uploads\/2018\/06\/GHS04-V\u00fdstra\u017en\u00e9-symboly-nebezpe\u010dnosti-CLP-1.jpg\" title=\"GHS04 V\u00fdstra\u017en\u00e9 symboly nebezpe\u010dnosti CLP\"><img decoding=\"async\" src=\"https:\/\/www.msds-europe.com\/wp-content\/uploads\/2018\/06\/GHS04-V\u00fdstra\u017en\u00e9-symboly-nebezpe\u010dnosti-CLP-1-200x200.jpg\" alt=\"GHS04 V\u00fdstra\u017en\u00e9 symboly nebezpe\u010dnosti CLP\" width=\"200\" height=\"200\" \/><span class=\"su-custom-gallery-title\">GHS04 V\u00fdstra\u017en\u00e9 symboly nebezpe\u010dnosti CLP<\/span><\/a><\/div><div class=\"su-custom-gallery-slide\" style=\"width:200px;height:200px\"><a href=\"https:\/\/www.msds-europe.com\/wp-content\/uploads\/2018\/06\/GHS05-V\u00fdstra\u017en\u00e9-symboly-nebezpe\u010dnosti-CLP-1.jpg\" title=\"GHS05 V\u00fdstra\u017en\u00e9 symboly nebezpe\u010dnosti CLP\"><img decoding=\"async\" src=\"https:\/\/www.msds-europe.com\/wp-content\/uploads\/2018\/06\/GHS05-V\u00fdstra\u017en\u00e9-symboly-nebezpe\u010dnosti-CLP-1-200x200.jpg\" alt=\"GHS05 V\u00fdstra\u017en\u00e9 symboly nebezpe\u010dnosti CLP\" width=\"200\" height=\"200\" \/><span class=\"su-custom-gallery-title\">GHS05 V\u00fdstra\u017en\u00e9 symboly nebezpe\u010dnosti CLP<\/span><\/a><\/div><div class=\"su-custom-gallery-slide\" style=\"width:200px;height:200px\"><a href=\"https:\/\/www.msds-europe.com\/wp-content\/uploads\/2018\/06\/GHS06-V\u00fdstra\u017en\u00e9-symboly-nebezpe\u010dnosti-CLP-1.jpg\" title=\"GHS06 V\u00fdstra\u017en\u00e9 symboly nebezpe\u010dnosti CLP\"><img decoding=\"async\" src=\"https:\/\/www.msds-europe.com\/wp-content\/uploads\/2018\/06\/GHS06-V\u00fdstra\u017en\u00e9-symboly-nebezpe\u010dnosti-CLP-1-200x200.jpg\" alt=\"GHS06 V\u00fdstra\u017en\u00e9 symboly nebezpe\u010dnosti CLP\" width=\"200\" height=\"200\" \/><span class=\"su-custom-gallery-title\">GHS06 V\u00fdstra\u017en\u00e9 symboly nebezpe\u010dnosti CLP<\/span><\/a><\/div><div class=\"su-custom-gallery-slide\" style=\"width:200px;height:200px\"><a href=\"https:\/\/www.msds-europe.com\/wp-content\/uploads\/2018\/06\/GHS07-V\u00fdstra\u017en\u00e9-symboly-nebezpe\u010dnosti-CLP-1.jpg\" title=\"GHS07 V\u00fdstra\u017en\u00e9 symboly nebezpe\u010dnosti CLP\"><img decoding=\"async\" src=\"https:\/\/www.msds-europe.com\/wp-content\/uploads\/2018\/06\/GHS07-V\u00fdstra\u017en\u00e9-symboly-nebezpe\u010dnosti-CLP-1-200x200.jpg\" alt=\"GHS07 V\u00fdstra\u017en\u00e9 symboly nebezpe\u010dnosti CLP\" width=\"200\" height=\"200\" \/><span class=\"su-custom-gallery-title\">GHS07 V\u00fdstra\u017en\u00e9 symboly nebezpe\u010dnosti CLP<\/span><\/a><\/div><div class=\"su-custom-gallery-slide\" style=\"width:200px;height:200px\"><a href=\"https:\/\/www.msds-europe.com\/wp-content\/uploads\/2018\/06\/GHS08-V\u00fdstra\u017en\u00e9-symboly-nebezpe\u010dnosti-CLP-1.jpg\" title=\"GHS08 V\u00fdstra\u017en\u00e9 symboly nebezpe\u010dnosti CLP\"><img decoding=\"async\" src=\"https:\/\/www.msds-europe.com\/wp-content\/uploads\/2018\/06\/GHS08-V\u00fdstra\u017en\u00e9-symboly-nebezpe\u010dnosti-CLP-1-200x200.jpg\" alt=\"GHS08 V\u00fdstra\u017en\u00e9 symboly nebezpe\u010dnosti CLP\" width=\"200\" height=\"200\" \/><span class=\"su-custom-gallery-title\">GHS08 V\u00fdstra\u017en\u00e9 symboly nebezpe\u010dnosti CLP<\/span><\/a><\/div><div class=\"su-custom-gallery-slide\" style=\"width:200px;height:200px\"><a href=\"https:\/\/www.msds-europe.com\/wp-content\/uploads\/2018\/06\/GHS09-V\u00fdstra\u017en\u00e9-symboly-nebezpe\u010dnosti-CLP-1.jpg\" title=\"GHS09 V\u00fdstra\u017en\u00e9 symboly nebezpe\u010dnosti CLP\"><img decoding=\"async\" src=\"https:\/\/www.msds-europe.com\/wp-content\/uploads\/2018\/06\/GHS09-V\u00fdstra\u017en\u00e9-symboly-nebezpe\u010dnosti-CLP-1-200x200.jpg\" alt=\"GHS09 V\u00fdstra\u017en\u00e9 symboly nebezpe\u010dnosti CLP\" width=\"200\" height=\"200\" \/><span class=\"su-custom-gallery-title\">GHS09 V\u00fdstra\u017en\u00e9 symboly nebezpe\u010dnosti CLP<\/span><\/a><\/div><div class=\"su-clear\"><\/div><\/div>\n<p>&nbsp;<\/p>\n<h2 style=\"text-align: justify;\">Stiahnu\u0165 piktogramy nebezpe\u010denstva<\/h2>\n<p style=\"text-align: justify;\">M\u00f4\u017eete klikn\u00fa\u0165 na pr\u00edslu\u0161n\u00fd obr\u00e1zok pre zobrazenie vo v\u00e4\u010d\u0161ej ve\u013ekosti alebo stiahnutie dan\u00e9ho piktogramu nebezpe\u010denstva.<\/p>\n<p>&nbsp;<\/p>\n<a href=\"https:\/\/www.msds-europe.com\/sk\/ziadost-cenovu-ponuku-karta-bezpecnostnych-udajov\/\" class=\"su-button su-button-style-default\" style=\"color:#FFFFFF;background-color:#ef552d;border-color:#c04424;border-radius:5px\" target=\"_self\"><span style=\"color:#FFFFFF;padding:0px 16px;font-size:13px;line-height:26px;border-color:#f4886c;border-radius:5px;text-shadow:none\"> Online \u017eiados\u0165 o cenov\u00fa ponuku &#8211; Preklad karty bezpe\u010dnostn\u00fdch \u00fadajov<\/span><\/a>\n<p>&nbsp;<\/p>\n<h3>Pon\u00fakan\u00e9 slu\u017eby<\/h3>\n<ul>\n<li><a href=\"http:\/\/msds-updated.rapidwebdevs.com\/sk\/zostavenie-a-vytvorenie-karty-bezpecnostnych-udajov\/\">Zostavenie a vytvorenie karty bezpe\u010dnostn\u00fdch \u00fadajov<\/a><\/li>\n<li><a href=\"http:\/\/msds-updated.rapidwebdevs.com\/sk\/vytvorenie-navrhu-oznacenia\/\">Vytvorenie n\u00e1vrhu ozna\u010denia<\/a><\/li>\n<\/ul>\n<p>&nbsp;<\/p>\n<h3 class=\"title_4\">U\u017eito\u010dn\u00e9 inform\u00e1cie<\/h3>\n<ul>\n<li><a title=\"V\u00fdstra\u017en\u00e9 upozornenia H\" href=\"http:\/\/www.msds-europe.com\/sk\/vystrazne-upozornenia-h\/\">V\u00fdstra\u017en\u00e9 upozornenia H<\/a><\/li>\n<li><a title=\"Bezpe\u010dnostn\u00e9 upozornenie P\" href=\"http:\/\/www.msds-europe.com\/sk\/bezpecnostne-upozornenie-p\/\">Bezpe\u010dnostn\u00e9 upozornenia P<\/a><\/li>\n<li><a title=\"Prvky ozna\u010denia v karte bezpe\u010dnostn\u00fdch \u00fadajov\" href=\"http:\/\/www.msds-europe.com\/safety-data-sheet-label-elements\/\">Prvky ozna\u010denia v karte bezpe\u010dnostn\u00fdch \u00fadajov<\/a><\/li>\n<li><a title=\"Ozna\u010dovanie CLP v praxi\" href=\"http:\/\/www.msds-europe.com\/clp-labelling-in-practice\/\">Ozna\u010dovanie CLP v praxi<\/a><\/li>\n<\/ul>\n<h3>Odpor\u00fa\u010dan\u00e9 \u010dl\u00e1nky<\/h3>\n<ul>\n<li><a href=\"https:\/\/www.msds-europe.com\/sk\/etiketa-clp\/\">Ozna\u010dovanie pod\u013ea CLP v praxi<\/a><\/li>\n<li><a href=\"https:\/\/www.msds-europe.com\/sk\/vystrazne-upozornenie\/\">V\u00fdstra\u017en\u00e9 upozornenia na nebezpe\u010denstvo (H-vety)<\/a><\/li>\n<li><a href=\"https:\/\/www.msds-europe.com\/p-statements\/\">Bezpe\u010dnostn\u00e9 upozornenia (P-vety)<\/a><\/li>\n<li><a href=\"https:\/\/www.msds-europe.com\/sds-preparing-introduction\/\">Pr\u00edprava bezpe\u010dnostn\u00e9ho listu (BL): \u00davod a legislat\u00edvne pozadie<\/a><\/li>\n<li><a href=\"https:\/\/www.msds-europe.com\/responsibilities-compilation-process\/\">Zodpovednosti a proces zostavovania bezpe\u010dnostn\u00e9ho listu<\/a><\/li>\n<li><a href=\"https:\/\/www.msds-europe.com\/sds-preparing-first-8-sections\/\">Prv\u00fdch 8 \u010dast\u00ed BL \u2013 podrobn\u00e9 vysvetlenie<\/a><\/li>\n<li><a href=\"https:\/\/www.msds-europe.com\/sds-preparing-9-16-sections\/\">Zost\u00e1vaj\u00face \u010dasti BL (9\u201316)<\/a><\/li>\n<li><a href=\"https:\/\/www.msds-europe.com\/sds-preparing-best-practices\/\">Osobitn\u00e9 pr\u00edpady a odpor\u00fa\u010dan\u00e9 postupy<\/a><\/li>\n<\/ul>\n","protected":false},"excerpt":{"rendered":"<p>U\u017eito\u010dn\u00fd z\u00e1kladn\u00fd materi\u00e1l na praktick\u00fa realiz\u00e1ciu povinnosti ozna\u010dovania na z\u00e1klade predpisu CLP.<\/p>\n","protected":false},"author":2,"featured_media":0,"parent":0,"menu_order":0,"comment_status":"closed","ping_status":"closed","template":"","meta":{"_acf_changed":false,"footnotes":""},"tags":[264,362],"class_list":["post-5770","page","type-page","status-publish","hentry","tag-karta-bezpecnostnych-udajov-sk","tag-zakladna-vedomosti-pre-kartu-bezpecnostnych-udajov"],"acf":[],"yoast_head":"<!-- This site is optimized with the Yoast SEO plugin v27.2 - https:\/\/yoast.com\/product\/yoast-seo-wordpress\/ -->\n<title>V\u00fdstra\u017en\u00fd piktogram<\/title>\n<meta name=\"description\" content=\"Piktogram nebezpe\u010denstva je grafick\u00e9 zn\u00e1zornenie konkr\u00e9tneho nebezpe\u010denstva v s\u00falade s predpisom CLP. MSDS-Europe\" \/>\n<meta name=\"robots\" content=\"index, follow, max-snippet:-1, max-image-preview:large, max-video-preview:-1\" \/>\n<link rel=\"canonical\" href=\"https:\/\/www.msds-europe.com\/sk\/vystrazny-piktogram\/\" \/>\n<meta property=\"og:locale\" content=\"sk_SK\" \/>\n<meta property=\"og:type\" content=\"article\" \/>\n<meta property=\"og:title\" content=\"V\u00fdstra\u017en\u00fd piktogram\" \/>\n<meta property=\"og:description\" content=\"Piktogram nebezpe\u010denstva je grafick\u00e9 zn\u00e1zornenie konkr\u00e9tneho nebezpe\u010denstva v s\u00falade s predpisom CLP. MSDS-Europe\" \/>\n<meta property=\"og:url\" content=\"https:\/\/www.msds-europe.com\/sk\/vystrazny-piktogram\/\" \/>\n<meta property=\"og:site_name\" content=\"MSDS Europe\" \/>\n<meta property=\"article:publisher\" content=\"https:\/\/www.facebook.com\/toxinfokft\/\" \/>\n<meta property=\"article:modified_time\" content=\"2026-02-20T09:14:09+00:00\" \/>\n<meta name=\"twitter:card\" content=\"summary_large_image\" \/>\n<meta name=\"twitter:site\" content=\"@ToxInfoKft\" \/>\n<meta name=\"twitter:label1\" content=\"Predpokladan\u00fd \u010das \u010d\u00edtania\" \/>\n\t<meta name=\"twitter:data1\" content=\"2 min\u00faty\" \/>\n<script type=\"application\/ld+json\" class=\"yoast-schema-graph\">{\"@context\":\"https:\/\/schema.org\",\"@graph\":[{\"@type\":\"WebPage\",\"@id\":\"https:\/\/www.msds-europe.com\/sk\/vystrazny-piktogram\/\",\"url\":\"https:\/\/www.msds-europe.com\/sk\/vystrazny-piktogram\/\",\"name\":\"V\u00fdstra\u017en\u00fd piktogram\",\"isPartOf\":{\"@id\":\"https:\/\/www.msds-europe.com\/es\/#website\"},\"datePublished\":\"2018-06-25T07:56:25+00:00\",\"dateModified\":\"2026-02-20T09:14:09+00:00\",\"description\":\"Piktogram nebezpe\u010denstva je grafick\u00e9 zn\u00e1zornenie konkr\u00e9tneho nebezpe\u010denstva v s\u00falade s predpisom CLP. MSDS-Europe\",\"breadcrumb\":{\"@id\":\"https:\/\/www.msds-europe.com\/sk\/vystrazny-piktogram\/#breadcrumb\"},\"inLanguage\":\"sk-SK\",\"potentialAction\":[{\"@type\":\"ReadAction\",\"target\":[\"https:\/\/www.msds-europe.com\/sk\/vystrazny-piktogram\/\"]}]},{\"@type\":\"BreadcrumbList\",\"@id\":\"https:\/\/www.msds-europe.com\/sk\/vystrazny-piktogram\/#breadcrumb\",\"itemListElement\":[{\"@type\":\"ListItem\",\"position\":1,\"name\":\"F\u0151oldal\",\"item\":\"https:\/\/www.msds-europe.com\/sk\/\"},{\"@type\":\"ListItem\",\"position\":2,\"name\":\"V\u00fdstra\u017en\u00fd piktogram\"}]},{\"@type\":\"WebSite\",\"@id\":\"https:\/\/www.msds-europe.com\/es\/#website\",\"url\":\"https:\/\/www.msds-europe.com\/es\/\",\"name\":\"MSDS Europe\",\"description\":\"\",\"publisher\":{\"@id\":\"https:\/\/www.msds-europe.com\/es\/#organization\"},\"potentialAction\":[{\"@type\":\"SearchAction\",\"target\":{\"@type\":\"EntryPoint\",\"urlTemplate\":\"https:\/\/www.msds-europe.com\/es\/?s={search_term_string}\"},\"query-input\":{\"@type\":\"PropertyValueSpecification\",\"valueRequired\":true,\"valueName\":\"search_term_string\"}}],\"inLanguage\":\"sk-SK\"},{\"@type\":\"Organization\",\"@id\":\"https:\/\/www.msds-europe.com\/es\/#organization\",\"name\":\"MSDS-Europe International branch of ToxInfo\",\"url\":\"https:\/\/www.msds-europe.com\/es\/\",\"logo\":{\"@type\":\"ImageObject\",\"inLanguage\":\"sk-SK\",\"@id\":\"https:\/\/www.msds-europe.com\/es\/#\/schema\/logo\/image\/\",\"url\":\"https:\/\/www.msds-europe.com\/wp-content\/uploads\/2021\/04\/msds-europe-logo.jpg\",\"contentUrl\":\"https:\/\/www.msds-europe.com\/wp-content\/uploads\/2021\/04\/msds-europe-logo.jpg\",\"width\":2296,\"height\":1067,\"caption\":\"MSDS-Europe International branch of ToxInfo\"},\"image\":{\"@id\":\"https:\/\/www.msds-europe.com\/es\/#\/schema\/logo\/image\/\"},\"sameAs\":[\"https:\/\/www.facebook.com\/toxinfokft\/\",\"https:\/\/x.com\/ToxInfoKft\"]}]}<\/script>\n<!-- \/ Yoast SEO plugin. -->","yoast_head_json":{"title":"V\u00fdstra\u017en\u00fd piktogram","description":"Piktogram nebezpe\u010denstva je grafick\u00e9 zn\u00e1zornenie konkr\u00e9tneho nebezpe\u010denstva v s\u00falade s predpisom CLP. MSDS-Europe","robots":{"index":"index","follow":"follow","max-snippet":"max-snippet:-1","max-image-preview":"max-image-preview:large","max-video-preview":"max-video-preview:-1"},"canonical":"https:\/\/www.msds-europe.com\/sk\/vystrazny-piktogram\/","og_locale":"sk_SK","og_type":"article","og_title":"V\u00fdstra\u017en\u00fd piktogram","og_description":"Piktogram nebezpe\u010denstva je grafick\u00e9 zn\u00e1zornenie konkr\u00e9tneho nebezpe\u010denstva v s\u00falade s predpisom CLP. MSDS-Europe","og_url":"https:\/\/www.msds-europe.com\/sk\/vystrazny-piktogram\/","og_site_name":"MSDS Europe","article_publisher":"https:\/\/www.facebook.com\/toxinfokft\/","article_modified_time":"2026-02-20T09:14:09+00:00","twitter_card":"summary_large_image","twitter_site":"@ToxInfoKft","twitter_misc":{"Predpokladan\u00fd \u010das \u010d\u00edtania":"2 min\u00faty"},"schema":{"@context":"https:\/\/schema.org","@graph":[{"@type":"WebPage","@id":"https:\/\/www.msds-europe.com\/sk\/vystrazny-piktogram\/","url":"https:\/\/www.msds-europe.com\/sk\/vystrazny-piktogram\/","name":"V\u00fdstra\u017en\u00fd piktogram","isPartOf":{"@id":"https:\/\/www.msds-europe.com\/es\/#website"},"datePublished":"2018-06-25T07:56:25+00:00","dateModified":"2026-02-20T09:14:09+00:00","description":"Piktogram nebezpe\u010denstva je grafick\u00e9 zn\u00e1zornenie konkr\u00e9tneho nebezpe\u010denstva v s\u00falade s predpisom CLP. MSDS-Europe","breadcrumb":{"@id":"https:\/\/www.msds-europe.com\/sk\/vystrazny-piktogram\/#breadcrumb"},"inLanguage":"sk-SK","potentialAction":[{"@type":"ReadAction","target":["https:\/\/www.msds-europe.com\/sk\/vystrazny-piktogram\/"]}]},{"@type":"BreadcrumbList","@id":"https:\/\/www.msds-europe.com\/sk\/vystrazny-piktogram\/#breadcrumb","itemListElement":[{"@type":"ListItem","position":1,"name":"F\u0151oldal","item":"https:\/\/www.msds-europe.com\/sk\/"},{"@type":"ListItem","position":2,"name":"V\u00fdstra\u017en\u00fd piktogram"}]},{"@type":"WebSite","@id":"https:\/\/www.msds-europe.com\/es\/#website","url":"https:\/\/www.msds-europe.com\/es\/","name":"MSDS Europe","description":"","publisher":{"@id":"https:\/\/www.msds-europe.com\/es\/#organization"},"potentialAction":[{"@type":"SearchAction","target":{"@type":"EntryPoint","urlTemplate":"https:\/\/www.msds-europe.com\/es\/?s={search_term_string}"},"query-input":{"@type":"PropertyValueSpecification","valueRequired":true,"valueName":"search_term_string"}}],"inLanguage":"sk-SK"},{"@type":"Organization","@id":"https:\/\/www.msds-europe.com\/es\/#organization","name":"MSDS-Europe International branch of ToxInfo","url":"https:\/\/www.msds-europe.com\/es\/","logo":{"@type":"ImageObject","inLanguage":"sk-SK","@id":"https:\/\/www.msds-europe.com\/es\/#\/schema\/logo\/image\/","url":"https:\/\/www.msds-europe.com\/wp-content\/uploads\/2021\/04\/msds-europe-logo.jpg","contentUrl":"https:\/\/www.msds-europe.com\/wp-content\/uploads\/2021\/04\/msds-europe-logo.jpg","width":2296,"height":1067,"caption":"MSDS-Europe International branch of ToxInfo"},"image":{"@id":"https:\/\/www.msds-europe.com\/es\/#\/schema\/logo\/image\/"},"sameAs":["https:\/\/www.facebook.com\/toxinfokft\/","https:\/\/x.com\/ToxInfoKft"]}]}},"_links":{"self":[{"href":"https:\/\/www.msds-europe.com\/sk\/wp-json\/wp\/v2\/pages\/5770","targetHints":{"allow":["GET"]}}],"collection":[{"href":"https:\/\/www.msds-europe.com\/sk\/wp-json\/wp\/v2\/pages"}],"about":[{"href":"https:\/\/www.msds-europe.com\/sk\/wp-json\/wp\/v2\/types\/page"}],"author":[{"embeddable":true,"href":"https:\/\/www.msds-europe.com\/sk\/wp-json\/wp\/v2\/users\/2"}],"replies":[{"embeddable":true,"href":"https:\/\/www.msds-europe.com\/sk\/wp-json\/wp\/v2\/comments?post=5770"}],"version-history":[{"count":7,"href":"https:\/\/www.msds-europe.com\/sk\/wp-json\/wp\/v2\/pages\/5770\/revisions"}],"predecessor-version":[{"id":37244,"href":"https:\/\/www.msds-europe.com\/sk\/wp-json\/wp\/v2\/pages\/5770\/revisions\/37244"}],"wp:attachment":[{"href":"https:\/\/www.msds-europe.com\/sk\/wp-json\/wp\/v2\/media?parent=5770"}],"wp:term":[{"taxonomy":"post_tag","embeddable":true,"href":"https:\/\/www.msds-europe.com\/sk\/wp-json\/wp\/v2\/tags?post=5770"}],"curies":[{"name":"wp","href":"https:\/\/api.w.org\/{rel}","templated":true}]}}