{"id":5449,"date":"2018-06-21T09:58:07","date_gmt":"2018-06-21T09:58:07","guid":{"rendered":"http:\/\/www.msds-europe.com\/vytvaranie-kariet-bezpecnostnych-udajov-pre-kozmeticke-vyrobky\/"},"modified":"2018-06-29T13:14:05","modified_gmt":"2018-06-29T13:14:05","slug":"vytvaranie-kariet-bezpecnostnych-udajov-pre-kozmeticke-vyrobky","status":"publish","type":"page","link":"https:\/\/www.msds-europe.com\/sk\/vytvaranie-kariet-bezpecnostnych-udajov-pre-kozmeticke-vyrobky\/","title":{"rendered":"Vytv\u00e1ranie kariet bezpe\u010dnostn\u00fdch \u00fadajov pre kozmetick\u00e9 v\u00fdrobky"},"content":{"rendered":"<p style=\"text-align: right;\"><em><a href=\"http:\/\/www.msds-europe.com\/sk\/sluzby-tykajuce-kozmetickych-vyrobkov\/\">Slu\u017eby t\u00fdkaj\u00face sa kozmetick\u00fdch v\u00fdrobkov<\/a>\u00a0\u2013\u00a0Vytv\u00e1ranie kariet bezpe\u010dnostn\u00fdch \u00fadajov pre kozmetick\u00e9 v\u00fdrobky<\/em><\/p>\n<p>&nbsp;<\/p>\n<p style=\"text-align: justify;\">Klienti n\u00e1s v mnoh\u00fdch pr\u00edpadoch kontaktovali s po\u017eiadavkou na vytvorenie karty bezpe\u010dnostn\u00fdch \u00fadajov na ich kozmetick\u00e9 v\u00fdrobky.<\/p>\n<p style=\"text-align: justify;\">Na\u0161i z\u00e1kazn\u00edci si samozrejme boli vedom\u00ed toho (a tie\u017e sme ich na to upozornili), \u017ee na kozmetick\u00e9 v\u00fdrobky sa nariadenia predpisov v oblasti chemickej bezpe\u010dnosti nevz\u0165ahuj\u00fa.<\/p>\n<p style=\"text-align: justify;\">Neexistuje \u017eiadna z\u00e1konn\u00e1 po\u017eiadavka t\u00fdkaj\u00faca sa kozmetick\u00fdch v\u00fdrobkov, ktor\u00e1 by stanovila povinnos\u0165 pre \u00fa\u010dastn\u00edkov trhu vzh\u013eadom na existenciu, prevod alebo vytvorenie karty bezpe\u010dnostn\u00fdch \u00fadajov.<\/p>\n<p>&nbsp;<\/p>\n<h2 style=\"text-align: justify;\">Karty bezpe\u010dnostn\u00fdch \u00fadajov pre kozmetick\u00e9 v\u00fdrobky sa odpor\u00fa\u010daj\u00fa pre nasleduj\u00face situ\u00e1cie<\/h2>\n<p style=\"text-align: justify;\">V r\u00e1mci v\u00fdroby, uskladnenia, balenia \u010di prepravy kozmetick\u00fdch v\u00fdrobkov m\u00f4\u017ee vznikn\u00fa\u0165 potenci\u00e1lne nebezpe\u010denstvo pre zamestnancov. Karta bezpe\u010dnostn\u00fdch \u00fadajov m\u00f4\u017ee predstavova\u0165 vynikaj\u00faci \u201en\u00e1stroj\u201c na prenos inform\u00e1ci\u00ed potrebn\u00fdch na bezpe\u010dn\u00fa pr\u00e1cu.<\/p>\n<p style=\"text-align: justify;\">Pri pr\u00edprave karty bezpe\u010dnostn\u00fdch \u00fadajov pre kozmetick\u00fd v\u00fdrobok sa postupuje rovnako ako pri in\u00fdch zmesiach.<\/p>\n<p style=\"text-align: justify;\">Plne zoh\u013ead\u0148ujeme obsahov\u00e9 a form\u00e1tov\u00e9 po\u017eiadavky a <a href=\"http:\/\/www.msds-europe.com\/sk\/regulacne-zmeny-v-oblasti-chemickej-bezpecnosti\/\">pr\u00edslu\u0161n\u00fa legislat\u00edvu t\u00fdkaj\u00facu<\/a> sa kariet bezpe\u010dnostn\u00fdch \u00fadajov.<\/p>\n<p>&nbsp;<\/p>\n<h2 style=\"text-align: justify;\">Viac inform\u00e1ci\u00ed o slu\u017eb\u00e1ch t\u00fdkaj\u00facich sa vytv\u00e1rania kariet bezpe\u010dnostn\u00fdch \u00fadajov<\/h2>\n<p style=\"text-align: justify;\">Popis slu\u017eieb, ktor\u00fd m\u00f4\u017eete n\u00e1js\u0165 v \u010dasti \u201e<a href=\"http:\/\/www.msds-europe.com\/sk\/zostavenie-a-vytvorenie-karty-bezpecnostnych-udajov\/\">Slu\u017eby pre karty bezpe\u010dnostn\u00fdch \u00fadajov<\/a>\u201c, sa vz\u0165ahuje tie\u017e na postupy uplat\u0148ovan\u00e9 na kozmetick\u00e9 v\u00fdrobky.<\/p>\n<p style=\"text-align: justify;\">V ka\u017edom pr\u00edpade uvedieme na karte bezpe\u010dnostn\u00fdch \u00fadajov skuto\u010dnos\u0165, \u017ee v pr\u00edpade pr\u00edslu\u0161n\u00e9ho v\u00fdrobku nie je povinnos\u0165ou poskytn\u00fa\u0165 kartu bezpe\u010dnostn\u00fdch \u00fadajov z\u00e1kazn\u00edkovi a \u017ee zverejnen\u00e9 \u00fadaje s\u00fa iba pre inform\u00e1ciu.<\/p>\n<p>&nbsp;<\/p>\n<h2 style=\"text-align: justify;\">\u017diados\u0165 o cenov\u00fa ponuku vytv\u00e1rania karty bezpe\u010dnostn\u00fdch \u00fadajov<\/h2>\n<p style=\"text-align: justify;\"><a href=\"mailto:info@msds-europe.com\">Na \u017eiados\u0165 o cenov\u00fa ponuku zaslan\u00fa e-mailom<\/a> alebo prostredn\u00edctvom <a href=\"http:\/\/www.msds-europe.com\/sk\/ziadost-cenovu-ponuku-kozmetika\/\">n\u00e1\u0161ho online formul\u00e1ra<\/a> odpovieme do 24 hod\u00edn.<br \/>\nNa\u0161e <a href=\"http:\/\/www.msds-europe.com\/sk\/zakaznicke-sluzby\/\">z\u00e1kazn\u00edcke slu\u017eby<\/a> v\u00e1m pom\u00f4\u017eu vybra\u0165 si t\u00fa spr\u00e1vnu slu\u017ebu.<\/p>\n<p>&nbsp;<\/p>\n<h3 style=\"text-align: justify;\"><span style=\"color: #333333;\">Slu\u017eby s\u00favisiace so slu\u017ebou vytv\u00e1rania kariet bezpe\u010dnostn\u00fdch \u00fadajov<\/span><\/h3>\n<ul>\n<li><a title=\"Slu\u017eba ozn\u00e1menia CPNP\" href=\"http:\/\/www.msds-europe.com\/sk\/sluzba-oznamenia-cpnp\/\">Slu\u017eba ozn\u00e1menia CPNP<\/a><\/li>\n<li><a title=\"Vytv\u00e1ranie a preklad n\u00e1vrhu ozna\u010denia na kozmetick\u00e9 v\u00fdrobky\" href=\"http:\/\/www.msds-europe.com\/sk\/vytvaranie-a-preklad-navrhu-oznacenia-na-kozmeticke-vyrobky\/\">Vytv\u00e1ranie a preklad n\u00e1vrhu ozna\u010denia na kozmetick\u00e9 v\u00fdrobky<\/a><\/li>\n<\/ul>\n<p>&nbsp;<\/p>\n","protected":false},"excerpt":{"rendered":"<p>Na\u0161a slu\u017eba vytv\u00e1rania kariet bezpe\u010dnostn\u00fdch \u00fadajov je v pr\u00edpade kozmetick\u00fdch v\u00fdrobkov volite\u013en\u00e1. Nie je povinn\u00e9 vytv\u00e1ra\u0165 karty bezpe\u010dnostn\u00fdch \u00fadajov pre kozmetick\u00e9 v\u00fdrobky, ale v mnoh\u00fdch pr\u00edpadoch m\u00f4\u017eu predstavova\u0165 vhodn\u00fd prostriedok komunik\u00e1cie vzh\u013eadom na bezpe\u010dnos\u0165 na pracovisku.<\/p>\n","protected":false},"author":2,"featured_media":0,"parent":0,"menu_order":0,"comment_status":"closed","ping_status":"closed","template":"","meta":{"_acf_changed":false,"footnotes":""},"tags":[264,263,287],"class_list":["post-5449","page","type-page","status-publish","hentry","tag-karta-bezpecnostnych-udajov-sk","tag-kozmetika-sk","tag-sluzby-tykajuce-sa-kozmetickych-vyrobkov"],"acf":[],"yoast_head":"<!-- This site is optimized with the Yoast SEO plugin v27.2 - https:\/\/yoast.com\/product\/yoast-seo-wordpress\/ -->\n<title>Vytv\u00e1ranie kariet bezpe\u010dnostn\u00fdch \u00fadajov pre kozmetick\u00e9 v\u00fdrobky<\/title>\n<meta name=\"description\" content=\"Na\u0161a slu\u017eba vytv\u00e1rania kariet bezpe\u010dnostn\u00fdch \u00fadajov pre kozmetick\u00e9 v\u00fdrobky je volite\u013en\u00e1 slu\u017eba. Neexistuje \u017eiadna z\u00e1konn\u00e1 povinnos\u0165 poskytova\u0165 karty bezpe\u010dnostn\u00fdch \u00fadajov pre kozmetick\u00e9 v\u00fdrobky, av\u0161ak v niektor\u00fdch pr\u00edpadoch m\u00f4\u017ee \u00eds\u0165 o u\u017eito\u010dn\u00fd dokument.\" \/>\n<meta name=\"robots\" content=\"index, follow, max-snippet:-1, max-image-preview:large, max-video-preview:-1\" \/>\n<link rel=\"canonical\" href=\"https:\/\/www.msds-europe.com\/sk\/vytvaranie-kariet-bezpecnostnych-udajov-pre-kozmeticke-vyrobky\/\" \/>\n<meta property=\"og:locale\" content=\"sk_SK\" \/>\n<meta property=\"og:type\" content=\"article\" \/>\n<meta property=\"og:title\" content=\"Vytv\u00e1ranie kariet bezpe\u010dnostn\u00fdch \u00fadajov pre kozmetick\u00e9 v\u00fdrobky\" \/>\n<meta property=\"og:description\" content=\"Na\u0161a slu\u017eba vytv\u00e1rania kariet bezpe\u010dnostn\u00fdch \u00fadajov pre kozmetick\u00e9 v\u00fdrobky je volite\u013en\u00e1 slu\u017eba. Neexistuje \u017eiadna z\u00e1konn\u00e1 povinnos\u0165 poskytova\u0165 karty bezpe\u010dnostn\u00fdch \u00fadajov pre kozmetick\u00e9 v\u00fdrobky, av\u0161ak v niektor\u00fdch pr\u00edpadoch m\u00f4\u017ee \u00eds\u0165 o u\u017eito\u010dn\u00fd dokument.\" \/>\n<meta property=\"og:url\" content=\"https:\/\/www.msds-europe.com\/sk\/vytvaranie-kariet-bezpecnostnych-udajov-pre-kozmeticke-vyrobky\/\" \/>\n<meta property=\"og:site_name\" content=\"MSDS Europe\" \/>\n<meta property=\"article:publisher\" content=\"https:\/\/www.facebook.com\/toxinfokft\/\" \/>\n<meta property=\"article:modified_time\" content=\"2018-06-29T13:14:05+00:00\" \/>\n<meta name=\"twitter:card\" content=\"summary_large_image\" \/>\n<meta name=\"twitter:site\" content=\"@ToxInfoKft\" \/>\n<meta name=\"twitter:label1\" content=\"Predpokladan\u00fd \u010das \u010d\u00edtania\" \/>\n\t<meta name=\"twitter:data1\" content=\"2 min\u00faty\" \/>\n<script type=\"application\/ld+json\" class=\"yoast-schema-graph\">{\"@context\":\"https:\/\/schema.org\",\"@graph\":[{\"@type\":\"WebPage\",\"@id\":\"https:\/\/www.msds-europe.com\/sk\/vytvaranie-kariet-bezpecnostnych-udajov-pre-kozmeticke-vyrobky\/\",\"url\":\"https:\/\/www.msds-europe.com\/sk\/vytvaranie-kariet-bezpecnostnych-udajov-pre-kozmeticke-vyrobky\/\",\"name\":\"Vytv\u00e1ranie kariet bezpe\u010dnostn\u00fdch \u00fadajov pre kozmetick\u00e9 v\u00fdrobky\",\"isPartOf\":{\"@id\":\"https:\/\/www.msds-europe.com\/es\/#website\"},\"datePublished\":\"2018-06-21T09:58:07+00:00\",\"dateModified\":\"2018-06-29T13:14:05+00:00\",\"description\":\"Na\u0161a slu\u017eba vytv\u00e1rania kariet bezpe\u010dnostn\u00fdch \u00fadajov pre kozmetick\u00e9 v\u00fdrobky je volite\u013en\u00e1 slu\u017eba. Neexistuje \u017eiadna z\u00e1konn\u00e1 povinnos\u0165 poskytova\u0165 karty bezpe\u010dnostn\u00fdch \u00fadajov pre kozmetick\u00e9 v\u00fdrobky, av\u0161ak v niektor\u00fdch pr\u00edpadoch m\u00f4\u017ee \u00eds\u0165 o u\u017eito\u010dn\u00fd dokument.\",\"breadcrumb\":{\"@id\":\"https:\/\/www.msds-europe.com\/sk\/vytvaranie-kariet-bezpecnostnych-udajov-pre-kozmeticke-vyrobky\/#breadcrumb\"},\"inLanguage\":\"sk-SK\",\"potentialAction\":[{\"@type\":\"ReadAction\",\"target\":[\"https:\/\/www.msds-europe.com\/sk\/vytvaranie-kariet-bezpecnostnych-udajov-pre-kozmeticke-vyrobky\/\"]}]},{\"@type\":\"BreadcrumbList\",\"@id\":\"https:\/\/www.msds-europe.com\/sk\/vytvaranie-kariet-bezpecnostnych-udajov-pre-kozmeticke-vyrobky\/#breadcrumb\",\"itemListElement\":[{\"@type\":\"ListItem\",\"position\":1,\"name\":\"F\u0151oldal\",\"item\":\"https:\/\/www.msds-europe.com\/sk\/\"},{\"@type\":\"ListItem\",\"position\":2,\"name\":\"Vytv\u00e1ranie kariet bezpe\u010dnostn\u00fdch \u00fadajov pre kozmetick\u00e9 v\u00fdrobky\"}]},{\"@type\":\"WebSite\",\"@id\":\"https:\/\/www.msds-europe.com\/es\/#website\",\"url\":\"https:\/\/www.msds-europe.com\/es\/\",\"name\":\"MSDS Europe\",\"description\":\"\",\"publisher\":{\"@id\":\"https:\/\/www.msds-europe.com\/es\/#organization\"},\"potentialAction\":[{\"@type\":\"SearchAction\",\"target\":{\"@type\":\"EntryPoint\",\"urlTemplate\":\"https:\/\/www.msds-europe.com\/es\/?s={search_term_string}\"},\"query-input\":{\"@type\":\"PropertyValueSpecification\",\"valueRequired\":true,\"valueName\":\"search_term_string\"}}],\"inLanguage\":\"sk-SK\"},{\"@type\":\"Organization\",\"@id\":\"https:\/\/www.msds-europe.com\/es\/#organization\",\"name\":\"MSDS-Europe International branch of ToxInfo\",\"url\":\"https:\/\/www.msds-europe.com\/es\/\",\"logo\":{\"@type\":\"ImageObject\",\"inLanguage\":\"sk-SK\",\"@id\":\"https:\/\/www.msds-europe.com\/es\/#\/schema\/logo\/image\/\",\"url\":\"https:\/\/www.msds-europe.com\/wp-content\/uploads\/2021\/04\/msds-europe-logo.jpg\",\"contentUrl\":\"https:\/\/www.msds-europe.com\/wp-content\/uploads\/2021\/04\/msds-europe-logo.jpg\",\"width\":2296,\"height\":1067,\"caption\":\"MSDS-Europe International branch of ToxInfo\"},\"image\":{\"@id\":\"https:\/\/www.msds-europe.com\/es\/#\/schema\/logo\/image\/\"},\"sameAs\":[\"https:\/\/www.facebook.com\/toxinfokft\/\",\"https:\/\/x.com\/ToxInfoKft\"]}]}<\/script>\n<!-- \/ Yoast SEO plugin. -->","yoast_head_json":{"title":"Vytv\u00e1ranie kariet bezpe\u010dnostn\u00fdch \u00fadajov pre kozmetick\u00e9 v\u00fdrobky","description":"Na\u0161a slu\u017eba vytv\u00e1rania kariet bezpe\u010dnostn\u00fdch \u00fadajov pre kozmetick\u00e9 v\u00fdrobky je volite\u013en\u00e1 slu\u017eba. Neexistuje \u017eiadna z\u00e1konn\u00e1 povinnos\u0165 poskytova\u0165 karty bezpe\u010dnostn\u00fdch \u00fadajov pre kozmetick\u00e9 v\u00fdrobky, av\u0161ak v niektor\u00fdch pr\u00edpadoch m\u00f4\u017ee \u00eds\u0165 o u\u017eito\u010dn\u00fd dokument.","robots":{"index":"index","follow":"follow","max-snippet":"max-snippet:-1","max-image-preview":"max-image-preview:large","max-video-preview":"max-video-preview:-1"},"canonical":"https:\/\/www.msds-europe.com\/sk\/vytvaranie-kariet-bezpecnostnych-udajov-pre-kozmeticke-vyrobky\/","og_locale":"sk_SK","og_type":"article","og_title":"Vytv\u00e1ranie kariet bezpe\u010dnostn\u00fdch \u00fadajov pre kozmetick\u00e9 v\u00fdrobky","og_description":"Na\u0161a slu\u017eba vytv\u00e1rania kariet bezpe\u010dnostn\u00fdch \u00fadajov pre kozmetick\u00e9 v\u00fdrobky je volite\u013en\u00e1 slu\u017eba. Neexistuje \u017eiadna z\u00e1konn\u00e1 povinnos\u0165 poskytova\u0165 karty bezpe\u010dnostn\u00fdch \u00fadajov pre kozmetick\u00e9 v\u00fdrobky, av\u0161ak v niektor\u00fdch pr\u00edpadoch m\u00f4\u017ee \u00eds\u0165 o u\u017eito\u010dn\u00fd dokument.","og_url":"https:\/\/www.msds-europe.com\/sk\/vytvaranie-kariet-bezpecnostnych-udajov-pre-kozmeticke-vyrobky\/","og_site_name":"MSDS Europe","article_publisher":"https:\/\/www.facebook.com\/toxinfokft\/","article_modified_time":"2018-06-29T13:14:05+00:00","twitter_card":"summary_large_image","twitter_site":"@ToxInfoKft","twitter_misc":{"Predpokladan\u00fd \u010das \u010d\u00edtania":"2 min\u00faty"},"schema":{"@context":"https:\/\/schema.org","@graph":[{"@type":"WebPage","@id":"https:\/\/www.msds-europe.com\/sk\/vytvaranie-kariet-bezpecnostnych-udajov-pre-kozmeticke-vyrobky\/","url":"https:\/\/www.msds-europe.com\/sk\/vytvaranie-kariet-bezpecnostnych-udajov-pre-kozmeticke-vyrobky\/","name":"Vytv\u00e1ranie kariet bezpe\u010dnostn\u00fdch \u00fadajov pre kozmetick\u00e9 v\u00fdrobky","isPartOf":{"@id":"https:\/\/www.msds-europe.com\/es\/#website"},"datePublished":"2018-06-21T09:58:07+00:00","dateModified":"2018-06-29T13:14:05+00:00","description":"Na\u0161a slu\u017eba vytv\u00e1rania kariet bezpe\u010dnostn\u00fdch \u00fadajov pre kozmetick\u00e9 v\u00fdrobky je volite\u013en\u00e1 slu\u017eba. Neexistuje \u017eiadna z\u00e1konn\u00e1 povinnos\u0165 poskytova\u0165 karty bezpe\u010dnostn\u00fdch \u00fadajov pre kozmetick\u00e9 v\u00fdrobky, av\u0161ak v niektor\u00fdch pr\u00edpadoch m\u00f4\u017ee \u00eds\u0165 o u\u017eito\u010dn\u00fd dokument.","breadcrumb":{"@id":"https:\/\/www.msds-europe.com\/sk\/vytvaranie-kariet-bezpecnostnych-udajov-pre-kozmeticke-vyrobky\/#breadcrumb"},"inLanguage":"sk-SK","potentialAction":[{"@type":"ReadAction","target":["https:\/\/www.msds-europe.com\/sk\/vytvaranie-kariet-bezpecnostnych-udajov-pre-kozmeticke-vyrobky\/"]}]},{"@type":"BreadcrumbList","@id":"https:\/\/www.msds-europe.com\/sk\/vytvaranie-kariet-bezpecnostnych-udajov-pre-kozmeticke-vyrobky\/#breadcrumb","itemListElement":[{"@type":"ListItem","position":1,"name":"F\u0151oldal","item":"https:\/\/www.msds-europe.com\/sk\/"},{"@type":"ListItem","position":2,"name":"Vytv\u00e1ranie kariet bezpe\u010dnostn\u00fdch \u00fadajov pre kozmetick\u00e9 v\u00fdrobky"}]},{"@type":"WebSite","@id":"https:\/\/www.msds-europe.com\/es\/#website","url":"https:\/\/www.msds-europe.com\/es\/","name":"MSDS Europe","description":"","publisher":{"@id":"https:\/\/www.msds-europe.com\/es\/#organization"},"potentialAction":[{"@type":"SearchAction","target":{"@type":"EntryPoint","urlTemplate":"https:\/\/www.msds-europe.com\/es\/?s={search_term_string}"},"query-input":{"@type":"PropertyValueSpecification","valueRequired":true,"valueName":"search_term_string"}}],"inLanguage":"sk-SK"},{"@type":"Organization","@id":"https:\/\/www.msds-europe.com\/es\/#organization","name":"MSDS-Europe International branch of ToxInfo","url":"https:\/\/www.msds-europe.com\/es\/","logo":{"@type":"ImageObject","inLanguage":"sk-SK","@id":"https:\/\/www.msds-europe.com\/es\/#\/schema\/logo\/image\/","url":"https:\/\/www.msds-europe.com\/wp-content\/uploads\/2021\/04\/msds-europe-logo.jpg","contentUrl":"https:\/\/www.msds-europe.com\/wp-content\/uploads\/2021\/04\/msds-europe-logo.jpg","width":2296,"height":1067,"caption":"MSDS-Europe International branch of ToxInfo"},"image":{"@id":"https:\/\/www.msds-europe.com\/es\/#\/schema\/logo\/image\/"},"sameAs":["https:\/\/www.facebook.com\/toxinfokft\/","https:\/\/x.com\/ToxInfoKft"]}]}},"_links":{"self":[{"href":"https:\/\/www.msds-europe.com\/sk\/wp-json\/wp\/v2\/pages\/5449","targetHints":{"allow":["GET"]}}],"collection":[{"href":"https:\/\/www.msds-europe.com\/sk\/wp-json\/wp\/v2\/pages"}],"about":[{"href":"https:\/\/www.msds-europe.com\/sk\/wp-json\/wp\/v2\/types\/page"}],"author":[{"embeddable":true,"href":"https:\/\/www.msds-europe.com\/sk\/wp-json\/wp\/v2\/users\/2"}],"replies":[{"embeddable":true,"href":"https:\/\/www.msds-europe.com\/sk\/wp-json\/wp\/v2\/comments?post=5449"}],"version-history":[{"count":4,"href":"https:\/\/www.msds-europe.com\/sk\/wp-json\/wp\/v2\/pages\/5449\/revisions"}],"predecessor-version":[{"id":6785,"href":"https:\/\/www.msds-europe.com\/sk\/wp-json\/wp\/v2\/pages\/5449\/revisions\/6785"}],"wp:attachment":[{"href":"https:\/\/www.msds-europe.com\/sk\/wp-json\/wp\/v2\/media?parent=5449"}],"wp:term":[{"taxonomy":"post_tag","embeddable":true,"href":"https:\/\/www.msds-europe.com\/sk\/wp-json\/wp\/v2\/tags?post=5449"}],"curies":[{"name":"wp","href":"https:\/\/api.w.org\/{rel}","templated":true}]}}