{"id":5406,"date":"2018-06-21T09:30:20","date_gmt":"2018-06-21T09:30:20","guid":{"rendered":"http:\/\/www.msds-europe.com\/symboly-nebezpecenstva\/"},"modified":"2026-02-20T11:05:04","modified_gmt":"2026-02-20T11:05:04","slug":"symboly-nebezpecenstva","status":"publish","type":"page","link":"https:\/\/www.msds-europe.com\/sk\/symboly-nebezpecenstva\/","title":{"rendered":"Symboly nebezpe\u010denstva"},"content":{"rendered":"<p style=\"text-align: right;\"><em><a href=\"http:\/\/www.msds-europe.com\/sk\/uzitocne-zakladne-materialy-prirucky-pre-karty-bezpecnostnych-udajov\/\">Z\u00e1klad\u0148a vedomost\u00ed pre karty bezpe\u010dnostn\u00fdch \u00fadajov<\/a> \u2013 Symboly nebezpe\u010denstva<\/em><\/p>\n<p>&nbsp;<\/p>\n<h3>Skor\u0161ie symboly nebezpe\u010denstva DSD\/DPD, ktor\u00e9 sa u\u017e nesm\u00fa pou\u017e\u00edva\u0165 od 1. j\u00fana 2017<\/h3>\n<p>&nbsp;<\/p>\n<div class=\"su-custom-gallery su-custom-gallery-align-left su-custom-gallery-title-always su-lightbox-gallery\"><div class=\"su-custom-gallery-slide\" style=\"width:200px;height:200px\"><a href=\"https:\/\/www.msds-europe.com\/wp-content\/uploads\/2018\/06\/C_\u017dierav\u00fd.jpg\" title=\"C_\u017dierav\u00fd\"><img decoding=\"async\" src=\"https:\/\/www.msds-europe.com\/wp-content\/uploads\/2018\/06\/C_\u017dierav\u00fd-200x200.jpg\" alt=\"C_\u017dierav\u00fd\" width=\"200\" height=\"200\" \/><span class=\"su-custom-gallery-title\">C_\u017dierav\u00fd<\/span><\/a><\/div><div class=\"su-custom-gallery-slide\" style=\"width:200px;height:200px\"><a href=\"https:\/\/www.msds-europe.com\/wp-content\/uploads\/2018\/06\/E_V\u00fdbu\u0161n\u00fd-1.jpg\" title=\"E_V\u00fdbu\u0161n\u00fd\"><img decoding=\"async\" src=\"https:\/\/www.msds-europe.com\/wp-content\/uploads\/2018\/06\/E_V\u00fdbu\u0161n\u00fd-1-200x200.jpg\" alt=\"E_V\u00fdbu\u0161n\u00fd\" width=\"200\" height=\"200\" \/><span class=\"su-custom-gallery-title\">E_V\u00fdbu\u0161n\u00fd<\/span><\/a><\/div><div class=\"su-custom-gallery-slide\" style=\"width:200px;height:200px\"><a href=\"https:\/\/www.msds-europe.com\/wp-content\/uploads\/2018\/06\/F_-Ve\u013emi-hor\u013eav\u00fd.jpg\" title=\"F_ Ve\u013emi hor\u013eav\u00fd\"><img decoding=\"async\" src=\"https:\/\/www.msds-europe.com\/wp-content\/uploads\/2018\/06\/F_-Ve\u013emi-hor\u013eav\u00fd-200x200.jpg\" alt=\"F_ Ve\u013emi hor\u013eav\u00fd\" width=\"200\" height=\"200\" \/><span class=\"su-custom-gallery-title\">F_ Ve\u013emi hor\u013eav\u00fd<\/span><\/a><\/div><div class=\"su-custom-gallery-slide\" style=\"width:200px;height:200px\"><a href=\"https:\/\/www.msds-europe.com\/wp-content\/uploads\/2018\/06\/F_Mimoriadne-hor\u013eav\u00fd.jpg\" title=\"F+_Mimoriadne hor\u013eav\u00fd\"><img decoding=\"async\" src=\"https:\/\/www.msds-europe.com\/wp-content\/uploads\/2018\/06\/F_Mimoriadne-hor\u013eav\u00fd-200x200.jpg\" alt=\"F+_Mimoriadne hor\u013eav\u00fd\" width=\"200\" height=\"200\" \/><span class=\"su-custom-gallery-title\">F+_Mimoriadne hor\u013eav\u00fd<\/span><\/a><\/div><div class=\"su-custom-gallery-slide\" style=\"width:200px;height:200px\"><a href=\"https:\/\/www.msds-europe.com\/wp-content\/uploads\/2018\/06\/N_Nebezpe\u010dn\u00fd-pre-\u017eivotn\u00e9-prostredie.jpg\" title=\"N_Nebezpe\u010dn\u00fd pre \u017eivotn\u00e9 prostredie\"><img decoding=\"async\" src=\"https:\/\/www.msds-europe.com\/wp-content\/uploads\/2018\/06\/N_Nebezpe\u010dn\u00fd-pre-\u017eivotn\u00e9-prostredie-200x200.jpg\" alt=\"N_Nebezpe\u010dn\u00fd pre \u017eivotn\u00e9 prostredie\" width=\"200\" height=\"200\" \/><span class=\"su-custom-gallery-title\">N_Nebezpe\u010dn\u00fd pre \u017eivotn\u00e9 prostredie<\/span><\/a><\/div><div class=\"su-custom-gallery-slide\" style=\"width:200px;height:200px\"><a href=\"https:\/\/www.msds-europe.com\/wp-content\/uploads\/2018\/06\/O_Oxiduj\u00faci.jpg\" title=\"O_Oxiduj\u00faci\"><img decoding=\"async\" src=\"https:\/\/www.msds-europe.com\/wp-content\/uploads\/2018\/06\/O_Oxiduj\u00faci-200x200.jpg\" alt=\"O_Oxiduj\u00faci\" width=\"200\" height=\"200\" \/><span class=\"su-custom-gallery-title\">O_Oxiduj\u00faci<\/span><\/a><\/div><div class=\"su-custom-gallery-slide\" style=\"width:200px;height:200px\"><a href=\"https:\/\/www.msds-europe.com\/wp-content\/uploads\/2018\/06\/T_Jedovat\u00fd.jpg\" title=\"T_Jedovat\u00fd\"><img decoding=\"async\" src=\"https:\/\/www.msds-europe.com\/wp-content\/uploads\/2018\/06\/T_Jedovat\u00fd-200x200.jpg\" alt=\"T_Jedovat\u00fd\" width=\"200\" height=\"200\" \/><span class=\"su-custom-gallery-title\">T_Jedovat\u00fd<\/span><\/a><\/div><div class=\"su-custom-gallery-slide\" style=\"width:200px;height:200px\"><a href=\"https:\/\/www.msds-europe.com\/wp-content\/uploads\/2018\/06\/T_Ve\u013emi-jedovat\u00fd.jpg\" title=\"T+_Ve\u013emi jedovat\u00fd\"><img decoding=\"async\" src=\"https:\/\/www.msds-europe.com\/wp-content\/uploads\/2018\/06\/T_Ve\u013emi-jedovat\u00fd-200x200.jpg\" alt=\"T+_Ve\u013emi jedovat\u00fd\" width=\"200\" height=\"200\" \/><span class=\"su-custom-gallery-title\">T+_Ve\u013emi jedovat\u00fd<\/span><\/a><\/div><div class=\"su-custom-gallery-slide\" style=\"width:200px;height:200px\"><a href=\"https:\/\/www.msds-europe.com\/wp-content\/uploads\/2018\/06\/Xi_Dr\u00e1\u017ediv\u00fd-1.jpg\" title=\"Xi_Dr\u00e1\u017ediv\u00fd\"><img decoding=\"async\" src=\"https:\/\/www.msds-europe.com\/wp-content\/uploads\/2018\/06\/Xi_Dr\u00e1\u017ediv\u00fd-1-200x200.jpg\" alt=\"Xi_Dr\u00e1\u017ediv\u00fd\" width=\"200\" height=\"200\" \/><span class=\"su-custom-gallery-title\">Xi_Dr\u00e1\u017ediv\u00fd<\/span><\/a><\/div><div class=\"su-custom-gallery-slide\" style=\"width:200px;height:200px\"><a href=\"https:\/\/www.msds-europe.com\/wp-content\/uploads\/2018\/06\/Xn_\u0160kodliv\u00fd.jpg\" title=\"Xn_\u0160kodliv\u00fd\"><img decoding=\"async\" src=\"https:\/\/www.msds-europe.com\/wp-content\/uploads\/2018\/06\/Xn_\u0160kodliv\u00fd-200x200.jpg\" alt=\"Xn_\u0160kodliv\u00fd\" width=\"200\" height=\"200\" \/><span class=\"su-custom-gallery-title\">Xn_\u0160kodliv\u00fd<\/span><\/a><\/div><div class=\"su-clear\"><\/div><\/div>\n<p>&nbsp;<\/p>\n<h3><span style=\"color: #333333;\">Pon\u00fakan\u00e9 slu\u017eby<\/span><\/h3>\n<ul>\n<li><a href=\"http:\/\/msds-updated.rapidwebdevs.com\/sk\/zostavenie-a-vytvorenie-karty-bezpecnostnych-udajov\/\">Zostavenie a vytvorenie karty bezpe\u010dnostn\u00fdch \u00fadajov<\/a><\/li>\n<li><a href=\"http:\/\/msds-updated.rapidwebdevs.com\/sk\/vytvorenie-navrhu-oznacenia\/\">Vytvorenie n\u00e1vrhu ozna\u010denia<\/a><\/li>\n<\/ul>\n<p>&nbsp;<\/p>\n<h3 class=\"title_4\"><span style=\"color: #333333;\">U\u017eito\u010dn\u00e9 inform\u00e1cie<\/span><\/h3>\n<ul>\n<li><a title=\"V\u00fdstra\u017en\u00e9 upozornenia H\" href=\"http:\/\/www.msds-europe.com\/sk\/vystrazne-upozornenia-h\/\">V\u00fdstra\u017en\u00e9 upozornenia H<\/a><\/li>\n<li><a title=\"V\u00fdstra\u017en\u00fd piktogram\" href=\"http:\/\/www.msds-europe.com\/sk\/vystrazny-piktogram\/\">V\u00fdstra\u017en\u00fd piktogram<\/a><\/li>\n<li><a title=\"Bezpe\u010dnostn\u00e9 upozornenie P\" href=\"http:\/\/www.msds-europe.com\/sk\/bezpecnostne-upozornenie-p\/\">Bezpe\u010dnostn\u00e9 upozornenia P<\/a><\/li>\n<li><a title=\"Prvky ozna\u010denia v karte bezpe\u010dnostn\u00fdch \u00fadajov\" href=\"http:\/\/www.msds-europe.com\/safety-data-sheet-label-elements\/\">Prvky ozna\u010denia v karte bezpe\u010dnostn\u00fdch \u00fadajov<\/a><\/li>\n<li><a title=\"Ozna\u010dovanie CLP v praxi\" href=\"http:\/\/www.msds-europe.com\/clp-labelling-in-practice\/\">Ozna\u010dovanie CLP v praxi<\/a><\/li>\n<\/ul>\n<p>&nbsp;<\/p>\n<h3><span style=\"color: #333333;\">Naj\u010dastej\u0161ie ot\u00e1zky a odpovede<\/span><\/h3>\n<div class=\"su-spoiler su-spoiler-style-fancy su-spoiler-icon-chevron su-spoiler-closed\" data-scroll-offset=\"0\" data-anchor-in-url=\"no\"><div class=\"su-spoiler-title\" tabindex=\"0\" role=\"button\"><span class=\"su-spoiler-icon\"><\/span>Pre\u010do sa od 1. j\u00fana 2017 nesm\u00fa pou\u017e\u00edva\u0165 symboly nebezpe\u010denstva DSD\/DPD na etiket\u00e1ch a bezpe\u010dnostn\u00fdch listoch?<\/div><div class=\"su-spoiler-content su-u-clearfix su-u-trim\">\nOd tohto d\u00e1tumu mo\u017eno pou\u017e\u00edva\u0165 iba piktogramy nebezpe\u010denstva pod\u013ea nariadenia CLP, tak\u017ee predch\u00e1dzaj\u00face symboly stratili pr\u00e1vnu platnos\u0165.<br \/>\n<\/div><\/div>\n<div class=\"su-spoiler su-spoiler-style-fancy su-spoiler-icon-chevron su-spoiler-closed\" data-scroll-offset=\"0\" data-anchor-in-url=\"no\"><div class=\"su-spoiler-title\" tabindex=\"0\" role=\"button\"><span class=\"su-spoiler-icon\"><\/span>Kde n\u00e1jdem nov\u00e9 piktogramy nebezpe\u010denstva CLP, ke\u010f star\u00e9 symboly u\u017e nie s\u00fa povolen\u00e9?<\/div><div class=\"su-spoiler-content su-u-clearfix su-u-trim\">\nMo\u017eno ich stiahnu\u0165 prostredn\u00edctvom odkazu uveden\u00e9ho v \u010dl\u00e1nku (\u201eTu n\u00e1jdete piktogramy nebezpe\u010denstva, ktor\u00e9 sa pou\u017e\u00edvaj\u00fa pri klasifik\u00e1cii pod\u013ea CLP\u201c).<br \/>\n<\/div><\/div>\n","protected":false},"excerpt":{"rendered":"<p>S\u00fabor symbolov nebezpe\u010denstva DPD (neplat\u00ed od 1. j\u00fana 2017).<\/p>\n","protected":false},"author":2,"featured_media":0,"parent":0,"menu_order":0,"comment_status":"closed","ping_status":"closed","template":"","meta":{"_acf_changed":false,"footnotes":""},"tags":[264,362],"class_list":["post-5406","page","type-page","status-publish","hentry","tag-karta-bezpecnostnych-udajov-sk","tag-zakladna-vedomosti-pre-kartu-bezpecnostnych-udajov"],"acf":[],"yoast_head":"<!-- This site is optimized with the Yoast SEO plugin v27.2 - https:\/\/yoast.com\/product\/yoast-seo-wordpress\/ -->\n<title>Symboly nebezpe\u010denstva. Stiahnu\u0165 symboly nebezpe\u010denstva.<\/title>\n<meta name=\"description\" content=\"Od 1. j\u00fana 2017 v s\u00falade s nariaden\u00edm smernice CLP u\u017e skor\u0161ie symboly nebezpe\u010denstva DPD sa nebud\u00fa na ozna\u010den.\" \/>\n<meta name=\"robots\" content=\"index, follow, max-snippet:-1, max-image-preview:large, max-video-preview:-1\" \/>\n<link rel=\"canonical\" href=\"https:\/\/www.msds-europe.com\/sk\/symboly-nebezpecenstva\/\" \/>\n<meta property=\"og:locale\" content=\"sk_SK\" \/>\n<meta property=\"og:type\" content=\"article\" \/>\n<meta property=\"og:title\" content=\"Symboly nebezpe\u010denstva. Stiahnu\u0165 symboly nebezpe\u010denstva.\" \/>\n<meta property=\"og:description\" content=\"Od 1. j\u00fana 2017 v s\u00falade s nariaden\u00edm smernice CLP u\u017e skor\u0161ie symboly nebezpe\u010denstva DPD sa nebud\u00fa na ozna\u010den.\" \/>\n<meta property=\"og:url\" content=\"https:\/\/www.msds-europe.com\/sk\/symboly-nebezpecenstva\/\" \/>\n<meta property=\"og:site_name\" content=\"MSDS Europe\" \/>\n<meta property=\"article:publisher\" content=\"https:\/\/www.facebook.com\/toxinfokft\/\" \/>\n<meta property=\"article:modified_time\" content=\"2026-02-20T11:05:04+00:00\" \/>\n<meta name=\"twitter:card\" content=\"summary_large_image\" \/>\n<meta name=\"twitter:site\" content=\"@ToxInfoKft\" \/>\n<meta name=\"twitter:label1\" content=\"Predpokladan\u00fd \u010das \u010d\u00edtania\" \/>\n\t<meta name=\"twitter:data1\" content=\"1 min\u00fata\" \/>\n<script type=\"application\/ld+json\" class=\"yoast-schema-graph\">{\"@context\":\"https:\/\/schema.org\",\"@graph\":[{\"@type\":\"WebPage\",\"@id\":\"https:\/\/www.msds-europe.com\/sk\/symboly-nebezpecenstva\/\",\"url\":\"https:\/\/www.msds-europe.com\/sk\/symboly-nebezpecenstva\/\",\"name\":\"Symboly nebezpe\u010denstva. Stiahnu\u0165 symboly nebezpe\u010denstva.\",\"isPartOf\":{\"@id\":\"https:\/\/www.msds-europe.com\/es\/#website\"},\"datePublished\":\"2018-06-21T09:30:20+00:00\",\"dateModified\":\"2026-02-20T11:05:04+00:00\",\"description\":\"Od 1. j\u00fana 2017 v s\u00falade s nariaden\u00edm smernice CLP u\u017e skor\u0161ie symboly nebezpe\u010denstva DPD sa nebud\u00fa na ozna\u010den.\",\"breadcrumb\":{\"@id\":\"https:\/\/www.msds-europe.com\/sk\/symboly-nebezpecenstva\/#breadcrumb\"},\"inLanguage\":\"sk-SK\",\"potentialAction\":[{\"@type\":\"ReadAction\",\"target\":[\"https:\/\/www.msds-europe.com\/sk\/symboly-nebezpecenstva\/\"]}]},{\"@type\":\"BreadcrumbList\",\"@id\":\"https:\/\/www.msds-europe.com\/sk\/symboly-nebezpecenstva\/#breadcrumb\",\"itemListElement\":[{\"@type\":\"ListItem\",\"position\":1,\"name\":\"F\u0151oldal\",\"item\":\"https:\/\/www.msds-europe.com\/sk\/\"},{\"@type\":\"ListItem\",\"position\":2,\"name\":\"Symboly nebezpe\u010denstva\"}]},{\"@type\":\"WebSite\",\"@id\":\"https:\/\/www.msds-europe.com\/es\/#website\",\"url\":\"https:\/\/www.msds-europe.com\/es\/\",\"name\":\"MSDS Europe\",\"description\":\"\",\"publisher\":{\"@id\":\"https:\/\/www.msds-europe.com\/es\/#organization\"},\"potentialAction\":[{\"@type\":\"SearchAction\",\"target\":{\"@type\":\"EntryPoint\",\"urlTemplate\":\"https:\/\/www.msds-europe.com\/es\/?s={search_term_string}\"},\"query-input\":{\"@type\":\"PropertyValueSpecification\",\"valueRequired\":true,\"valueName\":\"search_term_string\"}}],\"inLanguage\":\"sk-SK\"},{\"@type\":\"Organization\",\"@id\":\"https:\/\/www.msds-europe.com\/es\/#organization\",\"name\":\"MSDS-Europe International branch of ToxInfo\",\"url\":\"https:\/\/www.msds-europe.com\/es\/\",\"logo\":{\"@type\":\"ImageObject\",\"inLanguage\":\"sk-SK\",\"@id\":\"https:\/\/www.msds-europe.com\/es\/#\/schema\/logo\/image\/\",\"url\":\"https:\/\/www.msds-europe.com\/wp-content\/uploads\/2021\/04\/msds-europe-logo.jpg\",\"contentUrl\":\"https:\/\/www.msds-europe.com\/wp-content\/uploads\/2021\/04\/msds-europe-logo.jpg\",\"width\":2296,\"height\":1067,\"caption\":\"MSDS-Europe International branch of ToxInfo\"},\"image\":{\"@id\":\"https:\/\/www.msds-europe.com\/es\/#\/schema\/logo\/image\/\"},\"sameAs\":[\"https:\/\/www.facebook.com\/toxinfokft\/\",\"https:\/\/x.com\/ToxInfoKft\"]}]}<\/script>\n<!-- \/ Yoast SEO plugin. -->","yoast_head_json":{"title":"Symboly nebezpe\u010denstva. Stiahnu\u0165 symboly nebezpe\u010denstva.","description":"Od 1. j\u00fana 2017 v s\u00falade s nariaden\u00edm smernice CLP u\u017e skor\u0161ie symboly nebezpe\u010denstva DPD sa nebud\u00fa na ozna\u010den.","robots":{"index":"index","follow":"follow","max-snippet":"max-snippet:-1","max-image-preview":"max-image-preview:large","max-video-preview":"max-video-preview:-1"},"canonical":"https:\/\/www.msds-europe.com\/sk\/symboly-nebezpecenstva\/","og_locale":"sk_SK","og_type":"article","og_title":"Symboly nebezpe\u010denstva. Stiahnu\u0165 symboly nebezpe\u010denstva.","og_description":"Od 1. j\u00fana 2017 v s\u00falade s nariaden\u00edm smernice CLP u\u017e skor\u0161ie symboly nebezpe\u010denstva DPD sa nebud\u00fa na ozna\u010den.","og_url":"https:\/\/www.msds-europe.com\/sk\/symboly-nebezpecenstva\/","og_site_name":"MSDS Europe","article_publisher":"https:\/\/www.facebook.com\/toxinfokft\/","article_modified_time":"2026-02-20T11:05:04+00:00","twitter_card":"summary_large_image","twitter_site":"@ToxInfoKft","twitter_misc":{"Predpokladan\u00fd \u010das \u010d\u00edtania":"1 min\u00fata"},"schema":{"@context":"https:\/\/schema.org","@graph":[{"@type":"WebPage","@id":"https:\/\/www.msds-europe.com\/sk\/symboly-nebezpecenstva\/","url":"https:\/\/www.msds-europe.com\/sk\/symboly-nebezpecenstva\/","name":"Symboly nebezpe\u010denstva. Stiahnu\u0165 symboly nebezpe\u010denstva.","isPartOf":{"@id":"https:\/\/www.msds-europe.com\/es\/#website"},"datePublished":"2018-06-21T09:30:20+00:00","dateModified":"2026-02-20T11:05:04+00:00","description":"Od 1. j\u00fana 2017 v s\u00falade s nariaden\u00edm smernice CLP u\u017e skor\u0161ie symboly nebezpe\u010denstva DPD sa nebud\u00fa na ozna\u010den.","breadcrumb":{"@id":"https:\/\/www.msds-europe.com\/sk\/symboly-nebezpecenstva\/#breadcrumb"},"inLanguage":"sk-SK","potentialAction":[{"@type":"ReadAction","target":["https:\/\/www.msds-europe.com\/sk\/symboly-nebezpecenstva\/"]}]},{"@type":"BreadcrumbList","@id":"https:\/\/www.msds-europe.com\/sk\/symboly-nebezpecenstva\/#breadcrumb","itemListElement":[{"@type":"ListItem","position":1,"name":"F\u0151oldal","item":"https:\/\/www.msds-europe.com\/sk\/"},{"@type":"ListItem","position":2,"name":"Symboly nebezpe\u010denstva"}]},{"@type":"WebSite","@id":"https:\/\/www.msds-europe.com\/es\/#website","url":"https:\/\/www.msds-europe.com\/es\/","name":"MSDS Europe","description":"","publisher":{"@id":"https:\/\/www.msds-europe.com\/es\/#organization"},"potentialAction":[{"@type":"SearchAction","target":{"@type":"EntryPoint","urlTemplate":"https:\/\/www.msds-europe.com\/es\/?s={search_term_string}"},"query-input":{"@type":"PropertyValueSpecification","valueRequired":true,"valueName":"search_term_string"}}],"inLanguage":"sk-SK"},{"@type":"Organization","@id":"https:\/\/www.msds-europe.com\/es\/#organization","name":"MSDS-Europe International branch of ToxInfo","url":"https:\/\/www.msds-europe.com\/es\/","logo":{"@type":"ImageObject","inLanguage":"sk-SK","@id":"https:\/\/www.msds-europe.com\/es\/#\/schema\/logo\/image\/","url":"https:\/\/www.msds-europe.com\/wp-content\/uploads\/2021\/04\/msds-europe-logo.jpg","contentUrl":"https:\/\/www.msds-europe.com\/wp-content\/uploads\/2021\/04\/msds-europe-logo.jpg","width":2296,"height":1067,"caption":"MSDS-Europe International branch of ToxInfo"},"image":{"@id":"https:\/\/www.msds-europe.com\/es\/#\/schema\/logo\/image\/"},"sameAs":["https:\/\/www.facebook.com\/toxinfokft\/","https:\/\/x.com\/ToxInfoKft"]}]}},"_links":{"self":[{"href":"https:\/\/www.msds-europe.com\/sk\/wp-json\/wp\/v2\/pages\/5406","targetHints":{"allow":["GET"]}}],"collection":[{"href":"https:\/\/www.msds-europe.com\/sk\/wp-json\/wp\/v2\/pages"}],"about":[{"href":"https:\/\/www.msds-europe.com\/sk\/wp-json\/wp\/v2\/types\/page"}],"author":[{"embeddable":true,"href":"https:\/\/www.msds-europe.com\/sk\/wp-json\/wp\/v2\/users\/2"}],"replies":[{"embeddable":true,"href":"https:\/\/www.msds-europe.com\/sk\/wp-json\/wp\/v2\/comments?post=5406"}],"version-history":[{"count":6,"href":"https:\/\/www.msds-europe.com\/sk\/wp-json\/wp\/v2\/pages\/5406\/revisions"}],"predecessor-version":[{"id":37306,"href":"https:\/\/www.msds-europe.com\/sk\/wp-json\/wp\/v2\/pages\/5406\/revisions\/37306"}],"wp:attachment":[{"href":"https:\/\/www.msds-europe.com\/sk\/wp-json\/wp\/v2\/media?parent=5406"}],"wp:term":[{"taxonomy":"post_tag","embeddable":true,"href":"https:\/\/www.msds-europe.com\/sk\/wp-json\/wp\/v2\/tags?post=5406"}],"curies":[{"name":"wp","href":"https:\/\/api.w.org\/{rel}","templated":true}]}}