{"id":5320,"date":"2018-06-21T07:51:20","date_gmt":"2018-06-21T07:51:20","guid":{"rendered":"http:\/\/www.msds-europe.com\/vytvaranie-bezpecnostneho-posudku-pre-kozmetika\/"},"modified":"2023-02-14T08:19:17","modified_gmt":"2023-02-14T08:19:17","slug":"vytvaranie-bezpecnostneho-posudku-pre-kozmetika","status":"publish","type":"page","link":"https:\/\/www.msds-europe.com\/sk\/vytvaranie-bezpecnostneho-posudku-pre-kozmetika\/","title":{"rendered":"Vytv\u00e1ranie hodnotenia bezpe\u010dnosti for kozmetika"},"content":{"rendered":"<p style=\"text-align: right;\"><em><a href=\"http:\/\/www.msds-europe.com\/sk\/sluzby-tykajuce-kozmetickych-vyrobkov\/\">Slu\u017eby t\u00fdkaj\u00face sa kozmetick\u00fdch v\u00fdrobkov<\/a>\u00a0\u2013\u00a0Vytv\u00e1ranie hodnotenia bezpe\u010dnosti for kozmetika<\/em><\/p>\n<p>&nbsp;<\/p>\n<p style=\"text-align: justify;\">Pri vytv\u00e1ran\u00ed bezpe\u010dnostn\u00e9ho posudku zoh\u013ead\u0148ujeme pokyny z pr\u00edlohy I <strong>smernice (ES) \u010d. 1223\/2009.<\/strong><\/p>\n<p style=\"text-align: right;\"><a href=\"https:\/\/www.msds-europe.com\/sk\/regulacne-zmeny-v-oblasti-chemickej-bezpecnosti\/\"><em>Sledovanie regula\u010dn\u00fdch zmien<\/em><\/a><\/p>\n<h2 style=\"text-align: justify;\">Vytv\u00e1ranie posudzovanie bezpe\u010dnosti<\/h2>\n<p style=\"text-align: justify;\">Aby bolo preuk\u00e1zan\u00e9, \u017ee kozmetick\u00fd v\u00fdrobok sp\u013a\u0148a pr\u00e1vne predpisy, zodpovedn\u00e1 osoba mus\u00ed pred uveden\u00edm kozmetick\u00e9ho v\u00fdrobku na trh zaisti\u0165, \u017ee kozmetick\u00fd v\u00fdrobok podst\u00fapi posudzovanie bezpe\u010dnosti na z\u00e1klade pr\u00edslu\u0161n\u00fdch inform\u00e1ci\u00ed a \u017ee bude vypracovan\u00e1 spr\u00e1va o bezpe\u010dnosti kozmetick\u00e9ho v\u00fdrobku.<\/p>\n<p style=\"text-align: justify;\">Bezpe\u010dnostn\u00fd posudok m\u00f4\u017ee vypracova\u0165 iba kvalifikovan\u00e1 osoba, ktor\u00e1 m\u00e1 zodpovedaj\u00face odborn\u00e9 sk\u00fasenosti a kvalifik\u00e1ciu uveden\u00fa v smernici.<\/p>\n<p>&nbsp;<\/p>\n<h2 style=\"text-align: justify;\">Inform\u00e1cie nevyhnutn\u00e9 na vytvorenie bezpe\u010dnostn\u00e9ho posudku<\/h2>\n<ul>\n<li style=\"text-align: justify;\">\u00dadaje o spolo\u010dnosti a kontaktn\u00e9 \u00fadaje o v\u00fdrobcovi a distrib\u00fatorovi<\/li>\n<li style=\"text-align: justify;\">Inform\u00e1cie o v\u00fdrobku<\/li>\n<li style=\"text-align: justify;\">Karty bezpe\u010dnostn\u00fdch \u00fadajov zlo\u017eiek v s\u00falade so smernicou <strong>(E\u00da) 2020\/878<\/strong>, \u0161pecifik\u00e1cie a potvrdenie rozboru zlo\u017eiek, zaistenie toho, \u017ee sp\u013a\u0148aj\u00fa po\u017eiadavky pre kozmetick\u00e9 v\u00fdrobky.<br \/>\nPri zlo\u017ek\u00e1ch je potrebn\u00e9 uvies\u0165 tie\u017e zodpovedaj\u00face hodnoty LOAEL alebo NOAEL (je mo\u017en\u00e9 si ich vy\u017eiada\u0165 od dod\u00e1vate\u013ea z\u00e1kladn\u00fdch materi\u00e1lov)<\/li>\n<li style=\"text-align: justify;\">Zoznam alerg\u00e9nov<\/li>\n<li style=\"text-align: justify;\">\u00dadaje a \u0161pecifik\u00e1cie t\u00fdkaj\u00face sa hotov\u00e9ho v\u00fdrobku (fyzik\u00e1lne a chemick\u00e9 parametre, mikrobiologick\u00e1 \u010distota at\u010f.).<br \/>\nMikrobiologick\u00fa \u010distotu je mo\u017en\u00e9 dolo\u017ei\u0165 v\u00fdsledkami laborat\u00f3rnych testov<\/li>\n<li style=\"text-align: justify;\">Uvedenie ve\u013ekosti balenia, obalu a baliaceho materi\u00e1lu, potvrdenie, \u017ee sp\u013a\u0148a po\u017eiadavky vz\u0165ahuj\u00face sa na obaly kozmetick\u00fdch v\u00fdrobkov<\/li>\n<li style=\"text-align: justify;\">Sk\u00fa\u0161ky st\u00e1losti<\/li>\n<li style=\"text-align: justify;\">Popis sp\u00f4sobu v\u00fdroby, certifik\u00e1ty miesta v\u00fdroby (s\u00falad GMP)<\/li>\n<li style=\"text-align: justify;\">Pou\u017e\u00edvate\u013esk\u00e1 pr\u00edru\u010dka<\/li>\n<li style=\"text-align: justify;\">Origin\u00e1l ozna\u010denia v\u00fdrobku v jazyku krajiny, kde bol v\u00fdrobok prv\u00fdkr\u00e1t uveden\u00fd na trh<\/li>\n<li style=\"text-align: justify;\">Vyhl\u00e1senie, \u010di bol v\u00fdrobok testovan\u00fd na zvierat\u00e1ch<\/li>\n<\/ul>\n<p style=\"text-align: justify;\"><em>Tento zoznam je iba pre inform\u00e1ciu. Okrem vy\u0161\u0161ie uveden\u00fdch inform\u00e1ci\u00ed sa m\u00f4\u017eu vy\u017eadova\u0165 \u010fal\u0161ie \u00fadaje v z\u00e1vislosti od typu\/povahy v\u00fdrobku.<\/em><\/p>\n<p>&nbsp;<\/p>\n<h2 style=\"text-align: justify;\">Bezpe\u010dnostn\u00fd posudok vypracovan\u00fd na\u0161ou spolo\u010dnos\u0165ou m\u00f4\u017eete pou\u017ei\u0165 na<\/h2>\n<ul>\n<li style=\"text-align: justify;\">ozna\u010denie kozmetick\u00e9ho v\u00fdrobku pr\u00edslu\u0161n\u00fdmi inform\u00e1ciami<\/li>\n<li style=\"text-align: justify;\">inform\u00e1cie pre z\u00e1kazn\u00edkov<\/li>\n<li style=\"text-align: justify;\">ozn\u00e1menie CPNP o v\u00fdrobku<\/li>\n<li style=\"text-align: justify;\">prenos inform\u00e1ci\u00ed vy\u017eadovan\u00fdch predpismi pre kozmetiku<\/li>\n<li style=\"text-align: justify;\">vytvorenie bezpe\u010dn\u00fdch pracovn\u00fdch podmienok<\/li>\n<\/ul>\n<p>&nbsp;<\/p>\n<h2 style=\"text-align: justify;\">Zaistenie kvality v r\u00e1mci postupu vytv\u00e1rania bezpe\u010dnostn\u00e9ho posudku<\/h2>\n<p style=\"text-align: justify;\">Preber\u00e1me pln\u00fa zodpovednos\u0165 za zaistenie z\u00e1konn\u00e9ho s\u00faladu bezpe\u010dnostn\u00fdch posudkov vypracovan\u00fdch na\u0161ou spolo\u010dnos\u0165ou a ich \u00faradn\u00e9ho schv\u00e1lenia.<\/p>\n<p style=\"text-align: justify;\">V pr\u00edpade potenci\u00e1lnych po\u017eiadaviek \u00faradu na\u0161a spolo\u010dnos\u0165 dokument pozmen\u00ed a uprav\u00ed.<br \/>\nNa\u0161a spolo\u010dnos\u0165 nepreber\u00e1 zodpovednos\u0165 za probl\u00e9my\/straty vypl\u00fdvaj\u00face z nedostato\u010dn\u00fdch alebo neposkytnut\u00fdch \u00fadajov\/inform\u00e1ci\u00ed.<\/p>\n<p>&nbsp;<\/p>\n<h2 style=\"text-align: justify;\">Jednoduch\u00e9 a r\u00fdchle spracovanie v r\u00e1mci na\u0161ej slu\u017eby vytvorenia bezpe\u010dnostn\u00e9ho posudku<\/h2>\n<p style=\"text-align: justify;\"><a href=\"mailto:info@msds-europe.com\">Na \u017eiados\u0165 o cenov\u00fa ponuku zaslan\u00fa e-mailom<\/a> alebo prostredn\u00edctvom n\u00e1\u0161ho online formul\u00e1ra odpovieme do 24 hod\u00edn.<br \/>\nV pr\u00edlohe k na\u0161ej cenovej ponuke v\u00e1m tie\u017e za\u0161leme formul\u00e1r objedn\u00e1vky pre u\u013eah\u010denie postupu objedn\u00e1vky.<\/p>\n<p style=\"text-align: justify;\">Sta\u010d\u00ed zasla\u0165 vyplnen\u00fd formul\u00e1r objedn\u00e1vky a poskytn\u00fa\u0165 nevyhnutn\u00e9 dokumenty a \u00fadaje vy\u017eadovan\u00e9 v na\u0161ej cenovej ponuke a my sa postar\u00e1me o v\u0161etko ostatn\u00e9 s\u00favisiace s objedn\u00e1vkou.<\/p>\n<p style=\"text-align: right;\"><a href=\"https:\/\/www.msds-europe.com\/sk\/ziadost-cenovu-ponuku-kozmetika\/\"><em>Cenov\u00e1 ponuka slu\u017eieb v oblasti kozmetick\u00fdch v\u00fdrobkov<\/em><\/a><\/p>\n<p>&nbsp;<\/p>\n<h2 style=\"text-align: justify;\">Z\u00e1ruka<\/h2>\n<p style=\"text-align: justify;\">Prij\u00edmame pln\u00fa odborn\u00fa a finan\u010dn\u00fa zodpovednos\u0165 za bezpe\u010dnostn\u00e9 posudky vytvoren\u00e9 na\u0161ou spolo\u010dnos\u0165ou a za v\u0161etky na\u0161e s\u00favisiace slu\u017eby.<\/p>\n<p style=\"text-align: justify;\">Na\u0161a finan\u010dn\u00e1 z\u00e1ruka zah\u0155\u0148a n\u00e1hradu v\u0161etk\u00fdch priamych a nepriamych \u0161k\u00f4d.<\/p>\n<p>&nbsp;<\/p>\n<h2 style=\"text-align: justify;\">Pomoc po vyu\u017eit\u00ed na\u0161ich slu\u017eieb<\/h2>\n<p style=\"text-align: justify;\">Po vyu\u017eit\u00ed na\u0161ich slu\u017eieb v\u00e1m odborn\u00edci z oddelenia z\u00e1kazn\u00edckych slu\u017eieb bud\u00fa pom\u00e1ha\u0165 s v\u00fdkladom a pou\u017eit\u00edm vytvoren\u00e9ho bezpe\u010dnostn\u00e9ho posudku a m\u00f4\u017eu v\u00e1m pom\u00e1ha\u0165 s \u010fal\u0161\u00edmi s\u00favisiacimi \u00falohami.<\/p>\n<p style=\"text-align: right;\"><a href=\"https:\/\/www.msds-europe.com\/sk\/zakaznicke-sluzby\/\"><em>Z\u00e1kazn\u00edcke slu\u017eby<\/em><\/a><\/p>\n<p>&nbsp;<\/p>\n<h3 style=\"text-align: justify;\">Slu\u017eby s\u00favisiace s na\u0161ou slu\u017ebou vytvorenia bezpe\u010dnostn\u00e9ho posudku<\/h3>\n<ul>\n<li><a href=\"https:\/\/www.msds-europe.com\/sk\/sluzba-oznamenia-cpnp\/\">Slu\u017eba ozn\u00e1menia CPNP<\/a><\/li>\n<li><a href=\"https:\/\/www.msds-europe.com\/sk\/vytvaranie-kariet-bezpecnostnych-udajov-pre-kozmeticke-vyrobky\/\">Vytv\u00e1ranie kariet bezpe\u010dnostn\u00fdch \u00fadajov pre kozmetick\u00e9 v\u00fdrobky<\/a><\/li>\n<\/ul>\n<p>&nbsp;<\/p>\n<h3 style=\"text-align: justify;\">Zauj\u00edmav\u00e9 a u\u017eito\u010dn\u00e9 odborn\u00e9 materi\u00e1ly t\u00fdkaj\u00face sa na\u0161ej slu\u017eby vytvorenia bezpe\u010dnostn\u00e9ho posudku<\/h3>\n<ul>\n<li><a href=\"https:\/\/www.msds-europe.com\/sk\/zodpovednosti-zodpovednej-osoby\/\">Zodpovednosti zodpovednej osoby<\/a><\/li>\n<li><a href=\"https:\/\/www.msds-europe.com\/sk\/povinnosti-distributorov-kozmetickych-vyrobkov\/\">Povinnosti distrib\u00fatorov kozmetick\u00fdch v\u00fdrobkov<\/a><\/li>\n<\/ul>\n<p>&nbsp;<\/p>\n","protected":false},"excerpt":{"rendered":"<p>Slu\u017eba vytv\u00e1rania bezpe\u010dnostn\u00fdch posudkov pre kozmetick\u00e9 v\u00fdrobky v s\u00falade so smernicou (ES) \u010d. 1223\/2009<\/p>\n","protected":false},"author":2,"featured_media":0,"parent":0,"menu_order":0,"comment_status":"closed","ping_status":"closed","template":"","meta":{"_acf_changed":false,"footnotes":""},"tags":[263,287],"class_list":["post-5320","page","type-page","status-publish","hentry","tag-kozmetika-sk","tag-sluzby-tykajuce-sa-kozmetickych-vyrobkov"],"acf":[],"yoast_head":"<!-- This site is optimized with the Yoast SEO plugin v27.2 - https:\/\/yoast.com\/product\/yoast-seo-wordpress\/ -->\n<title>Vytv\u00e1ranie hodnotenia bezpe\u010dnosti for kozmetika<\/title>\n<meta name=\"description\" content=\"Pri vytv\u00e1ran\u00ed bezpe\u010dnostn\u00e9ho posudku zoh\u013ead\u0148ujeme pokyny z pr\u00edlohy I smernice \u010d. 1223\/2009. Vytv\u00e1ranie hodnotenia bezpe\u010dnosti s medzin\u00e1rodn\u00fdmi referenciami.\" \/>\n<meta name=\"robots\" content=\"index, follow, max-snippet:-1, max-image-preview:large, max-video-preview:-1\" \/>\n<link rel=\"canonical\" href=\"https:\/\/www.msds-europe.com\/sk\/vytvaranie-bezpecnostneho-posudku-pre-kozmetika\/\" \/>\n<meta property=\"og:locale\" content=\"sk_SK\" \/>\n<meta property=\"og:type\" content=\"article\" \/>\n<meta property=\"og:title\" content=\"Vytv\u00e1ranie hodnotenia bezpe\u010dnosti for kozmetika\" \/>\n<meta property=\"og:description\" content=\"Pri vytv\u00e1ran\u00ed bezpe\u010dnostn\u00e9ho posudku zoh\u013ead\u0148ujeme pokyny z pr\u00edlohy I smernice \u010d. 1223\/2009. Vytv\u00e1ranie hodnotenia bezpe\u010dnosti s medzin\u00e1rodn\u00fdmi referenciami.\" \/>\n<meta property=\"og:url\" content=\"https:\/\/www.msds-europe.com\/sk\/vytvaranie-bezpecnostneho-posudku-pre-kozmetika\/\" \/>\n<meta property=\"og:site_name\" content=\"MSDS Europe\" \/>\n<meta property=\"article:publisher\" content=\"https:\/\/www.facebook.com\/toxinfokft\/\" \/>\n<meta property=\"article:modified_time\" content=\"2023-02-14T08:19:17+00:00\" \/>\n<meta name=\"twitter:card\" content=\"summary_large_image\" \/>\n<meta name=\"twitter:site\" content=\"@ToxInfoKft\" \/>\n<meta name=\"twitter:label1\" content=\"Predpokladan\u00fd \u010das \u010d\u00edtania\" \/>\n\t<meta name=\"twitter:data1\" content=\"3 min\u00faty\" \/>\n<script type=\"application\/ld+json\" class=\"yoast-schema-graph\">{\"@context\":\"https:\/\/schema.org\",\"@graph\":[{\"@type\":\"WebPage\",\"@id\":\"https:\/\/www.msds-europe.com\/sk\/vytvaranie-bezpecnostneho-posudku-pre-kozmetika\/\",\"url\":\"https:\/\/www.msds-europe.com\/sk\/vytvaranie-bezpecnostneho-posudku-pre-kozmetika\/\",\"name\":\"Vytv\u00e1ranie hodnotenia bezpe\u010dnosti for kozmetika\",\"isPartOf\":{\"@id\":\"https:\/\/www.msds-europe.com\/es\/#website\"},\"datePublished\":\"2018-06-21T07:51:20+00:00\",\"dateModified\":\"2023-02-14T08:19:17+00:00\",\"description\":\"Pri vytv\u00e1ran\u00ed bezpe\u010dnostn\u00e9ho posudku zoh\u013ead\u0148ujeme pokyny z pr\u00edlohy I smernice \u010d. 1223\/2009. Vytv\u00e1ranie hodnotenia bezpe\u010dnosti s medzin\u00e1rodn\u00fdmi referenciami.\",\"breadcrumb\":{\"@id\":\"https:\/\/www.msds-europe.com\/sk\/vytvaranie-bezpecnostneho-posudku-pre-kozmetika\/#breadcrumb\"},\"inLanguage\":\"sk-SK\",\"potentialAction\":[{\"@type\":\"ReadAction\",\"target\":[\"https:\/\/www.msds-europe.com\/sk\/vytvaranie-bezpecnostneho-posudku-pre-kozmetika\/\"]}]},{\"@type\":\"BreadcrumbList\",\"@id\":\"https:\/\/www.msds-europe.com\/sk\/vytvaranie-bezpecnostneho-posudku-pre-kozmetika\/#breadcrumb\",\"itemListElement\":[{\"@type\":\"ListItem\",\"position\":1,\"name\":\"F\u0151oldal\",\"item\":\"https:\/\/www.msds-europe.com\/sk\/\"},{\"@type\":\"ListItem\",\"position\":2,\"name\":\"Vytv\u00e1ranie hodnotenia bezpe\u010dnosti for kozmetika\"}]},{\"@type\":\"WebSite\",\"@id\":\"https:\/\/www.msds-europe.com\/es\/#website\",\"url\":\"https:\/\/www.msds-europe.com\/es\/\",\"name\":\"MSDS Europe\",\"description\":\"\",\"publisher\":{\"@id\":\"https:\/\/www.msds-europe.com\/es\/#organization\"},\"potentialAction\":[{\"@type\":\"SearchAction\",\"target\":{\"@type\":\"EntryPoint\",\"urlTemplate\":\"https:\/\/www.msds-europe.com\/es\/?s={search_term_string}\"},\"query-input\":{\"@type\":\"PropertyValueSpecification\",\"valueRequired\":true,\"valueName\":\"search_term_string\"}}],\"inLanguage\":\"sk-SK\"},{\"@type\":\"Organization\",\"@id\":\"https:\/\/www.msds-europe.com\/es\/#organization\",\"name\":\"MSDS-Europe International branch of ToxInfo\",\"url\":\"https:\/\/www.msds-europe.com\/es\/\",\"logo\":{\"@type\":\"ImageObject\",\"inLanguage\":\"sk-SK\",\"@id\":\"https:\/\/www.msds-europe.com\/es\/#\/schema\/logo\/image\/\",\"url\":\"https:\/\/www.msds-europe.com\/wp-content\/uploads\/2021\/04\/msds-europe-logo.jpg\",\"contentUrl\":\"https:\/\/www.msds-europe.com\/wp-content\/uploads\/2021\/04\/msds-europe-logo.jpg\",\"width\":2296,\"height\":1067,\"caption\":\"MSDS-Europe International branch of ToxInfo\"},\"image\":{\"@id\":\"https:\/\/www.msds-europe.com\/es\/#\/schema\/logo\/image\/\"},\"sameAs\":[\"https:\/\/www.facebook.com\/toxinfokft\/\",\"https:\/\/x.com\/ToxInfoKft\"]}]}<\/script>\n<!-- \/ Yoast SEO plugin. -->","yoast_head_json":{"title":"Vytv\u00e1ranie hodnotenia bezpe\u010dnosti for kozmetika","description":"Pri vytv\u00e1ran\u00ed bezpe\u010dnostn\u00e9ho posudku zoh\u013ead\u0148ujeme pokyny z pr\u00edlohy I smernice \u010d. 1223\/2009. Vytv\u00e1ranie hodnotenia bezpe\u010dnosti s medzin\u00e1rodn\u00fdmi referenciami.","robots":{"index":"index","follow":"follow","max-snippet":"max-snippet:-1","max-image-preview":"max-image-preview:large","max-video-preview":"max-video-preview:-1"},"canonical":"https:\/\/www.msds-europe.com\/sk\/vytvaranie-bezpecnostneho-posudku-pre-kozmetika\/","og_locale":"sk_SK","og_type":"article","og_title":"Vytv\u00e1ranie hodnotenia bezpe\u010dnosti for kozmetika","og_description":"Pri vytv\u00e1ran\u00ed bezpe\u010dnostn\u00e9ho posudku zoh\u013ead\u0148ujeme pokyny z pr\u00edlohy I smernice \u010d. 1223\/2009. Vytv\u00e1ranie hodnotenia bezpe\u010dnosti s medzin\u00e1rodn\u00fdmi referenciami.","og_url":"https:\/\/www.msds-europe.com\/sk\/vytvaranie-bezpecnostneho-posudku-pre-kozmetika\/","og_site_name":"MSDS Europe","article_publisher":"https:\/\/www.facebook.com\/toxinfokft\/","article_modified_time":"2023-02-14T08:19:17+00:00","twitter_card":"summary_large_image","twitter_site":"@ToxInfoKft","twitter_misc":{"Predpokladan\u00fd \u010das \u010d\u00edtania":"3 min\u00faty"},"schema":{"@context":"https:\/\/schema.org","@graph":[{"@type":"WebPage","@id":"https:\/\/www.msds-europe.com\/sk\/vytvaranie-bezpecnostneho-posudku-pre-kozmetika\/","url":"https:\/\/www.msds-europe.com\/sk\/vytvaranie-bezpecnostneho-posudku-pre-kozmetika\/","name":"Vytv\u00e1ranie hodnotenia bezpe\u010dnosti for kozmetika","isPartOf":{"@id":"https:\/\/www.msds-europe.com\/es\/#website"},"datePublished":"2018-06-21T07:51:20+00:00","dateModified":"2023-02-14T08:19:17+00:00","description":"Pri vytv\u00e1ran\u00ed bezpe\u010dnostn\u00e9ho posudku zoh\u013ead\u0148ujeme pokyny z pr\u00edlohy I smernice \u010d. 1223\/2009. Vytv\u00e1ranie hodnotenia bezpe\u010dnosti s medzin\u00e1rodn\u00fdmi referenciami.","breadcrumb":{"@id":"https:\/\/www.msds-europe.com\/sk\/vytvaranie-bezpecnostneho-posudku-pre-kozmetika\/#breadcrumb"},"inLanguage":"sk-SK","potentialAction":[{"@type":"ReadAction","target":["https:\/\/www.msds-europe.com\/sk\/vytvaranie-bezpecnostneho-posudku-pre-kozmetika\/"]}]},{"@type":"BreadcrumbList","@id":"https:\/\/www.msds-europe.com\/sk\/vytvaranie-bezpecnostneho-posudku-pre-kozmetika\/#breadcrumb","itemListElement":[{"@type":"ListItem","position":1,"name":"F\u0151oldal","item":"https:\/\/www.msds-europe.com\/sk\/"},{"@type":"ListItem","position":2,"name":"Vytv\u00e1ranie hodnotenia bezpe\u010dnosti for kozmetika"}]},{"@type":"WebSite","@id":"https:\/\/www.msds-europe.com\/es\/#website","url":"https:\/\/www.msds-europe.com\/es\/","name":"MSDS Europe","description":"","publisher":{"@id":"https:\/\/www.msds-europe.com\/es\/#organization"},"potentialAction":[{"@type":"SearchAction","target":{"@type":"EntryPoint","urlTemplate":"https:\/\/www.msds-europe.com\/es\/?s={search_term_string}"},"query-input":{"@type":"PropertyValueSpecification","valueRequired":true,"valueName":"search_term_string"}}],"inLanguage":"sk-SK"},{"@type":"Organization","@id":"https:\/\/www.msds-europe.com\/es\/#organization","name":"MSDS-Europe International branch of ToxInfo","url":"https:\/\/www.msds-europe.com\/es\/","logo":{"@type":"ImageObject","inLanguage":"sk-SK","@id":"https:\/\/www.msds-europe.com\/es\/#\/schema\/logo\/image\/","url":"https:\/\/www.msds-europe.com\/wp-content\/uploads\/2021\/04\/msds-europe-logo.jpg","contentUrl":"https:\/\/www.msds-europe.com\/wp-content\/uploads\/2021\/04\/msds-europe-logo.jpg","width":2296,"height":1067,"caption":"MSDS-Europe International branch of ToxInfo"},"image":{"@id":"https:\/\/www.msds-europe.com\/es\/#\/schema\/logo\/image\/"},"sameAs":["https:\/\/www.facebook.com\/toxinfokft\/","https:\/\/x.com\/ToxInfoKft"]}]}},"_links":{"self":[{"href":"https:\/\/www.msds-europe.com\/sk\/wp-json\/wp\/v2\/pages\/5320","targetHints":{"allow":["GET"]}}],"collection":[{"href":"https:\/\/www.msds-europe.com\/sk\/wp-json\/wp\/v2\/pages"}],"about":[{"href":"https:\/\/www.msds-europe.com\/sk\/wp-json\/wp\/v2\/types\/page"}],"author":[{"embeddable":true,"href":"https:\/\/www.msds-europe.com\/sk\/wp-json\/wp\/v2\/users\/2"}],"replies":[{"embeddable":true,"href":"https:\/\/www.msds-europe.com\/sk\/wp-json\/wp\/v2\/comments?post=5320"}],"version-history":[{"count":7,"href":"https:\/\/www.msds-europe.com\/sk\/wp-json\/wp\/v2\/pages\/5320\/revisions"}],"predecessor-version":[{"id":28113,"href":"https:\/\/www.msds-europe.com\/sk\/wp-json\/wp\/v2\/pages\/5320\/revisions\/28113"}],"wp:attachment":[{"href":"https:\/\/www.msds-europe.com\/sk\/wp-json\/wp\/v2\/media?parent=5320"}],"wp:term":[{"taxonomy":"post_tag","embeddable":true,"href":"https:\/\/www.msds-europe.com\/sk\/wp-json\/wp\/v2\/tags?post=5320"}],"curies":[{"name":"wp","href":"https:\/\/api.w.org\/{rel}","templated":true}]}}