{"id":5231,"date":"2018-06-21T05:18:07","date_gmt":"2018-06-21T05:18:07","guid":{"rendered":"http:\/\/www.msds-europe.com\/sluzba-oznamenia-cpnp\/"},"modified":"2018-06-29T05:03:58","modified_gmt":"2018-06-29T05:03:58","slug":"sluzba-oznamenia-cpnp","status":"publish","type":"page","link":"https:\/\/www.msds-europe.com\/sk\/sluzba-oznamenia-cpnp\/","title":{"rendered":"Slu\u017eba ozn\u00e1menia CPNP"},"content":{"rendered":"<p style=\"text-align: right;\"><em><a href=\"http:\/\/www.msds-europe.com\/sk\/kozmeticke-vyrobky\/\">Slu\u017eby t\u00fdkaj\u00face sa kozmetick\u00fdch v\u00fdrobkov<\/a>\u00a0\u2013\u00a0Slu\u017eba ozn\u00e1menia CPNP<\/em><\/p>\n<p>&nbsp;<\/p>\n<p style=\"text-align: justify;\">V s\u00falade so Smernicou (ES) \u010d. 1223\/2009 je uvedenie kozmetick\u00e9ho v\u00fdrobku na trh v Eur\u00f3pskej \u00fanii podmienen\u00e9 jeho ozn\u00e1men\u00edm prostredn\u00edctvom centr\u00e1lneho elektronick\u00e9ho rozhrania CPNP (Port\u00e1l pre oznamovanie kozmetick\u00fdch v\u00fdrobkov).<\/p>\n<p>&nbsp;<\/p>\n<h3 style=\"text-align: justify;\"><span style=\"color: #333333;\">Postup na\u0161ej slu\u017eby ozn\u00e1menia CPNP<\/span><\/h3>\n<h2 style=\"text-align: justify;\">Umo\u017enenie pr\u00edstupu do port\u00e1lu CPNP (registr\u00e1cia)<\/h2>\n<p style=\"text-align: justify;\">Pre pou\u017e\u00edvanie port\u00e1lu CPNP si oznamovate\u013e mus\u00ed vytvori\u0165 prihlasovac\u00ed \u00fa\u010det E\u00da Login (sk\u00f4r ECAS) a mus\u00ed po\u017eiada\u0165 o pr\u00edstup do SAAS.<\/p>\n<p style=\"text-align: justify;\">Ak je to nutn\u00e9, poskytujeme tie\u017e asistenciu pri procese registr\u00e1cie.<\/p>\n<p style=\"text-align: justify;\">Pomoc pri vlastnej registr\u00e1cii:<\/p>\n<ul>\n<li style=\"text-align: justify;\"><a href=\"https:\/\/webgate.ec.europa.eu\/cas\/eim\/external\/register.cgi\">Vytvorenie pou\u017e\u00edvate\u013esk\u00e9ho \u00fa\u010dtu\/hesla E\u00da Login (sk\u00f4r ECAS)<\/a><\/li>\n<li style=\"text-align: justify;\"><a href=\"https:\/\/webgate.ec.europa.eu\/saas\/requestAccess\/application\/21\/create.html\">\u017diados\u0165 o pr\u00edstup na port\u00e1l CPNP prostredn\u00edctvom syst\u00e9mu SAAS<\/a><\/li>\n<li style=\"text-align: justify;\"><a href=\"https:\/\/webgate.ec.europa.eu\/cpnp\">Pripojenie k port\u00e1lu CPNP<\/a><\/li>\n<\/ul>\n<p>&nbsp;<\/p>\n<h2 style=\"text-align: justify;\">Ozn\u00e1menie \u00fadajov prostredn\u00edctvom \u201e\u0161tat\u00fatu\u201c distrib\u00fatora kozmetick\u00fdch v\u00fdrobkov \u2013 ozn\u00e1menie CPNP<\/h2>\n<p style=\"text-align: justify;\">Existuj\u00fa dva typy ozn\u00e1men\u00ed v z\u00e1vislosti od \u0161tat\u00fatu distrib\u00fatora:<\/p>\n<ul>\n<li style=\"text-align: justify;\">Ozn\u00e1menie podan\u00e9 zodpovednou osobou (v\u00fdrobca, dovozca)<\/li>\n<li style=\"text-align: justify;\">Ozn\u00e1menie podan\u00e9 distrib\u00fatorom<\/li>\n<\/ul>\n<p style=\"text-align: justify;\">Po z\u00edskan\u00ed registra\u010dn\u00fdch \u00fadajov ozn\u00e1mime po\u017eadovan\u00e9 \u00fadaje a inform\u00e1cie prostredn\u00edctvom port\u00e1lu CPNP vzh\u013eadom na \u201e\u0161tat\u00fat\u201c oznamovate\u013ea.<\/p>\n<p>&nbsp;<\/p>\n<h2 style=\"text-align: justify;\">Pri ozn\u00e1meniach CPNP pod\u00e1van\u00fdch menom zodpovednej osoby sa predkladaj\u00fa nasleduj\u00face \u00fadaje\/inform\u00e1cie<\/h2>\n<ul>\n<li style=\"text-align: justify;\">origin\u00e1l ozna\u010denia<\/li>\n<li style=\"text-align: justify;\">fotografia obalu v\u00fdrobku<\/li>\n<li style=\"text-align: justify;\">\u010fal\u0161ie \u00fadaje a inform\u00e1cie v s\u00falade s \u010dl\u00e1nkom 13 smernice (ES) \u010d. 1223\/2009 o kozmetick\u00fdch v\u00fdrobkoch<\/li>\n<\/ul>\n<p>&nbsp;<\/p>\n<h2 style=\"text-align: justify;\">Pri ozn\u00e1meniach CPNP pod\u00e1van\u00fdch menom distrib\u00fatora sa predkladaj\u00fa nasleduj\u00face \u00fadaje\/inform\u00e1cie<\/h2>\n<ul>\n<li style=\"text-align: justify;\">Text ozna\u010denia prelo\u017een\u00fd do \u00faradn\u00e9ho jazyka \u010dlensk\u00e9ho \u0161t\u00e1tu, v ktorom sa m\u00e1 kozmetick\u00fd v\u00fdrobok uvies\u0165 na trh.<\/li>\n<li style=\"text-align: justify;\">\u010fal\u0161ie relevantn\u00e9 inform\u00e1cie<\/li>\n<\/ul>\n<p style=\"text-align: justify;\"><em>Pozn\u00e1mka:<\/em><br \/>\n<em>Pokia\u013e distrib\u00fator uvedie v\u00fdrobok na trh pod svoj\u00edm menom alebo obchodnou zn\u00e1mkou alebo pokia\u013e zmen\u00ed v\u00fdrobok, ktor\u00fd je u\u017e na trhu, sp\u00f4sobom, ktor\u00fd m\u00f4\u017ee ma\u0165 vplyv na s\u00falad v\u00fdrobku s pr\u00edslu\u0161n\u00fdmi po\u017eiadavkami, bude sa pova\u017eova\u0165 za zodpovedn\u00fa osobu.<\/em><br \/>\n<em>Pokia\u013e je vy\u0161\u0161ie uveden\u00e9 splnen\u00e9, ozn\u00e1menie CPNP sa vykon\u00e1 v s\u00falade s po\u017eiadavkami zodpovednej osoby.<\/em><\/p>\n<p>&nbsp;<\/p>\n<h2 style=\"text-align: justify;\">\u017diados\u0165 o cenov\u00fa ponuku na slu\u017ebu ozn\u00e1menia CPNP<\/h2>\n<p style=\"text-align: justify;\"><a href=\"mailto:info@msds-europe.com\">Na \u017eiados\u0165 o cenov\u00fa ponuku zaslan\u00fa e-mailom <\/a>alebo prostredn\u00edctvom n\u00e1\u0161ho <a href=\"http:\/\/www.msds-europe.com\/sk\/ziadost-cenovu-ponuku-kozmetika\/\">online formul\u00e1ra<\/a> odpovieme do 24 hod\u00edn.<br \/>\nNa\u0161e <a href=\"http:\/\/www.msds-europe.com\/sk\/zakaznicke-sluzby\/\">z\u00e1kazn\u00edcke slu\u017eby<\/a> v\u00e1m pom\u00f4\u017eu vybra\u0165 si t\u00fa spr\u00e1vnu slu\u017ebu.<\/p>\n<p>&nbsp;<\/p>\n<h2 style=\"text-align: justify;\">Slu\u017eby s\u00favisiace s na\u0161ou slu\u017ebou ozn\u00e1menia CPNP<\/h2>\n<p style=\"text-align: justify;\">Slu\u017eby koordin\u00e1cie kompletn\u00e9ho postupu ozn\u00e1menia kozmetick\u00fdch v\u00fdrobkov (zber \u00fadajov, organiz\u00e1cia laborat\u00f3rnych testov, <a href=\"http:\/\/www.msds-europe.com\/sk\/vytvaranie-a-preklad-navrhu-oznacenia-na-kozmeticke-vyrobky\/\">vytvorenie ozna\u010denia<\/a>, vytvorenie posudzovanie bezpe\u010dnosti).<\/p>\n<p>&nbsp;<\/p>\n","protected":false},"excerpt":{"rendered":"<p>Slu\u017eba ozn\u00e1menia kozmetick\u00fdch v\u00fdrobkov port\u00e1lu CPNP.<\/p>\n","protected":false},"author":2,"featured_media":0,"parent":0,"menu_order":0,"comment_status":"closed","ping_status":"closed","template":"","meta":{"_acf_changed":false,"footnotes":""},"tags":[263,287],"class_list":["post-5231","page","type-page","status-publish","hentry","tag-kozmetika-sk","tag-sluzby-tykajuce-sa-kozmetickych-vyrobkov"],"acf":[],"yoast_head":"<!-- This site is optimized with the Yoast SEO plugin v27.2 - https:\/\/yoast.com\/product\/yoast-seo-wordpress\/ -->\n<title>Slu\u017eba ozn\u00e1menia CPNP pre kozmetiku a kozmetick\u00e9 v\u00fdrobky<\/title>\n<meta name=\"description\" content=\"Slu\u017eba ozn\u00e1menia CPNP pre distrib\u00faciu kozmetick\u00fdch v\u00fdrobkov. Pomoc pri ozn\u00e1men\u00ed CPNP menom zodpovednej osoby v pr\u00edpade v\u00fdroby alebo dovozu kozmetick\u00fdch v\u00fdrobkov.\" \/>\n<meta name=\"robots\" content=\"index, follow, max-snippet:-1, max-image-preview:large, max-video-preview:-1\" \/>\n<link rel=\"canonical\" href=\"https:\/\/www.msds-europe.com\/sk\/sluzba-oznamenia-cpnp\/\" \/>\n<meta property=\"og:locale\" content=\"sk_SK\" \/>\n<meta property=\"og:type\" content=\"article\" \/>\n<meta property=\"og:title\" content=\"Slu\u017eba ozn\u00e1menia CPNP pre kozmetiku a kozmetick\u00e9 v\u00fdrobky\" \/>\n<meta property=\"og:description\" content=\"Slu\u017eba ozn\u00e1menia CPNP pre distrib\u00faciu kozmetick\u00fdch v\u00fdrobkov. Pomoc pri ozn\u00e1men\u00ed CPNP menom zodpovednej osoby v pr\u00edpade v\u00fdroby alebo dovozu kozmetick\u00fdch v\u00fdrobkov.\" \/>\n<meta property=\"og:url\" content=\"https:\/\/www.msds-europe.com\/sk\/sluzba-oznamenia-cpnp\/\" \/>\n<meta property=\"og:site_name\" content=\"MSDS Europe\" \/>\n<meta property=\"article:publisher\" content=\"https:\/\/www.facebook.com\/toxinfokft\/\" \/>\n<meta property=\"article:modified_time\" content=\"2018-06-29T05:03:58+00:00\" \/>\n<meta name=\"twitter:card\" content=\"summary_large_image\" \/>\n<meta name=\"twitter:site\" content=\"@ToxInfoKft\" \/>\n<meta name=\"twitter:label1\" content=\"Predpokladan\u00fd \u010das \u010d\u00edtania\" \/>\n\t<meta name=\"twitter:data1\" content=\"2 min\u00faty\" \/>\n<script type=\"application\/ld+json\" class=\"yoast-schema-graph\">{\"@context\":\"https:\/\/schema.org\",\"@graph\":[{\"@type\":\"WebPage\",\"@id\":\"https:\/\/www.msds-europe.com\/sk\/sluzba-oznamenia-cpnp\/\",\"url\":\"https:\/\/www.msds-europe.com\/sk\/sluzba-oznamenia-cpnp\/\",\"name\":\"Slu\u017eba ozn\u00e1menia CPNP pre kozmetiku a kozmetick\u00e9 v\u00fdrobky\",\"isPartOf\":{\"@id\":\"https:\/\/www.msds-europe.com\/es\/#website\"},\"datePublished\":\"2018-06-21T05:18:07+00:00\",\"dateModified\":\"2018-06-29T05:03:58+00:00\",\"description\":\"Slu\u017eba ozn\u00e1menia CPNP pre distrib\u00faciu kozmetick\u00fdch v\u00fdrobkov. Pomoc pri ozn\u00e1men\u00ed CPNP menom zodpovednej osoby v pr\u00edpade v\u00fdroby alebo dovozu kozmetick\u00fdch v\u00fdrobkov.\",\"breadcrumb\":{\"@id\":\"https:\/\/www.msds-europe.com\/sk\/sluzba-oznamenia-cpnp\/#breadcrumb\"},\"inLanguage\":\"sk-SK\",\"potentialAction\":[{\"@type\":\"ReadAction\",\"target\":[\"https:\/\/www.msds-europe.com\/sk\/sluzba-oznamenia-cpnp\/\"]}]},{\"@type\":\"BreadcrumbList\",\"@id\":\"https:\/\/www.msds-europe.com\/sk\/sluzba-oznamenia-cpnp\/#breadcrumb\",\"itemListElement\":[{\"@type\":\"ListItem\",\"position\":1,\"name\":\"F\u0151oldal\",\"item\":\"https:\/\/www.msds-europe.com\/sk\/\"},{\"@type\":\"ListItem\",\"position\":2,\"name\":\"Slu\u017eba ozn\u00e1menia CPNP\"}]},{\"@type\":\"WebSite\",\"@id\":\"https:\/\/www.msds-europe.com\/es\/#website\",\"url\":\"https:\/\/www.msds-europe.com\/es\/\",\"name\":\"MSDS Europe\",\"description\":\"\",\"publisher\":{\"@id\":\"https:\/\/www.msds-europe.com\/es\/#organization\"},\"potentialAction\":[{\"@type\":\"SearchAction\",\"target\":{\"@type\":\"EntryPoint\",\"urlTemplate\":\"https:\/\/www.msds-europe.com\/es\/?s={search_term_string}\"},\"query-input\":{\"@type\":\"PropertyValueSpecification\",\"valueRequired\":true,\"valueName\":\"search_term_string\"}}],\"inLanguage\":\"sk-SK\"},{\"@type\":\"Organization\",\"@id\":\"https:\/\/www.msds-europe.com\/es\/#organization\",\"name\":\"MSDS-Europe International branch of ToxInfo\",\"url\":\"https:\/\/www.msds-europe.com\/es\/\",\"logo\":{\"@type\":\"ImageObject\",\"inLanguage\":\"sk-SK\",\"@id\":\"https:\/\/www.msds-europe.com\/es\/#\/schema\/logo\/image\/\",\"url\":\"https:\/\/www.msds-europe.com\/wp-content\/uploads\/2021\/04\/msds-europe-logo.jpg\",\"contentUrl\":\"https:\/\/www.msds-europe.com\/wp-content\/uploads\/2021\/04\/msds-europe-logo.jpg\",\"width\":2296,\"height\":1067,\"caption\":\"MSDS-Europe International branch of ToxInfo\"},\"image\":{\"@id\":\"https:\/\/www.msds-europe.com\/es\/#\/schema\/logo\/image\/\"},\"sameAs\":[\"https:\/\/www.facebook.com\/toxinfokft\/\",\"https:\/\/x.com\/ToxInfoKft\"]}]}<\/script>\n<!-- \/ Yoast SEO plugin. -->","yoast_head_json":{"title":"Slu\u017eba ozn\u00e1menia CPNP pre kozmetiku a kozmetick\u00e9 v\u00fdrobky","description":"Slu\u017eba ozn\u00e1menia CPNP pre distrib\u00faciu kozmetick\u00fdch v\u00fdrobkov. Pomoc pri ozn\u00e1men\u00ed CPNP menom zodpovednej osoby v pr\u00edpade v\u00fdroby alebo dovozu kozmetick\u00fdch v\u00fdrobkov.","robots":{"index":"index","follow":"follow","max-snippet":"max-snippet:-1","max-image-preview":"max-image-preview:large","max-video-preview":"max-video-preview:-1"},"canonical":"https:\/\/www.msds-europe.com\/sk\/sluzba-oznamenia-cpnp\/","og_locale":"sk_SK","og_type":"article","og_title":"Slu\u017eba ozn\u00e1menia CPNP pre kozmetiku a kozmetick\u00e9 v\u00fdrobky","og_description":"Slu\u017eba ozn\u00e1menia CPNP pre distrib\u00faciu kozmetick\u00fdch v\u00fdrobkov. Pomoc pri ozn\u00e1men\u00ed CPNP menom zodpovednej osoby v pr\u00edpade v\u00fdroby alebo dovozu kozmetick\u00fdch v\u00fdrobkov.","og_url":"https:\/\/www.msds-europe.com\/sk\/sluzba-oznamenia-cpnp\/","og_site_name":"MSDS Europe","article_publisher":"https:\/\/www.facebook.com\/toxinfokft\/","article_modified_time":"2018-06-29T05:03:58+00:00","twitter_card":"summary_large_image","twitter_site":"@ToxInfoKft","twitter_misc":{"Predpokladan\u00fd \u010das \u010d\u00edtania":"2 min\u00faty"},"schema":{"@context":"https:\/\/schema.org","@graph":[{"@type":"WebPage","@id":"https:\/\/www.msds-europe.com\/sk\/sluzba-oznamenia-cpnp\/","url":"https:\/\/www.msds-europe.com\/sk\/sluzba-oznamenia-cpnp\/","name":"Slu\u017eba ozn\u00e1menia CPNP pre kozmetiku a kozmetick\u00e9 v\u00fdrobky","isPartOf":{"@id":"https:\/\/www.msds-europe.com\/es\/#website"},"datePublished":"2018-06-21T05:18:07+00:00","dateModified":"2018-06-29T05:03:58+00:00","description":"Slu\u017eba ozn\u00e1menia CPNP pre distrib\u00faciu kozmetick\u00fdch v\u00fdrobkov. Pomoc pri ozn\u00e1men\u00ed CPNP menom zodpovednej osoby v pr\u00edpade v\u00fdroby alebo dovozu kozmetick\u00fdch v\u00fdrobkov.","breadcrumb":{"@id":"https:\/\/www.msds-europe.com\/sk\/sluzba-oznamenia-cpnp\/#breadcrumb"},"inLanguage":"sk-SK","potentialAction":[{"@type":"ReadAction","target":["https:\/\/www.msds-europe.com\/sk\/sluzba-oznamenia-cpnp\/"]}]},{"@type":"BreadcrumbList","@id":"https:\/\/www.msds-europe.com\/sk\/sluzba-oznamenia-cpnp\/#breadcrumb","itemListElement":[{"@type":"ListItem","position":1,"name":"F\u0151oldal","item":"https:\/\/www.msds-europe.com\/sk\/"},{"@type":"ListItem","position":2,"name":"Slu\u017eba ozn\u00e1menia CPNP"}]},{"@type":"WebSite","@id":"https:\/\/www.msds-europe.com\/es\/#website","url":"https:\/\/www.msds-europe.com\/es\/","name":"MSDS Europe","description":"","publisher":{"@id":"https:\/\/www.msds-europe.com\/es\/#organization"},"potentialAction":[{"@type":"SearchAction","target":{"@type":"EntryPoint","urlTemplate":"https:\/\/www.msds-europe.com\/es\/?s={search_term_string}"},"query-input":{"@type":"PropertyValueSpecification","valueRequired":true,"valueName":"search_term_string"}}],"inLanguage":"sk-SK"},{"@type":"Organization","@id":"https:\/\/www.msds-europe.com\/es\/#organization","name":"MSDS-Europe International branch of ToxInfo","url":"https:\/\/www.msds-europe.com\/es\/","logo":{"@type":"ImageObject","inLanguage":"sk-SK","@id":"https:\/\/www.msds-europe.com\/es\/#\/schema\/logo\/image\/","url":"https:\/\/www.msds-europe.com\/wp-content\/uploads\/2021\/04\/msds-europe-logo.jpg","contentUrl":"https:\/\/www.msds-europe.com\/wp-content\/uploads\/2021\/04\/msds-europe-logo.jpg","width":2296,"height":1067,"caption":"MSDS-Europe International branch of ToxInfo"},"image":{"@id":"https:\/\/www.msds-europe.com\/es\/#\/schema\/logo\/image\/"},"sameAs":["https:\/\/www.facebook.com\/toxinfokft\/","https:\/\/x.com\/ToxInfoKft"]}]}},"_links":{"self":[{"href":"https:\/\/www.msds-europe.com\/sk\/wp-json\/wp\/v2\/pages\/5231","targetHints":{"allow":["GET"]}}],"collection":[{"href":"https:\/\/www.msds-europe.com\/sk\/wp-json\/wp\/v2\/pages"}],"about":[{"href":"https:\/\/www.msds-europe.com\/sk\/wp-json\/wp\/v2\/types\/page"}],"author":[{"embeddable":true,"href":"https:\/\/www.msds-europe.com\/sk\/wp-json\/wp\/v2\/users\/2"}],"replies":[{"embeddable":true,"href":"https:\/\/www.msds-europe.com\/sk\/wp-json\/wp\/v2\/comments?post=5231"}],"version-history":[{"count":5,"href":"https:\/\/www.msds-europe.com\/sk\/wp-json\/wp\/v2\/pages\/5231\/revisions"}],"predecessor-version":[{"id":6655,"href":"https:\/\/www.msds-europe.com\/sk\/wp-json\/wp\/v2\/pages\/5231\/revisions\/6655"}],"wp:attachment":[{"href":"https:\/\/www.msds-europe.com\/sk\/wp-json\/wp\/v2\/media?parent=5231"}],"wp:term":[{"taxonomy":"post_tag","embeddable":true,"href":"https:\/\/www.msds-europe.com\/sk\/wp-json\/wp\/v2\/tags?post=5231"}],"curies":[{"name":"wp","href":"https:\/\/api.w.org\/{rel}","templated":true}]}}