{"id":5148,"date":"2018-06-19T13:43:49","date_gmt":"2018-06-19T13:43:49","guid":{"rendered":"http:\/\/www.msds-europe.com\/softver-na-vytvaranie-kariet-bezpecnostnych-udajov\/"},"modified":"2026-02-25T10:45:48","modified_gmt":"2026-02-25T10:45:48","slug":"o-softveri-na-vytvaranie-kariet-bezpecnostnych-udajov","status":"publish","type":"page","link":"https:\/\/www.msds-europe.com\/sk\/o-softveri-na-vytvaranie-kariet-bezpecnostnych-udajov\/","title":{"rendered":"Softv\u00e9r na vytv\u00e1ranie kariet bezpe\u010dnostn\u00fdch \u00fadajov"},"content":{"rendered":"<p style=\"text-align: right;\"><em><a href=\"https:\/\/www.msds-europe.com\/sk\/\">MSDS-Europe<\/a> \u2013 <a href=\"https:\/\/www.msds-europe.com\/sk\/kompas-k-chemickej-bezpecnosti\/\">Kompas k chemickej bezpe\u010dnosti<\/a> \u2013 Softv\u00e9r na vytv\u00e1ranie kariet bezpe\u010dnostn\u00fdch \u00fadajov<\/em><\/p>\n<p>&nbsp;<\/p>\n<p style=\"text-align: justify;\">Po\u010das takmer dvoch desa\u0165ro\u010d\u00ed na\u0161ich odborn\u00fdch sk\u00fasenost\u00ed v oblasti chemickej bezpe\u010dnosti bola v\u00e4\u010d\u0161ina cudzojazy\u010dn\u00fdch kariet bezpe\u010dnostn\u00fdch \u00fadajov, s ktor\u00fdmi sme pracovali, vytvoren\u00e1 softv\u00e9rom, a preto sme tieto karty bezpe\u010dnostn\u00fdch \u00fadajov mohli d\u00f4kladne analyzova\u0165.<\/p>\n<p style=\"text-align: justify;\">Na z\u00e1klade v\u0161etk\u00fdch t\u00fdchto sk\u00fasenost\u00ed na\u0161a spolo\u010dnos\u0165 nikdy nepou\u017e\u00edvala softv\u00e9r na vytv\u00e1ranie kariet bezpe\u010dnostn\u00fdch \u00fadajov a na\u0161im partnerom sme jeho pou\u017e\u00edvanie nikdy neodpor\u00fa\u010dali.<\/p>\n<p>&nbsp;<\/p>\n<h2 style=\"text-align: justify;\">Princ\u00edp fungovania softv\u00e9ru na vytv\u00e1ranie kariet bezpe\u010dnostn\u00fdch \u00fadajov a jeho funkcie<\/h2>\n<p>&nbsp;<\/p>\n<p style=\"text-align: justify;\">Softv\u00e9r na preklad kariet bezpe\u010dnostn\u00fdch \u00fadajov (podobne ako in\u00fd prekladate\u013esk\u00fd softv\u00e9r) vytv\u00e1ra znenie karty bezpe\u010dnostn\u00fdch \u00fadajov v cudzom jazyku na z\u00e1klade zodpovedaj\u00facich viet vo svojej pam\u00e4ti.<\/p>\n<p style=\"text-align: justify;\">Jeho fungovanie je zalo\u017een\u00e9 na dostupnej \u201epam\u00e4ti\u201c vo forme pon\u00fakan\u00fdch jazykov\u00fdch modulov, ktor\u00e9 obsahuj\u00fa preklady viet, ktor\u00e9 sa be\u017ene vyskytuj\u00fa v kart\u00e1ch bezpe\u010dnostn\u00fdch \u00fadajov.<\/p>\n<p style=\"text-align: justify;\">Veta v \u201ezdrojovom jazyku\u201c je nahraden\u00e1 pr\u00edslu\u0161nou vetou v \u201ecie\u013eovom jazyku\u201c, pokia\u013e sa zist\u00ed \u00fapln\u00e1 zhoda.<\/p>\n<p style=\"text-align: justify;\">Prekladate\u013esk\u00fd softv\u00e9r na preklad kariet bezpe\u010dnostn\u00fdch \u00fadajov zvy\u010dajne pon\u00faka aj \u010fal\u0161ie funkcie, napr.:<\/p>\n<ul>\n<li style=\"text-align: justify;\">Zlo\u017eky s\u00fa klasifikovan\u00e9 na z\u00e1klade \u010d\u00edsla CAS a existuj\u00facich zoznamov nebezpe\u010dnosti l\u00e1tok (ktor\u00e9 v softv\u00e9ri spravidla nie s\u00fa aktualizovan\u00e9).<\/li>\n<li style=\"text-align: justify;\">Prira\u010fuje l\u00e1tkam medzn\u00e9 hodnoty expoz\u00edcie.<\/li>\n<li style=\"text-align: justify;\">Pou\u017e\u00edva piktogramy (nie <a href=\"https:\/\/www.msds-europe.com\/sk\/vystrazny-piktogram\/\">piktogramy nebezpe\u010dnosti CLP<\/a>) na zrozumite\u013enej\u0161ie vyjadrenie po\u017eadovan\u00fdch ochrann\u00fdch opatren\u00ed.<\/li>\n<li style=\"text-align: justify;\">Ur\u010duje triedy nebezpe\u010dnosti a <a href=\"https:\/\/www.msds-europe.com\/sk\/vystrazne-upozornenia-h\/\">v\u00fdstra\u017en\u00e9 upozornenia H<\/a> a <a href=\"https:\/\/www.msds-europe.com\/sk\/bezpecnostne-upozornenie-p\/\">P-vety<\/a> danej zmesi (na z\u00e1klade zlo\u017eiek a koncentra\u010dn\u00fdch limitov uveden\u00fdch v legislat\u00edve).<\/li>\n<li style=\"text-align: justify;\">M\u00f4\u017ee zah\u0155\u0148a\u0165 aj ur\u010dit\u00e9 funkcie registra\u010dn\u00e9ho modulu.<\/li>\n<\/ul>\n<p>&nbsp;<\/p>\n<h2 style=\"text-align: justify;\">V\u00fdhody softv\u00e9ru na vytv\u00e1ranie kariet bezpe\u010dnostn\u00fdch \u00fadajov<\/h2>\n<ul>\n<li style=\"text-align: justify;\">Dok\u00e1\u017ee spracova\u0165 ve\u013ek\u00fd po\u010det kariet bezpe\u010dnostn\u00fdch \u00fadajov.<\/li>\n<li style=\"text-align: justify;\">Dok\u00e1\u017ee preklada\u0165 do viacer\u00fdch jazykov (iba ak s\u00fa spolu s n\u00edm zak\u00fapen\u00e9 moduly pre pr\u00edslu\u0161n\u00e9 jazyky).<\/li>\n<li style=\"text-align: justify;\">R\u00fdchlos\u0165.<\/li>\n<li style=\"text-align: justify;\">Pri ve\u013ekom mno\u017estve m\u00f4\u017ee by\u0165 n\u00e1kladovo efekt\u00edvny (ak zanedb\u00e1me pr\u00edpadn\u00e9 \u0161kody vypl\u00fdvaj\u00face z odborn\u00fdch nedostatkov).<\/li>\n<li style=\"text-align: justify;\">Funkcie evidencie a organiz\u00e1cie.<\/li>\n<\/ul>\n<p>&nbsp;<\/p>\n<h2 style=\"text-align: justify;\">Nev\u00fdhody softv\u00e9ru na vytv\u00e1ranie kariet bezpe\u010dnostn\u00fdch \u00fadajov<\/h2>\n<h3 style=\"text-align: justify;\"><span style=\"color: #333333;\">Odborn\u00e9 nedostatky<\/span><\/h3>\n<ul>\n<li style=\"text-align: justify;\">Pou\u017e\u00edvate\u013e softv\u00e9ru nesie n\u00e1sledky ch\u00fdb, ktor\u00e9 m\u00f4\u017eu vznikn\u00fa\u0165 pri klasifik\u00e1cii nebezpe\u010dnosti v\u00fdrobku.<\/li>\n<li style=\"text-align: justify;\">Odborn\u00e9 nedostatky v \u201eorigin\u00e1li\u201c karty bezpe\u010dnostn\u00fdch \u00fadajov sa bez opravy prenes\u00fa do prelo\u017eenej karty bezpe\u010dnostn\u00fdch \u00fadajov.<\/li>\n<li style=\"text-align: justify;\">M\u00f4\u017ee obsahova\u0165 neprelo\u017een\u00e9 \u010dasti (nedok\u00e1\u017ee spracova\u0165 vety, ktor\u00e9 nepredstavuj\u00fa \u00fapln\u00fa zhodu s vetami ulo\u017een\u00fdmi v pam\u00e4ti).<\/li>\n<li style=\"text-align: justify;\">M\u00f4\u017ee obsahova\u0165 nespr\u00e1vne prelo\u017een\u00e9 vety, fr\u00e1zy alebo n\u00e1zvy l\u00e1tok; ke\u010f\u017ee pracuje iba s ur\u010dit\u00fdm po\u010dtom viet, jeho praktick\u00e1 vyu\u017eite\u013enos\u0165 je v\u00fdrazne obmedzen\u00e1.<\/li>\n<li style=\"text-align: justify;\">Neposkytuje ch\u00fdbaj\u00face \u00fadaje (napr. ES \u010d\u00edsla, medzn\u00e9 hodnoty expoz\u00edcie at\u010f.).<\/li>\n<li style=\"text-align: justify;\">Pracuje iba na z\u00e1klade v\u0161eobecn\u00fdch pravidiel E\u00da a ignoruje men\u0161ie aj v\u00e4\u010d\u0161ie odch\u00fdlky vn\u00fatro\u0161t\u00e1tnych predpisov cie\u013eovej krajiny.<\/li>\n<\/ul>\n<p>&nbsp;<\/p>\n<h3 style=\"text-align: justify;\"><span style=\"color: #333333;\">\u010eal\u0161ie neodborn\u00e9 nev\u00fdhody<\/span><\/h3>\n<ul>\n<li style=\"text-align: justify;\">Nejde len o jednorazov\u00fd v\u00fddavok. Zak\u00fapenie r\u00f4znych jazykov\u00fdch modulov a aktualiz\u00e1ci\u00ed m\u00f4\u017ee sp\u00f4sobova\u0165 dodato\u010dn\u00e9 n\u00e1klady.<\/li>\n<li style=\"text-align: justify;\">Softv\u00e9r je potrebn\u00e9 spravova\u0165, tak\u017ee vznikaj\u00fa aj s\u00favisiace n\u00e1klady na \u013eudsk\u00e9 zdroje.<\/li>\n<li style=\"text-align: justify;\">Jeho pou\u017e\u00edvanie je n\u00e1kladovo efekt\u00edvne iba od ur\u010dit\u00e9ho po\u010dtu kariet bezpe\u010dnostn\u00fdch \u00fadajov.<\/li>\n<li style=\"text-align: justify;\">Pou\u017e\u00edvate\u013e dost\u00e1va iba softv\u00e9rov\u00fa podporu a nem\u00e1 sa na koho spo\u013eahn\u00fa\u0165 pri in\u00fdch ot\u00e1zkach t\u00fdkaj\u00facich sa chemickej bezpe\u010dnosti.<\/li>\n<li style=\"text-align: justify;\">V pr\u00edpade n\u00e1mietok zo strany \u00faradu alebo obchodn\u00e9ho partnera dod\u00e1vate\u013e softv\u00e9ru spravidla nedok\u00e1\u017ee zabezpe\u010di\u0165 odborn\u00fa opravu karty bezpe\u010dnostn\u00fdch \u00fadajov.<\/li>\n<\/ul>\n<p>&nbsp;<\/p>\n<h3 style=\"text-align: justify;\"><span style=\"color: #333333;\">Pon\u00fakan\u00e9 slu\u017eby<\/span><\/h3>\n<ul>\n<li><a href=\"https:\/\/www.msds-europe.com\/sk\/preklad-karty-bezpecnostnych-udajov\/\">Preklad karty bezpe\u010dnostn\u00fdch \u00fadajov<\/a><\/li>\n<li><a href=\"https:\/\/www.msds-europe.com\/sk\/karta-bezpecnostnych-udajov-revizie-aktualizacie\/\">Rev\u00edzia a aktualiz\u00e1cia kariet bezpe\u010dnostn\u00fdch \u00fadajov<\/a><\/li>\n<li><a href=\"https:\/\/www.msds-europe.com\/sk\/zostavenie-a-vytvorenie-karty-bezpecnostnych-udajov\/\">Zostavenie a vytvorenie karty bezpe\u010dnostn\u00fdch \u00fadajov<\/a><\/li>\n<li><a href=\"https:\/\/www.msds-europe.com\/sk\/karty-bezpecnostnych-expresne-sluzby\/\">Expresn\u00e9 slu\u017eby pre karty bezpe\u010dnostn\u00fdch \u00fadajov do 24 hod\u00edn<\/a><\/li>\n<li><a href=\"https:\/\/www.msds-europe.com\/sk\/vytvorenie-navrhu-oznacenia\/\">Vytvorenie n\u00e1vrhu ozna\u010denia<\/a><\/li>\n<\/ul>\n<p>&nbsp;<\/p>\n<h3><span style=\"color: #333333;\">R\u00fdchle ot\u00e1zky a odpovede<\/span><\/h3>\n<div class=\"su-spoiler su-spoiler-style-fancy su-spoiler-icon-chevron su-spoiler-closed\" data-scroll-offset=\"0\" data-anchor-in-url=\"no\"><div class=\"su-spoiler-title\" tabindex=\"0\" role=\"button\"><span class=\"su-spoiler-icon\"><\/span>Je r\u00fdchlej\u0161ie vytvori\u0165 bezpe\u010dnostn\u00fd list (SDS) pomocou softv\u00e9ru ne\u017e s odborn\u00edkom?<\/div><div class=\"su-spoiler-content su-u-clearfix su-u-trim\">\n<p style=\"text-align: justify;\">\u00c1no, ale softv\u00e9r kop\u00edruje technick\u00e9 chyby bez opravy, tak\u017ee to m\u00f4\u017ee v kone\u010dnom d\u00f4sledku st\u00e1\u0165 viac.<\/p>\n<\/div><\/div>\n<div class=\"su-spoiler su-spoiler-style-fancy su-spoiler-icon-chevron su-spoiler-closed\" data-scroll-offset=\"0\" data-anchor-in-url=\"no\"><div class=\"su-spoiler-title\" tabindex=\"0\" role=\"button\"><span class=\"su-spoiler-icon\"><\/span>Kto nesie zodpovednos\u0165 za nespr\u00e1vnu klasifik\u00e1ciu nebezpe\u010dnosti pri pou\u017eit\u00ed softv\u00e9ru?<\/div><div class=\"su-spoiler-content su-u-clearfix su-u-trim\">\n<p style=\"text-align: justify;\">Pr\u00e1vnu zodpovednos\u0165 nesie spolo\u010dnos\u0165, ktor\u00e1 softv\u00e9r pou\u017e\u00edva, nie dod\u00e1vate\u013e softv\u00e9ru.<\/p>\n<\/div><\/div>\n<div class=\"su-spoiler su-spoiler-style-fancy su-spoiler-icon-chevron su-spoiler-closed\" data-scroll-offset=\"0\" data-anchor-in-url=\"no\"><div class=\"su-spoiler-title\" tabindex=\"0\" role=\"button\"><span class=\"su-spoiler-icon\"><\/span>Kedy m\u00f4\u017ee by\u0165 softv\u00e9r na tvorbu bezpe\u010dnostn\u00fdch listov st\u00e1le n\u00e1kladovo efekt\u00edvny?<\/div><div class=\"su-spoiler-content su-u-clearfix su-u-trim\">\n<p style=\"text-align: justify;\">Najm\u00e4 pri ve\u013emi ve\u013ekom po\u010dte KB\u00da a s\u00fa\u010dasne pri internej odbornej sp\u00f4sobilosti v oblasti chemickej bezpe\u010dnosti.<\/p>\n<\/div><\/div>\n<p>&nbsp;<\/p>\n","protected":false},"excerpt":{"rendered":"<p>N\u00e1\u0161 \u010dl\u00e1nok o v\u00fdhod\u00e1ch a nev\u00fdhod\u00e1ch softv\u00e9ru na vytv\u00e1ranie kariet bezpe\u010dnostn\u00fdch \u00fadajov.<\/p>\n","protected":false},"author":2,"featured_media":0,"parent":0,"menu_order":0,"comment_status":"closed","ping_status":"closed","template":"","meta":{"_acf_changed":false,"footnotes":""},"tags":[264,362],"class_list":["post-5148","page","type-page","status-publish","hentry","tag-karta-bezpecnostnych-udajov-sk","tag-zakladna-vedomosti-pre-kartu-bezpecnostnych-udajov"],"acf":[],"yoast_head":"<!-- This site is optimized with the Yoast SEO plugin v27.2 - https:\/\/yoast.com\/product\/yoast-seo-wordpress\/ -->\n<title>Softv\u00e9r na vytv\u00e1ranie kariet bezpe\u010dnostn\u00fdch \u00fadajov<\/title>\n<meta name=\"description\" content=\"\u010co je potrebn\u00e9 zv\u00e1\u017ei\u0165 sk\u00f4r, ako za\u010dnete pou\u017e\u00edva\u0165 softv\u00e9r na vytv\u00e1ranie kariet bezpe\u010dnostn\u00fdch \u00fadajov. MSDS-Europe\" \/>\n<meta name=\"robots\" content=\"index, follow, max-snippet:-1, max-image-preview:large, max-video-preview:-1\" \/>\n<link rel=\"canonical\" href=\"https:\/\/www.msds-europe.com\/sk\/o-softveri-na-vytvaranie-kariet-bezpecnostnych-udajov\/\" \/>\n<meta property=\"og:locale\" content=\"sk_SK\" \/>\n<meta property=\"og:type\" content=\"article\" \/>\n<meta property=\"og:title\" content=\"Softv\u00e9r na vytv\u00e1ranie kariet bezpe\u010dnostn\u00fdch \u00fadajov\" \/>\n<meta property=\"og:description\" content=\"\u010co je potrebn\u00e9 zv\u00e1\u017ei\u0165 sk\u00f4r, ako za\u010dnete pou\u017e\u00edva\u0165 softv\u00e9r na vytv\u00e1ranie kariet bezpe\u010dnostn\u00fdch \u00fadajov. MSDS-Europe\" \/>\n<meta property=\"og:url\" content=\"https:\/\/www.msds-europe.com\/sk\/o-softveri-na-vytvaranie-kariet-bezpecnostnych-udajov\/\" \/>\n<meta property=\"og:site_name\" content=\"MSDS Europe\" \/>\n<meta property=\"article:publisher\" content=\"https:\/\/www.facebook.com\/toxinfokft\/\" \/>\n<meta property=\"article:modified_time\" content=\"2026-02-25T10:45:48+00:00\" \/>\n<meta name=\"twitter:card\" content=\"summary_large_image\" \/>\n<meta name=\"twitter:site\" content=\"@ToxInfoKft\" \/>\n<meta name=\"twitter:label1\" content=\"Predpokladan\u00fd \u010das \u010d\u00edtania\" \/>\n\t<meta name=\"twitter:data1\" content=\"3 min\u00faty\" \/>\n<script type=\"application\/ld+json\" class=\"yoast-schema-graph\">{\"@context\":\"https:\/\/schema.org\",\"@graph\":[{\"@type\":\"WebPage\",\"@id\":\"https:\/\/www.msds-europe.com\/sk\/o-softveri-na-vytvaranie-kariet-bezpecnostnych-udajov\/\",\"url\":\"https:\/\/www.msds-europe.com\/sk\/o-softveri-na-vytvaranie-kariet-bezpecnostnych-udajov\/\",\"name\":\"Softv\u00e9r na vytv\u00e1ranie kariet bezpe\u010dnostn\u00fdch \u00fadajov\",\"isPartOf\":{\"@id\":\"https:\/\/www.msds-europe.com\/es\/#website\"},\"datePublished\":\"2018-06-19T13:43:49+00:00\",\"dateModified\":\"2026-02-25T10:45:48+00:00\",\"description\":\"\u010co je potrebn\u00e9 zv\u00e1\u017ei\u0165 sk\u00f4r, ako za\u010dnete pou\u017e\u00edva\u0165 softv\u00e9r na vytv\u00e1ranie kariet bezpe\u010dnostn\u00fdch \u00fadajov. MSDS-Europe\",\"breadcrumb\":{\"@id\":\"https:\/\/www.msds-europe.com\/sk\/o-softveri-na-vytvaranie-kariet-bezpecnostnych-udajov\/#breadcrumb\"},\"inLanguage\":\"sk-SK\",\"potentialAction\":[{\"@type\":\"ReadAction\",\"target\":[\"https:\/\/www.msds-europe.com\/sk\/o-softveri-na-vytvaranie-kariet-bezpecnostnych-udajov\/\"]}]},{\"@type\":\"BreadcrumbList\",\"@id\":\"https:\/\/www.msds-europe.com\/sk\/o-softveri-na-vytvaranie-kariet-bezpecnostnych-udajov\/#breadcrumb\",\"itemListElement\":[{\"@type\":\"ListItem\",\"position\":1,\"name\":\"F\u0151oldal\",\"item\":\"https:\/\/www.msds-europe.com\/sk\/\"},{\"@type\":\"ListItem\",\"position\":2,\"name\":\"Softv\u00e9r na vytv\u00e1ranie kariet bezpe\u010dnostn\u00fdch \u00fadajov\"}]},{\"@type\":\"WebSite\",\"@id\":\"https:\/\/www.msds-europe.com\/es\/#website\",\"url\":\"https:\/\/www.msds-europe.com\/es\/\",\"name\":\"MSDS Europe\",\"description\":\"\",\"publisher\":{\"@id\":\"https:\/\/www.msds-europe.com\/es\/#organization\"},\"potentialAction\":[{\"@type\":\"SearchAction\",\"target\":{\"@type\":\"EntryPoint\",\"urlTemplate\":\"https:\/\/www.msds-europe.com\/es\/?s={search_term_string}\"},\"query-input\":{\"@type\":\"PropertyValueSpecification\",\"valueRequired\":true,\"valueName\":\"search_term_string\"}}],\"inLanguage\":\"sk-SK\"},{\"@type\":\"Organization\",\"@id\":\"https:\/\/www.msds-europe.com\/es\/#organization\",\"name\":\"MSDS-Europe International branch of ToxInfo\",\"url\":\"https:\/\/www.msds-europe.com\/es\/\",\"logo\":{\"@type\":\"ImageObject\",\"inLanguage\":\"sk-SK\",\"@id\":\"https:\/\/www.msds-europe.com\/es\/#\/schema\/logo\/image\/\",\"url\":\"https:\/\/www.msds-europe.com\/wp-content\/uploads\/2021\/04\/msds-europe-logo.jpg\",\"contentUrl\":\"https:\/\/www.msds-europe.com\/wp-content\/uploads\/2021\/04\/msds-europe-logo.jpg\",\"width\":2296,\"height\":1067,\"caption\":\"MSDS-Europe International branch of ToxInfo\"},\"image\":{\"@id\":\"https:\/\/www.msds-europe.com\/es\/#\/schema\/logo\/image\/\"},\"sameAs\":[\"https:\/\/www.facebook.com\/toxinfokft\/\",\"https:\/\/x.com\/ToxInfoKft\"]}]}<\/script>\n<!-- \/ Yoast SEO plugin. -->","yoast_head_json":{"title":"Softv\u00e9r na vytv\u00e1ranie kariet bezpe\u010dnostn\u00fdch \u00fadajov","description":"\u010co je potrebn\u00e9 zv\u00e1\u017ei\u0165 sk\u00f4r, ako za\u010dnete pou\u017e\u00edva\u0165 softv\u00e9r na vytv\u00e1ranie kariet bezpe\u010dnostn\u00fdch \u00fadajov. MSDS-Europe","robots":{"index":"index","follow":"follow","max-snippet":"max-snippet:-1","max-image-preview":"max-image-preview:large","max-video-preview":"max-video-preview:-1"},"canonical":"https:\/\/www.msds-europe.com\/sk\/o-softveri-na-vytvaranie-kariet-bezpecnostnych-udajov\/","og_locale":"sk_SK","og_type":"article","og_title":"Softv\u00e9r na vytv\u00e1ranie kariet bezpe\u010dnostn\u00fdch \u00fadajov","og_description":"\u010co je potrebn\u00e9 zv\u00e1\u017ei\u0165 sk\u00f4r, ako za\u010dnete pou\u017e\u00edva\u0165 softv\u00e9r na vytv\u00e1ranie kariet bezpe\u010dnostn\u00fdch \u00fadajov. MSDS-Europe","og_url":"https:\/\/www.msds-europe.com\/sk\/o-softveri-na-vytvaranie-kariet-bezpecnostnych-udajov\/","og_site_name":"MSDS Europe","article_publisher":"https:\/\/www.facebook.com\/toxinfokft\/","article_modified_time":"2026-02-25T10:45:48+00:00","twitter_card":"summary_large_image","twitter_site":"@ToxInfoKft","twitter_misc":{"Predpokladan\u00fd \u010das \u010d\u00edtania":"3 min\u00faty"},"schema":{"@context":"https:\/\/schema.org","@graph":[{"@type":"WebPage","@id":"https:\/\/www.msds-europe.com\/sk\/o-softveri-na-vytvaranie-kariet-bezpecnostnych-udajov\/","url":"https:\/\/www.msds-europe.com\/sk\/o-softveri-na-vytvaranie-kariet-bezpecnostnych-udajov\/","name":"Softv\u00e9r na vytv\u00e1ranie kariet bezpe\u010dnostn\u00fdch \u00fadajov","isPartOf":{"@id":"https:\/\/www.msds-europe.com\/es\/#website"},"datePublished":"2018-06-19T13:43:49+00:00","dateModified":"2026-02-25T10:45:48+00:00","description":"\u010co je potrebn\u00e9 zv\u00e1\u017ei\u0165 sk\u00f4r, ako za\u010dnete pou\u017e\u00edva\u0165 softv\u00e9r na vytv\u00e1ranie kariet bezpe\u010dnostn\u00fdch \u00fadajov. MSDS-Europe","breadcrumb":{"@id":"https:\/\/www.msds-europe.com\/sk\/o-softveri-na-vytvaranie-kariet-bezpecnostnych-udajov\/#breadcrumb"},"inLanguage":"sk-SK","potentialAction":[{"@type":"ReadAction","target":["https:\/\/www.msds-europe.com\/sk\/o-softveri-na-vytvaranie-kariet-bezpecnostnych-udajov\/"]}]},{"@type":"BreadcrumbList","@id":"https:\/\/www.msds-europe.com\/sk\/o-softveri-na-vytvaranie-kariet-bezpecnostnych-udajov\/#breadcrumb","itemListElement":[{"@type":"ListItem","position":1,"name":"F\u0151oldal","item":"https:\/\/www.msds-europe.com\/sk\/"},{"@type":"ListItem","position":2,"name":"Softv\u00e9r na vytv\u00e1ranie kariet bezpe\u010dnostn\u00fdch \u00fadajov"}]},{"@type":"WebSite","@id":"https:\/\/www.msds-europe.com\/es\/#website","url":"https:\/\/www.msds-europe.com\/es\/","name":"MSDS Europe","description":"","publisher":{"@id":"https:\/\/www.msds-europe.com\/es\/#organization"},"potentialAction":[{"@type":"SearchAction","target":{"@type":"EntryPoint","urlTemplate":"https:\/\/www.msds-europe.com\/es\/?s={search_term_string}"},"query-input":{"@type":"PropertyValueSpecification","valueRequired":true,"valueName":"search_term_string"}}],"inLanguage":"sk-SK"},{"@type":"Organization","@id":"https:\/\/www.msds-europe.com\/es\/#organization","name":"MSDS-Europe International branch of ToxInfo","url":"https:\/\/www.msds-europe.com\/es\/","logo":{"@type":"ImageObject","inLanguage":"sk-SK","@id":"https:\/\/www.msds-europe.com\/es\/#\/schema\/logo\/image\/","url":"https:\/\/www.msds-europe.com\/wp-content\/uploads\/2021\/04\/msds-europe-logo.jpg","contentUrl":"https:\/\/www.msds-europe.com\/wp-content\/uploads\/2021\/04\/msds-europe-logo.jpg","width":2296,"height":1067,"caption":"MSDS-Europe International branch of ToxInfo"},"image":{"@id":"https:\/\/www.msds-europe.com\/es\/#\/schema\/logo\/image\/"},"sameAs":["https:\/\/www.facebook.com\/toxinfokft\/","https:\/\/x.com\/ToxInfoKft"]}]}},"_links":{"self":[{"href":"https:\/\/www.msds-europe.com\/sk\/wp-json\/wp\/v2\/pages\/5148","targetHints":{"allow":["GET"]}}],"collection":[{"href":"https:\/\/www.msds-europe.com\/sk\/wp-json\/wp\/v2\/pages"}],"about":[{"href":"https:\/\/www.msds-europe.com\/sk\/wp-json\/wp\/v2\/types\/page"}],"author":[{"embeddable":true,"href":"https:\/\/www.msds-europe.com\/sk\/wp-json\/wp\/v2\/users\/2"}],"replies":[{"embeddable":true,"href":"https:\/\/www.msds-europe.com\/sk\/wp-json\/wp\/v2\/comments?post=5148"}],"version-history":[{"count":10,"href":"https:\/\/www.msds-europe.com\/sk\/wp-json\/wp\/v2\/pages\/5148\/revisions"}],"predecessor-version":[{"id":37826,"href":"https:\/\/www.msds-europe.com\/sk\/wp-json\/wp\/v2\/pages\/5148\/revisions\/37826"}],"wp:attachment":[{"href":"https:\/\/www.msds-europe.com\/sk\/wp-json\/wp\/v2\/media?parent=5148"}],"wp:term":[{"taxonomy":"post_tag","embeddable":true,"href":"https:\/\/www.msds-europe.com\/sk\/wp-json\/wp\/v2\/tags?post=5148"}],"curies":[{"name":"wp","href":"https:\/\/api.w.org\/{rel}","templated":true}]}}