{"id":4895,"date":"2018-06-18T12:59:02","date_gmt":"2018-06-18T12:59:02","guid":{"rendered":"http:\/\/www.msds-europe.com\/uzitocne-zakladne-materialy-a-prirucky-pre-karty-bezpecnostnych-udajov\/"},"modified":"2026-03-11T14:17:04","modified_gmt":"2026-03-11T14:17:04","slug":"uzitocne-zakladne-materialy-prirucky-pre-karty-bezpecnostnych-udajov","status":"publish","type":"page","link":"https:\/\/www.msds-europe.com\/sk\/uzitocne-zakladne-materialy-prirucky-pre-karty-bezpecnostnych-udajov\/","title":{"rendered":"U\u017eito\u010dn\u00e9 z\u00e1kladn\u00e9 materi\u00e1ly a pr\u00edru\u010dky pre karty bezpe\u010dnostn\u00fdch \u00fadajov"},"content":{"rendered":"<p style=\"text-align: right;\"><em><a href=\"https:\/\/www.msds-europe.com\/sk\/\">MSDS-Europe<\/a> \u2013 Z\u00e1klad\u0148a vedomost\u00ed pre karty bezpe\u010dnostn\u00fdch \u00fadajov<\/em><\/p>\n<p>&nbsp;<\/p>\n<p style=\"text-align: justify;\">Z\u00e1klad\u0148a vedomost\u00ed pre <a href=\"https:\/\/www.msds-europe.com\/sk\/definicia-karty-bezpecnostnych-udajov\/\">karty bezpe\u010dnostn\u00fdch \u00fadajov<\/a> poskytuje pomoc pri porozumen\u00ed karte bezpe\u010dnostn\u00fdch \u00fadajov a s\u00favisiacim <a href=\"https:\/\/www.msds-europe.com\/sk\/regulacne-zmeny-v-oblasti-chemickej-bezpecnosti\/\">regula\u010dn\u00fdm po\u017eiadavk\u00e1m<\/a>.<\/p>\n<p>&nbsp;<\/p>\n<h2>\u00da\u010del z\u00e1kladne vedomost\u00ed pre karty bezpe\u010dnostn\u00fdch \u00fadajov<\/h2>\n<p style=\"text-align: justify;\">Vytvoren\u00edm tejto z\u00e1kladne vedomost\u00ed chceme pom\u00f4c\u0165 spolo\u010dnostiam pri pr\u00e1ci s nebezpe\u010dn\u00fdmi zmesami a materi\u00e1lmi.<\/p>\n<p style=\"text-align: justify;\">Publikujeme najm\u00e4 \u010dl\u00e1nky z kateg\u00f3rie \u201eZ\u00e1klad\u0148a vedomost\u00ed pre karty bezpe\u010dnostn\u00fdch \u00fadajov\u201c, ktor\u00e9 upozor\u0148uj\u00fa na z\u00e1kladn\u00e9 povinnosti v oblasti kariet bezpe\u010dnostn\u00fdch \u00fadajov alebo m\u00f4\u017eu sl\u00fa\u017ei\u0165 ako bezprostredn\u00fd zdroj inform\u00e1ci\u00ed bez potreby d\u00f4kladn\u00e9ho \u0161t\u00fadia pr\u00edslu\u0161n\u00fdch predpisov.<\/p>\n<p style=\"text-align: justify;\">Rozpoznanie povinnost\u00ed a \u00faloh s\u00favisiacich s kartami bezpe\u010dnostn\u00fdch \u00fadajov predstavuje iba prv\u00fd krok. Vhodn\u00e1 z\u00e1klad\u0148a vedomost\u00ed je potrebn\u00e1 na pr\u00edpravu konkr\u00e9tnej strat\u00e9gie rie\u0161enia s cie\u013eom pos\u00fadi\u0165 zodpovedaj\u00facu potrebu \u013eudsk\u00fdch zdrojov alebo externej asistencie. V pr\u00edpade najatia spolo\u010dnosti poskytuj\u00facej poradenstvo\/slu\u017eby je nutn\u00e9 pozna\u0165 pr\u00edslu\u0161n\u00e9 predpisy v takej miere, aby bolo mo\u017en\u00e9 kvalifikova\u0165 a riadi\u0165 vykon\u00e1van\u00e9 pr\u00e1ce (alebo vyu\u017e\u00edvan\u00e9 slu\u017eby).<\/p>\n<p style=\"text-align: justify;\"><strong>Pozor!<\/strong> Niektor\u00e9 \u010dl\u00e1nky v \u201eZ\u00e1kladni vedomost\u00ed pre karty bezpe\u010dnostn\u00fdch \u00fadajov\u201c nemusia nevyhnutne zoh\u013ead\u0148ova\u0165 v\u0161etky prvky chemickej bezpe\u010dnosti (z d\u00f4vodu lep\u0161ej zrozumite\u013enosti), preto m\u00f4\u017eu obsahova\u0165 niektor\u00e9 zjednodu\u0161uj\u00face formul\u00e1cie. V ka\u017edom pr\u00edpade je nutn\u00e9 definova\u0165 \u00falohy t\u00fdkaj\u00face sa chemickej bezpe\u010dnosti konkr\u00e9tne pre pr\u00edslu\u0161n\u00fa spolo\u010dnos\u0165 a za autentick\u00e9 je mo\u017en\u00e9 pova\u017eova\u0165 iba znenie pr\u00edslu\u0161n\u00fdch pr\u00e1vnych predpisov.<\/p>\n<p style=\"text-align: justify;\">Pre\u010d\u00edtajte si najnov\u0161ie predpisy v oblasti chemickej bezpe\u010dnosti v \u201e<a href=\"https:\/\/www.msds-europe.com\/sk\/regulacne-zmeny-v-oblasti-chemickej-bezpecnosti\/\">Monitor legislat\u00edvnych zmien<\/a>\u201c.<\/p>\n<p>&nbsp;<\/p>\n<p><em><span style=\"color: #333333;\">Najnov\u0161ie \u010dl\u00e1nky z kateg\u00f3rie z\u00e1kladne vedomost\u00ed pre karty bezpe\u010dnostn\u00fdch \u00fadajov<\/span><\/em><\/p>\n<ul>\n<li><a href=\"https:\/\/www.msds-europe.com\/sk\/clp-2026-triedy-nebezpecnosti-zmesi-sds-oznacovanie\/\"><em>CLP 2026: Nov\u00e9 triedy nebezpe\u010dnosti pre zmesi \u2013 \u010do robi\u0165<\/em><\/a><\/li>\n<li><a href=\"https:\/\/www.msds-europe.com\/sk\/sds-oddiel-1-identifikator-produktu-zmesi-ufi\/\"><em>SDS oddiel 1: identifik\u00e1tor produktu a UFI<\/em><\/a><\/li>\n<li><a href=\"https:\/\/www.msds-europe.com\/sk\/sds-informacne-zdroje-databazy\/\"><em>U\u017eito\u010dn\u00e9 informa\u010dn\u00e9 zdroje a datab\u00e1zy na pr\u00edpravu SDS<\/em><\/a><\/li>\n<li><a href=\"https:\/\/www.msds-europe.com\/sk\/sds-jazykove-poziadavky\/\"><em>Jazyk karty bezpe\u010dnostn\u00fdch \u00fadajov v E\u00da<\/em><\/a><\/li>\n<\/ul>\n<p>&nbsp;<\/p>\n<h4><span style=\"color: #333333;\">\u010eal\u0161ie u\u017eito\u010dn\u00e9 \u010dl\u00e1nky<a href=\"https:\/\/www.msds-europe.com\/sk\/kompas-k-chemickej-bezpecnosti\/\"><img decoding=\"async\" class=\"alignright size-full wp-image-36426\" src=\"https:\/\/www.msds-europe.com\/wp-content\/uploads\/2026\/02\/Kompas-k-chemickej-bezpecnosti.jpg\" alt=\"\" width=\"300\" height=\"180\" \/><\/a><\/span><\/h4>\n<h3>Kompas pre chemick\u00fa bezpe\u010dnos\u0165<\/h3>\n<p><strong>Chemick\u00e1 bezpe\u010dnos\u0165 v zrozumite\u013enom jazyku.<\/strong><\/p>\n<p style=\"text-align: justify;\">Pr\u00edstupn\u00e9 \u010dl\u00e1nky o chemickej bezpe\u010dnosti nap\u00edsan\u00e9 zrozumite\u013ene \u2014 s u\u017eito\u010dn\u00fdmi s\u00favislos\u0165ami a praktickou anal\u00fdzou.<\/p>\n<p><em>Novinky v <a href=\"https:\/\/www.msds-europe.com\/sk\/kompas-k-chemickej-bezpecnosti\/\">Kompase chemickej bezpe\u010dnosti<\/a>:<\/em><\/p>\n<ul>\n<li><a href=\"https:\/\/www.msds-europe.com\/sk\/kompas-k-chemickej-bezpecnosti\/#firefighting-foams\"><em>Postupn\u00e9 ukon\u010denie pou\u017e\u00edvania hasiacich pien obsahuj\u00facich PFAS: term\u00edny, prechod a nakladanie s odpadom<\/em><\/a><\/li>\n<li><a href=\"https:\/\/www.msds-europe.com\/sk\/kompas-k-chemickej-bezpecnosti\/#clp-trap\"><em>Pasca CLP pre v\u00fdrobcov zmes\u00ed v roku 2026: lehoty pre l\u00e1tky a zmesi a body, ktor\u00e9 si vy\u017eaduj\u00fa opatrenia<\/em><\/a><\/li>\n<li><a href=\"https:\/\/www.msds-europe.com\/sk\/kompas-k-chemickej-bezpecnosti\/#digital-label\"><em>Digit\u00e1lna etiketa v CLP: povinnosti, kroky spolo\u010dnosti a technick\u00e1 implement\u00e1cia (QR k\u00f3d)<\/em><\/a><\/li>\n<li><a href=\"https:\/\/www.msds-europe.com\/sk\/kompas-k-chemickej-bezpecnosti\/#kalendar-2026\"><em>Kalend\u00e1r 2026 term\u00ednov a opatren\u00ed v oblasti chemickej bezpe\u010dnosti<\/em><\/a><\/li>\n<li><a href=\"https:\/\/www.msds-europe.com\/sk\/kompas-k-chemickej-bezpecnosti\/#online-reklama\"><em>Nov\u00e9 pravidl\u00e1 CLP pre e-shopy: ozna\u010dovanie a reklama<\/em><\/a><\/li>\n<\/ul>\n<p>&nbsp;<\/p>\n<h3>Bezplatn\u00e1 konzult\u00e1cia online<\/h3>\n<p style=\"text-align: justify;\">Pokia\u013e ste na na\u0161ich webov\u00fdch str\u00e1nkach nena\u0161li inform\u00e1cie, ktor\u00e9 potrebujete, polo\u017ete svoju ot\u00e1zku t\u00fdkaj\u00facu sa kariet bezpe\u010dnostn\u00fdch \u00fadajov priamo n\u00e1\u0161mu odborn\u00edkovi.<\/p>\n<p style=\"text-align: justify;\">Na odoslanie ot\u00e1zky pou\u017eite, pros\u00edm, nasleduj\u00facu aplik\u00e1ciu na odosielanie spr\u00e1v: <a href=\"https:\/\/www.msds-europe.com\/sk\/online-konzultacie\/\">Bezplatn\u00e1 konzult\u00e1cia online<\/a><\/p>\n<p>&nbsp;<\/p>\n<h3>Na\u0161e slu\u017eby<\/h3>\n<p style=\"text-align: justify;\">S cie\u013eom rie\u0161enia probl\u00e9mov a povinnost\u00ed s\u00favisiacich s kartami bezpe\u010dnostn\u00fdch \u00fadajov odpor\u00fa\u010dame na\u0161e slu\u017eby <a href=\"https:\/\/www.msds-europe.com\/sk\/zostavenie-a-vytvorenie-karty-bezpecnostnych-udajov\/\">tvorby<\/a>, <a href=\"https:\/\/www.msds-europe.com\/sk\/preklad-karty-bezpecnostnych-udajov\/\">prekladu<\/a> a <a href=\"https:\/\/www.msds-europe.com\/sk\/karta-bezpecnostnych-udajov-revizie-aktualizacie\/\">rev\u00edzie<\/a> kariet bezpe\u010dnostn\u00fdch \u00fadajov.<\/p>\n<p>&nbsp;<\/p>\n","protected":false},"excerpt":{"rendered":"<p>S\u00fahrn u\u017eito\u010dn\u00fdch z\u00e1kladn\u00fdch materi\u00e1lov a pr\u00edru\u010diek na v\u00fdklad a pr\u00edpravu kariet bezpe\u010dnostn\u00fdch \u00fadajov.<\/p>\n","protected":false},"author":2,"featured_media":0,"parent":0,"menu_order":0,"comment_status":"closed","ping_status":"closed","template":"page-category.php","meta":{"_acf_changed":false,"footnotes":""},"tags":[264,311,362],"class_list":["post-4895","page","type-page","status-publish","hentry","tag-karta-bezpecnostnych-udajov-sk","tag-zakladna-vedomosti-sk","tag-zakladna-vedomosti-pre-kartu-bezpecnostnych-udajov"],"acf":[],"yoast_head":"<!-- This site is optimized with the Yoast SEO plugin v27.2 - https:\/\/yoast.com\/product\/yoast-seo-wordpress\/ -->\n<title>Karta bezpe\u010dnostn\u00fdch \u00fadajov \u2013 u\u017eito\u010dn\u00e9 inform\u00e1cie a tipy<\/title>\n<meta name=\"description\" content=\"Z\u00e1klad\u0148a vedomost\u00ed obsahuje u\u017eito\u010dn\u00e9 materi\u00e1ly a \u010dl\u00e1nky na pochopenie kariet bezpe\u010dnostn\u00fdch \u00fadajov a s\u00favisiacich predpisov.\" \/>\n<meta name=\"robots\" content=\"index, follow, max-snippet:-1, max-image-preview:large, max-video-preview:-1\" \/>\n<link rel=\"canonical\" href=\"https:\/\/www.msds-europe.com\/sk\/uzitocne-zakladne-materialy-prirucky-pre-karty-bezpecnostnych-udajov\/\" \/>\n<meta property=\"og:locale\" content=\"sk_SK\" \/>\n<meta property=\"og:type\" content=\"article\" \/>\n<meta property=\"og:title\" content=\"Karta bezpe\u010dnostn\u00fdch \u00fadajov \u2013 u\u017eito\u010dn\u00e9 inform\u00e1cie a tipy\" \/>\n<meta property=\"og:description\" content=\"Z\u00e1klad\u0148a vedomost\u00ed obsahuje u\u017eito\u010dn\u00e9 materi\u00e1ly a \u010dl\u00e1nky na pochopenie kariet bezpe\u010dnostn\u00fdch \u00fadajov a s\u00favisiacich predpisov.\" \/>\n<meta property=\"og:url\" content=\"https:\/\/www.msds-europe.com\/sk\/uzitocne-zakladne-materialy-prirucky-pre-karty-bezpecnostnych-udajov\/\" \/>\n<meta property=\"og:site_name\" content=\"MSDS Europe\" \/>\n<meta property=\"article:publisher\" content=\"https:\/\/www.facebook.com\/toxinfokft\/\" \/>\n<meta property=\"article:modified_time\" content=\"2026-03-11T14:17:04+00:00\" \/>\n<meta property=\"og:image\" content=\"https:\/\/www.msds-europe.com\/wp-content\/uploads\/2026\/02\/Kompas-k-chemickej-bezpecnosti.jpg\" \/>\n\t<meta property=\"og:image:width\" content=\"300\" \/>\n\t<meta property=\"og:image:height\" content=\"180\" \/>\n\t<meta property=\"og:image:type\" content=\"image\/jpeg\" \/>\n<meta name=\"twitter:card\" content=\"summary_large_image\" \/>\n<meta name=\"twitter:site\" content=\"@ToxInfoKft\" \/>\n<meta name=\"twitter:label1\" content=\"Predpokladan\u00fd \u010das \u010d\u00edtania\" \/>\n\t<meta name=\"twitter:data1\" content=\"3 min\u00faty\" \/>\n<script type=\"application\/ld+json\" class=\"yoast-schema-graph\">{\"@context\":\"https:\/\/schema.org\",\"@graph\":[{\"@type\":\"WebPage\",\"@id\":\"https:\/\/www.msds-europe.com\/sk\/uzitocne-zakladne-materialy-prirucky-pre-karty-bezpecnostnych-udajov\/\",\"url\":\"https:\/\/www.msds-europe.com\/sk\/uzitocne-zakladne-materialy-prirucky-pre-karty-bezpecnostnych-udajov\/\",\"name\":\"Karta bezpe\u010dnostn\u00fdch \u00fadajov \u2013 u\u017eito\u010dn\u00e9 inform\u00e1cie a tipy\",\"isPartOf\":{\"@id\":\"https:\/\/www.msds-europe.com\/es\/#website\"},\"primaryImageOfPage\":{\"@id\":\"https:\/\/www.msds-europe.com\/sk\/uzitocne-zakladne-materialy-prirucky-pre-karty-bezpecnostnych-udajov\/#primaryimage\"},\"image\":{\"@id\":\"https:\/\/www.msds-europe.com\/sk\/uzitocne-zakladne-materialy-prirucky-pre-karty-bezpecnostnych-udajov\/#primaryimage\"},\"thumbnailUrl\":\"https:\/\/www.msds-europe.com\/wp-content\/uploads\/2026\/02\/Kompas-k-chemickej-bezpecnosti.jpg\",\"datePublished\":\"2018-06-18T12:59:02+00:00\",\"dateModified\":\"2026-03-11T14:17:04+00:00\",\"description\":\"Z\u00e1klad\u0148a vedomost\u00ed obsahuje u\u017eito\u010dn\u00e9 materi\u00e1ly a \u010dl\u00e1nky na pochopenie kariet bezpe\u010dnostn\u00fdch \u00fadajov a s\u00favisiacich predpisov.\",\"breadcrumb\":{\"@id\":\"https:\/\/www.msds-europe.com\/sk\/uzitocne-zakladne-materialy-prirucky-pre-karty-bezpecnostnych-udajov\/#breadcrumb\"},\"inLanguage\":\"sk-SK\",\"potentialAction\":[{\"@type\":\"ReadAction\",\"target\":[\"https:\/\/www.msds-europe.com\/sk\/uzitocne-zakladne-materialy-prirucky-pre-karty-bezpecnostnych-udajov\/\"]}]},{\"@type\":\"ImageObject\",\"inLanguage\":\"sk-SK\",\"@id\":\"https:\/\/www.msds-europe.com\/sk\/uzitocne-zakladne-materialy-prirucky-pre-karty-bezpecnostnych-udajov\/#primaryimage\",\"url\":\"https:\/\/www.msds-europe.com\/wp-content\/uploads\/2026\/02\/Kompas-k-chemickej-bezpecnosti.jpg\",\"contentUrl\":\"https:\/\/www.msds-europe.com\/wp-content\/uploads\/2026\/02\/Kompas-k-chemickej-bezpecnosti.jpg\"},{\"@type\":\"BreadcrumbList\",\"@id\":\"https:\/\/www.msds-europe.com\/sk\/uzitocne-zakladne-materialy-prirucky-pre-karty-bezpecnostnych-udajov\/#breadcrumb\",\"itemListElement\":[{\"@type\":\"ListItem\",\"position\":1,\"name\":\"F\u0151oldal\",\"item\":\"https:\/\/www.msds-europe.com\/sk\/\"},{\"@type\":\"ListItem\",\"position\":2,\"name\":\"U\u017eito\u010dn\u00e9 z\u00e1kladn\u00e9 materi\u00e1ly a pr\u00edru\u010dky pre karty bezpe\u010dnostn\u00fdch \u00fadajov\"}]},{\"@type\":\"WebSite\",\"@id\":\"https:\/\/www.msds-europe.com\/es\/#website\",\"url\":\"https:\/\/www.msds-europe.com\/es\/\",\"name\":\"MSDS Europe\",\"description\":\"\",\"publisher\":{\"@id\":\"https:\/\/www.msds-europe.com\/es\/#organization\"},\"potentialAction\":[{\"@type\":\"SearchAction\",\"target\":{\"@type\":\"EntryPoint\",\"urlTemplate\":\"https:\/\/www.msds-europe.com\/es\/?s={search_term_string}\"},\"query-input\":{\"@type\":\"PropertyValueSpecification\",\"valueRequired\":true,\"valueName\":\"search_term_string\"}}],\"inLanguage\":\"sk-SK\"},{\"@type\":\"Organization\",\"@id\":\"https:\/\/www.msds-europe.com\/es\/#organization\",\"name\":\"MSDS-Europe International branch of ToxInfo\",\"url\":\"https:\/\/www.msds-europe.com\/es\/\",\"logo\":{\"@type\":\"ImageObject\",\"inLanguage\":\"sk-SK\",\"@id\":\"https:\/\/www.msds-europe.com\/es\/#\/schema\/logo\/image\/\",\"url\":\"https:\/\/www.msds-europe.com\/wp-content\/uploads\/2021\/04\/msds-europe-logo.jpg\",\"contentUrl\":\"https:\/\/www.msds-europe.com\/wp-content\/uploads\/2021\/04\/msds-europe-logo.jpg\",\"width\":2296,\"height\":1067,\"caption\":\"MSDS-Europe International branch of ToxInfo\"},\"image\":{\"@id\":\"https:\/\/www.msds-europe.com\/es\/#\/schema\/logo\/image\/\"},\"sameAs\":[\"https:\/\/www.facebook.com\/toxinfokft\/\",\"https:\/\/x.com\/ToxInfoKft\"]}]}<\/script>\n<!-- \/ Yoast SEO plugin. -->","yoast_head_json":{"title":"Karta bezpe\u010dnostn\u00fdch \u00fadajov \u2013 u\u017eito\u010dn\u00e9 inform\u00e1cie a tipy","description":"Z\u00e1klad\u0148a vedomost\u00ed obsahuje u\u017eito\u010dn\u00e9 materi\u00e1ly a \u010dl\u00e1nky na pochopenie kariet bezpe\u010dnostn\u00fdch \u00fadajov a s\u00favisiacich predpisov.","robots":{"index":"index","follow":"follow","max-snippet":"max-snippet:-1","max-image-preview":"max-image-preview:large","max-video-preview":"max-video-preview:-1"},"canonical":"https:\/\/www.msds-europe.com\/sk\/uzitocne-zakladne-materialy-prirucky-pre-karty-bezpecnostnych-udajov\/","og_locale":"sk_SK","og_type":"article","og_title":"Karta bezpe\u010dnostn\u00fdch \u00fadajov \u2013 u\u017eito\u010dn\u00e9 inform\u00e1cie a tipy","og_description":"Z\u00e1klad\u0148a vedomost\u00ed obsahuje u\u017eito\u010dn\u00e9 materi\u00e1ly a \u010dl\u00e1nky na pochopenie kariet bezpe\u010dnostn\u00fdch \u00fadajov a s\u00favisiacich predpisov.","og_url":"https:\/\/www.msds-europe.com\/sk\/uzitocne-zakladne-materialy-prirucky-pre-karty-bezpecnostnych-udajov\/","og_site_name":"MSDS Europe","article_publisher":"https:\/\/www.facebook.com\/toxinfokft\/","article_modified_time":"2026-03-11T14:17:04+00:00","og_image":[{"width":300,"height":180,"url":"https:\/\/www.msds-europe.com\/wp-content\/uploads\/2026\/02\/Kompas-k-chemickej-bezpecnosti.jpg","type":"image\/jpeg"}],"twitter_card":"summary_large_image","twitter_site":"@ToxInfoKft","twitter_misc":{"Predpokladan\u00fd \u010das \u010d\u00edtania":"3 min\u00faty"},"schema":{"@context":"https:\/\/schema.org","@graph":[{"@type":"WebPage","@id":"https:\/\/www.msds-europe.com\/sk\/uzitocne-zakladne-materialy-prirucky-pre-karty-bezpecnostnych-udajov\/","url":"https:\/\/www.msds-europe.com\/sk\/uzitocne-zakladne-materialy-prirucky-pre-karty-bezpecnostnych-udajov\/","name":"Karta bezpe\u010dnostn\u00fdch \u00fadajov \u2013 u\u017eito\u010dn\u00e9 inform\u00e1cie a tipy","isPartOf":{"@id":"https:\/\/www.msds-europe.com\/es\/#website"},"primaryImageOfPage":{"@id":"https:\/\/www.msds-europe.com\/sk\/uzitocne-zakladne-materialy-prirucky-pre-karty-bezpecnostnych-udajov\/#primaryimage"},"image":{"@id":"https:\/\/www.msds-europe.com\/sk\/uzitocne-zakladne-materialy-prirucky-pre-karty-bezpecnostnych-udajov\/#primaryimage"},"thumbnailUrl":"https:\/\/www.msds-europe.com\/wp-content\/uploads\/2026\/02\/Kompas-k-chemickej-bezpecnosti.jpg","datePublished":"2018-06-18T12:59:02+00:00","dateModified":"2026-03-11T14:17:04+00:00","description":"Z\u00e1klad\u0148a vedomost\u00ed obsahuje u\u017eito\u010dn\u00e9 materi\u00e1ly a \u010dl\u00e1nky na pochopenie kariet bezpe\u010dnostn\u00fdch \u00fadajov a s\u00favisiacich predpisov.","breadcrumb":{"@id":"https:\/\/www.msds-europe.com\/sk\/uzitocne-zakladne-materialy-prirucky-pre-karty-bezpecnostnych-udajov\/#breadcrumb"},"inLanguage":"sk-SK","potentialAction":[{"@type":"ReadAction","target":["https:\/\/www.msds-europe.com\/sk\/uzitocne-zakladne-materialy-prirucky-pre-karty-bezpecnostnych-udajov\/"]}]},{"@type":"ImageObject","inLanguage":"sk-SK","@id":"https:\/\/www.msds-europe.com\/sk\/uzitocne-zakladne-materialy-prirucky-pre-karty-bezpecnostnych-udajov\/#primaryimage","url":"https:\/\/www.msds-europe.com\/wp-content\/uploads\/2026\/02\/Kompas-k-chemickej-bezpecnosti.jpg","contentUrl":"https:\/\/www.msds-europe.com\/wp-content\/uploads\/2026\/02\/Kompas-k-chemickej-bezpecnosti.jpg"},{"@type":"BreadcrumbList","@id":"https:\/\/www.msds-europe.com\/sk\/uzitocne-zakladne-materialy-prirucky-pre-karty-bezpecnostnych-udajov\/#breadcrumb","itemListElement":[{"@type":"ListItem","position":1,"name":"F\u0151oldal","item":"https:\/\/www.msds-europe.com\/sk\/"},{"@type":"ListItem","position":2,"name":"U\u017eito\u010dn\u00e9 z\u00e1kladn\u00e9 materi\u00e1ly a pr\u00edru\u010dky pre karty bezpe\u010dnostn\u00fdch \u00fadajov"}]},{"@type":"WebSite","@id":"https:\/\/www.msds-europe.com\/es\/#website","url":"https:\/\/www.msds-europe.com\/es\/","name":"MSDS Europe","description":"","publisher":{"@id":"https:\/\/www.msds-europe.com\/es\/#organization"},"potentialAction":[{"@type":"SearchAction","target":{"@type":"EntryPoint","urlTemplate":"https:\/\/www.msds-europe.com\/es\/?s={search_term_string}"},"query-input":{"@type":"PropertyValueSpecification","valueRequired":true,"valueName":"search_term_string"}}],"inLanguage":"sk-SK"},{"@type":"Organization","@id":"https:\/\/www.msds-europe.com\/es\/#organization","name":"MSDS-Europe International branch of ToxInfo","url":"https:\/\/www.msds-europe.com\/es\/","logo":{"@type":"ImageObject","inLanguage":"sk-SK","@id":"https:\/\/www.msds-europe.com\/es\/#\/schema\/logo\/image\/","url":"https:\/\/www.msds-europe.com\/wp-content\/uploads\/2021\/04\/msds-europe-logo.jpg","contentUrl":"https:\/\/www.msds-europe.com\/wp-content\/uploads\/2021\/04\/msds-europe-logo.jpg","width":2296,"height":1067,"caption":"MSDS-Europe International branch of ToxInfo"},"image":{"@id":"https:\/\/www.msds-europe.com\/es\/#\/schema\/logo\/image\/"},"sameAs":["https:\/\/www.facebook.com\/toxinfokft\/","https:\/\/x.com\/ToxInfoKft"]}]}},"_links":{"self":[{"href":"https:\/\/www.msds-europe.com\/sk\/wp-json\/wp\/v2\/pages\/4895","targetHints":{"allow":["GET"]}}],"collection":[{"href":"https:\/\/www.msds-europe.com\/sk\/wp-json\/wp\/v2\/pages"}],"about":[{"href":"https:\/\/www.msds-europe.com\/sk\/wp-json\/wp\/v2\/types\/page"}],"author":[{"embeddable":true,"href":"https:\/\/www.msds-europe.com\/sk\/wp-json\/wp\/v2\/users\/2"}],"replies":[{"embeddable":true,"href":"https:\/\/www.msds-europe.com\/sk\/wp-json\/wp\/v2\/comments?post=4895"}],"version-history":[{"count":27,"href":"https:\/\/www.msds-europe.com\/sk\/wp-json\/wp\/v2\/pages\/4895\/revisions"}],"predecessor-version":[{"id":38586,"href":"https:\/\/www.msds-europe.com\/sk\/wp-json\/wp\/v2\/pages\/4895\/revisions\/38586"}],"wp:attachment":[{"href":"https:\/\/www.msds-europe.com\/sk\/wp-json\/wp\/v2\/media?parent=4895"}],"wp:term":[{"taxonomy":"post_tag","embeddable":true,"href":"https:\/\/www.msds-europe.com\/sk\/wp-json\/wp\/v2\/tags?post=4895"}],"curies":[{"name":"wp","href":"https:\/\/api.w.org\/{rel}","templated":true}]}}