{"id":4750,"date":"2018-06-17T14:57:33","date_gmt":"2018-06-17T14:57:33","guid":{"rendered":"http:\/\/www.msds-europe.com\/zakaznicke-sluzby\/"},"modified":"2025-01-06T07:03:19","modified_gmt":"2025-01-06T07:03:19","slug":"zakaznicke-sluzby","status":"publish","type":"page","link":"https:\/\/www.msds-europe.com\/sk\/zakaznicke-sluzby\/","title":{"rendered":"Z\u00e1kazn\u00edcke slu\u017eby"},"content":{"rendered":"<p style=\"text-align: right;\"><em><a href=\"http:\/\/www.msds-europe.com\/sk\/\">MSDS-Europe<\/a> &#8211;\u00a0Z\u00e1kazn\u00edcke slu\u017eby<\/em><\/p>\n<h2 style=\"text-align: justify;\"><span style=\"color: #333333;\">Z\u00e1kazn\u00edcke slu\u017eby v oblasti chemickej bezpe\u010dnosti<\/span><\/h2>\n<p style=\"text-align: justify;\">Poskytujeme odborn\u00fa pomoc pri v\u00fdbere spr\u00e1vnej slu\u017eby a odpovede na ot\u00e1zky t\u00fdkaj\u00face sa chemickej bezpe\u010dnosti.<\/p>\n<p style=\"text-align: justify;\">Sme presved\u010den\u00ed, \u017ee jedn\u00fdm zo z\u00e1kladn\u00fdch kame\u0148ov d\u00f4very v na\u0161u spolo\u010dnos\u0165 s\u00fa vysokokvalitn\u00e9 z\u00e1kazn\u00edcke slu\u017eby, ktor\u00e9 poskytuj\u00fa vysokoefekt\u00edvnu asistenciu.<\/p>\n<p style=\"text-align: justify;\">Na ak\u00fako\u013evek p\u00edsomn\u00fa \u017eiados\u0165 odpovieme do <strong>24 hod\u00edn<\/strong>.<\/p>\n<p>&nbsp;<\/p>\n<h3>Kontaktn\u00e9 \u00fadaje<\/h3>\n<p><strong>E-mail:<\/strong> <a href=\"mailto:info@msds-europe.com\">info@msds-europe.com<\/a><\/p>\n<p><strong>Tel.:<\/strong>\u00a0<a href=\"tel:+36706376986\"><u>+36 70 637 6986<\/u><\/a><\/p>\n<p><strong>Po\u0161tov\u00e1 adresa:<\/strong>\u00a0H-1143 Budapest, Eleon\u00f3ra utca 8.<\/p>\n<p>&nbsp;<\/p>\n<h3>Pracovn\u00fd \u010das<\/h3>\n<p>Pracovn\u00e9 dni: 8.00 \u2013 16.00 CET<\/p>\n<p>&nbsp;<\/p>\n<h3>Ved\u00faci kancel\u00e1rie<\/h3>\n<h4>Dalma Peregi<\/h4>\n\n<div class=\"wpcf7 no-js\" id=\"wpcf7-f1118-o1\" lang=\"hu-HU\" dir=\"ltr\" data-wpcf7-id=\"1118\">\n<div class=\"screen-reader-response\"><p role=\"status\" aria-live=\"polite\" aria-atomic=\"true\"><\/p> <ul><\/ul><\/div>\n<form action=\"\/sk\/wp-json\/wp\/v2\/pages\/4750#wpcf7-f1118-o1\" method=\"post\" class=\"wpcf7-form init\" aria-label=\"Kapcsolatfelv\u00e9teli \u0171rlap\" novalidate=\"novalidate\" data-status=\"init\">\n<fieldset class=\"hidden-fields-container\"><input type=\"hidden\" name=\"_wpcf7\" value=\"1118\" \/><input type=\"hidden\" name=\"_wpcf7_version\" value=\"6.1.5\" \/><input type=\"hidden\" name=\"_wpcf7_locale\" value=\"hu_HU\" \/><input type=\"hidden\" name=\"_wpcf7_unit_tag\" value=\"wpcf7-f1118-o1\" \/><input type=\"hidden\" name=\"_wpcf7_container_post\" value=\"0\" \/><input type=\"hidden\" name=\"_wpcf7_posted_data_hash\" value=\"\" \/><input type=\"hidden\" name=\"_wpcf7_recaptcha_response\" value=\"\" \/>\n<\/fieldset>\n<div class=\"contact_page_form\">\n\t<div class=\"row contact_row\">\n\t\t<div class=\"col-sm-4\">\n\t\t\t<p><span class=\"wpcf7-form-control-wrap\" data-name=\"your-name\"><input size=\"40\" maxlength=\"400\" class=\"wpcf7-form-control wpcf7-text wpcf7-validates-as-required\" aria-required=\"true\" aria-invalid=\"false\" placeholder=\"Name*\" value=\"\" type=\"text\" name=\"your-name\" \/><\/span>\n\t\t\t<\/p>\n\t\t<\/div>\n\t\t<div class=\"col-sm-4\">\n\t\t\t<p><span class=\"wpcf7-form-control-wrap\" data-name=\"your-email\"><input size=\"40\" maxlength=\"400\" class=\"wpcf7-form-control wpcf7-email wpcf7-validates-as-required wpcf7-text wpcf7-validates-as-email\" aria-required=\"true\" aria-invalid=\"false\" placeholder=\"E-mail*\" value=\"\" type=\"email\" name=\"your-email\" \/><\/span>\n\t\t\t<\/p>\n\t\t<\/div>\n\t\t<div class=\"col-sm-4\">\n\t\t\t<p><span class=\"wpcf7-form-control-wrap\" data-name=\"your-phone\"><input size=\"40\" maxlength=\"400\" class=\"wpcf7-form-control wpcf7-text wpcf7-validates-as-required\" aria-required=\"true\" aria-invalid=\"false\" placeholder=\"Phone*\" value=\"\" type=\"text\" name=\"your-phone\" \/><\/span>\n\t\t\t<\/p>\n\t\t<\/div>\n\t<\/div>\n\t<div class=\"row contact_row\">\n\t\t<div class=\"col-sm-12\">\n\t\t\t<p><span class=\"wpcf7-form-control-wrap\" data-name=\"your-message\"><textarea cols=\"40\" rows=\"10\" maxlength=\"2000\" class=\"wpcf7-form-control wpcf7-textarea wpcf7-validates-as-required\" aria-required=\"true\" aria-invalid=\"false\" placeholder=\"Message*\" name=\"your-message\"><\/textarea><\/span>\n\t\t\t<\/p>\n\t\t<\/div>\n\t<\/div>\n\t<div class=\"row contact_row policy_row\">\n\t\t<div class=\"col-sm-12\">\n\t\t\t<p><span class=\"wpcf7-form-control-wrap\" data-name=\"policy\"><span class=\"wpcf7-form-control wpcf7-acceptance\"><span class=\"wpcf7-list-item\"><label><input type=\"checkbox\" name=\"policy\" value=\"1\" aria-invalid=\"false\" \/><span class=\"wpcf7-list-item-label\">I agree to the <a href=\"http:\/\/www.msds-europe.com\/privacy-policy\/\" target=\"_blank\" title=\"Privacy Policy\">Privacy Policy.<\/a><\/span><\/label><\/span><\/span><\/span>\n\t\t\t<\/p>\n\t\t<\/div>\n\t<\/div>\n\t<div class=\"row contact_row\">\n\t\t<div class=\"col-sm-12 text-center\">\n\t\t\t<p><input class=\"wpcf7-form-control wpcf7-submit has-spinner\" type=\"submit\" value=\"Send Message &raquo;\" \/>\n\t\t\t<\/p>\n\t\t<\/div>\n\t<\/div>\n<\/div><div class=\"wpcf7-response-output\" aria-hidden=\"true\"><\/div>\n<\/form>\n<\/div>\n\n<p>&nbsp;<\/p>\n","protected":false},"excerpt":{"rendered":"<p>M\u00f4\u017eete tie\u017e po\u017eiada\u0165 z\u00e1kazn\u00edcke slu\u017eby o ktor\u00fako\u013evek z na\u0161ich slu\u017eieb alebo si vy\u017eiada\u0165 odborn\u00fa radu ako pomoc pri v\u00fdbere spr\u00e1vnej slu\u017eby.<\/p>\n","protected":false},"author":2,"featured_media":0,"parent":0,"menu_order":0,"comment_status":"closed","ping_status":"closed","template":"","meta":{"_acf_changed":false,"footnotes":""},"class_list":["post-4750","page","type-page","status-publish","hentry"],"acf":[],"yoast_head":"<!-- This site is optimized with the Yoast SEO plugin v27.2 - https:\/\/yoast.com\/product\/yoast-seo-wordpress\/ -->\n<title>MSDS-Europe z\u00e1kazn\u00edcke slu\u017eby - Ke\u010f potrebujete pomoc<\/title>\n<meta name=\"description\" content=\"Z\u00e1kazn\u00edcke slu\u017eby v oblasti chemickej bezpe\u010dnosti. Pokia\u013e potrebujete pomoc alebo m\u00e1te ot\u00e1zky t\u00fdkaj\u00face sa na\u0161ich slu\u017eieb, kontaktujte, pros\u00edm, na\u0161e z\u00e1kazn\u00edcke slu\u017eby.\" \/>\n<meta name=\"robots\" content=\"index, follow, max-snippet:-1, max-image-preview:large, max-video-preview:-1\" \/>\n<link rel=\"canonical\" href=\"https:\/\/www.msds-europe.com\/sk\/zakaznicke-sluzby\/\" \/>\n<meta property=\"og:locale\" content=\"sk_SK\" \/>\n<meta property=\"og:type\" content=\"article\" \/>\n<meta property=\"og:title\" content=\"MSDS-Europe z\u00e1kazn\u00edcke slu\u017eby - Ke\u010f potrebujete pomoc\" \/>\n<meta property=\"og:description\" content=\"Z\u00e1kazn\u00edcke slu\u017eby v oblasti chemickej bezpe\u010dnosti. Pokia\u013e potrebujete pomoc alebo m\u00e1te ot\u00e1zky t\u00fdkaj\u00face sa na\u0161ich slu\u017eieb, kontaktujte, pros\u00edm, na\u0161e z\u00e1kazn\u00edcke slu\u017eby.\" \/>\n<meta property=\"og:url\" content=\"https:\/\/www.msds-europe.com\/sk\/zakaznicke-sluzby\/\" \/>\n<meta property=\"og:site_name\" content=\"MSDS Europe\" \/>\n<meta property=\"article:publisher\" content=\"https:\/\/www.facebook.com\/toxinfokft\/\" \/>\n<meta property=\"article:modified_time\" content=\"2025-01-06T07:03:19+00:00\" \/>\n<meta name=\"twitter:card\" content=\"summary_large_image\" \/>\n<meta name=\"twitter:site\" content=\"@ToxInfoKft\" \/>\n<meta name=\"twitter:label1\" content=\"Predpokladan\u00fd \u010das \u010d\u00edtania\" \/>\n\t<meta name=\"twitter:data1\" content=\"1 min\u00fata\" \/>\n<script type=\"application\/ld+json\" class=\"yoast-schema-graph\">{\"@context\":\"https:\/\/schema.org\",\"@graph\":[{\"@type\":\"WebPage\",\"@id\":\"https:\/\/www.msds-europe.com\/sk\/zakaznicke-sluzby\/\",\"url\":\"https:\/\/www.msds-europe.com\/sk\/zakaznicke-sluzby\/\",\"name\":\"MSDS-Europe z\u00e1kazn\u00edcke slu\u017eby - Ke\u010f potrebujete pomoc\",\"isPartOf\":{\"@id\":\"https:\/\/www.msds-europe.com\/es\/#website\"},\"datePublished\":\"2018-06-17T14:57:33+00:00\",\"dateModified\":\"2025-01-06T07:03:19+00:00\",\"description\":\"Z\u00e1kazn\u00edcke slu\u017eby v oblasti chemickej bezpe\u010dnosti. Pokia\u013e potrebujete pomoc alebo m\u00e1te ot\u00e1zky t\u00fdkaj\u00face sa na\u0161ich slu\u017eieb, kontaktujte, pros\u00edm, na\u0161e z\u00e1kazn\u00edcke slu\u017eby.\",\"breadcrumb\":{\"@id\":\"https:\/\/www.msds-europe.com\/sk\/zakaznicke-sluzby\/#breadcrumb\"},\"inLanguage\":\"sk-SK\",\"potentialAction\":[{\"@type\":\"ReadAction\",\"target\":[\"https:\/\/www.msds-europe.com\/sk\/zakaznicke-sluzby\/\"]}]},{\"@type\":\"BreadcrumbList\",\"@id\":\"https:\/\/www.msds-europe.com\/sk\/zakaznicke-sluzby\/#breadcrumb\",\"itemListElement\":[{\"@type\":\"ListItem\",\"position\":1,\"name\":\"F\u0151oldal\",\"item\":\"https:\/\/www.msds-europe.com\/sk\/\"},{\"@type\":\"ListItem\",\"position\":2,\"name\":\"Z\u00e1kazn\u00edcke slu\u017eby\"}]},{\"@type\":\"WebSite\",\"@id\":\"https:\/\/www.msds-europe.com\/es\/#website\",\"url\":\"https:\/\/www.msds-europe.com\/es\/\",\"name\":\"MSDS Europe\",\"description\":\"\",\"publisher\":{\"@id\":\"https:\/\/www.msds-europe.com\/es\/#organization\"},\"potentialAction\":[{\"@type\":\"SearchAction\",\"target\":{\"@type\":\"EntryPoint\",\"urlTemplate\":\"https:\/\/www.msds-europe.com\/es\/?s={search_term_string}\"},\"query-input\":{\"@type\":\"PropertyValueSpecification\",\"valueRequired\":true,\"valueName\":\"search_term_string\"}}],\"inLanguage\":\"sk-SK\"},{\"@type\":\"Organization\",\"@id\":\"https:\/\/www.msds-europe.com\/es\/#organization\",\"name\":\"MSDS-Europe International branch of ToxInfo\",\"url\":\"https:\/\/www.msds-europe.com\/es\/\",\"logo\":{\"@type\":\"ImageObject\",\"inLanguage\":\"sk-SK\",\"@id\":\"https:\/\/www.msds-europe.com\/es\/#\/schema\/logo\/image\/\",\"url\":\"https:\/\/www.msds-europe.com\/wp-content\/uploads\/2021\/04\/msds-europe-logo.jpg\",\"contentUrl\":\"https:\/\/www.msds-europe.com\/wp-content\/uploads\/2021\/04\/msds-europe-logo.jpg\",\"width\":2296,\"height\":1067,\"caption\":\"MSDS-Europe International branch of ToxInfo\"},\"image\":{\"@id\":\"https:\/\/www.msds-europe.com\/es\/#\/schema\/logo\/image\/\"},\"sameAs\":[\"https:\/\/www.facebook.com\/toxinfokft\/\",\"https:\/\/x.com\/ToxInfoKft\"]}]}<\/script>\n<!-- \/ Yoast SEO plugin. -->","yoast_head_json":{"title":"MSDS-Europe z\u00e1kazn\u00edcke slu\u017eby - Ke\u010f potrebujete pomoc","description":"Z\u00e1kazn\u00edcke slu\u017eby v oblasti chemickej bezpe\u010dnosti. Pokia\u013e potrebujete pomoc alebo m\u00e1te ot\u00e1zky t\u00fdkaj\u00face sa na\u0161ich slu\u017eieb, kontaktujte, pros\u00edm, na\u0161e z\u00e1kazn\u00edcke slu\u017eby.","robots":{"index":"index","follow":"follow","max-snippet":"max-snippet:-1","max-image-preview":"max-image-preview:large","max-video-preview":"max-video-preview:-1"},"canonical":"https:\/\/www.msds-europe.com\/sk\/zakaznicke-sluzby\/","og_locale":"sk_SK","og_type":"article","og_title":"MSDS-Europe z\u00e1kazn\u00edcke slu\u017eby - Ke\u010f potrebujete pomoc","og_description":"Z\u00e1kazn\u00edcke slu\u017eby v oblasti chemickej bezpe\u010dnosti. Pokia\u013e potrebujete pomoc alebo m\u00e1te ot\u00e1zky t\u00fdkaj\u00face sa na\u0161ich slu\u017eieb, kontaktujte, pros\u00edm, na\u0161e z\u00e1kazn\u00edcke slu\u017eby.","og_url":"https:\/\/www.msds-europe.com\/sk\/zakaznicke-sluzby\/","og_site_name":"MSDS Europe","article_publisher":"https:\/\/www.facebook.com\/toxinfokft\/","article_modified_time":"2025-01-06T07:03:19+00:00","twitter_card":"summary_large_image","twitter_site":"@ToxInfoKft","twitter_misc":{"Predpokladan\u00fd \u010das \u010d\u00edtania":"1 min\u00fata"},"schema":{"@context":"https:\/\/schema.org","@graph":[{"@type":"WebPage","@id":"https:\/\/www.msds-europe.com\/sk\/zakaznicke-sluzby\/","url":"https:\/\/www.msds-europe.com\/sk\/zakaznicke-sluzby\/","name":"MSDS-Europe z\u00e1kazn\u00edcke slu\u017eby - Ke\u010f potrebujete pomoc","isPartOf":{"@id":"https:\/\/www.msds-europe.com\/es\/#website"},"datePublished":"2018-06-17T14:57:33+00:00","dateModified":"2025-01-06T07:03:19+00:00","description":"Z\u00e1kazn\u00edcke slu\u017eby v oblasti chemickej bezpe\u010dnosti. Pokia\u013e potrebujete pomoc alebo m\u00e1te ot\u00e1zky t\u00fdkaj\u00face sa na\u0161ich slu\u017eieb, kontaktujte, pros\u00edm, na\u0161e z\u00e1kazn\u00edcke slu\u017eby.","breadcrumb":{"@id":"https:\/\/www.msds-europe.com\/sk\/zakaznicke-sluzby\/#breadcrumb"},"inLanguage":"sk-SK","potentialAction":[{"@type":"ReadAction","target":["https:\/\/www.msds-europe.com\/sk\/zakaznicke-sluzby\/"]}]},{"@type":"BreadcrumbList","@id":"https:\/\/www.msds-europe.com\/sk\/zakaznicke-sluzby\/#breadcrumb","itemListElement":[{"@type":"ListItem","position":1,"name":"F\u0151oldal","item":"https:\/\/www.msds-europe.com\/sk\/"},{"@type":"ListItem","position":2,"name":"Z\u00e1kazn\u00edcke slu\u017eby"}]},{"@type":"WebSite","@id":"https:\/\/www.msds-europe.com\/es\/#website","url":"https:\/\/www.msds-europe.com\/es\/","name":"MSDS Europe","description":"","publisher":{"@id":"https:\/\/www.msds-europe.com\/es\/#organization"},"potentialAction":[{"@type":"SearchAction","target":{"@type":"EntryPoint","urlTemplate":"https:\/\/www.msds-europe.com\/es\/?s={search_term_string}"},"query-input":{"@type":"PropertyValueSpecification","valueRequired":true,"valueName":"search_term_string"}}],"inLanguage":"sk-SK"},{"@type":"Organization","@id":"https:\/\/www.msds-europe.com\/es\/#organization","name":"MSDS-Europe International branch of ToxInfo","url":"https:\/\/www.msds-europe.com\/es\/","logo":{"@type":"ImageObject","inLanguage":"sk-SK","@id":"https:\/\/www.msds-europe.com\/es\/#\/schema\/logo\/image\/","url":"https:\/\/www.msds-europe.com\/wp-content\/uploads\/2021\/04\/msds-europe-logo.jpg","contentUrl":"https:\/\/www.msds-europe.com\/wp-content\/uploads\/2021\/04\/msds-europe-logo.jpg","width":2296,"height":1067,"caption":"MSDS-Europe International branch of ToxInfo"},"image":{"@id":"https:\/\/www.msds-europe.com\/es\/#\/schema\/logo\/image\/"},"sameAs":["https:\/\/www.facebook.com\/toxinfokft\/","https:\/\/x.com\/ToxInfoKft"]}]}},"_links":{"self":[{"href":"https:\/\/www.msds-europe.com\/sk\/wp-json\/wp\/v2\/pages\/4750","targetHints":{"allow":["GET"]}}],"collection":[{"href":"https:\/\/www.msds-europe.com\/sk\/wp-json\/wp\/v2\/pages"}],"about":[{"href":"https:\/\/www.msds-europe.com\/sk\/wp-json\/wp\/v2\/types\/page"}],"author":[{"embeddable":true,"href":"https:\/\/www.msds-europe.com\/sk\/wp-json\/wp\/v2\/users\/2"}],"replies":[{"embeddable":true,"href":"https:\/\/www.msds-europe.com\/sk\/wp-json\/wp\/v2\/comments?post=4750"}],"version-history":[{"count":16,"href":"https:\/\/www.msds-europe.com\/sk\/wp-json\/wp\/v2\/pages\/4750\/revisions"}],"predecessor-version":[{"id":30318,"href":"https:\/\/www.msds-europe.com\/sk\/wp-json\/wp\/v2\/pages\/4750\/revisions\/30318"}],"wp:attachment":[{"href":"https:\/\/www.msds-europe.com\/sk\/wp-json\/wp\/v2\/media?parent=4750"}],"curies":[{"name":"wp","href":"https:\/\/api.w.org\/{rel}","templated":true}]}}