{"id":4622,"date":"2018-06-17T09:11:08","date_gmt":"2018-06-17T09:11:08","guid":{"rendered":"http:\/\/www.msds-europe.com\/online-ziadost-o-cenovu-ponuku-na-sluzbu-kariet-bezpecnostnych-udajov\/"},"modified":"2026-04-22T07:24:39","modified_gmt":"2026-04-22T07:24:39","slug":"ziadost-cenovu-ponuku-karta-bezpecnostnych-udajov","status":"publish","type":"page","link":"https:\/\/www.msds-europe.com\/sk\/ziadost-cenovu-ponuku-karta-bezpecnostnych-udajov\/","title":{"rendered":"Online \u017eiados\u0165 o cenov\u00fa ponuku na slu\u017ebu kariet bezpe\u010dnostn\u00fdch \u00fadajov"},"content":{"rendered":"<p style=\"text-align: right;\"><em><a href=\"https:\/\/www.msds-europe.com\/sk\/\">MSDS-Europe<\/a> \u2013 \u017diados\u0165 o cenov\u00fa ponuku na slu\u017eby v oblasti kariet bezpe\u010dnostn\u00fdch \u00fadajov<\/em><\/p>\n<p style=\"text-align: justify;\">P\u00edsomn\u00fa cenov\u00fa ponuku na vybran\u00e9 slu\u017eby v\u00e1m za\u0161leme do <strong>24 hod\u00edn<\/strong> od prijatia online \u017eiadosti o cenov\u00fa ponuku.<\/p>\n<p style=\"text-align: justify;\">Majte, pros\u00edm, na pam\u00e4ti, \u017ee pri v\u00e4\u010d\u0161om mno\u017estve v\u00e1m m\u00f4\u017eeme pon\u00faknu\u0165 v\u00fdrazne zv\u00fdhodnen\u00fa cenu.<br \/>\nV pr\u00edpade zmluvn\u00e9ho vz\u0165ahu m\u00f4\u017eeme poskytn\u00fa\u0165 mno\u017estvov\u00fa z\u013eavu aj na predpokladan\u00fd ro\u010dn\u00fd objem.<\/p>\n<p>&nbsp;<\/p>\n<h2 style=\"text-align: justify;\">Pomoc pri v\u00fdbere spr\u00e1vnej slu\u017eby<\/h2>\n<p style=\"text-align: justify;\">Na\u0161u <a href=\"https:\/\/www.msds-europe.com\/sk\/zostavenie-a-vytvorenie-karty-bezpecnostnych-udajov\/\">slu\u017ebu vytv\u00e1rania kariet bezpe\u010dnostn\u00fdch \u00fadajov<\/a> odpor\u00fa\u010dame najm\u00e4 n\u00e1sledn\u00fdm u\u017e\u00edvate\u013eom, ktor\u00ed formuluj\u00fa zmesi, a dovozcom ako pomoc pri plnen\u00ed ich povinnost\u00ed v oblasti klasifik\u00e1cie v\u00fdrobkov a\/alebo vypracovania kariet bezpe\u010dnostn\u00fdch \u00fadajov pre ich v\u00fdrobky.<\/p>\n<p style=\"text-align: justify;\">Na\u0161u <a href=\"https:\/\/www.msds-europe.com\/sk\/preklad-karty-bezpecnostnych-udajov\/\">slu\u017ebu prekladu kariet bezpe\u010dnostn\u00fdch \u00fadajov<\/a> odpor\u00fa\u010dame najm\u00e4 distrib\u00fatorom a dovozcom. M\u00f4\u017eete si objedna\u0165 preklad karty bezpe\u010dnostn\u00fdch \u00fadajov z ktor\u00e9hoko\u013evek jazyka E\u00da do ktor\u00e9hoko\u013evek jazyka E\u00da.<br \/>\nAko doplnkov\u00fa slu\u017ebu odpor\u00fa\u010dame aj vypracovanie n\u00e1vrhu ozna\u010denia v s\u00falade s kartou bezpe\u010dnostn\u00fdch \u00fadajov.<\/p>\n<p style=\"text-align: justify;\">Ak si chcete objedna\u0165 aj doplnkov\u00fa slu\u017ebu, uve\u010fte to, pros\u00edm, v \u010dasti \u201ePozn\u00e1mka\u201c.<\/p>\n<p style=\"text-align: justify;\">Odpor\u00fa\u010dame na\u0161u <a href=\"https:\/\/www.msds-europe.com\/sk\/karta-bezpecnostnych-udajov-revizie-aktualizacie\/\">slu\u017ebu rev\u00edzie kariet bezpe\u010dnostn\u00fdch \u00fadajov<\/a> vo v\u0161etk\u00fdch pr\u00edpadoch, ke\u010f do\u0161lo k v\u00fdznamnej zmene obsahu karty bezpe\u010dnostn\u00fdch \u00fadajov alebo ke\u010f si rev\u00edziu vy\u017eaduj\u00fa zmeny v regula\u010dnom prostred\u00ed.<\/p>\n<p>&nbsp;<\/p>\n<h2 style=\"text-align: justify;\">\u017diados\u0165 o cenov\u00fa ponuku na expresn\u00e9 slu\u017eby<\/h2>\n<p style=\"text-align: justify;\">Na\u0161a slu\u017eba prekladu a rev\u00edzie kariet bezpe\u010dnostn\u00fdch \u00fadajov a <a href=\"https:\/\/www.msds-europe.com\/sk\/vytvorenie-navrhu-oznacenia\/\">slu\u017eba vytvorenia n\u00e1vrhu ozna\u010denia<\/a> s\u00fa k dispoz\u00edcii aj ako <a href=\"https:\/\/www.msds-europe.com\/sk\/karty-bezpecnostnych-expresne-sluzby\/\">expresn\u00e1 slu\u017eba<\/a> s lehotou dodania do 24 hod\u00edn.<\/p>\n<p>&nbsp;<\/p>\n<p style=\"text-align: justify;\"><em>Ak m\u00e1te ak\u00e9ko\u013evek ot\u00e1zky t\u00fdkaj\u00face sa va\u0161ej objedn\u00e1vky alebo chemickej bezpe\u010dnosti, kontaktujte, pros\u00edm, <a href=\"https:\/\/www.msds-europe.com\/sk\/zakaznicke-sluzby\/\">z\u00e1kazn\u00edcke slu\u017eby<\/a>.<\/em><\/p>\n<h4><\/h4>\n\n<div class=\"wpcf7 no-js\" id=\"wpcf7-f6135-o1\" lang=\"hu-HU\" dir=\"ltr\" data-wpcf7-id=\"6135\">\n<div class=\"screen-reader-response\"><p role=\"status\" aria-live=\"polite\" aria-atomic=\"true\"><\/p> <ul><\/ul><\/div>\n<form action=\"\/sk\/wp-json\/wp\/v2\/pages\/4622#wpcf7-f6135-o1\" method=\"post\" class=\"wpcf7-form init\" aria-label=\"Kapcsolatfelv\u00e9teli \u0171rlap\" novalidate=\"novalidate\" data-status=\"init\">\n<fieldset class=\"hidden-fields-container\"><input type=\"hidden\" name=\"_wpcf7\" value=\"6135\" \/><input type=\"hidden\" name=\"_wpcf7_version\" value=\"6.1.5\" \/><input type=\"hidden\" name=\"_wpcf7_locale\" value=\"hu_HU\" \/><input type=\"hidden\" name=\"_wpcf7_unit_tag\" value=\"wpcf7-f6135-o1\" \/><input type=\"hidden\" name=\"_wpcf7_container_post\" value=\"0\" \/><input type=\"hidden\" name=\"_wpcf7_posted_data_hash\" value=\"\" \/><input type=\"hidden\" name=\"_wpcf7_recaptcha_response\" value=\"\" \/>\n<\/fieldset>\n<div class=\"arajanlatkeres_form\">\n\t<div class=\"row contact_row\">\n\t\t<div class=\"col-sm-5 col-sm-offset-1\">\n\t\t\t<p><label> Meno kontaktnej osoby<\/label>\n\t\t\t<\/p>\n\t\t<\/div>\n\t\t<div class=\"col-sm-5\">\n\t\t\t<p><span class=\"wpcf7-form-control-wrap\" data-name=\"your-name\"><input size=\"40\" maxlength=\"400\" class=\"wpcf7-form-control wpcf7-text wpcf7-validates-as-required\" aria-required=\"true\" aria-invalid=\"false\" value=\"\" type=\"text\" name=\"your-name\" \/><\/span>\n\t\t\t<\/p>\n\t\t<\/div>\n\t<\/div>\n\t<div class=\"row contact_row\">\n\t\t<div class=\"col-sm-5 col-sm-offset-1\">\n\t\t\t<p><label>N\u00e1zov spolo\u010dnosti<\/label>\n\t\t\t<\/p>\n\t\t<\/div>\n\t\t<div class=\"col-sm-5\">\n\t\t\t<p><span class=\"wpcf7-form-control-wrap\" data-name=\"company-name\"><input size=\"40\" maxlength=\"400\" class=\"wpcf7-form-control wpcf7-text wpcf7-validates-as-required\" aria-required=\"true\" aria-invalid=\"false\" value=\"\" type=\"text\" name=\"company-name\" \/><\/span>\n\t\t\t<\/p>\n\t\t<\/div>\n\t<\/div>\n\t<div class=\"row contact_row\">\n\t\t<div class=\"col-sm-5 col-sm-offset-1\">\n\t\t\t<p><label>Adresa spolo\u010dnosti<\/label>\n\t\t\t<\/p>\n\t\t<\/div>\n\t\t<div class=\"col-sm-5\">\n\t\t\t<p><span class=\"wpcf7-form-control-wrap\" data-name=\"company-address\"><input size=\"40\" maxlength=\"400\" class=\"wpcf7-form-control wpcf7-text wpcf7-validates-as-required\" aria-required=\"true\" aria-invalid=\"false\" value=\"\" type=\"text\" name=\"company-address\" \/><\/span>\n\t\t\t<\/p>\n\t\t<\/div>\n\t<\/div>\n\t<div class=\"row contact_row\">\n\t\t<div class=\"col-sm-5 col-sm-offset-1\">\n\t\t\t<p><label>Telef\u00f3nne \u010d\u00edslo<\/label>\n\t\t\t<\/p>\n\t\t<\/div>\n\t\t<div class=\"col-sm-5\">\n\t\t\t<p><span class=\"wpcf7-form-control-wrap\" data-name=\"company-phone\"><input size=\"40\" maxlength=\"400\" class=\"wpcf7-form-control wpcf7-text wpcf7-validates-as-required\" aria-required=\"true\" aria-invalid=\"false\" value=\"\" type=\"text\" name=\"company-phone\" \/><\/span>\n\t\t\t<\/p>\n\t\t<\/div>\n\t<\/div>\n\t<div class=\"row contact_row\">\n\t\t<div class=\"col-sm-5 col-sm-offset-1\">\n\t\t\t<p><label>Emailov\u00e1 adresa<\/label>\n\t\t\t<\/p>\n\t\t<\/div>\n\t\t<div class=\"col-sm-5\">\n\t\t\t<p><span class=\"wpcf7-form-control-wrap\" data-name=\"your-email\"><input size=\"40\" maxlength=\"400\" class=\"wpcf7-form-control wpcf7-email wpcf7-validates-as-required wpcf7-text wpcf7-validates-as-email\" aria-required=\"true\" aria-invalid=\"false\" value=\"\" type=\"email\" name=\"your-email\" \/><\/span>\n\t\t\t<\/p>\n\t\t<\/div>\n\t<\/div>\n\t<div class=\"row contact_row\">\n\t\t<div class=\"col-sm-5 col-sm-offset-1\">\n\t\t\t<p><label>Jazyk origin\u00e1lu karty bezpe\u010dnostn\u00fdch \u00fadajov<\/label>\n\t\t\t<\/p>\n\t\t<\/div>\n\t\t<div class=\"col-sm-5\">\n\t\t\t<p><span class=\"wpcf7-form-control-wrap\" data-name=\"language\"><input size=\"40\" maxlength=\"400\" class=\"wpcf7-form-control wpcf7-text wpcf7-validates-as-required\" aria-required=\"true\" aria-invalid=\"false\" value=\"\" type=\"text\" name=\"language\" \/><\/span>\n\t\t\t<\/p>\n\t\t<\/div>\n\t<\/div>\n\t<div class=\"row contact_row\">\n\t\t<div class=\"col-sm-5 col-sm-offset-1\">\n\t\t\t<p><label> Cie\u013eov\u00fd jazyk a cie\u013eov\u00e1 krajina (v pr\u00edpade prekladu)<\/label>\n\t\t\t<\/p>\n\t\t<\/div>\n\t\t<div class=\"col-sm-5\">\n\t\t\t<p><span class=\"wpcf7-form-control-wrap\" data-name=\"wished-language\"><input size=\"40\" maxlength=\"400\" class=\"wpcf7-form-control wpcf7-text\" aria-invalid=\"false\" value=\"\" type=\"text\" name=\"wished-language\" \/><\/span>\n\t\t\t<\/p>\n\t\t<\/div>\n\t<\/div>\n\t<div class=\"row contact_row\">\n\t\t<div class=\"col-sm-5 col-sm-offset-1\">\n\t\t\t<p><label> Mno\u017estvo<\/label>\n\t\t\t<\/p>\n\t\t<\/div>\n\t\t<div class=\"col-sm-5\">\n\t\t\t<p><span class=\"wpcf7-form-control-wrap\" data-name=\"number\"><input size=\"40\" maxlength=\"400\" class=\"wpcf7-form-control wpcf7-text wpcf7-validates-as-required\" aria-required=\"true\" aria-invalid=\"false\" value=\"\" type=\"text\" name=\"number\" \/><\/span>\n\t\t\t<\/p>\n\t\t<\/div>\n\t<\/div>\n\t<div class=\"row contact_row\">\n\t\t<div class=\"col-sm-5 col-sm-offset-1\">\n\t\t\t<p><label>Pozn\u00e1mka<\/label>\n\t\t\t<\/p>\n\t\t<\/div>\n\t\t<div class=\"col-sm-5\">\n\t\t\t<p><span class=\"wpcf7-form-control-wrap\" data-name=\"your-message\"><textarea cols=\"40\" rows=\"10\" maxlength=\"2000\" class=\"wpcf7-form-control wpcf7-textarea\" aria-invalid=\"false\" name=\"your-message\"><\/textarea><\/span>\n\t\t\t<\/p>\n\t\t<\/div>\n\t<\/div>\n\t<div class=\"row contact_row\">\n\t\t<div class=\"col-sm-10 col-sm-offset-1\">\n\t\t\t<p><span class=\"wpcf7-form-control-wrap\" data-name=\"radio-917\"><span class=\"wpcf7-form-control wpcf7-radio\"><span class=\"wpcf7-list-item first\"><input type=\"radio\" name=\"radio-917\" value=\"Zostavenie a vytvorenie karty bezpe\u010dnostn\u00fdch \u00fadajov\" checked=\"checked\" \/><span class=\"wpcf7-list-item-label\">Zostavenie a vytvorenie karty bezpe\u010dnostn\u00fdch \u00fadajov<\/span><\/span><span class=\"wpcf7-list-item\"><input type=\"radio\" name=\"radio-917\" value=\"Rev\u00edzia a aktualiz\u00e1cia kariet bezpe\u010dnostn\u00fdch \u00fadajov\" \/><span class=\"wpcf7-list-item-label\">Rev\u00edzia a aktualiz\u00e1cia kariet bezpe\u010dnostn\u00fdch \u00fadajov<\/span><\/span><span class=\"wpcf7-list-item\"><input type=\"radio\" name=\"radio-917\" value=\"Translation of safety data sheet (with adaptation)\" \/><span class=\"wpcf7-list-item-label\">Translation of safety data sheet (with adaptation)<\/span><\/span><span class=\"wpcf7-list-item last\"><input type=\"radio\" name=\"radio-917\" value=\"Preklad karty bezpe\u010dnostn\u00fdch \u00fadajov\" \/><span class=\"wpcf7-list-item-label\">Preklad karty bezpe\u010dnostn\u00fdch \u00fadajov<\/span><\/span><\/span><\/span>\n\t\t\t<\/p>\n\t\t<\/div>\n\t<\/div>\n\t<div class=\"row contact_row policy_row\">\n\t\t<div class=\"col-sm-10 col-sm-offset-1\">\n\t\t\t<p><span class=\"wpcf7-form-control-wrap\" data-name=\"policy\"><span class=\"wpcf7-form-control wpcf7-acceptance\"><span class=\"wpcf7-list-item\"><label><input type=\"checkbox\" name=\"policy\" value=\"1\" aria-invalid=\"false\" \/><span class=\"wpcf7-list-item-label\">S\u00fahlas\u00edm so <a href=\"http:\/\/www.msds-europe.com\/privacy-policy\/\" target=\"_blank\" title=\"z\u00e1sadami ochrany osobn\u00fdch \u00fadajov.\">Privacy Policy<\/a>.<\/span><\/label><\/span><\/span><\/span>\n\t\t\t<\/p>\n\t\t<\/div>\n\t<\/div>\n\t<div class=\"row contact_row\">\n\t\t<div class=\"col-sm-10 col-sm-offset-1 text-right\">\n\t\t\t<p><input class=\"wpcf7-form-control wpcf7-submit has-spinner\" type=\"submit\" value=\"Odosla\u0165\" \/>\n\t\t\t<\/p>\n\t\t<\/div>\n\t<\/div>\n<\/div><div class=\"wpcf7-response-output\" aria-hidden=\"true\"><\/div>\n<\/form>\n<\/div>\n\n","protected":false},"excerpt":{"rendered":"<p>Online \u017eiados\u0165 o cenov\u00fa ponuku na slu\u017ebu kariet bezpe\u010dnostn\u00fdch \u00fadajov. P\u00edsomn\u00e1 cenov\u00e1 ponuka do 24 hod\u00edn.<\/p>\n","protected":false},"author":2,"featured_media":0,"parent":0,"menu_order":0,"comment_status":"closed","ping_status":"closed","template":"","meta":{"_acf_changed":false,"footnotes":""},"class_list":["post-4622","page","type-page","status-publish","hentry"],"acf":[],"yoast_head":"<!-- This site is optimized with the Yoast SEO plugin v27.2 - https:\/\/yoast.com\/product\/yoast-seo-wordpress\/ -->\n<title>Online \u017eiados\u0165 o cenov\u00fa ponuku na slu\u017ebu kariet bezpe\u010dnostn\u00fdch \u00fadajov<\/title>\n<meta name=\"description\" content=\"Online \u017eiados\u0165 o cenov\u00fa ponuku na slu\u017ebu kariet bezpe\u010dnostn\u00fdch \u00fadajov. P\u00edsomn\u00e1 cenov\u00e1 ponuka do 24 hod\u00edn. R\u00fdchla a jednoduch\u00e1 \u017eiados\u0165 o nez\u00e1v\u00e4zn\u00fa cenov\u00fa ponuku\" \/>\n<meta name=\"robots\" content=\"index, follow, max-snippet:-1, max-image-preview:large, max-video-preview:-1\" \/>\n<link rel=\"canonical\" href=\"https:\/\/www.msds-europe.com\/sk\/ziadost-cenovu-ponuku-karta-bezpecnostnych-udajov\/\" \/>\n<meta property=\"og:locale\" content=\"sk_SK\" \/>\n<meta property=\"og:type\" content=\"article\" \/>\n<meta property=\"og:title\" content=\"Online \u017eiados\u0165 o cenov\u00fa ponuku na slu\u017ebu kariet bezpe\u010dnostn\u00fdch \u00fadajov\" \/>\n<meta property=\"og:description\" content=\"Online \u017eiados\u0165 o cenov\u00fa ponuku na slu\u017ebu kariet bezpe\u010dnostn\u00fdch \u00fadajov. P\u00edsomn\u00e1 cenov\u00e1 ponuka do 24 hod\u00edn. R\u00fdchla a jednoduch\u00e1 \u017eiados\u0165 o nez\u00e1v\u00e4zn\u00fa cenov\u00fa ponuku\" \/>\n<meta property=\"og:url\" content=\"https:\/\/www.msds-europe.com\/sk\/ziadost-cenovu-ponuku-karta-bezpecnostnych-udajov\/\" \/>\n<meta property=\"og:site_name\" content=\"MSDS Europe\" \/>\n<meta property=\"article:publisher\" content=\"https:\/\/www.facebook.com\/toxinfokft\/\" \/>\n<meta property=\"article:modified_time\" content=\"2026-04-22T07:24:39+00:00\" \/>\n<meta name=\"twitter:card\" content=\"summary_large_image\" \/>\n<meta name=\"twitter:site\" content=\"@ToxInfoKft\" \/>\n<meta name=\"twitter:label1\" content=\"Predpokladan\u00fd \u010das \u010d\u00edtania\" \/>\n\t<meta name=\"twitter:data1\" content=\"2 min\u00faty\" \/>\n<script type=\"application\/ld+json\" class=\"yoast-schema-graph\">{\"@context\":\"https:\/\/schema.org\",\"@graph\":[{\"@type\":\"WebPage\",\"@id\":\"https:\/\/www.msds-europe.com\/sk\/ziadost-cenovu-ponuku-karta-bezpecnostnych-udajov\/\",\"url\":\"https:\/\/www.msds-europe.com\/sk\/ziadost-cenovu-ponuku-karta-bezpecnostnych-udajov\/\",\"name\":\"Online \u017eiados\u0165 o cenov\u00fa ponuku na slu\u017ebu kariet bezpe\u010dnostn\u00fdch \u00fadajov\",\"isPartOf\":{\"@id\":\"https:\/\/www.msds-europe.com\/es\/#website\"},\"datePublished\":\"2018-06-17T09:11:08+00:00\",\"dateModified\":\"2026-04-22T07:24:39+00:00\",\"description\":\"Online \u017eiados\u0165 o cenov\u00fa ponuku na slu\u017ebu kariet bezpe\u010dnostn\u00fdch \u00fadajov. P\u00edsomn\u00e1 cenov\u00e1 ponuka do 24 hod\u00edn. R\u00fdchla a jednoduch\u00e1 \u017eiados\u0165 o nez\u00e1v\u00e4zn\u00fa cenov\u00fa ponuku\",\"breadcrumb\":{\"@id\":\"https:\/\/www.msds-europe.com\/sk\/ziadost-cenovu-ponuku-karta-bezpecnostnych-udajov\/#breadcrumb\"},\"inLanguage\":\"sk-SK\",\"potentialAction\":[{\"@type\":\"ReadAction\",\"target\":[\"https:\/\/www.msds-europe.com\/sk\/ziadost-cenovu-ponuku-karta-bezpecnostnych-udajov\/\"]}]},{\"@type\":\"BreadcrumbList\",\"@id\":\"https:\/\/www.msds-europe.com\/sk\/ziadost-cenovu-ponuku-karta-bezpecnostnych-udajov\/#breadcrumb\",\"itemListElement\":[{\"@type\":\"ListItem\",\"position\":1,\"name\":\"F\u0151oldal\",\"item\":\"https:\/\/www.msds-europe.com\/sk\/\"},{\"@type\":\"ListItem\",\"position\":2,\"name\":\"Online \u017eiados\u0165 o cenov\u00fa ponuku na slu\u017ebu kariet bezpe\u010dnostn\u00fdch \u00fadajov\"}]},{\"@type\":\"WebSite\",\"@id\":\"https:\/\/www.msds-europe.com\/es\/#website\",\"url\":\"https:\/\/www.msds-europe.com\/es\/\",\"name\":\"MSDS Europe\",\"description\":\"\",\"publisher\":{\"@id\":\"https:\/\/www.msds-europe.com\/es\/#organization\"},\"potentialAction\":[{\"@type\":\"SearchAction\",\"target\":{\"@type\":\"EntryPoint\",\"urlTemplate\":\"https:\/\/www.msds-europe.com\/es\/?s={search_term_string}\"},\"query-input\":{\"@type\":\"PropertyValueSpecification\",\"valueRequired\":true,\"valueName\":\"search_term_string\"}}],\"inLanguage\":\"sk-SK\"},{\"@type\":\"Organization\",\"@id\":\"https:\/\/www.msds-europe.com\/es\/#organization\",\"name\":\"MSDS-Europe International branch of ToxInfo\",\"url\":\"https:\/\/www.msds-europe.com\/es\/\",\"logo\":{\"@type\":\"ImageObject\",\"inLanguage\":\"sk-SK\",\"@id\":\"https:\/\/www.msds-europe.com\/es\/#\/schema\/logo\/image\/\",\"url\":\"https:\/\/www.msds-europe.com\/wp-content\/uploads\/2021\/04\/msds-europe-logo.jpg\",\"contentUrl\":\"https:\/\/www.msds-europe.com\/wp-content\/uploads\/2021\/04\/msds-europe-logo.jpg\",\"width\":2296,\"height\":1067,\"caption\":\"MSDS-Europe International branch of ToxInfo\"},\"image\":{\"@id\":\"https:\/\/www.msds-europe.com\/es\/#\/schema\/logo\/image\/\"},\"sameAs\":[\"https:\/\/www.facebook.com\/toxinfokft\/\",\"https:\/\/x.com\/ToxInfoKft\"]}]}<\/script>\n<!-- \/ Yoast SEO plugin. -->","yoast_head_json":{"title":"Online \u017eiados\u0165 o cenov\u00fa ponuku na slu\u017ebu kariet bezpe\u010dnostn\u00fdch \u00fadajov","description":"Online \u017eiados\u0165 o cenov\u00fa ponuku na slu\u017ebu kariet bezpe\u010dnostn\u00fdch \u00fadajov. P\u00edsomn\u00e1 cenov\u00e1 ponuka do 24 hod\u00edn. R\u00fdchla a jednoduch\u00e1 \u017eiados\u0165 o nez\u00e1v\u00e4zn\u00fa cenov\u00fa ponuku","robots":{"index":"index","follow":"follow","max-snippet":"max-snippet:-1","max-image-preview":"max-image-preview:large","max-video-preview":"max-video-preview:-1"},"canonical":"https:\/\/www.msds-europe.com\/sk\/ziadost-cenovu-ponuku-karta-bezpecnostnych-udajov\/","og_locale":"sk_SK","og_type":"article","og_title":"Online \u017eiados\u0165 o cenov\u00fa ponuku na slu\u017ebu kariet bezpe\u010dnostn\u00fdch \u00fadajov","og_description":"Online \u017eiados\u0165 o cenov\u00fa ponuku na slu\u017ebu kariet bezpe\u010dnostn\u00fdch \u00fadajov. P\u00edsomn\u00e1 cenov\u00e1 ponuka do 24 hod\u00edn. R\u00fdchla a jednoduch\u00e1 \u017eiados\u0165 o nez\u00e1v\u00e4zn\u00fa cenov\u00fa ponuku","og_url":"https:\/\/www.msds-europe.com\/sk\/ziadost-cenovu-ponuku-karta-bezpecnostnych-udajov\/","og_site_name":"MSDS Europe","article_publisher":"https:\/\/www.facebook.com\/toxinfokft\/","article_modified_time":"2026-04-22T07:24:39+00:00","twitter_card":"summary_large_image","twitter_site":"@ToxInfoKft","twitter_misc":{"Predpokladan\u00fd \u010das \u010d\u00edtania":"2 min\u00faty"},"schema":{"@context":"https:\/\/schema.org","@graph":[{"@type":"WebPage","@id":"https:\/\/www.msds-europe.com\/sk\/ziadost-cenovu-ponuku-karta-bezpecnostnych-udajov\/","url":"https:\/\/www.msds-europe.com\/sk\/ziadost-cenovu-ponuku-karta-bezpecnostnych-udajov\/","name":"Online \u017eiados\u0165 o cenov\u00fa ponuku na slu\u017ebu kariet bezpe\u010dnostn\u00fdch \u00fadajov","isPartOf":{"@id":"https:\/\/www.msds-europe.com\/es\/#website"},"datePublished":"2018-06-17T09:11:08+00:00","dateModified":"2026-04-22T07:24:39+00:00","description":"Online \u017eiados\u0165 o cenov\u00fa ponuku na slu\u017ebu kariet bezpe\u010dnostn\u00fdch \u00fadajov. P\u00edsomn\u00e1 cenov\u00e1 ponuka do 24 hod\u00edn. R\u00fdchla a jednoduch\u00e1 \u017eiados\u0165 o nez\u00e1v\u00e4zn\u00fa cenov\u00fa ponuku","breadcrumb":{"@id":"https:\/\/www.msds-europe.com\/sk\/ziadost-cenovu-ponuku-karta-bezpecnostnych-udajov\/#breadcrumb"},"inLanguage":"sk-SK","potentialAction":[{"@type":"ReadAction","target":["https:\/\/www.msds-europe.com\/sk\/ziadost-cenovu-ponuku-karta-bezpecnostnych-udajov\/"]}]},{"@type":"BreadcrumbList","@id":"https:\/\/www.msds-europe.com\/sk\/ziadost-cenovu-ponuku-karta-bezpecnostnych-udajov\/#breadcrumb","itemListElement":[{"@type":"ListItem","position":1,"name":"F\u0151oldal","item":"https:\/\/www.msds-europe.com\/sk\/"},{"@type":"ListItem","position":2,"name":"Online \u017eiados\u0165 o cenov\u00fa ponuku na slu\u017ebu kariet bezpe\u010dnostn\u00fdch \u00fadajov"}]},{"@type":"WebSite","@id":"https:\/\/www.msds-europe.com\/es\/#website","url":"https:\/\/www.msds-europe.com\/es\/","name":"MSDS Europe","description":"","publisher":{"@id":"https:\/\/www.msds-europe.com\/es\/#organization"},"potentialAction":[{"@type":"SearchAction","target":{"@type":"EntryPoint","urlTemplate":"https:\/\/www.msds-europe.com\/es\/?s={search_term_string}"},"query-input":{"@type":"PropertyValueSpecification","valueRequired":true,"valueName":"search_term_string"}}],"inLanguage":"sk-SK"},{"@type":"Organization","@id":"https:\/\/www.msds-europe.com\/es\/#organization","name":"MSDS-Europe International branch of ToxInfo","url":"https:\/\/www.msds-europe.com\/es\/","logo":{"@type":"ImageObject","inLanguage":"sk-SK","@id":"https:\/\/www.msds-europe.com\/es\/#\/schema\/logo\/image\/","url":"https:\/\/www.msds-europe.com\/wp-content\/uploads\/2021\/04\/msds-europe-logo.jpg","contentUrl":"https:\/\/www.msds-europe.com\/wp-content\/uploads\/2021\/04\/msds-europe-logo.jpg","width":2296,"height":1067,"caption":"MSDS-Europe International branch of ToxInfo"},"image":{"@id":"https:\/\/www.msds-europe.com\/es\/#\/schema\/logo\/image\/"},"sameAs":["https:\/\/www.facebook.com\/toxinfokft\/","https:\/\/x.com\/ToxInfoKft"]}]}},"_links":{"self":[{"href":"https:\/\/www.msds-europe.com\/sk\/wp-json\/wp\/v2\/pages\/4622","targetHints":{"allow":["GET"]}}],"collection":[{"href":"https:\/\/www.msds-europe.com\/sk\/wp-json\/wp\/v2\/pages"}],"about":[{"href":"https:\/\/www.msds-europe.com\/sk\/wp-json\/wp\/v2\/types\/page"}],"author":[{"embeddable":true,"href":"https:\/\/www.msds-europe.com\/sk\/wp-json\/wp\/v2\/users\/2"}],"replies":[{"embeddable":true,"href":"https:\/\/www.msds-europe.com\/sk\/wp-json\/wp\/v2\/comments?post=4622"}],"version-history":[{"count":10,"href":"https:\/\/www.msds-europe.com\/sk\/wp-json\/wp\/v2\/pages\/4622\/revisions"}],"predecessor-version":[{"id":37359,"href":"https:\/\/www.msds-europe.com\/sk\/wp-json\/wp\/v2\/pages\/4622\/revisions\/37359"}],"wp:attachment":[{"href":"https:\/\/www.msds-europe.com\/sk\/wp-json\/wp\/v2\/media?parent=4622"}],"curies":[{"name":"wp","href":"https:\/\/api.w.org\/{rel}","templated":true}]}}