{"id":4570,"date":"2018-06-14T13:18:14","date_gmt":"2018-06-14T13:18:14","guid":{"rendered":"http:\/\/www.msds-europe.com\/kozmeticke-vyrobky-suhrn-uzitocnych-informacii\/"},"modified":"2020-03-12T11:35:35","modified_gmt":"2020-03-12T11:35:35","slug":"kozmeticke-vyrobky","status":"publish","type":"page","link":"https:\/\/www.msds-europe.com\/sk\/kozmeticke-vyrobky\/","title":{"rendered":"Kozmetick\u00e9-v\u00fdrobky &#8211; s\u00fahrn u\u017eito\u010dn\u00fdch inform\u00e1ci\u00ed"},"content":{"rendered":"<p style=\"text-align: right;\"><em><a href=\"https:\/\/www.msds-europe.com\/sk\/\">MSDS-Europe<\/a> \u2013 Z\u00e1klad\u0148a vedomost\u00ed pre kozmetick\u00e9 v\u00fdrobky<\/em><\/p>\n<p style=\"text-align: justify;\">U\u017eito\u010dn\u00e9 z\u00e1kladn\u00e9 \u00fadaje a inform\u00e1cie o po\u017eiadavk\u00e1ch na uv\u00e1dzanie kozmetiky na trh a na postup schva\u013eovania.<\/p>\n<p>&nbsp;<\/p>\n<h2 style=\"text-align: justify;\">\u00da\u010del z\u00e1kladne vedomost\u00ed o kozmetick\u00fdch v\u00fdrobkoch<\/h2>\n<p style=\"text-align: justify;\">Vytvoren\u00edm tejto z\u00e1kladne vedomost\u00ed by sme chceli pom\u00f4c\u0165 pri pr\u00e1ci spolo\u010dnostiam vyr\u00e1baj\u00facim\/distribuuj\u00facim kozmetick\u00e9 v\u00fdrobky.<\/p>\n<p style=\"text-align: justify;\">V kateg\u00f3rii z\u00e1klad\u0148a vedomost\u00ed pre kozmetick\u00e9 v\u00fdrobky zverej\u0148ujeme najm\u00e4 tak\u00e9 \u010dl\u00e1nky, ktor\u00e9 sa net\u00fdkaj\u00fa konkr\u00e9tnej \u00falohy alebo z\u00e1konnej po\u017eiadavky, ale ktor\u00e9 napriek tomu m\u00f4\u017eu obsahova\u0165 d\u00f4le\u017eit\u00e9 inform\u00e1cie.<\/p>\n<p style=\"text-align: justify;\"><strong>Pozor!<\/strong><br \/>\nPri stanoven\u00ed \u00faloh s\u00favisiacich s kozmetick\u00fdm v\u00fdrobkom je v\u017edy nevyhnutn\u00e9 zv\u00e1\u017ei\u0165 v\u0161etky zvl\u00e1\u0161tne aspekty v\u00fdrobku a \u010dinnosti vykon\u00e1van\u00e9 s v\u00fdrobkom.<br \/>\nIba text pr\u00edslu\u0161n\u00fdch smern\u00edc je mo\u017en\u00e9 pova\u017eova\u0165 za autentick\u00e9, \u010dl\u00e1nky zverejnen\u00e9 na na\u0161ich webov\u00fdch str\u00e1nkach s\u00fa iba pre inform\u00e1ciu.<\/p>\n<p style=\"text-align: justify;\">Pre\u010d\u00edtajte si najnov\u0161ie predpisy v \u201e<a href=\"https:\/\/www.msds-europe.com\/sk\/regulacne-zmeny-v-oblasti-chemickej-bezpecnosti\/\">Predpisy o chemickej bezpe\u010dnosti<\/a>\u201c.<\/p>\n<p>&nbsp;<\/p>\n<h4 style=\"text-align: justify;\"><span style=\"color: #333333;\">Najnov\u0161ie \u010dl\u00e1nky o z\u00e1kladni vedomost\u00ed v oblasti kozmetick\u00fdch v\u00fdrobkov<\/span><\/h4>\n<ul>\n<li style=\"text-align: justify;\"><a href=\"https:\/\/www.msds-europe.com\/sk\/povinnosti-distributorov-kozmetickych-vyrobkov\/\">Povinnosti distrib\u00fatorov kozmetick\u00fdch v\u00fdrobkov<\/a><\/li>\n<li style=\"text-align: justify;\"><a href=\"https:\/\/www.msds-europe.com\/sk\/zodpovednosti-zodpovednej-osoby\/\">Zodpovednosti zodpovednej osoby<\/a><\/li>\n<\/ul>\n<p>&nbsp;<\/p>\n<h3 style=\"text-align: justify;\">Bezplatn\u00e1 konzult\u00e1cia online<\/h3>\n<p style=\"text-align: justify;\">Pokia\u013e ste na na\u0161ich webov\u00fdch str\u00e1nkach nena\u0161li inform\u00e1cie, ktor\u00e9 potrebujete, polo\u017ete svoju ot\u00e1zku t\u00fdkaj\u00facu sa chemickej bezpe\u010dnosti priamo n\u00e1\u0161mu odborn\u00edkovi.<\/p>\n<p style=\"text-align: justify;\">Na odoslanie ot\u00e1zky pou\u017eite, pros\u00edm, nasleduj\u00facu aplik\u00e1ciu na odosielanie spr\u00e1v:<br \/>\n<a href=\"https:\/\/www.msds-europe.com\/sk\/online-konzultacie\/\">Bezplatn\u00e1 konzult\u00e1cia online<\/a><\/p>\n<p>&nbsp;<\/p>\n<h3 style=\"text-align: justify;\">Pokia\u013e potrebujete pomoc<\/h3>\n<p style=\"text-align: justify;\">Na\u0161e <a href=\"https:\/\/www.msds-europe.com\/sk\/zakaznicke-sluzby\/\">z\u00e1kazn\u00edcke slu\u017eby<\/a> v\u00e1m pom\u00f4\u017eu vybra\u0165 si t\u00fa spr\u00e1vnu slu\u017ebu.<\/p>\n<p>&nbsp;<\/p>\n<h3 style=\"text-align: justify;\"><span style=\"color: #333333;\">Na\u0161e slu\u017eby<\/span><\/h3>\n<ul>\n<li><a href=\"https:\/\/www.msds-europe.com\/sk\/sluzba-oznamenia-cpnp\/\">Slu\u017eba ozn\u00e1menia kozmetick\u00fdch<\/a> v\u00fdrobkov port\u00e1lu CPNP<\/li>\n<li style=\"text-align: justify;\">Slu\u017eba <a href=\"https:\/\/www.msds-europe.com\/sk\/vytvaranie-bezpecnostneho-posudku-pre-kozmetika\/\">vytv\u00e1rania bezpe\u010dnostn\u00fdch posudkov pre kozmetick\u00e9<\/a> v\u00fdrobky v s\u00falade so smernicou (ES) \u010d. 1223\/2009<\/li>\n<li><a href=\"https:\/\/www.msds-europe.com\/sk\/vytvaranie-a-preklad-navrhu-oznacenia-na-kozmeticke-vyrobky\/\">Vytvorenie a preklad n\u00e1vrhu ozna\u010denia na kozmetick\u00e9 v\u00fdrobky<\/a> v s\u00falade s pr\u00edslu\u0161n\u00fdmi predpismi<\/li>\n<\/ul>\n<p>&nbsp;<\/p>\n<blockquote class=\"wp-embedded-content\" data-secret=\"YVxrMbOmQP\"><p><a href=\"https:\/\/www.msds-europe.com\/sk\/sluzby-tykajuce-kozmetickych-vyrobkov\/\">Slu\u017eby t\u00fdkaj\u00face sa kozmetick\u00fdch v\u00fdrobkov<\/a><\/p><\/blockquote>\n<p><iframe class=\"wp-embedded-content\" sandbox=\"allow-scripts\" security=\"restricted\" style=\"position: absolute; visibility: hidden;\" title=\"&#8220;Slu\u017eby t\u00fdkaj\u00face sa kozmetick\u00fdch v\u00fdrobkov&#8221; &#8212; MSDS Europe\" src=\"https:\/\/www.msds-europe.com\/sk\/sluzby-tykajuce-kozmetickych-vyrobkov\/embed\/#?secret=djP8Q2Zi7U#?secret=YVxrMbOmQP\" data-secret=\"YVxrMbOmQP\" width=\"500\" height=\"282\" frameborder=\"0\" marginwidth=\"0\" marginheight=\"0\" scrolling=\"no\"><\/iframe><\/p>\n<p>&nbsp;<\/p>\n","protected":false},"excerpt":{"rendered":"<p>S\u00fahrn u\u017eito\u010dn\u00fdch z\u00e1kladn\u00fdch materi\u00e1lov, ktor\u00e9 v\u00e1m pom\u00e1haj\u00fa porozumie\u0165 z\u00e1kladn\u00fdm po\u017eiadavk\u00e1m v oblasti kozmetiky a dodr\u017eiava\u0165 ich.<\/p>\n","protected":false},"author":2,"featured_media":0,"parent":0,"menu_order":0,"comment_status":"closed","ping_status":"closed","template":"page-category.php","meta":{"_acf_changed":false,"footnotes":""},"tags":[263,311,310],"class_list":["post-4570","page","type-page","status-publish","hentry","tag-kozmetika-sk","tag-zakladna-vedomosti-sk","tag-zakladna-vedomosti-pre-kozmeticke-vyrobky-sk"],"acf":[],"yoast_head":"<!-- This site is optimized with the Yoast SEO plugin v27.2 - https:\/\/yoast.com\/product\/yoast-seo-wordpress\/ -->\n<title>Z\u00e1kladn\u00e9 inform\u00e1cie pre distrib\u00faciu kozmetick\u00fdch v\u00fdrobkov<\/title>\n<meta name=\"description\" content=\"Z\u00e1klad\u0148a vedomost\u00ed o kozmetick\u00fdch v\u00fdrobkoch pom\u00e1ha porozumie\u0165 z\u00e1konn\u00fdm po\u017eiadavk\u00e1m t\u00fdkaj\u00facim sa kozmetiky a dodr\u017eiava\u0165 ich.\" \/>\n<meta name=\"robots\" content=\"index, follow, max-snippet:-1, max-image-preview:large, max-video-preview:-1\" \/>\n<link rel=\"canonical\" href=\"https:\/\/www.msds-europe.com\/sk\/kozmeticke-vyrobky\/\" \/>\n<meta property=\"og:locale\" content=\"sk_SK\" \/>\n<meta property=\"og:type\" content=\"article\" \/>\n<meta property=\"og:title\" content=\"Z\u00e1kladn\u00e9 inform\u00e1cie pre distrib\u00faciu kozmetick\u00fdch v\u00fdrobkov\" \/>\n<meta property=\"og:description\" content=\"Z\u00e1klad\u0148a vedomost\u00ed o kozmetick\u00fdch v\u00fdrobkoch pom\u00e1ha porozumie\u0165 z\u00e1konn\u00fdm po\u017eiadavk\u00e1m t\u00fdkaj\u00facim sa kozmetiky a dodr\u017eiava\u0165 ich.\" \/>\n<meta property=\"og:url\" content=\"https:\/\/www.msds-europe.com\/sk\/kozmeticke-vyrobky\/\" \/>\n<meta property=\"og:site_name\" content=\"MSDS Europe\" \/>\n<meta property=\"article:publisher\" content=\"https:\/\/www.facebook.com\/toxinfokft\/\" \/>\n<meta property=\"article:modified_time\" content=\"2020-03-12T11:35:35+00:00\" \/>\n<meta name=\"twitter:card\" content=\"summary_large_image\" \/>\n<meta name=\"twitter:site\" content=\"@ToxInfoKft\" \/>\n<meta name=\"twitter:label1\" content=\"Predpokladan\u00fd \u010das \u010d\u00edtania\" \/>\n\t<meta name=\"twitter:data1\" content=\"2 min\u00faty\" \/>\n<script type=\"application\/ld+json\" class=\"yoast-schema-graph\">{\"@context\":\"https:\/\/schema.org\",\"@graph\":[{\"@type\":\"WebPage\",\"@id\":\"https:\/\/www.msds-europe.com\/sk\/kozmeticke-vyrobky\/\",\"url\":\"https:\/\/www.msds-europe.com\/sk\/kozmeticke-vyrobky\/\",\"name\":\"Z\u00e1kladn\u00e9 inform\u00e1cie pre distrib\u00faciu kozmetick\u00fdch v\u00fdrobkov\",\"isPartOf\":{\"@id\":\"https:\/\/www.msds-europe.com\/es\/#website\"},\"datePublished\":\"2018-06-14T13:18:14+00:00\",\"dateModified\":\"2020-03-12T11:35:35+00:00\",\"description\":\"Z\u00e1klad\u0148a vedomost\u00ed o kozmetick\u00fdch v\u00fdrobkoch pom\u00e1ha porozumie\u0165 z\u00e1konn\u00fdm po\u017eiadavk\u00e1m t\u00fdkaj\u00facim sa kozmetiky a dodr\u017eiava\u0165 ich.\",\"breadcrumb\":{\"@id\":\"https:\/\/www.msds-europe.com\/sk\/kozmeticke-vyrobky\/#breadcrumb\"},\"inLanguage\":\"sk-SK\",\"potentialAction\":[{\"@type\":\"ReadAction\",\"target\":[\"https:\/\/www.msds-europe.com\/sk\/kozmeticke-vyrobky\/\"]}]},{\"@type\":\"BreadcrumbList\",\"@id\":\"https:\/\/www.msds-europe.com\/sk\/kozmeticke-vyrobky\/#breadcrumb\",\"itemListElement\":[{\"@type\":\"ListItem\",\"position\":1,\"name\":\"F\u0151oldal\",\"item\":\"https:\/\/www.msds-europe.com\/sk\/\"},{\"@type\":\"ListItem\",\"position\":2,\"name\":\"Kozmetick\u00e9-v\u00fdrobky &#8211; s\u00fahrn u\u017eito\u010dn\u00fdch inform\u00e1ci\u00ed\"}]},{\"@type\":\"WebSite\",\"@id\":\"https:\/\/www.msds-europe.com\/es\/#website\",\"url\":\"https:\/\/www.msds-europe.com\/es\/\",\"name\":\"MSDS Europe\",\"description\":\"\",\"publisher\":{\"@id\":\"https:\/\/www.msds-europe.com\/es\/#organization\"},\"potentialAction\":[{\"@type\":\"SearchAction\",\"target\":{\"@type\":\"EntryPoint\",\"urlTemplate\":\"https:\/\/www.msds-europe.com\/es\/?s={search_term_string}\"},\"query-input\":{\"@type\":\"PropertyValueSpecification\",\"valueRequired\":true,\"valueName\":\"search_term_string\"}}],\"inLanguage\":\"sk-SK\"},{\"@type\":\"Organization\",\"@id\":\"https:\/\/www.msds-europe.com\/es\/#organization\",\"name\":\"MSDS-Europe International branch of ToxInfo\",\"url\":\"https:\/\/www.msds-europe.com\/es\/\",\"logo\":{\"@type\":\"ImageObject\",\"inLanguage\":\"sk-SK\",\"@id\":\"https:\/\/www.msds-europe.com\/es\/#\/schema\/logo\/image\/\",\"url\":\"https:\/\/www.msds-europe.com\/wp-content\/uploads\/2021\/04\/msds-europe-logo.jpg\",\"contentUrl\":\"https:\/\/www.msds-europe.com\/wp-content\/uploads\/2021\/04\/msds-europe-logo.jpg\",\"width\":2296,\"height\":1067,\"caption\":\"MSDS-Europe International branch of ToxInfo\"},\"image\":{\"@id\":\"https:\/\/www.msds-europe.com\/es\/#\/schema\/logo\/image\/\"},\"sameAs\":[\"https:\/\/www.facebook.com\/toxinfokft\/\",\"https:\/\/x.com\/ToxInfoKft\"]}]}<\/script>\n<!-- \/ Yoast SEO plugin. -->","yoast_head_json":{"title":"Z\u00e1kladn\u00e9 inform\u00e1cie pre distrib\u00faciu kozmetick\u00fdch v\u00fdrobkov","description":"Z\u00e1klad\u0148a vedomost\u00ed o kozmetick\u00fdch v\u00fdrobkoch pom\u00e1ha porozumie\u0165 z\u00e1konn\u00fdm po\u017eiadavk\u00e1m t\u00fdkaj\u00facim sa kozmetiky a dodr\u017eiava\u0165 ich.","robots":{"index":"index","follow":"follow","max-snippet":"max-snippet:-1","max-image-preview":"max-image-preview:large","max-video-preview":"max-video-preview:-1"},"canonical":"https:\/\/www.msds-europe.com\/sk\/kozmeticke-vyrobky\/","og_locale":"sk_SK","og_type":"article","og_title":"Z\u00e1kladn\u00e9 inform\u00e1cie pre distrib\u00faciu kozmetick\u00fdch v\u00fdrobkov","og_description":"Z\u00e1klad\u0148a vedomost\u00ed o kozmetick\u00fdch v\u00fdrobkoch pom\u00e1ha porozumie\u0165 z\u00e1konn\u00fdm po\u017eiadavk\u00e1m t\u00fdkaj\u00facim sa kozmetiky a dodr\u017eiava\u0165 ich.","og_url":"https:\/\/www.msds-europe.com\/sk\/kozmeticke-vyrobky\/","og_site_name":"MSDS Europe","article_publisher":"https:\/\/www.facebook.com\/toxinfokft\/","article_modified_time":"2020-03-12T11:35:35+00:00","twitter_card":"summary_large_image","twitter_site":"@ToxInfoKft","twitter_misc":{"Predpokladan\u00fd \u010das \u010d\u00edtania":"2 min\u00faty"},"schema":{"@context":"https:\/\/schema.org","@graph":[{"@type":"WebPage","@id":"https:\/\/www.msds-europe.com\/sk\/kozmeticke-vyrobky\/","url":"https:\/\/www.msds-europe.com\/sk\/kozmeticke-vyrobky\/","name":"Z\u00e1kladn\u00e9 inform\u00e1cie pre distrib\u00faciu kozmetick\u00fdch v\u00fdrobkov","isPartOf":{"@id":"https:\/\/www.msds-europe.com\/es\/#website"},"datePublished":"2018-06-14T13:18:14+00:00","dateModified":"2020-03-12T11:35:35+00:00","description":"Z\u00e1klad\u0148a vedomost\u00ed o kozmetick\u00fdch v\u00fdrobkoch pom\u00e1ha porozumie\u0165 z\u00e1konn\u00fdm po\u017eiadavk\u00e1m t\u00fdkaj\u00facim sa kozmetiky a dodr\u017eiava\u0165 ich.","breadcrumb":{"@id":"https:\/\/www.msds-europe.com\/sk\/kozmeticke-vyrobky\/#breadcrumb"},"inLanguage":"sk-SK","potentialAction":[{"@type":"ReadAction","target":["https:\/\/www.msds-europe.com\/sk\/kozmeticke-vyrobky\/"]}]},{"@type":"BreadcrumbList","@id":"https:\/\/www.msds-europe.com\/sk\/kozmeticke-vyrobky\/#breadcrumb","itemListElement":[{"@type":"ListItem","position":1,"name":"F\u0151oldal","item":"https:\/\/www.msds-europe.com\/sk\/"},{"@type":"ListItem","position":2,"name":"Kozmetick\u00e9-v\u00fdrobky &#8211; s\u00fahrn u\u017eito\u010dn\u00fdch inform\u00e1ci\u00ed"}]},{"@type":"WebSite","@id":"https:\/\/www.msds-europe.com\/es\/#website","url":"https:\/\/www.msds-europe.com\/es\/","name":"MSDS Europe","description":"","publisher":{"@id":"https:\/\/www.msds-europe.com\/es\/#organization"},"potentialAction":[{"@type":"SearchAction","target":{"@type":"EntryPoint","urlTemplate":"https:\/\/www.msds-europe.com\/es\/?s={search_term_string}"},"query-input":{"@type":"PropertyValueSpecification","valueRequired":true,"valueName":"search_term_string"}}],"inLanguage":"sk-SK"},{"@type":"Organization","@id":"https:\/\/www.msds-europe.com\/es\/#organization","name":"MSDS-Europe International branch of ToxInfo","url":"https:\/\/www.msds-europe.com\/es\/","logo":{"@type":"ImageObject","inLanguage":"sk-SK","@id":"https:\/\/www.msds-europe.com\/es\/#\/schema\/logo\/image\/","url":"https:\/\/www.msds-europe.com\/wp-content\/uploads\/2021\/04\/msds-europe-logo.jpg","contentUrl":"https:\/\/www.msds-europe.com\/wp-content\/uploads\/2021\/04\/msds-europe-logo.jpg","width":2296,"height":1067,"caption":"MSDS-Europe International branch of ToxInfo"},"image":{"@id":"https:\/\/www.msds-europe.com\/es\/#\/schema\/logo\/image\/"},"sameAs":["https:\/\/www.facebook.com\/toxinfokft\/","https:\/\/x.com\/ToxInfoKft"]}]}},"_links":{"self":[{"href":"https:\/\/www.msds-europe.com\/sk\/wp-json\/wp\/v2\/pages\/4570","targetHints":{"allow":["GET"]}}],"collection":[{"href":"https:\/\/www.msds-europe.com\/sk\/wp-json\/wp\/v2\/pages"}],"about":[{"href":"https:\/\/www.msds-europe.com\/sk\/wp-json\/wp\/v2\/types\/page"}],"author":[{"embeddable":true,"href":"https:\/\/www.msds-europe.com\/sk\/wp-json\/wp\/v2\/users\/2"}],"replies":[{"embeddable":true,"href":"https:\/\/www.msds-europe.com\/sk\/wp-json\/wp\/v2\/comments?post=4570"}],"version-history":[{"count":6,"href":"https:\/\/www.msds-europe.com\/sk\/wp-json\/wp\/v2\/pages\/4570\/revisions"}],"predecessor-version":[{"id":20796,"href":"https:\/\/www.msds-europe.com\/sk\/wp-json\/wp\/v2\/pages\/4570\/revisions\/20796"}],"wp:attachment":[{"href":"https:\/\/www.msds-europe.com\/sk\/wp-json\/wp\/v2\/media?parent=4570"}],"wp:term":[{"taxonomy":"post_tag","embeddable":true,"href":"https:\/\/www.msds-europe.com\/sk\/wp-json\/wp\/v2\/tags?post=4570"}],"curies":[{"name":"wp","href":"https:\/\/api.w.org\/{rel}","templated":true}]}}