{"id":4427,"date":"2018-06-14T09:46:52","date_gmt":"2018-06-14T09:46:52","guid":{"rendered":"http:\/\/www.msds-europe.com\/sluzby-suvisiace-s-umiestnenim-kozmetickych-vyrobkov-na-trh\/"},"modified":"2018-07-03T14:18:46","modified_gmt":"2018-07-03T14:18:46","slug":"sluzby-tykajuce-kozmetickych-vyrobkov","status":"publish","type":"page","link":"https:\/\/www.msds-europe.com\/sk\/sluzby-tykajuce-kozmetickych-vyrobkov\/","title":{"rendered":"Slu\u017eby t\u00fdkaj\u00face sa kozmetick\u00fdch v\u00fdrobkov"},"content":{"rendered":"<p style=\"text-align: right;\"><em><a href=\"http:\/\/www.msds-europe.com\/sk\/\">MSDS-Europe<\/a> \u2013 Slu\u017eby s\u00favisiace s umiestnen\u00edm kozmetick\u00fdch v\u00fdrobkov na trh<\/em><\/p>\n<p>&nbsp;<\/p>\n<p style=\"text-align: justify;\">Vyv\u00edjame n\u00e1\u0161 sortiment slu\u017eieb, aby sme plnili potreby spolo\u010dnost\u00ed zaoberaj\u00facich sa dovozom a distrib\u00faciou kozmetick\u00fdch v\u00fdrobkov a pom\u00e1hali im \u010do najefekt\u00edvnej\u0161ie uv\u00e1dza\u0165 na trh svoje v\u00fdrobky.<\/p>\n<p style=\"text-align: justify;\">Pom\u00e1hame na\u0161im partnerom pri celom procese z\u00edskania licencie, od vytvorenia ozna\u010denia v\u00fdrobku a\u017e po dokon\u010denie procesu ozn\u00e1menia.<\/p>\n<p style=\"text-align: justify;\">Na\u0161e \u010dinnosti sa vykon\u00e1vaj\u00fa v s\u00falade s predpismi v oblasti kozmetick\u00fdch v\u00fdrobkov (<strong>Smernica 1223\/2009\/ES<\/strong>).<br \/>\nNa\u0161a spolo\u010dnos\u0165 m\u00e1 \u00farove\u0148 stanoven\u00fa v pr\u00edslu\u0161nom z\u00e1kone a odborn\u00edkov, ktor\u00ed maj\u00fa po\u017eadovan\u00e9 odborn\u00e9 sk\u00fasenosti.<\/p>\n<p>&nbsp;<\/p>\n<h2 style=\"text-align: justify;\">Ako m\u00f4\u017eeme pom\u00e1ha\u0165<\/h2>\n<ul>\n<li style=\"text-align: justify;\"><a href=\"http:\/\/www.msds-europe.com\/sk\/vytvaranie-bezpecnostneho-posudku-pre-kozmetika\/\">Vytv\u00e1ranie posudzovanie bezpe\u010dnosti<\/a><\/li>\n<li style=\"text-align: justify;\"><a href=\"http:\/\/www.msds-europe.com\/sk\/vytvaranie-a-preklad-navrhu-oznacenia-na-kozmeticke-vyrobky\/\">Zostavenie n\u00e1vrh ozna\u010denia<\/a><\/li>\n<li style=\"text-align: justify;\"><a href=\"http:\/\/www.msds-europe.com\/sk\/sluzba-oznamenia-cpnp\/\">Ozn\u00e1menie cez port\u00e1l CPNP<\/a><\/li>\n<li style=\"text-align: justify;\"><a href=\"http:\/\/www.msds-europe.com\/sk\/vytvaranie-kariet-bezpecnostnych-udajov-pre-kozmeticke-vyrobky\/\">Vytv\u00e1ranie kariet bezpe\u010dnostn\u00fdch \u00fadajov pre kozmetick\u00e9 v\u00fdrobky<\/a><\/li>\n<\/ul>\n<p style=\"text-align: justify;\"><em>Pre podrobn\u00fd popis na\u0161ich slu\u017eieb t\u00fdkaj\u00facich sa kozmetiky kliknite na niektor\u00fd z vy\u0161\u0161ie uveden\u00fdch \u010derven\u00fdch odkazov.<\/em><\/p>\n<p>&nbsp;<\/p>\n<h2 style=\"text-align: justify;\">Z\u00e1ruka<\/h2>\n<p style=\"text-align: justify;\">Na\u0161a spolo\u010dnos\u0165 preber\u00e1 pln\u00fa odborn\u00fa a finan\u010dn\u00fa zodpovednos\u0165 za na\u0161e slu\u017eby v s\u00favislosti s postupom schv\u00e1lenia kozmetick\u00fdch v\u00fdrobkov. Pozn\u00e1mky, ktor\u00e9 m\u00f4\u017eu vzn\u00e1\u0161a\u0165 r\u00f4zne \u00farady a uv\u00e1dza\u0165 na\u0161i klienti, s\u00fa presk\u00faman\u00e9 do 24 hod\u00edn. Prij\u00edmame pozn\u00e1mky alebo reklam\u00e1cie u ktorejko\u013evek z na\u0161ich kontaktn\u00fdch os\u00f4b.<\/p>\n<p>&nbsp;<\/p>\n<h2 style=\"text-align: justify;\">Starostlivos\u0165 o z\u00e1kazn\u00edkov<\/h2>\n<p style=\"text-align: justify;\">Na\u0161e z\u00e1kazn\u00edcke slu\u017eby klad\u00fa d\u00f4raz na poskytovanie inform\u00e1ci\u00ed v pr\u00edslu\u0161nej r\u00fdchlosti a kvalite.<\/p>\n<p style=\"text-align: justify;\">Na\u0161e <a href=\"http:\/\/www.msds-europe.com\/sk\/zakaznicke-sluzby\/\">z\u00e1kazn\u00edcke slu\u017eby<\/a> s\u00fa v\u00e1m k dispoz\u00edcii pre odpovede na technick\u00e9 a in\u00e9 ot\u00e1zky aj po splnen\u00ed objednanej slu\u017eby vzh\u013eadom na kozmetick\u00e9 v\u00fdrobky.<\/p>\n<p>&nbsp;<\/p>\n<h2 style=\"text-align: justify;\"><span style=\"color: #333333;\">\u017diados\u0165 o cenov\u00fa ponuku slu\u017eieb t\u00fdkaj\u00facich sa kozmetick\u00fdch v\u00fdrobkov<\/span><\/h2>\n<p style=\"text-align: justify;\"><a href=\"mailto:info@msds-europe.com\">Na \u017eiados\u0165 o cenov\u00fa ponuku zaslan\u00fa e-mailom<\/a> alebo prostredn\u00edctvom n\u00e1\u0161ho <a href=\"http:\/\/www.msds-europe.com\/sk\/ziadost-cenovu-ponuku-kozmetika\/\">online formul\u00e1ra<\/a> odpovieme do 24 hod\u00edn.<br \/>\nNa\u0161e <a href=\"http:\/\/www.msds-europe.com\/sk\/zakaznicke-sluzby\/\">z\u00e1kazn\u00edcke slu\u017eby<\/a> v\u00e1m pom\u00f4\u017eu vybra\u0165 si t\u00fa spr\u00e1vnu slu\u017ebu.<\/p>\n<p>&nbsp;<\/p>\n","protected":false},"excerpt":{"rendered":"<p>Slu\u017eby s\u00favisiace s umiestnen\u00edm kozmetick\u00fdch v\u00fdrobkov na trh. Vytvorenie dokument\u00e1cie a ozn\u00e1menia pre distrib\u00faciu a v\u00fdrobu kozmetick\u00fdch v\u00fdrobkov.<\/p>\n","protected":false},"author":2,"featured_media":0,"parent":0,"menu_order":0,"comment_status":"closed","ping_status":"closed","template":"page-category.php","meta":{"_acf_changed":false,"footnotes":""},"tags":[263,287],"class_list":["post-4427","page","type-page","status-publish","hentry","tag-kozmetika-sk","tag-sluzby-tykajuce-sa-kozmetickych-vyrobkov"],"acf":[],"yoast_head":"<!-- This site is optimized with the Yoast SEO plugin v27.2 - https:\/\/yoast.com\/product\/yoast-seo-wordpress\/ -->\n<title>Slu\u017eby s\u00favisiace s umiestnen\u00edm kozmetick\u00fdch v\u00fdrobkov na trh<\/title>\n<meta name=\"description\" content=\"Slu\u017eby s\u00favisiace s umiestnen\u00edm kozmetick\u00fdch v\u00fdrobkov na trh. Vytv\u00e1ranie dokument\u00e1cie a ozn\u00e1menia pre distrib\u00faciu a v\u00fdrobu kozmetick\u00fdch v\u00fdrobkov so z\u00e1rukou.\" \/>\n<meta name=\"robots\" content=\"index, follow, max-snippet:-1, max-image-preview:large, max-video-preview:-1\" \/>\n<link rel=\"canonical\" href=\"https:\/\/www.msds-europe.com\/sk\/sluzby-tykajuce-kozmetickych-vyrobkov\/\" \/>\n<meta property=\"og:locale\" content=\"sk_SK\" \/>\n<meta property=\"og:type\" content=\"article\" \/>\n<meta property=\"og:title\" content=\"Slu\u017eby s\u00favisiace s umiestnen\u00edm kozmetick\u00fdch v\u00fdrobkov na trh\" \/>\n<meta property=\"og:description\" content=\"Slu\u017eby s\u00favisiace s umiestnen\u00edm kozmetick\u00fdch v\u00fdrobkov na trh. Vytv\u00e1ranie dokument\u00e1cie a ozn\u00e1menia pre distrib\u00faciu a v\u00fdrobu kozmetick\u00fdch v\u00fdrobkov so z\u00e1rukou.\" \/>\n<meta property=\"og:url\" content=\"https:\/\/www.msds-europe.com\/sk\/sluzby-tykajuce-kozmetickych-vyrobkov\/\" \/>\n<meta property=\"og:site_name\" content=\"MSDS Europe\" \/>\n<meta property=\"article:publisher\" content=\"https:\/\/www.facebook.com\/toxinfokft\/\" \/>\n<meta property=\"article:modified_time\" content=\"2018-07-03T14:18:46+00:00\" \/>\n<meta name=\"twitter:card\" content=\"summary_large_image\" \/>\n<meta name=\"twitter:site\" content=\"@ToxInfoKft\" \/>\n<meta name=\"twitter:label1\" content=\"Predpokladan\u00fd \u010das \u010d\u00edtania\" \/>\n\t<meta name=\"twitter:data1\" content=\"2 min\u00faty\" \/>\n<script type=\"application\/ld+json\" class=\"yoast-schema-graph\">{\"@context\":\"https:\/\/schema.org\",\"@graph\":[{\"@type\":\"WebPage\",\"@id\":\"https:\/\/www.msds-europe.com\/sk\/sluzby-tykajuce-kozmetickych-vyrobkov\/\",\"url\":\"https:\/\/www.msds-europe.com\/sk\/sluzby-tykajuce-kozmetickych-vyrobkov\/\",\"name\":\"Slu\u017eby s\u00favisiace s umiestnen\u00edm kozmetick\u00fdch v\u00fdrobkov na trh\",\"isPartOf\":{\"@id\":\"https:\/\/www.msds-europe.com\/es\/#website\"},\"datePublished\":\"2018-06-14T09:46:52+00:00\",\"dateModified\":\"2018-07-03T14:18:46+00:00\",\"description\":\"Slu\u017eby s\u00favisiace s umiestnen\u00edm kozmetick\u00fdch v\u00fdrobkov na trh. Vytv\u00e1ranie dokument\u00e1cie a ozn\u00e1menia pre distrib\u00faciu a v\u00fdrobu kozmetick\u00fdch v\u00fdrobkov so z\u00e1rukou.\",\"breadcrumb\":{\"@id\":\"https:\/\/www.msds-europe.com\/sk\/sluzby-tykajuce-kozmetickych-vyrobkov\/#breadcrumb\"},\"inLanguage\":\"sk-SK\",\"potentialAction\":[{\"@type\":\"ReadAction\",\"target\":[\"https:\/\/www.msds-europe.com\/sk\/sluzby-tykajuce-kozmetickych-vyrobkov\/\"]}]},{\"@type\":\"BreadcrumbList\",\"@id\":\"https:\/\/www.msds-europe.com\/sk\/sluzby-tykajuce-kozmetickych-vyrobkov\/#breadcrumb\",\"itemListElement\":[{\"@type\":\"ListItem\",\"position\":1,\"name\":\"F\u0151oldal\",\"item\":\"https:\/\/www.msds-europe.com\/sk\/\"},{\"@type\":\"ListItem\",\"position\":2,\"name\":\"Slu\u017eby t\u00fdkaj\u00face sa kozmetick\u00fdch v\u00fdrobkov\"}]},{\"@type\":\"WebSite\",\"@id\":\"https:\/\/www.msds-europe.com\/es\/#website\",\"url\":\"https:\/\/www.msds-europe.com\/es\/\",\"name\":\"MSDS Europe\",\"description\":\"\",\"publisher\":{\"@id\":\"https:\/\/www.msds-europe.com\/es\/#organization\"},\"potentialAction\":[{\"@type\":\"SearchAction\",\"target\":{\"@type\":\"EntryPoint\",\"urlTemplate\":\"https:\/\/www.msds-europe.com\/es\/?s={search_term_string}\"},\"query-input\":{\"@type\":\"PropertyValueSpecification\",\"valueRequired\":true,\"valueName\":\"search_term_string\"}}],\"inLanguage\":\"sk-SK\"},{\"@type\":\"Organization\",\"@id\":\"https:\/\/www.msds-europe.com\/es\/#organization\",\"name\":\"MSDS-Europe International branch of ToxInfo\",\"url\":\"https:\/\/www.msds-europe.com\/es\/\",\"logo\":{\"@type\":\"ImageObject\",\"inLanguage\":\"sk-SK\",\"@id\":\"https:\/\/www.msds-europe.com\/es\/#\/schema\/logo\/image\/\",\"url\":\"https:\/\/www.msds-europe.com\/wp-content\/uploads\/2021\/04\/msds-europe-logo.jpg\",\"contentUrl\":\"https:\/\/www.msds-europe.com\/wp-content\/uploads\/2021\/04\/msds-europe-logo.jpg\",\"width\":2296,\"height\":1067,\"caption\":\"MSDS-Europe International branch of ToxInfo\"},\"image\":{\"@id\":\"https:\/\/www.msds-europe.com\/es\/#\/schema\/logo\/image\/\"},\"sameAs\":[\"https:\/\/www.facebook.com\/toxinfokft\/\",\"https:\/\/x.com\/ToxInfoKft\"]}]}<\/script>\n<!-- \/ Yoast SEO plugin. -->","yoast_head_json":{"title":"Slu\u017eby s\u00favisiace s umiestnen\u00edm kozmetick\u00fdch v\u00fdrobkov na trh","description":"Slu\u017eby s\u00favisiace s umiestnen\u00edm kozmetick\u00fdch v\u00fdrobkov na trh. Vytv\u00e1ranie dokument\u00e1cie a ozn\u00e1menia pre distrib\u00faciu a v\u00fdrobu kozmetick\u00fdch v\u00fdrobkov so z\u00e1rukou.","robots":{"index":"index","follow":"follow","max-snippet":"max-snippet:-1","max-image-preview":"max-image-preview:large","max-video-preview":"max-video-preview:-1"},"canonical":"https:\/\/www.msds-europe.com\/sk\/sluzby-tykajuce-kozmetickych-vyrobkov\/","og_locale":"sk_SK","og_type":"article","og_title":"Slu\u017eby s\u00favisiace s umiestnen\u00edm kozmetick\u00fdch v\u00fdrobkov na trh","og_description":"Slu\u017eby s\u00favisiace s umiestnen\u00edm kozmetick\u00fdch v\u00fdrobkov na trh. Vytv\u00e1ranie dokument\u00e1cie a ozn\u00e1menia pre distrib\u00faciu a v\u00fdrobu kozmetick\u00fdch v\u00fdrobkov so z\u00e1rukou.","og_url":"https:\/\/www.msds-europe.com\/sk\/sluzby-tykajuce-kozmetickych-vyrobkov\/","og_site_name":"MSDS Europe","article_publisher":"https:\/\/www.facebook.com\/toxinfokft\/","article_modified_time":"2018-07-03T14:18:46+00:00","twitter_card":"summary_large_image","twitter_site":"@ToxInfoKft","twitter_misc":{"Predpokladan\u00fd \u010das \u010d\u00edtania":"2 min\u00faty"},"schema":{"@context":"https:\/\/schema.org","@graph":[{"@type":"WebPage","@id":"https:\/\/www.msds-europe.com\/sk\/sluzby-tykajuce-kozmetickych-vyrobkov\/","url":"https:\/\/www.msds-europe.com\/sk\/sluzby-tykajuce-kozmetickych-vyrobkov\/","name":"Slu\u017eby s\u00favisiace s umiestnen\u00edm kozmetick\u00fdch v\u00fdrobkov na trh","isPartOf":{"@id":"https:\/\/www.msds-europe.com\/es\/#website"},"datePublished":"2018-06-14T09:46:52+00:00","dateModified":"2018-07-03T14:18:46+00:00","description":"Slu\u017eby s\u00favisiace s umiestnen\u00edm kozmetick\u00fdch v\u00fdrobkov na trh. Vytv\u00e1ranie dokument\u00e1cie a ozn\u00e1menia pre distrib\u00faciu a v\u00fdrobu kozmetick\u00fdch v\u00fdrobkov so z\u00e1rukou.","breadcrumb":{"@id":"https:\/\/www.msds-europe.com\/sk\/sluzby-tykajuce-kozmetickych-vyrobkov\/#breadcrumb"},"inLanguage":"sk-SK","potentialAction":[{"@type":"ReadAction","target":["https:\/\/www.msds-europe.com\/sk\/sluzby-tykajuce-kozmetickych-vyrobkov\/"]}]},{"@type":"BreadcrumbList","@id":"https:\/\/www.msds-europe.com\/sk\/sluzby-tykajuce-kozmetickych-vyrobkov\/#breadcrumb","itemListElement":[{"@type":"ListItem","position":1,"name":"F\u0151oldal","item":"https:\/\/www.msds-europe.com\/sk\/"},{"@type":"ListItem","position":2,"name":"Slu\u017eby t\u00fdkaj\u00face sa kozmetick\u00fdch v\u00fdrobkov"}]},{"@type":"WebSite","@id":"https:\/\/www.msds-europe.com\/es\/#website","url":"https:\/\/www.msds-europe.com\/es\/","name":"MSDS Europe","description":"","publisher":{"@id":"https:\/\/www.msds-europe.com\/es\/#organization"},"potentialAction":[{"@type":"SearchAction","target":{"@type":"EntryPoint","urlTemplate":"https:\/\/www.msds-europe.com\/es\/?s={search_term_string}"},"query-input":{"@type":"PropertyValueSpecification","valueRequired":true,"valueName":"search_term_string"}}],"inLanguage":"sk-SK"},{"@type":"Organization","@id":"https:\/\/www.msds-europe.com\/es\/#organization","name":"MSDS-Europe International branch of ToxInfo","url":"https:\/\/www.msds-europe.com\/es\/","logo":{"@type":"ImageObject","inLanguage":"sk-SK","@id":"https:\/\/www.msds-europe.com\/es\/#\/schema\/logo\/image\/","url":"https:\/\/www.msds-europe.com\/wp-content\/uploads\/2021\/04\/msds-europe-logo.jpg","contentUrl":"https:\/\/www.msds-europe.com\/wp-content\/uploads\/2021\/04\/msds-europe-logo.jpg","width":2296,"height":1067,"caption":"MSDS-Europe International branch of ToxInfo"},"image":{"@id":"https:\/\/www.msds-europe.com\/es\/#\/schema\/logo\/image\/"},"sameAs":["https:\/\/www.facebook.com\/toxinfokft\/","https:\/\/x.com\/ToxInfoKft"]}]}},"_links":{"self":[{"href":"https:\/\/www.msds-europe.com\/sk\/wp-json\/wp\/v2\/pages\/4427","targetHints":{"allow":["GET"]}}],"collection":[{"href":"https:\/\/www.msds-europe.com\/sk\/wp-json\/wp\/v2\/pages"}],"about":[{"href":"https:\/\/www.msds-europe.com\/sk\/wp-json\/wp\/v2\/types\/page"}],"author":[{"embeddable":true,"href":"https:\/\/www.msds-europe.com\/sk\/wp-json\/wp\/v2\/users\/2"}],"replies":[{"embeddable":true,"href":"https:\/\/www.msds-europe.com\/sk\/wp-json\/wp\/v2\/comments?post=4427"}],"version-history":[{"count":4,"href":"https:\/\/www.msds-europe.com\/sk\/wp-json\/wp\/v2\/pages\/4427\/revisions"}],"predecessor-version":[{"id":7291,"href":"https:\/\/www.msds-europe.com\/sk\/wp-json\/wp\/v2\/pages\/4427\/revisions\/7291"}],"wp:attachment":[{"href":"https:\/\/www.msds-europe.com\/sk\/wp-json\/wp\/v2\/media?parent=4427"}],"wp:term":[{"taxonomy":"post_tag","embeddable":true,"href":"https:\/\/www.msds-europe.com\/sk\/wp-json\/wp\/v2\/tags?post=4427"}],"curies":[{"name":"wp","href":"https:\/\/api.w.org\/{rel}","templated":true}]}}