{"id":34674,"date":"2025-09-02T13:33:51","date_gmt":"2025-09-02T13:33:51","guid":{"rendered":"https:\/\/www.msds-europe.com\/?page_id=34674"},"modified":"2026-02-24T10:58:41","modified_gmt":"2026-02-24T10:58:41","slug":"brexit-chemicka-bezpecnost","status":"publish","type":"page","link":"https:\/\/www.msds-europe.com\/sk\/brexit-chemicka-bezpecnost\/","title":{"rendered":"Dopad Brexitu na chemick\u00fa bezpe\u010dnos\u0165"},"content":{"rendered":"<p style=\"text-align: right;\"><em><a href=\"https:\/\/www.msds-europe.com\/sk\/\">MSDS-Europe<\/a> \u2013 <a href=\"https:\/\/www.msds-europe.com\/compass-to-chemical-safety\/\">Kompas chemickej bezpe\u010dnosti<\/a> \u2013 Dopad Brexitu na chemick\u00fa bezpe\u010dnos\u0165<\/em><\/p>\n<p style=\"text-align: justify;\"><strong>Spojen\u00e9 kr\u00e1\u013eovstvo, rovnako ako ostatn\u00e9 \u010dlensk\u00e9 \u0161t\u00e1ty E\u00da, doteraz uplat\u0148ovalo pr\u00e1vne predpisy E\u00da v oblasti chemickej bezpe\u010dnosti. V d\u00f4sledku Brexitu a po skon\u010den\u00ed prechodn\u00e9ho obdobia (31. decembra 2020) sa v\u0161ak Spojen\u00e9 kr\u00e1\u013eovstvo stalo nez\u00e1visl\u00fdm od pr\u00e1vnych predpisov chemickej bezpe\u010dnosti Eur\u00f3pskej \u00fanie.<\/strong><\/p>\n<p style=\"text-align: justify;\"><strong>Ak\u00e9 zmeny to znamen\u00e1 v oblasti chemickej bezpe\u010dnosti pre chemik\u00e1lie dov\u00e1\u017ean\u00e9 alebo vyv\u00e1\u017ean\u00e9 z\/do kraj\u00edn EHP?<\/strong><\/p>\n<p>&nbsp;<\/p>\n<h2 style=\"text-align: justify;\">Dopad Brexitu na obchod<\/h2>\n<p style=\"text-align: justify;\">Spojen\u00e9 kr\u00e1\u013eovstvo vyst\u00fapilo z E\u00da 31. janu\u00e1ra 2020. Nasledovalo prechodn\u00e9 obdobie, ktor\u00e9 sa skon\u010dilo 31. decembra 2020. Nov\u00fd syst\u00e9m teda vst\u00fapil do platnosti 1. janu\u00e1ra 2021. To znamen\u00e1, \u017ee obchod so Spojen\u00fdm kr\u00e1\u013eovstvom sa stal zlo\u017eitej\u0161\u00edm, preto\u017ee u\u017e neprebieha v r\u00e1mci vn\u00fatorn\u00e9ho trhu E\u00da.<\/p>\n<p style=\"text-align: justify;\">Okrem in\u00e9ho sa na krajinu u\u017e nevz\u0165ahuje harmonizovan\u00fd syst\u00e9m DPH E\u00da, zmenil sa syst\u00e9m platenia ciel a vo v\u0161eobecnosti sa zv\u00fd\u0161ila administrat\u00edvna z\u00e1\u0165a\u017e.<\/p>\n<p style=\"text-align: justify;\">Ak m\u00e1 teda spolo\u010dnos\u0165 s\u00eddlo vo Ve\u013ekej Brit\u00e1nii alebo v EHP, ale p\u00f4sob\u00ed ako dod\u00e1vate\u013e, pou\u017e\u00edvate\u013e alebo distrib\u00fator vo Ve\u013ekej Brit\u00e1nii, mala by sa na tieto zmeny pripravi\u0165.<\/p>\n<p>&nbsp;<\/p>\n<h2 style=\"text-align: justify;\">Ako sa pripravi\u0165 na zmeny<\/h2>\n<p style=\"text-align: justify;\">V prvom rade je potrebn\u00e9 definova\u0165 \u00falohu spolo\u010dnosti v novom syst\u00e9me a jej vz\u0165ah k trhom Spojen\u00e9ho kr\u00e1\u013eovstva a EHP. Spojen\u00e9 kr\u00e1\u013eovstvo sa stalo tre\u0165ou krajinou pre \u010dlensk\u00e9 \u0161t\u00e1ty E\u00da. Preto sa pou\u017e\u00edvatelia a distrib\u00fatori so s\u00eddlom vo Ve\u013ekej Brit\u00e1nii, ktor\u00ed nakupuj\u00fa l\u00e1tky alebo zmesi z EHP, st\u00e1vaj\u00fa dovozcami, a t\u00e1to \u00faloha je \u00faplne odli\u0161n\u00e1 od dovtedaj\u0161ieho statusu \u201edistrib\u00fatora\u201c pod\u013ea nariadenia REACH.<\/p>\n<p style=\"text-align: justify;\">Pokyny na ur\u010denie \u00faloh \u2013 ktor\u00e9 s\u00fa nevyhnutn\u00e9 na z\u00e1kladn\u00e9 pochopenie a ur\u010denie po\u017eiadaviek REACH \u2013 n\u00e1jdete na <a href=\"https:\/\/echa.europa.eu\/hu\/uk-withdrawal-from-the-eu\">webovej str\u00e1nke ECHA<\/a> alebo v na\u0161om \u010dl\u00e1nku \u201e<a href=\"https:\/\/www.msds-europe.com\/reach-obligations-manufacturers-importers\/\">Povinnosti v\u00fdrobcov a dovozcov pod\u013ea REACH<\/a>\u201c.<\/p>\n<p style=\"text-align: justify;\">\u00daloha dovozcu\/v\u00fdvozcu si vy\u017eaduje, aby dod\u00e1vate\u013e chemickej l\u00e1tky presk\u00famal svoju <a href=\"https:\/\/www.msds-europe.com\/sk\/karta-bezpecnostnych-udajov-revizie-aktualizacie\/\">kartu bezpe\u010dnostn\u00fdch \u00fadajov<\/a> a ozna\u010dovanie.<\/p>\n<p style=\"text-align: justify;\">Nariadenia CLP, BPR a PIC boli vo Ve\u013ekej Brit\u00e1nii nahraden\u00e9 vn\u00fatro\u0161t\u00e1tnou legislat\u00edvou. V d\u00f4sledku toho je potrebn\u00e9 priebe\u017ene sledova\u0165 s\u00falad pr\u00e1vnych predpisov E\u00da a UK, ako aj implementova\u0165 zmeny vypl\u00fdvaj\u00face z rozdielov.<\/p>\n<p style=\"text-align: justify;\">Nie je v\u0161ak potrebn\u00e9 okam\u017eite sa pripravova\u0165 na radik\u00e1lne zmeny, preto\u017ee Spojen\u00e9 kr\u00e1\u013eovstvo prevzalo v\u00e4\u010d\u0161inu legislat\u00edvy s men\u0161\u00edmi \u00fapravami, aby mohla \u00fa\u010dinne fungova\u0165 v n\u00e1rodnom kontexte. Napr\u00edklad nariadenie CLP bolo nahraden\u00e9 nariaden\u00edm GB CLP a nariadenie REACH E\u00da nariaden\u00edm UK REACH.<\/p>\n<p style=\"text-align: justify;\">Pozrime sa teraz na zmeny, ktor\u00e9 mo\u017eno o\u010dak\u00e1va\u0165 v najd\u00f4le\u017eitej\u0161\u00edch predpisoch chemickej bezpe\u010dnosti.<\/p>\n<p>&nbsp;<\/p>\n<h2 style=\"text-align: justify;\">Zmeny v z\u00e1kladn\u00fdch po\u017eiadavk\u00e1ch chemickej bezpe\u010dnosti<\/h2>\n<h3 style=\"text-align: justify;\"><span style=\"color: #333333;\">UK REACH<\/span><\/h3>\n<p style=\"text-align: justify;\">V pr\u00edpade nariadenia UK REACH zost\u00e1vaj\u00fa zachovan\u00e9 hlavn\u00e9 z\u00e1sady (\u017eiadne \u00fadaje \u2013 \u017eiadny trh; minimaliz\u00e1cia testovania na zvierat\u00e1ch; pr\u00edstup k inform\u00e1ci\u00e1m pre pracovn\u00edkov; princ\u00edp predbe\u017enej opatrnosti at\u010f.). UK REACH a EU REACH v\u0161ak funguj\u00fa nez\u00e1visle od seba.<\/p>\n<p style=\"text-align: justify;\">Ak spolo\u010dnos\u0165 dod\u00e1va alebo nakupuje chemick\u00fa l\u00e1tku v EHP aj vo Ve\u013ekej Brit\u00e1nii, mus\u00ed dodr\u017eiava\u0165 dva samostatn\u00e9 pr\u00e1vne re\u017eimy.<\/p>\n<p style=\"text-align: justify;\">Pokyny, ako dodr\u017eiava\u0165 UK REACH, n\u00e1jdete na tomto <a href=\"https:\/\/www.gov.uk\/guidance\/how-to-comply-with-reach-chemical-regulations\">aktu\u00e1lnom odkaze<\/a>.<\/p>\n<p style=\"text-align: justify;\">O pomoc a \u010fal\u0161ie inform\u00e1cie sa obr\u00e1\u0165te na n\u00e1rodn\u00fd org\u00e1n (HSE \u2013 Health and Safety Executive, britsk\u00fd n\u00e1rodn\u00fd org\u00e1n pre bezpe\u010dnos\u0165 a ochranu zdravia pri pr\u00e1ci).<\/p>\n<h3 style=\"text-align: justify;\"><span style=\"color: #333333;\">Bioc\u00eddy<\/span><\/h3>\n<p style=\"text-align: justify;\">Spojen\u00e9 kr\u00e1\u013eovstvo prevzalo aj nariadenie o bioc\u00eddnych v\u00fdrobkoch (BPR) s men\u0161\u00edmi zmenami.<\/p>\n<p style=\"text-align: justify;\">Ak chcete po\u017eiada\u0165 o schv\u00e1lenie \u00fa\u010dinnej l\u00e1tky alebo autoriz\u00e1ciu bioc\u00eddneho v\u00fdrobku vo Ve\u013ekej Brit\u00e1nii, budete sa musie\u0165 obr\u00e1ti\u0165 na HSE namiesto ECHA. HSE prevzalo funkcie ECHA v r\u00e1mci britsk\u00e9ho syst\u00e9mu, ale pou\u017e\u00edva vlastn\u00e9 postupy na spracovanie predlo\u017een\u00fdch \u017eiadost\u00ed.<\/p>\n<p style=\"text-align: justify;\"><strong>\u010co sa stane, ak u\u017e m\u00e1me platn\u00fa autoriz\u00e1ciu bioc\u00eddneho v\u00fdrobku vo Ve\u013ekej Brit\u00e1nii?<\/strong><\/p>\n<p style=\"text-align: justify;\">Predt\u00fdm udelen\u00e9 autoriz\u00e1cie bioc\u00eddnych v\u00fdrobkov zost\u00e1vaj\u00fa v platnosti a\u017e do d\u00e1tumu ich vypr\u0161ania.<\/p>\n<p style=\"text-align: justify;\">Dr\u017eite\u013e autoriz\u00e1cie v\u0161ak musel ma\u0165 s\u00eddlo vo Ve\u013ekej Brit\u00e1nii do jedn\u00e9ho roka (do 1. janu\u00e1ra 2022). Schv\u00e1lenie \u00fa\u010dinnej l\u00e1tky zost\u00e1va tie\u017e platn\u00e9 do be\u017en\u00e9ho d\u00e1tumu vypr\u0161ania, ale inform\u00e1cie p\u00f4vodne predlo\u017een\u00e9 org\u00e1nu museli by\u0165 predlo\u017een\u00e9 aj HSE.<\/p>\n<p style=\"text-align: justify;\"><strong>\u010co sa stane, ak je na\u0161a \u017eiados\u0165 pr\u00e1ve v procese?<\/strong><\/p>\n<p style=\"text-align: justify;\">HSE pokra\u010duje v procese ude\u013eovania n\u00e1rodnej autoriz\u00e1cie, ale je potrebn\u00e9 op\u00e4tovne predlo\u017ei\u0165 inform\u00e1cie podporuj\u00face p\u00f4vodn\u00fa \u017eiados\u0165.<\/p>\n<p style=\"text-align: justify;\">Britsk\u00e1 verzia zoznamu schv\u00e1len\u00fdch dod\u00e1vate\u013eov \u00fa\u010dinn\u00fdch l\u00e1tok (zoznam pod\u013ea \u010dl\u00e1nku 95) bola vytvoren\u00e1 na konci prechodn\u00e9ho obdobia na z\u00e1klade aktu\u00e1lneho zoznamu E\u00da.<\/p>\n<p style=\"text-align: justify;\">Ak je teda spolo\u010dnos\u0165 na zozname E\u00da, bola automaticky pridan\u00e1 aj na britsk\u00fd zoznam, ale aby na \u0148om zostala, musela predlo\u017ei\u0165 dodato\u010dn\u00e9 inform\u00e1cie HSE. Na splnenie po\u017eiadaviek bolo stanoven\u00e9 dvojro\u010dn\u00e9 obdobie.<\/p>\n<p>&nbsp;<\/p>\n<h3 style=\"text-align: justify;\"><span style=\"color: #333333;\">Nariadenie PIC (predch\u00e1dzaj\u00faci informovan\u00fd s\u00fahlas)<\/span><\/h3>\n<p style=\"text-align: justify;\">Nariadenie PIC (nariadenie (E\u00da) \u010d. 649\/2012) upravuje dovoz a v\u00fdvoz ur\u010dit\u00fdch nebezpe\u010dn\u00fdch chemik\u00e1li\u00ed a uklad\u00e1 povinnosti spolo\u010dnostiam, ktor\u00e9 chc\u00fa tieto chemik\u00e1lie vyv\u00e1\u017ea\u0165 do kraj\u00edn mimo E\u00da.<\/p>\n<p style=\"text-align: justify;\">Po prechodnom obdob\u00ed sa nariadenie PIC E\u00da u\u017e nevz\u0165ahuje na spolo\u010dnosti so s\u00eddlom vo Ve\u013ekej Brit\u00e1nii; v d\u00f4sledku toho sa u\u017e neuplat\u0148uje povinnos\u0165 oznamova\u0165 \u00fadaje o dovoze\/v\u00fdvoze pod\u013ea syst\u00e9mu E\u00da.<\/p>\n<p style=\"text-align: justify;\"><strong>D\u00f4le\u017eit\u00e9!<\/strong><\/p>\n<p style=\"text-align: justify;\">Overte si u HSE, \u010di m\u00e1te oznamovaciu povinnos\u0165 pod\u013ea novej vn\u00fatro\u0161t\u00e1tnej legislat\u00edvy.<\/p>\n<p style=\"text-align: justify;\">Na druhej strane nariadenie zost\u00e1va v platnosti pre spolo\u010dnosti so s\u00eddlom v E\u00da. Ak sa teda chemik\u00e1lia podliehaj\u00faca PIC vyv\u00e1\u017ea do\/z Ve\u013ekej Brit\u00e1nie, mus\u00ed sa na strane E\u00da na\u010falej oznamova\u0165.<\/p>\n<p>&nbsp;<\/p>\n<h2 style=\"text-align: justify;\">\u010co sa s Brexitom nemen\u00ed<\/h2>\n<p style=\"text-align: justify;\">Nariadenie CLP E\u00da bolo nahraden\u00e9 nariaden\u00edm GB CLP, ale britsk\u00fd syst\u00e9m na\u010falej vych\u00e1dza zo syst\u00e9mu OSN GHS (Glob\u00e1lne harmonizovan\u00fd syst\u00e9m klasifik\u00e1cie a ozna\u010dovania chemik\u00e1li\u00ed). Spolo\u010dnosti so s\u00eddlom vo Ve\u013ekej Brit\u00e1nii preto zost\u00e1vaj\u00fa zodpovedn\u00e9 za klasifik\u00e1ciu, ozna\u010dovanie a balenie chemik\u00e1li\u00ed uv\u00e1dzan\u00fdch na trh pod\u013ea nariadenia GB CLP. Rovnako sa nemenia ani po\u017eiadavky t\u00fdkaj\u00face sa toho, kedy je <a href=\"https:\/\/www.msds-europe.com\/sk\/etiketa-clp\/\">ozna\u010dovanie<\/a> potrebn\u00e9 (okrem prepravn\u00fdch ozna\u010den\u00ed), a po\u017eiadavky na balenie tie\u017e zost\u00e1vaj\u00fa v z\u00e1sade rovnak\u00e9.<\/p>\n<p style=\"text-align: justify;\">Dod\u00e1vatelia so s\u00eddlom vo Ve\u013ekej Brit\u00e1nii navy\u0161e zost\u00e1vaj\u00fa zodpovedn\u00ed za identifik\u00e1ciu (klasifik\u00e1ciu), sk\u00fa\u0161anie a hodnotenie potenci\u00e1lnych fyzik\u00e1lnych, zdravotn\u00fdch a environment\u00e1lnych riz\u00edk chemik\u00e1li\u00ed.<\/p>\n<p>&nbsp;<\/p>\n<h2 style=\"text-align: justify;\">Zhrnutie dopadu Brexitu<\/h2>\n<p style=\"text-align: justify;\">Na z\u00e1klade dostupn\u00fdch ofici\u00e1lnych inform\u00e1ci\u00ed sa o\u010dak\u00e1valo, \u017ee prechod bude efekt\u00edvny a plynul\u00fd, preto\u017ee Spojen\u00e9 kr\u00e1\u013eovstvo prevzalo v\u00e4\u010d\u0161inu legislat\u00edvy s vy\u0161\u0161ie uveden\u00fdmi men\u0161\u00edmi zmenami. Okrem toho bolo stanoven\u00e9 obdobie, po\u010das ktor\u00e9ho mali spolo\u010dnosti \u010das na splnenie v\u0161etk\u00fdch po\u017eiadaviek.<\/p>\n<p style=\"text-align: justify;\">Spolo\u010dnosti by v\u0161ak mali pos\u00fadi\u0165 svoju situ\u00e1ciu pod\u013ea oboch pr\u00e1vnych re\u017eimov a podnikn\u00fa\u0165 potrebn\u00e9 dodato\u010dn\u00e9 kroky (napr. predlo\u017eenie inform\u00e1ci\u00ed HSE). V pr\u00edpade ot\u00e1zok t\u00fdkaj\u00facich sa Spojen\u00e9ho kr\u00e1\u013eovstva sa mo\u017eno obr\u00e1ti\u0165 na HSE (britsk\u00fd n\u00e1rodn\u00fd org\u00e1n) namiesto ECHA.<\/p>\n<h4><span style=\"color: #ff9900;\">Bezplatn\u00e1 online konzult\u00e1cia<\/span><\/h4>\n<p><span style=\"color: #000000;\">Ak ste na na\u0161ej webovej str\u00e1nke nena\u0161li potrebn\u00e9 inform\u00e1cie, polo\u017ete priamo ot\u00e1zky t\u00fdkaj\u00face sa kariet bezpe\u010dnostn\u00fdch \u00fadajov n\u00e1\u0161mu expertovi. <\/span><\/p>\n<p><span style=\"color: #000000;\">Na odoslanie ot\u00e1zok pou\u017eite, pros\u00edm, nasleduj\u00facu aplik\u00e1ciu: <\/span><\/p>\n<a href=\"https:\/\/www.msds-europe.com\/sk\/online-konzultacie\/\" class=\"su-button su-button-style-default\" style=\"color:#ffffff;background-color:#ef552d;border-color:#c04424;border-radius:6px\" target=\"_self\"><span style=\"color:#ffffff;padding:0px 18px;font-size:14px;line-height:28px;border-color:#f4886c;border-radius:6px;text-shadow:0px 0px 2px #ffffff\"> Op\u00fdtajte sa n\u00e1\u0161ho experta na chemick\u00fa bezpe\u010dnos\u0165!<\/span><\/a>\n<p>&nbsp;<\/p>\n<h4>\u010casto kladen\u00e9 ot\u00e1zky a odpovede<\/h4>\n<div class=\"su-spoiler su-spoiler-style-fancy su-spoiler-icon-chevron su-spoiler-closed\" data-scroll-offset=\"0\" data-anchor-in-url=\"no\"><div class=\"su-spoiler-title\" tabindex=\"0\" role=\"button\"><span class=\"su-spoiler-icon\"><\/span>Potrebujem nov\u00fa registr\u00e1ciu UK REACH, ak u\u017e m\u00e1m registr\u00e1ciu EU REACH pre t\u00fa ist\u00fa l\u00e1tku?<\/div><div class=\"su-spoiler-content su-u-clearfix su-u-trim\">\n<p>\u00c1no. Od 1. janu\u00e1ra 2021 registr\u00e1cia v E\u00da u\u017e nie je vo Ve\u013ekej Brit\u00e1nii platn\u00e1, tak\u017ee l\u00e1tka mus\u00ed by\u0165 samostatne ozn\u00e1men\u00e1 pod\u013ea UK REACH v r\u00e1mci platn\u00fdch prechodn\u00fdch leh\u00f4t.<\/p>\n<\/div><\/div>\n<div class=\"su-spoiler su-spoiler-style-fancy su-spoiler-icon-chevron su-spoiler-closed\" data-scroll-offset=\"0\" data-anchor-in-url=\"no\"><div class=\"su-spoiler-title\" tabindex=\"0\" role=\"button\"><span class=\"su-spoiler-icon\"><\/span>\u010co znamen\u00e1 status \u00abtretej krajiny\u00bb pre export\u00e9ra z E\u00da?<\/div><div class=\"su-spoiler-content su-u-clearfix su-u-trim\">\n<p>Z\u00e1sielky do Spojen\u00e9ho kr\u00e1\u013eovstva s\u00fa teraz exportom; britsk\u00fd z\u00e1kazn\u00edk sa st\u00e1va dovozcom, \u010do prin\u00e1\u0161a povinnosti v oblasti ciel, DPH a rev\u00edzie SDS\/etikiet.<\/p>\n<\/div><\/div>\n<div class=\"su-spoiler su-spoiler-style-fancy su-spoiler-icon-chevron su-spoiler-closed\" data-scroll-offset=\"0\" data-anchor-in-url=\"no\"><div class=\"su-spoiler-title\" tabindex=\"0\" role=\"button\"><span class=\"su-spoiler-icon\"><\/span>Zmenia sa piktogramy GHS na britskom trhu?<\/div><div class=\"su-spoiler-content su-u-clearfix su-u-trim\">\n<p>Nie. Nariadenie GB CLP na\u010falej vych\u00e1dza z OSN GHS, tak\u017ee piktogramy nebezpe\u010dnosti a H-\/P-vety zost\u00e1vaj\u00fa rovnak\u00e9; men\u00ed sa iba pr\u00e1vny odkaz.<\/p>\n<\/div><\/div>\n<div class=\"su-spoiler su-spoiler-style-fancy su-spoiler-icon-chevron su-spoiler-closed\" data-scroll-offset=\"0\" data-anchor-in-url=\"no\"><div class=\"su-spoiler-title\" tabindex=\"0\" role=\"button\"><span class=\"su-spoiler-icon\"><\/span>\u010co sa stane s autoriz\u00e1ciami bioc\u00eddov u\u017e udelen\u00fdmi vo Ve\u013ekej Brit\u00e1nii?<\/div><div class=\"su-spoiler-content su-u-clearfix su-u-trim\">\n<p>Zost\u00e1vaj\u00fa platn\u00e9 a\u017e do vypr\u0161ania, ale dr\u017eite\u013e autoriz\u00e1cie musel do jedn\u00e9ho roka (do roku 2022) splni\u0165 po\u017eiadavky vo vz\u0165ahu k HSE a v\u0161etky nov\u00e9 \u017eiadosti smeruj\u00fa priamo na britsk\u00fd org\u00e1n.<\/p>\n<\/div><\/div>\n<p>&nbsp;<\/p>\n","protected":false},"excerpt":{"rendered":"<p>MSDS-Europe \u2013 Kompas chemickej bezpe\u010dnosti \u2013 Dopad Brexitu na chemick\u00fa bezpe\u010dnos\u0165 Spojen\u00e9 kr\u00e1\u013eovstvo, rovnako ako ostatn\u00e9 \u010dlensk\u00e9 \u0161t\u00e1ty E\u00da, doteraz uplat\u0148ovalo pr\u00e1vne predpisy E\u00da v oblasti chemickej bezpe\u010dnosti. V d\u00f4sledku Brexitu a po skon\u010den\u00ed prechodn\u00e9ho obdobia (31. decembra 2020) sa v\u0161ak Spojen\u00e9 kr\u00e1\u013eovstvo stalo nez\u00e1visl\u00fdm od pr\u00e1vnych predpisov chemickej bezpe\u010dnosti&#8230;<\/p>\n","protected":false},"author":2,"featured_media":0,"parent":0,"menu_order":0,"comment_status":"closed","ping_status":"closed","template":"","meta":{"_acf_changed":false,"footnotes":""},"tags":[],"class_list":["post-34674","page","type-page","status-publish","hentry"],"acf":[],"yoast_head":"<!-- This site is optimized with the Yoast SEO plugin v27.2 - https:\/\/yoast.com\/product\/yoast-seo-wordpress\/ -->\n<title>Dopad Brexitu na chemick\u00fa bezpe\u010dnos\u0165 - MSDS Europe<\/title>\n<meta name=\"description\" content=\"Dopad Brexitu na chemick\u00fa bezpe\u010dnos\u0165 v s\u00favislosti s chemick\u00fdmi l\u00e1tkami dov\u00e1\u017ean\u00fdmi alebo vyv\u00e1\u017ean\u00fdmi z\/do kraj\u00edn EHP.\" \/>\n<meta name=\"robots\" content=\"index, follow, max-snippet:-1, max-image-preview:large, max-video-preview:-1\" \/>\n<link rel=\"canonical\" href=\"https:\/\/www.msds-europe.com\/sk\/brexit-chemicka-bezpecnost\/\" \/>\n<meta property=\"og:locale\" content=\"sk_SK\" \/>\n<meta property=\"og:type\" content=\"article\" \/>\n<meta property=\"og:title\" content=\"Dopad Brexitu na chemick\u00fa bezpe\u010dnos\u0165 - MSDS Europe\" \/>\n<meta property=\"og:description\" content=\"Dopad Brexitu na chemick\u00fa bezpe\u010dnos\u0165 v s\u00favislosti s chemick\u00fdmi l\u00e1tkami dov\u00e1\u017ean\u00fdmi alebo vyv\u00e1\u017ean\u00fdmi z\/do kraj\u00edn EHP.\" \/>\n<meta property=\"og:url\" content=\"https:\/\/www.msds-europe.com\/sk\/brexit-chemicka-bezpecnost\/\" \/>\n<meta property=\"og:site_name\" content=\"MSDS Europe\" \/>\n<meta property=\"article:publisher\" content=\"https:\/\/www.facebook.com\/toxinfokft\/\" \/>\n<meta property=\"article:modified_time\" content=\"2026-02-24T10:58:41+00:00\" \/>\n<meta name=\"twitter:card\" content=\"summary_large_image\" \/>\n<meta name=\"twitter:site\" content=\"@ToxInfoKft\" \/>\n<meta name=\"twitter:label1\" content=\"Predpokladan\u00fd \u010das \u010d\u00edtania\" \/>\n\t<meta name=\"twitter:data1\" content=\"5 min\u00fat\" \/>\n<script type=\"application\/ld+json\" class=\"yoast-schema-graph\">{\"@context\":\"https:\/\/schema.org\",\"@graph\":[{\"@type\":\"WebPage\",\"@id\":\"https:\/\/www.msds-europe.com\/sk\/brexit-chemicka-bezpecnost\/\",\"url\":\"https:\/\/www.msds-europe.com\/sk\/brexit-chemicka-bezpecnost\/\",\"name\":\"Dopad Brexitu na chemick\u00fa bezpe\u010dnos\u0165 - MSDS Europe\",\"isPartOf\":{\"@id\":\"https:\/\/www.msds-europe.com\/es\/#website\"},\"datePublished\":\"2025-09-02T13:33:51+00:00\",\"dateModified\":\"2026-02-24T10:58:41+00:00\",\"description\":\"Dopad Brexitu na chemick\u00fa bezpe\u010dnos\u0165 v s\u00favislosti s chemick\u00fdmi l\u00e1tkami dov\u00e1\u017ean\u00fdmi alebo vyv\u00e1\u017ean\u00fdmi z\/do kraj\u00edn EHP.\",\"breadcrumb\":{\"@id\":\"https:\/\/www.msds-europe.com\/sk\/brexit-chemicka-bezpecnost\/#breadcrumb\"},\"inLanguage\":\"sk-SK\",\"potentialAction\":[{\"@type\":\"ReadAction\",\"target\":[\"https:\/\/www.msds-europe.com\/sk\/brexit-chemicka-bezpecnost\/\"]}]},{\"@type\":\"BreadcrumbList\",\"@id\":\"https:\/\/www.msds-europe.com\/sk\/brexit-chemicka-bezpecnost\/#breadcrumb\",\"itemListElement\":[{\"@type\":\"ListItem\",\"position\":1,\"name\":\"F\u0151oldal\",\"item\":\"https:\/\/www.msds-europe.com\/sk\/\"},{\"@type\":\"ListItem\",\"position\":2,\"name\":\"Dopad Brexitu na chemick\u00fa bezpe\u010dnos\u0165\"}]},{\"@type\":\"WebSite\",\"@id\":\"https:\/\/www.msds-europe.com\/es\/#website\",\"url\":\"https:\/\/www.msds-europe.com\/es\/\",\"name\":\"MSDS Europe\",\"description\":\"\",\"publisher\":{\"@id\":\"https:\/\/www.msds-europe.com\/es\/#organization\"},\"potentialAction\":[{\"@type\":\"SearchAction\",\"target\":{\"@type\":\"EntryPoint\",\"urlTemplate\":\"https:\/\/www.msds-europe.com\/es\/?s={search_term_string}\"},\"query-input\":{\"@type\":\"PropertyValueSpecification\",\"valueRequired\":true,\"valueName\":\"search_term_string\"}}],\"inLanguage\":\"sk-SK\"},{\"@type\":\"Organization\",\"@id\":\"https:\/\/www.msds-europe.com\/es\/#organization\",\"name\":\"MSDS-Europe International branch of ToxInfo\",\"url\":\"https:\/\/www.msds-europe.com\/es\/\",\"logo\":{\"@type\":\"ImageObject\",\"inLanguage\":\"sk-SK\",\"@id\":\"https:\/\/www.msds-europe.com\/es\/#\/schema\/logo\/image\/\",\"url\":\"https:\/\/www.msds-europe.com\/wp-content\/uploads\/2021\/04\/msds-europe-logo.jpg\",\"contentUrl\":\"https:\/\/www.msds-europe.com\/wp-content\/uploads\/2021\/04\/msds-europe-logo.jpg\",\"width\":2296,\"height\":1067,\"caption\":\"MSDS-Europe International branch of ToxInfo\"},\"image\":{\"@id\":\"https:\/\/www.msds-europe.com\/es\/#\/schema\/logo\/image\/\"},\"sameAs\":[\"https:\/\/www.facebook.com\/toxinfokft\/\",\"https:\/\/x.com\/ToxInfoKft\"]}]}<\/script>\n<!-- \/ Yoast SEO plugin. -->","yoast_head_json":{"title":"Dopad Brexitu na chemick\u00fa bezpe\u010dnos\u0165 - MSDS Europe","description":"Dopad Brexitu na chemick\u00fa bezpe\u010dnos\u0165 v s\u00favislosti s chemick\u00fdmi l\u00e1tkami dov\u00e1\u017ean\u00fdmi alebo vyv\u00e1\u017ean\u00fdmi z\/do kraj\u00edn EHP.","robots":{"index":"index","follow":"follow","max-snippet":"max-snippet:-1","max-image-preview":"max-image-preview:large","max-video-preview":"max-video-preview:-1"},"canonical":"https:\/\/www.msds-europe.com\/sk\/brexit-chemicka-bezpecnost\/","og_locale":"sk_SK","og_type":"article","og_title":"Dopad Brexitu na chemick\u00fa bezpe\u010dnos\u0165 - MSDS Europe","og_description":"Dopad Brexitu na chemick\u00fa bezpe\u010dnos\u0165 v s\u00favislosti s chemick\u00fdmi l\u00e1tkami dov\u00e1\u017ean\u00fdmi alebo vyv\u00e1\u017ean\u00fdmi z\/do kraj\u00edn EHP.","og_url":"https:\/\/www.msds-europe.com\/sk\/brexit-chemicka-bezpecnost\/","og_site_name":"MSDS Europe","article_publisher":"https:\/\/www.facebook.com\/toxinfokft\/","article_modified_time":"2026-02-24T10:58:41+00:00","twitter_card":"summary_large_image","twitter_site":"@ToxInfoKft","twitter_misc":{"Predpokladan\u00fd \u010das \u010d\u00edtania":"5 min\u00fat"},"schema":{"@context":"https:\/\/schema.org","@graph":[{"@type":"WebPage","@id":"https:\/\/www.msds-europe.com\/sk\/brexit-chemicka-bezpecnost\/","url":"https:\/\/www.msds-europe.com\/sk\/brexit-chemicka-bezpecnost\/","name":"Dopad Brexitu na chemick\u00fa bezpe\u010dnos\u0165 - MSDS Europe","isPartOf":{"@id":"https:\/\/www.msds-europe.com\/es\/#website"},"datePublished":"2025-09-02T13:33:51+00:00","dateModified":"2026-02-24T10:58:41+00:00","description":"Dopad Brexitu na chemick\u00fa bezpe\u010dnos\u0165 v s\u00favislosti s chemick\u00fdmi l\u00e1tkami dov\u00e1\u017ean\u00fdmi alebo vyv\u00e1\u017ean\u00fdmi z\/do kraj\u00edn EHP.","breadcrumb":{"@id":"https:\/\/www.msds-europe.com\/sk\/brexit-chemicka-bezpecnost\/#breadcrumb"},"inLanguage":"sk-SK","potentialAction":[{"@type":"ReadAction","target":["https:\/\/www.msds-europe.com\/sk\/brexit-chemicka-bezpecnost\/"]}]},{"@type":"BreadcrumbList","@id":"https:\/\/www.msds-europe.com\/sk\/brexit-chemicka-bezpecnost\/#breadcrumb","itemListElement":[{"@type":"ListItem","position":1,"name":"F\u0151oldal","item":"https:\/\/www.msds-europe.com\/sk\/"},{"@type":"ListItem","position":2,"name":"Dopad Brexitu na chemick\u00fa bezpe\u010dnos\u0165"}]},{"@type":"WebSite","@id":"https:\/\/www.msds-europe.com\/es\/#website","url":"https:\/\/www.msds-europe.com\/es\/","name":"MSDS Europe","description":"","publisher":{"@id":"https:\/\/www.msds-europe.com\/es\/#organization"},"potentialAction":[{"@type":"SearchAction","target":{"@type":"EntryPoint","urlTemplate":"https:\/\/www.msds-europe.com\/es\/?s={search_term_string}"},"query-input":{"@type":"PropertyValueSpecification","valueRequired":true,"valueName":"search_term_string"}}],"inLanguage":"sk-SK"},{"@type":"Organization","@id":"https:\/\/www.msds-europe.com\/es\/#organization","name":"MSDS-Europe International branch of ToxInfo","url":"https:\/\/www.msds-europe.com\/es\/","logo":{"@type":"ImageObject","inLanguage":"sk-SK","@id":"https:\/\/www.msds-europe.com\/es\/#\/schema\/logo\/image\/","url":"https:\/\/www.msds-europe.com\/wp-content\/uploads\/2021\/04\/msds-europe-logo.jpg","contentUrl":"https:\/\/www.msds-europe.com\/wp-content\/uploads\/2021\/04\/msds-europe-logo.jpg","width":2296,"height":1067,"caption":"MSDS-Europe International branch of ToxInfo"},"image":{"@id":"https:\/\/www.msds-europe.com\/es\/#\/schema\/logo\/image\/"},"sameAs":["https:\/\/www.facebook.com\/toxinfokft\/","https:\/\/x.com\/ToxInfoKft"]}]}},"_links":{"self":[{"href":"https:\/\/www.msds-europe.com\/sk\/wp-json\/wp\/v2\/pages\/34674","targetHints":{"allow":["GET"]}}],"collection":[{"href":"https:\/\/www.msds-europe.com\/sk\/wp-json\/wp\/v2\/pages"}],"about":[{"href":"https:\/\/www.msds-europe.com\/sk\/wp-json\/wp\/v2\/types\/page"}],"author":[{"embeddable":true,"href":"https:\/\/www.msds-europe.com\/sk\/wp-json\/wp\/v2\/users\/2"}],"replies":[{"embeddable":true,"href":"https:\/\/www.msds-europe.com\/sk\/wp-json\/wp\/v2\/comments?post=34674"}],"version-history":[{"count":4,"href":"https:\/\/www.msds-europe.com\/sk\/wp-json\/wp\/v2\/pages\/34674\/revisions"}],"predecessor-version":[{"id":37683,"href":"https:\/\/www.msds-europe.com\/sk\/wp-json\/wp\/v2\/pages\/34674\/revisions\/37683"}],"wp:attachment":[{"href":"https:\/\/www.msds-europe.com\/sk\/wp-json\/wp\/v2\/media?parent=34674"}],"wp:term":[{"taxonomy":"post_tag","embeddable":true,"href":"https:\/\/www.msds-europe.com\/sk\/wp-json\/wp\/v2\/tags?post=34674"}],"curies":[{"name":"wp","href":"https:\/\/api.w.org\/{rel}","templated":true}]}}