{"id":34636,"date":"2025-09-01T13:49:14","date_gmt":"2025-09-01T13:49:14","guid":{"rendered":"https:\/\/www.msds-europe.com\/?page_id=34636"},"modified":"2026-02-24T13:24:00","modified_gmt":"2026-02-24T13:24:00","slug":"preklad-kbu-sds-agentura-vs-specializovana-firma","status":"publish","type":"page","link":"https:\/\/www.msds-europe.com\/sk\/preklad-kbu-sds-agentura-vs-specializovana-firma\/","title":{"rendered":"Preklad KB\u00da (SDS): prekladate\u013esk\u00e1 agent\u00fara alebo \u0161pecializovan\u00e1 firma?"},"content":{"rendered":"<p style=\"text-align: right;\"><em><a href=\"https:\/\/www.msds-europe.com\/\">MSDS-Europe<\/a> \u2013 <a href=\"https:\/\/www.msds-europe.com\/sk\/najcastejsie-otazky-a-odpovede-chemicka-bezpecnost\/\">Kompas chemickej bezpe\u010dnosti<\/a><\/em> \u2013 <em>Prekladate\u013esk\u00e1 agent\u00fara vs. \u0161pecializovan\u00e1 firma: kto by mal preklada\u0165 kartu bezpe\u010dnostn\u00fdch \u00fadajov?<\/em><\/p>\n<p>&nbsp;<\/p>\n<p style=\"text-align: justify;\">Pre spolo\u010dnosti, ktor\u00e9 pracuj\u00fa s nebezpe\u010dn\u00fdmi l\u00e1tkami a zmesami, je <strong>kvalita prekladov kariet bezpe\u010dnostn\u00fdch \u00fadajov (KB\u00da; angl. SDS)<\/strong> mimoriadne d\u00f4le\u017eit\u00e1.<\/p>\n<p style=\"text-align: justify;\"><a href=\"https:\/\/www.msds-europe.com\/sk\/uzitocne-zakladne-materialy-prirucky-pre-karty-bezpecnostnych-udajov\/\">Karta bezpe\u010dnostn\u00fdch \u00fadajov (KB\u00da)<\/a> nie je iba povinn\u00fd dokument; zohr\u00e1va z\u00e1sadn\u00fa \u00falohu pri zabezpe\u010dovan\u00ed <strong>chemickej bezpe\u010dnosti<\/strong> na pracovisku a pri pr\u00e1vnej zhode. Pod\u013ea <a href=\"https:\/\/www.msds-europe.com\/sk\/regulacne-zmeny-v-oblasti-chemickej-bezpecnosti\/\">pravidiel E\u00da<\/a> musia by\u0165 KB\u00da <a href=\"https:\/\/www.msds-europe.com\/sk\/sds-jazykove-poziadavky\/\">dod\u00e1van\u00e9 v \u00faradnom jazyku krajiny<\/a>, v ktorej sa v\u00fdrobok uv\u00e1dza na trh \u2013 ich preklad je teda z\u00e1konnou povinnos\u0165ou. Chybn\u00fd preklad m\u00f4\u017ee vies\u0165 k nedorozumeniam, bezpe\u010dnostn\u00fdm rizik\u00e1m a pr\u00e1vnym d\u00f4sledkom.<\/p>\n<p>&nbsp;<\/p>\n<h3 style=\"text-align: justify;\"><strong>Vyvst\u00e1va teda ot\u00e1zka: m\u00e1me si da\u0165 KB\u00da prelo\u017ei\u0165 prekladate\u013eskou agent\u00farou alebo \u0161pecializovanou firmou na chemick\u00fa bezpe\u010dnos\u0165?<\/strong><\/h3>\n<p style=\"text-align: justify;\">Ni\u017e\u0161ie porovn\u00e1vame oba pr\u00edstupy, aby sme v\u00e1m pomohli urobi\u0165 informovan\u00e9 rozhodnutie.<\/p>\n<p>&nbsp;<\/p>\n<h4>Prekladate\u013esk\u00e1 agent\u00fara \u2013 jazykov\u00ed experti: v\u00fdhody a nev\u00fdhody<\/h4>\n<h5 style=\"text-align: justify;\"><span style=\"color: #000000;\"><strong>V\u00fdhody:<\/strong><\/span><\/h5>\n<p style=\"text-align: justify;\">Klasick\u00e1 agent\u00fara poskytuje profesion\u00e1lne jazykov\u00e9 slu\u017eby, \u010dasto s roden\u00fdmi hovorcami. Ich hlavnou silou je jazykov\u00e1 spr\u00e1vnos\u0165 a zrozumite\u013enos\u0165. Prekladaj\u00fa tie\u017e r\u00fdchlo do viacer\u00fdch jazykov \u2013 \u010do je u\u017eito\u010dn\u00e9, ak m\u00e1 KB\u00da sprev\u00e1dza\u0165 v\u00fdrobok na viacer\u00fdch trhoch.<\/p>\n<p style=\"text-align: justify;\">Agent\u00fary navy\u0161e zvy\u010dajne poskytuj\u00fa z\u013eavy za opakuj\u00face sa segmenty, tak\u017ee rozsiahle alebo \u010diasto\u010dne opakuj\u00face sa dokumenty s\u00fa n\u00e1kladovo efekt\u00edvnej\u0161ie.<\/p>\n<h5 style=\"text-align: justify;\"><span style=\"color: #000000;\"><strong>Nev\u00fdhody:<\/strong><\/span><\/h5>\n<p style=\"text-align: justify;\">V\u00e4\u010d\u0161ina agent\u00far pon\u00faka v\u0161eobecn\u00fa jazykov\u00fa odbornos\u0165 a nemus\u00ed ma\u0165 hlb\u0161ie znalosti o <a href=\"https:\/\/www.msds-europe.com\/sk\/bl-clp-bezpecnostne-listy-jun-2017\/\">nariaden\u00ed CLP<\/a> alebo <a href=\"https:\/\/www.msds-europe.com\/sk\/zakladna-vedomosti-reach\/\">s\u00falade s REACH<\/a>. Probl\u00e9my m\u00f4\u017eu ma\u0165 aj technick\u00ed prekladatelia: pr\u00e1vne po\u017eiadavky stanovuj\u00fa, \u017ee obsah KB\u00da mus\u00ed by\u0165 vecne spr\u00e1vny a pripraven\u00fd odborne sp\u00f4sobilou osobou \u2013 teda kvalifikovanou a sk\u00fasenou v oblasti chemickej bezpe\u010dnosti.<\/p>\n<p style=\"text-align: justify;\">Samotn\u00fd lingvista preto t\u00fato podmienku nemus\u00ed sp\u013a\u0148a\u0165. Aj ke\u010f agent\u00fara zver\u00ed pr\u00e1cu sk\u00fasen\u00e9mu technick\u00e9mu prekladate\u013eovi, terminol\u00f3gia, triedy nebezpe\u010dnosti alebo pr\u00e1vne odkazy m\u00f4\u017eu by\u0165 nespr\u00e1vne interpretovan\u00e9.<\/p>\n<p style=\"text-align: justify;\">Preto je \u010dasto potrebn\u00e1 <a href=\"https:\/\/www.msds-europe.com\/sk\/preklad-karty-bezpecnostnych-udajov\/\">odborn\u00e1 rev\u00edzia<\/a> prekladu expertom na chemick\u00fa bezpe\u010dnos\u0165. To prid\u00e1va \u010das a n\u00e1klady a \u010diasto\u010dne ru\u0161\u00ed v\u00fdhody agent\u00fary.<\/p>\n<p style=\"text-align: justify;\">Pri takejto rev\u00edzii m\u00f4\u017ee by\u0165 potrebn\u00e9 doplni\u0165 ch\u00fdbaj\u00face \u00fadaje, overi\u0165 \u010d\u00edsla CAS\/ES, ur\u010di\u0165 spr\u00e1vnu klasifik\u00e1ciu a doplni\u0165 relevantn\u00e9 n\u00e1rodn\u00e9 limity expoz\u00edcie na pracovisku \u2013 \u010do je rozhoduj\u00face pre pr\u00e1vnu a obchodn\u00fa pou\u017eite\u013enos\u0165 dokumentu.<\/p>\n<p>&nbsp;<\/p>\n<h4>\u0160pecializovan\u00e1 firma na chemick\u00fa bezpe\u010dnos\u0165 \u2013 odbornos\u0165 a s\u00falad<\/h4>\n<p style=\"text-align: justify;\">\u0160pecializovan\u00e9 firmy sa zameriavaj\u00fa na dokumenty, ako s\u00fa KB\u00da. Maj\u00fa potrebn\u00e9 <strong>know-how a sk\u00fasenosti<\/strong>, aby zabezpe\u010dili, \u017ee preklad KB\u00da bude nielen jazykovo spr\u00e1vny, ale aj v s\u00falade s predpismi. Zamestn\u00e1vaj\u00fa <em>odborne sp\u00f4sobil\u00e9 osoby<\/em>, ktor\u00e9 sleduj\u00fa v\u00fdvoj v REACH, CLP a s\u00favisiacich predpisoch. Ich v\u00fdsledky s\u00fa \u010dasto ekvivalentn\u00e9 <a href=\"https:\/\/www.msds-europe.com\/sk\/zostavenie-a-vytvorenie-karty-bezpecnostnych-udajov\/\">novovypracovanej KB\u00da<\/a>, prisp\u00f4sobenej miestnym po\u017eiadavk\u00e1m.<\/p>\n<p style=\"text-align: justify;\">Poznaj\u00fa <strong>ofici\u00e1lnu terminol\u00f3giu<\/strong> a vedia, ktor\u00e9 \u010dasti musia zosta\u0165 doslovne prevzat\u00e9 z legislat\u00edvy (napr. H-vety a P-vety).<\/p>\n<p style=\"text-align: justify;\">Kontroluj\u00fa tie\u017e <a href=\"https:\/\/www.msds-europe.com\/sk\/sds-priprava-uvod\/\">klasifik\u00e1ciu a H\/P-vety<\/a>; ak zdroj obsahuje chyby alebo zastaran\u00e9 \u00fadaje (napr. zmenen\u00e9 limity, nov\u00e9 triedy nebezpe\u010dnosti pod\u013ea CLP), upozornia na to a opravia ich. To zaru\u010duje, \u017ee prelo\u017een\u00e1 KB\u00da je pou\u017eite\u013en\u00e1 a pr\u00e1vne vyhovuj\u00faca v cie\u013eovej krajine.<\/p>\n<p style=\"text-align: justify;\">\u0160pecializovan\u00e1 odbornos\u0165 je pr\u00e9miov\u00e1 slu\u017eba a m\u00f4\u017ee st\u00e1\u0165 viac ako slu\u017eby v\u0161eobecnej agent\u00fary, ale minimalizuje rizik\u00e1.<\/p>\n<p>&nbsp;<\/p>\n<h4>D\u00f4sledky a zodpovednos\u0165 za chybn\u00fd preklad<\/h4>\n<p style=\"text-align: justify;\">Chybn\u00fd preklad KB\u00da m\u00f4\u017ee sp\u00f4sobi\u0165 <strong>nespr\u00e1vnu klasifik\u00e1ciu alebo ozna\u010denie<\/strong> a ohrozi\u0165 bezpe\u010dnos\u0165 aj poves\u0165 spolo\u010dnosti.<\/p>\n<p style=\"text-align: justify;\">Z pr\u00e1vneho h\u013eadiska zost\u00e1va za KB\u00da zodpovedn\u00e1 spolo\u010dnos\u0165, ktor\u00e1 uv\u00e1dza v\u00fdrobok na trh (v\u00fdrobca\/dovozca). Aj ke\u010f preklad vykonala agent\u00fara, <strong>zodpovednos\u0165 nesie dod\u00e1vate\u013e<\/strong> pod\u013ea REACH. Nespr\u00e1vne inform\u00e1cie m\u00f4\u017eu vies\u0165 k pokut\u00e1m alebo v krajnom pr\u00edpade k pr\u00e1vnym postihom.<\/p>\n<p>&nbsp;<\/p>\n<h4>Ktor\u00e9 rie\u0161enie zvoli\u0165?<\/h4>\n<p style=\"text-align: justify;\">Preklad KB\u00da si vy\u017eaduje jazykov\u00fa presnos\u0165 aj odborn\u00fa spr\u00e1vnos\u0165. Ak m\u00e1 va\u0161a spolo\u010dnos\u0165 intern\u00e9ho experta na chemick\u00fa bezpe\u010dnos\u0165, ktor\u00fd n\u00e1vrh skontroluje, m\u00f4\u017ee posta\u010dova\u0165 agent\u00fara. Bez tejto expert\u00edzy je bezpe\u010dnej\u0161ou vo\u013ebou \u0161pecializovan\u00e1 firma \u2013 poskytuje vy\u0161\u0161iu mieru istoty s\u00faladu a zni\u017euje dlhodob\u00e9 rizik\u00e1.<\/p>\n<p>&nbsp;<\/p>\n<h3 style=\"background: white; margin: 0cm 0cm 15.0pt 0cm;\"><span style=\"font-size: 18.0pt; font-family: 'Arial',sans-serif; color: #e67817;\">\u010eal\u0161ie ot\u00e1zky?<\/span><\/h3>\n<p style=\"background: white;\"><span style=\"font-size: 11.5pt; font-family: 'Arial',sans-serif; color: black;\">Kontaktujte na\u0161e <a href=\"https:\/\/www.msds-europe.com\/sk\/zakaznicke-sluzby\/\">z\u00e1kazn\u00edcke oddelenie<\/a> alebo sa obr\u00e1\u0165te na n\u00e1\u0161ho experta <a href=\"https:\/\/www.msds-europe.com\/sk\/ziadost-cenovu-ponuku-karta-bezpecnostnych-udajov\/\">online<\/a>.<\/span><\/p>\n<a href=\"https:\/\/www.msds-europe.com\/sk\/zakaznicke-sluzby\/\" class=\"su-button su-button-style-default\" style=\"color:#ef552d;background-color:#fefefe;border-color:#cccccc;border-radius:6px\" target=\"_self\"><span style=\"color:#ef552d;padding:0px 18px;font-size:14px;line-height:28px;border-color:#ffffff;border-radius:6px;text-shadow:none\"> Z\u00e1kazn\u00edcke oddelenie<\/span><\/a> <a href=\"https:\/\/www.msds-europe.com\/sk\/online-konzultacie\/\" class=\"su-button su-button-style-default\" style=\"color:#ffffff;background-color:#ef552d;border-color:#c04424;border-radius:6px\" target=\"_self\"><span style=\"color:#ffffff;padding:0px 18px;font-size:14px;line-height:28px;border-color:#f4886c;border-radius:6px;text-shadow:0px 0px 2px #ffffff\"> Op\u00fdtajte sa experta<\/span><\/a>\n<p>&nbsp;<\/p>\n<h4><span style=\"color: #333333;\">Odpor\u00fa\u010dan\u00e9 slu\u017eby:<\/span><\/h4>\n<ul>\n<li>Slu\u017eby KB\u00da: <a href=\"https:\/\/www.msds-europe.com\/sk\/zostavenie-a-vytvorenie-karty-bezpecnostnych-udajov\/\">Vypracovanie KB\u00da<\/a>, <a href=\"https:\/\/www.msds-europe.com\/sk\/preklad-karty-bezpecnostnych-udajov\/\">Preklad KB\u00da<\/a>, <a href=\"https:\/\/www.msds-europe.com\/sk\/karta-bezpecnostnych-udajov-revizie-aktualizacie\/\">Rev\u00edzia KB\u00da<\/a><\/li>\n<li>CLP <a href=\"https:\/\/www.msds-europe.com\/sk\/vytvorenie-navrhu-oznacenia\/\">n\u00e1vrh etikiet<\/a><\/li>\n<li><a href=\"https:\/\/www.msds-europe.com\/sk\/ufi-sluzby\/\">Ozn\u00e1menie PCN nebezpe\u010dn\u00fdch zmes\u00ed<\/a><\/li>\n<\/ul>\n<p>&nbsp;<\/p>\n<h4><span style=\"color: #333333;\">U\u017eito\u010dn\u00e9 \u010dl\u00e1nky:<\/span><\/h4>\n<ul>\n<li><a href=\"https:\/\/www.msds-europe.com\/sk\/najcastejsie-otazky-a-odpovede-chemicka-bezpecnost\/\">Kompas chemickej bezpe\u010dnosti<\/a><\/li>\n<li><a href=\"https:\/\/www.msds-europe.com\/sk\/najcastejsie-otazky-a-odpovede-chemicka-bezpecnost\/\">FAQ \u2013 \u010casto kladen\u00e9 ot\u00e1zky<\/a><\/li>\n<li><a href=\"https:\/\/www.msds-europe.com\/sk\/regulacne-zmeny-v-oblasti-chemickej-bezpecnosti\/\">Sledovanie legislat\u00edvnych zmien<\/a><\/li>\n<\/ul>\n<p>&nbsp;<\/p>\n<h3>R\u00fdchle ot\u00e1zky a odpovede<\/h3>\n<div class=\"su-spoiler su-spoiler-style-fancy su-spoiler-icon-chevron su-spoiler-closed\" data-scroll-offset=\"0\" data-anchor-in-url=\"no\"><div class=\"su-spoiler-title\" tabindex=\"0\" role=\"button\"><span class=\"su-spoiler-icon\"><\/span>Ak\u00fd je rozdiel medzi v\u0161eobecnou prekladate\u013eskou agent\u00farou a \u0161pecializovanou firmou pri preklade KB\u00da (SDS)?<\/div><div class=\"su-spoiler-content su-u-clearfix su-u-trim\">\n\u0160pecializovan\u00e1 firma m\u00e1 okrem jazykovej expert\u00edzy aj hlbok\u00e9 znalosti pr\u00e1vnych po\u017eiadaviek (REACH, CLP), tak\u017ee v\u00fdsledn\u00e1 KB\u00da je jazykovo spr\u00e1vna aj pr\u00e1vne vyhovuj\u00faca.<br \/>\n<\/div><\/div>\n<div class=\"su-spoiler su-spoiler-style-fancy su-spoiler-icon-chevron su-spoiler-closed\" data-scroll-offset=\"0\" data-anchor-in-url=\"no\"><div class=\"su-spoiler-title\" tabindex=\"0\" role=\"button\"><span class=\"su-spoiler-icon\"><\/span>Pre\u010do m\u00f4\u017ee preklad KB\u00da v \u0161pecializovanej firme st\u00e1\u0165 viac?<\/div><div class=\"su-spoiler-content su-u-clearfix su-u-trim\">\nS\u00fa\u010das\u0165ou slu\u017eby s\u00fa odborn\u00e9 a legislat\u00edvne kontroly, ktor\u00e9 minimalizuj\u00fa chyby \u2013 z dlhodob\u00e9ho h\u013eadiska to zni\u017euje rizik\u00e1, n\u00e1klady a zodpovednos\u0165.<br \/>\n<\/div><\/div>\n<div class=\"su-spoiler su-spoiler-style-fancy su-spoiler-icon-chevron su-spoiler-closed\" data-scroll-offset=\"0\" data-anchor-in-url=\"no\"><div class=\"su-spoiler-title\" tabindex=\"0\" role=\"button\"><span class=\"su-spoiler-icon\"><\/span>Ak\u00e9 s\u00fa d\u00f4sledky chybn\u00e9ho prekladu KB\u00da?<\/div><div class=\"su-spoiler-content su-u-clearfix su-u-trim\">\nM\u00f4\u017ee vies\u0165 k nespr\u00e1vnej klasifik\u00e1cii alebo ozna\u010deniu, \u010do znamen\u00e1 bezpe\u010dnostn\u00e9 rizik\u00e1, pokuty a pr\u00e1vnu zodpovednos\u0165 dod\u00e1vate\u013ea.<br \/>\n<\/div><\/div>\n<div class=\"su-spoiler su-spoiler-style-fancy su-spoiler-icon-chevron su-spoiler-closed\" data-scroll-offset=\"0\" data-anchor-in-url=\"no\"><div class=\"su-spoiler-title\" tabindex=\"0\" role=\"button\"><span class=\"su-spoiler-icon\"><\/span>Kedy posta\u010duje agent\u00fara a kedy je potrebn\u00e1 \u0161pecializovan\u00e1 firma?<\/div><div class=\"su-spoiler-content su-u-clearfix su-u-trim\">\nAk ide len o jazykov\u00fd preklad a intern\u00fd expert na chemick\u00fa bezpe\u010dnos\u0165 ho vie odborne skontrolova\u0165, m\u00f4\u017ee posta\u010dova\u0165 agent\u00fara; inak zvo\u013ete \u0161pecializovan\u00fa firmu alebo si nechajte preklad u nej odborne revidova\u0165.<br \/>\n<\/div><\/div>\n<p>&nbsp;<\/p>\n","protected":false},"excerpt":{"rendered":"<p>MSDS-Europe \u2013 Kompas chemickej bezpe\u010dnosti \u2013 Prekladate\u013esk\u00e1 agent\u00fara vs. \u0161pecializovan\u00e1 firma: kto by mal preklada\u0165 kartu bezpe\u010dnostn\u00fdch \u00fadajov? &nbsp; Pre spolo\u010dnosti, ktor\u00e9 pracuj\u00fa s nebezpe\u010dn\u00fdmi l\u00e1tkami a zmesami, je kvalita prekladov kariet bezpe\u010dnostn\u00fdch \u00fadajov (KB\u00da; angl. SDS) mimoriadne d\u00f4le\u017eit\u00e1. Karta bezpe\u010dnostn\u00fdch \u00fadajov (KB\u00da) nie je iba povinn\u00fd dokument; zohr\u00e1va z\u00e1sadn\u00fa&#8230;<\/p>\n","protected":false},"author":2,"featured_media":0,"parent":0,"menu_order":0,"comment_status":"closed","ping_status":"closed","template":"","meta":{"_acf_changed":false,"footnotes":""},"tags":[],"class_list":["post-34636","page","type-page","status-publish","hentry"],"acf":[],"yoast_head":"<!-- This site is optimized with the Yoast SEO plugin v27.2 - https:\/\/yoast.com\/product\/yoast-seo-wordpress\/ -->\n<title>Preklad KB\u00da: prekladate\u013esk\u00e1 agent\u00fara alebo \u0161pecializovan\u00e1 firma?<\/title>\n<meta name=\"description\" content=\"Agent\u00fara vs. \u0161pecializovan\u00e1 firma pri preklade KB\u00da (SDS). V\u00fdhody, rizik\u00e1 ch\u00fdb, po\u017eiadavky REACH\/CLP a kedy je nutn\u00e1 odborn\u00e1 rev\u00edzia.\" \/>\n<meta name=\"robots\" content=\"index, follow, max-snippet:-1, max-image-preview:large, max-video-preview:-1\" \/>\n<link rel=\"canonical\" href=\"https:\/\/www.msds-europe.com\/sk\/preklad-kbu-sds-agentura-vs-specializovana-firma\/\" \/>\n<meta property=\"og:locale\" content=\"sk_SK\" \/>\n<meta property=\"og:type\" content=\"article\" \/>\n<meta property=\"og:title\" content=\"Preklad KB\u00da: prekladate\u013esk\u00e1 agent\u00fara alebo \u0161pecializovan\u00e1 firma?\" \/>\n<meta property=\"og:description\" content=\"Agent\u00fara vs. \u0161pecializovan\u00e1 firma pri preklade KB\u00da (SDS). V\u00fdhody, rizik\u00e1 ch\u00fdb, po\u017eiadavky REACH\/CLP a kedy je nutn\u00e1 odborn\u00e1 rev\u00edzia.\" \/>\n<meta property=\"og:url\" content=\"https:\/\/www.msds-europe.com\/sk\/preklad-kbu-sds-agentura-vs-specializovana-firma\/\" \/>\n<meta property=\"og:site_name\" content=\"MSDS Europe\" \/>\n<meta property=\"article:publisher\" content=\"https:\/\/www.facebook.com\/toxinfokft\/\" \/>\n<meta property=\"article:modified_time\" content=\"2026-02-24T13:24:00+00:00\" \/>\n<meta name=\"twitter:card\" content=\"summary_large_image\" \/>\n<meta name=\"twitter:site\" content=\"@ToxInfoKft\" \/>\n<meta name=\"twitter:label1\" content=\"Predpokladan\u00fd \u010das \u010d\u00edtania\" \/>\n\t<meta name=\"twitter:data1\" content=\"4 min\u00faty\" \/>\n<script type=\"application\/ld+json\" class=\"yoast-schema-graph\">{\"@context\":\"https:\/\/schema.org\",\"@graph\":[{\"@type\":\"WebPage\",\"@id\":\"https:\/\/www.msds-europe.com\/sk\/preklad-kbu-sds-agentura-vs-specializovana-firma\/\",\"url\":\"https:\/\/www.msds-europe.com\/sk\/preklad-kbu-sds-agentura-vs-specializovana-firma\/\",\"name\":\"Preklad KB\u00da: prekladate\u013esk\u00e1 agent\u00fara alebo \u0161pecializovan\u00e1 firma?\",\"isPartOf\":{\"@id\":\"https:\/\/www.msds-europe.com\/es\/#website\"},\"datePublished\":\"2025-09-01T13:49:14+00:00\",\"dateModified\":\"2026-02-24T13:24:00+00:00\",\"description\":\"Agent\u00fara vs. \u0161pecializovan\u00e1 firma pri preklade KB\u00da (SDS). V\u00fdhody, rizik\u00e1 ch\u00fdb, po\u017eiadavky REACH\/CLP a kedy je nutn\u00e1 odborn\u00e1 rev\u00edzia.\",\"breadcrumb\":{\"@id\":\"https:\/\/www.msds-europe.com\/sk\/preklad-kbu-sds-agentura-vs-specializovana-firma\/#breadcrumb\"},\"inLanguage\":\"sk-SK\",\"potentialAction\":[{\"@type\":\"ReadAction\",\"target\":[\"https:\/\/www.msds-europe.com\/sk\/preklad-kbu-sds-agentura-vs-specializovana-firma\/\"]}]},{\"@type\":\"BreadcrumbList\",\"@id\":\"https:\/\/www.msds-europe.com\/sk\/preklad-kbu-sds-agentura-vs-specializovana-firma\/#breadcrumb\",\"itemListElement\":[{\"@type\":\"ListItem\",\"position\":1,\"name\":\"F\u0151oldal\",\"item\":\"https:\/\/www.msds-europe.com\/sk\/\"},{\"@type\":\"ListItem\",\"position\":2,\"name\":\"Preklad KB\u00da (SDS): prekladate\u013esk\u00e1 agent\u00fara alebo \u0161pecializovan\u00e1 firma?\"}]},{\"@type\":\"WebSite\",\"@id\":\"https:\/\/www.msds-europe.com\/es\/#website\",\"url\":\"https:\/\/www.msds-europe.com\/es\/\",\"name\":\"MSDS Europe\",\"description\":\"\",\"publisher\":{\"@id\":\"https:\/\/www.msds-europe.com\/es\/#organization\"},\"potentialAction\":[{\"@type\":\"SearchAction\",\"target\":{\"@type\":\"EntryPoint\",\"urlTemplate\":\"https:\/\/www.msds-europe.com\/es\/?s={search_term_string}\"},\"query-input\":{\"@type\":\"PropertyValueSpecification\",\"valueRequired\":true,\"valueName\":\"search_term_string\"}}],\"inLanguage\":\"sk-SK\"},{\"@type\":\"Organization\",\"@id\":\"https:\/\/www.msds-europe.com\/es\/#organization\",\"name\":\"MSDS-Europe International branch of ToxInfo\",\"url\":\"https:\/\/www.msds-europe.com\/es\/\",\"logo\":{\"@type\":\"ImageObject\",\"inLanguage\":\"sk-SK\",\"@id\":\"https:\/\/www.msds-europe.com\/es\/#\/schema\/logo\/image\/\",\"url\":\"https:\/\/www.msds-europe.com\/wp-content\/uploads\/2021\/04\/msds-europe-logo.jpg\",\"contentUrl\":\"https:\/\/www.msds-europe.com\/wp-content\/uploads\/2021\/04\/msds-europe-logo.jpg\",\"width\":2296,\"height\":1067,\"caption\":\"MSDS-Europe International branch of ToxInfo\"},\"image\":{\"@id\":\"https:\/\/www.msds-europe.com\/es\/#\/schema\/logo\/image\/\"},\"sameAs\":[\"https:\/\/www.facebook.com\/toxinfokft\/\",\"https:\/\/x.com\/ToxInfoKft\"]}]}<\/script>\n<!-- \/ Yoast SEO plugin. -->","yoast_head_json":{"title":"Preklad KB\u00da: prekladate\u013esk\u00e1 agent\u00fara alebo \u0161pecializovan\u00e1 firma?","description":"Agent\u00fara vs. \u0161pecializovan\u00e1 firma pri preklade KB\u00da (SDS). V\u00fdhody, rizik\u00e1 ch\u00fdb, po\u017eiadavky REACH\/CLP a kedy je nutn\u00e1 odborn\u00e1 rev\u00edzia.","robots":{"index":"index","follow":"follow","max-snippet":"max-snippet:-1","max-image-preview":"max-image-preview:large","max-video-preview":"max-video-preview:-1"},"canonical":"https:\/\/www.msds-europe.com\/sk\/preklad-kbu-sds-agentura-vs-specializovana-firma\/","og_locale":"sk_SK","og_type":"article","og_title":"Preklad KB\u00da: prekladate\u013esk\u00e1 agent\u00fara alebo \u0161pecializovan\u00e1 firma?","og_description":"Agent\u00fara vs. \u0161pecializovan\u00e1 firma pri preklade KB\u00da (SDS). V\u00fdhody, rizik\u00e1 ch\u00fdb, po\u017eiadavky REACH\/CLP a kedy je nutn\u00e1 odborn\u00e1 rev\u00edzia.","og_url":"https:\/\/www.msds-europe.com\/sk\/preklad-kbu-sds-agentura-vs-specializovana-firma\/","og_site_name":"MSDS Europe","article_publisher":"https:\/\/www.facebook.com\/toxinfokft\/","article_modified_time":"2026-02-24T13:24:00+00:00","twitter_card":"summary_large_image","twitter_site":"@ToxInfoKft","twitter_misc":{"Predpokladan\u00fd \u010das \u010d\u00edtania":"4 min\u00faty"},"schema":{"@context":"https:\/\/schema.org","@graph":[{"@type":"WebPage","@id":"https:\/\/www.msds-europe.com\/sk\/preklad-kbu-sds-agentura-vs-specializovana-firma\/","url":"https:\/\/www.msds-europe.com\/sk\/preklad-kbu-sds-agentura-vs-specializovana-firma\/","name":"Preklad KB\u00da: prekladate\u013esk\u00e1 agent\u00fara alebo \u0161pecializovan\u00e1 firma?","isPartOf":{"@id":"https:\/\/www.msds-europe.com\/es\/#website"},"datePublished":"2025-09-01T13:49:14+00:00","dateModified":"2026-02-24T13:24:00+00:00","description":"Agent\u00fara vs. \u0161pecializovan\u00e1 firma pri preklade KB\u00da (SDS). V\u00fdhody, rizik\u00e1 ch\u00fdb, po\u017eiadavky REACH\/CLP a kedy je nutn\u00e1 odborn\u00e1 rev\u00edzia.","breadcrumb":{"@id":"https:\/\/www.msds-europe.com\/sk\/preklad-kbu-sds-agentura-vs-specializovana-firma\/#breadcrumb"},"inLanguage":"sk-SK","potentialAction":[{"@type":"ReadAction","target":["https:\/\/www.msds-europe.com\/sk\/preklad-kbu-sds-agentura-vs-specializovana-firma\/"]}]},{"@type":"BreadcrumbList","@id":"https:\/\/www.msds-europe.com\/sk\/preklad-kbu-sds-agentura-vs-specializovana-firma\/#breadcrumb","itemListElement":[{"@type":"ListItem","position":1,"name":"F\u0151oldal","item":"https:\/\/www.msds-europe.com\/sk\/"},{"@type":"ListItem","position":2,"name":"Preklad KB\u00da (SDS): prekladate\u013esk\u00e1 agent\u00fara alebo \u0161pecializovan\u00e1 firma?"}]},{"@type":"WebSite","@id":"https:\/\/www.msds-europe.com\/es\/#website","url":"https:\/\/www.msds-europe.com\/es\/","name":"MSDS Europe","description":"","publisher":{"@id":"https:\/\/www.msds-europe.com\/es\/#organization"},"potentialAction":[{"@type":"SearchAction","target":{"@type":"EntryPoint","urlTemplate":"https:\/\/www.msds-europe.com\/es\/?s={search_term_string}"},"query-input":{"@type":"PropertyValueSpecification","valueRequired":true,"valueName":"search_term_string"}}],"inLanguage":"sk-SK"},{"@type":"Organization","@id":"https:\/\/www.msds-europe.com\/es\/#organization","name":"MSDS-Europe International branch of ToxInfo","url":"https:\/\/www.msds-europe.com\/es\/","logo":{"@type":"ImageObject","inLanguage":"sk-SK","@id":"https:\/\/www.msds-europe.com\/es\/#\/schema\/logo\/image\/","url":"https:\/\/www.msds-europe.com\/wp-content\/uploads\/2021\/04\/msds-europe-logo.jpg","contentUrl":"https:\/\/www.msds-europe.com\/wp-content\/uploads\/2021\/04\/msds-europe-logo.jpg","width":2296,"height":1067,"caption":"MSDS-Europe International branch of ToxInfo"},"image":{"@id":"https:\/\/www.msds-europe.com\/es\/#\/schema\/logo\/image\/"},"sameAs":["https:\/\/www.facebook.com\/toxinfokft\/","https:\/\/x.com\/ToxInfoKft"]}]}},"_links":{"self":[{"href":"https:\/\/www.msds-europe.com\/sk\/wp-json\/wp\/v2\/pages\/34636","targetHints":{"allow":["GET"]}}],"collection":[{"href":"https:\/\/www.msds-europe.com\/sk\/wp-json\/wp\/v2\/pages"}],"about":[{"href":"https:\/\/www.msds-europe.com\/sk\/wp-json\/wp\/v2\/types\/page"}],"author":[{"embeddable":true,"href":"https:\/\/www.msds-europe.com\/sk\/wp-json\/wp\/v2\/users\/2"}],"replies":[{"embeddable":true,"href":"https:\/\/www.msds-europe.com\/sk\/wp-json\/wp\/v2\/comments?post=34636"}],"version-history":[{"count":9,"href":"https:\/\/www.msds-europe.com\/sk\/wp-json\/wp\/v2\/pages\/34636\/revisions"}],"predecessor-version":[{"id":37769,"href":"https:\/\/www.msds-europe.com\/sk\/wp-json\/wp\/v2\/pages\/34636\/revisions\/37769"}],"wp:attachment":[{"href":"https:\/\/www.msds-europe.com\/sk\/wp-json\/wp\/v2\/media?parent=34636"}],"wp:term":[{"taxonomy":"post_tag","embeddable":true,"href":"https:\/\/www.msds-europe.com\/sk\/wp-json\/wp\/v2\/tags?post=34636"}],"curies":[{"name":"wp","href":"https:\/\/api.w.org\/{rel}","templated":true}]}}