{"id":34554,"date":"2025-08-29T13:34:09","date_gmt":"2025-08-29T13:34:09","guid":{"rendered":"https:\/\/www.msds-europe.com\/?page_id=34554"},"modified":"2026-03-03T10:47:04","modified_gmt":"2026-03-03T10:47:04","slug":"vplyv-clp-karty-bezpecnostnych-udajov","status":"publish","type":"page","link":"https:\/\/www.msds-europe.com\/sk\/vplyv-clp-karty-bezpecnostnych-udajov\/","title":{"rendered":"Dopad nariadenia CLP na karty bezpe\u010dnostn\u00fdch \u00fadajov"},"content":{"rendered":"<p style=\"text-align: right;\"><em><a href=\"https:\/\/www.msds-europe.com\/\">MSDS-Europe<\/a> \u2013 <a href=\"https:\/\/www.msds-europe.com\/sk\/uzitocne-zakladne-materialy-prirucky-pre-karty-bezpecnostnych-udajov\/\">Datab\u00e1za znalost\u00ed o kart\u00e1ch bezpe\u010dnostn\u00fdch \u00fadajov<\/a><\/em> \u2013 <em>Dopad nariadenia CLP na karty bezpe\u010dnostn\u00fdch \u00fadajov<\/em><\/p>\n<p>&nbsp;<\/p>\n<p style=\"text-align: justify;\"><strong>Zaveden\u00edm nariadenia CLP sa zmenili po\u017eiadavky na karty bezpe\u010dnostn\u00fdch \u00fadajov (KB\u00da) a nov\u00fd syst\u00e9m ozna\u010dovania nahradil predch\u00e1dzaj\u00faci syst\u00e9m DPD\/DSD. Na rozdiel od star\u0161ej legislat\u00edvy pou\u017e\u00edva klasifika\u010dn\u00fd syst\u00e9m CLP triedy a kateg\u00f3rie nebezpe\u010dnosti a dve sign\u00e1lne slov\u00e1 \u2013 \u201eNebezpe\u010denstvo\u201c a \u201ePozor\u201c.<\/strong><\/p>\n<p style=\"text-align: justify;\"><strong>Po\u017eiadavky na obsah a form\u00e1t KB\u00da s\u00fa stanoven\u00e9 v pr\u00edlohe II nariadenia REACH. Nariadenie Komisie (E\u00da) 2020\/878 nadobudlo \u00fa\u010dinnos\u0165 1. janu\u00e1ra 2021 a od 1. janu\u00e1ra 2023 nahradilo nariadenie Komisie (E\u00da) 2015\/830.<\/strong><\/p>\n<p style=\"text-align: justify;\"><strong>Zavedenie CLP a s\u00favisiace zmeny v pr\u00edlohe II REACH znamenaj\u00fa pre spolo\u010dnosti pracuj\u00face s chemik\u00e1liami vy\u0161\u0161ie n\u00e1roky na spr\u00e1vnu klasifik\u00e1ciu, ozna\u010dovanie a pravideln\u00fa aktualiz\u00e1ciu KB\u00da. Preto je rozumn\u00e9 pripravi\u0165 sa na tieto zmeny v\u010das.<\/strong><\/p>\n<p>&nbsp;<\/p>\n<ul>\n<li style=\"text-align: justify;\">Dopad legislat\u00edvnych zmien na karty bezpe\u010dnostn\u00fdch \u00fadajov<\/li>\n<li style=\"text-align: justify;\">Z\u00e1kon o chemickej bezpe\u010dnosti \u2013 klasifik\u00e1cia DSD\/DPD<\/li>\n<li style=\"text-align: justify;\">REACH a jeho vplyv na karty bezpe\u010dnostn\u00fdch \u00fadajov<\/li>\n<li style=\"text-align: justify;\">CLP \u2013 zavedenie GHS do pr\u00e1va E\u00da<\/li>\n<li style=\"text-align: justify;\">Dopad nariadenia (E\u00da) \u010d. 453\/2010<\/li>\n<li style=\"text-align: justify;\">S\u00fa\u010dasnos\u0165 \u2013 nariadenie Komisie (E\u00da) 2020\/878<\/li>\n<li style=\"text-align: justify;\">Lehoty<\/li>\n<li style=\"text-align: justify;\">Bud\u00facnos\u0165\u2026<\/li>\n<\/ul>\n<p style=\"text-align: justify;\"><strong>31. m\u00e1j 2017<\/strong> ozna\u010dil koniec prechodn\u00e9ho obdobia pre zmesi, ktor\u00e9 u\u017e boli na trhu.<\/p>\n<p style=\"text-align: justify;\">Pod\u013ea nariadenia (ES) \u010d. 1272\/2008 (CLP) m\u00f4\u017eu by\u0165 zmesi uv\u00e1dzan\u00e9 na trh len s ozna\u010den\u00edm a balen\u00edm v s\u00falade s CLP; KB\u00da mus\u00ed by\u0165 poskytovan\u00e1 v s\u00falade s nariaden\u00edm REACH (pr\u00edloha II) a mus\u00ed obsahova\u0165 spr\u00e1vnu klasifik\u00e1ciu pod\u013ea CLP.<\/p>\n<p style=\"text-align: justify;\">Zavedenie CLP ukon\u010dilo dlh\u00fd prechodn\u00fd proces a prinieslo (a bude aj na\u010falej prin\u00e1\u0161a\u0165) v\u00fdznamn\u00e9 \u00falohy pre spolo\u010dnosti pracuj\u00face s chemik\u00e1liami a zmesami.<\/p>\n<p>&nbsp;<\/p>\n<h2 style=\"text-align: justify;\">Dopad legislat\u00edvnych zmien na karty bezpe\u010dnostn\u00fdch \u00fadajov<\/h2>\n<p style=\"text-align: justify;\">Za posledn\u00fdch 15 rokov zaznamenalo Ma\u010farsko a \u010fal\u0161ie \u010dlensk\u00e9 \u0161t\u00e1ty E\u00da r\u00fdchlo sa vyv\u00edjaj\u00faci regula\u010dn\u00fd r\u00e1mec v oblasti chemickej bezpe\u010dnosti. Po\u017eiadavky na obsah a form\u00e1t KB\u00da sa v\u00fdrazne zmenili pre l\u00e1tky aj zmesi.<\/p>\n<p style=\"text-align: justify;\">KB\u00da musia by\u0165 v\u017edy v s\u00falade s aktu\u00e1lnou legislat\u00edvou \u2013 \u010do nie je jednoduch\u00e1 \u00faloha vzh\u013eadom na potrebn\u00e9 technick\u00e9 odborn\u00e9 znalosti.<\/p>\n<p style=\"text-align: justify;\">Spolo\u010dnos\u0165 ToxInfo Kft. u\u017e 20 rokov pom\u00e1ha partnerom dodr\u017eiava\u0165 tieto pravidl\u00e1 a z\u00edskala priamy poh\u013ead na ka\u017ed\u00fd regula\u010dn\u00fd posun.<\/p>\n<p style=\"text-align: justify;\">Tento \u010dl\u00e1nok zhr\u0148uje k\u013e\u00fa\u010dov\u00e9 zmeny minulosti a bl\u00edzkej bud\u00facnosti a z\u00e1rove\u0148 sa l\u00fa\u010di so zn\u00e1mymi oran\u017eov\u00fdmi symbolmi nebezpe\u010denstva.<\/p>\n<p>&nbsp;<\/p>\n<h3 style=\"text-align: justify;\">Z\u00e1kon o chemickej bezpe\u010dnosti \u2013 klasifik\u00e1cia DSD\/DPD<\/h3>\n<p style=\"text-align: justify;\">Konkr\u00e9tne smernica 67\/548\/EHS o nebezpe\u010dn\u00fdch l\u00e1tkach (DSD) a smernica 1999\/45\/ES o nebezpe\u010dn\u00fdch pr\u00edpravkoch (DPD), obe boli v Ma\u010farsku transponovan\u00e9 do <a href=\"https:\/\/www.msds-europe.com\/sk\/regulacne-zmeny-v-oblasti-chemickej-bezpecnosti\/\">z\u00e1kona \u010d. XXV z roku 2000<\/a> a jeho vykon\u00e1vacej <a href=\"https:\/\/www.msds-europe.com\/sk\/regulacne-zmeny-v-oblasti-chemickej-bezpecnosti\/\">vyhl\u00e1\u0161ky \u010d. 44\/2000<\/a>.<\/p>\n<p style=\"text-align: justify;\">Bol to prv\u00fd klasifika\u010dn\u00fd a ozna\u010dovac\u00ed syst\u00e9m Ma\u010farska zos\u00faladen\u00fd s E\u00da. Krajina prijala jednotn\u00e9 ozna\u010dovanie E\u00da e\u0161te pred samotn\u00fdm vstupom do \u00danie.<\/p>\n<p style=\"text-align: justify;\">KB\u00da a etikety obsahovali R-vety, S-vety a \u010dierne symboly nebezpe\u010denstva na oran\u017eovom pozad\u00ed.<\/p>\n<p style=\"text-align: justify;\">Napriek neskor\u0161\u00edm zmen\u00e1m sa klasifik\u00e1cia DPD mohla st\u00e1le objavova\u0165 v KB\u00da pre nebezpe\u010dn\u00e9 zmesi \u2013 ale iba do 1. j\u00fana 2017.<\/p>\n<p>&nbsp;<\/p>\n<h3 style=\"text-align: justify;\">REACH a jeho vplyv na karty bezpe\u010dnostn\u00fdch \u00fadajov<\/h3>\n<p style=\"text-align: justify;\">Nariadenie E\u00da REACH (Registr\u00e1cia, hodnotenie, autoriz\u00e1cia a obmedzovanie chemik\u00e1li\u00ed) nahradilo takmer 40 smern\u00edc jedin\u00fdm pr\u00e1vnym aktom pokr\u00fdvaj\u00facim v\u0161etk\u00fdch akt\u00e9rov v dod\u00e1vate\u013eskom re\u0165azci. Vst\u00fapilo do platnosti 1. j\u00fana 2007 a jeho pr\u00edloha II stanovila form\u00e1t a obsah KB\u00da.<\/p>\n<p style=\"text-align: justify;\">Pl\u00e1ny na celoeur\u00f3pske zavedenie GHS (Glob\u00e1lne harmonizovan\u00fd syst\u00e9m) u\u017e boli v pohybe.<\/p>\n<p>&nbsp;<\/p>\n<h3 style=\"text-align: justify;\">CLP \u2013 zavedenie GHS do pr\u00e1va E\u00da<\/h3>\n<p style=\"text-align: justify;\">\u010eal\u0161\u00edm m\u00ed\u013enikom bolo nariadenie (ES) \u010d. 1272\/2008 (CLP), eur\u00f3pska implement\u00e1cia GHS.<\/p>\n<p style=\"text-align: justify;\">CLP zaviedlo nov\u00fd syst\u00e9m ozna\u010dovania l\u00e1tok a zmes\u00ed, \u010do si vy\u017eiadalo rev\u00edziu KB\u00da v kr\u00e1tkych term\u00ednoch.<\/p>\n<p style=\"text-align: justify;\">Tradi\u010dn\u00e9 symboly nahradili koso\u0161tvorcov\u00e9 piktogramy s \u010derven\u00fdm r\u00e1m\u010dekom (<a href=\"https:\/\/www.msds-europe.com\/sk\/vystrazny-piktogram\/\">piktogramy nebezpe\u010denstva<\/a>). Zaviedlo aj triedy nebezpe\u010dnosti, kateg\u00f3rie a dve sign\u00e1lne slov\u00e1 \u2013 \u201eNebezpe\u010denstvo\u201c a \u201ePozor\u201c.<\/p>\n<p style=\"text-align: justify;\">R- a S-vety boli nahraden\u00e9 <a href=\"https:\/\/www.msds-europe.com\/sk\/vystrazne-upozornenie\/\">H-vetami<\/a> a <a href=\"https:\/\/www.msds-europe.com\/sk\/bezpecnostne-upozornenie-p\/\">P-vetami<\/a>; <strong>EUH-vety<\/strong> zostali tam, kde GHS nemal ekvivalenty.<\/p>\n<p>&nbsp;<\/p>\n<h3 style=\"text-align: justify;\">Dopad nariadenia (E\u00da) \u010d. 453\/2010<\/h3>\n<p style=\"text-align: justify;\">Nariadenie (E\u00da) \u010d. 453\/2010 zmenilo pr\u00edlohu II nariadenia REACH a urobilo pravidl\u00e1 obsahu KB\u00da pod\u013ea CLP z\u00e1v\u00e4zn\u00fdmi.<\/p>\n<p style=\"text-align: justify;\">Od 1. decembra 2010 museli l\u00e1tky sp\u013a\u0148a\u0165 CLP; pre zmesi bol term\u00edn 1. j\u00fan 2015 s pred\u013a\u017een\u00fdm prechodn\u00fdm obdob\u00edm v niektor\u00fdch pr\u00edpadoch a\u017e do 1. j\u00fana 2017.<\/p>\n<p style=\"text-align: justify;\">Po 1. j\u00fani 2015 sa CLP stalo povinn\u00fdm, av\u0161ak term\u00edn 1. j\u00fan 2017 sa st\u00e1le vz\u0165ahoval na ur\u010dit\u00e9 zmesi u\u017e na trhu.<\/p>\n<p>&nbsp;<\/p>\n<h3 style=\"text-align: justify;\">S\u00fa\u010dasnos\u0165 \u2013 nariadenie Komisie (E\u00da) 2020\/878<\/h3>\n<p style=\"text-align: justify;\">Do 31. decembra 2022 sa po\u017eiadavky na pr\u00edlohu II REACH uplat\u0148ovali pod\u013ea <a href=\"https:\/\/www.msds-europe.com\/sk\/regulacne-zmeny-v-oblasti-chemickej-bezpecnosti\/\">nariadenia Komisie (E\u00da) 2015\/830<\/a>.<\/p>\n<p style=\"text-align: justify;\"><strong>Nariadenie Komisie (E\u00da) 2020\/878 nadobudlo \u00fa\u010dinnos\u0165 1. janu\u00e1ra 2021 a od 1. janu\u00e1ra 2023 nahradilo nariadenie 2015\/830.<\/strong><\/p>\n<p style=\"text-align: justify;\"><a href=\"https:\/\/www.msds-europe.com\/sk\/zostavenie-a-vytvorenie-karty-bezpecnostnych-udajov\/\">Vytvorte nov\u00fa KB\u00da<\/a> alebo <a href=\"https:\/\/www.msds-europe.com\/sk\/karta-bezpecnostnych-udajov-revizie-aktualizacie\/\">aktualizujte existuj\u00facu KB\u00da<\/a> v s\u00falade s <a href=\"https:\/\/www.msds-europe.com\/chemical-safety-regulatory-changes\/\">nariaden\u00edm 2020\/878<\/a>.<\/p>\n<p class=\"title_1\" style=\"text-align: right;\"><a href=\"https:\/\/www.msds-europe.com\/sk\/regulacne-zmeny-v-oblasti-chemickej-bezpecnosti\/\"><em>\u010eal\u0161ie podrobnosti o obsahu a form\u00e1te KB\u00da pod\u013ea 2020\/878<\/em><\/a><\/p>\n<p>&nbsp;<\/p>\n<h2 style=\"text-align: justify;\">LEHOTY<\/h2>\n<p style=\"text-align: justify;\"><strong>Do 1. j\u00fana 2017:<\/strong><\/p>\n<p style=\"text-align: justify;\">Zmesi klasifikovan\u00e9, ozna\u010den\u00e9 a balen\u00e9 pod\u013ea DPD a uveden\u00e9 na trh pred 1. j\u00fanom 2015 mohli by\u0165 na\u010falej dod\u00e1van\u00e9 s ozna\u010den\u00edm pod\u013ea DPD a\u017e do 1. j\u00fana 2017; po tomto d\u00e1tume museli by\u0165 v\u0161etky zmesi dod\u00e1van\u00e9 v s\u00falade s CLP.<\/p>\n<p style=\"text-align: justify;\"><strong>Po 31. m\u00e1ji 2017:<\/strong> <em>1. j\u00fan 2017 \u2013 Zbohom ozna\u010dovaniu DPD<\/em><\/p>\n<p style=\"text-align: justify;\">D\u00f4le\u017eit\u00e9: po 31. m\u00e1ji 2017 u\u017e neexistuje \u017eiadne prechodn\u00e9 obdobie \u2013 v\u00fdrobky ozna\u010den\u00e9 DPD u\u017e nie s\u00fa povolen\u00e9.<\/p>\n<p style=\"text-align: justify;\">Pripravte sa v\u010das: skontrolujte z\u00e1soby, stiahnite v\u00fdrobky ozna\u010den\u00e9 DPD alebo ich preetiketujte.<\/p>\n<p style=\"text-align: justify;\">Etiketa mus\u00ed v\u017edy zodpoveda\u0165 KB\u00da; aktualiz\u00e1cia KB\u00da je jedn\u00fdm z prv\u00fdch krokov pri prechode.<\/p>\n<p style=\"text-align: right;\"><em>FAQ \u2013 <a href=\"https:\/\/www.msds-europe.com\/sk\/najcastejsie-otazky-a-odpovede-chemicka-bezpecnost\/\">Naj\u010dastej\u0161ie ot\u00e1zky o chemickej bezpe\u010dnosti<\/a><\/em><\/p>\n<p>&nbsp;<\/p>\n<h2 style=\"text-align: justify;\">Bud\u00facnos\u0165\u2026<\/h2>\n<p style=\"text-align: justify;\">DPD po 17 rokoch s\u00edce zmizlo, ale KB\u00da sa bud\u00fa na\u010falej vyv\u00edja\u0165. Okrem cie\u013eov glob\u00e1lnej harmoniz\u00e1cie bud\u00fa aj na\u010falej hra\u0165 \u00falohu miestne predpisy.<\/p>\n<p style=\"text-align: justify;\">Bohu\u017eia\u013e, pracovn\u00e1 z\u00e1\u0165a\u017e pre spolo\u010dnosti zaoberaj\u00face sa chemik\u00e1liami sa pravdepodobne nezn\u00ed\u017ei.<\/p>\n<p>&nbsp;<\/p>\n<h4><span style=\"color: #333333;\">Odpor\u00fa\u010dan\u00e9 slu\u017eby<\/span><\/h4>\n<ul>\n<li>Aktualizujte KB\u00da <a href=\"https:\/\/www.msds-europe.com\/sk\/karta-bezpecnostnych-udajov-revizie-aktualizacie\/\">v s\u00falade s REACH (pr\u00edloha II) a CLP<\/a><\/li>\n<li>Pripravte <a href=\"https:\/\/www.msds-europe.com\/sk\/vytvorenie-navrhu-oznacenia\/\">n\u00e1vrhy etikiet pod\u013ea CLP<\/a><\/li>\n<li><a href=\"https:\/\/www.msds-europe.com\/sk\/ziadost-cenovu-ponuku-karta-bezpecnostnych-udajov\/\">Konzult\u00e1cie<\/a> pre s\u00falad s CLP<\/li>\n<\/ul>\n<p>&nbsp;<\/p>\n<h4><span style=\"color: #333333;\">U\u017eito\u010dn\u00e9 \u010dl\u00e1nky<\/span><\/h4>\n<ul>\n<li><a href=\"https:\/\/www.msds-europe.com\/sk\/clp-2026-triedy-nebezpecnosti-zmesi-sds-oznacovanie\/\">CLP 2026: Nov\u00e9 triedy nebezpe\u010dnosti pre zmesi \u2013 \u010do robi\u0165<\/a><\/li>\n<li><a href=\"https:\/\/www.msds-europe.com\/sk\/vystrazne-upozornenie\/\">V\u00fdstra\u017en\u00e9 upozornenia (H-vety)<\/a><\/li>\n<li><a href=\"https:\/\/www.msds-europe.com\/sk\/bezpecnostne-upozornenie-p\/\">Bezpe\u010dnostn\u00e9 upozornenia (P-vety)<\/a><\/li>\n<\/ul>\n<p>&nbsp;<\/p>\n<h3><span data-teams=\"true\">R\u00fdchle ot\u00e1zky a odpovede<\/span><\/h3>\n<div class=\"su-spoiler su-spoiler-style-fancy su-spoiler-icon-chevron su-spoiler-closed\" data-scroll-offset=\"0\" data-anchor-in-url=\"no\"><div class=\"su-spoiler-title\" tabindex=\"0\" role=\"button\"><span class=\"su-spoiler-icon\"><\/span>Od kedy je povinn\u00e9 pou\u017e\u00edva\u0165 karty bezpe\u010dnostn\u00fdch \u00fadajov v s\u00falade s CLP pre zmesi?<\/div><div class=\"su-spoiler-content su-u-clearfix su-u-trim\">\n<p style=\"text-align: justify;\">Od 1. j\u00fana 2017 musia by\u0165 v\u0161etky zmesi uv\u00e1dzan\u00e9 na trh v E\u00da dod\u00e1van\u00e9 v\u00fdlu\u010dne s ozna\u010den\u00edm v s\u00falade s CLP; KB\u00da mus\u00ed by\u0165 poskytovan\u00e1 v s\u00falade s REACH a mus\u00ed obsahova\u0165 spr\u00e1vnu klasifik\u00e1ciu pod\u013ea CLP.<\/p>\n<\/div><\/div>\n<div class=\"su-spoiler su-spoiler-style-fancy su-spoiler-icon-chevron su-spoiler-closed\" data-scroll-offset=\"0\" data-anchor-in-url=\"no\"><div class=\"su-spoiler-title\" tabindex=\"0\" role=\"button\"><span class=\"su-spoiler-icon\"><\/span>Ak\u00fd je rozdiel medzi syst\u00e9mom DPD\/DSD a CLP z h\u013eadiska KB\u00da?<\/div><div class=\"su-spoiler-content su-u-clearfix su-u-trim\">\n<p style=\"text-align: justify;\">Syst\u00e9m CLP zaviedol piktogramy nebezpe\u010denstva, v\u00fdstra\u017en\u00e9 upozornenia (H-vety), bezpe\u010dnostn\u00e9 upozornenia (P-vety) a dve sign\u00e1lne slov\u00e1, ktor\u00e9 nahradili predch\u00e1dzaj\u00faci syst\u00e9m DPD\/DSD.<\/p>\n<\/div><\/div>\n<div class=\"su-spoiler su-spoiler-style-fancy su-spoiler-icon-chevron su-spoiler-closed\" data-scroll-offset=\"0\" data-anchor-in-url=\"no\"><div class=\"su-spoiler-title\" tabindex=\"0\" role=\"button\"><span class=\"su-spoiler-icon\"><\/span>Ako ovplyv\u0148uje nariadenie 2020\/878 obsah kariet bezpe\u010dnostn\u00fdch \u00fadajov?<\/div><div class=\"su-spoiler-content su-u-clearfix su-u-trim\">\n<p style=\"text-align: justify;\">Nariadenie 2020\/878 stanovuje aktualizovan\u00e9 po\u017eiadavky na \u0161trukt\u00faru a obsah pr\u00edlohy II REACH, ktor\u00e9 sa uplat\u0148uj\u00fa pre v\u0161etky KB\u00da vypracovan\u00e9 alebo aktualizovan\u00e9 pod\u013ea pravidiel po skon\u010den\u00ed prechodn\u00e9ho obdobia (od 1. janu\u00e1ra 2023).<\/p>\n<\/div><\/div>\n","protected":false},"excerpt":{"rendered":"<p>MSDS-Europe \u2013 Datab\u00e1za znalost\u00ed o kart\u00e1ch bezpe\u010dnostn\u00fdch \u00fadajov \u2013 Dopad nariadenia CLP na karty bezpe\u010dnostn\u00fdch \u00fadajov &nbsp; Zaveden\u00edm nariadenia CLP sa zmenili po\u017eiadavky na karty bezpe\u010dnostn\u00fdch \u00fadajov (KB\u00da) a nov\u00fd syst\u00e9m ozna\u010dovania nahradil predch\u00e1dzaj\u00faci syst\u00e9m DPD\/DSD. Na rozdiel od star\u0161ej legislat\u00edvy pou\u017e\u00edva klasifika\u010dn\u00fd syst\u00e9m CLP triedy a kateg\u00f3rie nebezpe\u010dnosti a&#8230;<\/p>\n","protected":false},"author":2,"featured_media":0,"parent":0,"menu_order":0,"comment_status":"closed","ping_status":"closed","template":"","meta":{"_acf_changed":false,"footnotes":""},"tags":[],"class_list":["post-34554","page","type-page","status-publish","hentry"],"acf":[],"yoast_head":"<!-- This site is optimized with the Yoast SEO plugin v27.2 - https:\/\/yoast.com\/product\/yoast-seo-wordpress\/ -->\n<title>Dopad nariadenia CLP na karty bezpe\u010dnostn\u00fdch \u00fadajov<\/title>\n<meta name=\"description\" content=\"Ako CLP a REACH zmenili po\u017eiadavky na karty bezpe\u010dnostn\u00fdch \u00fadajov: koniec DPD\/DSD, nov\u00e9 ozna\u010dovanie a prechod na nariadenie (E\u00da) 2020\/878.\" \/>\n<meta name=\"robots\" content=\"index, follow, max-snippet:-1, max-image-preview:large, max-video-preview:-1\" \/>\n<link rel=\"canonical\" href=\"https:\/\/www.msds-europe.com\/sk\/vplyv-clp-karty-bezpecnostnych-udajov\/\" \/>\n<meta property=\"og:locale\" content=\"sk_SK\" \/>\n<meta property=\"og:type\" content=\"article\" \/>\n<meta property=\"og:title\" content=\"Dopad nariadenia CLP na karty bezpe\u010dnostn\u00fdch \u00fadajov\" \/>\n<meta property=\"og:description\" content=\"Ako CLP a REACH zmenili po\u017eiadavky na karty bezpe\u010dnostn\u00fdch \u00fadajov: koniec DPD\/DSD, nov\u00e9 ozna\u010dovanie a prechod na nariadenie (E\u00da) 2020\/878.\" \/>\n<meta property=\"og:url\" content=\"https:\/\/www.msds-europe.com\/sk\/vplyv-clp-karty-bezpecnostnych-udajov\/\" \/>\n<meta property=\"og:site_name\" content=\"MSDS Europe\" \/>\n<meta property=\"article:publisher\" content=\"https:\/\/www.facebook.com\/toxinfokft\/\" \/>\n<meta property=\"article:modified_time\" content=\"2026-03-03T10:47:04+00:00\" \/>\n<meta name=\"twitter:card\" content=\"summary_large_image\" \/>\n<meta name=\"twitter:site\" content=\"@ToxInfoKft\" \/>\n<meta name=\"twitter:label1\" content=\"Predpokladan\u00fd \u010das \u010d\u00edtania\" \/>\n\t<meta name=\"twitter:data1\" content=\"5 min\u00fat\" \/>\n<script type=\"application\/ld+json\" class=\"yoast-schema-graph\">{\"@context\":\"https:\/\/schema.org\",\"@graph\":[{\"@type\":\"WebPage\",\"@id\":\"https:\/\/www.msds-europe.com\/sk\/vplyv-clp-karty-bezpecnostnych-udajov\/\",\"url\":\"https:\/\/www.msds-europe.com\/sk\/vplyv-clp-karty-bezpecnostnych-udajov\/\",\"name\":\"Dopad nariadenia CLP na karty bezpe\u010dnostn\u00fdch \u00fadajov\",\"isPartOf\":{\"@id\":\"https:\/\/www.msds-europe.com\/es\/#website\"},\"datePublished\":\"2025-08-29T13:34:09+00:00\",\"dateModified\":\"2026-03-03T10:47:04+00:00\",\"description\":\"Ako CLP a REACH zmenili po\u017eiadavky na karty bezpe\u010dnostn\u00fdch \u00fadajov: koniec DPD\/DSD, nov\u00e9 ozna\u010dovanie a prechod na nariadenie (E\u00da) 2020\/878.\",\"breadcrumb\":{\"@id\":\"https:\/\/www.msds-europe.com\/sk\/vplyv-clp-karty-bezpecnostnych-udajov\/#breadcrumb\"},\"inLanguage\":\"sk-SK\",\"potentialAction\":[{\"@type\":\"ReadAction\",\"target\":[\"https:\/\/www.msds-europe.com\/sk\/vplyv-clp-karty-bezpecnostnych-udajov\/\"]}]},{\"@type\":\"BreadcrumbList\",\"@id\":\"https:\/\/www.msds-europe.com\/sk\/vplyv-clp-karty-bezpecnostnych-udajov\/#breadcrumb\",\"itemListElement\":[{\"@type\":\"ListItem\",\"position\":1,\"name\":\"F\u0151oldal\",\"item\":\"https:\/\/www.msds-europe.com\/sk\/\"},{\"@type\":\"ListItem\",\"position\":2,\"name\":\"Dopad nariadenia CLP na karty bezpe\u010dnostn\u00fdch \u00fadajov\"}]},{\"@type\":\"WebSite\",\"@id\":\"https:\/\/www.msds-europe.com\/es\/#website\",\"url\":\"https:\/\/www.msds-europe.com\/es\/\",\"name\":\"MSDS Europe\",\"description\":\"\",\"publisher\":{\"@id\":\"https:\/\/www.msds-europe.com\/es\/#organization\"},\"potentialAction\":[{\"@type\":\"SearchAction\",\"target\":{\"@type\":\"EntryPoint\",\"urlTemplate\":\"https:\/\/www.msds-europe.com\/es\/?s={search_term_string}\"},\"query-input\":{\"@type\":\"PropertyValueSpecification\",\"valueRequired\":true,\"valueName\":\"search_term_string\"}}],\"inLanguage\":\"sk-SK\"},{\"@type\":\"Organization\",\"@id\":\"https:\/\/www.msds-europe.com\/es\/#organization\",\"name\":\"MSDS-Europe International branch of ToxInfo\",\"url\":\"https:\/\/www.msds-europe.com\/es\/\",\"logo\":{\"@type\":\"ImageObject\",\"inLanguage\":\"sk-SK\",\"@id\":\"https:\/\/www.msds-europe.com\/es\/#\/schema\/logo\/image\/\",\"url\":\"https:\/\/www.msds-europe.com\/wp-content\/uploads\/2021\/04\/msds-europe-logo.jpg\",\"contentUrl\":\"https:\/\/www.msds-europe.com\/wp-content\/uploads\/2021\/04\/msds-europe-logo.jpg\",\"width\":2296,\"height\":1067,\"caption\":\"MSDS-Europe International branch of ToxInfo\"},\"image\":{\"@id\":\"https:\/\/www.msds-europe.com\/es\/#\/schema\/logo\/image\/\"},\"sameAs\":[\"https:\/\/www.facebook.com\/toxinfokft\/\",\"https:\/\/x.com\/ToxInfoKft\"]}]}<\/script>\n<!-- \/ Yoast SEO plugin. -->","yoast_head_json":{"title":"Dopad nariadenia CLP na karty bezpe\u010dnostn\u00fdch \u00fadajov","description":"Ako CLP a REACH zmenili po\u017eiadavky na karty bezpe\u010dnostn\u00fdch \u00fadajov: koniec DPD\/DSD, nov\u00e9 ozna\u010dovanie a prechod na nariadenie (E\u00da) 2020\/878.","robots":{"index":"index","follow":"follow","max-snippet":"max-snippet:-1","max-image-preview":"max-image-preview:large","max-video-preview":"max-video-preview:-1"},"canonical":"https:\/\/www.msds-europe.com\/sk\/vplyv-clp-karty-bezpecnostnych-udajov\/","og_locale":"sk_SK","og_type":"article","og_title":"Dopad nariadenia CLP na karty bezpe\u010dnostn\u00fdch \u00fadajov","og_description":"Ako CLP a REACH zmenili po\u017eiadavky na karty bezpe\u010dnostn\u00fdch \u00fadajov: koniec DPD\/DSD, nov\u00e9 ozna\u010dovanie a prechod na nariadenie (E\u00da) 2020\/878.","og_url":"https:\/\/www.msds-europe.com\/sk\/vplyv-clp-karty-bezpecnostnych-udajov\/","og_site_name":"MSDS Europe","article_publisher":"https:\/\/www.facebook.com\/toxinfokft\/","article_modified_time":"2026-03-03T10:47:04+00:00","twitter_card":"summary_large_image","twitter_site":"@ToxInfoKft","twitter_misc":{"Predpokladan\u00fd \u010das \u010d\u00edtania":"5 min\u00fat"},"schema":{"@context":"https:\/\/schema.org","@graph":[{"@type":"WebPage","@id":"https:\/\/www.msds-europe.com\/sk\/vplyv-clp-karty-bezpecnostnych-udajov\/","url":"https:\/\/www.msds-europe.com\/sk\/vplyv-clp-karty-bezpecnostnych-udajov\/","name":"Dopad nariadenia CLP na karty bezpe\u010dnostn\u00fdch \u00fadajov","isPartOf":{"@id":"https:\/\/www.msds-europe.com\/es\/#website"},"datePublished":"2025-08-29T13:34:09+00:00","dateModified":"2026-03-03T10:47:04+00:00","description":"Ako CLP a REACH zmenili po\u017eiadavky na karty bezpe\u010dnostn\u00fdch \u00fadajov: koniec DPD\/DSD, nov\u00e9 ozna\u010dovanie a prechod na nariadenie (E\u00da) 2020\/878.","breadcrumb":{"@id":"https:\/\/www.msds-europe.com\/sk\/vplyv-clp-karty-bezpecnostnych-udajov\/#breadcrumb"},"inLanguage":"sk-SK","potentialAction":[{"@type":"ReadAction","target":["https:\/\/www.msds-europe.com\/sk\/vplyv-clp-karty-bezpecnostnych-udajov\/"]}]},{"@type":"BreadcrumbList","@id":"https:\/\/www.msds-europe.com\/sk\/vplyv-clp-karty-bezpecnostnych-udajov\/#breadcrumb","itemListElement":[{"@type":"ListItem","position":1,"name":"F\u0151oldal","item":"https:\/\/www.msds-europe.com\/sk\/"},{"@type":"ListItem","position":2,"name":"Dopad nariadenia CLP na karty bezpe\u010dnostn\u00fdch \u00fadajov"}]},{"@type":"WebSite","@id":"https:\/\/www.msds-europe.com\/es\/#website","url":"https:\/\/www.msds-europe.com\/es\/","name":"MSDS Europe","description":"","publisher":{"@id":"https:\/\/www.msds-europe.com\/es\/#organization"},"potentialAction":[{"@type":"SearchAction","target":{"@type":"EntryPoint","urlTemplate":"https:\/\/www.msds-europe.com\/es\/?s={search_term_string}"},"query-input":{"@type":"PropertyValueSpecification","valueRequired":true,"valueName":"search_term_string"}}],"inLanguage":"sk-SK"},{"@type":"Organization","@id":"https:\/\/www.msds-europe.com\/es\/#organization","name":"MSDS-Europe International branch of ToxInfo","url":"https:\/\/www.msds-europe.com\/es\/","logo":{"@type":"ImageObject","inLanguage":"sk-SK","@id":"https:\/\/www.msds-europe.com\/es\/#\/schema\/logo\/image\/","url":"https:\/\/www.msds-europe.com\/wp-content\/uploads\/2021\/04\/msds-europe-logo.jpg","contentUrl":"https:\/\/www.msds-europe.com\/wp-content\/uploads\/2021\/04\/msds-europe-logo.jpg","width":2296,"height":1067,"caption":"MSDS-Europe International branch of ToxInfo"},"image":{"@id":"https:\/\/www.msds-europe.com\/es\/#\/schema\/logo\/image\/"},"sameAs":["https:\/\/www.facebook.com\/toxinfokft\/","https:\/\/x.com\/ToxInfoKft"]}]}},"_links":{"self":[{"href":"https:\/\/www.msds-europe.com\/sk\/wp-json\/wp\/v2\/pages\/34554","targetHints":{"allow":["GET"]}}],"collection":[{"href":"https:\/\/www.msds-europe.com\/sk\/wp-json\/wp\/v2\/pages"}],"about":[{"href":"https:\/\/www.msds-europe.com\/sk\/wp-json\/wp\/v2\/types\/page"}],"author":[{"embeddable":true,"href":"https:\/\/www.msds-europe.com\/sk\/wp-json\/wp\/v2\/users\/2"}],"replies":[{"embeddable":true,"href":"https:\/\/www.msds-europe.com\/sk\/wp-json\/wp\/v2\/comments?post=34554"}],"version-history":[{"count":8,"href":"https:\/\/www.msds-europe.com\/sk\/wp-json\/wp\/v2\/pages\/34554\/revisions"}],"predecessor-version":[{"id":37927,"href":"https:\/\/www.msds-europe.com\/sk\/wp-json\/wp\/v2\/pages\/34554\/revisions\/37927"}],"wp:attachment":[{"href":"https:\/\/www.msds-europe.com\/sk\/wp-json\/wp\/v2\/media?parent=34554"}],"wp:term":[{"taxonomy":"post_tag","embeddable":true,"href":"https:\/\/www.msds-europe.com\/sk\/wp-json\/wp\/v2\/tags?post=34554"}],"curies":[{"name":"wp","href":"https:\/\/api.w.org\/{rel}","templated":true}]}}