{"id":34413,"date":"2025-08-15T13:12:23","date_gmt":"2025-08-15T13:12:23","guid":{"rendered":"https:\/\/www.msds-europe.com\/?page_id=34413"},"modified":"2026-02-25T10:16:31","modified_gmt":"2026-02-25T10:16:31","slug":"kontrola-sds-bezpecnostne-listy","status":"publish","type":"page","link":"https:\/\/www.msds-europe.com\/sk\/kontrola-sds-bezpecnostne-listy\/","title":{"rendered":"Kontrola SDS: \u010do mus\u00edme bezpodmiene\u010dne skontrolova\u0165 v bezpe\u010dnostn\u00fdch listoch"},"content":{"rendered":"<p style=\"text-align: right;\"><em><a href=\"https:\/\/www.msds-europe.com\/sk\/\">MSDS-Europe<\/a> \u2013 \u010co mus\u00edme bezpodmiene\u010dne skontrolova\u0165 v bezpe\u010dnostn\u00fdch listoch<\/em><\/p>\n<p style=\"text-align: justify;\">Sk\u00f4r ne\u017e uvedieme hlavn\u00e9 body, ktor\u00e9 je potrebn\u00e9 skontrolova\u0165 v prijatom bezpe\u010dnostnom liste (KB\u00da; angl. SDS), poz\u00fdvame v\u00e1s pre\u010d\u00edta\u0165 si n\u00e1\u0161 \u010dl\u00e1nok o <a href=\"https:\/\/www.msds-europe.com\/conditions-under-which-a-safety-data-sheet-must-be-supplied\/\">pravidl\u00e1ch poskytovania SDS<\/a>.<\/p>\n<h5><strong>Prv\u00fd krok:<\/strong><\/h5>\n<p style=\"text-align: justify;\">V prvom rade m\u00f4\u017eeme (a mus\u00edme) skontrolova\u0165 <a href=\"https:\/\/www.msds-europe.com\/sk\/sds-priprava-uvod\/\">jazyk<\/a> poskytnut\u00e9ho KB\u00da. M\u00f4\u017ee to by\u0165 prekvapuj\u00face, ale dod\u00e1vate\u013e chemick\u00e9ho v\u00fdrobku nemus\u00ed v\u017edy poskytn\u00fa\u0165 bezpe\u010dnostn\u00fd list v na\u0161om n\u00e1rodnom jazyku.<\/p>\n<p style=\"text-align: justify;\">Firmy, ktor\u00e9 pou\u017e\u00edvaj\u00fa softv\u00e9r na preklad SDS, \u010dasto ochotne dodaj\u00fa dokument v jazyku kupuj\u00faceho, aj ke\u010f im to pr\u00e1vne predpisy v\u00fdslovne neukladaj\u00fa. Treba si v\u0161ak da\u0165 pozor na <a href=\"https:\/\/www.msds-europe.com\/sk\/o-softveri-na-vytvaranie-kariet-bezpecnostnych-udajov\/\">SDS generovan\u00e9 softv\u00e9rom<\/a>, preto\u017ee b\u00fdvaj\u00fa technicky problematick\u00e9. Ani doslovn\u00fd \u013eudsk\u00fd preklad nemus\u00ed by\u0165 automaticky vyhovuj\u00faci \u2013 len mal\u00e1 \u010das\u0165 procesu <a href=\"https:\/\/www.msds-europe.com\/sk\/pracovny-postup-vytvorenia-a-prekladu-karty-bezpecnostnych-udajov\/\">tvorby\/prekladu SDS<\/a> je \u010disto jazykov\u00e1 slu\u017eba; v\u017edy je potrebn\u00e9 overi\u0165 legislat\u00edvu a obsah (napr. klasifik\u00e1ciu).<\/p>\n<h5><strong>Druh\u00fd krok:<\/strong><\/h5>\n<p style=\"text-align: justify;\">\u010ealej treba overi\u0165, \u010di je list \u201eaktu\u00e1lny\u201c \u2013 \u010dasto nespr\u00e1vne ozna\u010dovan\u00fd ako d\u00e1tum platnosti. Z pr\u00e1vneho h\u013eadiska neexistuje form\u00e1lny \u201ed\u00e1tum vypr\u0161ania platnosti\u201c, ale existuj\u00fa <a href=\"https:\/\/www.msds-europe.com\/safety-data-sheet-validity-period\/\">pravidl\u00e1 aktualiz\u00e1cie SDS<\/a>, ktor\u00e9 mus\u00edme pozna\u0165.<\/p>\n<h5><strong>\u010eal\u0161ie kroky:<\/strong><\/h5>\n<p style=\"text-align: justify;\">\u010eal\u0161ie kontroly zhody z\u00e1visia vo ve\u013ekej miere od \u010dinnosti spolo\u010dnosti a typu pou\u017e\u00edvan\u00fdch l\u00e1tok\/zmes\u00ed. Ako distrib\u00fator, ktor\u00fd sa z\u00e1sobuje na dom\u00e1com trhu, riskujete pri pou\u017eit\u00ed nevyhovuj\u00faceho KB\u00da najm\u00e4 odmietnutie v\u00fdrobku z\u00e1kazn\u00edkom a stratu podielu na trhu.<\/p>\n<p style=\"text-align: justify;\">Ak v\u0161ak nakupujeme chemick\u00fa l\u00e1tku alebo zmes v inej krajine EHP, na\u0161a spolo\u010dnos\u0165 m\u00f4\u017ee zodpoveda\u0165 za <a href=\"https:\/\/www.msds-europe.com\/sk\/ufi-sluzby\/\">ozn\u00e1menie PCN<\/a> a ozna\u010dovanie, ktor\u00e9 nebudeme m\u00f4c\u0165 spr\u00e1vne vykona\u0165, ak sa budeme spolieha\u0165 na chybn\u00fd KB\u00da.<\/p>\n<p style=\"text-align: justify;\">N\u00e1sledn\u00ed u\u017e\u00edvatelia maj\u00fa pravdepodobne najviac povinnost\u00ed s\u00favisiacich s prijat\u00fdmi KB\u00da. Pozrite si n\u00e1\u0161 preh\u013ead <a href=\"https:\/\/www.msds-europe.com\/downstream-user-reach-communication-obligations\/\">z\u00e1kladn\u00fdch inform\u00e1ci\u00ed pre n\u00e1sledn\u00fdch u\u017e\u00edvate\u013eov<\/a> t\u00fdkaj\u00facich sa povinnost\u00ed oh\u013eadom SDS.<\/p>\n<p style=\"text-align: justify;\">Treba zd\u00f4razni\u0165, \u017ee n\u00e1sledn\u00ed u\u017e\u00edvatelia maj\u00fa povinnos\u0165 overova\u0165 obsah KB\u00da, \u010do m\u00f4\u017ee pr\u00edslu\u0161n\u00fd org\u00e1n kontrolova\u0165 po\u010das in\u0161pekci\u00ed na mieste. \u0160pecifick\u00e9 opatrenia s\u00fa potrebn\u00e9 najm\u00e4 vtedy, ak KB\u00da obsahuje <a href=\"https:\/\/www.msds-europe.com\/checking-implementing-exposure-scenario\/\">expozi\u010dn\u00fd scen\u00e1r<\/a>.<\/p>\n<p>&nbsp;<\/p>\n<p><strong>Odpor\u00fa\u010dan\u00e9 slu\u017eby:<\/strong><\/p>\n<ul>\n<li><a href=\"https:\/\/www.msds-europe.com\/sk\/preklad-karty-bezpecnostnych-udajov\/\">Preklad SDS<\/a><\/li>\n<li><a href=\"https:\/\/www.msds-europe.com\/sk\/karta-bezpecnostnych-udajov-revizie-aktualizacie\/\">Rev\u00edzia SDS<\/a><\/li>\n<li><a href=\"https:\/\/www.msds-europe.com\/sk\/zostavenie-a-vytvorenie-karty-bezpecnostnych-udajov\/\">Vypracovanie a tvorba bezpe\u010dnostn\u00fdch listov<\/a><\/li>\n<li>Tvorba <a href=\"https:\/\/www.msds-europe.com\/sk\/vytvorenie-navrhu-oznacenia\/\">n\u00e1vrhov etikiet CLP<\/a><\/li>\n<li><a href=\"https:\/\/www.msds-europe.com\/sk\/ufi-sluzby\/\">Ozn\u00e1menie PCN pre nebezpe\u010dn\u00e9 zmesi<\/a><\/li>\n<\/ul>\n<p>&nbsp;<\/p>\n<p><strong>U\u017eito\u010dn\u00e9 \u010dl\u00e1nky:<\/strong><\/p>\n<ul>\n<li><a href=\"https:\/\/www.msds-europe.com\/compass-to-chemical-safety\/\">Kompas chemickej bezpe\u010dnosti<\/a><\/li>\n<li><a href=\"https:\/\/www.msds-europe.com\/sk\/najcastejsie-otazky-a-odpovede-chemicka-bezpecnost\/\">FAQ \u2013 Ot\u00e1zky a odpovede o chemickej bezpe\u010dnosti<\/a><\/li>\n<li><a href=\"https:\/\/www.msds-europe.com\/sk\/regulacne-zmeny-v-oblasti-chemickej-bezpecnosti\/\">Sledovanie zmien legislat\u00edvy<\/a><\/li>\n<\/ul>\n<p>&nbsp;<\/p>\n<h4>R\u00fdchle ot\u00e1zky a odpovede<\/h4>\n<div class=\"su-spoiler su-spoiler-style-fancy su-spoiler-icon-chevron su-spoiler-closed\" data-scroll-offset=\"0\" data-anchor-in-url=\"no\"><div class=\"su-spoiler-title\" tabindex=\"0\" role=\"button\"><span class=\"su-spoiler-icon\"><\/span>Ak\u00e9 s\u00fa tri hlavn\u00e9 body na kontrolu v SDS od zahrani\u010dn\u00e9ho dod\u00e1vate\u013ea?<\/div><div class=\"su-spoiler-content su-u-clearfix su-u-trim\">\n<p>Jazyk dokumentu, aktu\u00e1lnos\u0165 a s\u00falad form\u00e1tu (16 oddielov) a pr\u00edtomnos\u0165 povinn\u00fdch obsahov\u00fdch prvkov pod\u013ea nariadenia (E\u00da) 2020\/878.<\/p>\n<\/div><\/div>\n<div class=\"su-spoiler su-spoiler-style-fancy su-spoiler-icon-chevron su-spoiler-closed\" data-scroll-offset=\"0\" data-anchor-in-url=\"no\"><div class=\"su-spoiler-title\" tabindex=\"0\" role=\"button\"><span class=\"su-spoiler-icon\"><\/span>\u010co robi\u0165, ak prijat\u00fd SDS nie je v s\u00falade s 2020\/878 alebo obsahuje zastaran\u00e9 \u00fadaje?<\/div><div class=\"su-spoiler-content su-u-clearfix su-u-trim\">\n<p>Spolo\u010dnos\u0165 uv\u00e1dzaj\u00faca v\u00fdrobok na trh mus\u00ed KB\u00da aktualizova\u0165 alebo vypracova\u0165 nov\u00fd, aby mohla v\u00fdrobok leg\u00e1lne uv\u00e1dza\u0165 na trh v \u010dlenskom \u0161t\u00e1te E\u00da.<\/p>\n<\/div><\/div>\n<div class=\"su-spoiler su-spoiler-style-fancy su-spoiler-icon-chevron su-spoiler-closed\" data-scroll-offset=\"0\" data-anchor-in-url=\"no\"><div class=\"su-spoiler-title\" tabindex=\"0\" role=\"button\"><span class=\"su-spoiler-icon\"><\/span>Kto je pr\u00e1vne zodpovedn\u00fd za chyby v SDS znovu pou\u017eit\u00fdch v E\u00da?<\/div><div class=\"su-spoiler-content su-u-clearfix su-u-trim\">\n<p>Subjekt uv\u00e1dzaj\u00faci v\u00fdrobok na trh v E\u00da (napr. dovozca alebo pr\u00edslu\u0161n\u00fd dod\u00e1vate\u013e\/distrib\u00fator); org\u00e1ny ho m\u00f4\u017eu sankcionova\u0165, aj ke\u010f chybn\u00fd SDS poch\u00e1dza od in\u00e9ho dod\u00e1vate\u013ea.<\/p>\n<\/div><\/div>\n","protected":false},"excerpt":{"rendered":"<p>MSDS-Europe \u2013 \u010co mus\u00edme bezpodmiene\u010dne skontrolova\u0165 v bezpe\u010dnostn\u00fdch listoch Sk\u00f4r ne\u017e uvedieme hlavn\u00e9 body, ktor\u00e9 je potrebn\u00e9 skontrolova\u0165 v prijatom bezpe\u010dnostnom liste (KB\u00da; angl. SDS), poz\u00fdvame v\u00e1s pre\u010d\u00edta\u0165 si n\u00e1\u0161 \u010dl\u00e1nok o pravidl\u00e1ch poskytovania SDS. Prv\u00fd krok: V prvom rade m\u00f4\u017eeme (a mus\u00edme) skontrolova\u0165 jazyk poskytnut\u00e9ho KB\u00da. M\u00f4\u017ee to by\u0165&#8230;<\/p>\n","protected":false},"author":2,"featured_media":0,"parent":0,"menu_order":0,"comment_status":"closed","ping_status":"closed","template":"","meta":{"_acf_changed":false,"footnotes":""},"tags":[],"class_list":["post-34413","page","type-page","status-publish","hentry"],"acf":[],"yoast_head":"<!-- This site is optimized with the Yoast SEO plugin v27.2 - https:\/\/yoast.com\/product\/yoast-seo-wordpress\/ -->\n<title>\u010co mus\u00edme bezpodmiene\u010dne skontrolova\u0165 v bezpe\u010dnostn\u00fdch listoch<\/title>\n<meta name=\"description\" content=\"Ako zist\u00edm, \u010di som od dod\u00e1vate\u013ea dostal s\u00faladn\u00fd SDS? Na\u0161a kontrola SDS uv\u00e1dza konkr\u00e9tne kontroln\u00e9 body na zabezpe\u010denie bezpe\u010dn\u00e9ho prevzatia tovaru.\" \/>\n<meta name=\"robots\" content=\"index, follow, max-snippet:-1, max-image-preview:large, max-video-preview:-1\" \/>\n<link rel=\"canonical\" href=\"https:\/\/www.msds-europe.com\/sk\/kontrola-sds-bezpecnostne-listy\/\" \/>\n<meta property=\"og:locale\" content=\"sk_SK\" \/>\n<meta property=\"og:type\" content=\"article\" \/>\n<meta property=\"og:title\" content=\"\u010co mus\u00edme bezpodmiene\u010dne skontrolova\u0165 v bezpe\u010dnostn\u00fdch listoch\" \/>\n<meta property=\"og:description\" content=\"Ako zist\u00edm, \u010di som od dod\u00e1vate\u013ea dostal s\u00faladn\u00fd SDS? Na\u0161a kontrola SDS uv\u00e1dza konkr\u00e9tne kontroln\u00e9 body na zabezpe\u010denie bezpe\u010dn\u00e9ho prevzatia tovaru.\" \/>\n<meta property=\"og:url\" content=\"https:\/\/www.msds-europe.com\/sk\/kontrola-sds-bezpecnostne-listy\/\" \/>\n<meta property=\"og:site_name\" content=\"MSDS Europe\" \/>\n<meta property=\"article:publisher\" content=\"https:\/\/www.facebook.com\/toxinfokft\/\" \/>\n<meta property=\"article:modified_time\" content=\"2026-02-25T10:16:31+00:00\" \/>\n<meta name=\"twitter:card\" content=\"summary_large_image\" \/>\n<meta name=\"twitter:site\" content=\"@ToxInfoKft\" \/>\n<meta name=\"twitter:label1\" content=\"Predpokladan\u00fd \u010das \u010d\u00edtania\" \/>\n\t<meta name=\"twitter:data1\" content=\"2 min\u00faty\" \/>\n<script type=\"application\/ld+json\" class=\"yoast-schema-graph\">{\"@context\":\"https:\/\/schema.org\",\"@graph\":[{\"@type\":\"WebPage\",\"@id\":\"https:\/\/www.msds-europe.com\/sk\/kontrola-sds-bezpecnostne-listy\/\",\"url\":\"https:\/\/www.msds-europe.com\/sk\/kontrola-sds-bezpecnostne-listy\/\",\"name\":\"\u010co mus\u00edme bezpodmiene\u010dne skontrolova\u0165 v bezpe\u010dnostn\u00fdch listoch\",\"isPartOf\":{\"@id\":\"https:\/\/www.msds-europe.com\/es\/#website\"},\"datePublished\":\"2025-08-15T13:12:23+00:00\",\"dateModified\":\"2026-02-25T10:16:31+00:00\",\"description\":\"Ako zist\u00edm, \u010di som od dod\u00e1vate\u013ea dostal s\u00faladn\u00fd SDS? Na\u0161a kontrola SDS uv\u00e1dza konkr\u00e9tne kontroln\u00e9 body na zabezpe\u010denie bezpe\u010dn\u00e9ho prevzatia tovaru.\",\"breadcrumb\":{\"@id\":\"https:\/\/www.msds-europe.com\/sk\/kontrola-sds-bezpecnostne-listy\/#breadcrumb\"},\"inLanguage\":\"sk-SK\",\"potentialAction\":[{\"@type\":\"ReadAction\",\"target\":[\"https:\/\/www.msds-europe.com\/sk\/kontrola-sds-bezpecnostne-listy\/\"]}]},{\"@type\":\"BreadcrumbList\",\"@id\":\"https:\/\/www.msds-europe.com\/sk\/kontrola-sds-bezpecnostne-listy\/#breadcrumb\",\"itemListElement\":[{\"@type\":\"ListItem\",\"position\":1,\"name\":\"F\u0151oldal\",\"item\":\"https:\/\/www.msds-europe.com\/sk\/\"},{\"@type\":\"ListItem\",\"position\":2,\"name\":\"Kontrola SDS: \u010do mus\u00edme bezpodmiene\u010dne skontrolova\u0165 v bezpe\u010dnostn\u00fdch listoch\"}]},{\"@type\":\"WebSite\",\"@id\":\"https:\/\/www.msds-europe.com\/es\/#website\",\"url\":\"https:\/\/www.msds-europe.com\/es\/\",\"name\":\"MSDS Europe\",\"description\":\"\",\"publisher\":{\"@id\":\"https:\/\/www.msds-europe.com\/es\/#organization\"},\"potentialAction\":[{\"@type\":\"SearchAction\",\"target\":{\"@type\":\"EntryPoint\",\"urlTemplate\":\"https:\/\/www.msds-europe.com\/es\/?s={search_term_string}\"},\"query-input\":{\"@type\":\"PropertyValueSpecification\",\"valueRequired\":true,\"valueName\":\"search_term_string\"}}],\"inLanguage\":\"sk-SK\"},{\"@type\":\"Organization\",\"@id\":\"https:\/\/www.msds-europe.com\/es\/#organization\",\"name\":\"MSDS-Europe International branch of ToxInfo\",\"url\":\"https:\/\/www.msds-europe.com\/es\/\",\"logo\":{\"@type\":\"ImageObject\",\"inLanguage\":\"sk-SK\",\"@id\":\"https:\/\/www.msds-europe.com\/es\/#\/schema\/logo\/image\/\",\"url\":\"https:\/\/www.msds-europe.com\/wp-content\/uploads\/2021\/04\/msds-europe-logo.jpg\",\"contentUrl\":\"https:\/\/www.msds-europe.com\/wp-content\/uploads\/2021\/04\/msds-europe-logo.jpg\",\"width\":2296,\"height\":1067,\"caption\":\"MSDS-Europe International branch of ToxInfo\"},\"image\":{\"@id\":\"https:\/\/www.msds-europe.com\/es\/#\/schema\/logo\/image\/\"},\"sameAs\":[\"https:\/\/www.facebook.com\/toxinfokft\/\",\"https:\/\/x.com\/ToxInfoKft\"]}]}<\/script>\n<!-- \/ Yoast SEO plugin. -->","yoast_head_json":{"title":"\u010co mus\u00edme bezpodmiene\u010dne skontrolova\u0165 v bezpe\u010dnostn\u00fdch listoch","description":"Ako zist\u00edm, \u010di som od dod\u00e1vate\u013ea dostal s\u00faladn\u00fd SDS? Na\u0161a kontrola SDS uv\u00e1dza konkr\u00e9tne kontroln\u00e9 body na zabezpe\u010denie bezpe\u010dn\u00e9ho prevzatia tovaru.","robots":{"index":"index","follow":"follow","max-snippet":"max-snippet:-1","max-image-preview":"max-image-preview:large","max-video-preview":"max-video-preview:-1"},"canonical":"https:\/\/www.msds-europe.com\/sk\/kontrola-sds-bezpecnostne-listy\/","og_locale":"sk_SK","og_type":"article","og_title":"\u010co mus\u00edme bezpodmiene\u010dne skontrolova\u0165 v bezpe\u010dnostn\u00fdch listoch","og_description":"Ako zist\u00edm, \u010di som od dod\u00e1vate\u013ea dostal s\u00faladn\u00fd SDS? Na\u0161a kontrola SDS uv\u00e1dza konkr\u00e9tne kontroln\u00e9 body na zabezpe\u010denie bezpe\u010dn\u00e9ho prevzatia tovaru.","og_url":"https:\/\/www.msds-europe.com\/sk\/kontrola-sds-bezpecnostne-listy\/","og_site_name":"MSDS Europe","article_publisher":"https:\/\/www.facebook.com\/toxinfokft\/","article_modified_time":"2026-02-25T10:16:31+00:00","twitter_card":"summary_large_image","twitter_site":"@ToxInfoKft","twitter_misc":{"Predpokladan\u00fd \u010das \u010d\u00edtania":"2 min\u00faty"},"schema":{"@context":"https:\/\/schema.org","@graph":[{"@type":"WebPage","@id":"https:\/\/www.msds-europe.com\/sk\/kontrola-sds-bezpecnostne-listy\/","url":"https:\/\/www.msds-europe.com\/sk\/kontrola-sds-bezpecnostne-listy\/","name":"\u010co mus\u00edme bezpodmiene\u010dne skontrolova\u0165 v bezpe\u010dnostn\u00fdch listoch","isPartOf":{"@id":"https:\/\/www.msds-europe.com\/es\/#website"},"datePublished":"2025-08-15T13:12:23+00:00","dateModified":"2026-02-25T10:16:31+00:00","description":"Ako zist\u00edm, \u010di som od dod\u00e1vate\u013ea dostal s\u00faladn\u00fd SDS? Na\u0161a kontrola SDS uv\u00e1dza konkr\u00e9tne kontroln\u00e9 body na zabezpe\u010denie bezpe\u010dn\u00e9ho prevzatia tovaru.","breadcrumb":{"@id":"https:\/\/www.msds-europe.com\/sk\/kontrola-sds-bezpecnostne-listy\/#breadcrumb"},"inLanguage":"sk-SK","potentialAction":[{"@type":"ReadAction","target":["https:\/\/www.msds-europe.com\/sk\/kontrola-sds-bezpecnostne-listy\/"]}]},{"@type":"BreadcrumbList","@id":"https:\/\/www.msds-europe.com\/sk\/kontrola-sds-bezpecnostne-listy\/#breadcrumb","itemListElement":[{"@type":"ListItem","position":1,"name":"F\u0151oldal","item":"https:\/\/www.msds-europe.com\/sk\/"},{"@type":"ListItem","position":2,"name":"Kontrola SDS: \u010do mus\u00edme bezpodmiene\u010dne skontrolova\u0165 v bezpe\u010dnostn\u00fdch listoch"}]},{"@type":"WebSite","@id":"https:\/\/www.msds-europe.com\/es\/#website","url":"https:\/\/www.msds-europe.com\/es\/","name":"MSDS Europe","description":"","publisher":{"@id":"https:\/\/www.msds-europe.com\/es\/#organization"},"potentialAction":[{"@type":"SearchAction","target":{"@type":"EntryPoint","urlTemplate":"https:\/\/www.msds-europe.com\/es\/?s={search_term_string}"},"query-input":{"@type":"PropertyValueSpecification","valueRequired":true,"valueName":"search_term_string"}}],"inLanguage":"sk-SK"},{"@type":"Organization","@id":"https:\/\/www.msds-europe.com\/es\/#organization","name":"MSDS-Europe International branch of ToxInfo","url":"https:\/\/www.msds-europe.com\/es\/","logo":{"@type":"ImageObject","inLanguage":"sk-SK","@id":"https:\/\/www.msds-europe.com\/es\/#\/schema\/logo\/image\/","url":"https:\/\/www.msds-europe.com\/wp-content\/uploads\/2021\/04\/msds-europe-logo.jpg","contentUrl":"https:\/\/www.msds-europe.com\/wp-content\/uploads\/2021\/04\/msds-europe-logo.jpg","width":2296,"height":1067,"caption":"MSDS-Europe International branch of ToxInfo"},"image":{"@id":"https:\/\/www.msds-europe.com\/es\/#\/schema\/logo\/image\/"},"sameAs":["https:\/\/www.facebook.com\/toxinfokft\/","https:\/\/x.com\/ToxInfoKft"]}]}},"_links":{"self":[{"href":"https:\/\/www.msds-europe.com\/sk\/wp-json\/wp\/v2\/pages\/34413","targetHints":{"allow":["GET"]}}],"collection":[{"href":"https:\/\/www.msds-europe.com\/sk\/wp-json\/wp\/v2\/pages"}],"about":[{"href":"https:\/\/www.msds-europe.com\/sk\/wp-json\/wp\/v2\/types\/page"}],"author":[{"embeddable":true,"href":"https:\/\/www.msds-europe.com\/sk\/wp-json\/wp\/v2\/users\/2"}],"replies":[{"embeddable":true,"href":"https:\/\/www.msds-europe.com\/sk\/wp-json\/wp\/v2\/comments?post=34413"}],"version-history":[{"count":5,"href":"https:\/\/www.msds-europe.com\/sk\/wp-json\/wp\/v2\/pages\/34413\/revisions"}],"predecessor-version":[{"id":37812,"href":"https:\/\/www.msds-europe.com\/sk\/wp-json\/wp\/v2\/pages\/34413\/revisions\/37812"}],"wp:attachment":[{"href":"https:\/\/www.msds-europe.com\/sk\/wp-json\/wp\/v2\/media?parent=34413"}],"wp:term":[{"taxonomy":"post_tag","embeddable":true,"href":"https:\/\/www.msds-europe.com\/sk\/wp-json\/wp\/v2\/tags?post=34413"}],"curies":[{"name":"wp","href":"https:\/\/api.w.org\/{rel}","templated":true}]}}