{"id":34377,"date":"2025-08-15T12:56:52","date_gmt":"2025-08-15T12:56:52","guid":{"rendered":"https:\/\/www.msds-europe.com\/?page_id=34377"},"modified":"2026-02-24T10:33:06","modified_gmt":"2026-02-24T10:33:06","slug":"doba-platnosti-karty-bezpecnostnych-udajov","status":"publish","type":"page","link":"https:\/\/www.msds-europe.com\/sk\/doba-platnosti-karty-bezpecnostnych-udajov\/","title":{"rendered":"Doba platnosti karty bezpe\u010dnostn\u00fdch \u00fadajov"},"content":{"rendered":"<p style=\"text-align: right;\"><em><a href=\"https:\/\/www.msds-europe.com\/sk\/uzitocne-zakladne-materialy-prirucky-pre-karty-bezpecnostnych-udajov\/\">Datab\u00e1za poznatkov o kart\u00e1ch bezpe\u010dnostn\u00fdch \u00fadajov<\/a> \u2013 Doba platnosti kariet bezpe\u010dnostn\u00fdch \u00fadajov<\/em><\/p>\n<p style=\"text-align: justify;\"><strong>Rev\u00edzia alebo aktualiz\u00e1cia KB\u00da je nevyhnutn\u00e1 na zabezpe\u010denie toho, aby inform\u00e1cie uveden\u00e9 v dokumente boli presn\u00e9 a aktu\u00e1lne.<\/strong><\/p>\n<p>&nbsp;<\/p>\n<ul>\n<li><a href=\"#validity\">Doba platnosti<\/a><\/li>\n<li><a href=\"#necessary\">Rev\u00edzia karty bezpe\u010dnostn\u00fdch \u00fadajov je nevyhnutn\u00e1<\/a><\/li>\n<li><a href=\"#rules\">Pravidl\u00e1 pre revidovan\u00e9 (aktualizovan\u00e9) karty bezpe\u010dnostn\u00fdch \u00fadajov<\/a><\/li>\n<li><a href=\"#responsible\">Zamestn\u00e1vatelia a v\u00fdrobcovia s\u00fa zodpovedn\u00ed<\/a><\/li>\n<li><a href=\"#conclusion\">Z\u00e1ver<\/a><\/li>\n<\/ul>\n<p>&nbsp;<\/p>\n<p><a name=\"validity\"><\/a><\/p>\n<h2 style=\"text-align: justify;\">Doba platnosti<\/h2>\n<p style=\"text-align: justify;\"><strong>Ako dlho mo\u017eno pova\u017eova\u0165 kartu bezpe\u010dnostn\u00fdch \u00fadajov za \u201eplatn\u00fa\u201c?<\/strong><\/p>\n<p style=\"text-align: justify;\">V E\u00da karty bezpe\u010dnostn\u00fdch \u00fadajov nemaj\u00fa \u201edobu platnosti\u201c ani \u201ed\u00e1tum exspir\u00e1cie\u201c.<\/p>\n<p style=\"text-align: justify;\">\u201ePlatnos\u0165\u201c (s\u00falad) <a href=\"https:\/\/www.msds-europe.com\/sk\/definicia-karty-bezpecnostnych-udajov\/\">karty bezpe\u010dnostn\u00fdch \u00fadajov<\/a> sa neur\u010duje pod\u013ea d\u00e1tumu vydania alebo d\u00e1tumu rev\u00edzie. Z\u00e1vis\u00ed od toho, \u010di je KB\u00da v s\u00falade s pr\u00edslu\u0161n\u00fdmi aktu\u00e1lne platn\u00fdmi predpismi.<\/p>\n<p style=\"text-align: justify;\">Po <strong>1. janu\u00e1ri 2021<\/strong> mus\u00ed by\u0165 ka\u017ed\u00e1 karta bezpe\u010dnostn\u00fdch \u00fadajov vydan\u00e1 alebo revidovan\u00e1 v s\u00falade s vecn\u00fdmi a form\u00e1lnymi po\u017eiadavkami <a href=\"https:\/\/www.msds-europe.com\/sk\/regulacne-zmeny-v-oblasti-chemickej-bezpecnosti\/\">nariadenia Komisie (E\u00da) 2020\/878<\/a>.<\/p>\n<p style=\"text-align: justify;\">To neznamen\u00e1, \u017ee \u201eplatn\u00e9\u201c s\u00fa iba karty bezpe\u010dnostn\u00fdch \u00fadajov s d\u00e1tumom rev\u00edzie <strong>1. janu\u00e1ra 2021<\/strong> alebo neskor\u0161\u00edm.<\/p>\n<p style=\"text-align: justify;\">Karty bezpe\u010dnostn\u00fdch \u00fadajov, ktor\u00e9 e\u0161te neboli zos\u00faladen\u00e9 s <strong>nariaden\u00edm (E\u00da) 2020\/878<\/strong> (a boli vypracovan\u00e9 pod\u013ea <strong>nariadenia (E\u00da) 2015\/830<\/strong>), bolo mo\u017en\u00e9 pou\u017e\u00edva\u0165 do <strong>31. decembra 2022<\/strong>.<\/p>\n<p style=\"text-align: right;\"><a href=\"https:\/\/www.msds-europe.com\/sk\/doba-platnosti-karty-bezpecnostnych-udajov\/\"><em>Stiahnute\u013en\u00e1 vzorka karty bezpe\u010dnostn\u00fdch \u00fadajov (E\u00da) 2020\/878<\/em><\/a><\/p>\n<p>&nbsp;<\/p>\n<p><a name=\"necessary\"><\/a><\/p>\n<h2 style=\"text-align: justify;\">Rev\u00edzia karty bezpe\u010dnostn\u00fdch \u00fadajov je nevyhnutn\u00e1<\/h2>\n<p style=\"text-align: justify;\"><a href=\"https:\/\/www.msds-europe.com\/sk\/karta-bezpecnostnych-udajov-revizie-aktualizacie\/\">Rev\u00edzia a aktualiz\u00e1cia kariet bezpe\u010dnostn\u00fdch \u00fadajov<\/a> nie je predp\u00edsan\u00e1 vopred (neexistuje po\u017eiadavka, aby sa karty revidovali ka\u017edoro\u010dne alebo ka\u017ed\u00e9 dva \u010di p\u00e4\u0165 rokov).<\/p>\n<p style=\"text-align: justify;\">Rev\u00edzia je potrebn\u00e1 v\u017edy, ke\u010f s\u00fa k dispoz\u00edcii nov\u00e9 relevantn\u00e9 inform\u00e1cie o v\u00fdrobku.<\/p>\n<p style=\"text-align: justify;\">Karta bezpe\u010dnostn\u00fdch \u00fadajov sa mus\u00ed bezodkladne revidova\u0165 v s\u00falade s \u010dl\u00e1nkom 31 ods. 9 nariadenia REACH, ak:<\/p>\n<ul>\n<li style=\"text-align: justify;\">s\u00fa k dispoz\u00edcii nov\u00e9 inform\u00e1cie, ktor\u00e9 m\u00f4\u017eu ovplyvni\u0165 opatrenia riadenia riz\u00edk,<\/li>\n<li style=\"text-align: justify;\">s\u00fa dostupn\u00e9 nov\u00e9 inform\u00e1cie o nebezpe\u010denstv\u00e1ch (napr. nov\u00e1 klasifik\u00e1cia pod\u013ea CLP),<\/li>\n<li style=\"text-align: justify;\">bolo udelen\u00e9 alebo zamietnut\u00e9 povolenie (zaradenie do pr\u00edlohy XIV nariadenia REACH ako l\u00e1tky podliehaj\u00facej povoleniu),<\/li>\n<li style=\"text-align: justify;\">bolo ulo\u017een\u00e9 obmedzenie l\u00e1tky (pr\u00edloha XVII).<\/li>\n<\/ul>\n<p>&nbsp;<\/p>\n<p><a name=\"rules\"><\/a><\/p>\n<h2 style=\"text-align: justify;\">Pravidl\u00e1 pre revidovan\u00e9 (aktualizovan\u00e9) karty bezpe\u010dnostn\u00fdch \u00fadajov<\/h2>\n<p style=\"text-align: justify;\">Revidovan\u00e1 karta bezpe\u010dnostn\u00fdch \u00fadajov mus\u00ed by\u0165 zaslan\u00e1 v\u0161etk\u00fdm pr\u00edjemcom, ktor\u00fdm bola l\u00e1tka alebo zmes dodan\u00e1 po\u010das predch\u00e1dzaj\u00facich <strong>12 mesiacov<\/strong>, bez vy\u017eiadania a bezplatne, v papierovej alebo elektronickej podobe. Revidovan\u00e1 karta mus\u00ed obsahova\u0165 d\u00e1tum poslednej aktualiz\u00e1cie.<\/p>\n<p style=\"text-align: justify;\">D\u00e1tum rev\u00edzie karty bezpe\u010dnostn\u00fdch \u00fadajov sa mus\u00ed uvies\u0165 na <a href=\"https:\/\/www.msds-europe.com\/sk\/doba-platnosti-karty-bezpecnostnych-udajov\/\">prvej strane<\/a>.<\/p>\n<p style=\"text-align: justify;\">Pri poskytovan\u00ed novej revidovanej verzie pr\u00edjemcom je potrebn\u00e9 upozorni\u0165 ich na zmeny uveden\u00e9 v oddiele 16 karty (ak nie s\u00fa uveden\u00e9 inde).<\/p>\n<p style=\"text-align: justify;\">Na prvej strane revidovanej karty mus\u00ed by\u0165 uveden\u00fd d\u00e1tum vypracovania ozna\u010den\u00fd ako \u201eRev\u00edzia: (d\u00e1tum)\u201c, ako aj \u010d\u00edslo verzie, \u010d\u00edslo rev\u00edzie, d\u00e1tum nahradenia alebo in\u00e1 inform\u00e1cia o tom, ktor\u00fa verziu dokument nahr\u00e1dza.<\/p>\n<p>&nbsp;<\/p>\n<p><a name=\"responsible\"><\/a><\/p>\n<h2>Zamestn\u00e1vatelia a v\u00fdrobcovia s\u00fa zodpovedn\u00ed<\/h2>\n<p style=\"text-align: justify;\">Zamestn\u00e1vatelia a v\u00fdrobcovia s\u00fa zodpovedn\u00ed za to, aby KB\u00da pre ich produkty bola aktu\u00e1lna a presn\u00e1. To zah\u0155\u0148a rev\u00edziu alebo aktualiz\u00e1ciu KB\u00da pod\u013ea potreby a poskytovanie zamestnancom najaktu\u00e1lnej\u0161\u00edch inform\u00e1ci\u00ed o nebezpe\u010denstv\u00e1ch s\u00favisiacich s v\u00fdrobkom. Nedodr\u017eanie v\u010dasnej aktualiz\u00e1cie KB\u00da m\u00f4\u017ee vies\u0165 k nes\u00faladu s pr\u00e1vnymi predpismi a k potenci\u00e1lnym rizik\u00e1m pre zamestnancov a spotrebite\u013eov.<\/p>\n<p>&nbsp;<\/p>\n<p><a name=\"conclusion\"><\/a><\/p>\n<h2>Z\u00e1ver<\/h2>\n<p style=\"text-align: justify;\">Rev\u00edzia alebo aktualiz\u00e1cia KB\u00da je k\u013e\u00fa\u010dov\u00fdm prvkom na zabezpe\u010denie bezpe\u010dnosti pracovn\u00edkov, spotrebite\u013eov a \u017eivotn\u00e9ho prostredia. Zamestn\u00e1vatelia a v\u00fdrobcovia musia uprednost\u0148ova\u0165 bezpe\u010dnos\u0165 svojich zamestnancov a verejnosti t\u00fdm, \u017ee zabezpe\u010dia, aby ich v\u00fdrobky boli sprev\u00e1dzan\u00e9 presn\u00fdmi a aktu\u00e1lnymi KB\u00da, ktor\u00e9 sa reviduj\u00fa alebo aktualizuj\u00fa v\u017edy, ke\u010f s\u00fa dostupn\u00e9 nov\u00e9 relevantn\u00e9 inform\u00e1cie.<\/p>\n<p>&nbsp;<\/p>\n<p>&nbsp;<\/p>\n<h3 style=\"text-align: justify;\"><span style=\"color: #333333;\">Pon\u00fakan\u00e9 slu\u017eby<\/span><\/h3>\n<ul>\n<li style=\"text-align: justify;\"><a href=\"https:\/\/www.msds-europe.com\/sk\/karta-bezpecnostnych-udajov-revizie-aktualizacie\/\">Rev\u00edzia a aktualiz\u00e1cia kariet bezpe\u010dnostn\u00fdch \u00fadajov<\/a> pod\u013ea platn\u00fdch predpisov<\/li>\n<li><a href=\"https:\/\/www.msds-europe.com\/sk\/vytvorenie-navrhu-oznacenia\/\">Vypracovanie etikety<\/a><\/li>\n<\/ul>\n<p>&nbsp;<\/p>\n<h3><span style=\"color: #333333;\">Odpor\u00fa\u010dan\u00fd \u010dl\u00e1nok (\u010dl\u00e1nky)<\/span><\/h3>\n<ul>\n<li><a href=\"http:\/\/www.msds-europe.com\/conditions-under-which-a-safety-data-sheet-must-be-supplied\/\">Podmienky, za ktor\u00fdch sa mus\u00ed poskytn\u00fa\u0165 karta bezpe\u010dnostn\u00fdch \u00fadajov<\/a><\/li>\n<li><a href=\"https:\/\/www.msds-europe.com\/sk\/obsahov%c3%a9-a-form%c3%a1lne-prvky-karty-bezpe%c4%8dnostn%c3%bdch-%c3%badajov\/\">Obsahov\u00e9 a form\u00e1lne prvky karty bezpe\u010dnostn\u00fdch \u00fadajov<\/a><\/li>\n<\/ul>\n<p>&nbsp;<\/p>\n<h3><span style=\"color: #333333;\">\u010casto kladen\u00e9 ot\u00e1zky a odpovede<\/span><\/h3>\n<div class=\"su-spoiler su-spoiler-style-fancy su-spoiler-icon-chevron su-spoiler-closed\" data-scroll-offset=\"0\" data-anchor-in-url=\"no\"><div class=\"su-spoiler-title\" tabindex=\"0\" role=\"button\"><span class=\"su-spoiler-icon\"><\/span>Kedy sa mus\u00ed karta bezpe\u010dnostn\u00fdch \u00fadajov okam\u017eite aktualizova\u0165?<\/div><div class=\"su-spoiler-content su-u-clearfix su-u-trim\">\nAkon\u00e1hle s\u00fa dostupn\u00e9 nov\u00e9 inform\u00e1cie, ktor\u00e9 ovplyv\u0148uj\u00fa opatrenia riadenia riz\u00edk, klasifik\u00e1ciu nebezpe\u010dnosti alebo rozhodnutie o povolen\u00ed\/obmedzen\u00ed l\u00e1tky.<br \/>\n<\/div><\/div>\n<div class=\"su-spoiler su-spoiler-style-fancy su-spoiler-icon-chevron su-spoiler-closed\" data-scroll-offset=\"0\" data-anchor-in-url=\"no\"><div class=\"su-spoiler-title\" tabindex=\"0\" role=\"button\"><span class=\"su-spoiler-icon\"><\/span>\u010co rob\u00ed kartu bezpe\u010dnostn\u00fdch \u00fadajov \u201eplatnou\u201c, ak nem\u00e1 d\u00e1tum exspir\u00e1cie?<\/div><div class=\"su-spoiler-content su-u-clearfix su-u-trim\">\nJej obsah a form\u00e1t s\u00fa v s\u00falade s platnou legislat\u00edvou, aktu\u00e1lne s nariaden\u00edm (E\u00da) 2020\/878.<br \/>\n<\/div><\/div>\n<div class=\"su-spoiler su-spoiler-style-fancy su-spoiler-icon-chevron su-spoiler-closed\" data-scroll-offset=\"0\" data-anchor-in-url=\"no\"><div class=\"su-spoiler-title\" tabindex=\"0\" role=\"button\"><span class=\"su-spoiler-icon\"><\/span>Komu a v akom term\u00edne sa mus\u00ed zasla\u0165 aktualizovan\u00e1 karta bezpe\u010dnostn\u00fdch \u00fadajov?<\/div><div class=\"su-spoiler-content su-u-clearfix su-u-trim\">\nV\u0161etk\u00fdm pr\u00edjemcom, ktor\u00fdm bola l\u00e1tka alebo zmes dodan\u00e1 za posledn\u00fdch 12 mesiacov, bezplatne a bez vy\u017eiadania, v papierovej alebo elektronickej podobe.<br \/>\n<\/div><\/div>\n","protected":false},"excerpt":{"rendered":"<p>Datab\u00e1za poznatkov o kart\u00e1ch bezpe\u010dnostn\u00fdch \u00fadajov \u2013 Doba platnosti kariet bezpe\u010dnostn\u00fdch \u00fadajov Rev\u00edzia alebo aktualiz\u00e1cia KB\u00da je nevyhnutn\u00e1 na zabezpe\u010denie toho, aby inform\u00e1cie uveden\u00e9 v dokumente boli presn\u00e9 a aktu\u00e1lne. &nbsp; Doba platnosti Rev\u00edzia karty bezpe\u010dnostn\u00fdch \u00fadajov je nevyhnutn\u00e1 Pravidl\u00e1 pre revidovan\u00e9 (aktualizovan\u00e9) karty bezpe\u010dnostn\u00fdch \u00fadajov Zamestn\u00e1vatelia a v\u00fdrobcovia s\u00fa&#8230;<\/p>\n","protected":false},"author":2,"featured_media":0,"parent":0,"menu_order":0,"comment_status":"closed","ping_status":"closed","template":"","meta":{"_acf_changed":false,"footnotes":""},"tags":[264,362],"class_list":["post-34377","page","type-page","status-publish","hentry","tag-karta-bezpecnostnych-udajov-sk","tag-zakladna-vedomosti-pre-kartu-bezpecnostnych-udajov"],"acf":[],"yoast_head":"<!-- This site is optimized with the Yoast SEO plugin v27.2 - https:\/\/yoast.com\/product\/yoast-seo-wordpress\/ -->\n<title>Doba platnosti karty bezpe\u010dnostn\u00fdch \u00fadajov<\/title>\n<meta name=\"description\" content=\"Ak\u00e1 je doba platnosti karty bezpe\u010dnostn\u00fdch \u00fadajov? N\u00e1\u0161 odborn\u00edk odpoved\u00e1: v E\u00da neexistuje \u017eiadna doba platnosti, ale\u2026\" \/>\n<meta name=\"robots\" content=\"index, follow, max-snippet:-1, max-image-preview:large, max-video-preview:-1\" \/>\n<link rel=\"canonical\" href=\"https:\/\/www.msds-europe.com\/sk\/doba-platnosti-karty-bezpecnostnych-udajov\/\" \/>\n<meta property=\"og:locale\" content=\"sk_SK\" \/>\n<meta property=\"og:type\" content=\"article\" \/>\n<meta property=\"og:title\" content=\"Doba platnosti karty bezpe\u010dnostn\u00fdch \u00fadajov\" \/>\n<meta property=\"og:description\" content=\"Ak\u00e1 je doba platnosti karty bezpe\u010dnostn\u00fdch \u00fadajov? N\u00e1\u0161 odborn\u00edk odpoved\u00e1: v E\u00da neexistuje \u017eiadna doba platnosti, ale\u2026\" \/>\n<meta property=\"og:url\" content=\"https:\/\/www.msds-europe.com\/sk\/doba-platnosti-karty-bezpecnostnych-udajov\/\" \/>\n<meta property=\"og:site_name\" content=\"MSDS Europe\" \/>\n<meta property=\"article:publisher\" content=\"https:\/\/www.facebook.com\/toxinfokft\/\" \/>\n<meta property=\"article:modified_time\" content=\"2026-02-24T10:33:06+00:00\" \/>\n<meta name=\"twitter:card\" content=\"summary_large_image\" \/>\n<meta name=\"twitter:site\" content=\"@ToxInfoKft\" \/>\n<meta name=\"twitter:label1\" content=\"Predpokladan\u00fd \u010das \u010d\u00edtania\" \/>\n\t<meta name=\"twitter:data1\" content=\"3 min\u00faty\" \/>\n<script type=\"application\/ld+json\" class=\"yoast-schema-graph\">{\"@context\":\"https:\/\/schema.org\",\"@graph\":[{\"@type\":\"WebPage\",\"@id\":\"https:\/\/www.msds-europe.com\/sk\/doba-platnosti-karty-bezpecnostnych-udajov\/\",\"url\":\"https:\/\/www.msds-europe.com\/sk\/doba-platnosti-karty-bezpecnostnych-udajov\/\",\"name\":\"Doba platnosti karty bezpe\u010dnostn\u00fdch \u00fadajov\",\"isPartOf\":{\"@id\":\"https:\/\/www.msds-europe.com\/es\/#website\"},\"datePublished\":\"2025-08-15T12:56:52+00:00\",\"dateModified\":\"2026-02-24T10:33:06+00:00\",\"description\":\"Ak\u00e1 je doba platnosti karty bezpe\u010dnostn\u00fdch \u00fadajov? N\u00e1\u0161 odborn\u00edk odpoved\u00e1: v E\u00da neexistuje \u017eiadna doba platnosti, ale\u2026\",\"breadcrumb\":{\"@id\":\"https:\/\/www.msds-europe.com\/sk\/doba-platnosti-karty-bezpecnostnych-udajov\/#breadcrumb\"},\"inLanguage\":\"sk-SK\",\"potentialAction\":[{\"@type\":\"ReadAction\",\"target\":[\"https:\/\/www.msds-europe.com\/sk\/doba-platnosti-karty-bezpecnostnych-udajov\/\"]}]},{\"@type\":\"BreadcrumbList\",\"@id\":\"https:\/\/www.msds-europe.com\/sk\/doba-platnosti-karty-bezpecnostnych-udajov\/#breadcrumb\",\"itemListElement\":[{\"@type\":\"ListItem\",\"position\":1,\"name\":\"F\u0151oldal\",\"item\":\"https:\/\/www.msds-europe.com\/sk\/\"},{\"@type\":\"ListItem\",\"position\":2,\"name\":\"Doba platnosti karty bezpe\u010dnostn\u00fdch \u00fadajov\"}]},{\"@type\":\"WebSite\",\"@id\":\"https:\/\/www.msds-europe.com\/es\/#website\",\"url\":\"https:\/\/www.msds-europe.com\/es\/\",\"name\":\"MSDS Europe\",\"description\":\"\",\"publisher\":{\"@id\":\"https:\/\/www.msds-europe.com\/es\/#organization\"},\"potentialAction\":[{\"@type\":\"SearchAction\",\"target\":{\"@type\":\"EntryPoint\",\"urlTemplate\":\"https:\/\/www.msds-europe.com\/es\/?s={search_term_string}\"},\"query-input\":{\"@type\":\"PropertyValueSpecification\",\"valueRequired\":true,\"valueName\":\"search_term_string\"}}],\"inLanguage\":\"sk-SK\"},{\"@type\":\"Organization\",\"@id\":\"https:\/\/www.msds-europe.com\/es\/#organization\",\"name\":\"MSDS-Europe International branch of ToxInfo\",\"url\":\"https:\/\/www.msds-europe.com\/es\/\",\"logo\":{\"@type\":\"ImageObject\",\"inLanguage\":\"sk-SK\",\"@id\":\"https:\/\/www.msds-europe.com\/es\/#\/schema\/logo\/image\/\",\"url\":\"https:\/\/www.msds-europe.com\/wp-content\/uploads\/2021\/04\/msds-europe-logo.jpg\",\"contentUrl\":\"https:\/\/www.msds-europe.com\/wp-content\/uploads\/2021\/04\/msds-europe-logo.jpg\",\"width\":2296,\"height\":1067,\"caption\":\"MSDS-Europe International branch of ToxInfo\"},\"image\":{\"@id\":\"https:\/\/www.msds-europe.com\/es\/#\/schema\/logo\/image\/\"},\"sameAs\":[\"https:\/\/www.facebook.com\/toxinfokft\/\",\"https:\/\/x.com\/ToxInfoKft\"]}]}<\/script>\n<!-- \/ Yoast SEO plugin. -->","yoast_head_json":{"title":"Doba platnosti karty bezpe\u010dnostn\u00fdch \u00fadajov","description":"Ak\u00e1 je doba platnosti karty bezpe\u010dnostn\u00fdch \u00fadajov? N\u00e1\u0161 odborn\u00edk odpoved\u00e1: v E\u00da neexistuje \u017eiadna doba platnosti, ale\u2026","robots":{"index":"index","follow":"follow","max-snippet":"max-snippet:-1","max-image-preview":"max-image-preview:large","max-video-preview":"max-video-preview:-1"},"canonical":"https:\/\/www.msds-europe.com\/sk\/doba-platnosti-karty-bezpecnostnych-udajov\/","og_locale":"sk_SK","og_type":"article","og_title":"Doba platnosti karty bezpe\u010dnostn\u00fdch \u00fadajov","og_description":"Ak\u00e1 je doba platnosti karty bezpe\u010dnostn\u00fdch \u00fadajov? N\u00e1\u0161 odborn\u00edk odpoved\u00e1: v E\u00da neexistuje \u017eiadna doba platnosti, ale\u2026","og_url":"https:\/\/www.msds-europe.com\/sk\/doba-platnosti-karty-bezpecnostnych-udajov\/","og_site_name":"MSDS Europe","article_publisher":"https:\/\/www.facebook.com\/toxinfokft\/","article_modified_time":"2026-02-24T10:33:06+00:00","twitter_card":"summary_large_image","twitter_site":"@ToxInfoKft","twitter_misc":{"Predpokladan\u00fd \u010das \u010d\u00edtania":"3 min\u00faty"},"schema":{"@context":"https:\/\/schema.org","@graph":[{"@type":"WebPage","@id":"https:\/\/www.msds-europe.com\/sk\/doba-platnosti-karty-bezpecnostnych-udajov\/","url":"https:\/\/www.msds-europe.com\/sk\/doba-platnosti-karty-bezpecnostnych-udajov\/","name":"Doba platnosti karty bezpe\u010dnostn\u00fdch \u00fadajov","isPartOf":{"@id":"https:\/\/www.msds-europe.com\/es\/#website"},"datePublished":"2025-08-15T12:56:52+00:00","dateModified":"2026-02-24T10:33:06+00:00","description":"Ak\u00e1 je doba platnosti karty bezpe\u010dnostn\u00fdch \u00fadajov? N\u00e1\u0161 odborn\u00edk odpoved\u00e1: v E\u00da neexistuje \u017eiadna doba platnosti, ale\u2026","breadcrumb":{"@id":"https:\/\/www.msds-europe.com\/sk\/doba-platnosti-karty-bezpecnostnych-udajov\/#breadcrumb"},"inLanguage":"sk-SK","potentialAction":[{"@type":"ReadAction","target":["https:\/\/www.msds-europe.com\/sk\/doba-platnosti-karty-bezpecnostnych-udajov\/"]}]},{"@type":"BreadcrumbList","@id":"https:\/\/www.msds-europe.com\/sk\/doba-platnosti-karty-bezpecnostnych-udajov\/#breadcrumb","itemListElement":[{"@type":"ListItem","position":1,"name":"F\u0151oldal","item":"https:\/\/www.msds-europe.com\/sk\/"},{"@type":"ListItem","position":2,"name":"Doba platnosti karty bezpe\u010dnostn\u00fdch \u00fadajov"}]},{"@type":"WebSite","@id":"https:\/\/www.msds-europe.com\/es\/#website","url":"https:\/\/www.msds-europe.com\/es\/","name":"MSDS Europe","description":"","publisher":{"@id":"https:\/\/www.msds-europe.com\/es\/#organization"},"potentialAction":[{"@type":"SearchAction","target":{"@type":"EntryPoint","urlTemplate":"https:\/\/www.msds-europe.com\/es\/?s={search_term_string}"},"query-input":{"@type":"PropertyValueSpecification","valueRequired":true,"valueName":"search_term_string"}}],"inLanguage":"sk-SK"},{"@type":"Organization","@id":"https:\/\/www.msds-europe.com\/es\/#organization","name":"MSDS-Europe International branch of ToxInfo","url":"https:\/\/www.msds-europe.com\/es\/","logo":{"@type":"ImageObject","inLanguage":"sk-SK","@id":"https:\/\/www.msds-europe.com\/es\/#\/schema\/logo\/image\/","url":"https:\/\/www.msds-europe.com\/wp-content\/uploads\/2021\/04\/msds-europe-logo.jpg","contentUrl":"https:\/\/www.msds-europe.com\/wp-content\/uploads\/2021\/04\/msds-europe-logo.jpg","width":2296,"height":1067,"caption":"MSDS-Europe International branch of ToxInfo"},"image":{"@id":"https:\/\/www.msds-europe.com\/es\/#\/schema\/logo\/image\/"},"sameAs":["https:\/\/www.facebook.com\/toxinfokft\/","https:\/\/x.com\/ToxInfoKft"]}]}},"_links":{"self":[{"href":"https:\/\/www.msds-europe.com\/sk\/wp-json\/wp\/v2\/pages\/34377","targetHints":{"allow":["GET"]}}],"collection":[{"href":"https:\/\/www.msds-europe.com\/sk\/wp-json\/wp\/v2\/pages"}],"about":[{"href":"https:\/\/www.msds-europe.com\/sk\/wp-json\/wp\/v2\/types\/page"}],"author":[{"embeddable":true,"href":"https:\/\/www.msds-europe.com\/sk\/wp-json\/wp\/v2\/users\/2"}],"replies":[{"embeddable":true,"href":"https:\/\/www.msds-europe.com\/sk\/wp-json\/wp\/v2\/comments?post=34377"}],"version-history":[{"count":5,"href":"https:\/\/www.msds-europe.com\/sk\/wp-json\/wp\/v2\/pages\/34377\/revisions"}],"predecessor-version":[{"id":37650,"href":"https:\/\/www.msds-europe.com\/sk\/wp-json\/wp\/v2\/pages\/34377\/revisions\/37650"}],"wp:attachment":[{"href":"https:\/\/www.msds-europe.com\/sk\/wp-json\/wp\/v2\/media?parent=34377"}],"wp:term":[{"taxonomy":"post_tag","embeddable":true,"href":"https:\/\/www.msds-europe.com\/sk\/wp-json\/wp\/v2\/tags?post=34377"}],"curies":[{"name":"wp","href":"https:\/\/api.w.org\/{rel}","templated":true}]}}