{"id":34299,"date":"2025-08-15T11:22:18","date_gmt":"2025-08-15T11:22:18","guid":{"rendered":"https:\/\/www.msds-europe.com\/?page_id=34299"},"modified":"2026-02-24T11:30:26","modified_gmt":"2026-02-24T11:30:26","slug":"definicia-karty-bezpecnostnych-udajov","status":"publish","type":"page","link":"https:\/\/www.msds-europe.com\/sk\/definicia-karty-bezpecnostnych-udajov\/","title":{"rendered":"Defin\u00edcia karty bezpe\u010dnostn\u00fdch \u00fadajov"},"content":{"rendered":"<p style=\"text-align: right;\"><em><a href=\"https:\/\/www.msds-europe.com\/sk\/uzitocne-zakladne-materialy-prirucky-pre-karty-bezpecnostnych-udajov\/\">Datab\u00e1za vedomost\u00ed o kart\u00e1ch bezpe\u010dnostn\u00fdch \u00fadajov<\/a> \u2013 Defin\u00edcia karty bezpe\u010dnostn\u00fdch \u00fadajov<\/em><\/p>\n<p>&nbsp;<\/p>\n<p style=\"text-align: justify;\"><strong>Karta bezpe\u010dnostn\u00fdch \u00fadajov (KB\u00da; angl. SDS) je dokument, ktor\u00fd poskytuje komplexn\u00e9 inform\u00e1cie o zlo\u017een\u00ed, fyzik\u00e1lnych a chemick\u00fdch vlastnostiach, \u00fa\u010dinkoch na zdravie a dopadoch na \u017eivotn\u00e9 prostredie l\u00e1tky alebo zmesi. Obsahuje aj pokyny na bezpe\u010dn\u00e9 zaobch\u00e1dzanie, pou\u017e\u00edvanie, skladovanie a zne\u0161kod\u0148ovanie v\u00fdrobku.<\/strong><\/p>\n<p>&nbsp;<\/p>\n<ul>\n<li><a href=\"#definition-sds\">Defin\u00edcia karty bezpe\u010dnostn\u00fdch \u00fadajov<\/a><\/li>\n<li><a href=\"#purpose-Importance-sds\">\u00da\u010del a v\u00fdznam kariet bezpe\u010dnostn\u00fdch \u00fadajov<\/a><\/li>\n<li><a href=\"#SDS-content-format\">Obsah a form\u00e1t KB\u00da<\/a><\/li>\n<li><a href=\"#sections-SDS\">16 oddielov karty bezpe\u010dnostn\u00fdch \u00fadajov<\/a><\/li>\n<li><a href=\"#translation-sds\">Preklad karty bezpe\u010dnostn\u00fdch \u00fadajov<\/a><\/li>\n<li><a href=\"#revision-sds\">Rev\u00edzia a aktualiz\u00e1cia kariet bezpe\u010dnostn\u00fdch \u00fadajov<\/a><\/li>\n<li><a href=\"#compilation-sds\">Zostavenie a vypracovanie karty bezpe\u010dnostn\u00fdch \u00fadajov<\/a><\/li>\n<li><a href=\"#conclusion\">Z\u00e1ver<\/a><\/li>\n<\/ul>\n<p style=\"text-align: right;\"><a href=\"https:\/\/www.msds-europe.com\/sk\/ziadost-cenovu-ponuku-karta-bezpecnostnych-udajov\/\" class=\"su-button su-button-style-default\" style=\"color:#ffffff;background-color:#ef552d;border-color:#c04424;border-radius:6px\" target=\"_self\"><span style=\"color:#ffffff;padding:0px 18px;font-size:14px;line-height:28px;border-color:#f4886c;border-radius:6px;text-shadow:0px 0px 2px #ffffff\"> Op\u00fdtajte sa n\u00e1\u0161ho experta na chemick\u00fa bezpe\u010dnos\u0165!<\/span><\/a>\n<p><a name=\"definition-sds\"><\/a><\/p>\n<h2>Defin\u00edcia karty bezpe\u010dnostn\u00fdch \u00fadajov<\/h2>\n<p style=\"text-align: justify;\">Karta bezpe\u010dnostn\u00fdch \u00fadajov (KB\u00da; angl. SDS) je dokument, ktor\u00fd poskytuje komplexn\u00e9 inform\u00e1cie o zlo\u017een\u00ed, fyzik\u00e1lnych a chemick\u00fdch vlastnostiach, \u00fa\u010dinkoch na zdravie a dopadoch na \u017eivotn\u00e9 prostredie l\u00e1tky alebo zmesi. Obsahuje aj pokyny na bezpe\u010dn\u00e9 zaobch\u00e1dzanie, pou\u017e\u00edvanie, skladovanie a zne\u0161kod\u0148ovanie v\u00fdrobku.<\/p>\n<p style=\"text-align: justify;\">\u00da\u010delom KB\u00da je poskytn\u00fa\u0165 pracovn\u00edkom a zamestn\u00e1vate\u013eom potrebn\u00e9 inform\u00e1cie na bezpe\u010dn\u00e9 zaobch\u00e1dzanie, pou\u017e\u00edvanie a zne\u0161kod\u0148ovanie l\u00e1tky alebo zmesi. V mnoh\u00fdch pr\u00edpadoch je poskytnutie KB\u00da pre ur\u010dit\u00e9 v\u00fdrobky z\u00e1konnou povinnos\u0165ou.<\/p>\n<p style=\"text-align: justify;\">Obsah a form\u00e1t KB\u00da s\u00fa ur\u010den\u00e9 pr\u00e1vnymi predpismi (v E\u00da najm\u00e4 nariaden\u00edm REACH a jeho pr\u00edlohou II). <a href=\"https:\/\/www.msds-europe.com\/sk\/regulacne-zmeny-v-oblasti-chemickej-bezpecnosti\/\">Po\u017eiadavky sa priebe\u017ene menia a aktualizuj\u00fa<\/a>, aby sa zabezpe\u010dila jednotnos\u0165 a odborn\u00e1 spr\u00e1vnos\u0165.<\/p>\n<p>&nbsp;<\/p>\n<p><a name=\"purpose-Importance-sds\"><\/a><\/p>\n<h3>\u00da\u010del a v\u00fdznam kariet bezpe\u010dnostn\u00fdch \u00fadajov<\/h3>\n<p style=\"text-align: justify;\">Hlavn\u00fdm \u00fa\u010delom KB\u00da je poskytn\u00fa\u0165 pracovn\u00edkom a zamestn\u00e1vate\u013eom inform\u00e1cie potrebn\u00e9 na bezpe\u010dn\u00e9 zaobch\u00e1dzanie, pou\u017e\u00edvanie a zne\u0161kod\u0148ovanie l\u00e1tky alebo zmesi. Zah\u0155\u0148a to identifik\u00e1ciu nebezpe\u010denstiev a riz\u00edk spojen\u00fdch s v\u00fdrobkom a poskytuje pokyny, ako tieto rizik\u00e1 kontrolova\u0165 alebo zmier\u0148ova\u0165. KB\u00da sl\u00fa\u017ei aj ako d\u00f4le\u017eit\u00fd zdroj inform\u00e1ci\u00ed pre z\u00e1chrann\u00e9 zlo\u017eky v pr\u00edpade n\u00e1hodn\u00fdch \u00fanikov alebo expoz\u00edci\u00ed.<\/p>\n<p style=\"text-align: justify;\">V\u00fdznam KB\u00da spo\u010d\u00edva v tom, \u017ee poskytuje z\u00e1sadn\u00e9 inform\u00e1cie pre bezpe\u010dn\u00e9 pou\u017e\u00edvanie a manipul\u00e1ciu s l\u00e1tkami a zmesami. Tieto inform\u00e1cie pom\u00e1haj\u00fa chr\u00e1ni\u0165 pracovn\u00edkov, \u017eivotn\u00e9 prostredie a \u0161irok\u00fa verejnos\u0165 pred mo\u017en\u00fdm po\u0161koden\u00edm.<\/p>\n<p>&nbsp;<\/p>\n<p><a name=\"SDS-content-format\"><\/a><\/p>\n<h3>Obsah a form\u00e1t KB\u00da<\/h3>\n<p style=\"text-align: justify;\">Obsah a form\u00e1t KB\u00da s\u00fa regulovan\u00e9 s cie\u013eom zabezpe\u010di\u0165 jednotnos\u0165 a presnos\u0165. Eur\u00f3pska \u00fania napr\u00edklad vy\u017eaduje, aby KB\u00da obsahovala 16 oddielov pokr\u00fdvaj\u00facich \u0161pecifick\u00e9 inform\u00e1cie t\u00fdkaj\u00face sa l\u00e1tky alebo zmesi.<\/p>\n<p style=\"text-align: justify;\">Form\u00e1t KB\u00da by mal by\u0165 konzistentn\u00fd a \u013eahko \u010ditate\u013en\u00fd, s jasn\u00fdmi nadpismi a podnadpismi, ktor\u00e9 pou\u017e\u00edvate\u013eovi u\u013eah\u010duj\u00fa orient\u00e1ciu.<\/p>\n<p>&nbsp;<\/p>\n<p><a name=\"sections-SDS\"><\/a><\/p>\n<p><strong>16 oddielov karty bezpe\u010dnostn\u00fdch \u00fadajov<\/strong><\/p>\n<p>KB\u00da pozost\u00e1va zo 16 oddielov.<\/p>\n<p><em>Viac inform\u00e1ci\u00ed: <a href=\"https:\/\/www.msds-europe.com\/sk\/obsahov%c3%a9-a-form%c3%a1lne-prvky-karty-bezpe%c4%8dnostn%c3%bdch-%c3%badajov\/\">Obsahov\u00e9 a form\u00e1lne prvky karty bezpe\u010dnostn\u00fdch \u00fadajov pod\u013ea nariadenia (E\u00da) 2020\/878<\/a><\/em><\/p>\n<p>&nbsp;<\/p>\n<p><a name=\"translation-sds\"><\/a><\/p>\n<h3>Preklad karty bezpe\u010dnostn\u00fdch \u00fadajov<\/h3>\n<p style=\"text-align: justify;\"><a href=\"https:\/\/www.msds-europe.com\/sk\/sds-jazykove-poziadavky\/\">Ak sa v\u00fdrobok uv\u00e1dza na trh v krajine, kde sa pou\u017e\u00edva in\u00fd jazyk, KB\u00da m\u00f4\u017ee by\u0165 potrebn\u00e9 prelo\u017ei\u0165 do \u00faradn\u00e9ho jazyka cie\u013eovej krajiny<\/a>. Tento proces sa naz\u00fdva <a href=\"https:\/\/www.msds-europe.com\/sk\/preklad-karty-bezpecnostnych-udajov\/\">preklad karty bezpe\u010dnostn\u00fdch \u00fadajov<\/a>. Je d\u00f4le\u017eit\u00e9, aby prelo\u017een\u00e1 KB\u00da obsahovala rovnak\u00e9 inform\u00e1cie ako origin\u00e1l a sp\u013a\u0148ala legislat\u00edvne po\u017eiadavky danej krajiny.<\/p>\n<p>&nbsp;<\/p>\n<p><a name=\"revision-sds\"><\/a><\/p>\n<h3>Rev\u00edzia a aktualiz\u00e1cia kariet bezpe\u010dnostn\u00fdch \u00fadajov<\/h3>\n<p style=\"text-align: justify;\">Inform\u00e1cie v KB\u00da m\u00f4\u017eu vy\u017eadova\u0165 rev\u00edziu alebo aktualiz\u00e1ciu v d\u00f4sledku zmien v zlo\u017een\u00ed l\u00e1tky alebo zmesi, nov\u00fdch inform\u00e1ci\u00ed o nebezpe\u010dnosti alebo v d\u00f4sledku zmien legislat\u00edvnych po\u017eiadaviek. <a href=\"https:\/\/www.msds-europe.com\/sk\/karta-bezpecnostnych-udajov-revizie-aktualizacie\/\">Rev\u00edzia alebo aktualiz\u00e1cia KB\u00da<\/a> je d\u00f4le\u017eit\u00e1, aby sa zabezpe\u010dilo, \u017ee poskytovan\u00e9 inform\u00e1cie s\u00fa presn\u00e9 a aktu\u00e1lne.<\/p>\n<p>&nbsp;<\/p>\n<p><a name=\"compilation-sds\"><\/a><\/p>\n<h3>Zostavenie a vypracovanie karty bezpe\u010dnostn\u00fdch \u00fadajov<\/h3>\n<p style=\"text-align: justify;\"><a href=\"https:\/\/www.msds-europe.com\/sk\/zostavenie-a-vytvorenie-karty-bezpecnostnych-udajov\/\">Zostavenie a vypracovanie KB\u00da<\/a> je zlo\u017eit\u00fd proces, ktor\u00fd vy\u017eaduje podrobn\u00e9 poznanie l\u00e1tky alebo zmesi, jej vlastnost\u00ed a potenci\u00e1lnych nebezpe\u010denstiev. Tento proces zah\u0155\u0148a zhroma\u017e\u010fovanie a vyhodnocovanie \u00fadajov, klasifik\u00e1ciu l\u00e1tky alebo zmesi pod\u013ea pr\u00edslu\u0161n\u00fdch predpisov a usporiadanie inform\u00e1ci\u00ed do po\u017eadovan\u00fdch oddielov KB\u00da.<\/p>\n<p>&nbsp;<\/p>\n<p><a name=\"conclusion\"><\/a><\/p>\n<h2>Z\u00e1ver<\/h2>\n<p style=\"text-align: justify;\">Zhrnut\u00e9, KB\u00da je k\u013e\u00fa\u010dov\u00fd dokument, ktor\u00fd poskytuje z\u00e1sadn\u00e9 inform\u00e1cie o bezpe\u010dnej manipul\u00e1cii, pou\u017e\u00edvan\u00ed a zne\u0161kod\u0148ovan\u00ed l\u00e1tok a zmes\u00ed. Jej obsah je regulovan\u00fd, aby bola zabezpe\u010den\u00e1 zhoda s <a href=\"https:\/\/www.msds-europe.com\/sk\/regulacne-zmeny-v-oblasti-chemickej-bezpecnosti\/\">regula\u010dn\u00fdmi<\/a> po\u017eiadavkami a aby sa udr\u017eiavala bezpe\u010dnos\u0165 pou\u017e\u00edvate\u013eov, \u017eivotn\u00e9ho prostredia a pracoviska. Je d\u00f4le\u017eit\u00e9, aby pracovn\u00edci a zamestn\u00e1vatelia rozumeli inform\u00e1ci\u00e1m uveden\u00fdm v KB\u00da, aby chr\u00e1nili seba aj ostatn\u00fdch pred potenci\u00e1lnymi rizikami spojen\u00fdmi s v\u00fdrobkom.<\/p>\n<p>&nbsp;<\/p>\n<h4>Bezplatn\u00e1 online konzult\u00e1cia<\/h4>\n<p style=\"text-align: justify;\">Ak ste na na\u0161ej webovej str\u00e1nke nena\u0161li potrebn\u00e9 inform\u00e1cie, polo\u017ete svoje ot\u00e1zky t\u00fdkaj\u00face sa kariet bezpe\u010dnostn\u00fdch \u00fadajov priamo n\u00e1\u0161mu expertovi.<\/p>\n<p style=\"text-align: justify;\">Na zaslanie ot\u00e1zok pou\u017eite nasleduj\u00facu aplik\u00e1ciu na odosielanie spr\u00e1v:<\/p>\n<a href=\"https:\/\/www.msds-europe.com\/sk\/ziadost-cenovu-ponuku-karta-bezpecnostnych-udajov\/\" class=\"su-button su-button-style-default\" style=\"color:#ffffff;background-color:#ef552d;border-color:#c04424;border-radius:6px\" target=\"_self\"><span style=\"color:#ffffff;padding:0px 18px;font-size:14px;line-height:28px;border-color:#f4886c;border-radius:6px;text-shadow:0px 0px 2px #ffffff\"> Op\u00fdtajte sa n\u00e1\u0161ho experta na chemick\u00fa bezpe\u010dnos\u0165!<\/span><\/a>\n<p>&nbsp;<\/p>\n<h4 style=\"text-align: justify;\"><span style=\"color: #333333;\">Pon\u00fakan\u00e9 slu\u017eby<\/span><\/h4>\n<ul>\n<li style=\"text-align: justify;\"><a href=\"https:\/\/www.msds-europe.com\/sk\/preklad-karty-bezpecnostnych-udajov\/\">Preklad karty bezpe\u010dnostn\u00fdch \u00fadajov<\/a><\/li>\n<li style=\"text-align: justify;\"><a href=\"https:\/\/www.msds-europe.com\/sk\/karta-bezpecnostnych-udajov-revizie-aktualizacie\/\">Rev\u00edzia a aktualiz\u00e1cia kariet bezpe\u010dnostn\u00fdch \u00fadajov<\/a><\/li>\n<li style=\"text-align: justify;\"><a href=\"https:\/\/www.msds-europe.com\/sk\/zostavenie-a-vytvorenie-karty-bezpecnostnych-udajov\/\">Zostavenie a vypracovanie karty bezpe\u010dnostn\u00fdch \u00fadajov<\/a><\/li>\n<li style=\"text-align: justify;\"><a href=\"https:\/\/www.msds-europe.com\/sk\/vytvorenie-navrhu-oznacenia\/\">Vypracovanie n\u00e1vrhu etikety<\/a><\/li>\n<\/ul>\n<p>&nbsp;<\/p>\n<h4><span style=\"color: #333333;\">Odpor\u00fa\u010dan\u00e9 \u010dl\u00e1nky<\/span><\/h4>\n<ul>\n<li><a href=\"http:\/\/www.msds-europe.com\/conditions-under-which-a-safety-data-sheet-must-be-supplied\/\">Podmienky, za ktor\u00fdch sa mus\u00ed doda\u0165 karta bezpe\u010dnostn\u00fdch \u00fadajov<\/a><\/li>\n<li><a href=\"http:\/\/www.msds-europe.com\/safety-data-sheet-validity-period\/\">Doba platnosti karty bezpe\u010dnostn\u00fdch \u00fadajov<\/a><\/li>\n<li><a href=\"https:\/\/www.msds-europe.com\/sk\/obsahov%c3%a9-a-form%c3%a1lne-prvky-karty-bezpe%c4%8dnostn%c3%bdch-%c3%badajov\/\">Obsahov\u00e9 a form\u00e1lne prvky karty bezpe\u010dnostn\u00fdch \u00fadajov<\/a><\/li>\n<li style=\"text-align: justify;\">Pr\u00edprava kariet bezpe\u010dnostn\u00fdch \u00fadajov (SDS): <a href=\"https:\/\/www.msds-europe.com\/sk\/sds-priprava-uvod\/\">\u00davod a regula\u010dn\u00e9 pozadie<\/a> \u2013 <a href=\"https:\/\/www.msds-europe.com\/sk\/zodpovednosti-zostavenie-proces\/\">Zodpovednosti a proces zostavovania KB\u00da<\/a> \u2013 <a href=\"https:\/\/www.msds-europe.com\/sk\/sds-priprava-prvych-8-sekcii\/\">Prv\u00fdch 8 oddielov KB\u00da podrobne<\/a> \u2013 <a href=\"https:\/\/www.msds-europe.com\/sk\/sds-priprava-9-16-sekcii\/\">Zvy\u0161n\u00e9 oddiely KB\u00da (9\u201316)<\/a> \u2013 <a href=\"https:\/\/www.msds-europe.com\/sk\/sds-priprava-osvedcene-postupy\/\">\u0160peci\u00e1lne pr\u00edpady a osved\u010den\u00e9 postupy<\/a><\/li>\n<\/ul>\n<p>&nbsp;<\/p>\n<h4><span style=\"color: #333333;\">R\u00fdchle ot\u00e1zky a odpovede<\/span><\/h4>\n<div class=\"su-spoiler su-spoiler-style-fancy su-spoiler-icon-chevron su-spoiler-closed\" data-scroll-offset=\"0\" data-anchor-in-url=\"no\"><div class=\"su-spoiler-title\" tabindex=\"0\" role=\"button\"><span class=\"su-spoiler-icon\"><\/span>\u010co je karta bezpe\u010dnostn\u00fdch \u00fadajov (SDS)?<\/div><div class=\"su-spoiler-content su-u-clearfix su-u-trim\">\n<p style=\"text-align: justify;\">Dokument, ktor\u00fd poskytuje podrobn\u00e9 inform\u00e1cie o zlo\u017een\u00ed l\u00e1tky alebo zmesi, jej fyzik\u00e1lnych a chemick\u00fdch vlastnostiach, \u00fa\u010dinkoch na zdravie a \u017eivotn\u00e9 prostredie a pokyny na bezpe\u010dn\u00e9 zaobch\u00e1dzanie, pou\u017e\u00edvanie, skladovanie a zne\u0161kod\u0148ovanie.<\/p>\n<\/div><\/div>\n<div class=\"su-spoiler su-spoiler-style-fancy su-spoiler-icon-chevron su-spoiler-closed\" data-scroll-offset=\"0\" data-anchor-in-url=\"no\"><div class=\"su-spoiler-title\" tabindex=\"0\" role=\"button\"><span class=\"su-spoiler-icon\"><\/span>Ak\u00fd je \u00fa\u010del KB\u00da na pracovisku a v n\u00fadzov\u00fdch situ\u00e1ci\u00e1ch?<\/div><div class=\"su-spoiler-content su-u-clearfix su-u-trim\">\n<p style=\"text-align: justify;\">Poskytuje pracovn\u00edkom a zamestn\u00e1vate\u013eom inform\u00e1cie potrebn\u00e9 na bezpe\u010dn\u00e9 zaobch\u00e1dzanie, pou\u017e\u00edvanie a zne\u0161kod\u0148ovanie a sl\u00fa\u017ei ako zdroj inform\u00e1ci\u00ed pre zasahuj\u00face zlo\u017eky v pr\u00edpade n\u00fadze.<\/p>\n<\/div><\/div>\n<div class=\"su-spoiler su-spoiler-style-fancy su-spoiler-icon-chevron su-spoiler-closed\" data-scroll-offset=\"0\" data-anchor-in-url=\"no\"><div class=\"su-spoiler-title\" tabindex=\"0\" role=\"button\"><span class=\"su-spoiler-icon\"><\/span>Je KB\u00da pr\u00e1vne regulovan\u00e1 a ko\u013eko oddielov m\u00e1 v E\u00da?<\/div><div class=\"su-spoiler-content su-u-clearfix su-u-trim\">\n<p style=\"text-align: justify;\">V mnoh\u00fdch pr\u00edpadoch je KB\u00da z\u00e1konnou po\u017eiadavkou pre ur\u010dit\u00e9 v\u00fdrobky a v E\u00da mus\u00ed by\u0165 poskytovan\u00e1 v \u0161tandardizovanom form\u00e1te obsahuj\u00facom 16 oddielov.<\/p>\n<\/div><\/div>\n<div class=\"su-spoiler su-spoiler-style-fancy su-spoiler-icon-chevron su-spoiler-closed\" data-scroll-offset=\"0\" data-anchor-in-url=\"no\"><div class=\"su-spoiler-title\" tabindex=\"0\" role=\"button\"><span class=\"su-spoiler-icon\"><\/span>Kedy mus\u00ed by\u0165 KB\u00da prelo\u017een\u00e1 alebo aktualizovan\u00e1?<\/div><div class=\"su-spoiler-content su-u-clearfix su-u-trim\">\n<p style=\"text-align: justify;\">Mus\u00ed by\u0165 prelo\u017een\u00e1 do \u00faradn\u00e9ho jazyka ka\u017edej krajiny, kde sa v\u00fdrobok uv\u00e1dza na trh, a aktualizovan\u00e1 v\u017edy, ke\u010f sa zmen\u00ed zlo\u017eenie alebo pr\u00edslu\u0161n\u00e9 legislat\u00edvne po\u017eiadavky, pr\u00edpadne sa objavia nov\u00e9 relevantn\u00e9 inform\u00e1cie o nebezpe\u010dnosti.<\/p>\n<\/div><\/div>\n","protected":false},"excerpt":{"rendered":"<p>Datab\u00e1za vedomost\u00ed o kart\u00e1ch bezpe\u010dnostn\u00fdch \u00fadajov \u2013 Defin\u00edcia karty bezpe\u010dnostn\u00fdch \u00fadajov &nbsp; Karta bezpe\u010dnostn\u00fdch \u00fadajov (KB\u00da; angl. SDS) je dokument, ktor\u00fd poskytuje komplexn\u00e9 inform\u00e1cie o zlo\u017een\u00ed, fyzik\u00e1lnych a chemick\u00fdch vlastnostiach, \u00fa\u010dinkoch na zdravie a dopadoch na \u017eivotn\u00e9 prostredie l\u00e1tky alebo zmesi. Obsahuje aj pokyny na bezpe\u010dn\u00e9 zaobch\u00e1dzanie, pou\u017e\u00edvanie, skladovanie a&#8230;<\/p>\n","protected":false},"author":2,"featured_media":0,"parent":0,"menu_order":0,"comment_status":"closed","ping_status":"closed","template":"","meta":{"_acf_changed":false,"footnotes":""},"tags":[264,362],"class_list":["post-34299","page","type-page","status-publish","hentry","tag-karta-bezpecnostnych-udajov-sk","tag-zakladna-vedomosti-pre-kartu-bezpecnostnych-udajov"],"acf":[],"yoast_head":"<!-- This site is optimized with the Yoast SEO plugin v27.2 - https:\/\/yoast.com\/product\/yoast-seo-wordpress\/ -->\n<title>Defin\u00edcia karty bezpe\u010dnostn\u00fdch \u00fadajov<\/title>\n<meta name=\"description\" content=\"Presn\u00e1 defin\u00edcia karty bezpe\u010dnostn\u00fdch \u00fadajov. Defin\u00edcia SDS v \u0161ir\u0161om zmysle zah\u0155\u0148a aj po\u017eiadavky na formu a obsah.\" \/>\n<meta name=\"robots\" content=\"index, follow, max-snippet:-1, max-image-preview:large, max-video-preview:-1\" \/>\n<link rel=\"canonical\" href=\"https:\/\/www.msds-europe.com\/sk\/definicia-karty-bezpecnostnych-udajov\/\" \/>\n<meta property=\"og:locale\" content=\"sk_SK\" \/>\n<meta property=\"og:type\" content=\"article\" \/>\n<meta property=\"og:title\" content=\"Defin\u00edcia karty bezpe\u010dnostn\u00fdch \u00fadajov\" \/>\n<meta property=\"og:description\" content=\"Presn\u00e1 defin\u00edcia karty bezpe\u010dnostn\u00fdch \u00fadajov. Defin\u00edcia SDS v \u0161ir\u0161om zmysle zah\u0155\u0148a aj po\u017eiadavky na formu a obsah.\" \/>\n<meta property=\"og:url\" content=\"https:\/\/www.msds-europe.com\/sk\/definicia-karty-bezpecnostnych-udajov\/\" \/>\n<meta property=\"og:site_name\" content=\"MSDS Europe\" \/>\n<meta property=\"article:publisher\" content=\"https:\/\/www.facebook.com\/toxinfokft\/\" \/>\n<meta property=\"article:modified_time\" content=\"2026-02-24T11:30:26+00:00\" \/>\n<meta name=\"twitter:card\" content=\"summary_large_image\" \/>\n<meta name=\"twitter:site\" content=\"@ToxInfoKft\" \/>\n<meta name=\"twitter:label1\" content=\"Predpokladan\u00fd \u010das \u010d\u00edtania\" \/>\n\t<meta name=\"twitter:data1\" content=\"4 min\u00faty\" \/>\n<script type=\"application\/ld+json\" class=\"yoast-schema-graph\">{\"@context\":\"https:\/\/schema.org\",\"@graph\":[{\"@type\":\"WebPage\",\"@id\":\"https:\/\/www.msds-europe.com\/sk\/definicia-karty-bezpecnostnych-udajov\/\",\"url\":\"https:\/\/www.msds-europe.com\/sk\/definicia-karty-bezpecnostnych-udajov\/\",\"name\":\"Defin\u00edcia karty bezpe\u010dnostn\u00fdch \u00fadajov\",\"isPartOf\":{\"@id\":\"https:\/\/www.msds-europe.com\/es\/#website\"},\"datePublished\":\"2025-08-15T11:22:18+00:00\",\"dateModified\":\"2026-02-24T11:30:26+00:00\",\"description\":\"Presn\u00e1 defin\u00edcia karty bezpe\u010dnostn\u00fdch \u00fadajov. Defin\u00edcia SDS v \u0161ir\u0161om zmysle zah\u0155\u0148a aj po\u017eiadavky na formu a obsah.\",\"breadcrumb\":{\"@id\":\"https:\/\/www.msds-europe.com\/sk\/definicia-karty-bezpecnostnych-udajov\/#breadcrumb\"},\"inLanguage\":\"sk-SK\",\"potentialAction\":[{\"@type\":\"ReadAction\",\"target\":[\"https:\/\/www.msds-europe.com\/sk\/definicia-karty-bezpecnostnych-udajov\/\"]}]},{\"@type\":\"BreadcrumbList\",\"@id\":\"https:\/\/www.msds-europe.com\/sk\/definicia-karty-bezpecnostnych-udajov\/#breadcrumb\",\"itemListElement\":[{\"@type\":\"ListItem\",\"position\":1,\"name\":\"F\u0151oldal\",\"item\":\"https:\/\/www.msds-europe.com\/sk\/\"},{\"@type\":\"ListItem\",\"position\":2,\"name\":\"Defin\u00edcia karty bezpe\u010dnostn\u00fdch \u00fadajov\"}]},{\"@type\":\"WebSite\",\"@id\":\"https:\/\/www.msds-europe.com\/es\/#website\",\"url\":\"https:\/\/www.msds-europe.com\/es\/\",\"name\":\"MSDS Europe\",\"description\":\"\",\"publisher\":{\"@id\":\"https:\/\/www.msds-europe.com\/es\/#organization\"},\"potentialAction\":[{\"@type\":\"SearchAction\",\"target\":{\"@type\":\"EntryPoint\",\"urlTemplate\":\"https:\/\/www.msds-europe.com\/es\/?s={search_term_string}\"},\"query-input\":{\"@type\":\"PropertyValueSpecification\",\"valueRequired\":true,\"valueName\":\"search_term_string\"}}],\"inLanguage\":\"sk-SK\"},{\"@type\":\"Organization\",\"@id\":\"https:\/\/www.msds-europe.com\/es\/#organization\",\"name\":\"MSDS-Europe International branch of ToxInfo\",\"url\":\"https:\/\/www.msds-europe.com\/es\/\",\"logo\":{\"@type\":\"ImageObject\",\"inLanguage\":\"sk-SK\",\"@id\":\"https:\/\/www.msds-europe.com\/es\/#\/schema\/logo\/image\/\",\"url\":\"https:\/\/www.msds-europe.com\/wp-content\/uploads\/2021\/04\/msds-europe-logo.jpg\",\"contentUrl\":\"https:\/\/www.msds-europe.com\/wp-content\/uploads\/2021\/04\/msds-europe-logo.jpg\",\"width\":2296,\"height\":1067,\"caption\":\"MSDS-Europe International branch of ToxInfo\"},\"image\":{\"@id\":\"https:\/\/www.msds-europe.com\/es\/#\/schema\/logo\/image\/\"},\"sameAs\":[\"https:\/\/www.facebook.com\/toxinfokft\/\",\"https:\/\/x.com\/ToxInfoKft\"]}]}<\/script>\n<!-- \/ Yoast SEO plugin. -->","yoast_head_json":{"title":"Defin\u00edcia karty bezpe\u010dnostn\u00fdch \u00fadajov","description":"Presn\u00e1 defin\u00edcia karty bezpe\u010dnostn\u00fdch \u00fadajov. Defin\u00edcia SDS v \u0161ir\u0161om zmysle zah\u0155\u0148a aj po\u017eiadavky na formu a obsah.","robots":{"index":"index","follow":"follow","max-snippet":"max-snippet:-1","max-image-preview":"max-image-preview:large","max-video-preview":"max-video-preview:-1"},"canonical":"https:\/\/www.msds-europe.com\/sk\/definicia-karty-bezpecnostnych-udajov\/","og_locale":"sk_SK","og_type":"article","og_title":"Defin\u00edcia karty bezpe\u010dnostn\u00fdch \u00fadajov","og_description":"Presn\u00e1 defin\u00edcia karty bezpe\u010dnostn\u00fdch \u00fadajov. Defin\u00edcia SDS v \u0161ir\u0161om zmysle zah\u0155\u0148a aj po\u017eiadavky na formu a obsah.","og_url":"https:\/\/www.msds-europe.com\/sk\/definicia-karty-bezpecnostnych-udajov\/","og_site_name":"MSDS Europe","article_publisher":"https:\/\/www.facebook.com\/toxinfokft\/","article_modified_time":"2026-02-24T11:30:26+00:00","twitter_card":"summary_large_image","twitter_site":"@ToxInfoKft","twitter_misc":{"Predpokladan\u00fd \u010das \u010d\u00edtania":"4 min\u00faty"},"schema":{"@context":"https:\/\/schema.org","@graph":[{"@type":"WebPage","@id":"https:\/\/www.msds-europe.com\/sk\/definicia-karty-bezpecnostnych-udajov\/","url":"https:\/\/www.msds-europe.com\/sk\/definicia-karty-bezpecnostnych-udajov\/","name":"Defin\u00edcia karty bezpe\u010dnostn\u00fdch \u00fadajov","isPartOf":{"@id":"https:\/\/www.msds-europe.com\/es\/#website"},"datePublished":"2025-08-15T11:22:18+00:00","dateModified":"2026-02-24T11:30:26+00:00","description":"Presn\u00e1 defin\u00edcia karty bezpe\u010dnostn\u00fdch \u00fadajov. Defin\u00edcia SDS v \u0161ir\u0161om zmysle zah\u0155\u0148a aj po\u017eiadavky na formu a obsah.","breadcrumb":{"@id":"https:\/\/www.msds-europe.com\/sk\/definicia-karty-bezpecnostnych-udajov\/#breadcrumb"},"inLanguage":"sk-SK","potentialAction":[{"@type":"ReadAction","target":["https:\/\/www.msds-europe.com\/sk\/definicia-karty-bezpecnostnych-udajov\/"]}]},{"@type":"BreadcrumbList","@id":"https:\/\/www.msds-europe.com\/sk\/definicia-karty-bezpecnostnych-udajov\/#breadcrumb","itemListElement":[{"@type":"ListItem","position":1,"name":"F\u0151oldal","item":"https:\/\/www.msds-europe.com\/sk\/"},{"@type":"ListItem","position":2,"name":"Defin\u00edcia karty bezpe\u010dnostn\u00fdch \u00fadajov"}]},{"@type":"WebSite","@id":"https:\/\/www.msds-europe.com\/es\/#website","url":"https:\/\/www.msds-europe.com\/es\/","name":"MSDS Europe","description":"","publisher":{"@id":"https:\/\/www.msds-europe.com\/es\/#organization"},"potentialAction":[{"@type":"SearchAction","target":{"@type":"EntryPoint","urlTemplate":"https:\/\/www.msds-europe.com\/es\/?s={search_term_string}"},"query-input":{"@type":"PropertyValueSpecification","valueRequired":true,"valueName":"search_term_string"}}],"inLanguage":"sk-SK"},{"@type":"Organization","@id":"https:\/\/www.msds-europe.com\/es\/#organization","name":"MSDS-Europe International branch of ToxInfo","url":"https:\/\/www.msds-europe.com\/es\/","logo":{"@type":"ImageObject","inLanguage":"sk-SK","@id":"https:\/\/www.msds-europe.com\/es\/#\/schema\/logo\/image\/","url":"https:\/\/www.msds-europe.com\/wp-content\/uploads\/2021\/04\/msds-europe-logo.jpg","contentUrl":"https:\/\/www.msds-europe.com\/wp-content\/uploads\/2021\/04\/msds-europe-logo.jpg","width":2296,"height":1067,"caption":"MSDS-Europe International branch of ToxInfo"},"image":{"@id":"https:\/\/www.msds-europe.com\/es\/#\/schema\/logo\/image\/"},"sameAs":["https:\/\/www.facebook.com\/toxinfokft\/","https:\/\/x.com\/ToxInfoKft"]}]}},"_links":{"self":[{"href":"https:\/\/www.msds-europe.com\/sk\/wp-json\/wp\/v2\/pages\/34299","targetHints":{"allow":["GET"]}}],"collection":[{"href":"https:\/\/www.msds-europe.com\/sk\/wp-json\/wp\/v2\/pages"}],"about":[{"href":"https:\/\/www.msds-europe.com\/sk\/wp-json\/wp\/v2\/types\/page"}],"author":[{"embeddable":true,"href":"https:\/\/www.msds-europe.com\/sk\/wp-json\/wp\/v2\/users\/2"}],"replies":[{"embeddable":true,"href":"https:\/\/www.msds-europe.com\/sk\/wp-json\/wp\/v2\/comments?post=34299"}],"version-history":[{"count":5,"href":"https:\/\/www.msds-europe.com\/sk\/wp-json\/wp\/v2\/pages\/34299\/revisions"}],"predecessor-version":[{"id":37696,"href":"https:\/\/www.msds-europe.com\/sk\/wp-json\/wp\/v2\/pages\/34299\/revisions\/37696"}],"wp:attachment":[{"href":"https:\/\/www.msds-europe.com\/sk\/wp-json\/wp\/v2\/media?parent=34299"}],"wp:term":[{"taxonomy":"post_tag","embeddable":true,"href":"https:\/\/www.msds-europe.com\/sk\/wp-json\/wp\/v2\/tags?post=34299"}],"curies":[{"name":"wp","href":"https:\/\/api.w.org\/{rel}","templated":true}]}}