{"id":33892,"date":"2025-06-30T13:02:00","date_gmt":"2025-06-30T13:02:00","guid":{"rendered":"https:\/\/www.msds-europe.com\/?page_id=33892"},"modified":"2026-02-23T14:30:22","modified_gmt":"2026-02-23T14:30:22","slug":"prvky-oznacovania-karty-bezpecnostnych-udajov","status":"publish","type":"page","link":"https:\/\/www.msds-europe.com\/sk\/prvky-oznacovania-karty-bezpecnostnych-udajov\/","title":{"rendered":"Prvky ozna\u010dovania v oddiele 2.2 karty bezpe\u010dnostn\u00fdch \u00fadajov"},"content":{"rendered":"<p style=\"text-align: right;\"><em><a href=\"https:\/\/www.msds-europe.com\/sk\/uzitocne-zakladne-materialy-prirucky-pre-karty-bezpecnostnych-udajov\/\">Znalostn\u00e1 datab\u00e1za kariet bezpe\u010dnostn\u00fdch \u00fadajov<\/a> \u2013 Prvky ozna\u010dovania v oddiele 2.2 KB\u00da<\/em><\/p>\n<p>&nbsp;<\/p>\n<p style=\"text-align: justify;\">V s\u00falade s pr\u00edlohou II nariadenia (ES) \u010d. 1907\/2006 (REACH) v znen\u00ed nariadenia Komisie (E\u00da) 2020\/878 sa v oddiele 2.2 <strong>karty bezpe\u010dnostn\u00fdch \u00fadajov (KB\u00da; angl. SDS)<\/strong> uv\u00e1dzaj\u00fa tieto prvky ozna\u010dovania:<\/p>\n<ul>\n<li style=\"text-align: justify;\"><a href=\"https:\/\/www.msds-europe.com\/sk\/vystrazny-piktogram\/\">piktogramy nebezpe\u010denstva<\/a><\/li>\n<li style=\"text-align: justify;\">sign\u00e1lne slovo (ak je relevantn\u00e9)<\/li>\n<li style=\"text-align: justify;\"><a href=\"https:\/\/www.msds-europe.com\/sk\/vystrazne-upozornenie-h\/\">v\u00fdstra\u017en\u00e9 upozornenia (H-vety)<\/a> a <a href=\"https:\/\/www.msds-europe.com\/sk\/bezpecnostne-upozornenie-p\/\">bezpe\u010dnostn\u00e9 upozornenia (P-vety)<\/a><\/li>\n<li style=\"text-align: justify;\">dopl\u0148uj\u00face inform\u00e1cie (ak s\u00fa po\u017eadovan\u00e9)<\/li>\n<\/ul>\n<p style=\"text-align: justify;\">Farebn\u00e9 piktogramy pod\u013ea nariadenia (ES) \u010d. 1272\/2008 (CLP) mo\u017eno v KB\u00da nahradi\u0165 \u010diernobielym zobrazen\u00edm cel\u00e9ho piktogramu alebo iba symbolu.<\/p>\n<p style=\"text-align: justify;\">V\u00fdrazy ako \u201enetoxick\u00fd\u201c, \u201ene\u0161kodn\u00fd\u201c, \u201enezne\u010dis\u0165uj\u00faci\u201c, \u201eekologick\u00fd\u201c alebo in\u00e9 tvrdenia nazna\u010duj\u00face, \u017ee l\u00e1tka alebo zmes nie je nebezpe\u010dn\u00e1, pr\u00edpadne tvrdenia, ktor\u00e9 s\u00fa v rozpore s klasifik\u00e1ciou danej l\u00e1tky alebo zmesi, sa nesm\u00fa uv\u00e1dza\u0165 na etikete ani na obale \u017eiadnej l\u00e1tky alebo zmesi.<\/p>\n<p>&nbsp;<\/p>\n<h2 style=\"text-align: justify;\">Povinn\u00e9 prvky ozna\u010dovania na etikete pod\u013ea nariadenia CLP<\/h2>\n<p style=\"text-align: justify;\">Pod\u013ea \u010dl\u00e1nku 17 nariadenia (ES) \u010d. 1272\/2008 (CLP) mus\u00ed ma\u0165 l\u00e1tka alebo zmes klasifikovan\u00e1 ako nebezpe\u010dn\u00e1 a dod\u00e1van\u00e1 v obale etiketu obsahuj\u00facu tieto prvky:<\/p>\n<ol>\n<li style=\"text-align: justify;\">n\u00e1zov, adresa a telef\u00f3nne \u010d\u00edslo dod\u00e1vate\u013ea (dod\u00e1vate\u013eov)<\/li>\n<li style=\"text-align: justify;\">nomin\u00e1lne mno\u017estvo l\u00e1tky alebo zmesi v obale ur\u010denom pre \u0161irok\u00fa verejnos\u0165, ak nie je uveden\u00e9 inde na obale<\/li>\n<li style=\"text-align: justify;\">identifik\u00e1tor v\u00fdrobku (pri zmesiach aj identita t\u00fdch l\u00e1tok, ktor\u00e9 prispievaj\u00fa ku klasifik\u00e1cii zmesi na ak\u00fatnu toxicitu, \u017eieravos\u0165 ko\u017ee alebo v\u00e1\u017ene po\u0161kodenie o\u010d\u00ed, mutagenitu z\u00e1rodo\u010dn\u00fdch buniek, karcinogenitu, reproduk\u010dn\u00fa toxicitu, respira\u010dn\u00fa alebo ko\u017en\u00fa senzibiliz\u00e1ciu, \u0161pecifick\u00fa toxicitu pre cie\u013eov\u00fd org\u00e1n (STOT) alebo nebezpe\u010denstvo pri vd\u00fdchnut\u00ed)<\/li>\n<li style=\"text-align: justify;\">piktogramy nebezpe\u010denstva (ak s\u00fa relevantn\u00e9)<\/li>\n<li style=\"text-align: justify;\">sign\u00e1lne slovo (ak je relevantn\u00e9) \u2013 \u201eNebezpe\u010denstvo\u201c alebo \u201ePozor\u201c<\/li>\n<li style=\"text-align: justify;\">v\u00fdstra\u017en\u00e9 upozornenia (H-vety), ak s\u00fa relevantn\u00e9<\/li>\n<li style=\"text-align: justify;\">bezpe\u010dnostn\u00e9 upozornenia (P-vety), ak s\u00fa relevantn\u00e9<\/li>\n<li style=\"text-align: justify;\">dopl\u0148uj\u00face inform\u00e1cie (ak s\u00fa relevantn\u00e9)<\/li>\n<\/ol>\n<p>&nbsp;<\/p>\n<h2 style=\"text-align: justify;\">Dopl\u0148uj\u00face inform\u00e1cie<\/h2>\n<p style=\"text-align: justify;\">Prvky ozna\u010dovania vypl\u00fdvaj\u00face z po\u017eiadaviek in\u00fdch pr\u00e1vnych aktov E\u00da sa uv\u00e1dzaj\u00fa v \u010dasti dopl\u0148uj\u00facich inform\u00e1ci\u00ed na etikete.<\/p>\n<p>&nbsp;<\/p>\n<h2 style=\"text-align: justify;\">Jazyk etikety<\/h2>\n<p style=\"text-align: justify;\">Etiketa mus\u00ed by\u0165 vyhotoven\u00e1 v \u00faradnom jazyku (\u00faradn\u00fdch jazykoch) \u010dlensk\u00e9ho \u0161t\u00e1tu (\u010dlensk\u00fdch \u0161t\u00e1tov), v ktorom (ktor\u00fdch) sa l\u00e1tka alebo zmes uv\u00e1dza na trh, pokia\u013e dotknut\u00fd \u010dlensk\u00fd \u0161t\u00e1t nestanov\u00ed inak.<\/p>\n<p style=\"text-align: justify;\">Dod\u00e1vatelia m\u00f4\u017eu na etiket\u00e1ch pou\u017ei\u0165 viac jazykov, ne\u017e vy\u017eaduj\u00fa \u010dlensk\u00e9 \u0161t\u00e1ty, za predpokladu, \u017ee vo v\u0161etk\u00fdch jazykoch s\u00fa uveden\u00e9 rovnak\u00e9 \u00fadaje.<\/p>\n<p>&nbsp;<\/p>\n<h4 style=\"text-align: justify;\"><span style=\"color: #333333;\">Pon\u00fakan\u00e9 slu\u017eby<\/span><\/h4>\n<ul>\n<li style=\"text-align: justify;\"><a href=\"https:\/\/www.msds-europe.com\/sk\/vytvorenie-navrhu-oznacenia\/\">Vypracovanie n\u00e1vrhu etikety<\/a><\/li>\n<li style=\"text-align: justify;\"><a href=\"https:\/\/www.msds-europe.com\/sk\/preklad-karty-bezpecnostnych-udajov\/\">Preklad karty bezpe\u010dnostn\u00fdch \u00fadajov (KB\u00da)<\/a><\/li>\n<\/ul>\n<p>&nbsp;<\/p>\n<h4><span style=\"color: #333333;\">Odpor\u00fa\u010dan\u00fd \u010dl\u00e1nok<\/span><\/h4>\n<ul>\n<li><a href=\"https:\/\/www.msds-europe.com\/sk\/etiketa-clp\/\">Ozna\u010dovanie pod\u013ea CLP v praxi<\/a><\/li>\n<\/ul>\n<p>&nbsp;<\/p>\n<h3><span style=\"color: #333333;\">R\u00fdchle ot\u00e1zky a odpovede<\/span><\/h3>\n<div class=\"su-spoiler su-spoiler-style-fancy su-spoiler-icon-chevron su-spoiler-closed\" data-scroll-offset=\"0\" data-anchor-in-url=\"no\"><div class=\"su-spoiler-title\" tabindex=\"0\" role=\"button\"><span class=\"su-spoiler-icon\"><\/span>Ak\u00e9 prvky ozna\u010dovania musia by\u0165 uveden\u00e9 v oddiele 2.2 KB\u00da pod\u013ea nariadenia (E\u00da) 2020\/878?<\/div><div class=\"su-spoiler-content su-u-clearfix su-u-trim\">\n<p style=\"text-align: justify;\">Oddiel 2.2 mus\u00ed obsahova\u0165 pr\u00edslu\u0161n\u00e9 piktogramy nebezpe\u010denstva, sign\u00e1lne slovo, v\u00fdstra\u017en\u00e9 upozornenia (H-vety) a bezpe\u010dnostn\u00e9 upozornenia (P-vety), ako aj v\u0161etky po\u017eadovan\u00e9 dopl\u0148uj\u00face inform\u00e1cie.<\/p>\n<\/div><\/div>\n<div class=\"su-spoiler su-spoiler-style-fancy su-spoiler-icon-chevron su-spoiler-closed\" data-scroll-offset=\"0\" data-anchor-in-url=\"no\"><div class=\"su-spoiler-title\" tabindex=\"0\" role=\"button\"><span class=\"su-spoiler-icon\"><\/span>Je v KB\u00da pr\u00edpustn\u00e9 pou\u017e\u00edva\u0165 \u010diernobiele piktogramy nebezpe\u010denstva?<\/div><div class=\"su-spoiler-content su-u-clearfix su-u-trim\">\n<p style=\"text-align: justify;\">\u00c1no. V KB\u00da je mo\u017en\u00e9 zobrazi\u0165 piktogramy aj \u010diernobielo (alebo iba symbol). Na etikete obalu v\u0161ak musia by\u0165 piktogramy uveden\u00e9 v predp\u00edsanej forme pod\u013ea CLP.<\/p>\n<\/div><\/div>\n<div class=\"su-spoiler su-spoiler-style-fancy su-spoiler-icon-chevron su-spoiler-closed\" data-scroll-offset=\"0\" data-anchor-in-url=\"no\"><div class=\"su-spoiler-title\" tabindex=\"0\" role=\"button\"><span class=\"su-spoiler-icon\"><\/span>M\u00f4\u017ee etiketa nebezpe\u010dn\u00e9ho v\u00fdrobku tvrdi\u0165, \u017ee je \u201enetoxick\u00fd\u201c alebo \u201eeco-friendly\u201c?<\/div><div class=\"su-spoiler-content su-u-clearfix su-u-trim\">\n<p style=\"text-align: justify;\">Nie. Nariadenie CLP zakazuje formul\u00e1cie (napr. \u201enetoxick\u00fd\u201c, \u201ene\u0161kodn\u00fd\u201c, \u201eekologick\u00fd\u201c), ktor\u00e9 s\u00fa v rozpore so skuto\u010dnou klasifik\u00e1ciou nebezpe\u010dnosti v\u00fdrobku alebo nazna\u010duj\u00fa, \u017ee v\u00fdrobok nie je nebezpe\u010dn\u00fd.<\/p>\n<\/div><\/div>\n","protected":false},"excerpt":{"rendered":"<p>Znalostn\u00e1 datab\u00e1za kariet bezpe\u010dnostn\u00fdch \u00fadajov \u2013 Prvky ozna\u010dovania v oddiele 2.2 KB\u00da &nbsp; V s\u00falade s pr\u00edlohou II nariadenia (ES) \u010d. 1907\/2006 (REACH) v znen\u00ed nariadenia Komisie (E\u00da) 2020\/878 sa v oddiele 2.2 karty bezpe\u010dnostn\u00fdch \u00fadajov (KB\u00da; angl. SDS) uv\u00e1dzaj\u00fa tieto prvky ozna\u010dovania: piktogramy nebezpe\u010denstva sign\u00e1lne slovo (ak je relevantn\u00e9)&#8230;<\/p>\n","protected":false},"author":2,"featured_media":0,"parent":0,"menu_order":0,"comment_status":"closed","ping_status":"closed","template":"","meta":{"_acf_changed":false,"footnotes":""},"tags":[264,305,362],"class_list":["post-33892","page","type-page","status-publish","hentry","tag-karta-bezpecnostnych-udajov-sk","tag-oznacovanie-clp","tag-zakladna-vedomosti-pre-kartu-bezpecnostnych-udajov"],"acf":[],"yoast_head":"<!-- This site is optimized with the Yoast SEO plugin v27.2 - https:\/\/yoast.com\/product\/yoast-seo-wordpress\/ -->\n<title>Prvky ozna\u010dovania v oddiele 2.2 karty bezpe\u010dnostn\u00fdch \u00fadajov<\/title>\n<meta name=\"description\" content=\"\u010co mus\u00ed obsahova\u0165 oddiel 2.2 KB\u00da: piktogramy, sign\u00e1lne slovo, H- a P-vety a dopl\u0148uj\u00face inform\u00e1cie pod\u013ea CLP.\" \/>\n<meta name=\"robots\" content=\"index, follow, max-snippet:-1, max-image-preview:large, max-video-preview:-1\" \/>\n<link rel=\"canonical\" href=\"https:\/\/www.msds-europe.com\/sk\/prvky-oznacovania-karty-bezpecnostnych-udajov\/\" \/>\n<meta property=\"og:locale\" content=\"sk_SK\" \/>\n<meta property=\"og:type\" content=\"article\" \/>\n<meta property=\"og:title\" content=\"Prvky ozna\u010dovania v oddiele 2.2 karty bezpe\u010dnostn\u00fdch \u00fadajov\" \/>\n<meta property=\"og:description\" content=\"\u010co mus\u00ed obsahova\u0165 oddiel 2.2 KB\u00da: piktogramy, sign\u00e1lne slovo, H- a P-vety a dopl\u0148uj\u00face inform\u00e1cie pod\u013ea CLP.\" \/>\n<meta property=\"og:url\" content=\"https:\/\/www.msds-europe.com\/sk\/prvky-oznacovania-karty-bezpecnostnych-udajov\/\" \/>\n<meta property=\"og:site_name\" content=\"MSDS Europe\" \/>\n<meta property=\"article:publisher\" content=\"https:\/\/www.facebook.com\/toxinfokft\/\" \/>\n<meta property=\"article:modified_time\" content=\"2026-02-23T14:30:22+00:00\" \/>\n<meta name=\"twitter:card\" content=\"summary_large_image\" \/>\n<meta name=\"twitter:site\" content=\"@ToxInfoKft\" \/>\n<meta name=\"twitter:label1\" content=\"Predpokladan\u00fd \u010das \u010d\u00edtania\" \/>\n\t<meta name=\"twitter:data1\" content=\"3 min\u00faty\" \/>\n<script type=\"application\/ld+json\" class=\"yoast-schema-graph\">{\"@context\":\"https:\/\/schema.org\",\"@graph\":[{\"@type\":\"WebPage\",\"@id\":\"https:\/\/www.msds-europe.com\/sk\/prvky-oznacovania-karty-bezpecnostnych-udajov\/\",\"url\":\"https:\/\/www.msds-europe.com\/sk\/prvky-oznacovania-karty-bezpecnostnych-udajov\/\",\"name\":\"Prvky ozna\u010dovania v oddiele 2.2 karty bezpe\u010dnostn\u00fdch \u00fadajov\",\"isPartOf\":{\"@id\":\"https:\/\/www.msds-europe.com\/es\/#website\"},\"datePublished\":\"2025-06-30T13:02:00+00:00\",\"dateModified\":\"2026-02-23T14:30:22+00:00\",\"description\":\"\u010co mus\u00ed obsahova\u0165 oddiel 2.2 KB\u00da: piktogramy, sign\u00e1lne slovo, H- a P-vety a dopl\u0148uj\u00face inform\u00e1cie pod\u013ea CLP.\",\"breadcrumb\":{\"@id\":\"https:\/\/www.msds-europe.com\/sk\/prvky-oznacovania-karty-bezpecnostnych-udajov\/#breadcrumb\"},\"inLanguage\":\"sk-SK\",\"potentialAction\":[{\"@type\":\"ReadAction\",\"target\":[\"https:\/\/www.msds-europe.com\/sk\/prvky-oznacovania-karty-bezpecnostnych-udajov\/\"]}]},{\"@type\":\"BreadcrumbList\",\"@id\":\"https:\/\/www.msds-europe.com\/sk\/prvky-oznacovania-karty-bezpecnostnych-udajov\/#breadcrumb\",\"itemListElement\":[{\"@type\":\"ListItem\",\"position\":1,\"name\":\"F\u0151oldal\",\"item\":\"https:\/\/www.msds-europe.com\/sk\/\"},{\"@type\":\"ListItem\",\"position\":2,\"name\":\"Prvky ozna\u010dovania v oddiele 2.2 karty bezpe\u010dnostn\u00fdch \u00fadajov\"}]},{\"@type\":\"WebSite\",\"@id\":\"https:\/\/www.msds-europe.com\/es\/#website\",\"url\":\"https:\/\/www.msds-europe.com\/es\/\",\"name\":\"MSDS Europe\",\"description\":\"\",\"publisher\":{\"@id\":\"https:\/\/www.msds-europe.com\/es\/#organization\"},\"potentialAction\":[{\"@type\":\"SearchAction\",\"target\":{\"@type\":\"EntryPoint\",\"urlTemplate\":\"https:\/\/www.msds-europe.com\/es\/?s={search_term_string}\"},\"query-input\":{\"@type\":\"PropertyValueSpecification\",\"valueRequired\":true,\"valueName\":\"search_term_string\"}}],\"inLanguage\":\"sk-SK\"},{\"@type\":\"Organization\",\"@id\":\"https:\/\/www.msds-europe.com\/es\/#organization\",\"name\":\"MSDS-Europe International branch of ToxInfo\",\"url\":\"https:\/\/www.msds-europe.com\/es\/\",\"logo\":{\"@type\":\"ImageObject\",\"inLanguage\":\"sk-SK\",\"@id\":\"https:\/\/www.msds-europe.com\/es\/#\/schema\/logo\/image\/\",\"url\":\"https:\/\/www.msds-europe.com\/wp-content\/uploads\/2021\/04\/msds-europe-logo.jpg\",\"contentUrl\":\"https:\/\/www.msds-europe.com\/wp-content\/uploads\/2021\/04\/msds-europe-logo.jpg\",\"width\":2296,\"height\":1067,\"caption\":\"MSDS-Europe International branch of ToxInfo\"},\"image\":{\"@id\":\"https:\/\/www.msds-europe.com\/es\/#\/schema\/logo\/image\/\"},\"sameAs\":[\"https:\/\/www.facebook.com\/toxinfokft\/\",\"https:\/\/x.com\/ToxInfoKft\"]}]}<\/script>\n<!-- \/ Yoast SEO plugin. -->","yoast_head_json":{"title":"Prvky ozna\u010dovania v oddiele 2.2 karty bezpe\u010dnostn\u00fdch \u00fadajov","description":"\u010co mus\u00ed obsahova\u0165 oddiel 2.2 KB\u00da: piktogramy, sign\u00e1lne slovo, H- a P-vety a dopl\u0148uj\u00face inform\u00e1cie pod\u013ea CLP.","robots":{"index":"index","follow":"follow","max-snippet":"max-snippet:-1","max-image-preview":"max-image-preview:large","max-video-preview":"max-video-preview:-1"},"canonical":"https:\/\/www.msds-europe.com\/sk\/prvky-oznacovania-karty-bezpecnostnych-udajov\/","og_locale":"sk_SK","og_type":"article","og_title":"Prvky ozna\u010dovania v oddiele 2.2 karty bezpe\u010dnostn\u00fdch \u00fadajov","og_description":"\u010co mus\u00ed obsahova\u0165 oddiel 2.2 KB\u00da: piktogramy, sign\u00e1lne slovo, H- a P-vety a dopl\u0148uj\u00face inform\u00e1cie pod\u013ea CLP.","og_url":"https:\/\/www.msds-europe.com\/sk\/prvky-oznacovania-karty-bezpecnostnych-udajov\/","og_site_name":"MSDS Europe","article_publisher":"https:\/\/www.facebook.com\/toxinfokft\/","article_modified_time":"2026-02-23T14:30:22+00:00","twitter_card":"summary_large_image","twitter_site":"@ToxInfoKft","twitter_misc":{"Predpokladan\u00fd \u010das \u010d\u00edtania":"3 min\u00faty"},"schema":{"@context":"https:\/\/schema.org","@graph":[{"@type":"WebPage","@id":"https:\/\/www.msds-europe.com\/sk\/prvky-oznacovania-karty-bezpecnostnych-udajov\/","url":"https:\/\/www.msds-europe.com\/sk\/prvky-oznacovania-karty-bezpecnostnych-udajov\/","name":"Prvky ozna\u010dovania v oddiele 2.2 karty bezpe\u010dnostn\u00fdch \u00fadajov","isPartOf":{"@id":"https:\/\/www.msds-europe.com\/es\/#website"},"datePublished":"2025-06-30T13:02:00+00:00","dateModified":"2026-02-23T14:30:22+00:00","description":"\u010co mus\u00ed obsahova\u0165 oddiel 2.2 KB\u00da: piktogramy, sign\u00e1lne slovo, H- a P-vety a dopl\u0148uj\u00face inform\u00e1cie pod\u013ea CLP.","breadcrumb":{"@id":"https:\/\/www.msds-europe.com\/sk\/prvky-oznacovania-karty-bezpecnostnych-udajov\/#breadcrumb"},"inLanguage":"sk-SK","potentialAction":[{"@type":"ReadAction","target":["https:\/\/www.msds-europe.com\/sk\/prvky-oznacovania-karty-bezpecnostnych-udajov\/"]}]},{"@type":"BreadcrumbList","@id":"https:\/\/www.msds-europe.com\/sk\/prvky-oznacovania-karty-bezpecnostnych-udajov\/#breadcrumb","itemListElement":[{"@type":"ListItem","position":1,"name":"F\u0151oldal","item":"https:\/\/www.msds-europe.com\/sk\/"},{"@type":"ListItem","position":2,"name":"Prvky ozna\u010dovania v oddiele 2.2 karty bezpe\u010dnostn\u00fdch \u00fadajov"}]},{"@type":"WebSite","@id":"https:\/\/www.msds-europe.com\/es\/#website","url":"https:\/\/www.msds-europe.com\/es\/","name":"MSDS Europe","description":"","publisher":{"@id":"https:\/\/www.msds-europe.com\/es\/#organization"},"potentialAction":[{"@type":"SearchAction","target":{"@type":"EntryPoint","urlTemplate":"https:\/\/www.msds-europe.com\/es\/?s={search_term_string}"},"query-input":{"@type":"PropertyValueSpecification","valueRequired":true,"valueName":"search_term_string"}}],"inLanguage":"sk-SK"},{"@type":"Organization","@id":"https:\/\/www.msds-europe.com\/es\/#organization","name":"MSDS-Europe International branch of ToxInfo","url":"https:\/\/www.msds-europe.com\/es\/","logo":{"@type":"ImageObject","inLanguage":"sk-SK","@id":"https:\/\/www.msds-europe.com\/es\/#\/schema\/logo\/image\/","url":"https:\/\/www.msds-europe.com\/wp-content\/uploads\/2021\/04\/msds-europe-logo.jpg","contentUrl":"https:\/\/www.msds-europe.com\/wp-content\/uploads\/2021\/04\/msds-europe-logo.jpg","width":2296,"height":1067,"caption":"MSDS-Europe International branch of ToxInfo"},"image":{"@id":"https:\/\/www.msds-europe.com\/es\/#\/schema\/logo\/image\/"},"sameAs":["https:\/\/www.facebook.com\/toxinfokft\/","https:\/\/x.com\/ToxInfoKft"]}]}},"_links":{"self":[{"href":"https:\/\/www.msds-europe.com\/sk\/wp-json\/wp\/v2\/pages\/33892","targetHints":{"allow":["GET"]}}],"collection":[{"href":"https:\/\/www.msds-europe.com\/sk\/wp-json\/wp\/v2\/pages"}],"about":[{"href":"https:\/\/www.msds-europe.com\/sk\/wp-json\/wp\/v2\/types\/page"}],"author":[{"embeddable":true,"href":"https:\/\/www.msds-europe.com\/sk\/wp-json\/wp\/v2\/users\/2"}],"replies":[{"embeddable":true,"href":"https:\/\/www.msds-europe.com\/sk\/wp-json\/wp\/v2\/comments?post=33892"}],"version-history":[{"count":10,"href":"https:\/\/www.msds-europe.com\/sk\/wp-json\/wp\/v2\/pages\/33892\/revisions"}],"predecessor-version":[{"id":37594,"href":"https:\/\/www.msds-europe.com\/sk\/wp-json\/wp\/v2\/pages\/33892\/revisions\/37594"}],"wp:attachment":[{"href":"https:\/\/www.msds-europe.com\/sk\/wp-json\/wp\/v2\/media?parent=33892"}],"wp:term":[{"taxonomy":"post_tag","embeddable":true,"href":"https:\/\/www.msds-europe.com\/sk\/wp-json\/wp\/v2\/tags?post=33892"}],"curies":[{"name":"wp","href":"https:\/\/api.w.org\/{rel}","templated":true}]}}